{"id":11069,"date":"2024-05-20T12:21:45","date_gmt":"2024-05-20T12:21:45","guid":{"rendered":"https:\/\/aveiro.vvr.pt\/?page_id=11069"},"modified":"2025-07-28T15:19:33","modified_gmt":"2025-07-28T15:19:33","slug":"juizos","status":"publish","type":"page","link":"https:\/\/comarcas.csm.org.pt\/acores\/acomarca\/juizos\/","title":{"rendered":"Ju\u00edzos"},"content":{"rendered":"\t\t<div data-elementor-type=\"wp-page\" data-elementor-id=\"11069\" class=\"elementor elementor-11069\" data-elementor-post-type=\"page\">\n\t\t\t\t<div class=\"elementor-element elementor-element-3fc4916 e-flex e-con-boxed e-con e-parent\" data-id=\"3fc4916\" data-element_type=\"container\">\n\t\t\t\t\t<div class=\"e-con-inner\">\n\t\t<div class=\"elementor-element elementor-element-2aa9efb e-con-full e-flex e-con e-child\" data-id=\"2aa9efb\" data-element_type=\"container\">\n\t\t\t\t<div class=\"elementor-element elementor-element-2dfd912 elementor-widget__width-inherit btn100 elementor-widget elementor-widget-button\" data-id=\"2dfd912\" data-element_type=\"widget\" data-widget_type=\"button.default\">\n\t\t\t\t<div class=\"elementor-widget-container\">\n\t\t\t\t\t\t\t\t\t<div class=\"elementor-button-wrapper\">\n\t\t\t\t\t<a class=\"elementor-button elementor-button-link elementor-size-sm\" href=\"https:\/\/comarcas.csm.org.pt\/acores\/acomarca\/juizos\/albe\/\">\n\t\t\t\t\t\t<span class=\"elementor-button-content-wrapper\">\n\t\t\t\t\t\t\t\t\t<span class=\"elementor-button-text\">Angra do Hero\u00edsmo<\/span>\n\t\t\t\t\t<\/span>\n\t\t\t\t\t<\/a>\n\t\t\t\t<\/div>\n\t\t\t\t\t\t\t\t<\/div>\n\t\t\t\t<\/div>\n\t\t\t\t<\/div>\n\t\t<div class=\"elementor-element elementor-element-11a6f40 e-con-full e-flex e-con e-child\" data-id=\"11a6f40\" data-element_type=\"container\">\n\t\t\t\t<div class=\"elementor-element elementor-element-e3fda9c elementor-widget__width-inherit btn100 elementor-widget elementor-widget-button\" data-id=\"e3fda9c\" data-element_type=\"widget\" data-widget_type=\"button.default\">\n\t\t\t\t<div class=\"elementor-widget-container\">\n\t\t\t\t\t\t\t\t\t<div class=\"elementor-button-wrapper\">\n\t\t\t\t\t<a class=\"elementor-button elementor-button-link elementor-size-sm\" href=\"https:\/\/comarcas.csm.org.pt\/acores\/acomarca\/juizos\/horta\/\">\n\t\t\t\t\t\t<span class=\"elementor-button-content-wrapper\">\n\t\t\t\t\t\t\t\t\t<span class=\"elementor-button-text\">Horta<\/span>\n\t\t\t\t\t<\/span>\n\t\t\t\t\t<\/a>\n\t\t\t\t<\/div>\n\t\t\t\t\t\t\t\t<\/div>\n\t\t\t\t<\/div>\n\t\t\t\t<\/div>\n\t\t<div class=\"elementor-element elementor-element-bcc25b0 e-con-full e-flex e-con e-child\" data-id=\"bcc25b0\" data-element_type=\"container\">\n\t\t\t\t<div class=\"elementor-element elementor-element-d74f93e elementor-widget__width-inherit btn100 elementor-widget elementor-widget-button\" data-id=\"d74f93e\" data-element_type=\"widget\" data-widget_type=\"button.default\">\n\t\t\t\t<div class=\"elementor-widget-container\">\n\t\t\t\t\t\t\t\t\t<div class=\"elementor-button-wrapper\">\n\t\t\t\t\t<a class=\"elementor-button elementor-button-link elementor-size-sm\" href=\"https:\/\/comarcas.csm.org.pt\/acores\/acomarca\/juizos\/nordeste\/\">\n\t\t\t\t\t\t<span class=\"elementor-button-content-wrapper\">\n\t\t\t\t\t\t\t\t\t<span class=\"elementor-button-text\">Nordeste<\/span>\n\t\t\t\t\t<\/span>\n\t\t\t\t\t<\/a>\n\t\t\t\t<\/div>\n\t\t\t\t\t\t\t\t<\/div>\n\t\t\t\t<\/div>\n\t\t\t\t<\/div>\n\t\t<div class=\"elementor-element elementor-element-11d5497 e-con-full e-flex e-con e-child\" data-id=\"11d5497\" data-element_type=\"container\">\n\t\t\t\t<div class=\"elementor-element elementor-element-55f1bd0 elementor-widget__width-inherit btn100 elementor-widget elementor-widget-button\" data-id=\"55f1bd0\" data-element_type=\"widget\" data-widget_type=\"button.default\">\n\t\t\t\t<div class=\"elementor-widget-container\">\n\t\t\t\t\t\t\t\t\t<div class=\"elementor-button-wrapper\">\n\t\t\t\t\t<a class=\"elementor-button elementor-button-link elementor-size-sm\" href=\"https:\/\/comarcas.csm.org.pt\/acores\/acomarca\/juizos\/ponta-delgada\/\">\n\t\t\t\t\t\t<span class=\"elementor-button-content-wrapper\">\n\t\t\t\t\t\t\t\t\t<span class=\"elementor-button-text\">Ponta Delgada<\/span>\n\t\t\t\t\t<\/span>\n\t\t\t\t\t<\/a>\n\t\t\t\t<\/div>\n\t\t\t\t\t\t\t\t<\/div>\n\t\t\t\t<\/div>\n\t\t\t\t<\/div>\n\t\t\t\t\t<\/div>\n\t\t\t\t<\/div>\n\t\t<div class=\"elementor-element elementor-element-2df0284 e-flex e-con-boxed e-con e-parent\" data-id=\"2df0284\" data-element_type=\"container\">\n\t\t\t\t\t<div class=\"e-con-inner\">\n\t\t<div class=\"elementor-element elementor-element-99b5554 e-con-full e-flex e-con e-child\" data-id=\"99b5554\" data-element_type=\"container\">\n\t\t\t\t<div class=\"elementor-element elementor-element-9a18358 elementor-widget__width-inherit btn100 elementor-widget elementor-widget-button\" data-id=\"9a18358\" data-element_type=\"widget\" data-widget_type=\"button.default\">\n\t\t\t\t<div class=\"elementor-widget-container\">\n\t\t\t\t\t\t\t\t\t<div class=\"elementor-button-wrapper\">\n\t\t\t\t\t<a class=\"elementor-button elementor-button-link elementor-size-sm\" href=\"https:\/\/comarcas.csm.org.pt\/acores\/acomarca\/juizos\/povoacao\/\">\n\t\t\t\t\t\t<span class=\"elementor-button-content-wrapper\">\n\t\t\t\t\t\t\t\t\t<span class=\"elementor-button-text\">Povoa\u00e7\u00e3o<\/span>\n\t\t\t\t\t<\/span>\n\t\t\t\t\t<\/a>\n\t\t\t\t<\/div>\n\t\t\t\t\t\t\t\t<\/div>\n\t\t\t\t<\/div>\n\t\t\t\t<\/div>\n\t\t<div class=\"elementor-element elementor-element-91f0484 e-con-full e-flex e-con e-child\" data-id=\"91f0484\" data-element_type=\"container\">\n\t\t\t\t<div class=\"elementor-element elementor-element-f6675c4 elementor-widget__width-inherit btn100 elementor-widget elementor-widget-button\" data-id=\"f6675c4\" data-element_type=\"widget\" data-widget_type=\"button.default\">\n\t\t\t\t<div class=\"elementor-widget-container\">\n\t\t\t\t\t\t\t\t\t<div class=\"elementor-button-wrapper\">\n\t\t\t\t\t<a class=\"elementor-button elementor-button-link elementor-size-sm\" href=\"https:\/\/comarcas.csm.org.pt\/acores\/acomarca\/juizos\/praia-da-vitoria\/\">\n\t\t\t\t\t\t<span class=\"elementor-button-content-wrapper\">\n\t\t\t\t\t\t\t\t\t<span class=\"elementor-button-text\">Praia da Vit\u00f3ria<\/span>\n\t\t\t\t\t<\/span>\n\t\t\t\t\t<\/a>\n\t\t\t\t<\/div>\n\t\t\t\t\t\t\t\t<\/div>\n\t\t\t\t<\/div>\n\t\t\t\t<\/div>\n\t\t<div class=\"elementor-element elementor-element-61bff0d e-con-full e-flex e-con e-child\" data-id=\"61bff0d\" data-element_type=\"container\">\n\t\t\t\t<div class=\"elementor-element elementor-element-a512528 elementor-widget__width-inherit btn100 elementor-widget elementor-widget-button\" data-id=\"a512528\" data-element_type=\"widget\" data-widget_type=\"button.default\">\n\t\t\t\t<div class=\"elementor-widget-container\">\n\t\t\t\t\t\t\t\t\t<div class=\"elementor-button-wrapper\">\n\t\t\t\t\t<a class=\"elementor-button elementor-button-link elementor-size-sm\" href=\"https:\/\/comarcas.csm.org.pt\/acores\/acomarca\/juizos\/ribeira-grande\/\">\n\t\t\t\t\t\t<span class=\"elementor-button-content-wrapper\">\n\t\t\t\t\t\t\t\t\t<span class=\"elementor-button-text\">Ribeira Grande<\/span>\n\t\t\t\t\t<\/span>\n\t\t\t\t\t<\/a>\n\t\t\t\t<\/div>\n\t\t\t\t\t\t\t\t<\/div>\n\t\t\t\t<\/div>\n\t\t\t\t<\/div>\n\t\t<div class=\"elementor-element elementor-element-05db11e e-con-full e-flex e-con e-child\" data-id=\"05db11e\" data-element_type=\"container\">\n\t\t\t\t<div class=\"elementor-element elementor-element-21d20d7 elementor-widget__width-inherit btn100 elementor-widget elementor-widget-button\" data-id=\"21d20d7\" data-element_type=\"widget\" data-widget_type=\"button.default\">\n\t\t\t\t<div class=\"elementor-widget-container\">\n\t\t\t\t\t\t\t\t\t<div class=\"elementor-button-wrapper\">\n\t\t\t\t\t<a class=\"elementor-button elementor-button-link elementor-size-sm\" href=\"https:\/\/comarcas.csm.org.pt\/acores\/acomarca\/juizos\/santa-cruz-da-graciosa\/\">\n\t\t\t\t\t\t<span class=\"elementor-button-content-wrapper\">\n\t\t\t\t\t\t\t\t\t<span class=\"elementor-button-text\">Santa Cruz da Graciosa<\/span>\n\t\t\t\t\t<\/span>\n\t\t\t\t\t<\/a>\n\t\t\t\t<\/div>\n\t\t\t\t\t\t\t\t<\/div>\n\t\t\t\t<\/div>\n\t\t\t\t<\/div>\n\t\t\t\t\t<\/div>\n\t\t\t\t<\/div>\n\t\t<div class=\"elementor-element elementor-element-3825f22 e-flex e-con-boxed e-con e-parent\" data-id=\"3825f22\" data-element_type=\"container\">\n\t\t\t\t\t<div class=\"e-con-inner\">\n\t\t<div class=\"elementor-element elementor-element-d1fb681 e-con-full e-flex e-con e-child\" data-id=\"d1fb681\" data-element_type=\"container\">\n\t\t\t\t<div class=\"elementor-element elementor-element-7fc2c2c elementor-widget__width-inherit btn100 elementor-widget elementor-widget-button\" data-id=\"7fc2c2c\" data-element_type=\"widget\" data-widget_type=\"button.default\">\n\t\t\t\t<div class=\"elementor-widget-container\">\n\t\t\t\t\t\t\t\t\t<div class=\"elementor-button-wrapper\">\n\t\t\t\t\t<a class=\"elementor-button elementor-button-link elementor-size-sm\" href=\"https:\/\/comarcas.csm.org.pt\/acores\/acomarca\/juizos\/santa-cruz-das-flores\/\">\n\t\t\t\t\t\t<span class=\"elementor-button-content-wrapper\">\n\t\t\t\t\t\t\t\t\t<span class=\"elementor-button-text\">Santa Cruz das Flores<\/span>\n\t\t\t\t\t<\/span>\n\t\t\t\t\t<\/a>\n\t\t\t\t<\/div>\n\t\t\t\t\t\t\t\t<\/div>\n\t\t\t\t<\/div>\n\t\t\t\t<\/div>\n\t\t<div class=\"elementor-element elementor-element-829a80d e-con-full e-flex e-con e-child\" data-id=\"829a80d\" data-element_type=\"container\">\n\t\t\t\t<div class=\"elementor-element elementor-element-95ef1fe elementor-widget__width-inherit btn100 elementor-widget elementor-widget-button\" data-id=\"95ef1fe\" data-element_type=\"widget\" data-widget_type=\"button.default\">\n\t\t\t\t<div class=\"elementor-widget-container\">\n\t\t\t\t\t\t\t\t\t<div class=\"elementor-button-wrapper\">\n\t\t\t\t\t<a class=\"elementor-button elementor-button-link elementor-size-sm\" href=\"https:\/\/comarcas.csm.org.pt\/acores\/acomarca\/juizos\/sao-roque-do-pico\/\">\n\t\t\t\t\t\t<span class=\"elementor-button-content-wrapper\">\n\t\t\t\t\t\t\t\t\t<span class=\"elementor-button-text\">S\u00e3o Roque do Pico<\/span>\n\t\t\t\t\t<\/span>\n\t\t\t\t\t<\/a>\n\t\t\t\t<\/div>\n\t\t\t\t\t\t\t\t<\/div>\n\t\t\t\t<\/div>\n\t\t\t\t<\/div>\n\t\t<div class=\"elementor-element elementor-element-78aa6a5 e-con-full e-flex e-con e-child\" data-id=\"78aa6a5\" data-element_type=\"container\">\n\t\t\t\t<div class=\"elementor-element elementor-element-65fd3c7 elementor-widget__width-inherit btn100 elementor-widget elementor-widget-button\" data-id=\"65fd3c7\" data-element_type=\"widget\" data-widget_type=\"button.default\">\n\t\t\t\t<div class=\"elementor-widget-container\">\n\t\t\t\t\t\t\t\t\t<div class=\"elementor-button-wrapper\">\n\t\t\t\t\t<a class=\"elementor-button elementor-button-link elementor-size-sm\" href=\"https:\/\/comarcas.csm.org.pt\/acores\/acomarca\/juizos\/velas\/\">\n\t\t\t\t\t\t<span class=\"elementor-button-content-wrapper\">\n\t\t\t\t\t\t\t\t\t<span class=\"elementor-button-text\">Velas<\/span>\n\t\t\t\t\t<\/span>\n\t\t\t\t\t<\/a>\n\t\t\t\t<\/div>\n\t\t\t\t\t\t\t\t<\/div>\n\t\t\t\t<\/div>\n\t\t\t\t<\/div>\n\t\t<div class=\"elementor-element elementor-element-ecc43e2 e-con-full e-flex e-con e-child\" data-id=\"ecc43e2\" data-element_type=\"container\">\n\t\t\t\t<div class=\"elementor-element elementor-element-b22bdb3 elementor-widget__width-inherit btn100 elementor-widget elementor-widget-button\" data-id=\"b22bdb3\" data-element_type=\"widget\" data-widget_type=\"button.default\">\n\t\t\t\t<div class=\"elementor-widget-container\">\n\t\t\t\t\t\t\t\t\t<div class=\"elementor-button-wrapper\">\n\t\t\t\t\t<a class=\"elementor-button elementor-button-link elementor-size-sm\" href=\"https:\/\/comarcas.csm.org.pt\/acores\/acomarca\/juizos\/vila-do-porto\/\">\n\t\t\t\t\t\t<span class=\"elementor-button-content-wrapper\">\n\t\t\t\t\t\t\t\t\t<span class=\"elementor-button-text\">Vila do Porto<\/span>\n\t\t\t\t\t<\/span>\n\t\t\t\t\t<\/a>\n\t\t\t\t<\/div>\n\t\t\t\t\t\t\t\t<\/div>\n\t\t\t\t<\/div>\n\t\t\t\t<\/div>\n\t\t\t\t\t<\/div>\n\t\t\t\t<\/div>\n\t\t<div class=\"elementor-element elementor-element-5c48ec3 e-flex e-con-boxed e-con e-parent\" data-id=\"5c48ec3\" data-element_type=\"container\">\n\t\t\t\t\t<div class=\"e-con-inner\">\n\t\t<div class=\"elementor-element elementor-element-dffd7da e-con-full e-flex e-con e-child\" data-id=\"dffd7da\" data-element_type=\"container\">\n\t\t\t\t<div class=\"elementor-element elementor-element-ec90410 elementor-widget__width-inherit btn100 elementor-widget elementor-widget-button\" data-id=\"ec90410\" data-element_type=\"widget\" data-widget_type=\"button.default\">\n\t\t\t\t<div class=\"elementor-widget-container\">\n\t\t\t\t\t\t\t\t\t<div class=\"elementor-button-wrapper\">\n\t\t\t\t\t<a class=\"elementor-button elementor-button-link elementor-size-sm\" href=\"https:\/\/comarcas.csm.org.pt\/acores\/acomarca\/juizos\/vila-franca-do-campo\/\">\n\t\t\t\t\t\t<span class=\"elementor-button-content-wrapper\">\n\t\t\t\t\t\t\t\t\t<span class=\"elementor-button-text\">Vila Franca do Campo<\/span>\n\t\t\t\t\t<\/span>\n\t\t\t\t\t<\/a>\n\t\t\t\t<\/div>\n\t\t\t\t\t\t\t\t<\/div>\n\t\t\t\t<\/div>\n\t\t\t\t<\/div>\n\t\t<div class=\"elementor-element elementor-element-5f2181b e-con-full e-flex e-con e-child\" data-id=\"5f2181b\" data-element_type=\"container\">\n\t\t\t\t<div class=\"elementor-element elementor-element-7e364e4 elementor-widget__width-inherit btn100 elementor-widget elementor-widget-button\" data-id=\"7e364e4\" data-element_type=\"widget\" data-widget_type=\"button.default\">\n\t\t\t\t<div class=\"elementor-widget-container\">\n\t\t\t\t\t\t\t\t\t<div class=\"elementor-button-wrapper\">\n\t\t\t\t\t<a class=\"elementor-button elementor-button-link elementor-size-sm\" href=\"https:\/\/comarcas.csm.org.pt\/acores\/acomarca\/juizos\/tribunal-de-execucao-de-penas-dos-acores\/\">\n\t\t\t\t\t\t<span class=\"elementor-button-content-wrapper\">\n\t\t\t\t\t\t\t\t\t<span class=\"elementor-button-text\">Tribunal de Execu\u00e7\u00e3o de Penas dos A\u00e7ores<\/span>\n\t\t\t\t\t<\/span>\n\t\t\t\t\t<\/a>\n\t\t\t\t<\/div>\n\t\t\t\t\t\t\t\t<\/div>\n\t\t\t\t<\/div>\n\t\t\t\t<\/div>\n\t\t<div class=\"elementor-element elementor-element-3131316 e-con-full e-flex e-con e-child\" data-id=\"3131316\" data-element_type=\"container\">\n\t\t\t\t<\/div>\n\t\t<div class=\"elementor-element elementor-element-29808a8 e-con-full e-flex e-con e-child\" data-id=\"29808a8\" data-element_type=\"container\">\n\t\t\t\t<\/div>\n\t\t\t\t\t<\/div>\n\t\t\t\t<\/div>\n\t\t\t\t<\/div>\n\t\t","protected":false},"excerpt":{"rendered":"<p>Angra do Hero\u00edsmo Horta Nordeste Ponta Delgada Povoa\u00e7\u00e3o Praia da Vit\u00f3ria Ribeira Grande Santa Cruz da Graciosa Santa Cruz das Flores S\u00e3o Roque do Pico Velas Vila do Porto Vila Franca do Campo Tribunal de Execu\u00e7\u00e3o de Penas dos A\u00e7ores<\/p>\n","protected":false},"author":1,"featured_media":0,"parent":2242,"menu_order":0,"comment_status":"closed","ping_status":"closed","template":"","meta":{"_tbt_post_transparent":"","_tbt_post_title":"","_tbt_post_layout":"default","_tbt_post_sidebar_id":"","_tbt_post_content_style":"","_tbt_post_vertical_padding":"","_tbt_post_feature":"","_tbt_post_feature_position":"","_tbt_post_header":false,"_tbt_post_footer":false},"class_list":["post-11069","page","type-page","status-publish","hentry"],"yoast_head":"<!-- This site is optimized with the Yoast SEO plugin v25.6 - https:\/\/yoast.com\/wordpress\/plugins\/seo\/ -->\n<title>Ju\u00edzos - Tribunal Judicial da Comarca de A\u00e7ores<\/title>\n<meta name=\"robots\" content=\"index, follow, max-snippet:-1, max-image-preview:large, max-video-preview:-1\" \/>\n<link rel=\"canonical\" href=\"https:\/\/comarcas.csm.org.pt\/acores\/acomarca\/juizos\/\" \/>\n<meta property=\"og:locale\" content=\"pt_PT\" \/>\n<meta property=\"og:type\" content=\"article\" \/>\n<meta property=\"og:title\" content=\"Ju\u00edzos - Tribunal Judicial da Comarca de A\u00e7ores\" \/>\n<meta property=\"og:description\" content=\"Angra do Hero\u00edsmo Horta Nordeste Ponta Delgada Povoa\u00e7\u00e3o Praia da Vit\u00f3ria Ribeira Grande Santa Cruz da Graciosa Santa Cruz das Flores S\u00e3o Roque do Pico Velas Vila do Porto Vila Franca do Campo Tribunal de Execu\u00e7\u00e3o de Penas dos A\u00e7ores\" \/>\n<meta property=\"og:url\" content=\"https:\/\/comarcas.csm.org.pt\/acores\/acomarca\/juizos\/\" \/>\n<meta property=\"og:site_name\" content=\"Tribunal Judicial da Comarca de A\u00e7ores\" \/>\n<meta property=\"article:modified_time\" content=\"2025-07-28T15:19:33+00:00\" \/>\n<meta name=\"twitter:card\" content=\"summary_large_image\" \/>\n<script type=\"application\/ld+json\" class=\"yoast-schema-graph\">{\"@context\":\"https:\/\/schema.org\",\"@graph\":[{\"@type\":\"WebPage\",\"@id\":\"https:\/\/comarcas.csm.org.pt\/acores\/acomarca\/juizos\/\",\"url\":\"https:\/\/comarcas.csm.org.pt\/acores\/acomarca\/juizos\/\",\"name\":\"Ju\u00edzos - Tribunal Judicial da Comarca de A\u00e7ores\",\"isPartOf\":{\"@id\":\"https:\/\/comarcas.csm.org.pt\/acores\/#website\"},\"datePublished\":\"2024-05-20T12:21:45+00:00\",\"dateModified\":\"2025-07-28T15:19:33+00:00\",\"breadcrumb\":{\"@id\":\"https:\/\/comarcas.csm.org.pt\/acores\/acomarca\/juizos\/#breadcrumb\"},\"inLanguage\":\"pt-PT\",\"potentialAction\":[{\"@type\":\"ReadAction\",\"target\":[\"https:\/\/comarcas.csm.org.pt\/acores\/acomarca\/juizos\/\"]}]},{\"@type\":\"BreadcrumbList\",\"@id\":\"https:\/\/comarcas.csm.org.pt\/acores\/acomarca\/juizos\/#breadcrumb\",\"itemListElement\":[{\"@type\":\"ListItem\",\"position\":1,\"name\":\"In\u00edcio\",\"item\":\"https:\/\/comarcas.csm.org.pt\/acores\/\"},{\"@type\":\"ListItem\",\"position\":2,\"name\":\"A Comarca\",\"item\":\"https:\/\/comarcas.csm.org.pt\/acores\/acomarca\/\"},{\"@type\":\"ListItem\",\"position\":3,\"name\":\"Ju\u00edzos\"}]},{\"@type\":\"WebSite\",\"@id\":\"https:\/\/comarcas.csm.org.pt\/acores\/#website\",\"url\":\"https:\/\/comarcas.csm.org.pt\/acores\/\",\"name\":\"Tribunal Judicial da Comarca de A\u00e7ores\",\"description\":\"Tribunal Judicial da Comarca de Aveiro\",\"publisher\":{\"@id\":\"https:\/\/comarcas.csm.org.pt\/acores\/#organization\"},\"potentialAction\":[{\"@type\":\"SearchAction\",\"target\":{\"@type\":\"EntryPoint\",\"urlTemplate\":\"https:\/\/comarcas.csm.org.pt\/acores\/?s={search_term_string}\"},\"query-input\":{\"@type\":\"PropertyValueSpecification\",\"valueRequired\":true,\"valueName\":\"search_term_string\"}}],\"inLanguage\":\"pt-PT\"},{\"@type\":\"Organization\",\"@id\":\"https:\/\/comarcas.csm.org.pt\/acores\/#organization\",\"name\":\"Tribunal Judicial da Comarca de A\u00e7ores\",\"url\":\"https:\/\/comarcas.csm.org.pt\/acores\/\",\"logo\":{\"@type\":\"ImageObject\",\"inLanguage\":\"pt-PT\",\"@id\":\"https:\/\/comarcas.csm.org.pt\/acores\/#\/schema\/logo\/image\/\",\"url\":\"https:\/\/comarcas.csm.org.pt\/acores\/wp-content\/uploads\/sites\/20\/2024\/11\/Ac\u2560oores_positivo-horizontal.png\",\"contentUrl\":\"https:\/\/comarcas.csm.org.pt\/acores\/wp-content\/uploads\/sites\/20\/2024\/11\/Ac\u2560oores_positivo-horizontal.png\",\"width\":5449,\"height\":890,\"caption\":\"Tribunal Judicial da Comarca de A\u00e7ores\"},\"image\":{\"@id\":\"https:\/\/comarcas.csm.org.pt\/acores\/#\/schema\/logo\/image\/\"}}]}<\/script>\n<!-- \/ Yoast SEO plugin. -->","yoast_head_json":{"title":"Ju\u00edzos - Tribunal Judicial da Comarca de A\u00e7ores","robots":{"index":"index","follow":"follow","max-snippet":"max-snippet:-1","max-image-preview":"max-image-preview:large","max-video-preview":"max-video-preview:-1"},"canonical":"https:\/\/comarcas.csm.org.pt\/acores\/acomarca\/juizos\/","og_locale":"pt_PT","og_type":"article","og_title":"Ju\u00edzos - Tribunal Judicial da Comarca de A\u00e7ores","og_description":"Angra do Hero\u00edsmo Horta Nordeste Ponta Delgada Povoa\u00e7\u00e3o Praia da Vit\u00f3ria Ribeira Grande Santa Cruz da Graciosa Santa Cruz das Flores S\u00e3o Roque do Pico Velas Vila do Porto Vila Franca do Campo Tribunal de Execu\u00e7\u00e3o de Penas dos A\u00e7ores","og_url":"https:\/\/comarcas.csm.org.pt\/acores\/acomarca\/juizos\/","og_site_name":"Tribunal Judicial da Comarca de A\u00e7ores","article_modified_time":"2025-07-28T15:19:33+00:00","twitter_card":"summary_large_image","schema":{"@context":"https:\/\/schema.org","@graph":[{"@type":"WebPage","@id":"https:\/\/comarcas.csm.org.pt\/acores\/acomarca\/juizos\/","url":"https:\/\/comarcas.csm.org.pt\/acores\/acomarca\/juizos\/","name":"Ju\u00edzos - Tribunal Judicial da Comarca de A\u00e7ores","isPartOf":{"@id":"https:\/\/comarcas.csm.org.pt\/acores\/#website"},"datePublished":"2024-05-20T12:21:45+00:00","dateModified":"2025-07-28T15:19:33+00:00","breadcrumb":{"@id":"https:\/\/comarcas.csm.org.pt\/acores\/acomarca\/juizos\/#breadcrumb"},"inLanguage":"pt-PT","potentialAction":[{"@type":"ReadAction","target":["https:\/\/comarcas.csm.org.pt\/acores\/acomarca\/juizos\/"]}]},{"@type":"BreadcrumbList","@id":"https:\/\/comarcas.csm.org.pt\/acores\/acomarca\/juizos\/#breadcrumb","itemListElement":[{"@type":"ListItem","position":1,"name":"In\u00edcio","item":"https:\/\/comarcas.csm.org.pt\/acores\/"},{"@type":"ListItem","position":2,"name":"A Comarca","item":"https:\/\/comarcas.csm.org.pt\/acores\/acomarca\/"},{"@type":"ListItem","position":3,"name":"Ju\u00edzos"}]},{"@type":"WebSite","@id":"https:\/\/comarcas.csm.org.pt\/acores\/#website","url":"https:\/\/comarcas.csm.org.pt\/acores\/","name":"Tribunal Judicial da Comarca de A\u00e7ores","description":"Tribunal Judicial da Comarca de Aveiro","publisher":{"@id":"https:\/\/comarcas.csm.org.pt\/acores\/#organization"},"potentialAction":[{"@type":"SearchAction","target":{"@type":"EntryPoint","urlTemplate":"https:\/\/comarcas.csm.org.pt\/acores\/?s={search_term_string}"},"query-input":{"@type":"PropertyValueSpecification","valueRequired":true,"valueName":"search_term_string"}}],"inLanguage":"pt-PT"},{"@type":"Organization","@id":"https:\/\/comarcas.csm.org.pt\/acores\/#organization","name":"Tribunal Judicial da Comarca de A\u00e7ores","url":"https:\/\/comarcas.csm.org.pt\/acores\/","logo":{"@type":"ImageObject","inLanguage":"pt-PT","@id":"https:\/\/comarcas.csm.org.pt\/acores\/#\/schema\/logo\/image\/","url":"https:\/\/comarcas.csm.org.pt\/acores\/wp-content\/uploads\/sites\/20\/2024\/11\/Ac\u2560oores_positivo-horizontal.png","contentUrl":"https:\/\/comarcas.csm.org.pt\/acores\/wp-content\/uploads\/sites\/20\/2024\/11\/Ac\u2560oores_positivo-horizontal.png","width":5449,"height":890,"caption":"Tribunal Judicial da Comarca de A\u00e7ores"},"image":{"@id":"https:\/\/comarcas.csm.org.pt\/acores\/#\/schema\/logo\/image\/"}}]}},"_links":{"self":[{"href":"https:\/\/comarcas.csm.org.pt\/acores\/wp-json\/wp\/v2\/pages\/11069","targetHints":{"allow":["GET"]}}],"collection":[{"href":"https:\/\/comarcas.csm.org.pt\/acores\/wp-json\/wp\/v2\/pages"}],"about":[{"href":"https:\/\/comarcas.csm.org.pt\/acores\/wp-json\/wp\/v2\/types\/page"}],"author":[{"embeddable":true,"href":"https:\/\/comarcas.csm.org.pt\/acores\/wp-json\/wp\/v2\/users\/1"}],"replies":[{"embeddable":true,"href":"https:\/\/comarcas.csm.org.pt\/acores\/wp-json\/wp\/v2\/comments?post=11069"}],"version-history":[{"count":196,"href":"https:\/\/comarcas.csm.org.pt\/acores\/wp-json\/wp\/v2\/pages\/11069\/revisions"}],"predecessor-version":[{"id":12498,"href":"https:\/\/comarcas.csm.org.pt\/acores\/wp-json\/wp\/v2\/pages\/11069\/revisions\/12498"}],"up":[{"embeddable":true,"href":"https:\/\/comarcas.csm.org.pt\/acores\/wp-json\/wp\/v2\/pages\/2242"}],"wp:attachment":[{"href":"https:\/\/comarcas.csm.org.pt\/acores\/wp-json\/wp\/v2\/media?parent=11069"}],"curies":[{"name":"wp","href":"https:\/\/api.w.org\/{rel}","templated":true}]}}