{"id":12081,"date":"2025-06-17T12:06:14","date_gmt":"2025-06-17T12:06:14","guid":{"rendered":"https:\/\/comarcas.csm.org.pt\/acores\/?page_id=12081"},"modified":"2025-06-17T15:03:30","modified_gmt":"2025-06-17T15:03:30","slug":"praia-da-vitoria","status":"publish","type":"page","link":"https:\/\/comarcas.csm.org.pt\/acores\/acomarca\/juizos\/praia-da-vitoria\/","title":{"rendered":"Praia da Vit\u00f3ria"},"content":{"rendered":"\t\t<div data-elementor-type=\"wp-page\" data-elementor-id=\"12081\" class=\"elementor elementor-12081\" data-elementor-post-type=\"page\">\n\t\t\t\t<div class=\"elementor-element elementor-element-9a4155d e-flex e-con-boxed e-con e-parent\" data-id=\"9a4155d\" data-element_type=\"container\">\n\t\t\t\t\t<div class=\"e-con-inner\">\n\t\t<div class=\"elementor-element elementor-element-fe833da e-con-full e-flex e-con e-child\" data-id=\"fe833da\" data-element_type=\"container\">\n\t\t\t\t<div class=\"elementor-element elementor-element-812f9db elementor-widget elementor-widget-heading\" data-id=\"812f9db\" data-element_type=\"widget\" data-widget_type=\"heading.default\">\n\t\t\t\t<div class=\"elementor-widget-container\">\n\t\t\t\t\t<h4 class=\"elementor-heading-title elementor-size-default\">Ju\u00edzo Compet\u00eancia Gen\u00e9rica da Praia da Vit\u00f3ria<\/h4>\t\t\t\t<\/div>\n\t\t\t\t<\/div>\n\t\t\t\t<\/div>\n\t\t<div class=\"elementor-element elementor-element-c702faa e-con-full e-flex e-con e-child\" data-id=\"c702faa\" data-element_type=\"container\">\n\t\t\t\t<div class=\"elementor-element elementor-element-c8c8689 elementor-widget elementor-widget-icon-box\" data-id=\"c8c8689\" data-element_type=\"widget\" data-widget_type=\"icon-box.default\">\n\t\t\t\t<div class=\"elementor-widget-container\">\n\t\t\t\t\t\t\t<div class=\"elementor-icon-box-wrapper\">\n\n\t\t\t\n\t\t\t\t\t\t<div class=\"elementor-icon-box-content\">\n\n\t\t\t\t\t\t\t\t\t<h6 class=\"elementor-icon-box-title\">\n\t\t\t\t\t\t<span  >\n\t\t\t\t\t\t\tCompet\u00eancia Territorial:\t\t\t\t\t\t<\/span>\n\t\t\t\t\t<\/h6>\n\t\t\t\t\n\t\t\t\t\t\t\t\t\t<p class=\"elementor-icon-box-description\">\n\t\t\t\t\t\tPraia da Vit\u00f3ria\t\t\t\t\t<\/p>\n\t\t\t\t\n\t\t\t<\/div>\n\t\t\t\n\t\t<\/div>\n\t\t\t\t\t\t<\/div>\n\t\t\t\t<\/div>\n\t\t\t\t<div class=\"elementor-element elementor-element-732bcc9 elementor-widget elementor-widget-icon-box\" data-id=\"732bcc9\" data-element_type=\"widget\" data-widget_type=\"icon-box.default\">\n\t\t\t\t<div class=\"elementor-widget-container\">\n\t\t\t\t\t\t\t<div class=\"elementor-icon-box-wrapper\">\n\n\t\t\t\n\t\t\t\t\t\t<div class=\"elementor-icon-box-content\">\n\n\t\t\t\t\t\t\t\t\t<h6 class=\"elementor-icon-box-title\">\n\t\t\t\t\t\t<span  >\n\t\t\t\t\t\t\tContactos:\t\t\t\t\t\t<\/span>\n\t\t\t\t\t<\/h6>\n\t\t\t\t\n\t\t\t\t\t\t\t\t\t<p class=\"elementor-icon-box-description\">\n\t\t\t\t\t\tTelefone: 295540360\n\nFax: 295093519\n\nemail: praiav.judicial@tribunais.org.pt\t\t\t\t\t<\/p>\n\t\t\t\t\n\t\t\t<\/div>\n\t\t\t\n\t\t<\/div>\n\t\t\t\t\t\t<\/div>\n\t\t\t\t<\/div>\n\t\t\t\t<div class=\"elementor-element elementor-element-d1d2a2d elementor-widget elementor-widget-icon-box\" data-id=\"d1d2a2d\" data-element_type=\"widget\" data-widget_type=\"icon-box.default\">\n\t\t\t\t<div class=\"elementor-widget-container\">\n\t\t\t\t\t\t\t<div class=\"elementor-icon-box-wrapper\">\n\n\t\t\t\n\t\t\t\t\t\t<div class=\"elementor-icon-box-content\">\n\n\t\t\t\t\t\t\t\t\t<h6 class=\"elementor-icon-box-title\">\n\t\t\t\t\t\t<span  >\n\t\t\t\t\t\t\tMorada:\t\t\t\t\t\t<\/span>\n\t\t\t\t\t<\/h6>\n\t\t\t\t\n\t\t\t\t\t\t\t\t\t<p class=\"elementor-icon-box-description\">\n\t\t\t\t\t\tPal\u00e1cio da Justi\u00e7a - Largo do Conde da Praia da Vit\u00f3ria - 9760-438 Praia da Vit\u00f3ria\t\t\t\t\t<\/p>\n\t\t\t\t\n\t\t\t<\/div>\n\t\t\t\n\t\t<\/div>\n\t\t\t\t\t\t<\/div>\n\t\t\t\t<\/div>\n\t\t\t\t<\/div>\n\t\t<div class=\"elementor-element elementor-element-1d0e5d6 e-con-full e-flex e-con e-child\" data-id=\"1d0e5d6\" data-element_type=\"container\">\n\t\t\t\t<div class=\"elementor-element elementor-element-3fc6d13 elementor-widget elementor-widget-google_maps\" data-id=\"3fc6d13\" data-element_type=\"widget\" data-widget_type=\"google_maps.default\">\n\t\t\t\t<div class=\"elementor-widget-container\">\n\t\t\t\t\t\t\t<div class=\"elementor-custom-embed\">\n\t\t\t<iframe loading=\"lazy\"\n\t\t\t\t\tsrc=\"https:\/\/www.google.com\/maps\/embed\/v1\/place?key=AIzaSyDhSoLeftGxfg7Tvco7SEUCY-Cc_XLDY3c&#038;q=Largo%20do%20Conde%20da%20Praia%20da%20Vit%C3%B3ria%20-%209760-438%20Praia%20da%20Vit%C3%B3ria&#038;zoom=15\"\n\t\t\t\t\ttitle=\"Largo do Conde da Praia da Vit\u00f3ria - 9760-438 Praia da Vit\u00f3ria\"\n\t\t\t\t\taria-label=\"Largo do Conde da Praia da Vit\u00f3ria - 9760-438 Praia da Vit\u00f3ria\"\n\t\t\t><\/iframe>\n\t\t<\/div>\n\t\t\t\t\t\t<\/div>\n\t\t\t\t<\/div>\n\t\t\t\t<\/div>\n\t\t\t\t\t<\/div>\n\t\t\t\t<\/div>\n\t\t<div class=\"elementor-element elementor-element-8e7b53d e-flex e-con-boxed e-con e-parent\" data-id=\"8e7b53d\" data-element_type=\"container\">\n\t\t\t\t\t<div class=\"e-con-inner\">\n\t\t\t\t<div class=\"elementor-element elementor-element-a498782 elementor-widget elementor-widget-spacer\" data-id=\"a498782\" data-element_type=\"widget\" data-widget_type=\"spacer.default\">\n\t\t\t\t<div class=\"elementor-widget-container\">\n\t\t\t\t\t\t\t<div class=\"elementor-spacer\">\n\t\t\t<div class=\"elementor-spacer-inner\"><\/div>\n\t\t<\/div>\n\t\t\t\t\t\t<\/div>\n\t\t\t\t<\/div>\n\t\t\t\t\t<\/div>\n\t\t\t\t<\/div>\n\t\t<div class=\"elementor-element elementor-element-68bd15a e-flex e-con-boxed e-con e-parent\" data-id=\"68bd15a\" data-element_type=\"container\">\n\t\t\t\t\t<div class=\"e-con-inner\">\n\t\t<div class=\"elementor-element elementor-element-3a185af e-con-full e-flex e-con e-child\" data-id=\"3a185af\" data-element_type=\"container\">\n\t\t\t\t<div class=\"elementor-element elementor-element-6d09287 elementor-widget elementor-widget-heading\" data-id=\"6d09287\" data-element_type=\"widget\" data-widget_type=\"heading.default\">\n\t\t\t\t<div class=\"elementor-widget-container\">\n\t\t\t\t\t<h4 class=\"elementor-heading-title elementor-size-default\">Ju\u00edzo Misto de Fam\u00edlia, Menores e do Trabalho da Praia da Vit\u00f3ria<\/h4>\t\t\t\t<\/div>\n\t\t\t\t<\/div>\n\t\t\t\t<\/div>\n\t\t<div class=\"elementor-element elementor-element-a1fda1e e-con-full e-flex e-con e-child\" data-id=\"a1fda1e\" data-element_type=\"container\">\n\t\t\t\t<div class=\"elementor-element elementor-element-65ce1d5 elementor-widget elementor-widget-icon-box\" data-id=\"65ce1d5\" data-element_type=\"widget\" data-widget_type=\"icon-box.default\">\n\t\t\t\t<div class=\"elementor-widget-container\">\n\t\t\t\t\t\t\t<div class=\"elementor-icon-box-wrapper\">\n\n\t\t\t\n\t\t\t\t\t\t<div class=\"elementor-icon-box-content\">\n\n\t\t\t\t\t\t\t\t\t<h6 class=\"elementor-icon-box-title\">\n\t\t\t\t\t\t<span  >\n\t\t\t\t\t\t\tCompet\u00eancia Territorial:\t\t\t\t\t\t<\/span>\n\t\t\t\t\t<\/h6>\n\t\t\t\t\n\t\t\t\t\t\t\t\t\t<p class=\"elementor-icon-box-description\">\n\t\t\t\t\t\tIlha Terceira\t\t\t\t\t<\/p>\n\t\t\t\t\n\t\t\t<\/div>\n\t\t\t\n\t\t<\/div>\n\t\t\t\t\t\t<\/div>\n\t\t\t\t<\/div>\n\t\t\t\t<div class=\"elementor-element elementor-element-9b9e38b elementor-widget elementor-widget-icon-box\" data-id=\"9b9e38b\" data-element_type=\"widget\" data-widget_type=\"icon-box.default\">\n\t\t\t\t<div class=\"elementor-widget-container\">\n\t\t\t\t\t\t\t<div class=\"elementor-icon-box-wrapper\">\n\n\t\t\t\n\t\t\t\t\t\t<div class=\"elementor-icon-box-content\">\n\n\t\t\t\t\t\t\t\t\t<h6 class=\"elementor-icon-box-title\">\n\t\t\t\t\t\t<span  >\n\t\t\t\t\t\t\tMorada:\t\t\t\t\t\t<\/span>\n\t\t\t\t\t<\/h6>\n\t\t\t\t\n\t\t\t\t\t\t\t\t\t<p class=\"elementor-icon-box-description\">\n\t\t\t\t\t\tPal\u00e1cio da Justi\u00e7a - Largo do Conde da Praia da Vit\u00f3ria - 9760-438 Praia da Vit\u00f3ria\t\t\t\t\t<\/p>\n\t\t\t\t\n\t\t\t<\/div>\n\t\t\t\n\t\t<\/div>\n\t\t\t\t\t\t<\/div>\n\t\t\t\t<\/div>\n\t\t\t\t<div class=\"elementor-element elementor-element-3186f19 elementor-widget elementor-widget-icon-box\" data-id=\"3186f19\" data-element_type=\"widget\" data-widget_type=\"icon-box.default\">\n\t\t\t\t<div class=\"elementor-widget-container\">\n\t\t\t\t\t\t\t<div class=\"elementor-icon-box-wrapper\">\n\n\t\t\t\n\t\t\t\t\t\t<div class=\"elementor-icon-box-content\">\n\n\t\t\t\t\t\t\t\t\t<h6 class=\"elementor-icon-box-title\">\n\t\t\t\t\t\t<span  >\n\t\t\t\t\t\t\tContactos:\t\t\t\t\t\t<\/span>\n\t\t\t\t\t<\/h6>\n\t\t\t\t\n\t\t\t\t\t\t\t\t\t<p class=\"elementor-icon-box-description\">\n\t\t\t\t\t\tTelefone: 295540360\n\nFax: 295093519\n\nemail: praiav.judicial@tribunais.org.pt\t\t\t\t\t<\/p>\n\t\t\t\t\n\t\t\t<\/div>\n\t\t\t\n\t\t<\/div>\n\t\t\t\t\t\t<\/div>\n\t\t\t\t<\/div>\n\t\t\t\t<\/div>\n\t\t<div class=\"elementor-element elementor-element-06b9475 e-con-full e-flex e-con e-child\" data-id=\"06b9475\" data-element_type=\"container\">\n\t\t\t\t<div class=\"elementor-element elementor-element-fecaa39 elementor-widget elementor-widget-google_maps\" data-id=\"fecaa39\" data-element_type=\"widget\" data-widget_type=\"google_maps.default\">\n\t\t\t\t<div class=\"elementor-widget-container\">\n\t\t\t\t\t\t\t<div class=\"elementor-custom-embed\">\n\t\t\t<iframe loading=\"lazy\"\n\t\t\t\t\tsrc=\"https:\/\/www.google.com\/maps\/embed\/v1\/place?key=AIzaSyDhSoLeftGxfg7Tvco7SEUCY-Cc_XLDY3c&#038;q=Largo%20do%20Conde%20da%20Praia%20da%20Vit%C3%B3ria%20-%209760-438%20Praia%20da%20Vit%C3%B3ria&#038;zoom=15\"\n\t\t\t\t\ttitle=\"Largo do Conde da Praia da Vit\u00f3ria - 9760-438 Praia da Vit\u00f3ria\"\n\t\t\t\t\taria-label=\"Largo do Conde da Praia da Vit\u00f3ria - 9760-438 Praia da Vit\u00f3ria\"\n\t\t\t><\/iframe>\n\t\t<\/div>\n\t\t\t\t\t\t<\/div>\n\t\t\t\t<\/div>\n\t\t\t\t<\/div>\n\t\t\t\t\t<\/div>\n\t\t\t\t<\/div>\n\t\t<div class=\"elementor-element elementor-element-84c2d58 e-flex e-con-boxed e-con e-parent\" data-id=\"84c2d58\" data-element_type=\"container\">\n\t\t\t\t\t<div class=\"e-con-inner\">\n\t\t\t\t<div class=\"elementor-element elementor-element-32f36c2 elementor-widget elementor-widget-spacer\" data-id=\"32f36c2\" data-element_type=\"widget\" data-widget_type=\"spacer.default\">\n\t\t\t\t<div class=\"elementor-widget-container\">\n\t\t\t\t\t\t\t<div class=\"elementor-spacer\">\n\t\t\t<div class=\"elementor-spacer-inner\"><\/div>\n\t\t<\/div>\n\t\t\t\t\t\t<\/div>\n\t\t\t\t<\/div>\n\t\t\t\t\t<\/div>\n\t\t\t\t<\/div>\n\t\t\t\t<\/div>\n\t\t","protected":false},"excerpt":{"rendered":"<p>Ju\u00edzo Compet\u00eancia Gen\u00e9rica da Praia da Vit\u00f3ria Compet\u00eancia Territorial: Praia da Vit\u00f3ria Contactos: Telefone: 295540360 Fax: 295093519 email: praiav.judicial@tribunais.org.pt Morada: Pal\u00e1cio da Justi\u00e7a &#8211; Largo do Conde da Praia da Vit\u00f3ria &#8211; 9760-438 Praia da Vit\u00f3ria Ju\u00edzo Misto de Fam\u00edlia, Menores e do Trabalho da Praia da Vit\u00f3ria Compet\u00eancia Territorial: Ilha Terceira Morada: Pal\u00e1cio da&#8230;<\/p>\n","protected":false},"author":20,"featured_media":0,"parent":11069,"menu_order":0,"comment_status":"closed","ping_status":"closed","template":"","meta":{"_tbt_post_transparent":"","_tbt_post_title":"","_tbt_post_layout":"default","_tbt_post_sidebar_id":"","_tbt_post_content_style":"","_tbt_post_vertical_padding":"","_tbt_post_feature":"","_tbt_post_feature_position":"","_tbt_post_header":false,"_tbt_post_footer":false},"class_list":["post-12081","page","type-page","status-publish","hentry"],"yoast_head":"<!-- This site is optimized with the Yoast SEO plugin v25.6 - https:\/\/yoast.com\/wordpress\/plugins\/seo\/ -->\n<title>Praia da Vit\u00f3ria - Tribunal Judicial da Comarca de A\u00e7ores<\/title>\n<meta name=\"robots\" content=\"index, follow, max-snippet:-1, max-image-preview:large, max-video-preview:-1\" \/>\n<link rel=\"canonical\" href=\"https:\/\/comarcas.csm.org.pt\/acores\/acomarca\/juizos\/praia-da-vitoria\/\" \/>\n<meta property=\"og:locale\" content=\"pt_PT\" \/>\n<meta property=\"og:type\" content=\"article\" \/>\n<meta property=\"og:title\" content=\"Praia da Vit\u00f3ria - Tribunal Judicial da Comarca de A\u00e7ores\" \/>\n<meta property=\"og:description\" content=\"Ju\u00edzo Compet\u00eancia Gen\u00e9rica da Praia da Vit\u00f3ria Compet\u00eancia Territorial: Praia da Vit\u00f3ria Contactos: Telefone: 295540360 Fax: 295093519 email: praiav.judicial@tribunais.org.pt Morada: Pal\u00e1cio da Justi\u00e7a &#8211; Largo do Conde da Praia da Vit\u00f3ria &#8211; 9760-438 Praia da Vit\u00f3ria Ju\u00edzo Misto de Fam\u00edlia, Menores e do Trabalho da Praia da Vit\u00f3ria Compet\u00eancia Territorial: Ilha Terceira Morada: Pal\u00e1cio da...\" \/>\n<meta property=\"og:url\" content=\"https:\/\/comarcas.csm.org.pt\/acores\/acomarca\/juizos\/praia-da-vitoria\/\" \/>\n<meta property=\"og:site_name\" content=\"Tribunal Judicial da Comarca de A\u00e7ores\" \/>\n<meta property=\"article:modified_time\" content=\"2025-06-17T15:03:30+00:00\" \/>\n<meta name=\"twitter:card\" content=\"summary_large_image\" \/>\n<meta name=\"twitter:label1\" content=\"Tempo estimado de leitura\" \/>\n\t<meta name=\"twitter:data1\" content=\"1 minuto\" \/>\n<script type=\"application\/ld+json\" class=\"yoast-schema-graph\">{\"@context\":\"https:\/\/schema.org\",\"@graph\":[{\"@type\":\"WebPage\",\"@id\":\"https:\/\/comarcas.csm.org.pt\/acores\/acomarca\/juizos\/praia-da-vitoria\/\",\"url\":\"https:\/\/comarcas.csm.org.pt\/acores\/acomarca\/juizos\/praia-da-vitoria\/\",\"name\":\"Praia da Vit\u00f3ria - Tribunal Judicial da Comarca de A\u00e7ores\",\"isPartOf\":{\"@id\":\"https:\/\/comarcas.csm.org.pt\/acores\/#website\"},\"datePublished\":\"2025-06-17T12:06:14+00:00\",\"dateModified\":\"2025-06-17T15:03:30+00:00\",\"breadcrumb\":{\"@id\":\"https:\/\/comarcas.csm.org.pt\/acores\/acomarca\/juizos\/praia-da-vitoria\/#breadcrumb\"},\"inLanguage\":\"pt-PT\",\"potentialAction\":[{\"@type\":\"ReadAction\",\"target\":[\"https:\/\/comarcas.csm.org.pt\/acores\/acomarca\/juizos\/praia-da-vitoria\/\"]}]},{\"@type\":\"BreadcrumbList\",\"@id\":\"https:\/\/comarcas.csm.org.pt\/acores\/acomarca\/juizos\/praia-da-vitoria\/#breadcrumb\",\"itemListElement\":[{\"@type\":\"ListItem\",\"position\":1,\"name\":\"In\u00edcio\",\"item\":\"https:\/\/comarcas.csm.org.pt\/acores\/\"},{\"@type\":\"ListItem\",\"position\":2,\"name\":\"A Comarca\",\"item\":\"https:\/\/comarcas.csm.org.pt\/acores\/acomarca\/\"},{\"@type\":\"ListItem\",\"position\":3,\"name\":\"Ju\u00edzos\",\"item\":\"https:\/\/comarcas.csm.org.pt\/acores\/acomarca\/juizos\/\"},{\"@type\":\"ListItem\",\"position\":4,\"name\":\"Praia da Vit\u00f3ria\"}]},{\"@type\":\"WebSite\",\"@id\":\"https:\/\/comarcas.csm.org.pt\/acores\/#website\",\"url\":\"https:\/\/comarcas.csm.org.pt\/acores\/\",\"name\":\"Tribunal Judicial da Comarca de A\u00e7ores\",\"description\":\"Tribunal Judicial da Comarca de Aveiro\",\"publisher\":{\"@id\":\"https:\/\/comarcas.csm.org.pt\/acores\/#organization\"},\"potentialAction\":[{\"@type\":\"SearchAction\",\"target\":{\"@type\":\"EntryPoint\",\"urlTemplate\":\"https:\/\/comarcas.csm.org.pt\/acores\/?s={search_term_string}\"},\"query-input\":{\"@type\":\"PropertyValueSpecification\",\"valueRequired\":true,\"valueName\":\"search_term_string\"}}],\"inLanguage\":\"pt-PT\"},{\"@type\":\"Organization\",\"@id\":\"https:\/\/comarcas.csm.org.pt\/acores\/#organization\",\"name\":\"Tribunal Judicial da Comarca de A\u00e7ores\",\"url\":\"https:\/\/comarcas.csm.org.pt\/acores\/\",\"logo\":{\"@type\":\"ImageObject\",\"inLanguage\":\"pt-PT\",\"@id\":\"https:\/\/comarcas.csm.org.pt\/acores\/#\/schema\/logo\/image\/\",\"url\":\"https:\/\/comarcas.csm.org.pt\/acores\/wp-content\/uploads\/sites\/20\/2024\/11\/Ac\u2560oores_positivo-horizontal.png\",\"contentUrl\":\"https:\/\/comarcas.csm.org.pt\/acores\/wp-content\/uploads\/sites\/20\/2024\/11\/Ac\u2560oores_positivo-horizontal.png\",\"width\":5449,\"height\":890,\"caption\":\"Tribunal Judicial da Comarca de A\u00e7ores\"},\"image\":{\"@id\":\"https:\/\/comarcas.csm.org.pt\/acores\/#\/schema\/logo\/image\/\"}}]}<\/script>\n<!-- \/ Yoast SEO plugin. -->","yoast_head_json":{"title":"Praia da Vit\u00f3ria - Tribunal Judicial da Comarca de A\u00e7ores","robots":{"index":"index","follow":"follow","max-snippet":"max-snippet:-1","max-image-preview":"max-image-preview:large","max-video-preview":"max-video-preview:-1"},"canonical":"https:\/\/comarcas.csm.org.pt\/acores\/acomarca\/juizos\/praia-da-vitoria\/","og_locale":"pt_PT","og_type":"article","og_title":"Praia da Vit\u00f3ria - Tribunal Judicial da Comarca de A\u00e7ores","og_description":"Ju\u00edzo Compet\u00eancia Gen\u00e9rica da Praia da Vit\u00f3ria Compet\u00eancia Territorial: Praia da Vit\u00f3ria Contactos: Telefone: 295540360 Fax: 295093519 email: praiav.judicial@tribunais.org.pt Morada: Pal\u00e1cio da Justi\u00e7a &#8211; Largo do Conde da Praia da Vit\u00f3ria &#8211; 9760-438 Praia da Vit\u00f3ria Ju\u00edzo Misto de Fam\u00edlia, Menores e do Trabalho da Praia da Vit\u00f3ria Compet\u00eancia Territorial: Ilha Terceira Morada: Pal\u00e1cio da...","og_url":"https:\/\/comarcas.csm.org.pt\/acores\/acomarca\/juizos\/praia-da-vitoria\/","og_site_name":"Tribunal Judicial da Comarca de A\u00e7ores","article_modified_time":"2025-06-17T15:03:30+00:00","twitter_card":"summary_large_image","twitter_misc":{"Tempo estimado de leitura":"1 minuto"},"schema":{"@context":"https:\/\/schema.org","@graph":[{"@type":"WebPage","@id":"https:\/\/comarcas.csm.org.pt\/acores\/acomarca\/juizos\/praia-da-vitoria\/","url":"https:\/\/comarcas.csm.org.pt\/acores\/acomarca\/juizos\/praia-da-vitoria\/","name":"Praia da Vit\u00f3ria - Tribunal Judicial da Comarca de A\u00e7ores","isPartOf":{"@id":"https:\/\/comarcas.csm.org.pt\/acores\/#website"},"datePublished":"2025-06-17T12:06:14+00:00","dateModified":"2025-06-17T15:03:30+00:00","breadcrumb":{"@id":"https:\/\/comarcas.csm.org.pt\/acores\/acomarca\/juizos\/praia-da-vitoria\/#breadcrumb"},"inLanguage":"pt-PT","potentialAction":[{"@type":"ReadAction","target":["https:\/\/comarcas.csm.org.pt\/acores\/acomarca\/juizos\/praia-da-vitoria\/"]}]},{"@type":"BreadcrumbList","@id":"https:\/\/comarcas.csm.org.pt\/acores\/acomarca\/juizos\/praia-da-vitoria\/#breadcrumb","itemListElement":[{"@type":"ListItem","position":1,"name":"In\u00edcio","item":"https:\/\/comarcas.csm.org.pt\/acores\/"},{"@type":"ListItem","position":2,"name":"A Comarca","item":"https:\/\/comarcas.csm.org.pt\/acores\/acomarca\/"},{"@type":"ListItem","position":3,"name":"Ju\u00edzos","item":"https:\/\/comarcas.csm.org.pt\/acores\/acomarca\/juizos\/"},{"@type":"ListItem","position":4,"name":"Praia da Vit\u00f3ria"}]},{"@type":"WebSite","@id":"https:\/\/comarcas.csm.org.pt\/acores\/#website","url":"https:\/\/comarcas.csm.org.pt\/acores\/","name":"Tribunal Judicial da Comarca de A\u00e7ores","description":"Tribunal Judicial da Comarca de Aveiro","publisher":{"@id":"https:\/\/comarcas.csm.org.pt\/acores\/#organization"},"potentialAction":[{"@type":"SearchAction","target":{"@type":"EntryPoint","urlTemplate":"https:\/\/comarcas.csm.org.pt\/acores\/?s={search_term_string}"},"query-input":{"@type":"PropertyValueSpecification","valueRequired":true,"valueName":"search_term_string"}}],"inLanguage":"pt-PT"},{"@type":"Organization","@id":"https:\/\/comarcas.csm.org.pt\/acores\/#organization","name":"Tribunal Judicial da Comarca de A\u00e7ores","url":"https:\/\/comarcas.csm.org.pt\/acores\/","logo":{"@type":"ImageObject","inLanguage":"pt-PT","@id":"https:\/\/comarcas.csm.org.pt\/acores\/#\/schema\/logo\/image\/","url":"https:\/\/comarcas.csm.org.pt\/acores\/wp-content\/uploads\/sites\/20\/2024\/11\/Ac\u2560oores_positivo-horizontal.png","contentUrl":"https:\/\/comarcas.csm.org.pt\/acores\/wp-content\/uploads\/sites\/20\/2024\/11\/Ac\u2560oores_positivo-horizontal.png","width":5449,"height":890,"caption":"Tribunal Judicial da Comarca de A\u00e7ores"},"image":{"@id":"https:\/\/comarcas.csm.org.pt\/acores\/#\/schema\/logo\/image\/"}}]}},"_links":{"self":[{"href":"https:\/\/comarcas.csm.org.pt\/acores\/wp-json\/wp\/v2\/pages\/12081","targetHints":{"allow":["GET"]}}],"collection":[{"href":"https:\/\/comarcas.csm.org.pt\/acores\/wp-json\/wp\/v2\/pages"}],"about":[{"href":"https:\/\/comarcas.csm.org.pt\/acores\/wp-json\/wp\/v2\/types\/page"}],"author":[{"embeddable":true,"href":"https:\/\/comarcas.csm.org.pt\/acores\/wp-json\/wp\/v2\/users\/20"}],"replies":[{"embeddable":true,"href":"https:\/\/comarcas.csm.org.pt\/acores\/wp-json\/wp\/v2\/comments?post=12081"}],"version-history":[{"count":4,"href":"https:\/\/comarcas.csm.org.pt\/acores\/wp-json\/wp\/v2\/pages\/12081\/revisions"}],"predecessor-version":[{"id":12099,"href":"https:\/\/comarcas.csm.org.pt\/acores\/wp-json\/wp\/v2\/pages\/12081\/revisions\/12099"}],"up":[{"embeddable":true,"href":"https:\/\/comarcas.csm.org.pt\/acores\/wp-json\/wp\/v2\/pages\/11069"}],"wp:attachment":[{"href":"https:\/\/comarcas.csm.org.pt\/acores\/wp-json\/wp\/v2\/media?parent=12081"}],"curies":[{"name":"wp","href":"https:\/\/api.w.org\/{rel}","templated":true}]}}