{"id":2242,"date":"2021-10-25T11:40:43","date_gmt":"2021-10-25T11:40:43","guid":{"rendered":"https:\/\/wp.themedemo.org\/WCM07\/WCM070151\/?page_id=2242"},"modified":"2026-04-13T13:54:15","modified_gmt":"2026-04-13T13:54:15","slug":"acomarca","status":"publish","type":"page","link":"https:\/\/comarcas.csm.org.pt\/acores\/acomarca\/","title":{"rendered":"A Comarca"},"content":{"rendered":"\t\t<div data-elementor-type=\"wp-page\" data-elementor-id=\"2242\" class=\"elementor elementor-2242\" data-elementor-post-type=\"page\">\n\t\t\t\t\t\t<section class=\"elementor-section elementor-top-section elementor-element elementor-element-5a39fd59 elementor-section-full_width elementor-section-height-default elementor-section-height-default\" data-id=\"5a39fd59\" data-element_type=\"section\">\n\t\t\t\t\t\t<div class=\"elementor-container elementor-column-gap-default\">\n\t\t\t\t\t<div class=\"elementor-column elementor-col-50 elementor-top-column elementor-element elementor-element-2f8f81a0\" data-id=\"2f8f81a0\" data-element_type=\"column\">\n\t\t\t<div class=\"elementor-widget-wrap elementor-element-populated\">\n\t\t\t\t\t\t<div class=\"elementor-element elementor-element-b5907ba elementor-widget elementor-widget-heading\" data-id=\"b5907ba\" data-element_type=\"widget\" data-widget_type=\"heading.default\">\n\t\t\t\t<div class=\"elementor-widget-container\">\n\t\t\t\t\t<span class=\"elementor-heading-title elementor-size-default\">Tribunal Judicial da<\/span>\t\t\t\t<\/div>\n\t\t\t\t<\/div>\n\t\t\t\t<div class=\"elementor-element elementor-element-7bc9440f elementor-widget elementor-widget-heading\" data-id=\"7bc9440f\" data-element_type=\"widget\" data-widget_type=\"heading.default\">\n\t\t\t\t<div class=\"elementor-widget-container\">\n\t\t\t\t\t<h4 class=\"elementor-heading-title elementor-size-default\">Comarca dos A\u00e7ores<\/h4>\t\t\t\t<\/div>\n\t\t\t\t<\/div>\n\t\t\t\t<div class=\"elementor-element elementor-element-0990e6b elementor-widget elementor-widget-text-editor\" data-id=\"0990e6b\" data-element_type=\"widget\" data-widget_type=\"text-editor.default\">\n\t\t\t\t<div class=\"elementor-widget-container\">\n\t\t\t\t\t\t\t\t\t<p>O <strong>Tribunal Judicial da Comarca dos A\u00e7ores<\/strong> est\u00e1 integrado na divis\u00e3o Judici\u00e1ria de Portugal. Tem a sua sede em Ponta Delgada.<\/p><p>Integram o Tribunal Judicial da Comarca dos A\u00e7ores os seguintes Munic\u00edpios:<\/p><p>Angra do Hero\u00edsmo<\/p><p>Horta<\/p><p>Nordeste<\/p><p>Ponta Delgada<\/p><p>Povoa\u00e7\u00e3o<\/p><p>Praia da Vit\u00f3ria<\/p><p>Ribeira Grande<\/p><p>Santa Cruz da Graciosa<\/p><p>Santa Cruz das Flores<\/p><p>S\u00e3o Roque do Pico<\/p><p>Velas<\/p><p>Vila do Porto<\/p><p>Vila Franca do Campo<\/p><p>A Comarca dos A\u00e7ores est\u00e1 integrada na \u00e1rea de jurisdi\u00e7\u00e3o do Tribunal da Rela\u00e7\u00e3o de Lisboa.<\/p><p>Quadro de Ju\u00edzes: de 32 a 36<\/p><p>Quadro de Magistrados do Minist\u00e9rio P\u00fablico: de 30 a 32.<\/p><p>Quadro de Funcion\u00e1rios Judiciais: 214<\/p>\t\t\t\t\t\t\t\t<\/div>\n\t\t\t\t<\/div>\n\t\t\t\t\t<\/div>\n\t\t<\/div>\n\t\t\t\t<div class=\"elementor-column elementor-col-50 elementor-top-column elementor-element elementor-element-46317706 cms-banner\" data-id=\"46317706\" data-element_type=\"column\" data-settings=\"{&quot;background_background&quot;:&quot;classic&quot;}\">\n\t\t\t<div class=\"elementor-widget-wrap elementor-element-populated\">\n\t\t\t\t\t\t<div class=\"elementor-element elementor-element-3e7f9791 elementor-widget elementor-widget-image\" data-id=\"3e7f9791\" data-element_type=\"widget\" data-widget_type=\"image.default\">\n\t\t\t\t<div class=\"elementor-widget-container\">\n\t\t\t\t\t\t\t\t\t\t\t\t\t\t\t\t<a href=\"#\">\n\t\t\t\t\t\t\t<img fetchpriority=\"high\" decoding=\"async\" width=\"1530\" height=\"1696\" src=\"https:\/\/comarcas.csm.org.pt\/acores\/wp-content\/uploads\/sites\/20\/2025\/06\/portugal_acores.png\" class=\"attachment-full size-full wp-image-12250\" alt=\"\" srcset=\"https:\/\/comarcas.csm.org.pt\/acores\/wp-content\/uploads\/sites\/20\/2025\/06\/portugal_acores.png 1530w, https:\/\/comarcas.csm.org.pt\/acores\/wp-content\/uploads\/sites\/20\/2025\/06\/portugal_acores-271x300.png 271w, https:\/\/comarcas.csm.org.pt\/acores\/wp-content\/uploads\/sites\/20\/2025\/06\/portugal_acores-924x1024.png 924w, https:\/\/comarcas.csm.org.pt\/acores\/wp-content\/uploads\/sites\/20\/2025\/06\/portugal_acores-768x851.png 768w, https:\/\/comarcas.csm.org.pt\/acores\/wp-content\/uploads\/sites\/20\/2025\/06\/portugal_acores-1386x1536.png 1386w\" sizes=\"(max-width: 1530px) 100vw, 1530px\" \/>\t\t\t\t\t\t\t\t<\/a>\n\t\t\t\t\t\t\t\t\t\t\t\t\t\t\t<\/div>\n\t\t\t\t<\/div>\n\t\t\t\t\t<\/div>\n\t\t<\/div>\n\t\t\t\t\t<\/div>\n\t\t<\/section>\n\t\t<div class=\"elementor-element elementor-element-6910094 e-flex e-con-boxed e-con e-parent\" data-id=\"6910094\" data-element_type=\"container\">\n\t\t\t\t\t<div class=\"e-con-inner\">\n\t\t\t\t<div class=\"elementor-element elementor-element-48b4f40 elementor-widget-divider--view-line elementor-widget elementor-widget-divider\" data-id=\"48b4f40\" data-element_type=\"widget\" data-widget_type=\"divider.default\">\n\t\t\t\t<div class=\"elementor-widget-container\">\n\t\t\t\t\t\t\t<div class=\"elementor-divider\">\n\t\t\t<span class=\"elementor-divider-separator\">\n\t\t\t\t\t\t<\/span>\n\t\t<\/div>\n\t\t\t\t\t\t<\/div>\n\t\t\t\t<\/div>\n\t\t\t\t\t<\/div>\n\t\t\t\t<\/div>\n\t\t<div class=\"elementor-element elementor-element-d950054 e-flex e-con-boxed e-con e-parent\" data-id=\"d950054\" data-element_type=\"container\">\n\t\t\t\t\t<div class=\"e-con-inner\">\n\t\t\t\t<div class=\"elementor-element elementor-element-1437947 elementor-widget elementor-widget-text-editor\" data-id=\"1437947\" data-element_type=\"widget\" data-widget_type=\"text-editor.default\">\n\t\t\t\t<div class=\"elementor-widget-container\">\n\t\t\t\t\t\t\t\t\t<p><strong>\u00a0<\/strong><strong><a href=\"https:\/\/comarcas.csm.org.pt\/acores\/organograma-conselho-consultivo-comarca_acores_2023-2026\/\" rel=\"attachment wp-att-12700\">ORGANOGRAMA CONSELHO CONSULTIVO COMARCA_A\u00c7ORES_(2023-2026)<\/a><\/strong><\/p>\t\t\t\t\t\t\t\t<\/div>\n\t\t\t\t<\/div>\n\t\t\t\t\t<\/div>\n\t\t\t\t<\/div>\n\t\t<div class=\"elementor-element elementor-element-6929369 e-flex e-con-boxed e-con e-parent\" data-id=\"6929369\" data-element_type=\"container\">\n\t\t\t\t\t<div class=\"e-con-inner\">\n\t\t\t\t<div class=\"elementor-element elementor-element-06a4476 elementor-widget elementor-widget-text-editor\" data-id=\"06a4476\" data-element_type=\"widget\" data-widget_type=\"text-editor.default\">\n\t\t\t\t<div class=\"elementor-widget-container\">\n\t\t\t\t\t\t\t\t\t<p><strong><span style=\"text-decoration: underline\">ORGANOGRAMA TRIBUNAL JUDICIAL DOS A\u00c7ORES<\/span>\u00a0 &#8211; <a href=\"https:\/\/comarcas.csm.org.pt\/acores\/organograma-tribunal-2026\/\" rel=\"attachment wp-att-12841\">Organograma Tribunal (2026)<\/a><\/strong><\/p>\t\t\t\t\t\t\t\t<\/div>\n\t\t\t\t<\/div>\n\t\t\t\t\t<\/div>\n\t\t\t\t<\/div>\n\t\t\t\t<\/div>\n\t\t","protected":false},"excerpt":{"rendered":"<p>Tribunal Judicial da Comarca dos A\u00e7ores O Tribunal Judicial da Comarca dos A\u00e7ores est\u00e1 integrado na divis\u00e3o Judici\u00e1ria de Portugal. Tem a sua sede em Ponta Delgada. Integram o Tribunal Judicial da Comarca dos A\u00e7ores os seguintes Munic\u00edpios: Angra do Hero\u00edsmo Horta Nordeste Ponta Delgada Povoa\u00e7\u00e3o Praia da Vit\u00f3ria Ribeira Grande Santa Cruz da Graciosa&#8230;<\/p>\n","protected":false},"author":1,"featured_media":0,"parent":0,"menu_order":0,"comment_status":"closed","ping_status":"closed","template":"","meta":{"_tbt_post_transparent":"","_tbt_post_title":"","_tbt_post_layout":"","_tbt_post_sidebar_id":"","_tbt_post_content_style":"","_tbt_post_vertical_padding":"","_tbt_post_feature":"","_tbt_post_feature_position":"","_tbt_post_header":false,"_tbt_post_footer":false},"class_list":["post-2242","page","type-page","status-publish","hentry"],"yoast_head":"<!-- This site is optimized with the Yoast SEO plugin v25.6 - https:\/\/yoast.com\/wordpress\/plugins\/seo\/ -->\n<title>A Comarca - Tribunal Judicial da Comarca de A\u00e7ores<\/title>\n<meta name=\"robots\" content=\"index, follow, max-snippet:-1, max-image-preview:large, max-video-preview:-1\" \/>\n<link rel=\"canonical\" href=\"https:\/\/comarcas.csm.org.pt\/acores\/acomarca\/\" \/>\n<meta property=\"og:locale\" content=\"pt_PT\" \/>\n<meta property=\"og:type\" content=\"article\" \/>\n<meta property=\"og:title\" content=\"A Comarca - Tribunal Judicial da Comarca de A\u00e7ores\" \/>\n<meta property=\"og:description\" content=\"Tribunal Judicial da Comarca dos A\u00e7ores O Tribunal Judicial da Comarca dos A\u00e7ores est\u00e1 integrado na divis\u00e3o Judici\u00e1ria de Portugal. Tem a sua sede em Ponta Delgada. Integram o Tribunal Judicial da Comarca dos A\u00e7ores os seguintes Munic\u00edpios: Angra do Hero\u00edsmo Horta Nordeste Ponta Delgada Povoa\u00e7\u00e3o Praia da Vit\u00f3ria Ribeira Grande Santa Cruz da Graciosa...\" \/>\n<meta property=\"og:url\" content=\"https:\/\/comarcas.csm.org.pt\/acores\/acomarca\/\" \/>\n<meta property=\"og:site_name\" content=\"Tribunal Judicial da Comarca de A\u00e7ores\" \/>\n<meta property=\"article:modified_time\" content=\"2026-04-13T13:54:15+00:00\" \/>\n<meta property=\"og:image\" content=\"https:\/\/comarcas.csm.org.pt\/acores\/wp-content\/uploads\/sites\/20\/2025\/06\/portugal_acores.png\" \/>\n\t<meta property=\"og:image:width\" content=\"1530\" \/>\n\t<meta property=\"og:image:height\" content=\"1696\" \/>\n\t<meta property=\"og:image:type\" content=\"image\/png\" \/>\n<meta name=\"twitter:card\" content=\"summary_large_image\" \/>\n<meta name=\"twitter:label1\" content=\"Tempo estimado de leitura\" \/>\n\t<meta name=\"twitter:data1\" content=\"1 minuto\" \/>\n<script type=\"application\/ld+json\" class=\"yoast-schema-graph\">{\"@context\":\"https:\/\/schema.org\",\"@graph\":[{\"@type\":\"WebPage\",\"@id\":\"https:\/\/comarcas.csm.org.pt\/acores\/acomarca\/\",\"url\":\"https:\/\/comarcas.csm.org.pt\/acores\/acomarca\/\",\"name\":\"A Comarca - Tribunal Judicial da Comarca de A\u00e7ores\",\"isPartOf\":{\"@id\":\"https:\/\/comarcas.csm.org.pt\/acores\/#website\"},\"primaryImageOfPage\":{\"@id\":\"https:\/\/comarcas.csm.org.pt\/acores\/acomarca\/#primaryimage\"},\"image\":{\"@id\":\"https:\/\/comarcas.csm.org.pt\/acores\/acomarca\/#primaryimage\"},\"thumbnailUrl\":\"https:\/\/comarcas.csm.org.pt\/acores\/wp-content\/uploads\/sites\/20\/2025\/06\/portugal_acores.png\",\"datePublished\":\"2021-10-25T11:40:43+00:00\",\"dateModified\":\"2026-04-13T13:54:15+00:00\",\"breadcrumb\":{\"@id\":\"https:\/\/comarcas.csm.org.pt\/acores\/acomarca\/#breadcrumb\"},\"inLanguage\":\"pt-PT\",\"potentialAction\":[{\"@type\":\"ReadAction\",\"target\":[\"https:\/\/comarcas.csm.org.pt\/acores\/acomarca\/\"]}]},{\"@type\":\"ImageObject\",\"inLanguage\":\"pt-PT\",\"@id\":\"https:\/\/comarcas.csm.org.pt\/acores\/acomarca\/#primaryimage\",\"url\":\"https:\/\/comarcas.csm.org.pt\/acores\/wp-content\/uploads\/sites\/20\/2025\/06\/portugal_acores.png\",\"contentUrl\":\"https:\/\/comarcas.csm.org.pt\/acores\/wp-content\/uploads\/sites\/20\/2025\/06\/portugal_acores.png\",\"width\":1530,\"height\":1696},{\"@type\":\"BreadcrumbList\",\"@id\":\"https:\/\/comarcas.csm.org.pt\/acores\/acomarca\/#breadcrumb\",\"itemListElement\":[{\"@type\":\"ListItem\",\"position\":1,\"name\":\"In\u00edcio\",\"item\":\"https:\/\/comarcas.csm.org.pt\/acores\/\"},{\"@type\":\"ListItem\",\"position\":2,\"name\":\"A Comarca\"}]},{\"@type\":\"WebSite\",\"@id\":\"https:\/\/comarcas.csm.org.pt\/acores\/#website\",\"url\":\"https:\/\/comarcas.csm.org.pt\/acores\/\",\"name\":\"Tribunal Judicial da Comarca de A\u00e7ores\",\"description\":\"Tribunal Judicial da Comarca de Aveiro\",\"publisher\":{\"@id\":\"https:\/\/comarcas.csm.org.pt\/acores\/#organization\"},\"potentialAction\":[{\"@type\":\"SearchAction\",\"target\":{\"@type\":\"EntryPoint\",\"urlTemplate\":\"https:\/\/comarcas.csm.org.pt\/acores\/?s={search_term_string}\"},\"query-input\":{\"@type\":\"PropertyValueSpecification\",\"valueRequired\":true,\"valueName\":\"search_term_string\"}}],\"inLanguage\":\"pt-PT\"},{\"@type\":\"Organization\",\"@id\":\"https:\/\/comarcas.csm.org.pt\/acores\/#organization\",\"name\":\"Tribunal Judicial da Comarca de A\u00e7ores\",\"url\":\"https:\/\/comarcas.csm.org.pt\/acores\/\",\"logo\":{\"@type\":\"ImageObject\",\"inLanguage\":\"pt-PT\",\"@id\":\"https:\/\/comarcas.csm.org.pt\/acores\/#\/schema\/logo\/image\/\",\"url\":\"https:\/\/comarcas.csm.org.pt\/acores\/wp-content\/uploads\/sites\/20\/2024\/11\/Ac\u2560oores_positivo-horizontal.png\",\"contentUrl\":\"https:\/\/comarcas.csm.org.pt\/acores\/wp-content\/uploads\/sites\/20\/2024\/11\/Ac\u2560oores_positivo-horizontal.png\",\"width\":5449,\"height\":890,\"caption\":\"Tribunal Judicial da Comarca de A\u00e7ores\"},\"image\":{\"@id\":\"https:\/\/comarcas.csm.org.pt\/acores\/#\/schema\/logo\/image\/\"}}]}<\/script>\n<!-- \/ Yoast SEO plugin. -->","yoast_head_json":{"title":"A Comarca - Tribunal Judicial da Comarca de A\u00e7ores","robots":{"index":"index","follow":"follow","max-snippet":"max-snippet:-1","max-image-preview":"max-image-preview:large","max-video-preview":"max-video-preview:-1"},"canonical":"https:\/\/comarcas.csm.org.pt\/acores\/acomarca\/","og_locale":"pt_PT","og_type":"article","og_title":"A Comarca - Tribunal Judicial da Comarca de A\u00e7ores","og_description":"Tribunal Judicial da Comarca dos A\u00e7ores O Tribunal Judicial da Comarca dos A\u00e7ores est\u00e1 integrado na divis\u00e3o Judici\u00e1ria de Portugal. Tem a sua sede em Ponta Delgada. Integram o Tribunal Judicial da Comarca dos A\u00e7ores os seguintes Munic\u00edpios: Angra do Hero\u00edsmo Horta Nordeste Ponta Delgada Povoa\u00e7\u00e3o Praia da Vit\u00f3ria Ribeira Grande Santa Cruz da Graciosa...","og_url":"https:\/\/comarcas.csm.org.pt\/acores\/acomarca\/","og_site_name":"Tribunal Judicial da Comarca de A\u00e7ores","article_modified_time":"2026-04-13T13:54:15+00:00","og_image":[{"width":1530,"height":1696,"url":"https:\/\/comarcas.csm.org.pt\/acores\/wp-content\/uploads\/sites\/20\/2025\/06\/portugal_acores.png","type":"image\/png"}],"twitter_card":"summary_large_image","twitter_misc":{"Tempo estimado de leitura":"1 minuto"},"schema":{"@context":"https:\/\/schema.org","@graph":[{"@type":"WebPage","@id":"https:\/\/comarcas.csm.org.pt\/acores\/acomarca\/","url":"https:\/\/comarcas.csm.org.pt\/acores\/acomarca\/","name":"A Comarca - Tribunal Judicial da Comarca de A\u00e7ores","isPartOf":{"@id":"https:\/\/comarcas.csm.org.pt\/acores\/#website"},"primaryImageOfPage":{"@id":"https:\/\/comarcas.csm.org.pt\/acores\/acomarca\/#primaryimage"},"image":{"@id":"https:\/\/comarcas.csm.org.pt\/acores\/acomarca\/#primaryimage"},"thumbnailUrl":"https:\/\/comarcas.csm.org.pt\/acores\/wp-content\/uploads\/sites\/20\/2025\/06\/portugal_acores.png","datePublished":"2021-10-25T11:40:43+00:00","dateModified":"2026-04-13T13:54:15+00:00","breadcrumb":{"@id":"https:\/\/comarcas.csm.org.pt\/acores\/acomarca\/#breadcrumb"},"inLanguage":"pt-PT","potentialAction":[{"@type":"ReadAction","target":["https:\/\/comarcas.csm.org.pt\/acores\/acomarca\/"]}]},{"@type":"ImageObject","inLanguage":"pt-PT","@id":"https:\/\/comarcas.csm.org.pt\/acores\/acomarca\/#primaryimage","url":"https:\/\/comarcas.csm.org.pt\/acores\/wp-content\/uploads\/sites\/20\/2025\/06\/portugal_acores.png","contentUrl":"https:\/\/comarcas.csm.org.pt\/acores\/wp-content\/uploads\/sites\/20\/2025\/06\/portugal_acores.png","width":1530,"height":1696},{"@type":"BreadcrumbList","@id":"https:\/\/comarcas.csm.org.pt\/acores\/acomarca\/#breadcrumb","itemListElement":[{"@type":"ListItem","position":1,"name":"In\u00edcio","item":"https:\/\/comarcas.csm.org.pt\/acores\/"},{"@type":"ListItem","position":2,"name":"A Comarca"}]},{"@type":"WebSite","@id":"https:\/\/comarcas.csm.org.pt\/acores\/#website","url":"https:\/\/comarcas.csm.org.pt\/acores\/","name":"Tribunal Judicial da Comarca de A\u00e7ores","description":"Tribunal Judicial da Comarca de Aveiro","publisher":{"@id":"https:\/\/comarcas.csm.org.pt\/acores\/#organization"},"potentialAction":[{"@type":"SearchAction","target":{"@type":"EntryPoint","urlTemplate":"https:\/\/comarcas.csm.org.pt\/acores\/?s={search_term_string}"},"query-input":{"@type":"PropertyValueSpecification","valueRequired":true,"valueName":"search_term_string"}}],"inLanguage":"pt-PT"},{"@type":"Organization","@id":"https:\/\/comarcas.csm.org.pt\/acores\/#organization","name":"Tribunal Judicial da Comarca de A\u00e7ores","url":"https:\/\/comarcas.csm.org.pt\/acores\/","logo":{"@type":"ImageObject","inLanguage":"pt-PT","@id":"https:\/\/comarcas.csm.org.pt\/acores\/#\/schema\/logo\/image\/","url":"https:\/\/comarcas.csm.org.pt\/acores\/wp-content\/uploads\/sites\/20\/2024\/11\/Ac\u2560oores_positivo-horizontal.png","contentUrl":"https:\/\/comarcas.csm.org.pt\/acores\/wp-content\/uploads\/sites\/20\/2024\/11\/Ac\u2560oores_positivo-horizontal.png","width":5449,"height":890,"caption":"Tribunal Judicial da Comarca de A\u00e7ores"},"image":{"@id":"https:\/\/comarcas.csm.org.pt\/acores\/#\/schema\/logo\/image\/"}}]}},"_links":{"self":[{"href":"https:\/\/comarcas.csm.org.pt\/acores\/wp-json\/wp\/v2\/pages\/2242","targetHints":{"allow":["GET"]}}],"collection":[{"href":"https:\/\/comarcas.csm.org.pt\/acores\/wp-json\/wp\/v2\/pages"}],"about":[{"href":"https:\/\/comarcas.csm.org.pt\/acores\/wp-json\/wp\/v2\/types\/page"}],"author":[{"embeddable":true,"href":"https:\/\/comarcas.csm.org.pt\/acores\/wp-json\/wp\/v2\/users\/1"}],"replies":[{"embeddable":true,"href":"https:\/\/comarcas.csm.org.pt\/acores\/wp-json\/wp\/v2\/comments?post=2242"}],"version-history":[{"count":41,"href":"https:\/\/comarcas.csm.org.pt\/acores\/wp-json\/wp\/v2\/pages\/2242\/revisions"}],"predecessor-version":[{"id":12888,"href":"https:\/\/comarcas.csm.org.pt\/acores\/wp-json\/wp\/v2\/pages\/2242\/revisions\/12888"}],"wp:attachment":[{"href":"https:\/\/comarcas.csm.org.pt\/acores\/wp-json\/wp\/v2\/media?parent=2242"}],"curies":[{"name":"wp","href":"https:\/\/api.w.org\/{rel}","templated":true}]}}