{"id":2450,"date":"2021-10-27T13:09:27","date_gmt":"2021-10-27T13:09:27","guid":{"rendered":"https:\/\/wp.themedemo.org\/WCM07\/WCM070151\/?page_id=2450"},"modified":"2026-03-09T16:48:55","modified_gmt":"2026-03-09T16:48:55","slug":"contactos","status":"publish","type":"page","link":"https:\/\/comarcas.csm.org.pt\/acores\/cidadao\/contactos\/","title":{"rendered":"Contactos"},"content":{"rendered":"\t\t<div data-elementor-type=\"wp-page\" data-elementor-id=\"2450\" class=\"elementor elementor-2450\" data-elementor-post-type=\"page\">\n\t\t\t\t<div class=\"elementor-element elementor-element-33df959 e-flex e-con-boxed e-con e-parent\" data-id=\"33df959\" data-element_type=\"container\">\n\t\t\t\t\t<div class=\"e-con-inner\">\n\t\t\t\t<div class=\"elementor-element elementor-element-e01fbbb elementor-widget elementor-widget-heading\" data-id=\"e01fbbb\" data-element_type=\"widget\" data-widget_type=\"heading.default\">\n\t\t\t\t<div class=\"elementor-widget-container\">\n\t\t\t\t\t<h2 class=\"elementor-heading-title elementor-size-default\">Gest\u00e3o do Tribunal Judicial da Comarca dos A\u00e7ores<\/h2>\t\t\t\t<\/div>\n\t\t\t\t<\/div>\n\t\t\t\t\t<\/div>\n\t\t\t\t<\/div>\n\t\t<div class=\"elementor-element elementor-element-887495e e-flex e-con-boxed e-con e-parent\" data-id=\"887495e\" data-element_type=\"container\">\n\t\t\t\t\t<div class=\"e-con-inner\">\n\t\t<div class=\"elementor-element elementor-element-a5063a9 e-con-full e-flex e-con e-child\" data-id=\"a5063a9\" data-element_type=\"container\">\n\t\t\t\t<div class=\"elementor-element elementor-element-9f75bc5 elementor-view-framed elementor-shape-square elementor-position-left elementor-mobile-position-top elementor-vertical-align-top elementor-widget elementor-widget-icon-box\" data-id=\"9f75bc5\" data-element_type=\"widget\" data-widget_type=\"icon-box.default\">\n\t\t\t\t<div class=\"elementor-widget-container\">\n\t\t\t\t\t\t\t<div class=\"elementor-icon-box-wrapper\">\n\n\t\t\t\t\t\t<div class=\"elementor-icon-box-icon\">\n\t\t\t\t<span  class=\"elementor-icon\">\n\t\t\t\t<svg aria-hidden=\"true\" class=\"e-font-icon-svg e-fas-location-arrow\" viewBox=\"0 0 512 512\" xmlns=\"http:\/\/www.w3.org\/2000\/svg\"><path d=\"M444.52 3.52L28.74 195.42c-47.97 22.39-31.98 92.75 19.19 92.75h175.91v175.91c0 51.17 70.36 67.17 92.75 19.19l191.9-415.78c15.99-38.39-25.59-79.97-63.97-63.97z\"><\/path><\/svg>\t\t\t\t<\/span>\n\t\t\t<\/div>\n\t\t\t\n\t\t\t\t\t\t<div class=\"elementor-icon-box-content\">\n\n\t\t\t\t\t\t\t\t\t<h5 class=\"elementor-icon-box-title\">\n\t\t\t\t\t\t<span  >\n\t\t\t\t\t\t\tMorada:\t\t\t\t\t\t<\/span>\n\t\t\t\t\t<\/h5>\n\t\t\t\t\n\t\t\t\t\t\t\t\t\t<p class=\"elementor-icon-box-description\">\n\t\t\t\t\t\tPal\u00e1cio Marqu\u00eas da Praia e Monforte, Rua Marqu\u00eas da Praia e Monforte, 31 a 33, 9500-089 Ponta Delgada\t\t\t\t\t<\/p>\n\t\t\t\t\n\t\t\t<\/div>\n\t\t\t\n\t\t<\/div>\n\t\t\t\t\t\t<\/div>\n\t\t\t\t<\/div>\n\t\t\t\t<\/div>\n\t\t<div class=\"elementor-element elementor-element-6c1f7a8 e-con-full e-flex e-con e-child\" data-id=\"6c1f7a8\" data-element_type=\"container\">\n\t\t\t\t<div class=\"elementor-element elementor-element-b0cf987 elementor-view-framed elementor-shape-square elementor-position-left elementor-mobile-position-top elementor-vertical-align-top elementor-widget elementor-widget-icon-box\" data-id=\"b0cf987\" data-element_type=\"widget\" data-widget_type=\"icon-box.default\">\n\t\t\t\t<div class=\"elementor-widget-container\">\n\t\t\t\t\t\t\t<div class=\"elementor-icon-box-wrapper\">\n\n\t\t\t\t\t\t<div class=\"elementor-icon-box-icon\">\n\t\t\t\t<span  class=\"elementor-icon\">\n\t\t\t\t<svg aria-hidden=\"true\" class=\"e-font-icon-svg e-fas-phone-volume\" viewBox=\"0 0 384 512\" xmlns=\"http:\/\/www.w3.org\/2000\/svg\"><path d=\"M97.333 506.966c-129.874-129.874-129.681-340.252 0-469.933 5.698-5.698 14.527-6.632 21.263-2.422l64.817 40.513a17.187 17.187 0 0 1 6.849 20.958l-32.408 81.021a17.188 17.188 0 0 1-17.669 10.719l-55.81-5.58c-21.051 58.261-20.612 122.471 0 179.515l55.811-5.581a17.188 17.188 0 0 1 17.669 10.719l32.408 81.022a17.188 17.188 0 0 1-6.849 20.958l-64.817 40.513a17.19 17.19 0 0 1-21.264-2.422zM247.126 95.473c11.832 20.047 11.832 45.008 0 65.055-3.95 6.693-13.108 7.959-18.718 2.581l-5.975-5.726c-3.911-3.748-4.793-9.622-2.261-14.41a32.063 32.063 0 0 0 0-29.945c-2.533-4.788-1.65-10.662 2.261-14.41l5.975-5.726c5.61-5.378 14.768-4.112 18.718 2.581zm91.787-91.187c60.14 71.604 60.092 175.882 0 247.428-4.474 5.327-12.53 5.746-17.552.933l-5.798-5.557c-4.56-4.371-4.977-11.529-.93-16.379 49.687-59.538 49.646-145.933 0-205.422-4.047-4.85-3.631-12.008.93-16.379l5.798-5.557c5.022-4.813 13.078-4.394 17.552.933zm-45.972 44.941c36.05 46.322 36.108 111.149 0 157.546-4.39 5.641-12.697 6.251-17.856 1.304l-5.818-5.579c-4.4-4.219-4.998-11.095-1.285-15.931 26.536-34.564 26.534-82.572 0-117.134-3.713-4.836-3.115-11.711 1.285-15.931l5.818-5.579c5.159-4.947 13.466-4.337 17.856 1.304z\"><\/path><\/svg>\t\t\t\t<\/span>\n\t\t\t<\/div>\n\t\t\t\n\t\t\t\t\t\t<div class=\"elementor-icon-box-content\">\n\n\t\t\t\t\t\t\t\t\t<h5 class=\"elementor-icon-box-title\">\n\t\t\t\t\t\t<span  >\n\t\t\t\t\t\t\tContactos:\t\t\t\t\t\t<\/span>\n\t\t\t\t\t<\/h5>\n\t\t\t\t\n\t\t\t\t\t\t\t\t\t<p class=\"elementor-icon-box-description\">\n\t\t\t\t\t\tTelefone: 296209670\n\n\nemail: gestao.comarca.acores@tribunais.org.pt\t\t\t\t\t<\/p>\n\t\t\t\t\n\t\t\t<\/div>\n\t\t\t\n\t\t<\/div>\n\t\t\t\t\t\t<\/div>\n\t\t\t\t<\/div>\n\t\t\t\t<\/div>\n\t\t\t\t\t<\/div>\n\t\t\t\t<\/div>\n\t\t<div class=\"elementor-element elementor-element-7a9226b e-flex e-con-boxed e-con e-parent\" data-id=\"7a9226b\" data-element_type=\"container\">\n\t\t\t\t\t<div class=\"e-con-inner\">\n\t\t\t\t<div class=\"elementor-element elementor-element-7f71862 elementor-widget elementor-widget-google_maps\" data-id=\"7f71862\" data-element_type=\"widget\" data-widget_type=\"google_maps.default\">\n\t\t\t\t<div class=\"elementor-widget-container\">\n\t\t\t\t\t\t\t<div class=\"elementor-custom-embed\">\n\t\t\t<iframe loading=\"lazy\"\n\t\t\t\t\tsrc=\"https:\/\/www.google.com\/maps\/embed\/v1\/place?key=AIzaSyDhSoLeftGxfg7Tvco7SEUCY-Cc_XLDY3c&#038;q=Rua%20marqu%C3%8As%20da%20praia%20e%20monforte%2C%20%2031%20POnta%20Delgada&#038;zoom=15\"\n\t\t\t\t\ttitle=\"Rua marqu\u00cas da praia e monforte,  31 POnta Delgada\"\n\t\t\t\t\taria-label=\"Rua marqu\u00cas da praia e monforte,  31 POnta Delgada\"\n\t\t\t><\/iframe>\n\t\t<\/div>\n\t\t\t\t\t\t<\/div>\n\t\t\t\t<\/div>\n\t\t\t\t\t<\/div>\n\t\t\t\t<\/div>\n\t\t\t\t<\/div>\n\t\t","protected":false},"excerpt":{"rendered":"<p>Gest\u00e3o do Tribunal Judicial da Comarca dos A\u00e7ores Morada: Pal\u00e1cio Marqu\u00eas da Praia e Monforte, Rua Marqu\u00eas da Praia e Monforte, 31 a 33, 9500-089 Ponta Delgada Contactos: Telefone: 296209670 email: gestao.comarca.acores@tribunais.org.pt<\/p>\n","protected":false},"author":1,"featured_media":0,"parent":11404,"menu_order":0,"comment_status":"closed","ping_status":"closed","template":"","meta":{"_tbt_post_transparent":"","_tbt_post_title":"","_tbt_post_layout":"default","_tbt_post_sidebar_id":"","_tbt_post_content_style":"","_tbt_post_vertical_padding":"","_tbt_post_feature":"","_tbt_post_feature_position":"","_tbt_post_header":false,"_tbt_post_footer":false},"class_list":["post-2450","page","type-page","status-publish","hentry"],"yoast_head":"<!-- This site is optimized with the Yoast SEO plugin v25.6 - https:\/\/yoast.com\/wordpress\/plugins\/seo\/ -->\n<title>Contactos - Tribunal Judicial da Comarca de A\u00e7ores<\/title>\n<meta name=\"robots\" content=\"index, follow, max-snippet:-1, max-image-preview:large, max-video-preview:-1\" \/>\n<link rel=\"canonical\" href=\"https:\/\/comarcas.csm.org.pt\/acores\/cidadao\/contactos\/\" \/>\n<meta property=\"og:locale\" content=\"pt_PT\" \/>\n<meta property=\"og:type\" content=\"article\" \/>\n<meta property=\"og:title\" content=\"Contactos - Tribunal Judicial da Comarca de A\u00e7ores\" \/>\n<meta property=\"og:description\" content=\"Gest\u00e3o do Tribunal Judicial da Comarca dos A\u00e7ores Morada: Pal\u00e1cio Marqu\u00eas da Praia e Monforte, Rua Marqu\u00eas da Praia e Monforte, 31 a 33, 9500-089 Ponta Delgada Contactos: Telefone: 296209670 email: gestao.comarca.acores@tribunais.org.pt\" \/>\n<meta property=\"og:url\" content=\"https:\/\/comarcas.csm.org.pt\/acores\/cidadao\/contactos\/\" \/>\n<meta property=\"og:site_name\" content=\"Tribunal Judicial da Comarca de A\u00e7ores\" \/>\n<meta property=\"article:modified_time\" content=\"2026-03-09T16:48:55+00:00\" \/>\n<meta name=\"twitter:card\" content=\"summary_large_image\" \/>\n<meta name=\"twitter:label1\" content=\"Tempo estimado de leitura\" \/>\n\t<meta name=\"twitter:data1\" content=\"1 minuto\" \/>\n<script type=\"application\/ld+json\" class=\"yoast-schema-graph\">{\"@context\":\"https:\/\/schema.org\",\"@graph\":[{\"@type\":\"WebPage\",\"@id\":\"https:\/\/comarcas.csm.org.pt\/acores\/cidadao\/contactos\/\",\"url\":\"https:\/\/comarcas.csm.org.pt\/acores\/cidadao\/contactos\/\",\"name\":\"Contactos - Tribunal Judicial da Comarca de A\u00e7ores\",\"isPartOf\":{\"@id\":\"https:\/\/comarcas.csm.org.pt\/acores\/#website\"},\"datePublished\":\"2021-10-27T13:09:27+00:00\",\"dateModified\":\"2026-03-09T16:48:55+00:00\",\"breadcrumb\":{\"@id\":\"https:\/\/comarcas.csm.org.pt\/acores\/cidadao\/contactos\/#breadcrumb\"},\"inLanguage\":\"pt-PT\",\"potentialAction\":[{\"@type\":\"ReadAction\",\"target\":[\"https:\/\/comarcas.csm.org.pt\/acores\/cidadao\/contactos\/\"]}]},{\"@type\":\"BreadcrumbList\",\"@id\":\"https:\/\/comarcas.csm.org.pt\/acores\/cidadao\/contactos\/#breadcrumb\",\"itemListElement\":[{\"@type\":\"ListItem\",\"position\":1,\"name\":\"In\u00edcio\",\"item\":\"https:\/\/comarcas.csm.org.pt\/acores\/\"},{\"@type\":\"ListItem\",\"position\":2,\"name\":\"Cidad\u00e3o\",\"item\":\"https:\/\/comarcas.csm.org.pt\/acores\/cidadao\/\"},{\"@type\":\"ListItem\",\"position\":3,\"name\":\"Contactos\"}]},{\"@type\":\"WebSite\",\"@id\":\"https:\/\/comarcas.csm.org.pt\/acores\/#website\",\"url\":\"https:\/\/comarcas.csm.org.pt\/acores\/\",\"name\":\"Tribunal Judicial da Comarca de A\u00e7ores\",\"description\":\"Tribunal Judicial da Comarca de Aveiro\",\"publisher\":{\"@id\":\"https:\/\/comarcas.csm.org.pt\/acores\/#organization\"},\"potentialAction\":[{\"@type\":\"SearchAction\",\"target\":{\"@type\":\"EntryPoint\",\"urlTemplate\":\"https:\/\/comarcas.csm.org.pt\/acores\/?s={search_term_string}\"},\"query-input\":{\"@type\":\"PropertyValueSpecification\",\"valueRequired\":true,\"valueName\":\"search_term_string\"}}],\"inLanguage\":\"pt-PT\"},{\"@type\":\"Organization\",\"@id\":\"https:\/\/comarcas.csm.org.pt\/acores\/#organization\",\"name\":\"Tribunal Judicial da Comarca de A\u00e7ores\",\"url\":\"https:\/\/comarcas.csm.org.pt\/acores\/\",\"logo\":{\"@type\":\"ImageObject\",\"inLanguage\":\"pt-PT\",\"@id\":\"https:\/\/comarcas.csm.org.pt\/acores\/#\/schema\/logo\/image\/\",\"url\":\"https:\/\/comarcas.csm.org.pt\/acores\/wp-content\/uploads\/sites\/20\/2024\/11\/Ac\u2560oores_positivo-horizontal.png\",\"contentUrl\":\"https:\/\/comarcas.csm.org.pt\/acores\/wp-content\/uploads\/sites\/20\/2024\/11\/Ac\u2560oores_positivo-horizontal.png\",\"width\":5449,\"height\":890,\"caption\":\"Tribunal Judicial da Comarca de A\u00e7ores\"},\"image\":{\"@id\":\"https:\/\/comarcas.csm.org.pt\/acores\/#\/schema\/logo\/image\/\"}}]}<\/script>\n<!-- \/ Yoast SEO plugin. -->","yoast_head_json":{"title":"Contactos - Tribunal Judicial da Comarca de A\u00e7ores","robots":{"index":"index","follow":"follow","max-snippet":"max-snippet:-1","max-image-preview":"max-image-preview:large","max-video-preview":"max-video-preview:-1"},"canonical":"https:\/\/comarcas.csm.org.pt\/acores\/cidadao\/contactos\/","og_locale":"pt_PT","og_type":"article","og_title":"Contactos - Tribunal Judicial da Comarca de A\u00e7ores","og_description":"Gest\u00e3o do Tribunal Judicial da Comarca dos A\u00e7ores Morada: Pal\u00e1cio Marqu\u00eas da Praia e Monforte, Rua Marqu\u00eas da Praia e Monforte, 31 a 33, 9500-089 Ponta Delgada Contactos: Telefone: 296209670 email: gestao.comarca.acores@tribunais.org.pt","og_url":"https:\/\/comarcas.csm.org.pt\/acores\/cidadao\/contactos\/","og_site_name":"Tribunal Judicial da Comarca de A\u00e7ores","article_modified_time":"2026-03-09T16:48:55+00:00","twitter_card":"summary_large_image","twitter_misc":{"Tempo estimado de leitura":"1 minuto"},"schema":{"@context":"https:\/\/schema.org","@graph":[{"@type":"WebPage","@id":"https:\/\/comarcas.csm.org.pt\/acores\/cidadao\/contactos\/","url":"https:\/\/comarcas.csm.org.pt\/acores\/cidadao\/contactos\/","name":"Contactos - Tribunal Judicial da Comarca de A\u00e7ores","isPartOf":{"@id":"https:\/\/comarcas.csm.org.pt\/acores\/#website"},"datePublished":"2021-10-27T13:09:27+00:00","dateModified":"2026-03-09T16:48:55+00:00","breadcrumb":{"@id":"https:\/\/comarcas.csm.org.pt\/acores\/cidadao\/contactos\/#breadcrumb"},"inLanguage":"pt-PT","potentialAction":[{"@type":"ReadAction","target":["https:\/\/comarcas.csm.org.pt\/acores\/cidadao\/contactos\/"]}]},{"@type":"BreadcrumbList","@id":"https:\/\/comarcas.csm.org.pt\/acores\/cidadao\/contactos\/#breadcrumb","itemListElement":[{"@type":"ListItem","position":1,"name":"In\u00edcio","item":"https:\/\/comarcas.csm.org.pt\/acores\/"},{"@type":"ListItem","position":2,"name":"Cidad\u00e3o","item":"https:\/\/comarcas.csm.org.pt\/acores\/cidadao\/"},{"@type":"ListItem","position":3,"name":"Contactos"}]},{"@type":"WebSite","@id":"https:\/\/comarcas.csm.org.pt\/acores\/#website","url":"https:\/\/comarcas.csm.org.pt\/acores\/","name":"Tribunal Judicial da Comarca de A\u00e7ores","description":"Tribunal Judicial da Comarca de Aveiro","publisher":{"@id":"https:\/\/comarcas.csm.org.pt\/acores\/#organization"},"potentialAction":[{"@type":"SearchAction","target":{"@type":"EntryPoint","urlTemplate":"https:\/\/comarcas.csm.org.pt\/acores\/?s={search_term_string}"},"query-input":{"@type":"PropertyValueSpecification","valueRequired":true,"valueName":"search_term_string"}}],"inLanguage":"pt-PT"},{"@type":"Organization","@id":"https:\/\/comarcas.csm.org.pt\/acores\/#organization","name":"Tribunal Judicial da Comarca de A\u00e7ores","url":"https:\/\/comarcas.csm.org.pt\/acores\/","logo":{"@type":"ImageObject","inLanguage":"pt-PT","@id":"https:\/\/comarcas.csm.org.pt\/acores\/#\/schema\/logo\/image\/","url":"https:\/\/comarcas.csm.org.pt\/acores\/wp-content\/uploads\/sites\/20\/2024\/11\/Ac\u2560oores_positivo-horizontal.png","contentUrl":"https:\/\/comarcas.csm.org.pt\/acores\/wp-content\/uploads\/sites\/20\/2024\/11\/Ac\u2560oores_positivo-horizontal.png","width":5449,"height":890,"caption":"Tribunal Judicial da Comarca de A\u00e7ores"},"image":{"@id":"https:\/\/comarcas.csm.org.pt\/acores\/#\/schema\/logo\/image\/"}}]}},"_links":{"self":[{"href":"https:\/\/comarcas.csm.org.pt\/acores\/wp-json\/wp\/v2\/pages\/2450","targetHints":{"allow":["GET"]}}],"collection":[{"href":"https:\/\/comarcas.csm.org.pt\/acores\/wp-json\/wp\/v2\/pages"}],"about":[{"href":"https:\/\/comarcas.csm.org.pt\/acores\/wp-json\/wp\/v2\/types\/page"}],"author":[{"embeddable":true,"href":"https:\/\/comarcas.csm.org.pt\/acores\/wp-json\/wp\/v2\/users\/1"}],"replies":[{"embeddable":true,"href":"https:\/\/comarcas.csm.org.pt\/acores\/wp-json\/wp\/v2\/comments?post=2450"}],"version-history":[{"count":173,"href":"https:\/\/comarcas.csm.org.pt\/acores\/wp-json\/wp\/v2\/pages\/2450\/revisions"}],"predecessor-version":[{"id":12770,"href":"https:\/\/comarcas.csm.org.pt\/acores\/wp-json\/wp\/v2\/pages\/2450\/revisions\/12770"}],"up":[{"embeddable":true,"href":"https:\/\/comarcas.csm.org.pt\/acores\/wp-json\/wp\/v2\/pages\/11404"}],"wp:attachment":[{"href":"https:\/\/comarcas.csm.org.pt\/acores\/wp-json\/wp\/v2\/media?parent=2450"}],"curies":[{"name":"wp","href":"https:\/\/api.w.org\/{rel}","templated":true}]}}