{"id":11361,"date":"2024-05-22T11:36:25","date_gmt":"2024-05-22T11:36:25","guid":{"rendered":"https:\/\/aveiro.vvr.pt\/?page_id=11361"},"modified":"2025-07-01T11:41:09","modified_gmt":"2025-07-01T11:41:09","slug":"biblioteca","status":"publish","type":"page","link":"https:\/\/comarcas.csm.org.pt\/aveiro\/jurisprudencia\/biblioteca\/","title":{"rendered":"Biblioteca"},"content":{"rendered":"\t\t<div data-elementor-type=\"wp-page\" data-elementor-id=\"11361\" class=\"elementor elementor-11361\" data-elementor-post-type=\"page\">\n\t\t\t\t<div class=\"elementor-element elementor-element-f80d4dc e-flex e-con-boxed e-con e-parent\" data-id=\"f80d4dc\" data-element_type=\"container\">\n\t\t\t\t\t<div class=\"e-con-inner\">\n\t\t<div class=\"elementor-element elementor-element-ce73526 e-con-full e-flex e-con e-child\" data-id=\"ce73526\" data-element_type=\"container\">\n\t\t\t\t<div class=\"elementor-element elementor-element-d04db7c elementor-widget elementor-widget-heading\" data-id=\"d04db7c\" data-element_type=\"widget\" data-widget_type=\"heading.default\">\n\t\t\t\t<div class=\"elementor-widget-container\">\n\t\t\t\t\t<h2 class=\"elementor-heading-title elementor-size-default\">Biblioteca da Comarca de Aveiro<\/h2>\t\t\t\t<\/div>\n\t\t\t\t<\/div>\n\t\t\t\t<div class=\"elementor-element elementor-element-723a14d elementor-widget elementor-widget-text-editor\" data-id=\"723a14d\" data-element_type=\"widget\" data-widget_type=\"text-editor.default\">\n\t\t\t\t<div class=\"elementor-widget-container\">\n\t\t\t\t\t\t\t\t\t<p><\/p>\n<p>Para mais informa\u00e7\u00f5es sobre o esp\u00f3lio bibliogr\u00e1fico da Comarca, entre em contacto com o Gabinete de Apoio aos \u00d3rg\u00e3os de Gest\u00e3o.<\/p>\t\t\t\t\t\t\t\t<\/div>\n\t\t\t\t<\/div>\n\t\t\t\t<\/div>\n\t\t\t\t<div class=\"elementor-element elementor-element-0fd9315 elementor-widget elementor-widget-image\" data-id=\"0fd9315\" data-element_type=\"widget\" data-widget_type=\"image.default\">\n\t\t\t\t<div class=\"elementor-widget-container\">\n\t\t\t\t\t\t\t\t\t\t\t\t\t\t\t<img fetchpriority=\"high\" decoding=\"async\" width=\"300\" height=\"300\" src=\"https:\/\/comarcas.csm.org.pt\/aveiro\/wp-content\/uploads\/sites\/5\/2025\/06\/WhatsApp-Image-2025-06-24-at-12.27.30-1-300x300.jpeg\" class=\"attachment-medium size-medium wp-image-12588\" alt=\"\" srcset=\"https:\/\/comarcas.csm.org.pt\/aveiro\/wp-content\/uploads\/sites\/5\/2025\/06\/WhatsApp-Image-2025-06-24-at-12.27.30-1-300x300.jpeg 300w, https:\/\/comarcas.csm.org.pt\/aveiro\/wp-content\/uploads\/sites\/5\/2025\/06\/WhatsApp-Image-2025-06-24-at-12.27.30-1-150x150.jpeg 150w, https:\/\/comarcas.csm.org.pt\/aveiro\/wp-content\/uploads\/sites\/5\/2025\/06\/WhatsApp-Image-2025-06-24-at-12.27.30-1-768x768.jpeg 768w, https:\/\/comarcas.csm.org.pt\/aveiro\/wp-content\/uploads\/sites\/5\/2025\/06\/WhatsApp-Image-2025-06-24-at-12.27.30-1.jpeg 1024w\" sizes=\"(max-width: 300px) 100vw, 300px\" \/>\t\t\t\t\t\t\t\t\t\t\t\t\t\t\t<\/div>\n\t\t\t\t<\/div>\n\t\t\t\t\t<\/div>\n\t\t\t\t<\/div>\n\t\t<div class=\"elementor-element elementor-element-5de16cf e-flex e-con-boxed e-con e-parent\" data-id=\"5de16cf\" data-element_type=\"container\">\n\t\t\t\t\t<div class=\"e-con-inner\">\n\t\t\t\t<div class=\"elementor-element elementor-element-171d7c4 elementor-widget-divider--view-line elementor-widget elementor-widget-divider\" data-id=\"171d7c4\" data-element_type=\"widget\" data-widget_type=\"divider.default\">\n\t\t\t\t<div class=\"elementor-widget-container\">\n\t\t\t\t\t\t\t<div class=\"elementor-divider\">\n\t\t\t<span class=\"elementor-divider-separator\">\n\t\t\t\t\t\t<\/span>\n\t\t<\/div>\n\t\t\t\t\t\t<\/div>\n\t\t\t\t<\/div>\n\t\t\t\t\t<\/div>\n\t\t\t\t<\/div>\n\t\t<div class=\"elementor-element elementor-element-98e3457 e-grid e-con-boxed e-con e-parent\" data-id=\"98e3457\" data-element_type=\"container\">\n\t\t\t\t\t<div class=\"e-con-inner\">\n\t\t\t\t<div class=\"elementor-element elementor-element-4e9c39c elementor-widget elementor-widget-heading\" data-id=\"4e9c39c\" data-element_type=\"widget\" data-widget_type=\"heading.default\">\n\t\t\t\t<div class=\"elementor-widget-container\">\n\t\t\t\t\t<h2 class=\"elementor-heading-title elementor-size-default\">Biblioteca CSM (DDIJ)<\/h2>\t\t\t\t<\/div>\n\t\t\t\t<\/div>\n\t\t\t\t<div class=\"elementor-element elementor-element-4f27b53 elementor-view-default elementor-widget elementor-widget-icon\" data-id=\"4f27b53\" data-element_type=\"widget\" data-widget_type=\"icon.default\">\n\t\t\t\t<div class=\"elementor-widget-container\">\n\t\t\t\t\t\t\t<div class=\"elementor-icon-wrapper\">\n\t\t\t<a class=\"elementor-icon\" href=\"https:\/\/csm.org.pt\/o-conselho-superior-da-magistratura\/servicos\/ddij\/\">\n\t\t\t<svg aria-hidden=\"true\" class=\"e-font-icon-svg e-fas-book-reader\" viewBox=\"0 0 512 512\" xmlns=\"http:\/\/www.w3.org\/2000\/svg\"><path d=\"M352 96c0-53.02-42.98-96-96-96s-96 42.98-96 96 42.98 96 96 96 96-42.98 96-96zM233.59 241.1c-59.33-36.32-155.43-46.3-203.79-49.05C13.55 191.13 0 203.51 0 219.14v222.8c0 14.33 11.59 26.28 26.49 27.05 43.66 2.29 131.99 10.68 193.04 41.43 9.37 4.72 20.48-1.71 20.48-11.87V252.56c-.01-4.67-2.32-8.95-6.42-11.46zm248.61-49.05c-48.35 2.74-144.46 12.73-203.78 49.05-4.1 2.51-6.41 6.96-6.41 11.63v245.79c0 10.19 11.14 16.63 20.54 11.9 61.04-30.72 149.32-39.11 192.97-41.4 14.9-.78 26.49-12.73 26.49-27.06V219.14c-.01-15.63-13.56-28.01-29.81-27.09z\"><\/path><\/svg>\t\t\t<\/a>\n\t\t<\/div>\n\t\t\t\t\t\t<\/div>\n\t\t\t\t<\/div>\n\t\t\t\t<div class=\"elementor-element elementor-element-280c645 elementor-widget elementor-widget-heading\" data-id=\"280c645\" data-element_type=\"widget\" data-widget_type=\"heading.default\">\n\t\t\t\t<div class=\"elementor-widget-container\">\n\t\t\t\t\t<h2 class=\"elementor-heading-title elementor-size-default\">Bases Jur\u00eddico-Documentais (IGFEJ)<\/h2>\t\t\t\t<\/div>\n\t\t\t\t<\/div>\n\t\t\t\t<div class=\"elementor-element elementor-element-ff3e1b3 elementor-view-default elementor-widget elementor-widget-icon\" data-id=\"ff3e1b3\" data-element_type=\"widget\" data-widget_type=\"icon.default\">\n\t\t\t\t<div class=\"elementor-widget-container\">\n\t\t\t\t\t\t\t<div class=\"elementor-icon-wrapper\">\n\t\t\t<a class=\"elementor-icon\" href=\"https:\/\/www.dgsi.pt\/\">\n\t\t\t<svg aria-hidden=\"true\" class=\"e-font-icon-svg e-fas-book-reader\" viewBox=\"0 0 512 512\" xmlns=\"http:\/\/www.w3.org\/2000\/svg\"><path d=\"M352 96c0-53.02-42.98-96-96-96s-96 42.98-96 96 42.98 96 96 96 96-42.98 96-96zM233.59 241.1c-59.33-36.32-155.43-46.3-203.79-49.05C13.55 191.13 0 203.51 0 219.14v222.8c0 14.33 11.59 26.28 26.49 27.05 43.66 2.29 131.99 10.68 193.04 41.43 9.37 4.72 20.48-1.71 20.48-11.87V252.56c-.01-4.67-2.32-8.95-6.42-11.46zm248.61-49.05c-48.35 2.74-144.46 12.73-203.78 49.05-4.1 2.51-6.41 6.96-6.41 11.63v245.79c0 10.19 11.14 16.63 20.54 11.9 61.04-30.72 149.32-39.11 192.97-41.4 14.9-.78 26.49-12.73 26.49-27.06V219.14c-.01-15.63-13.56-28.01-29.81-27.09z\"><\/path><\/svg>\t\t\t<\/a>\n\t\t<\/div>\n\t\t\t\t\t\t<\/div>\n\t\t\t\t<\/div>\n\t\t\t\t<div class=\"elementor-element elementor-element-60aff76 elementor-widget elementor-widget-heading\" data-id=\"60aff76\" data-element_type=\"widget\" data-widget_type=\"heading.default\">\n\t\t\t\t<div class=\"elementor-widget-container\">\n\t\t\t\t\t<h2 class=\"elementor-heading-title elementor-size-default\">Biblioteca da Secretaria-Geral do Minist\u00e9rio da Justi\u00e7a (SGMJ)<\/h2>\t\t\t\t<\/div>\n\t\t\t\t<\/div>\n\t\t\t\t<div class=\"elementor-element elementor-element-e18864f elementor-view-default elementor-widget elementor-widget-icon\" data-id=\"e18864f\" data-element_type=\"widget\" data-widget_type=\"icon.default\">\n\t\t\t\t<div class=\"elementor-widget-container\">\n\t\t\t\t\t\t\t<div class=\"elementor-icon-wrapper\">\n\t\t\t<a class=\"elementor-icon\" href=\"https:\/\/sgmj.justica.gov.pt\/Servicos\/Biblioteca\/Biblioteca-da-SGMJ\">\n\t\t\t<svg aria-hidden=\"true\" class=\"e-font-icon-svg e-fas-book-reader\" viewBox=\"0 0 512 512\" xmlns=\"http:\/\/www.w3.org\/2000\/svg\"><path d=\"M352 96c0-53.02-42.98-96-96-96s-96 42.98-96 96 42.98 96 96 96 96-42.98 96-96zM233.59 241.1c-59.33-36.32-155.43-46.3-203.79-49.05C13.55 191.13 0 203.51 0 219.14v222.8c0 14.33 11.59 26.28 26.49 27.05 43.66 2.29 131.99 10.68 193.04 41.43 9.37 4.72 20.48-1.71 20.48-11.87V252.56c-.01-4.67-2.32-8.95-6.42-11.46zm248.61-49.05c-48.35 2.74-144.46 12.73-203.78 49.05-4.1 2.51-6.41 6.96-6.41 11.63v245.79c0 10.19 11.14 16.63 20.54 11.9 61.04-30.72 149.32-39.11 192.97-41.4 14.9-.78 26.49-12.73 26.49-27.06V219.14c-.01-15.63-13.56-28.01-29.81-27.09z\"><\/path><\/svg>\t\t\t<\/a>\n\t\t<\/div>\n\t\t\t\t\t\t<\/div>\n\t\t\t\t<\/div>\n\t\t\t\t<div class=\"elementor-element elementor-element-2e6d755 elementor-widget elementor-widget-heading\" data-id=\"2e6d755\" data-element_type=\"widget\" data-widget_type=\"heading.default\">\n\t\t\t\t<div class=\"elementor-widget-container\">\n\t\t\t\t\t<h2 class=\"elementor-heading-title elementor-size-default\">KOHA [Software de Gest\u00e3o Integrada de Bibliotecas Aplicado \u00e0 Justi\u00e7a]<br><br>\n\nBrevemente<\/h2>\t\t\t\t<\/div>\n\t\t\t\t<\/div>\n\t\t\t\t\t<\/div>\n\t\t\t\t<\/div>\n\t\t\t\t<\/div>\n\t\t","protected":false},"excerpt":{"rendered":"<p>Biblioteca da Comarca de Aveiro Para mais informa\u00e7\u00f5es sobre o esp\u00f3lio bibliogr\u00e1fico da Comarca, entre em contacto com o Gabinete de Apoio aos \u00d3rg\u00e3os de Gest\u00e3o. Biblioteca CSM (DDIJ) Bases Jur\u00eddico-Documentais (IGFEJ) Biblioteca da Secretaria-Geral do Minist\u00e9rio da Justi\u00e7a (SGMJ) KOHA [Software de Gest\u00e3o Integrada de Bibliotecas Aplicado \u00e0 Justi\u00e7a] Brevemente<\/p>\n","protected":false},"author":1,"featured_media":0,"parent":11351,"menu_order":0,"comment_status":"closed","ping_status":"closed","template":"","meta":{"_tbt_post_transparent":"","_tbt_post_title":"","_tbt_post_layout":"","_tbt_post_sidebar_id":"","_tbt_post_content_style":"","_tbt_post_vertical_padding":"","_tbt_post_feature":"","_tbt_post_feature_position":"","_tbt_post_header":false,"_tbt_post_footer":false},"class_list":["post-11361","page","type-page","status-publish","hentry"],"yoast_head":"<!-- This site is optimized with the Yoast SEO plugin v25.6 - https:\/\/yoast.com\/wordpress\/plugins\/seo\/ -->\n<title>Biblioteca - Tribunal Judicial da Comarca de Aveiro<\/title>\n<meta name=\"robots\" content=\"index, follow, max-snippet:-1, max-image-preview:large, max-video-preview:-1\" \/>\n<link rel=\"canonical\" href=\"https:\/\/comarcas.csm.org.pt\/aveiro\/jurisprudencia\/biblioteca\/\" \/>\n<meta property=\"og:locale\" content=\"pt_PT\" \/>\n<meta property=\"og:type\" content=\"article\" \/>\n<meta property=\"og:title\" content=\"Biblioteca - Tribunal Judicial da Comarca de Aveiro\" \/>\n<meta property=\"og:description\" content=\"Biblioteca da Comarca de Aveiro Para mais informa\u00e7\u00f5es sobre o esp\u00f3lio bibliogr\u00e1fico da Comarca, entre em contacto com o Gabinete de Apoio aos \u00d3rg\u00e3os de Gest\u00e3o. Biblioteca CSM (DDIJ) Bases Jur\u00eddico-Documentais (IGFEJ) Biblioteca da Secretaria-Geral do Minist\u00e9rio da Justi\u00e7a (SGMJ) KOHA [Software de Gest\u00e3o Integrada de Bibliotecas Aplicado \u00e0 Justi\u00e7a] Brevemente\" \/>\n<meta property=\"og:url\" content=\"https:\/\/comarcas.csm.org.pt\/aveiro\/jurisprudencia\/biblioteca\/\" \/>\n<meta property=\"og:site_name\" content=\"Tribunal Judicial da Comarca de Aveiro\" \/>\n<meta property=\"article:modified_time\" content=\"2025-07-01T11:41:09+00:00\" \/>\n<meta property=\"og:image\" content=\"https:\/\/comarcas.csm.org.pt\/aveiro\/wp-content\/uploads\/sites\/5\/2025\/06\/WhatsApp-Image-2025-06-24-at-12.27.30-1.jpeg\" \/>\n\t<meta property=\"og:image:width\" content=\"1024\" \/>\n\t<meta property=\"og:image:height\" content=\"1024\" \/>\n\t<meta property=\"og:image:type\" content=\"image\/jpeg\" \/>\n<meta name=\"twitter:card\" content=\"summary_large_image\" \/>\n<meta name=\"twitter:label1\" content=\"Tempo estimado de leitura\" \/>\n\t<meta name=\"twitter:data1\" content=\"1 minuto\" \/>\n<script type=\"application\/ld+json\" class=\"yoast-schema-graph\">{\"@context\":\"https:\/\/schema.org\",\"@graph\":[{\"@type\":\"WebPage\",\"@id\":\"https:\/\/comarcas.csm.org.pt\/aveiro\/jurisprudencia\/biblioteca\/\",\"url\":\"https:\/\/comarcas.csm.org.pt\/aveiro\/jurisprudencia\/biblioteca\/\",\"name\":\"Biblioteca - Tribunal Judicial da Comarca de Aveiro\",\"isPartOf\":{\"@id\":\"https:\/\/comarcas.csm.org.pt\/aveiro\/#website\"},\"primaryImageOfPage\":{\"@id\":\"https:\/\/comarcas.csm.org.pt\/aveiro\/jurisprudencia\/biblioteca\/#primaryimage\"},\"image\":{\"@id\":\"https:\/\/comarcas.csm.org.pt\/aveiro\/jurisprudencia\/biblioteca\/#primaryimage\"},\"thumbnailUrl\":\"https:\/\/comarcas.csm.org.pt\/aveiro\/wp-content\/uploads\/sites\/5\/2025\/06\/WhatsApp-Image-2025-06-24-at-12.27.30-1-300x300.jpeg\",\"datePublished\":\"2024-05-22T11:36:25+00:00\",\"dateModified\":\"2025-07-01T11:41:09+00:00\",\"breadcrumb\":{\"@id\":\"https:\/\/comarcas.csm.org.pt\/aveiro\/jurisprudencia\/biblioteca\/#breadcrumb\"},\"inLanguage\":\"pt-PT\",\"potentialAction\":[{\"@type\":\"ReadAction\",\"target\":[\"https:\/\/comarcas.csm.org.pt\/aveiro\/jurisprudencia\/biblioteca\/\"]}]},{\"@type\":\"ImageObject\",\"inLanguage\":\"pt-PT\",\"@id\":\"https:\/\/comarcas.csm.org.pt\/aveiro\/jurisprudencia\/biblioteca\/#primaryimage\",\"url\":\"https:\/\/comarcas.csm.org.pt\/aveiro\/wp-content\/uploads\/sites\/5\/2025\/06\/WhatsApp-Image-2025-06-24-at-12.27.30-1.jpeg\",\"contentUrl\":\"https:\/\/comarcas.csm.org.pt\/aveiro\/wp-content\/uploads\/sites\/5\/2025\/06\/WhatsApp-Image-2025-06-24-at-12.27.30-1.jpeg\",\"width\":1024,\"height\":1024},{\"@type\":\"BreadcrumbList\",\"@id\":\"https:\/\/comarcas.csm.org.pt\/aveiro\/jurisprudencia\/biblioteca\/#breadcrumb\",\"itemListElement\":[{\"@type\":\"ListItem\",\"position\":1,\"name\":\"In\u00edcio\",\"item\":\"https:\/\/comarcas.csm.org.pt\/aveiro\/\"},{\"@type\":\"ListItem\",\"position\":2,\"name\":\"Jurisprud\u00eancia\",\"item\":\"https:\/\/comarcas.csm.org.pt\/aveiro\/jurisprudencia\/\"},{\"@type\":\"ListItem\",\"position\":3,\"name\":\"Biblioteca\"}]},{\"@type\":\"WebSite\",\"@id\":\"https:\/\/comarcas.csm.org.pt\/aveiro\/#website\",\"url\":\"https:\/\/comarcas.csm.org.pt\/aveiro\/\",\"name\":\"Tribunal Judicial da Comarca de Aveiro\",\"description\":\"Tribunal Judicial da Comarca de Aveiro\",\"publisher\":{\"@id\":\"https:\/\/comarcas.csm.org.pt\/aveiro\/#organization\"},\"potentialAction\":[{\"@type\":\"SearchAction\",\"target\":{\"@type\":\"EntryPoint\",\"urlTemplate\":\"https:\/\/comarcas.csm.org.pt\/aveiro\/?s={search_term_string}\"},\"query-input\":{\"@type\":\"PropertyValueSpecification\",\"valueRequired\":true,\"valueName\":\"search_term_string\"}}],\"inLanguage\":\"pt-PT\"},{\"@type\":\"Organization\",\"@id\":\"https:\/\/comarcas.csm.org.pt\/aveiro\/#organization\",\"name\":\"Tribunal Judicial da Comarca de Aveiro\",\"url\":\"https:\/\/comarcas.csm.org.pt\/aveiro\/\",\"logo\":{\"@type\":\"ImageObject\",\"inLanguage\":\"pt-PT\",\"@id\":\"https:\/\/comarcas.csm.org.pt\/aveiro\/#\/schema\/logo\/image\/\",\"url\":\"https:\/\/comarcas.csm.org.pt\/aveiro\/wp-content\/uploads\/sites\/5\/2024\/09\/Aveiro_positivo-horizontal-1.png\",\"contentUrl\":\"https:\/\/comarcas.csm.org.pt\/aveiro\/wp-content\/uploads\/sites\/5\/2024\/09\/Aveiro_positivo-horizontal-1.png\",\"width\":5153,\"height\":890,\"caption\":\"Tribunal Judicial da Comarca de Aveiro\"},\"image\":{\"@id\":\"https:\/\/comarcas.csm.org.pt\/aveiro\/#\/schema\/logo\/image\/\"}}]}<\/script>\n<!-- \/ Yoast SEO plugin. -->","yoast_head_json":{"title":"Biblioteca - Tribunal Judicial da Comarca de Aveiro","robots":{"index":"index","follow":"follow","max-snippet":"max-snippet:-1","max-image-preview":"max-image-preview:large","max-video-preview":"max-video-preview:-1"},"canonical":"https:\/\/comarcas.csm.org.pt\/aveiro\/jurisprudencia\/biblioteca\/","og_locale":"pt_PT","og_type":"article","og_title":"Biblioteca - Tribunal Judicial da Comarca de Aveiro","og_description":"Biblioteca da Comarca de Aveiro Para mais informa\u00e7\u00f5es sobre o esp\u00f3lio bibliogr\u00e1fico da Comarca, entre em contacto com o Gabinete de Apoio aos \u00d3rg\u00e3os de Gest\u00e3o. Biblioteca CSM (DDIJ) Bases Jur\u00eddico-Documentais (IGFEJ) Biblioteca da Secretaria-Geral do Minist\u00e9rio da Justi\u00e7a (SGMJ) KOHA [Software de Gest\u00e3o Integrada de Bibliotecas Aplicado \u00e0 Justi\u00e7a] Brevemente","og_url":"https:\/\/comarcas.csm.org.pt\/aveiro\/jurisprudencia\/biblioteca\/","og_site_name":"Tribunal Judicial da Comarca de Aveiro","article_modified_time":"2025-07-01T11:41:09+00:00","og_image":[{"width":1024,"height":1024,"url":"https:\/\/comarcas.csm.org.pt\/aveiro\/wp-content\/uploads\/sites\/5\/2025\/06\/WhatsApp-Image-2025-06-24-at-12.27.30-1.jpeg","type":"image\/jpeg"}],"twitter_card":"summary_large_image","twitter_misc":{"Tempo estimado de leitura":"1 minuto"},"schema":{"@context":"https:\/\/schema.org","@graph":[{"@type":"WebPage","@id":"https:\/\/comarcas.csm.org.pt\/aveiro\/jurisprudencia\/biblioteca\/","url":"https:\/\/comarcas.csm.org.pt\/aveiro\/jurisprudencia\/biblioteca\/","name":"Biblioteca - Tribunal Judicial da Comarca de Aveiro","isPartOf":{"@id":"https:\/\/comarcas.csm.org.pt\/aveiro\/#website"},"primaryImageOfPage":{"@id":"https:\/\/comarcas.csm.org.pt\/aveiro\/jurisprudencia\/biblioteca\/#primaryimage"},"image":{"@id":"https:\/\/comarcas.csm.org.pt\/aveiro\/jurisprudencia\/biblioteca\/#primaryimage"},"thumbnailUrl":"https:\/\/comarcas.csm.org.pt\/aveiro\/wp-content\/uploads\/sites\/5\/2025\/06\/WhatsApp-Image-2025-06-24-at-12.27.30-1-300x300.jpeg","datePublished":"2024-05-22T11:36:25+00:00","dateModified":"2025-07-01T11:41:09+00:00","breadcrumb":{"@id":"https:\/\/comarcas.csm.org.pt\/aveiro\/jurisprudencia\/biblioteca\/#breadcrumb"},"inLanguage":"pt-PT","potentialAction":[{"@type":"ReadAction","target":["https:\/\/comarcas.csm.org.pt\/aveiro\/jurisprudencia\/biblioteca\/"]}]},{"@type":"ImageObject","inLanguage":"pt-PT","@id":"https:\/\/comarcas.csm.org.pt\/aveiro\/jurisprudencia\/biblioteca\/#primaryimage","url":"https:\/\/comarcas.csm.org.pt\/aveiro\/wp-content\/uploads\/sites\/5\/2025\/06\/WhatsApp-Image-2025-06-24-at-12.27.30-1.jpeg","contentUrl":"https:\/\/comarcas.csm.org.pt\/aveiro\/wp-content\/uploads\/sites\/5\/2025\/06\/WhatsApp-Image-2025-06-24-at-12.27.30-1.jpeg","width":1024,"height":1024},{"@type":"BreadcrumbList","@id":"https:\/\/comarcas.csm.org.pt\/aveiro\/jurisprudencia\/biblioteca\/#breadcrumb","itemListElement":[{"@type":"ListItem","position":1,"name":"In\u00edcio","item":"https:\/\/comarcas.csm.org.pt\/aveiro\/"},{"@type":"ListItem","position":2,"name":"Jurisprud\u00eancia","item":"https:\/\/comarcas.csm.org.pt\/aveiro\/jurisprudencia\/"},{"@type":"ListItem","position":3,"name":"Biblioteca"}]},{"@type":"WebSite","@id":"https:\/\/comarcas.csm.org.pt\/aveiro\/#website","url":"https:\/\/comarcas.csm.org.pt\/aveiro\/","name":"Tribunal Judicial da Comarca de Aveiro","description":"Tribunal Judicial da Comarca de Aveiro","publisher":{"@id":"https:\/\/comarcas.csm.org.pt\/aveiro\/#organization"},"potentialAction":[{"@type":"SearchAction","target":{"@type":"EntryPoint","urlTemplate":"https:\/\/comarcas.csm.org.pt\/aveiro\/?s={search_term_string}"},"query-input":{"@type":"PropertyValueSpecification","valueRequired":true,"valueName":"search_term_string"}}],"inLanguage":"pt-PT"},{"@type":"Organization","@id":"https:\/\/comarcas.csm.org.pt\/aveiro\/#organization","name":"Tribunal Judicial da Comarca de Aveiro","url":"https:\/\/comarcas.csm.org.pt\/aveiro\/","logo":{"@type":"ImageObject","inLanguage":"pt-PT","@id":"https:\/\/comarcas.csm.org.pt\/aveiro\/#\/schema\/logo\/image\/","url":"https:\/\/comarcas.csm.org.pt\/aveiro\/wp-content\/uploads\/sites\/5\/2024\/09\/Aveiro_positivo-horizontal-1.png","contentUrl":"https:\/\/comarcas.csm.org.pt\/aveiro\/wp-content\/uploads\/sites\/5\/2024\/09\/Aveiro_positivo-horizontal-1.png","width":5153,"height":890,"caption":"Tribunal Judicial da Comarca de Aveiro"},"image":{"@id":"https:\/\/comarcas.csm.org.pt\/aveiro\/#\/schema\/logo\/image\/"}}]}},"_links":{"self":[{"href":"https:\/\/comarcas.csm.org.pt\/aveiro\/wp-json\/wp\/v2\/pages\/11361","targetHints":{"allow":["GET"]}}],"collection":[{"href":"https:\/\/comarcas.csm.org.pt\/aveiro\/wp-json\/wp\/v2\/pages"}],"about":[{"href":"https:\/\/comarcas.csm.org.pt\/aveiro\/wp-json\/wp\/v2\/types\/page"}],"author":[{"embeddable":true,"href":"https:\/\/comarcas.csm.org.pt\/aveiro\/wp-json\/wp\/v2\/users\/1"}],"replies":[{"embeddable":true,"href":"https:\/\/comarcas.csm.org.pt\/aveiro\/wp-json\/wp\/v2\/comments?post=11361"}],"version-history":[{"count":22,"href":"https:\/\/comarcas.csm.org.pt\/aveiro\/wp-json\/wp\/v2\/pages\/11361\/revisions"}],"predecessor-version":[{"id":12650,"href":"https:\/\/comarcas.csm.org.pt\/aveiro\/wp-json\/wp\/v2\/pages\/11361\/revisions\/12650"}],"up":[{"embeddable":true,"href":"https:\/\/comarcas.csm.org.pt\/aveiro\/wp-json\/wp\/v2\/pages\/11351"}],"wp:attachment":[{"href":"https:\/\/comarcas.csm.org.pt\/aveiro\/wp-json\/wp\/v2\/media?parent=11361"}],"curies":[{"name":"wp","href":"https:\/\/api.w.org\/{rel}","templated":true}]}}