{"id":11281,"date":"2024-05-21T09:25:59","date_gmt":"2024-05-21T09:25:59","guid":{"rendered":"https:\/\/aveiro.vvr.pt\/?page_id=11281"},"modified":"2025-12-05T15:54:45","modified_gmt":"2025-12-05T15:54:45","slug":"organograma","status":"publish","type":"page","link":"https:\/\/comarcas.csm.org.pt\/beja\/acomarca\/organograma\/","title":{"rendered":"Organograma"},"content":{"rendered":"\t\t<div data-elementor-type=\"wp-page\" data-elementor-id=\"11281\" class=\"elementor elementor-11281\" data-elementor-post-type=\"page\">\n\t\t\t\t<div class=\"elementor-element elementor-element-31cb28a e-flex e-con-boxed e-con e-parent\" data-id=\"31cb28a\" data-element_type=\"container\">\n\t\t\t\t\t<div class=\"e-con-inner\">\n\t\t<div class=\"elementor-element elementor-element-4b6e899 e-con-full e-flex e-con e-child\" data-id=\"4b6e899\" data-element_type=\"container\">\n\t\t\t\t<div class=\"elementor-element elementor-element-15b2ab7 elementor-widget elementor-widget-image-box\" data-id=\"15b2ab7\" data-element_type=\"widget\" data-widget_type=\"image-box.default\">\n\t\t\t\t<div class=\"elementor-widget-container\">\n\t\t\t\t\t<div class=\"elementor-image-box-wrapper\"><div class=\"elementor-image-box-content\"><h3 class=\"elementor-image-box-title\">Juiz Presidente da Comarca de Beja<\/h3><p class=\"elementor-image-box-description\">Dra. Maria das Merc\u00eas Parreira Cabral Cruz Nascimento\n<\/p><\/div><\/div>\t\t\t\t<\/div>\n\t\t\t\t<\/div>\n\t\t\t\t<\/div>\n\t\t<div class=\"elementor-element elementor-element-0ccdd8c e-con-full e-flex e-con e-child\" data-id=\"0ccdd8c\" data-element_type=\"container\">\n\t\t\t\t<div class=\"elementor-element elementor-element-52abddc elementor-widget elementor-widget-image-box\" data-id=\"52abddc\" data-element_type=\"widget\" data-widget_type=\"image-box.default\">\n\t\t\t\t<div class=\"elementor-widget-container\">\n\t\t\t\t\t<div class=\"elementor-image-box-wrapper\"><div class=\"elementor-image-box-content\"><h3 class=\"elementor-image-box-title\">Magistrado do Minist\u00e9rio P\u00fablico Coordenador<\/h3><p class=\"elementor-image-box-description\">Dra. Teresa Augusta Faria Os\u00f3rio da Silva de Noronha<\/p><\/div><\/div>\t\t\t\t<\/div>\n\t\t\t\t<\/div>\n\t\t\t\t<\/div>\n\t\t<div class=\"elementor-element elementor-element-ac031e3 e-con-full e-flex e-con e-child\" data-id=\"ac031e3\" data-element_type=\"container\">\n\t\t\t\t<div class=\"elementor-element elementor-element-3563601 elementor-widget elementor-widget-image-box\" data-id=\"3563601\" data-element_type=\"widget\" data-widget_type=\"image-box.default\">\n\t\t\t\t<div class=\"elementor-widget-container\">\n\t\t\t\t\t<div class=\"elementor-image-box-wrapper\"><div class=\"elementor-image-box-content\"><h3 class=\"elementor-image-box-title\">Administrador Judici\u00e1rio<\/h3><p class=\"elementor-image-box-description\">Dr. Victor Manuel Duarte Mendes<\/p><\/div><\/div>\t\t\t\t<\/div>\n\t\t\t\t<\/div>\n\t\t\t\t<\/div>\n\t\t\t\t\t<\/div>\n\t\t\t\t<\/div>\n\t\t\t\t<\/div>\n\t\t","protected":false},"excerpt":{"rendered":"<p>Juiz Presidente da Comarca de Beja Dra. Maria das Merc\u00eas Parreira Cabral Cruz Nascimento Magistrado do Minist\u00e9rio P\u00fablico Coordenador Dra. Teresa Augusta Faria Os\u00f3rio da Silva de Noronha Administrador Judici\u00e1rio Dr. Victor Manuel Duarte Mendes<\/p>\n","protected":false},"author":1,"featured_media":0,"parent":2242,"menu_order":0,"comment_status":"closed","ping_status":"closed","template":"","meta":{"_tbt_post_transparent":"","_tbt_post_title":"","_tbt_post_layout":"","_tbt_post_sidebar_id":"","_tbt_post_content_style":"","_tbt_post_vertical_padding":"","_tbt_post_feature":"","_tbt_post_feature_position":"","_tbt_post_header":false,"_tbt_post_footer":false},"class_list":["post-11281","page","type-page","status-publish","hentry"],"yoast_head":"<!-- This site is optimized with the Yoast SEO plugin v25.6 - https:\/\/yoast.com\/wordpress\/plugins\/seo\/ -->\n<title>Organograma - Tribunal Judicial da Comarca de Beja<\/title>\n<meta name=\"robots\" content=\"index, follow, max-snippet:-1, max-image-preview:large, max-video-preview:-1\" \/>\n<link rel=\"canonical\" href=\"https:\/\/comarcas.csm.org.pt\/beja\/acomarca\/organograma\/\" \/>\n<meta property=\"og:locale\" content=\"pt_PT\" \/>\n<meta property=\"og:type\" content=\"article\" \/>\n<meta property=\"og:title\" content=\"Organograma - Tribunal Judicial da Comarca de Beja\" \/>\n<meta property=\"og:description\" content=\"Juiz Presidente da Comarca de Beja Dra. Maria das Merc\u00eas Parreira Cabral Cruz Nascimento Magistrado do Minist\u00e9rio P\u00fablico Coordenador Dra. Teresa Augusta Faria Os\u00f3rio da Silva de Noronha Administrador Judici\u00e1rio Dr. Victor Manuel Duarte Mendes\" \/>\n<meta property=\"og:url\" content=\"https:\/\/comarcas.csm.org.pt\/beja\/acomarca\/organograma\/\" \/>\n<meta property=\"og:site_name\" content=\"Tribunal Judicial da Comarca de Beja\" \/>\n<meta property=\"article:modified_time\" content=\"2025-12-05T15:54:45+00:00\" \/>\n<meta name=\"twitter:card\" content=\"summary_large_image\" \/>\n<meta name=\"twitter:label1\" content=\"Tempo estimado de leitura\" \/>\n\t<meta name=\"twitter:data1\" content=\"1 minuto\" \/>\n<script type=\"application\/ld+json\" class=\"yoast-schema-graph\">{\"@context\":\"https:\/\/schema.org\",\"@graph\":[{\"@type\":\"WebPage\",\"@id\":\"https:\/\/comarcas.csm.org.pt\/beja\/acomarca\/organograma\/\",\"url\":\"https:\/\/comarcas.csm.org.pt\/beja\/acomarca\/organograma\/\",\"name\":\"Organograma - Tribunal Judicial da Comarca de Beja\",\"isPartOf\":{\"@id\":\"https:\/\/comarcas.csm.org.pt\/beja\/#website\"},\"datePublished\":\"2024-05-21T09:25:59+00:00\",\"dateModified\":\"2025-12-05T15:54:45+00:00\",\"breadcrumb\":{\"@id\":\"https:\/\/comarcas.csm.org.pt\/beja\/acomarca\/organograma\/#breadcrumb\"},\"inLanguage\":\"pt-PT\",\"potentialAction\":[{\"@type\":\"ReadAction\",\"target\":[\"https:\/\/comarcas.csm.org.pt\/beja\/acomarca\/organograma\/\"]}]},{\"@type\":\"BreadcrumbList\",\"@id\":\"https:\/\/comarcas.csm.org.pt\/beja\/acomarca\/organograma\/#breadcrumb\",\"itemListElement\":[{\"@type\":\"ListItem\",\"position\":1,\"name\":\"In\u00edcio\",\"item\":\"https:\/\/comarcas.csm.org.pt\/beja\/\"},{\"@type\":\"ListItem\",\"position\":2,\"name\":\"A Comarca\",\"item\":\"https:\/\/comarcas.csm.org.pt\/beja\/acomarca\/\"},{\"@type\":\"ListItem\",\"position\":3,\"name\":\"Organograma\"}]},{\"@type\":\"WebSite\",\"@id\":\"https:\/\/comarcas.csm.org.pt\/beja\/#website\",\"url\":\"https:\/\/comarcas.csm.org.pt\/beja\/\",\"name\":\"Tribunal Judicial da Comarca de Beja\",\"description\":\"Tribunal Judicial da Comarca de Beja\",\"publisher\":{\"@id\":\"https:\/\/comarcas.csm.org.pt\/beja\/#organization\"},\"potentialAction\":[{\"@type\":\"SearchAction\",\"target\":{\"@type\":\"EntryPoint\",\"urlTemplate\":\"https:\/\/comarcas.csm.org.pt\/beja\/?s={search_term_string}\"},\"query-input\":{\"@type\":\"PropertyValueSpecification\",\"valueRequired\":true,\"valueName\":\"search_term_string\"}}],\"inLanguage\":\"pt-PT\"},{\"@type\":\"Organization\",\"@id\":\"https:\/\/comarcas.csm.org.pt\/beja\/#organization\",\"name\":\"Tribunal Judicial da Comarca de Beja\",\"url\":\"https:\/\/comarcas.csm.org.pt\/beja\/\",\"logo\":{\"@type\":\"ImageObject\",\"inLanguage\":\"pt-PT\",\"@id\":\"https:\/\/comarcas.csm.org.pt\/beja\/#\/schema\/logo\/image\/\",\"url\":\"https:\/\/comarcas.csm.org.pt\/beja\/wp-content\/uploads\/sites\/8\/2024\/11\/Beja_positivo-horizontal.png\",\"contentUrl\":\"https:\/\/comarcas.csm.org.pt\/beja\/wp-content\/uploads\/sites\/8\/2024\/11\/Beja_positivo-horizontal.png\",\"width\":4807,\"height\":890,\"caption\":\"Tribunal Judicial da Comarca de Beja\"},\"image\":{\"@id\":\"https:\/\/comarcas.csm.org.pt\/beja\/#\/schema\/logo\/image\/\"}}]}<\/script>\n<!-- \/ Yoast SEO plugin. -->","yoast_head_json":{"title":"Organograma - Tribunal Judicial da Comarca de Beja","robots":{"index":"index","follow":"follow","max-snippet":"max-snippet:-1","max-image-preview":"max-image-preview:large","max-video-preview":"max-video-preview:-1"},"canonical":"https:\/\/comarcas.csm.org.pt\/beja\/acomarca\/organograma\/","og_locale":"pt_PT","og_type":"article","og_title":"Organograma - Tribunal Judicial da Comarca de Beja","og_description":"Juiz Presidente da Comarca de Beja Dra. Maria das Merc\u00eas Parreira Cabral Cruz Nascimento Magistrado do Minist\u00e9rio P\u00fablico Coordenador Dra. Teresa Augusta Faria Os\u00f3rio da Silva de Noronha Administrador Judici\u00e1rio Dr. Victor Manuel Duarte Mendes","og_url":"https:\/\/comarcas.csm.org.pt\/beja\/acomarca\/organograma\/","og_site_name":"Tribunal Judicial da Comarca de Beja","article_modified_time":"2025-12-05T15:54:45+00:00","twitter_card":"summary_large_image","twitter_misc":{"Tempo estimado de leitura":"1 minuto"},"schema":{"@context":"https:\/\/schema.org","@graph":[{"@type":"WebPage","@id":"https:\/\/comarcas.csm.org.pt\/beja\/acomarca\/organograma\/","url":"https:\/\/comarcas.csm.org.pt\/beja\/acomarca\/organograma\/","name":"Organograma - Tribunal Judicial da Comarca de Beja","isPartOf":{"@id":"https:\/\/comarcas.csm.org.pt\/beja\/#website"},"datePublished":"2024-05-21T09:25:59+00:00","dateModified":"2025-12-05T15:54:45+00:00","breadcrumb":{"@id":"https:\/\/comarcas.csm.org.pt\/beja\/acomarca\/organograma\/#breadcrumb"},"inLanguage":"pt-PT","potentialAction":[{"@type":"ReadAction","target":["https:\/\/comarcas.csm.org.pt\/beja\/acomarca\/organograma\/"]}]},{"@type":"BreadcrumbList","@id":"https:\/\/comarcas.csm.org.pt\/beja\/acomarca\/organograma\/#breadcrumb","itemListElement":[{"@type":"ListItem","position":1,"name":"In\u00edcio","item":"https:\/\/comarcas.csm.org.pt\/beja\/"},{"@type":"ListItem","position":2,"name":"A Comarca","item":"https:\/\/comarcas.csm.org.pt\/beja\/acomarca\/"},{"@type":"ListItem","position":3,"name":"Organograma"}]},{"@type":"WebSite","@id":"https:\/\/comarcas.csm.org.pt\/beja\/#website","url":"https:\/\/comarcas.csm.org.pt\/beja\/","name":"Tribunal Judicial da Comarca de Beja","description":"Tribunal Judicial da Comarca de Beja","publisher":{"@id":"https:\/\/comarcas.csm.org.pt\/beja\/#organization"},"potentialAction":[{"@type":"SearchAction","target":{"@type":"EntryPoint","urlTemplate":"https:\/\/comarcas.csm.org.pt\/beja\/?s={search_term_string}"},"query-input":{"@type":"PropertyValueSpecification","valueRequired":true,"valueName":"search_term_string"}}],"inLanguage":"pt-PT"},{"@type":"Organization","@id":"https:\/\/comarcas.csm.org.pt\/beja\/#organization","name":"Tribunal Judicial da Comarca de Beja","url":"https:\/\/comarcas.csm.org.pt\/beja\/","logo":{"@type":"ImageObject","inLanguage":"pt-PT","@id":"https:\/\/comarcas.csm.org.pt\/beja\/#\/schema\/logo\/image\/","url":"https:\/\/comarcas.csm.org.pt\/beja\/wp-content\/uploads\/sites\/8\/2024\/11\/Beja_positivo-horizontal.png","contentUrl":"https:\/\/comarcas.csm.org.pt\/beja\/wp-content\/uploads\/sites\/8\/2024\/11\/Beja_positivo-horizontal.png","width":4807,"height":890,"caption":"Tribunal Judicial da Comarca de Beja"},"image":{"@id":"https:\/\/comarcas.csm.org.pt\/beja\/#\/schema\/logo\/image\/"}}]}},"_links":{"self":[{"href":"https:\/\/comarcas.csm.org.pt\/beja\/wp-json\/wp\/v2\/pages\/11281","targetHints":{"allow":["GET"]}}],"collection":[{"href":"https:\/\/comarcas.csm.org.pt\/beja\/wp-json\/wp\/v2\/pages"}],"about":[{"href":"https:\/\/comarcas.csm.org.pt\/beja\/wp-json\/wp\/v2\/types\/page"}],"author":[{"embeddable":true,"href":"https:\/\/comarcas.csm.org.pt\/beja\/wp-json\/wp\/v2\/users\/1"}],"replies":[{"embeddable":true,"href":"https:\/\/comarcas.csm.org.pt\/beja\/wp-json\/wp\/v2\/comments?post=11281"}],"version-history":[{"count":52,"href":"https:\/\/comarcas.csm.org.pt\/beja\/wp-json\/wp\/v2\/pages\/11281\/revisions"}],"predecessor-version":[{"id":12057,"href":"https:\/\/comarcas.csm.org.pt\/beja\/wp-json\/wp\/v2\/pages\/11281\/revisions\/12057"}],"up":[{"embeddable":true,"href":"https:\/\/comarcas.csm.org.pt\/beja\/wp-json\/wp\/v2\/pages\/2242"}],"wp:attachment":[{"href":"https:\/\/comarcas.csm.org.pt\/beja\/wp-json\/wp\/v2\/media?parent=11281"}],"curies":[{"name":"wp","href":"https:\/\/api.w.org\/{rel}","templated":true}]}}