{"id":11359,"date":"2024-05-22T11:36:09","date_gmt":"2024-05-22T11:36:09","guid":{"rendered":"https:\/\/aveiro.vvr.pt\/?page_id=11359"},"modified":"2026-03-20T10:07:02","modified_gmt":"2026-03-20T10:07:02","slug":"rgpd","status":"publish","type":"page","link":"https:\/\/comarcas.csm.org.pt\/beja\/cidadao__trashed\/rgpd\/","title":{"rendered":"RGPD"},"content":{"rendered":"\t\t<div data-elementor-type=\"wp-page\" data-elementor-id=\"11359\" class=\"elementor elementor-11359\" data-elementor-post-type=\"page\">\n\t\t\t\t<div class=\"elementor-element elementor-element-be4dfc3 e-flex e-con-boxed e-con e-parent\" data-id=\"be4dfc3\" data-element_type=\"container\">\n\t\t\t\t\t<div class=\"e-con-inner\">\n\t\t\t\t<div class=\"elementor-element elementor-element-7e07987 elementor-widget elementor-widget-text-editor\" data-id=\"7e07987\" data-element_type=\"widget\" data-widget_type=\"text-editor.default\">\n\t\t\t\t<div class=\"elementor-widget-container\">\n\t\t\t\t\t\t\t\t\t\n<div class=\"elementor-element elementor-element-314341b e-flex e-con-boxed e-con e-parent e-lazyloaded\" data-id=\"314341b\" data-element_type=\"container\">\n<div class=\"e-con-inner\">\n<div class=\"elementor-element elementor-element-ffc66b5 elementor-widget elementor-widget-heading\" data-id=\"ffc66b5\" data-element_type=\"widget\" data-widget_type=\"heading.default\">\n<div class=\"elementor-widget-container\">\n<h2 class=\"elementor-heading-title elementor-size-default wp-block-heading\">Regulamento Geral de Protec\u00e7\u00e3o de Dados<\/h2>\n<\/div>\n<\/div>\n<\/div>\n<\/div>\n<div class=\"elementor-element elementor-element-8a644f2 e-flex e-con-boxed e-con e-parent e-lazyloaded\" data-id=\"8a644f2\" data-element_type=\"container\">\n<div class=\"e-con-inner\">\n<div class=\"elementor-element elementor-element-804281d elementor-widget elementor-widget-heading\" data-id=\"804281d\" data-element_type=\"widget\" data-widget_type=\"heading.default\">\n<div class=\"elementor-widget-container\">\n<h5 class=\"elementor-heading-title elementor-size-default\">Legisla\u00e7\u00e3o aplic\u00e1vel:<\/h5>\n<\/div>\n<\/div>\n<\/div>\n<\/div>\n<div class=\"elementor-element elementor-element-be4dfc3 e-flex e-con-boxed e-con e-parent e-lazyloaded\" data-id=\"be4dfc3\" data-element_type=\"container\">\n<div class=\"e-con-inner\">\n<div class=\"elementor-element elementor-element-7e07987 elementor-widget elementor-widget-text-editor\" data-id=\"7e07987\" data-element_type=\"widget\" data-widget_type=\"text-editor.default\">\n<div class=\"elementor-widget-container\">\n<h5 class=\"wp-block-heading\">Regulamento (UE) n.\u00ba 2016\/679, do Parlamento e do Conselho, de 27 de abril de 2016 relativo \u00e0 protec\u00e7\u00e3o das pessoas singulares no que diz respeito ao tratamento de dados pessoais e \u00e0 livre circula\u00e7\u00e3o desses dados e que revoga a Diretiva 95\/46\/CE<br \/><br \/><\/h5>\n<p><strong><a href=\"https:\/\/comarcas.csm.org.pt\/setubal\/wp-content\/uploads\/2024\/09\/Regulamento-679-2019.pdf\" target=\"_blank\" rel=\"noopener\">Regulamento 679-2019<\/a><\/strong><\/p>\n<h5>Lei n.\u00ba 58\/2019, de 8 de agosto (assegura a execu\u00e7\u00e3o, na ordem jur\u00eddica nacional, do Regulamento (UE) 2016\/679 do Parlamento e do Conselho, de 27 de abril de 2016<br \/><br \/><\/h5>\n<p><strong><a href=\"https:\/\/comarcas.csm.org.pt\/setubal\/wp-content\/uploads\/2024\/09\/Lei-58-2019.pdf\" target=\"_blank\" rel=\"noopener\">Lei 58-2019<\/a><\/strong><\/p>\n<h5>Lei n.\u00ba 34\/2009, de 14 de julho (aprova o regime jur\u00eddico aplic\u00e1vel ao tratamento de dados referentes ao sistema judicial)<br \/><br \/><\/h5>\n<p><strong><a href=\"https:\/\/comarcas.csm.org.pt\/setubal\/wp-content\/uploads\/2024\/09\/Lei-34-2019.pdf\" target=\"_blank\" rel=\"noopener\">Lei 34-2019<\/a><\/strong><\/p>\n<\/div>\n<\/div>\n<\/div>\n<\/div>\n<div class=\"elementor-element elementor-element-53bc56d e-flex e-con-boxed e-con e-parent e-lazyloaded\" data-id=\"53bc56d\" data-element_type=\"container\">\n<div class=\"e-con-inner\">\n<div class=\"elementor-element elementor-element-2fccc12 elementor-widget elementor-widget-heading\" data-id=\"2fccc12\" data-element_type=\"widget\" data-widget_type=\"heading.default\">\n<div class=\"elementor-widget-container\">\n<h2 class=\"elementor-heading-title elementor-size-default\">Encarregado de Protec\u00e7\u00e3o de Dados<\/h2>\n<\/div>\n<\/div>\n<\/div>\n<\/div>\n<div class=\"elementor-element elementor-element-78e25ce e-flex e-con-boxed e-con e-parent e-lazyloaded\" data-id=\"78e25ce\" data-element_type=\"container\">\n<div class=\"e-con-inner\">\n<div class=\"elementor-element elementor-element-86344bb elementor-widget elementor-widget-text-editor\" data-id=\"86344bb\" data-element_type=\"widget\" data-widget_type=\"text-editor.default\">\n<div class=\"elementor-widget-container\">\n<h4 class=\"wp-block-heading\">1. Fun\u00e7\u00f5es do DPO no \u00e2mbito da actividade administrativa do Tribunal<\/h4>\n<p>No \u00e2mbito da actividade administrativa dos Tribunais, as fun\u00e7\u00f5es do Encarregado de Protec\u00e7\u00e3o de Dados (DPO), tal como s\u00e3o descritas no Regulamento (UE) n.\u00ba 2016\/679, do Parlamento e do Conselho, de 27 de abril de 2016 (RGPD), podem ser sintetizadas no seguinte:<\/p>\n<p>. Informa\u00e7\u00e3o e aconselhamento dos Tribunais, seus funcion\u00e1rios e subcontratantes, a respeito das obriga\u00e7\u00f5es emergentes do regime de protec\u00e7\u00e3o de dados;<\/p>\n<p>. Aprecia\u00e7\u00e3o da conformidade com esse regime, das pol\u00edticas e atividades dos Tribunais, incluindo a reparti\u00e7\u00e3o de responsabilidades com subcontratados, as pr\u00e1ticas de dete\u00e7\u00e3o e resposta a eventuais viola\u00e7\u00f5es de dados pessoais, a sensibiliza\u00e7\u00e3o e forma\u00e7\u00e3o do pessoal implicado nas opera\u00e7\u00f5es de tratamento de dados e as auditorias correspondentes;<\/p>\n<p>. Coopera\u00e7\u00e3o e ponto de contacto com a autoridade de controlo.<\/p>\n<\/div>\n<\/div>\n<\/div>\n<\/div>\n<h4>2. Nomea\u00e7\u00e3o de Encarregada de Protec\u00e7\u00e3o de Dados (DPO)<\/h4>\n<p>Por delibera\u00e7\u00e3o do Plen\u00e1rio do Conselho Superior da Magistratura de 7 de maio de 2019, foi nomeada como Encarregada de Protec\u00e7\u00e3o de Dados (DPO) daquela entidade a Sra. Dra. Ana Sofia Bastos Wengorovius, Ju\u00edza de Direito, Adjunta do Gabinete do Vice-Presidente do Conselho Superior da Magistratura.<\/p>\n<p>A Encarregada de Prote\u00e7\u00e3o de Dados (DPO) pode ser contactada sobre assuntos relacionados com as suas fun\u00e7\u00f5es:<\/p>\n<p>a) Atrav\u00e9s de e-mail para o endere\u00e7o dpo.csm@csm.org.pt;<\/p>\n<p>b) Por correio para o endere\u00e7o:<br \/>Encarregado de Protec\u00e7\u00e3o de Dados (DPO)<br \/>Conselho Superior da Magistratura<br \/>Rua Duque de Palmela n.\u00ba 23<br \/>1250-097 LISBOA<\/p>\n<h4>3. Tratamento de dados nos processos judiciais<\/h4>\n<p>A actividade jurisdicional dos ju\u00edzes relativa ao tratamento de dados pessoais nos processos judiciais, para os efeitos do RGPD, \u00e9 exercida com base em regras e mecanismos de controlo espec\u00edficos (artigos 23.\u00ba, n.\u00ba 1, al\u00ednea f), RGPD e 68.\u00ba da Lei n.\u00ba 59\/2019, de 8 de agosto).<br \/>Em consequ\u00eancia, faz-se notar que as fun\u00e7\u00f5es do DPO s\u00f3 se exercem no \u00e2mbito da actividade administrativa dos Tribunais e n\u00e3o relativamente aos dados judiciais.<br \/>Deste modo, s\u00e3o assegurados pelo juiz titular do respectivo processo (artigo 24.\u00ba, n.\u00ba 7, da Lei n.\u00ba 34\/2009, de 14 de julho, a qual aprovou o regime jur\u00eddico aplic\u00e1vel ao tratamento de dados referentes ao sistema judicial):<\/p>\n<p>a) O direito de informa\u00e7\u00e3o e o direito de acesso aos dados pelo respetivo titular;<\/p>\n<p>b) A actualiza\u00e7\u00e3o dos dados, bem como a corre\u00e7\u00e3o dos que sejam inexatos, o preenchimento daqueles que total ou parcialmente omissos e a supress\u00e3o dos dados indevidamente registados.<\/p>\n<p>c) As demais compet\u00eancias previstas na Lei n.\u00ba 58\/2019, de 8 de agosto (lei de execu\u00e7\u00e3o, na ordem jur\u00eddica interna, do RGPD).<\/p>\n\t\t\t\t\t\t\t\t<\/div>\n\t\t\t\t<\/div>\n\t\t\t\t\t<\/div>\n\t\t\t\t<\/div>\n\t\t\t\t<\/div>\n\t\t","protected":false},"excerpt":{"rendered":"<p>Regulamento Geral de Protec\u00e7\u00e3o de Dados Legisla\u00e7\u00e3o aplic\u00e1vel: Regulamento (UE) n.\u00ba 2016\/679, do Parlamento e do Conselho, de 27 de abril de 2016 relativo \u00e0 protec\u00e7\u00e3o das pessoas singulares no que diz respeito ao tratamento de dados pessoais e \u00e0 livre circula\u00e7\u00e3o desses dados e que revoga a Diretiva 95\/46\/CE Regulamento 679-2019 Lei n.\u00ba 58\/2019,&#8230;<\/p>\n","protected":false},"author":1,"featured_media":0,"parent":11404,"menu_order":0,"comment_status":"closed","ping_status":"closed","template":"","meta":{"_tbt_post_transparent":"","_tbt_post_title":"","_tbt_post_layout":"","_tbt_post_sidebar_id":"","_tbt_post_content_style":"","_tbt_post_vertical_padding":"","_tbt_post_feature":"","_tbt_post_feature_position":"","_tbt_post_header":false,"_tbt_post_footer":false},"class_list":["post-11359","page","type-page","status-publish","hentry"],"yoast_head":"<!-- This site is optimized with the Yoast SEO plugin v25.6 - https:\/\/yoast.com\/wordpress\/plugins\/seo\/ -->\n<title>RGPD - Tribunal Judicial da Comarca de Beja<\/title>\n<meta name=\"robots\" content=\"index, follow, max-snippet:-1, max-image-preview:large, max-video-preview:-1\" \/>\n<link rel=\"canonical\" href=\"https:\/\/comarcas.csm.org.pt\/beja\/cidadao__trashed\/rgpd\/\" \/>\n<meta property=\"og:locale\" content=\"pt_PT\" \/>\n<meta property=\"og:type\" content=\"article\" \/>\n<meta property=\"og:title\" content=\"RGPD - Tribunal Judicial da Comarca de Beja\" \/>\n<meta property=\"og:description\" content=\"Regulamento Geral de Protec\u00e7\u00e3o de Dados Legisla\u00e7\u00e3o aplic\u00e1vel: Regulamento (UE) n.\u00ba 2016\/679, do Parlamento e do Conselho, de 27 de abril de 2016 relativo \u00e0 protec\u00e7\u00e3o das pessoas singulares no que diz respeito ao tratamento de dados pessoais e \u00e0 livre circula\u00e7\u00e3o desses dados e que revoga a Diretiva 95\/46\/CE Regulamento 679-2019 Lei n.\u00ba 58\/2019,...\" \/>\n<meta property=\"og:url\" content=\"https:\/\/comarcas.csm.org.pt\/beja\/cidadao__trashed\/rgpd\/\" \/>\n<meta property=\"og:site_name\" content=\"Tribunal Judicial da Comarca de Beja\" \/>\n<meta property=\"article:modified_time\" content=\"2026-03-20T10:07:02+00:00\" \/>\n<meta name=\"twitter:card\" content=\"summary_large_image\" \/>\n<meta name=\"twitter:label1\" content=\"Tempo estimado de leitura\" \/>\n\t<meta name=\"twitter:data1\" content=\"5 minutos\" \/>\n<script type=\"application\/ld+json\" class=\"yoast-schema-graph\">{\"@context\":\"https:\/\/schema.org\",\"@graph\":[{\"@type\":\"WebPage\",\"@id\":\"https:\/\/comarcas.csm.org.pt\/beja\/cidadao__trashed\/rgpd\/\",\"url\":\"https:\/\/comarcas.csm.org.pt\/beja\/cidadao__trashed\/rgpd\/\",\"name\":\"RGPD - Tribunal Judicial da Comarca de Beja\",\"isPartOf\":{\"@id\":\"https:\/\/comarcas.csm.org.pt\/beja\/#website\"},\"datePublished\":\"2024-05-22T11:36:09+00:00\",\"dateModified\":\"2026-03-20T10:07:02+00:00\",\"breadcrumb\":{\"@id\":\"https:\/\/comarcas.csm.org.pt\/beja\/cidadao__trashed\/rgpd\/#breadcrumb\"},\"inLanguage\":\"pt-PT\",\"potentialAction\":[{\"@type\":\"ReadAction\",\"target\":[\"https:\/\/comarcas.csm.org.pt\/beja\/cidadao__trashed\/rgpd\/\"]}]},{\"@type\":\"BreadcrumbList\",\"@id\":\"https:\/\/comarcas.csm.org.pt\/beja\/cidadao__trashed\/rgpd\/#breadcrumb\",\"itemListElement\":[{\"@type\":\"ListItem\",\"position\":1,\"name\":\"In\u00edcio\",\"item\":\"https:\/\/comarcas.csm.org.pt\/beja\/\"},{\"@type\":\"ListItem\",\"position\":2,\"name\":\"Cidad\u00e3o\",\"item\":\"https:\/\/comarcas.csm.org.pt\/beja\/?page_id=11404\"},{\"@type\":\"ListItem\",\"position\":3,\"name\":\"RGPD\"}]},{\"@type\":\"WebSite\",\"@id\":\"https:\/\/comarcas.csm.org.pt\/beja\/#website\",\"url\":\"https:\/\/comarcas.csm.org.pt\/beja\/\",\"name\":\"Tribunal Judicial da Comarca de Beja\",\"description\":\"Tribunal Judicial da Comarca de Beja\",\"publisher\":{\"@id\":\"https:\/\/comarcas.csm.org.pt\/beja\/#organization\"},\"potentialAction\":[{\"@type\":\"SearchAction\",\"target\":{\"@type\":\"EntryPoint\",\"urlTemplate\":\"https:\/\/comarcas.csm.org.pt\/beja\/?s={search_term_string}\"},\"query-input\":{\"@type\":\"PropertyValueSpecification\",\"valueRequired\":true,\"valueName\":\"search_term_string\"}}],\"inLanguage\":\"pt-PT\"},{\"@type\":\"Organization\",\"@id\":\"https:\/\/comarcas.csm.org.pt\/beja\/#organization\",\"name\":\"Tribunal Judicial da Comarca de Beja\",\"url\":\"https:\/\/comarcas.csm.org.pt\/beja\/\",\"logo\":{\"@type\":\"ImageObject\",\"inLanguage\":\"pt-PT\",\"@id\":\"https:\/\/comarcas.csm.org.pt\/beja\/#\/schema\/logo\/image\/\",\"url\":\"https:\/\/comarcas.csm.org.pt\/beja\/wp-content\/uploads\/sites\/8\/2024\/11\/Beja_positivo-horizontal.png\",\"contentUrl\":\"https:\/\/comarcas.csm.org.pt\/beja\/wp-content\/uploads\/sites\/8\/2024\/11\/Beja_positivo-horizontal.png\",\"width\":4807,\"height\":890,\"caption\":\"Tribunal Judicial da Comarca de Beja\"},\"image\":{\"@id\":\"https:\/\/comarcas.csm.org.pt\/beja\/#\/schema\/logo\/image\/\"}}]}<\/script>\n<!-- \/ Yoast SEO plugin. -->","yoast_head_json":{"title":"RGPD - Tribunal Judicial da Comarca de Beja","robots":{"index":"index","follow":"follow","max-snippet":"max-snippet:-1","max-image-preview":"max-image-preview:large","max-video-preview":"max-video-preview:-1"},"canonical":"https:\/\/comarcas.csm.org.pt\/beja\/cidadao__trashed\/rgpd\/","og_locale":"pt_PT","og_type":"article","og_title":"RGPD - Tribunal Judicial da Comarca de Beja","og_description":"Regulamento Geral de Protec\u00e7\u00e3o de Dados Legisla\u00e7\u00e3o aplic\u00e1vel: Regulamento (UE) n.\u00ba 2016\/679, do Parlamento e do Conselho, de 27 de abril de 2016 relativo \u00e0 protec\u00e7\u00e3o das pessoas singulares no que diz respeito ao tratamento de dados pessoais e \u00e0 livre circula\u00e7\u00e3o desses dados e que revoga a Diretiva 95\/46\/CE Regulamento 679-2019 Lei n.\u00ba 58\/2019,...","og_url":"https:\/\/comarcas.csm.org.pt\/beja\/cidadao__trashed\/rgpd\/","og_site_name":"Tribunal Judicial da Comarca de Beja","article_modified_time":"2026-03-20T10:07:02+00:00","twitter_card":"summary_large_image","twitter_misc":{"Tempo estimado de leitura":"5 minutos"},"schema":{"@context":"https:\/\/schema.org","@graph":[{"@type":"WebPage","@id":"https:\/\/comarcas.csm.org.pt\/beja\/cidadao__trashed\/rgpd\/","url":"https:\/\/comarcas.csm.org.pt\/beja\/cidadao__trashed\/rgpd\/","name":"RGPD - Tribunal Judicial da Comarca de Beja","isPartOf":{"@id":"https:\/\/comarcas.csm.org.pt\/beja\/#website"},"datePublished":"2024-05-22T11:36:09+00:00","dateModified":"2026-03-20T10:07:02+00:00","breadcrumb":{"@id":"https:\/\/comarcas.csm.org.pt\/beja\/cidadao__trashed\/rgpd\/#breadcrumb"},"inLanguage":"pt-PT","potentialAction":[{"@type":"ReadAction","target":["https:\/\/comarcas.csm.org.pt\/beja\/cidadao__trashed\/rgpd\/"]}]},{"@type":"BreadcrumbList","@id":"https:\/\/comarcas.csm.org.pt\/beja\/cidadao__trashed\/rgpd\/#breadcrumb","itemListElement":[{"@type":"ListItem","position":1,"name":"In\u00edcio","item":"https:\/\/comarcas.csm.org.pt\/beja\/"},{"@type":"ListItem","position":2,"name":"Cidad\u00e3o","item":"https:\/\/comarcas.csm.org.pt\/beja\/?page_id=11404"},{"@type":"ListItem","position":3,"name":"RGPD"}]},{"@type":"WebSite","@id":"https:\/\/comarcas.csm.org.pt\/beja\/#website","url":"https:\/\/comarcas.csm.org.pt\/beja\/","name":"Tribunal Judicial da Comarca de Beja","description":"Tribunal Judicial da Comarca de Beja","publisher":{"@id":"https:\/\/comarcas.csm.org.pt\/beja\/#organization"},"potentialAction":[{"@type":"SearchAction","target":{"@type":"EntryPoint","urlTemplate":"https:\/\/comarcas.csm.org.pt\/beja\/?s={search_term_string}"},"query-input":{"@type":"PropertyValueSpecification","valueRequired":true,"valueName":"search_term_string"}}],"inLanguage":"pt-PT"},{"@type":"Organization","@id":"https:\/\/comarcas.csm.org.pt\/beja\/#organization","name":"Tribunal Judicial da Comarca de Beja","url":"https:\/\/comarcas.csm.org.pt\/beja\/","logo":{"@type":"ImageObject","inLanguage":"pt-PT","@id":"https:\/\/comarcas.csm.org.pt\/beja\/#\/schema\/logo\/image\/","url":"https:\/\/comarcas.csm.org.pt\/beja\/wp-content\/uploads\/sites\/8\/2024\/11\/Beja_positivo-horizontal.png","contentUrl":"https:\/\/comarcas.csm.org.pt\/beja\/wp-content\/uploads\/sites\/8\/2024\/11\/Beja_positivo-horizontal.png","width":4807,"height":890,"caption":"Tribunal Judicial da Comarca de Beja"},"image":{"@id":"https:\/\/comarcas.csm.org.pt\/beja\/#\/schema\/logo\/image\/"}}]}},"_links":{"self":[{"href":"https:\/\/comarcas.csm.org.pt\/beja\/wp-json\/wp\/v2\/pages\/11359","targetHints":{"allow":["GET"]}}],"collection":[{"href":"https:\/\/comarcas.csm.org.pt\/beja\/wp-json\/wp\/v2\/pages"}],"about":[{"href":"https:\/\/comarcas.csm.org.pt\/beja\/wp-json\/wp\/v2\/types\/page"}],"author":[{"embeddable":true,"href":"https:\/\/comarcas.csm.org.pt\/beja\/wp-json\/wp\/v2\/users\/1"}],"replies":[{"embeddable":true,"href":"https:\/\/comarcas.csm.org.pt\/beja\/wp-json\/wp\/v2\/comments?post=11359"}],"version-history":[{"count":7,"href":"https:\/\/comarcas.csm.org.pt\/beja\/wp-json\/wp\/v2\/pages\/11359\/revisions"}],"predecessor-version":[{"id":12516,"href":"https:\/\/comarcas.csm.org.pt\/beja\/wp-json\/wp\/v2\/pages\/11359\/revisions\/12516"}],"up":[{"embeddable":true,"href":"https:\/\/comarcas.csm.org.pt\/beja\/wp-json\/wp\/v2\/pages\/11404"}],"wp:attachment":[{"href":"https:\/\/comarcas.csm.org.pt\/beja\/wp-json\/wp\/v2\/media?parent=11359"}],"curies":[{"name":"wp","href":"https:\/\/api.w.org\/{rel}","templated":true}]}}