{"id":11467,"date":"2024-06-30T21:19:48","date_gmt":"2024-06-30T21:19:48","guid":{"rendered":"https:\/\/aveiro.vvr.pt\/?page_id=11467"},"modified":"2026-03-24T09:12:44","modified_gmt":"2026-03-24T09:12:44","slug":"mensagem-do-presidente","status":"publish","type":"page","link":"https:\/\/comarcas.csm.org.pt\/beja\/acomarca\/mensagem-do-presidente\/","title":{"rendered":"Mensagem do presidente"},"content":{"rendered":"\t\t<div data-elementor-type=\"wp-page\" data-elementor-id=\"11467\" class=\"elementor elementor-11467\" data-elementor-post-type=\"page\">\n\t\t\t\t<div class=\"elementor-element elementor-element-f0b8c02 e-flex e-con-boxed e-con e-parent\" data-id=\"f0b8c02\" data-element_type=\"container\">\n\t\t\t\t\t<div class=\"e-con-inner\">\n\t\t<div class=\"elementor-element elementor-element-ed5f838 e-con-full e-flex e-con e-child\" data-id=\"ed5f838\" data-element_type=\"container\">\n\t\t\t\t<\/div>\n\t\t<div class=\"elementor-element elementor-element-fd6e0dc e-con-full e-flex e-con e-child\" data-id=\"fd6e0dc\" data-element_type=\"container\">\n\t\t\t\t<div class=\"elementor-element elementor-element-9ea1d40 elementor-widget elementor-widget-heading\" data-id=\"9ea1d40\" data-element_type=\"widget\" data-widget_type=\"heading.default\">\n\t\t\t\t<div class=\"elementor-widget-container\">\n\t\t\t\t\t<h2 class=\"elementor-heading-title elementor-size-default\">\nMensagem da Ju\u00edza Presidente do Tribunal Judicial da Comarca de Beja<\/h2>\t\t\t\t<\/div>\n\t\t\t\t<\/div>\n\t\t\t\t<div class=\"elementor-element elementor-element-495703b elementor-widget elementor-widget-text-editor\" data-id=\"495703b\" data-element_type=\"widget\" data-widget_type=\"text-editor.default\">\n\t\t\t\t<div class=\"elementor-widget-container\">\n\t\t\t\t\t\t\t\t\t<p>Seja bem-vindo(a) \u00e0 p\u00e1gina institucional do Tribunal Judicial da Comarca de Beja<\/p><p>Esta comarca corresponde ao Distrito de Beja.<br \/>\u00c9, pois, a maior comarca do pa\u00eds, em termos geogr\u00e1ficos.<\/p><p>A comarca \u00e9 integrada por catorze ju\u00edzos, sendo um de proximidade, englobados em nove n\u00facleos:<\/p><ul><li>Beja: Ju\u00edzos central c\u00edvel e criminal, Ju\u00edzo de Fam\u00edlia e Menores, Ju\u00edzo do Trabalho e Ju\u00edzos local c\u00edvel e local criminal);<\/li><li>Almod\u00f4var: Ju\u00edzo de compet\u00eancia gen\u00e9rica;<\/li><li>Cuba: Ju\u00edzo de compet\u00eancia gen\u00e9rica;<\/li><li>Ferreira do Alentejo (Ju\u00edzo de compet\u00eancia gen\u00e9rica);<\/li><li>Moura (Ju\u00edzo de compet\u00eancia gen\u00e9rica);<\/li><li>Odemira (Ju\u00edzo de compet\u00eancia gen\u00e9rica);<\/li><li>Ourique (Ju\u00edzo de compet\u00eancia gen\u00e9rica);<\/li><li>Serpa (Ju\u00edzo de compet\u00eancia gen\u00e9rica).<\/li><\/ul><p>No munic\u00edpio de M\u00e9rtola est\u00e1 instalado um ju\u00edzo de proximidade.<\/p><p>A nossa miss\u00e3o \u00e9 administrar uma Justi\u00e7a de qualidade, independente, isenta e c\u00e9lere. \u00a0\u00c9 para o que trabalhamos todos os dias. Nesta p\u00e1gina poder\u00e1 encontrar informa\u00e7\u00e3o relacionada com a atividade da Comarca, procurando-se uma maior proximidade dos cidad\u00e3os.<\/p><p>\u00a0O Tribunal Judicial da Comarca de Beja pretende tamb\u00e9m ser sempre uma porta aberta para o di\u00e1logo e para a troca de ideias, em beneficio da comunidade em que nos inserimos.<\/p><p>A Ju\u00edza Presidente do Tribunal Judicial da Comarca de Beja<\/p><p>Maria das Merc\u00eas Nascimento<\/p><p>Ju\u00edza de Direito<\/p>\t\t\t\t\t\t\t\t<\/div>\n\t\t\t\t<\/div>\n\t\t\t\t<\/div>\n\t\t\t\t\t<\/div>\n\t\t\t\t<\/div>\n\t\t\t\t<\/div>\n\t\t","protected":false},"excerpt":{"rendered":"<p>Mensagem da Ju\u00edza Presidente do Tribunal Judicial da Comarca de Beja Seja bem-vindo(a) \u00e0 p\u00e1gina institucional do Tribunal Judicial da Comarca de Beja Esta comarca corresponde ao Distrito de Beja.\u00c9, pois, a maior comarca do pa\u00eds, em termos geogr\u00e1ficos. A comarca \u00e9 integrada por catorze ju\u00edzos, sendo um de proximidade, englobados em nove n\u00facleos: Beja:&#8230;<\/p>\n","protected":false},"author":1,"featured_media":0,"parent":2242,"menu_order":0,"comment_status":"closed","ping_status":"closed","template":"","meta":{"_tbt_post_transparent":"","_tbt_post_title":"","_tbt_post_layout":"default","_tbt_post_sidebar_id":"","_tbt_post_content_style":"","_tbt_post_vertical_padding":"","_tbt_post_feature":"","_tbt_post_feature_position":"","_tbt_post_header":false,"_tbt_post_footer":false},"class_list":["post-11467","page","type-page","status-publish","hentry"],"yoast_head":"<!-- This site is optimized with the Yoast SEO plugin v25.6 - https:\/\/yoast.com\/wordpress\/plugins\/seo\/ -->\n<title>Mensagem do presidente - Tribunal Judicial da Comarca de Beja<\/title>\n<meta name=\"robots\" content=\"index, follow, max-snippet:-1, max-image-preview:large, max-video-preview:-1\" \/>\n<link rel=\"canonical\" href=\"https:\/\/comarcas.csm.org.pt\/beja\/acomarca\/mensagem-do-presidente\/\" \/>\n<meta property=\"og:locale\" content=\"pt_PT\" \/>\n<meta property=\"og:type\" content=\"article\" \/>\n<meta property=\"og:title\" content=\"Mensagem do presidente - Tribunal Judicial da Comarca de Beja\" \/>\n<meta property=\"og:description\" content=\"Mensagem da Ju\u00edza Presidente do Tribunal Judicial da Comarca de Beja Seja bem-vindo(a) \u00e0 p\u00e1gina institucional do Tribunal Judicial da Comarca de Beja Esta comarca corresponde ao Distrito de Beja.\u00c9, pois, a maior comarca do pa\u00eds, em termos geogr\u00e1ficos. A comarca \u00e9 integrada por catorze ju\u00edzos, sendo um de proximidade, englobados em nove n\u00facleos: Beja:...\" \/>\n<meta property=\"og:url\" content=\"https:\/\/comarcas.csm.org.pt\/beja\/acomarca\/mensagem-do-presidente\/\" \/>\n<meta property=\"og:site_name\" content=\"Tribunal Judicial da Comarca de Beja\" \/>\n<meta property=\"article:modified_time\" content=\"2026-03-24T09:12:44+00:00\" \/>\n<meta name=\"twitter:card\" content=\"summary_large_image\" \/>\n<meta name=\"twitter:label1\" content=\"Tempo estimado de leitura\" \/>\n\t<meta name=\"twitter:data1\" content=\"2 minutos\" \/>\n<script type=\"application\/ld+json\" class=\"yoast-schema-graph\">{\"@context\":\"https:\/\/schema.org\",\"@graph\":[{\"@type\":\"WebPage\",\"@id\":\"https:\/\/comarcas.csm.org.pt\/beja\/acomarca\/mensagem-do-presidente\/\",\"url\":\"https:\/\/comarcas.csm.org.pt\/beja\/acomarca\/mensagem-do-presidente\/\",\"name\":\"Mensagem do presidente - Tribunal Judicial da Comarca de Beja\",\"isPartOf\":{\"@id\":\"https:\/\/comarcas.csm.org.pt\/beja\/#website\"},\"datePublished\":\"2024-06-30T21:19:48+00:00\",\"dateModified\":\"2026-03-24T09:12:44+00:00\",\"breadcrumb\":{\"@id\":\"https:\/\/comarcas.csm.org.pt\/beja\/acomarca\/mensagem-do-presidente\/#breadcrumb\"},\"inLanguage\":\"pt-PT\",\"potentialAction\":[{\"@type\":\"ReadAction\",\"target\":[\"https:\/\/comarcas.csm.org.pt\/beja\/acomarca\/mensagem-do-presidente\/\"]}]},{\"@type\":\"BreadcrumbList\",\"@id\":\"https:\/\/comarcas.csm.org.pt\/beja\/acomarca\/mensagem-do-presidente\/#breadcrumb\",\"itemListElement\":[{\"@type\":\"ListItem\",\"position\":1,\"name\":\"In\u00edcio\",\"item\":\"https:\/\/comarcas.csm.org.pt\/beja\/\"},{\"@type\":\"ListItem\",\"position\":2,\"name\":\"A Comarca\",\"item\":\"https:\/\/comarcas.csm.org.pt\/beja\/acomarca\/\"},{\"@type\":\"ListItem\",\"position\":3,\"name\":\"Mensagem do presidente\"}]},{\"@type\":\"WebSite\",\"@id\":\"https:\/\/comarcas.csm.org.pt\/beja\/#website\",\"url\":\"https:\/\/comarcas.csm.org.pt\/beja\/\",\"name\":\"Tribunal Judicial da Comarca de Beja\",\"description\":\"Tribunal Judicial da Comarca de Beja\",\"publisher\":{\"@id\":\"https:\/\/comarcas.csm.org.pt\/beja\/#organization\"},\"potentialAction\":[{\"@type\":\"SearchAction\",\"target\":{\"@type\":\"EntryPoint\",\"urlTemplate\":\"https:\/\/comarcas.csm.org.pt\/beja\/?s={search_term_string}\"},\"query-input\":{\"@type\":\"PropertyValueSpecification\",\"valueRequired\":true,\"valueName\":\"search_term_string\"}}],\"inLanguage\":\"pt-PT\"},{\"@type\":\"Organization\",\"@id\":\"https:\/\/comarcas.csm.org.pt\/beja\/#organization\",\"name\":\"Tribunal Judicial da Comarca de Beja\",\"url\":\"https:\/\/comarcas.csm.org.pt\/beja\/\",\"logo\":{\"@type\":\"ImageObject\",\"inLanguage\":\"pt-PT\",\"@id\":\"https:\/\/comarcas.csm.org.pt\/beja\/#\/schema\/logo\/image\/\",\"url\":\"https:\/\/comarcas.csm.org.pt\/beja\/wp-content\/uploads\/sites\/8\/2024\/11\/Beja_positivo-horizontal.png\",\"contentUrl\":\"https:\/\/comarcas.csm.org.pt\/beja\/wp-content\/uploads\/sites\/8\/2024\/11\/Beja_positivo-horizontal.png\",\"width\":4807,\"height\":890,\"caption\":\"Tribunal Judicial da Comarca de Beja\"},\"image\":{\"@id\":\"https:\/\/comarcas.csm.org.pt\/beja\/#\/schema\/logo\/image\/\"}}]}<\/script>\n<!-- \/ Yoast SEO plugin. -->","yoast_head_json":{"title":"Mensagem do presidente - Tribunal Judicial da Comarca de Beja","robots":{"index":"index","follow":"follow","max-snippet":"max-snippet:-1","max-image-preview":"max-image-preview:large","max-video-preview":"max-video-preview:-1"},"canonical":"https:\/\/comarcas.csm.org.pt\/beja\/acomarca\/mensagem-do-presidente\/","og_locale":"pt_PT","og_type":"article","og_title":"Mensagem do presidente - Tribunal Judicial da Comarca de Beja","og_description":"Mensagem da Ju\u00edza Presidente do Tribunal Judicial da Comarca de Beja Seja bem-vindo(a) \u00e0 p\u00e1gina institucional do Tribunal Judicial da Comarca de Beja Esta comarca corresponde ao Distrito de Beja.\u00c9, pois, a maior comarca do pa\u00eds, em termos geogr\u00e1ficos. A comarca \u00e9 integrada por catorze ju\u00edzos, sendo um de proximidade, englobados em nove n\u00facleos: Beja:...","og_url":"https:\/\/comarcas.csm.org.pt\/beja\/acomarca\/mensagem-do-presidente\/","og_site_name":"Tribunal Judicial da Comarca de Beja","article_modified_time":"2026-03-24T09:12:44+00:00","twitter_card":"summary_large_image","twitter_misc":{"Tempo estimado de leitura":"2 minutos"},"schema":{"@context":"https:\/\/schema.org","@graph":[{"@type":"WebPage","@id":"https:\/\/comarcas.csm.org.pt\/beja\/acomarca\/mensagem-do-presidente\/","url":"https:\/\/comarcas.csm.org.pt\/beja\/acomarca\/mensagem-do-presidente\/","name":"Mensagem do presidente - Tribunal Judicial da Comarca de Beja","isPartOf":{"@id":"https:\/\/comarcas.csm.org.pt\/beja\/#website"},"datePublished":"2024-06-30T21:19:48+00:00","dateModified":"2026-03-24T09:12:44+00:00","breadcrumb":{"@id":"https:\/\/comarcas.csm.org.pt\/beja\/acomarca\/mensagem-do-presidente\/#breadcrumb"},"inLanguage":"pt-PT","potentialAction":[{"@type":"ReadAction","target":["https:\/\/comarcas.csm.org.pt\/beja\/acomarca\/mensagem-do-presidente\/"]}]},{"@type":"BreadcrumbList","@id":"https:\/\/comarcas.csm.org.pt\/beja\/acomarca\/mensagem-do-presidente\/#breadcrumb","itemListElement":[{"@type":"ListItem","position":1,"name":"In\u00edcio","item":"https:\/\/comarcas.csm.org.pt\/beja\/"},{"@type":"ListItem","position":2,"name":"A Comarca","item":"https:\/\/comarcas.csm.org.pt\/beja\/acomarca\/"},{"@type":"ListItem","position":3,"name":"Mensagem do presidente"}]},{"@type":"WebSite","@id":"https:\/\/comarcas.csm.org.pt\/beja\/#website","url":"https:\/\/comarcas.csm.org.pt\/beja\/","name":"Tribunal Judicial da Comarca de Beja","description":"Tribunal Judicial da Comarca de Beja","publisher":{"@id":"https:\/\/comarcas.csm.org.pt\/beja\/#organization"},"potentialAction":[{"@type":"SearchAction","target":{"@type":"EntryPoint","urlTemplate":"https:\/\/comarcas.csm.org.pt\/beja\/?s={search_term_string}"},"query-input":{"@type":"PropertyValueSpecification","valueRequired":true,"valueName":"search_term_string"}}],"inLanguage":"pt-PT"},{"@type":"Organization","@id":"https:\/\/comarcas.csm.org.pt\/beja\/#organization","name":"Tribunal Judicial da Comarca de Beja","url":"https:\/\/comarcas.csm.org.pt\/beja\/","logo":{"@type":"ImageObject","inLanguage":"pt-PT","@id":"https:\/\/comarcas.csm.org.pt\/beja\/#\/schema\/logo\/image\/","url":"https:\/\/comarcas.csm.org.pt\/beja\/wp-content\/uploads\/sites\/8\/2024\/11\/Beja_positivo-horizontal.png","contentUrl":"https:\/\/comarcas.csm.org.pt\/beja\/wp-content\/uploads\/sites\/8\/2024\/11\/Beja_positivo-horizontal.png","width":4807,"height":890,"caption":"Tribunal Judicial da Comarca de Beja"},"image":{"@id":"https:\/\/comarcas.csm.org.pt\/beja\/#\/schema\/logo\/image\/"}}]}},"_links":{"self":[{"href":"https:\/\/comarcas.csm.org.pt\/beja\/wp-json\/wp\/v2\/pages\/11467","targetHints":{"allow":["GET"]}}],"collection":[{"href":"https:\/\/comarcas.csm.org.pt\/beja\/wp-json\/wp\/v2\/pages"}],"about":[{"href":"https:\/\/comarcas.csm.org.pt\/beja\/wp-json\/wp\/v2\/types\/page"}],"author":[{"embeddable":true,"href":"https:\/\/comarcas.csm.org.pt\/beja\/wp-json\/wp\/v2\/users\/1"}],"replies":[{"embeddable":true,"href":"https:\/\/comarcas.csm.org.pt\/beja\/wp-json\/wp\/v2\/comments?post=11467"}],"version-history":[{"count":53,"href":"https:\/\/comarcas.csm.org.pt\/beja\/wp-json\/wp\/v2\/pages\/11467\/revisions"}],"predecessor-version":[{"id":12721,"href":"https:\/\/comarcas.csm.org.pt\/beja\/wp-json\/wp\/v2\/pages\/11467\/revisions\/12721"}],"up":[{"embeddable":true,"href":"https:\/\/comarcas.csm.org.pt\/beja\/wp-json\/wp\/v2\/pages\/2242"}],"wp:attachment":[{"href":"https:\/\/comarcas.csm.org.pt\/beja\/wp-json\/wp\/v2\/media?parent=11467"}],"curies":[{"name":"wp","href":"https:\/\/api.w.org\/{rel}","templated":true}]}}