{"id":12327,"date":"2026-03-17T10:43:51","date_gmt":"2026-03-17T10:43:51","guid":{"rendered":"https:\/\/comarcas.csm.org.pt\/beja\/?page_id=12327"},"modified":"2026-03-19T11:22:55","modified_gmt":"2026-03-19T11:22:55","slug":"almodovar","status":"publish","type":"page","link":"https:\/\/comarcas.csm.org.pt\/beja\/acomarca\/juizos\/almodovar\/","title":{"rendered":"Almod\u00f4var"},"content":{"rendered":"\t\t<div data-elementor-type=\"wp-page\" data-elementor-id=\"12327\" class=\"elementor elementor-12327\" data-elementor-post-type=\"page\">\n\t\t\t\t<div class=\"elementor-element elementor-element-0ed3ddc e-con-full e-flex e-con e-parent\" data-id=\"0ed3ddc\" data-element_type=\"container\">\n\t\t<div class=\"elementor-element elementor-element-822880d e-con-full e-flex e-con e-child\" data-id=\"822880d\" data-element_type=\"container\">\n\t\t\t\t<div class=\"elementor-element elementor-element-5fbd682 elementor-widget elementor-widget-heading\" data-id=\"5fbd682\" data-element_type=\"widget\" data-widget_type=\"heading.default\">\n\t\t\t\t<div class=\"elementor-widget-container\">\n\t\t\t\t\t<h4 class=\"elementor-heading-title elementor-size-default\">Ju\u00edzo Local Almod\u00f4var<\/h4>\t\t\t\t<\/div>\n\t\t\t\t<\/div>\n\t\t\t\t<\/div>\n\t\t<div class=\"elementor-element elementor-element-5946ad1 e-con-full e-flex e-con e-child\" data-id=\"5946ad1\" data-element_type=\"container\">\n\t\t\t\t<div class=\"elementor-element elementor-element-dd9d1fd elementor-widget elementor-widget-icon-box\" data-id=\"dd9d1fd\" data-element_type=\"widget\" data-widget_type=\"icon-box.default\">\n\t\t\t\t<div class=\"elementor-widget-container\">\n\t\t\t\t\t\t\t<div class=\"elementor-icon-box-wrapper\">\n\n\t\t\t\n\t\t\t\t\t\t<div class=\"elementor-icon-box-content\">\n\n\t\t\t\t\t\t\t\t\t<h6 class=\"elementor-icon-box-title\">\n\t\t\t\t\t\t<span  >\n\t\t\t\t\t\t\tCompet\u00eancia Territorial:\t\t\t\t\t\t<\/span>\n\t\t\t\t\t<\/h6>\n\t\t\t\t\n\t\t\t\t\t\t\t\t\t<p class=\"elementor-icon-box-description\">\n\t\t\t\t\t\tMunic\u00edpios de Almod\u00f4var e Castro Verde\t\t\t\t\t<\/p>\n\t\t\t\t\n\t\t\t<\/div>\n\t\t\t\n\t\t<\/div>\n\t\t\t\t\t\t<\/div>\n\t\t\t\t<\/div>\n\t\t\t\t<div class=\"elementor-element elementor-element-6acbf1b elementor-widget elementor-widget-icon-box\" data-id=\"6acbf1b\" data-element_type=\"widget\" data-widget_type=\"icon-box.default\">\n\t\t\t\t<div class=\"elementor-widget-container\">\n\t\t\t\t\t\t\t<div class=\"elementor-icon-box-wrapper\">\n\n\t\t\t\n\t\t\t\t\t\t<div class=\"elementor-icon-box-content\">\n\n\t\t\t\t\t\t\t\t\t<h6 class=\"elementor-icon-box-title\">\n\t\t\t\t\t\t<span  >\n\t\t\t\t\t\t\tContactos:\t\t\t\t\t\t<\/span>\n\t\t\t\t\t<\/h6>\n\t\t\t\t\n\t\t\t\t\t\t\t\t\t<p class=\"elementor-icon-box-description\">\n\t\t\t\t\t\t<b>Telefone:<\/b> 286660060\n<b>Fax:<\/b> 286090029\n<br>\n<b>Email:<\/b> almodovar.judicial@tribunais.org.pt\t\t\t\t\t<\/p>\n\t\t\t\t\n\t\t\t<\/div>\n\t\t\t\n\t\t<\/div>\n\t\t\t\t\t\t<\/div>\n\t\t\t\t<\/div>\n\t\t\t\t<div class=\"elementor-element elementor-element-33551f7 elementor-widget elementor-widget-icon-box\" data-id=\"33551f7\" data-element_type=\"widget\" data-widget_type=\"icon-box.default\">\n\t\t\t\t<div class=\"elementor-widget-container\">\n\t\t\t\t\t\t\t<div class=\"elementor-icon-box-wrapper\">\n\n\t\t\t\n\t\t\t\t\t\t<div class=\"elementor-icon-box-content\">\n\n\t\t\t\t\t\t\t\t\t<h6 class=\"elementor-icon-box-title\">\n\t\t\t\t\t\t<span  >\n\t\t\t\t\t\t\tMorada:\t\t\t\t\t\t<\/span>\n\t\t\t\t\t<\/h6>\n\t\t\t\t\n\t\t\t\t\t\t\t\t\t<p class=\"elementor-icon-box-description\">\n\t\t\t\t\t\tPal\u00e1cio da Justi\u00e7a \nRua 1\u00ba de Maio, R\/C  \n7700 -078 Almod\u00f4var\t\t\t\t\t<\/p>\n\t\t\t\t\n\t\t\t<\/div>\n\t\t\t\n\t\t<\/div>\n\t\t\t\t\t\t<\/div>\n\t\t\t\t<\/div>\n\t\t\t\t<\/div>\n\t\t<div class=\"elementor-element elementor-element-2b638a4 e-con-full e-flex e-con e-child\" data-id=\"2b638a4\" data-element_type=\"container\">\n\t\t\t\t<div class=\"elementor-element elementor-element-181d4dc elementor-widget elementor-widget-google_maps\" data-id=\"181d4dc\" data-element_type=\"widget\" data-widget_type=\"google_maps.default\">\n\t\t\t\t<div class=\"elementor-widget-container\">\n\t\t\t\t\t\t\t<div class=\"elementor-custom-embed\">\n\t\t\t<iframe loading=\"lazy\"\n\t\t\t\t\tsrc=\"https:\/\/www.google.com\/maps\/embed\/v1\/place?key=AIzaSyDhSoLeftGxfg7Tvco7SEUCY-Cc_XLDY3c&#038;q=Pal%C3%A1cRua%201%C2%BA%20de%20Maio%2C%20r%2Fc%20-%207700%20-078%20Almod%C3%B4var&#038;zoom=15\"\n\t\t\t\t\ttitle=\"Pal\u00e1cRua 1\u00ba de Maio, r\/c - 7700 -078 Almod\u00f4var\"\n\t\t\t\t\taria-label=\"Pal\u00e1cRua 1\u00ba de Maio, r\/c - 7700 -078 Almod\u00f4var\"\n\t\t\t><\/iframe>\n\t\t<\/div>\n\t\t\t\t\t\t<\/div>\n\t\t\t\t<\/div>\n\t\t\t\t<\/div>\n\t\t\t\t<\/div>\n\t\t<div class=\"elementor-element elementor-element-8e7b53d e-flex e-con-boxed e-con e-parent\" data-id=\"8e7b53d\" data-element_type=\"container\">\n\t\t\t\t\t<div class=\"e-con-inner\">\n\t\t\t\t<div class=\"elementor-element elementor-element-a498782 elementor-widget elementor-widget-spacer\" data-id=\"a498782\" data-element_type=\"widget\" data-widget_type=\"spacer.default\">\n\t\t\t\t<div class=\"elementor-widget-container\">\n\t\t\t\t\t\t\t<div class=\"elementor-spacer\">\n\t\t\t<div class=\"elementor-spacer-inner\"><\/div>\n\t\t<\/div>\n\t\t\t\t\t\t<\/div>\n\t\t\t\t<\/div>\n\t\t\t\t\t<\/div>\n\t\t\t\t<\/div>\n\t\t<div class=\"elementor-element elementor-element-84c2d58 e-flex e-con-boxed e-con e-parent\" data-id=\"84c2d58\" data-element_type=\"container\">\n\t\t\t\t\t<div class=\"e-con-inner\">\n\t\t\t\t<div class=\"elementor-element elementor-element-32f36c2 elementor-widget elementor-widget-spacer\" data-id=\"32f36c2\" data-element_type=\"widget\" data-widget_type=\"spacer.default\">\n\t\t\t\t<div class=\"elementor-widget-container\">\n\t\t\t\t\t\t\t<div class=\"elementor-spacer\">\n\t\t\t<div class=\"elementor-spacer-inner\"><\/div>\n\t\t<\/div>\n\t\t\t\t\t\t<\/div>\n\t\t\t\t<\/div>\n\t\t\t\t\t<\/div>\n\t\t\t\t<\/div>\n\t\t<div class=\"elementor-element elementor-element-ca1b937 e-flex e-con-boxed e-con e-parent\" data-id=\"ca1b937\" data-element_type=\"container\">\n\t\t\t\t\t<div class=\"e-con-inner\">\n\t\t\t\t\t<\/div>\n\t\t\t\t<\/div>\n\t\t\t\t<\/div>\n\t\t","protected":false},"excerpt":{"rendered":"<p>Ju\u00edzo Local Almod\u00f4var Compet\u00eancia Territorial: Munic\u00edpios de Almod\u00f4var e Castro Verde Contactos: Telefone: 286660060 Fax: 286090029 Email: almodovar.judicial@tribunais.org.pt Morada: Pal\u00e1cio da Justi\u00e7a Rua 1\u00ba de Maio, R\/C 7700 -078 Almod\u00f4var<\/p>\n","protected":false},"author":36,"featured_media":0,"parent":11069,"menu_order":0,"comment_status":"closed","ping_status":"closed","template":"","meta":{"_tbt_post_transparent":"","_tbt_post_title":"","_tbt_post_layout":"default","_tbt_post_sidebar_id":"","_tbt_post_content_style":"","_tbt_post_vertical_padding":"","_tbt_post_feature":"","_tbt_post_feature_position":"","_tbt_post_header":false,"_tbt_post_footer":false},"class_list":["post-12327","page","type-page","status-publish","hentry"],"yoast_head":"<!-- This site is optimized with the Yoast SEO plugin v25.6 - https:\/\/yoast.com\/wordpress\/plugins\/seo\/ -->\n<title>Almod\u00f4var - Tribunal Judicial da Comarca de Beja<\/title>\n<meta name=\"robots\" content=\"index, follow, max-snippet:-1, max-image-preview:large, max-video-preview:-1\" \/>\n<link rel=\"canonical\" href=\"https:\/\/comarcas.csm.org.pt\/beja\/acomarca\/juizos\/almodovar\/\" \/>\n<meta property=\"og:locale\" content=\"pt_PT\" \/>\n<meta property=\"og:type\" content=\"article\" \/>\n<meta property=\"og:title\" content=\"Almod\u00f4var - Tribunal Judicial da Comarca de Beja\" \/>\n<meta property=\"og:description\" content=\"Ju\u00edzo Local Almod\u00f4var Compet\u00eancia Territorial: Munic\u00edpios de Almod\u00f4var e Castro Verde Contactos: Telefone: 286660060 Fax: 286090029 Email: almodovar.judicial@tribunais.org.pt Morada: Pal\u00e1cio da Justi\u00e7a Rua 1\u00ba de Maio, R\/C 7700 -078 Almod\u00f4var\" \/>\n<meta property=\"og:url\" content=\"https:\/\/comarcas.csm.org.pt\/beja\/acomarca\/juizos\/almodovar\/\" \/>\n<meta property=\"og:site_name\" content=\"Tribunal Judicial da Comarca de Beja\" \/>\n<meta property=\"article:modified_time\" content=\"2026-03-19T11:22:55+00:00\" \/>\n<meta name=\"twitter:card\" content=\"summary_large_image\" \/>\n<meta name=\"twitter:label1\" content=\"Tempo estimado de leitura\" \/>\n\t<meta name=\"twitter:data1\" content=\"1 minuto\" \/>\n<script type=\"application\/ld+json\" class=\"yoast-schema-graph\">{\"@context\":\"https:\/\/schema.org\",\"@graph\":[{\"@type\":\"WebPage\",\"@id\":\"https:\/\/comarcas.csm.org.pt\/beja\/acomarca\/juizos\/almodovar\/\",\"url\":\"https:\/\/comarcas.csm.org.pt\/beja\/acomarca\/juizos\/almodovar\/\",\"name\":\"Almod\u00f4var - Tribunal Judicial da Comarca de Beja\",\"isPartOf\":{\"@id\":\"https:\/\/comarcas.csm.org.pt\/beja\/#website\"},\"datePublished\":\"2026-03-17T10:43:51+00:00\",\"dateModified\":\"2026-03-19T11:22:55+00:00\",\"breadcrumb\":{\"@id\":\"https:\/\/comarcas.csm.org.pt\/beja\/acomarca\/juizos\/almodovar\/#breadcrumb\"},\"inLanguage\":\"pt-PT\",\"potentialAction\":[{\"@type\":\"ReadAction\",\"target\":[\"https:\/\/comarcas.csm.org.pt\/beja\/acomarca\/juizos\/almodovar\/\"]}]},{\"@type\":\"BreadcrumbList\",\"@id\":\"https:\/\/comarcas.csm.org.pt\/beja\/acomarca\/juizos\/almodovar\/#breadcrumb\",\"itemListElement\":[{\"@type\":\"ListItem\",\"position\":1,\"name\":\"In\u00edcio\",\"item\":\"https:\/\/comarcas.csm.org.pt\/beja\/\"},{\"@type\":\"ListItem\",\"position\":2,\"name\":\"A Comarca\",\"item\":\"https:\/\/comarcas.csm.org.pt\/beja\/acomarca\/\"},{\"@type\":\"ListItem\",\"position\":3,\"name\":\"N\u00facleos\/Ju\u00edzos\",\"item\":\"https:\/\/comarcas.csm.org.pt\/beja\/acomarca\/juizos\/\"},{\"@type\":\"ListItem\",\"position\":4,\"name\":\"Almod\u00f4var\"}]},{\"@type\":\"WebSite\",\"@id\":\"https:\/\/comarcas.csm.org.pt\/beja\/#website\",\"url\":\"https:\/\/comarcas.csm.org.pt\/beja\/\",\"name\":\"Tribunal Judicial da Comarca de Beja\",\"description\":\"Tribunal Judicial da Comarca de Beja\",\"publisher\":{\"@id\":\"https:\/\/comarcas.csm.org.pt\/beja\/#organization\"},\"potentialAction\":[{\"@type\":\"SearchAction\",\"target\":{\"@type\":\"EntryPoint\",\"urlTemplate\":\"https:\/\/comarcas.csm.org.pt\/beja\/?s={search_term_string}\"},\"query-input\":{\"@type\":\"PropertyValueSpecification\",\"valueRequired\":true,\"valueName\":\"search_term_string\"}}],\"inLanguage\":\"pt-PT\"},{\"@type\":\"Organization\",\"@id\":\"https:\/\/comarcas.csm.org.pt\/beja\/#organization\",\"name\":\"Tribunal Judicial da Comarca de Beja\",\"url\":\"https:\/\/comarcas.csm.org.pt\/beja\/\",\"logo\":{\"@type\":\"ImageObject\",\"inLanguage\":\"pt-PT\",\"@id\":\"https:\/\/comarcas.csm.org.pt\/beja\/#\/schema\/logo\/image\/\",\"url\":\"https:\/\/comarcas.csm.org.pt\/beja\/wp-content\/uploads\/sites\/8\/2024\/11\/Beja_positivo-horizontal.png\",\"contentUrl\":\"https:\/\/comarcas.csm.org.pt\/beja\/wp-content\/uploads\/sites\/8\/2024\/11\/Beja_positivo-horizontal.png\",\"width\":4807,\"height\":890,\"caption\":\"Tribunal Judicial da Comarca de Beja\"},\"image\":{\"@id\":\"https:\/\/comarcas.csm.org.pt\/beja\/#\/schema\/logo\/image\/\"}}]}<\/script>\n<!-- \/ Yoast SEO plugin. -->","yoast_head_json":{"title":"Almod\u00f4var - Tribunal Judicial da Comarca de Beja","robots":{"index":"index","follow":"follow","max-snippet":"max-snippet:-1","max-image-preview":"max-image-preview:large","max-video-preview":"max-video-preview:-1"},"canonical":"https:\/\/comarcas.csm.org.pt\/beja\/acomarca\/juizos\/almodovar\/","og_locale":"pt_PT","og_type":"article","og_title":"Almod\u00f4var - Tribunal Judicial da Comarca de Beja","og_description":"Ju\u00edzo Local Almod\u00f4var Compet\u00eancia Territorial: Munic\u00edpios de Almod\u00f4var e Castro Verde Contactos: Telefone: 286660060 Fax: 286090029 Email: almodovar.judicial@tribunais.org.pt Morada: Pal\u00e1cio da Justi\u00e7a Rua 1\u00ba de Maio, R\/C 7700 -078 Almod\u00f4var","og_url":"https:\/\/comarcas.csm.org.pt\/beja\/acomarca\/juizos\/almodovar\/","og_site_name":"Tribunal Judicial da Comarca de Beja","article_modified_time":"2026-03-19T11:22:55+00:00","twitter_card":"summary_large_image","twitter_misc":{"Tempo estimado de leitura":"1 minuto"},"schema":{"@context":"https:\/\/schema.org","@graph":[{"@type":"WebPage","@id":"https:\/\/comarcas.csm.org.pt\/beja\/acomarca\/juizos\/almodovar\/","url":"https:\/\/comarcas.csm.org.pt\/beja\/acomarca\/juizos\/almodovar\/","name":"Almod\u00f4var - Tribunal Judicial da Comarca de Beja","isPartOf":{"@id":"https:\/\/comarcas.csm.org.pt\/beja\/#website"},"datePublished":"2026-03-17T10:43:51+00:00","dateModified":"2026-03-19T11:22:55+00:00","breadcrumb":{"@id":"https:\/\/comarcas.csm.org.pt\/beja\/acomarca\/juizos\/almodovar\/#breadcrumb"},"inLanguage":"pt-PT","potentialAction":[{"@type":"ReadAction","target":["https:\/\/comarcas.csm.org.pt\/beja\/acomarca\/juizos\/almodovar\/"]}]},{"@type":"BreadcrumbList","@id":"https:\/\/comarcas.csm.org.pt\/beja\/acomarca\/juizos\/almodovar\/#breadcrumb","itemListElement":[{"@type":"ListItem","position":1,"name":"In\u00edcio","item":"https:\/\/comarcas.csm.org.pt\/beja\/"},{"@type":"ListItem","position":2,"name":"A Comarca","item":"https:\/\/comarcas.csm.org.pt\/beja\/acomarca\/"},{"@type":"ListItem","position":3,"name":"N\u00facleos\/Ju\u00edzos","item":"https:\/\/comarcas.csm.org.pt\/beja\/acomarca\/juizos\/"},{"@type":"ListItem","position":4,"name":"Almod\u00f4var"}]},{"@type":"WebSite","@id":"https:\/\/comarcas.csm.org.pt\/beja\/#website","url":"https:\/\/comarcas.csm.org.pt\/beja\/","name":"Tribunal Judicial da Comarca de Beja","description":"Tribunal Judicial da Comarca de Beja","publisher":{"@id":"https:\/\/comarcas.csm.org.pt\/beja\/#organization"},"potentialAction":[{"@type":"SearchAction","target":{"@type":"EntryPoint","urlTemplate":"https:\/\/comarcas.csm.org.pt\/beja\/?s={search_term_string}"},"query-input":{"@type":"PropertyValueSpecification","valueRequired":true,"valueName":"search_term_string"}}],"inLanguage":"pt-PT"},{"@type":"Organization","@id":"https:\/\/comarcas.csm.org.pt\/beja\/#organization","name":"Tribunal Judicial da Comarca de Beja","url":"https:\/\/comarcas.csm.org.pt\/beja\/","logo":{"@type":"ImageObject","inLanguage":"pt-PT","@id":"https:\/\/comarcas.csm.org.pt\/beja\/#\/schema\/logo\/image\/","url":"https:\/\/comarcas.csm.org.pt\/beja\/wp-content\/uploads\/sites\/8\/2024\/11\/Beja_positivo-horizontal.png","contentUrl":"https:\/\/comarcas.csm.org.pt\/beja\/wp-content\/uploads\/sites\/8\/2024\/11\/Beja_positivo-horizontal.png","width":4807,"height":890,"caption":"Tribunal Judicial da Comarca de Beja"},"image":{"@id":"https:\/\/comarcas.csm.org.pt\/beja\/#\/schema\/logo\/image\/"}}]}},"_links":{"self":[{"href":"https:\/\/comarcas.csm.org.pt\/beja\/wp-json\/wp\/v2\/pages\/12327","targetHints":{"allow":["GET"]}}],"collection":[{"href":"https:\/\/comarcas.csm.org.pt\/beja\/wp-json\/wp\/v2\/pages"}],"about":[{"href":"https:\/\/comarcas.csm.org.pt\/beja\/wp-json\/wp\/v2\/types\/page"}],"author":[{"embeddable":true,"href":"https:\/\/comarcas.csm.org.pt\/beja\/wp-json\/wp\/v2\/users\/36"}],"replies":[{"embeddable":true,"href":"https:\/\/comarcas.csm.org.pt\/beja\/wp-json\/wp\/v2\/comments?post=12327"}],"version-history":[{"count":11,"href":"https:\/\/comarcas.csm.org.pt\/beja\/wp-json\/wp\/v2\/pages\/12327\/revisions"}],"predecessor-version":[{"id":12389,"href":"https:\/\/comarcas.csm.org.pt\/beja\/wp-json\/wp\/v2\/pages\/12327\/revisions\/12389"}],"up":[{"embeddable":true,"href":"https:\/\/comarcas.csm.org.pt\/beja\/wp-json\/wp\/v2\/pages\/11069"}],"wp:attachment":[{"href":"https:\/\/comarcas.csm.org.pt\/beja\/wp-json\/wp\/v2\/media?parent=12327"}],"curies":[{"name":"wp","href":"https:\/\/api.w.org\/{rel}","templated":true}]}}