{"id":12343,"date":"2026-03-17T11:01:20","date_gmt":"2026-03-17T11:01:20","guid":{"rendered":"https:\/\/comarcas.csm.org.pt\/beja\/?page_id=12343"},"modified":"2026-03-17T11:42:47","modified_gmt":"2026-03-17T11:42:47","slug":"moura","status":"publish","type":"page","link":"https:\/\/comarcas.csm.org.pt\/beja\/acomarca\/juizos\/moura\/","title":{"rendered":"Moura"},"content":{"rendered":"\t\t<div data-elementor-type=\"wp-page\" data-elementor-id=\"12343\" class=\"elementor elementor-12343\" data-elementor-post-type=\"page\">\n\t\t\t\t<div class=\"elementor-element elementor-element-4d5bac8 e-flex e-con-boxed e-con e-parent\" data-id=\"4d5bac8\" data-element_type=\"container\">\n\t\t\t\t\t<div class=\"e-con-inner\">\n\t\t<div class=\"elementor-element elementor-element-5183665 e-con-full e-flex e-con e-child\" data-id=\"5183665\" data-element_type=\"container\">\n\t\t\t\t<div class=\"elementor-element elementor-element-6db3e65 elementor-widget elementor-widget-heading\" data-id=\"6db3e65\" data-element_type=\"widget\" data-widget_type=\"heading.default\">\n\t\t\t\t<div class=\"elementor-widget-container\">\n\t\t\t\t\t<h4 class=\"elementor-heading-title elementor-size-default\">Ju\u00edzo de Compet\u00eancia Gen\u00e9rica de Moura<\/h4>\t\t\t\t<\/div>\n\t\t\t\t<\/div>\n\t\t\t\t<\/div>\n\t\t<div class=\"elementor-element elementor-element-d141774 e-con-full e-flex e-con e-child\" data-id=\"d141774\" data-element_type=\"container\">\n\t\t\t\t<div class=\"elementor-element elementor-element-3112259 elementor-widget elementor-widget-icon-box\" data-id=\"3112259\" data-element_type=\"widget\" data-widget_type=\"icon-box.default\">\n\t\t\t\t<div class=\"elementor-widget-container\">\n\t\t\t\t\t\t\t<div class=\"elementor-icon-box-wrapper\">\n\n\t\t\t\n\t\t\t\t\t\t<div class=\"elementor-icon-box-content\">\n\n\t\t\t\t\t\t\t\t\t<h6 class=\"elementor-icon-box-title\">\n\t\t\t\t\t\t<span  >\n\t\t\t\t\t\t\tMorada:\t\t\t\t\t\t<\/span>\n\t\t\t\t\t<\/h6>\n\t\t\t\t\n\t\t\t\t\t\t\t\t\t<p class=\"elementor-icon-box-description\">\n\t\t\t\t\t\tPal\u00e1cio da Justi\u00e7a - Largo Santa Clara - 7860-204 Moura\t\t\t\t\t<\/p>\n\t\t\t\t\n\t\t\t<\/div>\n\t\t\t\n\t\t<\/div>\n\t\t\t\t\t\t<\/div>\n\t\t\t\t<\/div>\n\t\t\t\t<div class=\"elementor-element elementor-element-4f2d83d elementor-widget elementor-widget-icon-box\" data-id=\"4f2d83d\" data-element_type=\"widget\" data-widget_type=\"icon-box.default\">\n\t\t\t\t<div class=\"elementor-widget-container\">\n\t\t\t\t\t\t\t<div class=\"elementor-icon-box-wrapper\">\n\n\t\t\t\n\t\t\t\t\t\t<div class=\"elementor-icon-box-content\">\n\n\t\t\t\t\t\t\t\t\t<h6 class=\"elementor-icon-box-title\">\n\t\t\t\t\t\t<span  >\n\t\t\t\t\t\t\tCompet\u00eancia Territorial:\t\t\t\t\t\t<\/span>\n\t\t\t\t\t<\/h6>\n\t\t\t\t\n\t\t\t\t\t\t\t\t\t<p class=\"elementor-icon-box-description\">\n\t\t\t\t\t\tMunic\u00edpios de Moura e Barrancos\t\t\t\t\t<\/p>\n\t\t\t\t\n\t\t\t<\/div>\n\t\t\t\n\t\t<\/div>\n\t\t\t\t\t\t<\/div>\n\t\t\t\t<\/div>\n\t\t\t\t<div class=\"elementor-element elementor-element-f62ee18 elementor-widget elementor-widget-icon-box\" data-id=\"f62ee18\" data-element_type=\"widget\" data-widget_type=\"icon-box.default\">\n\t\t\t\t<div class=\"elementor-widget-container\">\n\t\t\t\t\t\t\t<div class=\"elementor-icon-box-wrapper\">\n\n\t\t\t\n\t\t\t\t\t\t<div class=\"elementor-icon-box-content\">\n\n\t\t\t\t\t\t\t\t\t<h6 class=\"elementor-icon-box-title\">\n\t\t\t\t\t\t<span  >\n\t\t\t\t\t\t\tContactos:\t\t\t\t\t\t<\/span>\n\t\t\t\t\t<\/h6>\n\t\t\t\t\n\t\t\t\t\t\t\t\t\t<p class=\"elementor-icon-box-description\">\n\t\t\t\t\t\t<b>Telefone:<\/b>  285250830\n<b>Fax:<\/b> 285090009\n<br>\n<b>Email:<\/b> moura.judicial@tribunais.org.pt\t\t\t\t\t<\/p>\n\t\t\t\t\n\t\t\t<\/div>\n\t\t\t\n\t\t<\/div>\n\t\t\t\t\t\t<\/div>\n\t\t\t\t<\/div>\n\t\t\t\t<\/div>\n\t\t<div class=\"elementor-element elementor-element-f76c408 e-con-full e-flex e-con e-child\" data-id=\"f76c408\" data-element_type=\"container\">\n\t\t\t\t<div class=\"elementor-element elementor-element-61b3e0b elementor-widget elementor-widget-google_maps\" data-id=\"61b3e0b\" data-element_type=\"widget\" data-widget_type=\"google_maps.default\">\n\t\t\t\t<div class=\"elementor-widget-container\">\n\t\t\t\t\t\t\t<div class=\"elementor-custom-embed\">\n\t\t\t<iframe loading=\"lazy\"\n\t\t\t\t\tsrc=\"https:\/\/www.google.com\/maps\/embed\/v1\/place?key=AIzaSyDhSoLeftGxfg7Tvco7SEUCY-Cc_XLDY3c&#038;q=Pal%C3%A1cio%20da%20Justi%C3%A7a%20-%20Largo%20Santa%20Clara%20-%207860-204%20Moura&#038;zoom=15\"\n\t\t\t\t\ttitle=\"Pal\u00e1cio da Justi\u00e7a - Largo Santa Clara - 7860-204 Moura\"\n\t\t\t\t\taria-label=\"Pal\u00e1cio da Justi\u00e7a - Largo Santa Clara - 7860-204 Moura\"\n\t\t\t><\/iframe>\n\t\t<\/div>\n\t\t\t\t\t\t<\/div>\n\t\t\t\t<\/div>\n\t\t\t\t<\/div>\n\t\t\t\t\t<\/div>\n\t\t\t\t<\/div>\n\t\t<div class=\"elementor-element elementor-element-6db8b87 e-flex e-con-boxed e-con e-parent\" data-id=\"6db8b87\" data-element_type=\"container\">\n\t\t\t\t\t<div class=\"e-con-inner\">\n\t\t<div class=\"elementor-element elementor-element-a84aa61 e-con-full e-flex e-con e-child\" data-id=\"a84aa61\" data-element_type=\"container\">\n\t\t\t\t<div class=\"elementor-element elementor-element-d879613 elementor-widget elementor-widget-heading\" data-id=\"d879613\" data-element_type=\"widget\" data-widget_type=\"heading.default\">\n\t\t\t\t<div class=\"elementor-widget-container\">\n\t\t\t\t\t<h4 class=\"elementor-heading-title elementor-size-default\">Unidade Central de Moura<\/h4>\t\t\t\t<\/div>\n\t\t\t\t<\/div>\n\t\t\t\t<\/div>\n\t\t<div class=\"elementor-element elementor-element-604ab51 e-con-full e-flex e-con e-child\" data-id=\"604ab51\" data-element_type=\"container\">\n\t\t\t\t<div class=\"elementor-element elementor-element-f19492a elementor-widget elementor-widget-icon-box\" data-id=\"f19492a\" data-element_type=\"widget\" data-widget_type=\"icon-box.default\">\n\t\t\t\t<div class=\"elementor-widget-container\">\n\t\t\t\t\t\t\t<div class=\"elementor-icon-box-wrapper\">\n\n\t\t\t\n\t\t\t\t\t\t<div class=\"elementor-icon-box-content\">\n\n\t\t\t\t\t\t\t\t\t<h6 class=\"elementor-icon-box-title\">\n\t\t\t\t\t\t<span  >\n\t\t\t\t\t\t\tMorada:\t\t\t\t\t\t<\/span>\n\t\t\t\t\t<\/h6>\n\t\t\t\t\n\t\t\t\t\t\t\t\t\t<p class=\"elementor-icon-box-description\">\n\t\t\t\t\t\tPal\u00e1cio da Justi\u00e7a - Largo Santa Clara - 7860-204 Moura\t\t\t\t\t<\/p>\n\t\t\t\t\n\t\t\t<\/div>\n\t\t\t\n\t\t<\/div>\n\t\t\t\t\t\t<\/div>\n\t\t\t\t<\/div>\n\t\t\t\t<div class=\"elementor-element elementor-element-0741871 elementor-widget elementor-widget-icon-box\" data-id=\"0741871\" data-element_type=\"widget\" data-widget_type=\"icon-box.default\">\n\t\t\t\t<div class=\"elementor-widget-container\">\n\t\t\t\t\t\t\t<div class=\"elementor-icon-box-wrapper\">\n\n\t\t\t\n\t\t\t\t\t\t<div class=\"elementor-icon-box-content\">\n\n\t\t\t\t\t\t\t\t\t<h6 class=\"elementor-icon-box-title\">\n\t\t\t\t\t\t<span  >\n\t\t\t\t\t\t\tCompet\u00eancia Territorial:\t\t\t\t\t\t<\/span>\n\t\t\t\t\t<\/h6>\n\t\t\t\t\n\t\t\t\t\n\t\t\t<\/div>\n\t\t\t\n\t\t<\/div>\n\t\t\t\t\t\t<\/div>\n\t\t\t\t<\/div>\n\t\t\t\t<div class=\"elementor-element elementor-element-c89b1ee elementor-widget elementor-widget-icon-box\" data-id=\"c89b1ee\" data-element_type=\"widget\" data-widget_type=\"icon-box.default\">\n\t\t\t\t<div class=\"elementor-widget-container\">\n\t\t\t\t\t\t\t<div class=\"elementor-icon-box-wrapper\">\n\n\t\t\t\n\t\t\t\t\t\t<div class=\"elementor-icon-box-content\">\n\n\t\t\t\t\t\t\t\t\t<h6 class=\"elementor-icon-box-title\">\n\t\t\t\t\t\t<span  >\n\t\t\t\t\t\t\tContactos:\t\t\t\t\t\t<\/span>\n\t\t\t\t\t<\/h6>\n\t\t\t\t\n\t\t\t\t\t\t\t\t\t<p class=\"elementor-icon-box-description\">\n\t\t\t\t\t\t<b>Telefone:<\/b>  285250830\n<b>Fax:<\/b> 285090009\n<br>\n<b>Email:<\/b> moura.judicial@tribunais.org.pt\t\t\t\t\t<\/p>\n\t\t\t\t\n\t\t\t<\/div>\n\t\t\t\n\t\t<\/div>\n\t\t\t\t\t\t<\/div>\n\t\t\t\t<\/div>\n\t\t\t\t<\/div>\n\t\t<div class=\"elementor-element elementor-element-7dd7f96 e-con-full e-flex e-con e-child\" data-id=\"7dd7f96\" data-element_type=\"container\">\n\t\t\t\t<div class=\"elementor-element elementor-element-c9e477a elementor-widget elementor-widget-google_maps\" data-id=\"c9e477a\" data-element_type=\"widget\" data-widget_type=\"google_maps.default\">\n\t\t\t\t<div class=\"elementor-widget-container\">\n\t\t\t\t\t\t\t<div class=\"elementor-custom-embed\">\n\t\t\t<iframe loading=\"lazy\"\n\t\t\t\t\tsrc=\"https:\/\/www.google.com\/maps\/embed\/v1\/place?key=AIzaSyDhSoLeftGxfg7Tvco7SEUCY-Cc_XLDY3c&#038;q=Pal%C3%A1cio%20da%20Justi%C3%A7a%20-%20Largo%20Santa%20Clara%20-%207860-204%20Moura&#038;zoom=15\"\n\t\t\t\t\ttitle=\"Pal\u00e1cio da Justi\u00e7a - Largo Santa Clara - 7860-204 Moura\"\n\t\t\t\t\taria-label=\"Pal\u00e1cio da Justi\u00e7a - Largo Santa Clara - 7860-204 Moura\"\n\t\t\t><\/iframe>\n\t\t<\/div>\n\t\t\t\t\t\t<\/div>\n\t\t\t\t<\/div>\n\t\t\t\t<\/div>\n\t\t\t\t\t<\/div>\n\t\t\t\t<\/div>\n\t\t<div class=\"elementor-element elementor-element-8e7b53d e-flex e-con-boxed e-con e-parent\" data-id=\"8e7b53d\" data-element_type=\"container\">\n\t\t\t\t\t<div class=\"e-con-inner\">\n\t\t\t\t<div class=\"elementor-element elementor-element-a498782 elementor-widget elementor-widget-spacer\" data-id=\"a498782\" data-element_type=\"widget\" data-widget_type=\"spacer.default\">\n\t\t\t\t<div class=\"elementor-widget-container\">\n\t\t\t\t\t\t\t<div class=\"elementor-spacer\">\n\t\t\t<div class=\"elementor-spacer-inner\"><\/div>\n\t\t<\/div>\n\t\t\t\t\t\t<\/div>\n\t\t\t\t<\/div>\n\t\t\t\t\t<\/div>\n\t\t\t\t<\/div>\n\t\t<div class=\"elementor-element elementor-element-84c2d58 e-flex e-con-boxed e-con e-parent\" data-id=\"84c2d58\" data-element_type=\"container\">\n\t\t\t\t\t<div class=\"e-con-inner\">\n\t\t\t\t<div class=\"elementor-element elementor-element-32f36c2 elementor-widget elementor-widget-spacer\" data-id=\"32f36c2\" data-element_type=\"widget\" data-widget_type=\"spacer.default\">\n\t\t\t\t<div class=\"elementor-widget-container\">\n\t\t\t\t\t\t\t<div class=\"elementor-spacer\">\n\t\t\t<div class=\"elementor-spacer-inner\"><\/div>\n\t\t<\/div>\n\t\t\t\t\t\t<\/div>\n\t\t\t\t<\/div>\n\t\t\t\t\t<\/div>\n\t\t\t\t<\/div>\n\t\t<div class=\"elementor-element elementor-element-ca1b937 e-flex e-con-boxed e-con e-parent\" data-id=\"ca1b937\" data-element_type=\"container\">\n\t\t\t\t\t<div class=\"e-con-inner\">\n\t\t\t\t\t<\/div>\n\t\t\t\t<\/div>\n\t\t\t\t<\/div>\n\t\t","protected":false},"excerpt":{"rendered":"<p>Ju\u00edzo de Compet\u00eancia Gen\u00e9rica de Moura Morada: Pal\u00e1cio da Justi\u00e7a &#8211; Largo Santa Clara &#8211; 7860-204 Moura Compet\u00eancia Territorial: Munic\u00edpios de Moura e Barrancos Contactos: Telefone: 285250830 Fax: 285090009 Email: moura.judicial@tribunais.org.pt Unidade Central de Moura Morada: Pal\u00e1cio da Justi\u00e7a &#8211; Largo Santa Clara &#8211; 7860-204 Moura Compet\u00eancia Territorial: Contactos: Telefone: 285250830 Fax: 285090009 Email: moura.judicial@tribunais.org.pt<\/p>\n","protected":false},"author":36,"featured_media":0,"parent":11069,"menu_order":0,"comment_status":"closed","ping_status":"closed","template":"","meta":{"_tbt_post_transparent":"","_tbt_post_title":"","_tbt_post_layout":"default","_tbt_post_sidebar_id":"","_tbt_post_content_style":"","_tbt_post_vertical_padding":"","_tbt_post_feature":"","_tbt_post_feature_position":"","_tbt_post_header":false,"_tbt_post_footer":false},"class_list":["post-12343","page","type-page","status-publish","hentry"],"yoast_head":"<!-- This site is optimized with the Yoast SEO plugin v25.6 - https:\/\/yoast.com\/wordpress\/plugins\/seo\/ -->\n<title>Moura - Tribunal Judicial da Comarca de Beja<\/title>\n<meta name=\"robots\" content=\"index, follow, max-snippet:-1, max-image-preview:large, max-video-preview:-1\" \/>\n<link rel=\"canonical\" href=\"https:\/\/comarcas.csm.org.pt\/beja\/acomarca\/juizos\/moura\/\" \/>\n<meta property=\"og:locale\" content=\"pt_PT\" \/>\n<meta property=\"og:type\" content=\"article\" \/>\n<meta property=\"og:title\" content=\"Moura - Tribunal Judicial da Comarca de Beja\" \/>\n<meta property=\"og:description\" content=\"Ju\u00edzo de Compet\u00eancia Gen\u00e9rica de Moura Morada: Pal\u00e1cio da Justi\u00e7a &#8211; Largo Santa Clara &#8211; 7860-204 Moura Compet\u00eancia Territorial: Munic\u00edpios de Moura e Barrancos Contactos: Telefone: 285250830 Fax: 285090009 Email: moura.judicial@tribunais.org.pt Unidade Central de Moura Morada: Pal\u00e1cio da Justi\u00e7a &#8211; Largo Santa Clara &#8211; 7860-204 Moura Compet\u00eancia Territorial: Contactos: Telefone: 285250830 Fax: 285090009 Email: moura.judicial@tribunais.org.pt\" \/>\n<meta property=\"og:url\" content=\"https:\/\/comarcas.csm.org.pt\/beja\/acomarca\/juizos\/moura\/\" \/>\n<meta property=\"og:site_name\" content=\"Tribunal Judicial da Comarca de Beja\" \/>\n<meta property=\"article:modified_time\" content=\"2026-03-17T11:42:47+00:00\" \/>\n<meta name=\"twitter:card\" content=\"summary_large_image\" \/>\n<meta name=\"twitter:label1\" content=\"Tempo estimado de leitura\" \/>\n\t<meta name=\"twitter:data1\" content=\"1 minuto\" \/>\n<script type=\"application\/ld+json\" class=\"yoast-schema-graph\">{\"@context\":\"https:\/\/schema.org\",\"@graph\":[{\"@type\":\"WebPage\",\"@id\":\"https:\/\/comarcas.csm.org.pt\/beja\/acomarca\/juizos\/moura\/\",\"url\":\"https:\/\/comarcas.csm.org.pt\/beja\/acomarca\/juizos\/moura\/\",\"name\":\"Moura - Tribunal Judicial da Comarca de Beja\",\"isPartOf\":{\"@id\":\"https:\/\/comarcas.csm.org.pt\/beja\/#website\"},\"datePublished\":\"2026-03-17T11:01:20+00:00\",\"dateModified\":\"2026-03-17T11:42:47+00:00\",\"breadcrumb\":{\"@id\":\"https:\/\/comarcas.csm.org.pt\/beja\/acomarca\/juizos\/moura\/#breadcrumb\"},\"inLanguage\":\"pt-PT\",\"potentialAction\":[{\"@type\":\"ReadAction\",\"target\":[\"https:\/\/comarcas.csm.org.pt\/beja\/acomarca\/juizos\/moura\/\"]}]},{\"@type\":\"BreadcrumbList\",\"@id\":\"https:\/\/comarcas.csm.org.pt\/beja\/acomarca\/juizos\/moura\/#breadcrumb\",\"itemListElement\":[{\"@type\":\"ListItem\",\"position\":1,\"name\":\"In\u00edcio\",\"item\":\"https:\/\/comarcas.csm.org.pt\/beja\/\"},{\"@type\":\"ListItem\",\"position\":2,\"name\":\"A Comarca\",\"item\":\"https:\/\/comarcas.csm.org.pt\/beja\/acomarca\/\"},{\"@type\":\"ListItem\",\"position\":3,\"name\":\"N\u00facleos\/Ju\u00edzos\",\"item\":\"https:\/\/comarcas.csm.org.pt\/beja\/acomarca\/juizos\/\"},{\"@type\":\"ListItem\",\"position\":4,\"name\":\"Moura\"}]},{\"@type\":\"WebSite\",\"@id\":\"https:\/\/comarcas.csm.org.pt\/beja\/#website\",\"url\":\"https:\/\/comarcas.csm.org.pt\/beja\/\",\"name\":\"Tribunal Judicial da Comarca de Beja\",\"description\":\"Tribunal Judicial da Comarca de Beja\",\"publisher\":{\"@id\":\"https:\/\/comarcas.csm.org.pt\/beja\/#organization\"},\"potentialAction\":[{\"@type\":\"SearchAction\",\"target\":{\"@type\":\"EntryPoint\",\"urlTemplate\":\"https:\/\/comarcas.csm.org.pt\/beja\/?s={search_term_string}\"},\"query-input\":{\"@type\":\"PropertyValueSpecification\",\"valueRequired\":true,\"valueName\":\"search_term_string\"}}],\"inLanguage\":\"pt-PT\"},{\"@type\":\"Organization\",\"@id\":\"https:\/\/comarcas.csm.org.pt\/beja\/#organization\",\"name\":\"Tribunal Judicial da Comarca de Beja\",\"url\":\"https:\/\/comarcas.csm.org.pt\/beja\/\",\"logo\":{\"@type\":\"ImageObject\",\"inLanguage\":\"pt-PT\",\"@id\":\"https:\/\/comarcas.csm.org.pt\/beja\/#\/schema\/logo\/image\/\",\"url\":\"https:\/\/comarcas.csm.org.pt\/beja\/wp-content\/uploads\/sites\/8\/2024\/11\/Beja_positivo-horizontal.png\",\"contentUrl\":\"https:\/\/comarcas.csm.org.pt\/beja\/wp-content\/uploads\/sites\/8\/2024\/11\/Beja_positivo-horizontal.png\",\"width\":4807,\"height\":890,\"caption\":\"Tribunal Judicial da Comarca de Beja\"},\"image\":{\"@id\":\"https:\/\/comarcas.csm.org.pt\/beja\/#\/schema\/logo\/image\/\"}}]}<\/script>\n<!-- \/ Yoast SEO plugin. -->","yoast_head_json":{"title":"Moura - Tribunal Judicial da Comarca de Beja","robots":{"index":"index","follow":"follow","max-snippet":"max-snippet:-1","max-image-preview":"max-image-preview:large","max-video-preview":"max-video-preview:-1"},"canonical":"https:\/\/comarcas.csm.org.pt\/beja\/acomarca\/juizos\/moura\/","og_locale":"pt_PT","og_type":"article","og_title":"Moura - Tribunal Judicial da Comarca de Beja","og_description":"Ju\u00edzo de Compet\u00eancia Gen\u00e9rica de Moura Morada: Pal\u00e1cio da Justi\u00e7a &#8211; Largo Santa Clara &#8211; 7860-204 Moura Compet\u00eancia Territorial: Munic\u00edpios de Moura e Barrancos Contactos: Telefone: 285250830 Fax: 285090009 Email: moura.judicial@tribunais.org.pt Unidade Central de Moura Morada: Pal\u00e1cio da Justi\u00e7a &#8211; Largo Santa Clara &#8211; 7860-204 Moura Compet\u00eancia Territorial: Contactos: Telefone: 285250830 Fax: 285090009 Email: moura.judicial@tribunais.org.pt","og_url":"https:\/\/comarcas.csm.org.pt\/beja\/acomarca\/juizos\/moura\/","og_site_name":"Tribunal Judicial da Comarca de Beja","article_modified_time":"2026-03-17T11:42:47+00:00","twitter_card":"summary_large_image","twitter_misc":{"Tempo estimado de leitura":"1 minuto"},"schema":{"@context":"https:\/\/schema.org","@graph":[{"@type":"WebPage","@id":"https:\/\/comarcas.csm.org.pt\/beja\/acomarca\/juizos\/moura\/","url":"https:\/\/comarcas.csm.org.pt\/beja\/acomarca\/juizos\/moura\/","name":"Moura - Tribunal Judicial da Comarca de Beja","isPartOf":{"@id":"https:\/\/comarcas.csm.org.pt\/beja\/#website"},"datePublished":"2026-03-17T11:01:20+00:00","dateModified":"2026-03-17T11:42:47+00:00","breadcrumb":{"@id":"https:\/\/comarcas.csm.org.pt\/beja\/acomarca\/juizos\/moura\/#breadcrumb"},"inLanguage":"pt-PT","potentialAction":[{"@type":"ReadAction","target":["https:\/\/comarcas.csm.org.pt\/beja\/acomarca\/juizos\/moura\/"]}]},{"@type":"BreadcrumbList","@id":"https:\/\/comarcas.csm.org.pt\/beja\/acomarca\/juizos\/moura\/#breadcrumb","itemListElement":[{"@type":"ListItem","position":1,"name":"In\u00edcio","item":"https:\/\/comarcas.csm.org.pt\/beja\/"},{"@type":"ListItem","position":2,"name":"A Comarca","item":"https:\/\/comarcas.csm.org.pt\/beja\/acomarca\/"},{"@type":"ListItem","position":3,"name":"N\u00facleos\/Ju\u00edzos","item":"https:\/\/comarcas.csm.org.pt\/beja\/acomarca\/juizos\/"},{"@type":"ListItem","position":4,"name":"Moura"}]},{"@type":"WebSite","@id":"https:\/\/comarcas.csm.org.pt\/beja\/#website","url":"https:\/\/comarcas.csm.org.pt\/beja\/","name":"Tribunal Judicial da Comarca de Beja","description":"Tribunal Judicial da Comarca de Beja","publisher":{"@id":"https:\/\/comarcas.csm.org.pt\/beja\/#organization"},"potentialAction":[{"@type":"SearchAction","target":{"@type":"EntryPoint","urlTemplate":"https:\/\/comarcas.csm.org.pt\/beja\/?s={search_term_string}"},"query-input":{"@type":"PropertyValueSpecification","valueRequired":true,"valueName":"search_term_string"}}],"inLanguage":"pt-PT"},{"@type":"Organization","@id":"https:\/\/comarcas.csm.org.pt\/beja\/#organization","name":"Tribunal Judicial da Comarca de Beja","url":"https:\/\/comarcas.csm.org.pt\/beja\/","logo":{"@type":"ImageObject","inLanguage":"pt-PT","@id":"https:\/\/comarcas.csm.org.pt\/beja\/#\/schema\/logo\/image\/","url":"https:\/\/comarcas.csm.org.pt\/beja\/wp-content\/uploads\/sites\/8\/2024\/11\/Beja_positivo-horizontal.png","contentUrl":"https:\/\/comarcas.csm.org.pt\/beja\/wp-content\/uploads\/sites\/8\/2024\/11\/Beja_positivo-horizontal.png","width":4807,"height":890,"caption":"Tribunal Judicial da Comarca de Beja"},"image":{"@id":"https:\/\/comarcas.csm.org.pt\/beja\/#\/schema\/logo\/image\/"}}]}},"_links":{"self":[{"href":"https:\/\/comarcas.csm.org.pt\/beja\/wp-json\/wp\/v2\/pages\/12343","targetHints":{"allow":["GET"]}}],"collection":[{"href":"https:\/\/comarcas.csm.org.pt\/beja\/wp-json\/wp\/v2\/pages"}],"about":[{"href":"https:\/\/comarcas.csm.org.pt\/beja\/wp-json\/wp\/v2\/types\/page"}],"author":[{"embeddable":true,"href":"https:\/\/comarcas.csm.org.pt\/beja\/wp-json\/wp\/v2\/users\/36"}],"replies":[{"embeddable":true,"href":"https:\/\/comarcas.csm.org.pt\/beja\/wp-json\/wp\/v2\/comments?post=12343"}],"version-history":[{"count":7,"href":"https:\/\/comarcas.csm.org.pt\/beja\/wp-json\/wp\/v2\/pages\/12343\/revisions"}],"predecessor-version":[{"id":12404,"href":"https:\/\/comarcas.csm.org.pt\/beja\/wp-json\/wp\/v2\/pages\/12343\/revisions\/12404"}],"up":[{"embeddable":true,"href":"https:\/\/comarcas.csm.org.pt\/beja\/wp-json\/wp\/v2\/pages\/11069"}],"wp:attachment":[{"href":"https:\/\/comarcas.csm.org.pt\/beja\/wp-json\/wp\/v2\/media?parent=12343"}],"curies":[{"name":"wp","href":"https:\/\/api.w.org\/{rel}","templated":true}]}}