{"id":11361,"date":"2024-05-22T11:36:25","date_gmt":"2024-05-22T11:36:25","guid":{"rendered":"https:\/\/aveiro.vvr.pt\/?page_id=11361"},"modified":"2025-07-09T17:35:48","modified_gmt":"2025-07-09T17:35:48","slug":"biblioteca","status":"publish","type":"page","link":"https:\/\/comarcas.csm.org.pt\/braga\/biblioteca\/","title":{"rendered":"Biblioteca"},"content":{"rendered":"\t\t<div data-elementor-type=\"wp-page\" data-elementor-id=\"11361\" class=\"elementor elementor-11361\" data-elementor-post-type=\"page\">\n\t\t\t\t<div class=\"elementor-element elementor-element-3799e5c e-flex e-con-boxed e-con e-parent\" data-id=\"3799e5c\" data-element_type=\"container\">\n\t\t\t\t\t<div class=\"e-con-inner\">\n\t\t\t\t<div class=\"elementor-element elementor-element-21e2575 elementor-widget elementor-widget-text-editor\" data-id=\"21e2575\" data-element_type=\"widget\" data-widget_type=\"text-editor.default\">\n\t\t\t\t<div class=\"elementor-widget-container\">\n\t\t\t\t\t\t\t\t\t<h4><strong>BRAGA<\/strong><\/h4><p><strong>Pal\u00e1cio da Justi\u00e7a &#8211; <span style=\"text-decoration: underline;color: #0000ff\"><a style=\"color: #0000ff\" href=\"https:\/\/comarcas.csm.org.pt\/braga\/wp-content\/uploads\/sites\/9\/2025\/07\/Palacio-da-Justica-Braga-Livros.pdf\">Braga &#8211; Livros<\/a><\/span><\/strong><\/p><p><strong>Pal\u00e1cio da Justi\u00e7a &#8211;<\/strong> <a href=\"https:\/\/comarcas.csm.org.pt\/braga\/wp-content\/uploads\/sites\/9\/2025\/07\/Palacio-da-Justica-Braga-Revistas.pdf\"><span style=\"text-decoration: underline\"><strong><span style=\"color: #0000ff;text-decoration: underline\">Braga &#8211; Revistas<\/span><\/strong><\/span><\/a><\/p><p><strong>Ju\u00edzo de Fam\u00edlia e Menores<\/strong> &#8211;<span style=\"color: #3366ff\">\u00a0<span style=\"text-decoration: underline;color: #0000ff\"><strong><a style=\"color: #0000ff;text-decoration: underline\" href=\"https:\/\/comarcas.csm.org.pt\/braga\/wp-content\/uploads\/sites\/9\/2025\/07\/BRAGA-TFM-Livros.pdf\">BRAGA &#8211; JFM &#8211; Livros<\/a><\/strong><\/span><\/span><\/p><p><strong>Ju\u00edzo de Fam\u00edlia e Menores &#8211; <span style=\"text-decoration: underline\"><span style=\"color: #0000ff\"><a style=\"color: #0000ff;text-decoration: underline\" href=\"https:\/\/comarcas.csm.org.pt\/braga\/wp-content\/uploads\/sites\/9\/2025\/07\/Braga-TFM-Revistas.pdf\">Braga &#8211; JFM &#8211; Revistas<\/a><\/span><\/span><\/strong><\/p><p><strong>Ju\u00edzo do Trabalho<\/strong> <strong>&#8211;<\/strong> <span style=\"text-decoration: underline;color: #0000ff\"><strong><a style=\"color: #0000ff;text-decoration: underline\" href=\"https:\/\/comarcas.csm.org.pt\/braga\/wp-content\/uploads\/sites\/9\/2025\/07\/TT-Braga-livros.pdf\">Braga &#8211; JT &#8211; Livros<\/a><\/strong><\/span><\/p><p><strong>Ju\u00edzo do Trabalho &#8211;<\/strong> <span style=\"text-decoration: underline;color: #0000ff\"><strong><a style=\"color: #0000ff;text-decoration: underline\" href=\"https:\/\/comarcas.csm.org.pt\/braga\/wp-content\/uploads\/sites\/9\/2025\/07\/Braga-TT-Revistas.pdf\">Braga &#8211; JT &#8211; Revistas<\/a><\/strong><\/span><\/p>\t\t\t\t\t\t\t\t<\/div>\n\t\t\t\t<\/div>\n\t\t\t\t\t<\/div>\n\t\t\t\t<\/div>\n\t\t<div class=\"elementor-element elementor-element-8cca9bc e-flex e-con-boxed e-con e-parent\" data-id=\"8cca9bc\" data-element_type=\"container\">\n\t\t\t\t\t<div class=\"e-con-inner\">\n\t\t\t\t<div class=\"elementor-element elementor-element-593830b elementor-widget elementor-widget-text-editor\" data-id=\"593830b\" data-element_type=\"widget\" data-widget_type=\"text-editor.default\">\n\t\t\t\t<div class=\"elementor-widget-container\">\n\t\t\t\t\t\t\t\t\t<h4><span style=\"letter-spacing: 0.3px\"><b>Vila Verde<\/b><\/span><\/h4><p><strong>Pal\u00e1cio da Justi\u00e7a &#8211; <\/strong><strong><span style=\"color: #0000ff\"><span style=\"font-size: 14px;letter-spacing: 0.3px;text-transform: none\"><a style=\"color: #0000ff;text-decoration: underline\" href=\"https:\/\/comarcas.csm.org.pt\/braga\/wp-content\/uploads\/sites\/9\/2025\/07\/T-Vila-Verede-Livros.pdf\">Vila Verde &#8211; Livros<\/a><\/span><\/span><\/strong><\/p><p><strong>Pal\u00e1cio da Justi\u00e7a &#8211;\u00a0<\/strong><span style=\"text-decoration: underline\"><span style=\"color: #0000ff\"><strong><a style=\"color: #0000ff;text-decoration: underline\" href=\"https:\/\/comarcas.csm.org.pt\/braga\/wp-content\/uploads\/sites\/9\/2025\/07\/T-Vila-Verde-Revistas.pdf\">Vila Verde &#8211; Revistas<\/a><\/strong><\/span><\/span><\/p>\t\t\t\t\t\t\t\t<\/div>\n\t\t\t\t<\/div>\n\t\t\t\t\t<\/div>\n\t\t\t\t<\/div>\n\t\t<div class=\"elementor-element elementor-element-4f60b6e e-flex e-con-boxed e-con e-parent\" data-id=\"4f60b6e\" data-element_type=\"container\">\n\t\t\t\t\t<div class=\"e-con-inner\">\n\t\t\t\t<div class=\"elementor-element elementor-element-8394d07 elementor-widget elementor-widget-text-editor\" data-id=\"8394d07\" data-element_type=\"widget\" data-widget_type=\"text-editor.default\">\n\t\t\t\t<div class=\"elementor-widget-container\">\n\t\t\t\t\t\t\t\t\t<h4><strong>EXERC\u00cdCIO DAS RESPONSABILIDADES PARENTAIS &#8211; ALGUNS OLHARES<\/strong><\/h4>\n<p><span style=\"color: #3366ff\"><span style=\"text-decoration: underline\"><strong><span style=\"color: #0000ff;text-decoration: underline\">Estudo<a style=\"color: #0000ff;text-decoration: underline\" href=\"https:\/\/comarcas.csm.org.pt\/braga\/wp-content\/uploads\/sites\/9\/2025\/07\/estudo-Olhares.pdf\"> &#8211; Alguns Olhares<\/a><\/span><\/strong><\/span><\/span><\/p>\t\t\t\t\t\t\t\t<\/div>\n\t\t\t\t<\/div>\n\t\t\t\t\t<\/div>\n\t\t\t\t<\/div>\n\t\t\t\t<\/div>\n\t\t","protected":false},"excerpt":{"rendered":"<p>BRAGA Pal\u00e1cio da Justi\u00e7a &#8211; Braga &#8211; Livros Pal\u00e1cio da Justi\u00e7a &#8211; Braga &#8211; Revistas Ju\u00edzo de Fam\u00edlia e Menores &#8211;\u00a0BRAGA &#8211; JFM &#8211; Livros Ju\u00edzo de Fam\u00edlia e Menores &#8211; Braga &#8211; JFM &#8211; Revistas Ju\u00edzo do Trabalho &#8211; Braga &#8211; JT &#8211; Livros Ju\u00edzo do Trabalho &#8211; Braga &#8211; JT &#8211; Revistas Vila&#8230;<\/p>\n","protected":false},"author":1,"featured_media":0,"parent":0,"menu_order":0,"comment_status":"closed","ping_status":"closed","template":"","meta":{"_tbt_post_transparent":"","_tbt_post_title":"","_tbt_post_layout":"","_tbt_post_sidebar_id":"","_tbt_post_content_style":"","_tbt_post_vertical_padding":"","_tbt_post_feature":"","_tbt_post_feature_position":"","_tbt_post_header":false,"_tbt_post_footer":false},"class_list":["post-11361","page","type-page","status-publish","hentry"],"yoast_head":"<!-- This site is optimized with the Yoast SEO plugin v25.6 - https:\/\/yoast.com\/wordpress\/plugins\/seo\/ -->\n<title>Biblioteca - Tribunal Judicial da Comarca de Braga<\/title>\n<meta name=\"robots\" content=\"index, follow, max-snippet:-1, max-image-preview:large, max-video-preview:-1\" \/>\n<link rel=\"canonical\" href=\"https:\/\/comarcas.csm.org.pt\/braga\/biblioteca\/\" \/>\n<meta property=\"og:locale\" content=\"pt_PT\" \/>\n<meta property=\"og:type\" content=\"article\" \/>\n<meta property=\"og:title\" content=\"Biblioteca - Tribunal Judicial da Comarca de Braga\" \/>\n<meta property=\"og:description\" content=\"BRAGA Pal\u00e1cio da Justi\u00e7a &#8211; Braga &#8211; Livros Pal\u00e1cio da Justi\u00e7a &#8211; Braga &#8211; Revistas Ju\u00edzo de Fam\u00edlia e Menores &#8211;\u00a0BRAGA &#8211; JFM &#8211; Livros Ju\u00edzo de Fam\u00edlia e Menores &#8211; Braga &#8211; JFM &#8211; Revistas Ju\u00edzo do Trabalho &#8211; Braga &#8211; JT &#8211; Livros Ju\u00edzo do Trabalho &#8211; Braga &#8211; JT &#8211; Revistas Vila...\" \/>\n<meta property=\"og:url\" content=\"https:\/\/comarcas.csm.org.pt\/braga\/biblioteca\/\" \/>\n<meta property=\"og:site_name\" content=\"Tribunal Judicial da Comarca de Braga\" \/>\n<meta property=\"article:modified_time\" content=\"2025-07-09T17:35:48+00:00\" \/>\n<meta name=\"twitter:card\" content=\"summary_large_image\" \/>\n<meta name=\"twitter:label1\" content=\"Tempo estimado de leitura\" \/>\n\t<meta name=\"twitter:data1\" content=\"1 minuto\" \/>\n<script type=\"application\/ld+json\" class=\"yoast-schema-graph\">{\"@context\":\"https:\/\/schema.org\",\"@graph\":[{\"@type\":\"WebPage\",\"@id\":\"https:\/\/comarcas.csm.org.pt\/braga\/biblioteca\/\",\"url\":\"https:\/\/comarcas.csm.org.pt\/braga\/biblioteca\/\",\"name\":\"Biblioteca - Tribunal Judicial da Comarca de Braga\",\"isPartOf\":{\"@id\":\"https:\/\/comarcas.csm.org.pt\/braga\/#website\"},\"datePublished\":\"2024-05-22T11:36:25+00:00\",\"dateModified\":\"2025-07-09T17:35:48+00:00\",\"breadcrumb\":{\"@id\":\"https:\/\/comarcas.csm.org.pt\/braga\/biblioteca\/#breadcrumb\"},\"inLanguage\":\"pt-PT\",\"potentialAction\":[{\"@type\":\"ReadAction\",\"target\":[\"https:\/\/comarcas.csm.org.pt\/braga\/biblioteca\/\"]}]},{\"@type\":\"BreadcrumbList\",\"@id\":\"https:\/\/comarcas.csm.org.pt\/braga\/biblioteca\/#breadcrumb\",\"itemListElement\":[{\"@type\":\"ListItem\",\"position\":1,\"name\":\"In\u00edcio\",\"item\":\"https:\/\/comarcas.csm.org.pt\/braga\/\"},{\"@type\":\"ListItem\",\"position\":2,\"name\":\"Biblioteca\"}]},{\"@type\":\"WebSite\",\"@id\":\"https:\/\/comarcas.csm.org.pt\/braga\/#website\",\"url\":\"https:\/\/comarcas.csm.org.pt\/braga\/\",\"name\":\"Tribunal Judicial da Comarca de Braga\",\"description\":\"Tribunal Judicial da Comarca de Aveiro\",\"publisher\":{\"@id\":\"https:\/\/comarcas.csm.org.pt\/braga\/#organization\"},\"potentialAction\":[{\"@type\":\"SearchAction\",\"target\":{\"@type\":\"EntryPoint\",\"urlTemplate\":\"https:\/\/comarcas.csm.org.pt\/braga\/?s={search_term_string}\"},\"query-input\":{\"@type\":\"PropertyValueSpecification\",\"valueRequired\":true,\"valueName\":\"search_term_string\"}}],\"inLanguage\":\"pt-PT\"},{\"@type\":\"Organization\",\"@id\":\"https:\/\/comarcas.csm.org.pt\/braga\/#organization\",\"name\":\"Tribunal Judicial da Comarca de Braga\",\"url\":\"https:\/\/comarcas.csm.org.pt\/braga\/\",\"logo\":{\"@type\":\"ImageObject\",\"inLanguage\":\"pt-PT\",\"@id\":\"https:\/\/comarcas.csm.org.pt\/braga\/#\/schema\/logo\/image\/\",\"url\":\"https:\/\/comarcas.csm.org.pt\/braga\/wp-content\/uploads\/sites\/9\/2024\/11\/Braga_positivo-horizontal.png\",\"contentUrl\":\"https:\/\/comarcas.csm.org.pt\/braga\/wp-content\/uploads\/sites\/9\/2024\/11\/Braga_positivo-horizontal.png\",\"width\":4720,\"height\":933,\"caption\":\"Tribunal Judicial da Comarca de Braga\"},\"image\":{\"@id\":\"https:\/\/comarcas.csm.org.pt\/braga\/#\/schema\/logo\/image\/\"}}]}<\/script>\n<!-- \/ Yoast SEO plugin. -->","yoast_head_json":{"title":"Biblioteca - Tribunal Judicial da Comarca de Braga","robots":{"index":"index","follow":"follow","max-snippet":"max-snippet:-1","max-image-preview":"max-image-preview:large","max-video-preview":"max-video-preview:-1"},"canonical":"https:\/\/comarcas.csm.org.pt\/braga\/biblioteca\/","og_locale":"pt_PT","og_type":"article","og_title":"Biblioteca - Tribunal Judicial da Comarca de Braga","og_description":"BRAGA Pal\u00e1cio da Justi\u00e7a &#8211; Braga &#8211; Livros Pal\u00e1cio da Justi\u00e7a &#8211; Braga &#8211; Revistas Ju\u00edzo de Fam\u00edlia e Menores &#8211;\u00a0BRAGA &#8211; JFM &#8211; Livros Ju\u00edzo de Fam\u00edlia e Menores &#8211; Braga &#8211; JFM &#8211; Revistas Ju\u00edzo do Trabalho &#8211; Braga &#8211; JT &#8211; Livros Ju\u00edzo do Trabalho &#8211; Braga &#8211; JT &#8211; Revistas Vila...","og_url":"https:\/\/comarcas.csm.org.pt\/braga\/biblioteca\/","og_site_name":"Tribunal Judicial da Comarca de Braga","article_modified_time":"2025-07-09T17:35:48+00:00","twitter_card":"summary_large_image","twitter_misc":{"Tempo estimado de leitura":"1 minuto"},"schema":{"@context":"https:\/\/schema.org","@graph":[{"@type":"WebPage","@id":"https:\/\/comarcas.csm.org.pt\/braga\/biblioteca\/","url":"https:\/\/comarcas.csm.org.pt\/braga\/biblioteca\/","name":"Biblioteca - Tribunal Judicial da Comarca de Braga","isPartOf":{"@id":"https:\/\/comarcas.csm.org.pt\/braga\/#website"},"datePublished":"2024-05-22T11:36:25+00:00","dateModified":"2025-07-09T17:35:48+00:00","breadcrumb":{"@id":"https:\/\/comarcas.csm.org.pt\/braga\/biblioteca\/#breadcrumb"},"inLanguage":"pt-PT","potentialAction":[{"@type":"ReadAction","target":["https:\/\/comarcas.csm.org.pt\/braga\/biblioteca\/"]}]},{"@type":"BreadcrumbList","@id":"https:\/\/comarcas.csm.org.pt\/braga\/biblioteca\/#breadcrumb","itemListElement":[{"@type":"ListItem","position":1,"name":"In\u00edcio","item":"https:\/\/comarcas.csm.org.pt\/braga\/"},{"@type":"ListItem","position":2,"name":"Biblioteca"}]},{"@type":"WebSite","@id":"https:\/\/comarcas.csm.org.pt\/braga\/#website","url":"https:\/\/comarcas.csm.org.pt\/braga\/","name":"Tribunal Judicial da Comarca de Braga","description":"Tribunal Judicial da Comarca de Aveiro","publisher":{"@id":"https:\/\/comarcas.csm.org.pt\/braga\/#organization"},"potentialAction":[{"@type":"SearchAction","target":{"@type":"EntryPoint","urlTemplate":"https:\/\/comarcas.csm.org.pt\/braga\/?s={search_term_string}"},"query-input":{"@type":"PropertyValueSpecification","valueRequired":true,"valueName":"search_term_string"}}],"inLanguage":"pt-PT"},{"@type":"Organization","@id":"https:\/\/comarcas.csm.org.pt\/braga\/#organization","name":"Tribunal Judicial da Comarca de Braga","url":"https:\/\/comarcas.csm.org.pt\/braga\/","logo":{"@type":"ImageObject","inLanguage":"pt-PT","@id":"https:\/\/comarcas.csm.org.pt\/braga\/#\/schema\/logo\/image\/","url":"https:\/\/comarcas.csm.org.pt\/braga\/wp-content\/uploads\/sites\/9\/2024\/11\/Braga_positivo-horizontal.png","contentUrl":"https:\/\/comarcas.csm.org.pt\/braga\/wp-content\/uploads\/sites\/9\/2024\/11\/Braga_positivo-horizontal.png","width":4720,"height":933,"caption":"Tribunal Judicial da Comarca de Braga"},"image":{"@id":"https:\/\/comarcas.csm.org.pt\/braga\/#\/schema\/logo\/image\/"}}]}},"_links":{"self":[{"href":"https:\/\/comarcas.csm.org.pt\/braga\/wp-json\/wp\/v2\/pages\/11361","targetHints":{"allow":["GET"]}}],"collection":[{"href":"https:\/\/comarcas.csm.org.pt\/braga\/wp-json\/wp\/v2\/pages"}],"about":[{"href":"https:\/\/comarcas.csm.org.pt\/braga\/wp-json\/wp\/v2\/types\/page"}],"author":[{"embeddable":true,"href":"https:\/\/comarcas.csm.org.pt\/braga\/wp-json\/wp\/v2\/users\/1"}],"replies":[{"embeddable":true,"href":"https:\/\/comarcas.csm.org.pt\/braga\/wp-json\/wp\/v2\/comments?post=11361"}],"version-history":[{"count":88,"href":"https:\/\/comarcas.csm.org.pt\/braga\/wp-json\/wp\/v2\/pages\/11361\/revisions"}],"predecessor-version":[{"id":13842,"href":"https:\/\/comarcas.csm.org.pt\/braga\/wp-json\/wp\/v2\/pages\/11361\/revisions\/13842"}],"wp:attachment":[{"href":"https:\/\/comarcas.csm.org.pt\/braga\/wp-json\/wp\/v2\/media?parent=11361"}],"curies":[{"name":"wp","href":"https:\/\/api.w.org\/{rel}","templated":true}]}}