{"id":11410,"date":"2024-05-22T12:51:42","date_gmt":"2024-05-22T12:51:42","guid":{"rendered":"https:\/\/aveiro.vvr.pt\/?page_id=11410"},"modified":"2025-07-11T15:14:57","modified_gmt":"2025-07-11T15:14:57","slug":"faq","status":"publish","type":"page","link":"https:\/\/comarcas.csm.org.pt\/braga\/cidadao\/faq\/","title":{"rendered":"FAQ"},"content":{"rendered":"\t\t<div data-elementor-type=\"wp-page\" data-elementor-id=\"11410\" class=\"elementor elementor-11410\" data-elementor-post-type=\"page\">\n\t\t\t\t<div class=\"elementor-element elementor-element-a8a7978 e-flex e-con-boxed e-con e-parent\" data-id=\"a8a7978\" data-element_type=\"container\">\n\t\t\t\t\t<div class=\"e-con-inner\">\n\t\t\t\t<div class=\"elementor-element elementor-element-7aad74f elementor-widget elementor-widget-accordion\" data-id=\"7aad74f\" data-element_type=\"widget\" data-widget_type=\"accordion.default\">\n\t\t\t\t<div class=\"elementor-widget-container\">\n\t\t\t\t\t\t\t<div class=\"elementor-accordion\">\n\t\t\t\t\t\t\t<div class=\"elementor-accordion-item\">\n\t\t\t\t\t<div id=\"elementor-tab-title-1281\" class=\"elementor-tab-title\" data-tab=\"1\" role=\"button\" aria-controls=\"elementor-tab-content-1281\" aria-expanded=\"false\">\n\t\t\t\t\t\t\t\t\t\t\t\t\t<span class=\"elementor-accordion-icon elementor-accordion-icon-left\" aria-hidden=\"true\">\n\t\t\t\t\t\t\t\t\t\t\t\t\t\t\t<span class=\"elementor-accordion-icon-closed\"><svg class=\"e-font-icon-svg e-fas-plus\" viewBox=\"0 0 448 512\" xmlns=\"http:\/\/www.w3.org\/2000\/svg\"><path d=\"M416 208H272V64c0-17.67-14.33-32-32-32h-32c-17.67 0-32 14.33-32 32v144H32c-17.67 0-32 14.33-32 32v32c0 17.67 14.33 32 32 32h144v144c0 17.67 14.33 32 32 32h32c17.67 0 32-14.33 32-32V304h144c17.67 0 32-14.33 32-32v-32c0-17.67-14.33-32-32-32z\"><\/path><\/svg><\/span>\n\t\t\t\t\t\t\t\t<span class=\"elementor-accordion-icon-opened\"><svg class=\"e-font-icon-svg e-fas-minus\" viewBox=\"0 0 448 512\" xmlns=\"http:\/\/www.w3.org\/2000\/svg\"><path d=\"M416 208H32c-17.67 0-32 14.33-32 32v32c0 17.67 14.33 32 32 32h384c17.67 0 32-14.33 32-32v-32c0-17.67-14.33-32-32-32z\"><\/path><\/svg><\/span>\n\t\t\t\t\t\t\t\t\t\t\t\t\t\t<\/span>\n\t\t\t\t\t\t\t\t\t\t\t\t<a class=\"elementor-accordion-title\" tabindex=\"0\">Qual o hor\u00e1rio de funcionamento do Tribunal Judicial da Comarca de Braga?<\/a>\n\t\t\t\t\t<\/div>\n\t\t\t\t\t<div id=\"elementor-tab-content-1281\" class=\"elementor-tab-content elementor-clearfix\" data-tab=\"1\" role=\"region\" aria-labelledby=\"elementor-tab-title-1281\"><p>As secretarias dos tribunais funcionam nos dias \u00fateis, das 9 horas \u00e0s 12 horas e 30 minutos e das 13 horas e 30 minutos \u00e0s 17 horas.<\/p><p>O atendimento ao p\u00fablico encerra \u00e0s 16 horas.<\/p><p>O hor\u00e1rio de funcionamento dos tribunais e de atendimento ao p\u00fablico est\u00e1 definido na\u00a0<a href=\"https:\/\/www.pgdlisboa.pt\/leis\/lei_mostra_articulado.php?nid=2964&amp;tabela=leis&amp;ficha=1&amp;pagina=1\">Portaria n.\u00ba 307\/2018, de 29 de novembro<\/a>.<\/p><\/div>\n\t\t\t\t<\/div>\n\t\t\t\t\t\t\t<div class=\"elementor-accordion-item\">\n\t\t\t\t\t<div id=\"elementor-tab-title-1282\" class=\"elementor-tab-title\" data-tab=\"2\" role=\"button\" aria-controls=\"elementor-tab-content-1282\" aria-expanded=\"false\">\n\t\t\t\t\t\t\t\t\t\t\t\t\t<span class=\"elementor-accordion-icon elementor-accordion-icon-left\" aria-hidden=\"true\">\n\t\t\t\t\t\t\t\t\t\t\t\t\t\t\t<span class=\"elementor-accordion-icon-closed\"><svg class=\"e-font-icon-svg e-fas-plus\" viewBox=\"0 0 448 512\" xmlns=\"http:\/\/www.w3.org\/2000\/svg\"><path d=\"M416 208H272V64c0-17.67-14.33-32-32-32h-32c-17.67 0-32 14.33-32 32v144H32c-17.67 0-32 14.33-32 32v32c0 17.67 14.33 32 32 32h144v144c0 17.67 14.33 32 32 32h32c17.67 0 32-14.33 32-32V304h144c17.67 0 32-14.33 32-32v-32c0-17.67-14.33-32-32-32z\"><\/path><\/svg><\/span>\n\t\t\t\t\t\t\t\t<span class=\"elementor-accordion-icon-opened\"><svg class=\"e-font-icon-svg e-fas-minus\" viewBox=\"0 0 448 512\" xmlns=\"http:\/\/www.w3.org\/2000\/svg\"><path d=\"M416 208H32c-17.67 0-32 14.33-32 32v32c0 17.67 14.33 32 32 32h384c17.67 0 32-14.33 32-32v-32c0-17.67-14.33-32-32-32z\"><\/path><\/svg><\/span>\n\t\t\t\t\t\t\t\t\t\t\t\t\t\t<\/span>\n\t\t\t\t\t\t\t\t\t\t\t\t<a class=\"elementor-accordion-title\" tabindex=\"0\">Onde ficam localizados os Ju\u00edzos do Tribunal Judicial da Comarca de Braga?<\/a>\n\t\t\t\t\t<\/div>\n\t\t\t\t\t<div id=\"elementor-tab-content-1282\" class=\"elementor-tab-content elementor-clearfix\" data-tab=\"2\" role=\"region\" aria-labelledby=\"elementor-tab-title-1282\"><p>A sede do Tribunal Judicial da Comarca de Braga situa-se no munic\u00edpio de Braga.\u00a0<\/p><p>Os Ju\u00edzos e edif\u00edcios que constituem o Tribunal Judicial da Comarca de Braga podem ser consultadas no separador <strong>\u201c<a href=\"https:\/\/comarcas.csm.org.pt\/braga\/acomarca\/\">A Comarca<\/a>\u201d<\/strong>, sub-separador\u00a0\u201c<a href=\"https:\/\/comarcas.csm.org.pt\/braga\/acomarca\/juizos\/\"><strong>N\u00facleos\/Ju\u00edzos<\/strong><\/a>\u201d\u202f\u202f\u00a0<\/p><\/div>\n\t\t\t\t<\/div>\n\t\t\t\t\t\t\t<div class=\"elementor-accordion-item\">\n\t\t\t\t\t<div id=\"elementor-tab-title-1283\" class=\"elementor-tab-title\" data-tab=\"3\" role=\"button\" aria-controls=\"elementor-tab-content-1283\" aria-expanded=\"false\">\n\t\t\t\t\t\t\t\t\t\t\t\t\t<span class=\"elementor-accordion-icon elementor-accordion-icon-left\" aria-hidden=\"true\">\n\t\t\t\t\t\t\t\t\t\t\t\t\t\t\t<span class=\"elementor-accordion-icon-closed\"><svg class=\"e-font-icon-svg e-fas-plus\" viewBox=\"0 0 448 512\" xmlns=\"http:\/\/www.w3.org\/2000\/svg\"><path d=\"M416 208H272V64c0-17.67-14.33-32-32-32h-32c-17.67 0-32 14.33-32 32v144H32c-17.67 0-32 14.33-32 32v32c0 17.67 14.33 32 32 32h144v144c0 17.67 14.33 32 32 32h32c17.67 0 32-14.33 32-32V304h144c17.67 0 32-14.33 32-32v-32c0-17.67-14.33-32-32-32z\"><\/path><\/svg><\/span>\n\t\t\t\t\t\t\t\t<span class=\"elementor-accordion-icon-opened\"><svg class=\"e-font-icon-svg e-fas-minus\" viewBox=\"0 0 448 512\" xmlns=\"http:\/\/www.w3.org\/2000\/svg\"><path d=\"M416 208H32c-17.67 0-32 14.33-32 32v32c0 17.67 14.33 32 32 32h384c17.67 0 32-14.33 32-32v-32c0-17.67-14.33-32-32-32z\"><\/path><\/svg><\/span>\n\t\t\t\t\t\t\t\t\t\t\t\t\t\t<\/span>\n\t\t\t\t\t\t\t\t\t\t\t\t<a class=\"elementor-accordion-title\" tabindex=\"0\">Como posso consultar o estado de um processo no Tribunal Judicial da Comarca de Braga?<\/a>\n\t\t\t\t\t<\/div>\n\t\t\t\t\t<div id=\"elementor-tab-content-1283\" class=\"elementor-tab-content elementor-clearfix\" data-tab=\"3\" role=\"region\" aria-labelledby=\"elementor-tab-title-1283\"><p>O estado de um processo pode ser consultado <strong><em>online<\/em><\/strong> e <strong>presencialmente<\/strong>.<\/p><p>\u00a0 \u00a0 \u00a0<strong><em>Online<\/em>:<\/strong> por consulta do Portal <a href=\"https:\/\/www.citius.mj.pt\/portal\/default.aspx\" target=\"_blank\" rel=\"noopener\"><strong data-start=\"799\" data-end=\"814\">e-Tribunal Citius<\/strong><\/a> e\/ou do portal \u00a0<strong><a href=\"https:\/\/tribunais.org.pt\/Processos\/Os-meus-processos\">Os Meus Processos<\/a><\/strong> que consta da Plataforma Digital da Justi\u00e7a, acess\u00edvel atrav\u00e9s do site <strong><a href=\"https:\/\/tribunais.org.pt\/\">Tribunais.org.pt<\/a><\/strong>, utilizando o Cart\u00e3o de Cidad\u00e3o ou Chave M\u00f3vel Digital para autentica\u00e7\u00e3o.<\/p><p>\u00a0 \u00a0 \u00a0<strong>Presencialmente<\/strong>, junto da\u00a0Secretaria do Tribunal.<\/p><\/div>\n\t\t\t\t<\/div>\n\t\t\t\t\t\t\t<div class=\"elementor-accordion-item\">\n\t\t\t\t\t<div id=\"elementor-tab-title-1284\" class=\"elementor-tab-title\" data-tab=\"4\" role=\"button\" aria-controls=\"elementor-tab-content-1284\" aria-expanded=\"false\">\n\t\t\t\t\t\t\t\t\t\t\t\t\t<span class=\"elementor-accordion-icon elementor-accordion-icon-left\" aria-hidden=\"true\">\n\t\t\t\t\t\t\t\t\t\t\t\t\t\t\t<span class=\"elementor-accordion-icon-closed\"><svg class=\"e-font-icon-svg e-fas-plus\" viewBox=\"0 0 448 512\" xmlns=\"http:\/\/www.w3.org\/2000\/svg\"><path d=\"M416 208H272V64c0-17.67-14.33-32-32-32h-32c-17.67 0-32 14.33-32 32v144H32c-17.67 0-32 14.33-32 32v32c0 17.67 14.33 32 32 32h144v144c0 17.67 14.33 32 32 32h32c17.67 0 32-14.33 32-32V304h144c17.67 0 32-14.33 32-32v-32c0-17.67-14.33-32-32-32z\"><\/path><\/svg><\/span>\n\t\t\t\t\t\t\t\t<span class=\"elementor-accordion-icon-opened\"><svg class=\"e-font-icon-svg e-fas-minus\" viewBox=\"0 0 448 512\" xmlns=\"http:\/\/www.w3.org\/2000\/svg\"><path d=\"M416 208H32c-17.67 0-32 14.33-32 32v32c0 17.67 14.33 32 32 32h384c17.67 0 32-14.33 32-32v-32c0-17.67-14.33-32-32-32z\"><\/path><\/svg><\/span>\n\t\t\t\t\t\t\t\t\t\t\t\t\t\t<\/span>\n\t\t\t\t\t\t\t\t\t\t\t\t<a class=\"elementor-accordion-title\" tabindex=\"0\">Como posso obter o certificado de registo criminal?<\/a>\n\t\t\t\t\t<\/div>\n\t\t\t\t\t<div id=\"elementor-tab-content-1284\" class=\"elementor-tab-content elementor-clearfix\" data-tab=\"4\" role=\"region\" aria-labelledby=\"elementor-tab-title-1284\"><p>Para obter o Certificado do Registo Criminal:<br \/><span style=\"letter-spacing: 0.3px\">\u00a0 \u00a0 \u00a0a) pode fazer o pedido atrav\u00e9s do Portal do Registo Criminal Online, sito em <span style=\"text-decoration: underline\"><span style=\"color: #3366ff\"><strong><a style=\"color: #3366ff;text-decoration: underline\" href=\"https:\/\/registocriminal.justica.gov.pt\/\">https:\/\/registocriminal.justica.gov.pt\/<\/a><\/strong><\/span><\/span>;<br \/><\/span><span style=\"letter-spacing: 0.3px\">\u00a0 \u00a0 \u00a0b) pessoalmente, nos Balc\u00f5es dos Servi\u00e7os de Identifica\u00e7\u00e3o Criminal (DSIC); nas Secretarias das Unidades Centrais ou dos Ju\u00edzos de Proximidade dos Tribunais de Comarca; nos Espa\u00e7os do Cidad\u00e3o onde este servi\u00e7o esteja presente; nas Lojas da Rede Integrada de Apoio ao Cidad\u00e3o (RIAC) da Regi\u00e3o Aut\u00f3noma dos A\u00e7ores.<br \/>\u00a0 \u00a0 \u00a0c) por telefone, atrav\u00e9s da linha do cidad\u00e3o do Portal de servi\u00e7os p\u00fablicos da Rep\u00fablica Portuguesa;<br \/><\/span>\u00a0 \u00a0 \u00a0d) pode ainda autorizar outra pessoa a pedir o seu certificado (pessoa de qualquer nacionalidade), num dos postos de atendimento em Portugal.<\/p><\/div>\n\t\t\t\t<\/div>\n\t\t\t\t\t\t\t<div class=\"elementor-accordion-item\">\n\t\t\t\t\t<div id=\"elementor-tab-title-1285\" class=\"elementor-tab-title\" data-tab=\"5\" role=\"button\" aria-controls=\"elementor-tab-content-1285\" aria-expanded=\"false\">\n\t\t\t\t\t\t\t\t\t\t\t\t\t<span class=\"elementor-accordion-icon elementor-accordion-icon-left\" aria-hidden=\"true\">\n\t\t\t\t\t\t\t\t\t\t\t\t\t\t\t<span class=\"elementor-accordion-icon-closed\"><svg class=\"e-font-icon-svg e-fas-plus\" viewBox=\"0 0 448 512\" xmlns=\"http:\/\/www.w3.org\/2000\/svg\"><path d=\"M416 208H272V64c0-17.67-14.33-32-32-32h-32c-17.67 0-32 14.33-32 32v144H32c-17.67 0-32 14.33-32 32v32c0 17.67 14.33 32 32 32h144v144c0 17.67 14.33 32 32 32h32c17.67 0 32-14.33 32-32V304h144c17.67 0 32-14.33 32-32v-32c0-17.67-14.33-32-32-32z\"><\/path><\/svg><\/span>\n\t\t\t\t\t\t\t\t<span class=\"elementor-accordion-icon-opened\"><svg class=\"e-font-icon-svg e-fas-minus\" viewBox=\"0 0 448 512\" xmlns=\"http:\/\/www.w3.org\/2000\/svg\"><path d=\"M416 208H32c-17.67 0-32 14.33-32 32v32c0 17.67 14.33 32 32 32h384c17.67 0 32-14.33 32-32v-32c0-17.67-14.33-32-32-32z\"><\/path><\/svg><\/span>\n\t\t\t\t\t\t\t\t\t\t\t\t\t\t<\/span>\n\t\t\t\t\t\t\t\t\t\t\t\t<a class=\"elementor-accordion-title\" tabindex=\"0\">Acorde\u00e3o #5<\/a>\n\t\t\t\t\t<\/div>\n\t\t\t\t\t<div id=\"elementor-tab-content-1285\" class=\"elementor-tab-content elementor-clearfix\" data-tab=\"5\" role=\"region\" aria-labelledby=\"elementor-tab-title-1285\"><p>.<\/p><\/div>\n\t\t\t\t<\/div>\n\t\t\t\t\t\t\t<div class=\"elementor-accordion-item\">\n\t\t\t\t\t<div id=\"elementor-tab-title-1286\" class=\"elementor-tab-title\" data-tab=\"6\" role=\"button\" aria-controls=\"elementor-tab-content-1286\" aria-expanded=\"false\">\n\t\t\t\t\t\t\t\t\t\t\t\t\t<span class=\"elementor-accordion-icon elementor-accordion-icon-left\" aria-hidden=\"true\">\n\t\t\t\t\t\t\t\t\t\t\t\t\t\t\t<span class=\"elementor-accordion-icon-closed\"><svg class=\"e-font-icon-svg e-fas-plus\" viewBox=\"0 0 448 512\" xmlns=\"http:\/\/www.w3.org\/2000\/svg\"><path d=\"M416 208H272V64c0-17.67-14.33-32-32-32h-32c-17.67 0-32 14.33-32 32v144H32c-17.67 0-32 14.33-32 32v32c0 17.67 14.33 32 32 32h144v144c0 17.67 14.33 32 32 32h32c17.67 0 32-14.33 32-32V304h144c17.67 0 32-14.33 32-32v-32c0-17.67-14.33-32-32-32z\"><\/path><\/svg><\/span>\n\t\t\t\t\t\t\t\t<span class=\"elementor-accordion-icon-opened\"><svg class=\"e-font-icon-svg e-fas-minus\" viewBox=\"0 0 448 512\" xmlns=\"http:\/\/www.w3.org\/2000\/svg\"><path d=\"M416 208H32c-17.67 0-32 14.33-32 32v32c0 17.67 14.33 32 32 32h384c17.67 0 32-14.33 32-32v-32c0-17.67-14.33-32-32-32z\"><\/path><\/svg><\/span>\n\t\t\t\t\t\t\t\t\t\t\t\t\t\t<\/span>\n\t\t\t\t\t\t\t\t\t\t\t\t<a class=\"elementor-accordion-title\" tabindex=\"0\">Acorde\u00e3o #6<\/a>\n\t\t\t\t\t<\/div>\n\t\t\t\t\t<div id=\"elementor-tab-content-1286\" class=\"elementor-tab-content elementor-clearfix\" data-tab=\"6\" role=\"region\" aria-labelledby=\"elementor-tab-title-1286\"><p>..<\/p><\/div>\n\t\t\t\t<\/div>\n\t\t\t\t\t\t\t\t<\/div>\n\t\t\t\t\t\t<\/div>\n\t\t\t\t<\/div>\n\t\t\t\t\t<\/div>\n\t\t\t\t<\/div>\n\t\t\t\t<\/div>\n\t\t","protected":false},"excerpt":{"rendered":"<p>Qual o hor\u00e1rio de funcionamento do Tribunal Judicial da Comarca de Braga? As secretarias dos tribunais funcionam nos dias \u00fateis, das 9 horas \u00e0s 12 horas e 30 minutos e das 13 horas e 30 minutos \u00e0s 17 horas. O atendimento ao p\u00fablico encerra \u00e0s 16 horas. O hor\u00e1rio de funcionamento dos tribunais e de&#8230;<\/p>\n","protected":false},"author":1,"featured_media":0,"parent":11404,"menu_order":0,"comment_status":"closed","ping_status":"closed","template":"","meta":{"_tbt_post_transparent":"","_tbt_post_title":"","_tbt_post_layout":"default","_tbt_post_sidebar_id":"","_tbt_post_content_style":"","_tbt_post_vertical_padding":"","_tbt_post_feature":"","_tbt_post_feature_position":"","_tbt_post_header":false,"_tbt_post_footer":false},"class_list":["post-11410","page","type-page","status-publish","hentry"],"yoast_head":"<!-- This site is optimized with the Yoast SEO plugin v25.6 - https:\/\/yoast.com\/wordpress\/plugins\/seo\/ -->\n<title>FAQ - Tribunal Judicial da Comarca de Braga<\/title>\n<meta name=\"robots\" content=\"index, follow, max-snippet:-1, max-image-preview:large, max-video-preview:-1\" \/>\n<link rel=\"canonical\" href=\"https:\/\/comarcas.csm.org.pt\/braga\/cidadao\/faq\/\" \/>\n<meta property=\"og:locale\" content=\"pt_PT\" \/>\n<meta property=\"og:type\" content=\"article\" \/>\n<meta property=\"og:title\" content=\"FAQ - Tribunal Judicial da Comarca de Braga\" \/>\n<meta property=\"og:description\" content=\"Qual o hor\u00e1rio de funcionamento do Tribunal Judicial da Comarca de Braga? As secretarias dos tribunais funcionam nos dias \u00fateis, das 9 horas \u00e0s 12 horas e 30 minutos e das 13 horas e 30 minutos \u00e0s 17 horas. O atendimento ao p\u00fablico encerra \u00e0s 16 horas. O hor\u00e1rio de funcionamento dos tribunais e de...\" \/>\n<meta property=\"og:url\" content=\"https:\/\/comarcas.csm.org.pt\/braga\/cidadao\/faq\/\" \/>\n<meta property=\"og:site_name\" content=\"Tribunal Judicial da Comarca de Braga\" \/>\n<meta property=\"article:modified_time\" content=\"2025-07-11T15:14:57+00:00\" \/>\n<meta name=\"twitter:card\" content=\"summary_large_image\" \/>\n<meta name=\"twitter:label1\" content=\"Tempo estimado de leitura\" \/>\n\t<meta name=\"twitter:data1\" content=\"2 minutos\" \/>\n<script type=\"application\/ld+json\" class=\"yoast-schema-graph\">{\"@context\":\"https:\/\/schema.org\",\"@graph\":[{\"@type\":\"WebPage\",\"@id\":\"https:\/\/comarcas.csm.org.pt\/braga\/cidadao\/faq\/\",\"url\":\"https:\/\/comarcas.csm.org.pt\/braga\/cidadao\/faq\/\",\"name\":\"FAQ - Tribunal Judicial da Comarca de Braga\",\"isPartOf\":{\"@id\":\"https:\/\/comarcas.csm.org.pt\/braga\/#website\"},\"datePublished\":\"2024-05-22T12:51:42+00:00\",\"dateModified\":\"2025-07-11T15:14:57+00:00\",\"breadcrumb\":{\"@id\":\"https:\/\/comarcas.csm.org.pt\/braga\/cidadao\/faq\/#breadcrumb\"},\"inLanguage\":\"pt-PT\",\"potentialAction\":[{\"@type\":\"ReadAction\",\"target\":[\"https:\/\/comarcas.csm.org.pt\/braga\/cidadao\/faq\/\"]}]},{\"@type\":\"BreadcrumbList\",\"@id\":\"https:\/\/comarcas.csm.org.pt\/braga\/cidadao\/faq\/#breadcrumb\",\"itemListElement\":[{\"@type\":\"ListItem\",\"position\":1,\"name\":\"In\u00edcio\",\"item\":\"https:\/\/comarcas.csm.org.pt\/braga\/\"},{\"@type\":\"ListItem\",\"position\":2,\"name\":\"Cidad\u00e3o\",\"item\":\"https:\/\/comarcas.csm.org.pt\/braga\/cidadao\/\"},{\"@type\":\"ListItem\",\"position\":3,\"name\":\"FAQ\"}]},{\"@type\":\"WebSite\",\"@id\":\"https:\/\/comarcas.csm.org.pt\/braga\/#website\",\"url\":\"https:\/\/comarcas.csm.org.pt\/braga\/\",\"name\":\"Tribunal Judicial da Comarca de Braga\",\"description\":\"Tribunal Judicial da Comarca de Aveiro\",\"publisher\":{\"@id\":\"https:\/\/comarcas.csm.org.pt\/braga\/#organization\"},\"potentialAction\":[{\"@type\":\"SearchAction\",\"target\":{\"@type\":\"EntryPoint\",\"urlTemplate\":\"https:\/\/comarcas.csm.org.pt\/braga\/?s={search_term_string}\"},\"query-input\":{\"@type\":\"PropertyValueSpecification\",\"valueRequired\":true,\"valueName\":\"search_term_string\"}}],\"inLanguage\":\"pt-PT\"},{\"@type\":\"Organization\",\"@id\":\"https:\/\/comarcas.csm.org.pt\/braga\/#organization\",\"name\":\"Tribunal Judicial da Comarca de Braga\",\"url\":\"https:\/\/comarcas.csm.org.pt\/braga\/\",\"logo\":{\"@type\":\"ImageObject\",\"inLanguage\":\"pt-PT\",\"@id\":\"https:\/\/comarcas.csm.org.pt\/braga\/#\/schema\/logo\/image\/\",\"url\":\"https:\/\/comarcas.csm.org.pt\/braga\/wp-content\/uploads\/sites\/9\/2024\/11\/Braga_positivo-horizontal.png\",\"contentUrl\":\"https:\/\/comarcas.csm.org.pt\/braga\/wp-content\/uploads\/sites\/9\/2024\/11\/Braga_positivo-horizontal.png\",\"width\":4720,\"height\":933,\"caption\":\"Tribunal Judicial da Comarca de Braga\"},\"image\":{\"@id\":\"https:\/\/comarcas.csm.org.pt\/braga\/#\/schema\/logo\/image\/\"}}]}<\/script>\n<!-- \/ Yoast SEO plugin. -->","yoast_head_json":{"title":"FAQ - Tribunal Judicial da Comarca de Braga","robots":{"index":"index","follow":"follow","max-snippet":"max-snippet:-1","max-image-preview":"max-image-preview:large","max-video-preview":"max-video-preview:-1"},"canonical":"https:\/\/comarcas.csm.org.pt\/braga\/cidadao\/faq\/","og_locale":"pt_PT","og_type":"article","og_title":"FAQ - Tribunal Judicial da Comarca de Braga","og_description":"Qual o hor\u00e1rio de funcionamento do Tribunal Judicial da Comarca de Braga? As secretarias dos tribunais funcionam nos dias \u00fateis, das 9 horas \u00e0s 12 horas e 30 minutos e das 13 horas e 30 minutos \u00e0s 17 horas. O atendimento ao p\u00fablico encerra \u00e0s 16 horas. O hor\u00e1rio de funcionamento dos tribunais e de...","og_url":"https:\/\/comarcas.csm.org.pt\/braga\/cidadao\/faq\/","og_site_name":"Tribunal Judicial da Comarca de Braga","article_modified_time":"2025-07-11T15:14:57+00:00","twitter_card":"summary_large_image","twitter_misc":{"Tempo estimado de leitura":"2 minutos"},"schema":{"@context":"https:\/\/schema.org","@graph":[{"@type":"WebPage","@id":"https:\/\/comarcas.csm.org.pt\/braga\/cidadao\/faq\/","url":"https:\/\/comarcas.csm.org.pt\/braga\/cidadao\/faq\/","name":"FAQ - Tribunal Judicial da Comarca de Braga","isPartOf":{"@id":"https:\/\/comarcas.csm.org.pt\/braga\/#website"},"datePublished":"2024-05-22T12:51:42+00:00","dateModified":"2025-07-11T15:14:57+00:00","breadcrumb":{"@id":"https:\/\/comarcas.csm.org.pt\/braga\/cidadao\/faq\/#breadcrumb"},"inLanguage":"pt-PT","potentialAction":[{"@type":"ReadAction","target":["https:\/\/comarcas.csm.org.pt\/braga\/cidadao\/faq\/"]}]},{"@type":"BreadcrumbList","@id":"https:\/\/comarcas.csm.org.pt\/braga\/cidadao\/faq\/#breadcrumb","itemListElement":[{"@type":"ListItem","position":1,"name":"In\u00edcio","item":"https:\/\/comarcas.csm.org.pt\/braga\/"},{"@type":"ListItem","position":2,"name":"Cidad\u00e3o","item":"https:\/\/comarcas.csm.org.pt\/braga\/cidadao\/"},{"@type":"ListItem","position":3,"name":"FAQ"}]},{"@type":"WebSite","@id":"https:\/\/comarcas.csm.org.pt\/braga\/#website","url":"https:\/\/comarcas.csm.org.pt\/braga\/","name":"Tribunal Judicial da Comarca de Braga","description":"Tribunal Judicial da Comarca de Aveiro","publisher":{"@id":"https:\/\/comarcas.csm.org.pt\/braga\/#organization"},"potentialAction":[{"@type":"SearchAction","target":{"@type":"EntryPoint","urlTemplate":"https:\/\/comarcas.csm.org.pt\/braga\/?s={search_term_string}"},"query-input":{"@type":"PropertyValueSpecification","valueRequired":true,"valueName":"search_term_string"}}],"inLanguage":"pt-PT"},{"@type":"Organization","@id":"https:\/\/comarcas.csm.org.pt\/braga\/#organization","name":"Tribunal Judicial da Comarca de Braga","url":"https:\/\/comarcas.csm.org.pt\/braga\/","logo":{"@type":"ImageObject","inLanguage":"pt-PT","@id":"https:\/\/comarcas.csm.org.pt\/braga\/#\/schema\/logo\/image\/","url":"https:\/\/comarcas.csm.org.pt\/braga\/wp-content\/uploads\/sites\/9\/2024\/11\/Braga_positivo-horizontal.png","contentUrl":"https:\/\/comarcas.csm.org.pt\/braga\/wp-content\/uploads\/sites\/9\/2024\/11\/Braga_positivo-horizontal.png","width":4720,"height":933,"caption":"Tribunal Judicial da Comarca de Braga"},"image":{"@id":"https:\/\/comarcas.csm.org.pt\/braga\/#\/schema\/logo\/image\/"}}]}},"_links":{"self":[{"href":"https:\/\/comarcas.csm.org.pt\/braga\/wp-json\/wp\/v2\/pages\/11410","targetHints":{"allow":["GET"]}}],"collection":[{"href":"https:\/\/comarcas.csm.org.pt\/braga\/wp-json\/wp\/v2\/pages"}],"about":[{"href":"https:\/\/comarcas.csm.org.pt\/braga\/wp-json\/wp\/v2\/types\/page"}],"author":[{"embeddable":true,"href":"https:\/\/comarcas.csm.org.pt\/braga\/wp-json\/wp\/v2\/users\/1"}],"replies":[{"embeddable":true,"href":"https:\/\/comarcas.csm.org.pt\/braga\/wp-json\/wp\/v2\/comments?post=11410"}],"version-history":[{"count":61,"href":"https:\/\/comarcas.csm.org.pt\/braga\/wp-json\/wp\/v2\/pages\/11410\/revisions"}],"predecessor-version":[{"id":13845,"href":"https:\/\/comarcas.csm.org.pt\/braga\/wp-json\/wp\/v2\/pages\/11410\/revisions\/13845"}],"up":[{"embeddable":true,"href":"https:\/\/comarcas.csm.org.pt\/braga\/wp-json\/wp\/v2\/pages\/11404"}],"wp:attachment":[{"href":"https:\/\/comarcas.csm.org.pt\/braga\/wp-json\/wp\/v2\/media?parent=11410"}],"curies":[{"name":"wp","href":"https:\/\/api.w.org\/{rel}","templated":true}]}}