{"id":11467,"date":"2024-06-30T21:19:48","date_gmt":"2024-06-30T21:19:48","guid":{"rendered":"https:\/\/aveiro.vvr.pt\/?page_id=11467"},"modified":"2025-09-11T16:32:41","modified_gmt":"2025-09-11T16:32:41","slug":"mensagem-do-presidente","status":"publish","type":"page","link":"https:\/\/comarcas.csm.org.pt\/braga\/acomarca\/mensagem-do-presidente\/","title":{"rendered":"Mensagem do presidente"},"content":{"rendered":"\t\t<div data-elementor-type=\"wp-page\" data-elementor-id=\"11467\" class=\"elementor elementor-11467\" data-elementor-post-type=\"page\">\n\t\t\t\t<div class=\"elementor-element elementor-element-f0b8c02 e-flex e-con-boxed e-con e-parent\" data-id=\"f0b8c02\" data-element_type=\"container\">\n\t\t\t\t\t<div class=\"e-con-inner\">\n\t\t<div class=\"elementor-element elementor-element-ed5f838 e-con-full e-flex e-con e-child\" data-id=\"ed5f838\" data-element_type=\"container\">\n\t\t\t\t<\/div>\n\t\t<div class=\"elementor-element elementor-element-fd6e0dc e-con-full e-flex e-con e-child\" data-id=\"fd6e0dc\" data-element_type=\"container\">\n\t\t\t\t<div class=\"elementor-element elementor-element-9ea1d40 elementor-widget elementor-widget-heading\" data-id=\"9ea1d40\" data-element_type=\"widget\" data-widget_type=\"heading.default\">\n\t\t\t\t<div class=\"elementor-widget-container\">\n\t\t\t\t\t<h2 class=\"elementor-heading-title elementor-size-default\">Mensagem do <br>Juiz Presidente do <br>Tribunal Judicial da Comarca de Braga<\/h2>\t\t\t\t<\/div>\n\t\t\t\t<\/div>\n\t\t\t\t<div class=\"elementor-element elementor-element-495703b elementor-widget elementor-widget-text-editor\" data-id=\"495703b\" data-element_type=\"widget\" data-widget_type=\"text-editor.default\">\n\t\t\t\t<div class=\"elementor-widget-container\">\n\t\t\t\t\t\t\t\t\t<p>Sejam bem-vindos \u00e0 p\u00e1gina institucional do Tribunal Judicial da Comarca de Braga.<\/p><p>Com esta p\u00e1gina pretende-se aproximar a justi\u00e7a do cidad\u00e3o e dar a conhecer aos profissionais forenses a actividade desenvolvida pelo Tribunal Judicial da Comarca de Braga, nomeadamente, quanto a contactos dos respetivos servi\u00e7os, instrumentos e medidas de gest\u00e3o e jurisprud\u00eancia relevantes da comarca.<\/p><p>A Ju\u00edza Presidente do Tribunal Judicial da Comarca de Braga<\/p><p>Filipa Isabel Afonso Gomes Freitas Aguiar<\/p><p><span style=\"background-color: transparent;letter-spacing: 0.3px\">\u00a0 \u00a0 \u00a0 \u00a0 \u00a0 \u00a0 \u00a0 \u00a0 \u00a0 \u00a0 \u00a0 \u00a0 \u00a0 \u00a0 \u00a0 \u00a0 \u00a0 \u00a0 \u00a0 \u00a0 \u00a0 \u00a0 \u00a0 \u00a0 \u00a0 \u00a0 \u00a0 \u00a0 \u00a0 \u00a0 \u00a0 \u00a0 \u00a0 \u00a0 \u00a0 \u00a0 \u00a0 \u00a0 \u00a0 \u00a0 \u00a0 \u00a0 \u00a0 \u00a0 \u00a0 \u00a0 \u00a0 \u00a0 \u00a0 \u00a0 \u00a0 \u00a0 \u00a0 \u00a0 \u00a0 \u00a0 \u00a0 \u00a0 \u00a0 \u00a0 \u00a0 \u00a0 \u00a0 \u00a0 \u00a0 \u00a0 \u00a0 \u00a0 \u00a0 \u00a0 \u00a0 \u00a0 \u00a0 \u00a0 \u00a0 \u00a0 \u00a0 \u00a0 \u00a0 \u00a0 \u00a0 \u00a0 \u00a0 \u00a0 \u00a0 \u00a0 \u00a0 \u00a0 \u00a0 \u00a0 \u00a0 \u00a0 \u00a0 \u00a0 \u00a0 \u00a0 \u00a0 \u00a0 \u00a0 \u00a0 \u00a0 \u00a0 \u00a0\u00a0<\/span><\/p>\t\t\t\t\t\t\t\t<\/div>\n\t\t\t\t<\/div>\n\t\t\t\t<\/div>\n\t\t\t\t\t<\/div>\n\t\t\t\t<\/div>\n\t\t\t\t<\/div>\n\t\t","protected":false},"excerpt":{"rendered":"<p>Mensagem do Juiz Presidente do Tribunal Judicial da Comarca de Braga Sejam bem-vindos \u00e0 p\u00e1gina institucional do Tribunal Judicial da Comarca de Braga. Com esta p\u00e1gina pretende-se aproximar a justi\u00e7a do cidad\u00e3o e dar a conhecer aos profissionais forenses a actividade desenvolvida pelo Tribunal Judicial da Comarca de Braga, nomeadamente, quanto a contactos dos respetivos&#8230;<\/p>\n","protected":false},"author":1,"featured_media":0,"parent":2242,"menu_order":0,"comment_status":"closed","ping_status":"closed","template":"","meta":{"_tbt_post_transparent":"","_tbt_post_title":"","_tbt_post_layout":"default","_tbt_post_sidebar_id":"","_tbt_post_content_style":"","_tbt_post_vertical_padding":"","_tbt_post_feature":"","_tbt_post_feature_position":"","_tbt_post_header":false,"_tbt_post_footer":false},"class_list":["post-11467","page","type-page","status-publish","hentry"],"yoast_head":"<!-- This site is optimized with the Yoast SEO plugin v25.6 - https:\/\/yoast.com\/wordpress\/plugins\/seo\/ -->\n<title>Mensagem do presidente - Tribunal Judicial da Comarca de Braga<\/title>\n<meta name=\"robots\" content=\"index, follow, max-snippet:-1, max-image-preview:large, max-video-preview:-1\" \/>\n<link rel=\"canonical\" href=\"https:\/\/comarcas.csm.org.pt\/braga\/acomarca\/mensagem-do-presidente\/\" \/>\n<meta property=\"og:locale\" content=\"pt_PT\" \/>\n<meta property=\"og:type\" content=\"article\" \/>\n<meta property=\"og:title\" content=\"Mensagem do presidente - Tribunal Judicial da Comarca de Braga\" \/>\n<meta property=\"og:description\" content=\"Mensagem do Juiz Presidente do Tribunal Judicial da Comarca de Braga Sejam bem-vindos \u00e0 p\u00e1gina institucional do Tribunal Judicial da Comarca de Braga. Com esta p\u00e1gina pretende-se aproximar a justi\u00e7a do cidad\u00e3o e dar a conhecer aos profissionais forenses a actividade desenvolvida pelo Tribunal Judicial da Comarca de Braga, nomeadamente, quanto a contactos dos respetivos...\" \/>\n<meta property=\"og:url\" content=\"https:\/\/comarcas.csm.org.pt\/braga\/acomarca\/mensagem-do-presidente\/\" \/>\n<meta property=\"og:site_name\" content=\"Tribunal Judicial da Comarca de Braga\" \/>\n<meta property=\"article:modified_time\" content=\"2025-09-11T16:32:41+00:00\" \/>\n<meta name=\"twitter:card\" content=\"summary_large_image\" \/>\n<meta name=\"twitter:label1\" content=\"Tempo estimado de leitura\" \/>\n\t<meta name=\"twitter:data1\" content=\"1 minuto\" \/>\n<script type=\"application\/ld+json\" class=\"yoast-schema-graph\">{\"@context\":\"https:\/\/schema.org\",\"@graph\":[{\"@type\":\"WebPage\",\"@id\":\"https:\/\/comarcas.csm.org.pt\/braga\/acomarca\/mensagem-do-presidente\/\",\"url\":\"https:\/\/comarcas.csm.org.pt\/braga\/acomarca\/mensagem-do-presidente\/\",\"name\":\"Mensagem do presidente - Tribunal Judicial da Comarca de Braga\",\"isPartOf\":{\"@id\":\"https:\/\/comarcas.csm.org.pt\/braga\/#website\"},\"datePublished\":\"2024-06-30T21:19:48+00:00\",\"dateModified\":\"2025-09-11T16:32:41+00:00\",\"breadcrumb\":{\"@id\":\"https:\/\/comarcas.csm.org.pt\/braga\/acomarca\/mensagem-do-presidente\/#breadcrumb\"},\"inLanguage\":\"pt-PT\",\"potentialAction\":[{\"@type\":\"ReadAction\",\"target\":[\"https:\/\/comarcas.csm.org.pt\/braga\/acomarca\/mensagem-do-presidente\/\"]}]},{\"@type\":\"BreadcrumbList\",\"@id\":\"https:\/\/comarcas.csm.org.pt\/braga\/acomarca\/mensagem-do-presidente\/#breadcrumb\",\"itemListElement\":[{\"@type\":\"ListItem\",\"position\":1,\"name\":\"In\u00edcio\",\"item\":\"https:\/\/comarcas.csm.org.pt\/braga\/\"},{\"@type\":\"ListItem\",\"position\":2,\"name\":\"A Comarca\",\"item\":\"https:\/\/comarcas.csm.org.pt\/braga\/acomarca\/\"},{\"@type\":\"ListItem\",\"position\":3,\"name\":\"Mensagem do presidente\"}]},{\"@type\":\"WebSite\",\"@id\":\"https:\/\/comarcas.csm.org.pt\/braga\/#website\",\"url\":\"https:\/\/comarcas.csm.org.pt\/braga\/\",\"name\":\"Tribunal Judicial da Comarca de Braga\",\"description\":\"Tribunal Judicial da Comarca de Aveiro\",\"publisher\":{\"@id\":\"https:\/\/comarcas.csm.org.pt\/braga\/#organization\"},\"potentialAction\":[{\"@type\":\"SearchAction\",\"target\":{\"@type\":\"EntryPoint\",\"urlTemplate\":\"https:\/\/comarcas.csm.org.pt\/braga\/?s={search_term_string}\"},\"query-input\":{\"@type\":\"PropertyValueSpecification\",\"valueRequired\":true,\"valueName\":\"search_term_string\"}}],\"inLanguage\":\"pt-PT\"},{\"@type\":\"Organization\",\"@id\":\"https:\/\/comarcas.csm.org.pt\/braga\/#organization\",\"name\":\"Tribunal Judicial da Comarca de Braga\",\"url\":\"https:\/\/comarcas.csm.org.pt\/braga\/\",\"logo\":{\"@type\":\"ImageObject\",\"inLanguage\":\"pt-PT\",\"@id\":\"https:\/\/comarcas.csm.org.pt\/braga\/#\/schema\/logo\/image\/\",\"url\":\"https:\/\/comarcas.csm.org.pt\/braga\/wp-content\/uploads\/sites\/9\/2024\/11\/Braga_positivo-horizontal.png\",\"contentUrl\":\"https:\/\/comarcas.csm.org.pt\/braga\/wp-content\/uploads\/sites\/9\/2024\/11\/Braga_positivo-horizontal.png\",\"width\":4720,\"height\":933,\"caption\":\"Tribunal Judicial da Comarca de Braga\"},\"image\":{\"@id\":\"https:\/\/comarcas.csm.org.pt\/braga\/#\/schema\/logo\/image\/\"}}]}<\/script>\n<!-- \/ Yoast SEO plugin. -->","yoast_head_json":{"title":"Mensagem do presidente - Tribunal Judicial da Comarca de Braga","robots":{"index":"index","follow":"follow","max-snippet":"max-snippet:-1","max-image-preview":"max-image-preview:large","max-video-preview":"max-video-preview:-1"},"canonical":"https:\/\/comarcas.csm.org.pt\/braga\/acomarca\/mensagem-do-presidente\/","og_locale":"pt_PT","og_type":"article","og_title":"Mensagem do presidente - Tribunal Judicial da Comarca de Braga","og_description":"Mensagem do Juiz Presidente do Tribunal Judicial da Comarca de Braga Sejam bem-vindos \u00e0 p\u00e1gina institucional do Tribunal Judicial da Comarca de Braga. Com esta p\u00e1gina pretende-se aproximar a justi\u00e7a do cidad\u00e3o e dar a conhecer aos profissionais forenses a actividade desenvolvida pelo Tribunal Judicial da Comarca de Braga, nomeadamente, quanto a contactos dos respetivos...","og_url":"https:\/\/comarcas.csm.org.pt\/braga\/acomarca\/mensagem-do-presidente\/","og_site_name":"Tribunal Judicial da Comarca de Braga","article_modified_time":"2025-09-11T16:32:41+00:00","twitter_card":"summary_large_image","twitter_misc":{"Tempo estimado de leitura":"1 minuto"},"schema":{"@context":"https:\/\/schema.org","@graph":[{"@type":"WebPage","@id":"https:\/\/comarcas.csm.org.pt\/braga\/acomarca\/mensagem-do-presidente\/","url":"https:\/\/comarcas.csm.org.pt\/braga\/acomarca\/mensagem-do-presidente\/","name":"Mensagem do presidente - Tribunal Judicial da Comarca de Braga","isPartOf":{"@id":"https:\/\/comarcas.csm.org.pt\/braga\/#website"},"datePublished":"2024-06-30T21:19:48+00:00","dateModified":"2025-09-11T16:32:41+00:00","breadcrumb":{"@id":"https:\/\/comarcas.csm.org.pt\/braga\/acomarca\/mensagem-do-presidente\/#breadcrumb"},"inLanguage":"pt-PT","potentialAction":[{"@type":"ReadAction","target":["https:\/\/comarcas.csm.org.pt\/braga\/acomarca\/mensagem-do-presidente\/"]}]},{"@type":"BreadcrumbList","@id":"https:\/\/comarcas.csm.org.pt\/braga\/acomarca\/mensagem-do-presidente\/#breadcrumb","itemListElement":[{"@type":"ListItem","position":1,"name":"In\u00edcio","item":"https:\/\/comarcas.csm.org.pt\/braga\/"},{"@type":"ListItem","position":2,"name":"A Comarca","item":"https:\/\/comarcas.csm.org.pt\/braga\/acomarca\/"},{"@type":"ListItem","position":3,"name":"Mensagem do presidente"}]},{"@type":"WebSite","@id":"https:\/\/comarcas.csm.org.pt\/braga\/#website","url":"https:\/\/comarcas.csm.org.pt\/braga\/","name":"Tribunal Judicial da Comarca de Braga","description":"Tribunal Judicial da Comarca de Aveiro","publisher":{"@id":"https:\/\/comarcas.csm.org.pt\/braga\/#organization"},"potentialAction":[{"@type":"SearchAction","target":{"@type":"EntryPoint","urlTemplate":"https:\/\/comarcas.csm.org.pt\/braga\/?s={search_term_string}"},"query-input":{"@type":"PropertyValueSpecification","valueRequired":true,"valueName":"search_term_string"}}],"inLanguage":"pt-PT"},{"@type":"Organization","@id":"https:\/\/comarcas.csm.org.pt\/braga\/#organization","name":"Tribunal Judicial da Comarca de Braga","url":"https:\/\/comarcas.csm.org.pt\/braga\/","logo":{"@type":"ImageObject","inLanguage":"pt-PT","@id":"https:\/\/comarcas.csm.org.pt\/braga\/#\/schema\/logo\/image\/","url":"https:\/\/comarcas.csm.org.pt\/braga\/wp-content\/uploads\/sites\/9\/2024\/11\/Braga_positivo-horizontal.png","contentUrl":"https:\/\/comarcas.csm.org.pt\/braga\/wp-content\/uploads\/sites\/9\/2024\/11\/Braga_positivo-horizontal.png","width":4720,"height":933,"caption":"Tribunal Judicial da Comarca de Braga"},"image":{"@id":"https:\/\/comarcas.csm.org.pt\/braga\/#\/schema\/logo\/image\/"}}]}},"_links":{"self":[{"href":"https:\/\/comarcas.csm.org.pt\/braga\/wp-json\/wp\/v2\/pages\/11467","targetHints":{"allow":["GET"]}}],"collection":[{"href":"https:\/\/comarcas.csm.org.pt\/braga\/wp-json\/wp\/v2\/pages"}],"about":[{"href":"https:\/\/comarcas.csm.org.pt\/braga\/wp-json\/wp\/v2\/types\/page"}],"author":[{"embeddable":true,"href":"https:\/\/comarcas.csm.org.pt\/braga\/wp-json\/wp\/v2\/users\/1"}],"replies":[{"embeddable":true,"href":"https:\/\/comarcas.csm.org.pt\/braga\/wp-json\/wp\/v2\/comments?post=11467"}],"version-history":[{"count":123,"href":"https:\/\/comarcas.csm.org.pt\/braga\/wp-json\/wp\/v2\/pages\/11467\/revisions"}],"predecessor-version":[{"id":13900,"href":"https:\/\/comarcas.csm.org.pt\/braga\/wp-json\/wp\/v2\/pages\/11467\/revisions\/13900"}],"up":[{"embeddable":true,"href":"https:\/\/comarcas.csm.org.pt\/braga\/wp-json\/wp\/v2\/pages\/2242"}],"wp:attachment":[{"href":"https:\/\/comarcas.csm.org.pt\/braga\/wp-json\/wp\/v2\/media?parent=11467"}],"curies":[{"name":"wp","href":"https:\/\/api.w.org\/{rel}","templated":true}]}}