{"id":14544,"date":"2025-10-29T16:47:17","date_gmt":"2025-10-29T16:47:17","guid":{"rendered":"https:\/\/comarcas.csm.org.pt\/castelo-branco\/?page_id=14544"},"modified":"2026-01-06T10:28:58","modified_gmt":"2026-01-06T10:28:58","slug":"unidade-central-de-idanha-a-nova","status":"publish","type":"page","link":"https:\/\/comarcas.csm.org.pt\/castelo-branco\/acomarca\/atas-distribuicao-eletronica-2025\/unidade-central-de-idanha-a-nova\/","title":{"rendered":"Unidade Central de Idanha-A-Nova"},"content":{"rendered":"\t\t<div data-elementor-type=\"wp-page\" data-elementor-id=\"14544\" class=\"elementor elementor-14544\" data-elementor-post-type=\"page\">\n\t\t\t\t<div class=\"elementor-element elementor-element-1782e4f e-flex e-con-boxed e-con e-parent\" data-id=\"1782e4f\" data-element_type=\"container\">\n\t\t\t\t\t<div class=\"e-con-inner\">\n\t\t<div class=\"elementor-element elementor-element-9dfa475 e-con-full e-flex e-con e-child\" data-id=\"9dfa475\" data-element_type=\"container\">\n\t\t\t\t<div class=\"elementor-element elementor-element-c0c9e0d elementor-widget__width-initial elementor-widget elementor-widget-heading\" data-id=\"c0c9e0d\" data-element_type=\"widget\" data-widget_type=\"heading.default\">\n\t\t\t\t<div class=\"elementor-widget-container\">\n\t\t\t\t\t<h4 class=\"elementor-heading-title elementor-size-default\"><b><span>Unidade Central de Idanha-A-Nova, Atas Distribui\u00e7\u00e3o Eletr\u00f3nica 2025<\/span><\/b><\/h4>\t\t\t\t<\/div>\n\t\t\t\t<\/div>\n\t\t\t\t<div class=\"elementor-element elementor-element-218b642 elementor-widget elementor-widget-text-editor\" data-id=\"218b642\" data-element_type=\"widget\" data-widget_type=\"text-editor.default\">\n\t\t\t\t<div class=\"elementor-widget-container\">\n\t\t\t\t\t\t\t\t\t<h4><strong>Outubro<\/strong><\/h4><h5 style=\"margin-bottom: 0.5em;font-family: 'Advent Pro', sans-serif;color: #161616\"><strong>Tipo de distribui\u00e7\u00e3o: Judicial Di\u00e1ria<\/strong><\/h5><h5 style=\"margin-bottom: 0.5em;font-family: 'Advent Pro', sans-serif;color: #161616\"><b style=\"background-color: transparent;color: #555555;font-size: 14px;letter-spacing: 0.3px\">Dia<\/b><\/h5><ul><li style=\"list-style-type: none\"><ul><li><a href=\"https:\/\/comarcas.csm.org.pt\/castelo-branco\/wp-content\/uploads\/sites\/11\/2025\/10\/22662_IDN27102025.pdf\" target=\"_blank\" rel=\"noopener\"><span style=\"text-decoration: underline\">27-Refer\u00eancia 22662<\/span><\/a>, <span style=\"text-decoration: underline\"><a href=\"https:\/\/comarcas.csm.org.pt\/castelo-branco\/wp-content\/uploads\/sites\/11\/2025\/10\/29-Referencia_22724.pdf\" target=\"_blank\" rel=\"noopener\">29-Refer\u00eancia 22724<\/a><\/span>, <span style=\"text-decoration: underline\"><a href=\"https:\/\/comarcas.csm.org.pt\/castelo-branco\/wp-content\/uploads\/sites\/11\/2025\/10\/30-Referencia-22753.pdf\" target=\"_blank\" rel=\"noopener\">30-Refer\u00eancia 22753<\/a><\/span><\/li><\/ul><\/li><\/ul>\t\t\t\t\t\t\t\t<\/div>\n\t\t\t\t<\/div>\n\t\t\t\t<div class=\"elementor-element elementor-element-c62244b elementor-widget elementor-widget-text-editor\" data-id=\"c62244b\" data-element_type=\"widget\" data-widget_type=\"text-editor.default\">\n\t\t\t\t<div class=\"elementor-widget-container\">\n\t\t\t\t\t\t\t\t\t<h4><strong>Novembro<\/strong><\/h4><h5 style=\"margin-bottom: 0.5em;font-family: 'Advent Pro', sans-serif;color: #161616\"><strong>Tipo de distribui\u00e7\u00e3o: Judicial Di\u00e1ria<\/strong><\/h5><h5 style=\"margin-bottom: 0.5em;font-family: 'Advent Pro', sans-serif;color: #161616\"><b style=\"background-color: transparent;color: #555555;font-size: 14px;letter-spacing: 0.3px\">Dia<\/b><\/h5><ul><li style=\"list-style-type: none\"><ul><li><span style=\"text-decoration: underline\"><a href=\"https:\/\/comarcas.csm.org.pt\/castelo-branco\/wp-content\/uploads\/sites\/11\/2025\/11\/03-Referencia-22831.pdf\" target=\"_blank\" rel=\"noopener\">03-Refer\u00eancia 22831<\/a><\/span>, <span style=\"text-decoration: underline\"><a href=\"https:\/\/comarcas.csm.org.pt\/castelo-branco\/wp-content\/uploads\/sites\/11\/2025\/11\/05-Referencia-22904.pdf\" target=\"_blank\" rel=\"noopener\">05-Refer\u00eancia 22904<\/a><\/span>, <span style=\"text-decoration: underline\"><a href=\"https:\/\/comarcas.csm.org.pt\/castelo-branco\/wp-content\/uploads\/sites\/11\/2025\/11\/06-Referencia-22948.pdf\">06-Refer\u00eancia 22948<\/a><\/span>, <span style=\"text-decoration: underline\"><a href=\"https:\/\/comarcas.csm.org.pt\/castelo-branco\/wp-content\/uploads\/sites\/11\/2025\/11\/07-Referencia-22962.pdf\" target=\"_blank\" rel=\"noopener\">07-Refer\u00eancia 22962<\/a><\/span>,\u00a0<span style=\"text-decoration: underline\"><a href=\"https:\/\/comarcas.csm.org.pt\/castelo-branco\/wp-content\/uploads\/sites\/11\/2025\/11\/10-Referencia-23011.pdf\" target=\"_blank\" rel=\"noopener\">10-Refer\u00eancia 23011<\/a><\/span>,\u00a0<span style=\"text-decoration: underline\"><a href=\"https:\/\/comarcas.csm.org.pt\/castelo-branco\/wp-content\/uploads\/sites\/11\/2025\/11\/11-Referencia-23034.pdf\" target=\"_blank\" rel=\"noopener\">11-Refer\u00eancia 23034<\/a><\/span>,\u00a0<span style=\"text-decoration: underline\"><a href=\"https:\/\/comarcas.csm.org.pt\/castelo-branco\/wp-content\/uploads\/sites\/11\/2025\/11\/13-Referencia-23095.pdf\" target=\"_blank\" rel=\"noopener\">13-Refer\u00eancia 23095<\/a><\/span>, <span style=\"text-decoration: underline\"><a href=\"https:\/\/comarcas.csm.org.pt\/castelo-branco\/wp-content\/uploads\/sites\/11\/2025\/11\/14-Referencia-23121.pdf\" target=\"_blank\" rel=\"noopener\">14-Refer\u00eancia 23121<\/a><\/span>,\u00a0<span style=\"text-decoration: underline\"><a href=\"https:\/\/comarcas.csm.org.pt\/castelo-branco\/wp-content\/uploads\/sites\/11\/2025\/11\/17-Referencia-23176.pdf\" target=\"_blank\" rel=\"noopener\">17-Refer\u00eancia 23176<\/a><\/span>,\u00a0<span style=\"text-decoration: underline\"><a href=\"https:\/\/comarcas.csm.org.pt\/castelo-branco\/wp-content\/uploads\/sites\/11\/2025\/11\/18-Referencia-23200.pdf\" target=\"_blank\" rel=\"noopener\">18-Refer\u00eancia 23200<\/a><\/span>,\u00a0<span style=\"text-decoration: underline\"><a href=\"https:\/\/comarcas.csm.org.pt\/castelo-branco\/wp-content\/uploads\/sites\/11\/2025\/11\/21-Referencia-23269.pdf\" target=\"_blank\" rel=\"noopener\">21-Refer\u00eancia 23269<\/a><\/span>,\u00a0<span style=\"text-decoration: underline\"><a href=\"https:\/\/comarcas.csm.org.pt\/castelo-branco\/wp-content\/uploads\/sites\/11\/2025\/12\/27-Referencia-23384.pdf\" target=\"_blank\" rel=\"noopener\">27-Refer\u00eancia 23384<\/a><\/span><\/li><\/ul><\/li><\/ul>\t\t\t\t\t\t\t\t<\/div>\n\t\t\t\t<\/div>\n\t\t\t\t<div class=\"elementor-element elementor-element-a9fef44 elementor-widget elementor-widget-text-editor\" data-id=\"a9fef44\" data-element_type=\"widget\" data-widget_type=\"text-editor.default\">\n\t\t\t\t<div class=\"elementor-widget-container\">\n\t\t\t\t\t\t\t\t\t<h4><strong>Dezembro<\/strong><\/h4><h5 style=\"margin-bottom: 0.5em;font-family: 'Advent Pro', sans-serif;color: #161616\"><strong>Tipo de distribui\u00e7\u00e3o: Judicial Di\u00e1ria<\/strong><\/h5><h5 style=\"margin-bottom: 0.5em;font-family: 'Advent Pro', sans-serif;color: #161616\"><b style=\"background-color: transparent;color: #555555;font-size: 14px;letter-spacing: 0.3px\">Dia<\/b><\/h5><ul><li style=\"list-style-type: none\"><ul><li><span style=\"text-decoration: underline\"><a href=\"https:\/\/comarcas.csm.org.pt\/castelo-branco\/wp-content\/uploads\/sites\/11\/2025\/12\/02-Referencia-23450.pdf\" target=\"_blank\" rel=\"noopener\">02-Refer\u00eancia 23450<\/a><\/span>, <span style=\"text-decoration: underline\"><a href=\"https:\/\/comarcas.csm.org.pt\/castelo-branco\/wp-content\/uploads\/sites\/11\/2025\/12\/03-Referencia-23479-2.pdf\" target=\"_blank\" rel=\"noopener\">03-Refer\u00eancia 23479<\/a><\/span>,\u00a0<span style=\"text-decoration: underline\"><a href=\"https:\/\/comarcas.csm.org.pt\/castelo-branco\/wp-content\/uploads\/sites\/11\/2025\/12\/04-Referencia-23502.pdf\" target=\"_blank\" rel=\"noopener\">04-Refer\u00eancia 23502<\/a><\/span>,\u00a0<span style=\"text-decoration: underline\"><a href=\"https:\/\/comarcas.csm.org.pt\/castelo-branco\/wp-content\/uploads\/sites\/11\/2025\/12\/05-Referencia-23538.pdf\" target=\"_blank\" rel=\"noopener\">05-Refer\u00eancia 23538<\/a><\/span>,\u00a0<span style=\"text-decoration: underline\"><a href=\"https:\/\/comarcas.csm.org.pt\/castelo-branco\/wp-content\/uploads\/sites\/11\/2025\/12\/11-Referencia-23623.pdf\" target=\"_blank\" rel=\"noopener\">11-Refer\u00eancia 23623<\/a><\/span>, <span style=\"text-decoration: underline\"><a href=\"https:\/\/comarcas.csm.org.pt\/castelo-branco\/wp-content\/uploads\/sites\/11\/2025\/12\/12-Referencia-23637.pdf\" target=\"_blank\" rel=\"noopener\">12-Refer\u00eancia 23637<\/a><\/span>,\u00a0<span style=\"text-decoration: underline\"><a href=\"https:\/\/comarcas.csm.org.pt\/castelo-branco\/wp-content\/uploads\/sites\/11\/2025\/12\/15-Referencia-23665.pdf\" target=\"_blank\" rel=\"noopener\">15-Refer\u00eancia 23665<\/a><\/span>,\u00a0<span style=\"text-decoration: underline\"><a href=\"https:\/\/comarcas.csm.org.pt\/castelo-branco\/wp-content\/uploads\/sites\/11\/2026\/01\/17-Referencia-24726.pdf\" target=\"_blank\" rel=\"noopener\">17-Refer\u00eancia 24726<\/a><\/span>,\u00a0<span style=\"text-decoration: underline\"><a href=\"https:\/\/comarcas.csm.org.pt\/castelo-branco\/wp-content\/uploads\/sites\/11\/2026\/01\/18-Referencia-24760.pdf\" target=\"_blank\" rel=\"noopener\">18-Refer\u00eancia 24760<\/a><\/span>,\u00a0<span style=\"text-decoration: underline\"><a href=\"https:\/\/comarcas.csm.org.pt\/castelo-branco\/wp-content\/uploads\/sites\/11\/2026\/01\/19-Referencia-24784.pdf\" target=\"_blank\" rel=\"noopener\">19-Refer\u00eancia 24784<\/a><\/span><\/li><\/ul><\/li><\/ul>\t\t\t\t\t\t\t\t<\/div>\n\t\t\t\t<\/div>\n\t\t\t\t<\/div>\n\t\t<div class=\"elementor-element elementor-element-c9c55a8 e-con-full e-flex e-con e-child\" data-id=\"c9c55a8\" data-element_type=\"container\">\n\t\t<div class=\"elementor-element elementor-element-4a1e199c e-con-full e-flex e-con e-child\" data-id=\"4a1e199c\" data-element_type=\"container\">\n\t\t\t\t<div class=\"elementor-element elementor-element-571113b3 elementor-widget__width-initial elementor-widget elementor-widget-google_maps\" data-id=\"571113b3\" data-element_type=\"widget\" data-widget_type=\"google_maps.default\">\n\t\t\t\t<div class=\"elementor-widget-container\">\n\t\t\t\t\t\t\t<div class=\"elementor-custom-embed\">\n\t\t\t<iframe loading=\"lazy\"\n\t\t\t\t\tsrc=\"https:\/\/www.google.com\/maps\/embed\/v1\/place?key=AIzaSyDhSoLeftGxfg7Tvco7SEUCY-Cc_XLDY3c&#038;q=Tribunal%20de%20castelo%20Branco&#038;zoom=15\"\n\t\t\t\t\ttitle=\"Tribunal de castelo Branco\"\n\t\t\t\t\taria-label=\"Tribunal de castelo Branco\"\n\t\t\t><\/iframe>\n\t\t<\/div>\n\t\t\t\t\t\t<\/div>\n\t\t\t\t<\/div>\n\t\t\t\t<\/div>\n\t\t\t\t<\/div>\n\t\t\t\t\t<\/div>\n\t\t\t\t<\/div>\n\t\t\t\t<\/div>\n\t\t","protected":false},"excerpt":{"rendered":"<p>Unidade Central de Idanha-A-Nova, Atas Distribui\u00e7\u00e3o Eletr\u00f3nica 2025 Outubro Tipo de distribui\u00e7\u00e3o: Judicial Di\u00e1ria Dia 27-Refer\u00eancia 22662, 29-Refer\u00eancia 22724, 30-Refer\u00eancia 22753 Novembro Tipo de distribui\u00e7\u00e3o: Judicial Di\u00e1ria Dia 03-Refer\u00eancia 22831, 05-Refer\u00eancia 22904, 06-Refer\u00eancia 22948, 07-Refer\u00eancia 22962,\u00a010-Refer\u00eancia 23011,\u00a011-Refer\u00eancia 23034,\u00a013-Refer\u00eancia 23095, 14-Refer\u00eancia 23121,\u00a017-Refer\u00eancia 23176,\u00a018-Refer\u00eancia 23200,\u00a021-Refer\u00eancia 23269,\u00a027-Refer\u00eancia 23384 Dezembro Tipo de distribui\u00e7\u00e3o: Judicial Di\u00e1ria Dia 02-Refer\u00eancia 23450, 03-Refer\u00eancia&#8230;<\/p>\n","protected":false},"author":11,"featured_media":0,"parent":14335,"menu_order":0,"comment_status":"closed","ping_status":"closed","template":"elementor_theme","meta":{"_tbt_post_transparent":"","_tbt_post_title":"hide","_tbt_post_layout":"fullwidth","_tbt_post_sidebar_id":"","_tbt_post_content_style":"unboxed","_tbt_post_vertical_padding":"hide","_tbt_post_feature":"hide","_tbt_post_feature_position":"","_tbt_post_header":false,"_tbt_post_footer":false},"class_list":["post-14544","page","type-page","status-publish","hentry"],"yoast_head":"<!-- This site is optimized with the Yoast SEO plugin v25.6 - https:\/\/yoast.com\/wordpress\/plugins\/seo\/ -->\n<title>Unidade Central de Idanha-A-Nova - Tribunal Judicial da Comarca de Castelo Branco<\/title>\n<meta name=\"robots\" content=\"index, follow, max-snippet:-1, max-image-preview:large, max-video-preview:-1\" \/>\n<link rel=\"canonical\" href=\"https:\/\/comarcas.csm.org.pt\/castelo-branco\/acomarca\/atas-distribuicao-eletronica-2025\/unidade-central-de-idanha-a-nova\/\" \/>\n<meta property=\"og:locale\" content=\"pt_PT\" \/>\n<meta property=\"og:type\" content=\"article\" \/>\n<meta property=\"og:title\" content=\"Unidade Central de Idanha-A-Nova - Tribunal Judicial da Comarca de Castelo Branco\" \/>\n<meta property=\"og:description\" content=\"Unidade Central de Idanha-A-Nova, Atas Distribui\u00e7\u00e3o Eletr\u00f3nica 2025 Outubro Tipo de distribui\u00e7\u00e3o: Judicial Di\u00e1ria Dia 27-Refer\u00eancia 22662, 29-Refer\u00eancia 22724, 30-Refer\u00eancia 22753 Novembro Tipo de distribui\u00e7\u00e3o: Judicial Di\u00e1ria Dia 03-Refer\u00eancia 22831, 05-Refer\u00eancia 22904, 06-Refer\u00eancia 22948, 07-Refer\u00eancia 22962,\u00a010-Refer\u00eancia 23011,\u00a011-Refer\u00eancia 23034,\u00a013-Refer\u00eancia 23095, 14-Refer\u00eancia 23121,\u00a017-Refer\u00eancia 23176,\u00a018-Refer\u00eancia 23200,\u00a021-Refer\u00eancia 23269,\u00a027-Refer\u00eancia 23384 Dezembro Tipo de distribui\u00e7\u00e3o: Judicial Di\u00e1ria Dia 02-Refer\u00eancia 23450, 03-Refer\u00eancia...\" \/>\n<meta property=\"og:url\" content=\"https:\/\/comarcas.csm.org.pt\/castelo-branco\/acomarca\/atas-distribuicao-eletronica-2025\/unidade-central-de-idanha-a-nova\/\" \/>\n<meta property=\"og:site_name\" content=\"Tribunal Judicial da Comarca de Castelo Branco\" \/>\n<meta property=\"article:modified_time\" content=\"2026-01-06T10:28:58+00:00\" \/>\n<meta name=\"twitter:card\" content=\"summary_large_image\" \/>\n<meta name=\"twitter:label1\" content=\"Tempo estimado de leitura\" \/>\n\t<meta name=\"twitter:data1\" content=\"1 minuto\" \/>\n<script type=\"application\/ld+json\" class=\"yoast-schema-graph\">{\"@context\":\"https:\/\/schema.org\",\"@graph\":[{\"@type\":\"WebPage\",\"@id\":\"https:\/\/comarcas.csm.org.pt\/castelo-branco\/acomarca\/atas-distribuicao-eletronica-2025\/unidade-central-de-idanha-a-nova\/\",\"url\":\"https:\/\/comarcas.csm.org.pt\/castelo-branco\/acomarca\/atas-distribuicao-eletronica-2025\/unidade-central-de-idanha-a-nova\/\",\"name\":\"Unidade Central de Idanha-A-Nova - Tribunal Judicial da Comarca de Castelo Branco\",\"isPartOf\":{\"@id\":\"https:\/\/comarcas.csm.org.pt\/castelo-branco\/#website\"},\"datePublished\":\"2025-10-29T16:47:17+00:00\",\"dateModified\":\"2026-01-06T10:28:58+00:00\",\"breadcrumb\":{\"@id\":\"https:\/\/comarcas.csm.org.pt\/castelo-branco\/acomarca\/atas-distribuicao-eletronica-2025\/unidade-central-de-idanha-a-nova\/#breadcrumb\"},\"inLanguage\":\"pt-PT\",\"potentialAction\":[{\"@type\":\"ReadAction\",\"target\":[\"https:\/\/comarcas.csm.org.pt\/castelo-branco\/acomarca\/atas-distribuicao-eletronica-2025\/unidade-central-de-idanha-a-nova\/\"]}]},{\"@type\":\"BreadcrumbList\",\"@id\":\"https:\/\/comarcas.csm.org.pt\/castelo-branco\/acomarca\/atas-distribuicao-eletronica-2025\/unidade-central-de-idanha-a-nova\/#breadcrumb\",\"itemListElement\":[{\"@type\":\"ListItem\",\"position\":1,\"name\":\"In\u00edcio\",\"item\":\"https:\/\/comarcas.csm.org.pt\/castelo-branco\/\"},{\"@type\":\"ListItem\",\"position\":2,\"name\":\"A Comarca\",\"item\":\"https:\/\/comarcas.csm.org.pt\/castelo-branco\/acomarca\/\"},{\"@type\":\"ListItem\",\"position\":3,\"name\":\"Atas Distribui\u00e7\u00e3o Eletr\u00f3nica 2025\",\"item\":\"https:\/\/comarcas.csm.org.pt\/castelo-branco\/acomarca\/atas-distribuicao-eletronica-2025\/\"},{\"@type\":\"ListItem\",\"position\":4,\"name\":\"Unidade Central de Idanha-A-Nova\"}]},{\"@type\":\"WebSite\",\"@id\":\"https:\/\/comarcas.csm.org.pt\/castelo-branco\/#website\",\"url\":\"https:\/\/comarcas.csm.org.pt\/castelo-branco\/\",\"name\":\"Tribunal Judicial da Comarca de Castelo Branco\",\"description\":\"Tribunal Judicial da Comarca de Aveiro\",\"publisher\":{\"@id\":\"https:\/\/comarcas.csm.org.pt\/castelo-branco\/#organization\"},\"potentialAction\":[{\"@type\":\"SearchAction\",\"target\":{\"@type\":\"EntryPoint\",\"urlTemplate\":\"https:\/\/comarcas.csm.org.pt\/castelo-branco\/?s={search_term_string}\"},\"query-input\":{\"@type\":\"PropertyValueSpecification\",\"valueRequired\":true,\"valueName\":\"search_term_string\"}}],\"inLanguage\":\"pt-PT\"},{\"@type\":\"Organization\",\"@id\":\"https:\/\/comarcas.csm.org.pt\/castelo-branco\/#organization\",\"name\":\"Tribunal Judicial da Comarca de Castelo Branco\",\"url\":\"https:\/\/comarcas.csm.org.pt\/castelo-branco\/\",\"logo\":{\"@type\":\"ImageObject\",\"inLanguage\":\"pt-PT\",\"@id\":\"https:\/\/comarcas.csm.org.pt\/castelo-branco\/#\/schema\/logo\/image\/\",\"url\":\"https:\/\/comarcas.csm.org.pt\/castelo-branco\/wp-content\/uploads\/sites\/11\/2024\/11\/C-Branco_positivo-horizontal.png\",\"contentUrl\":\"https:\/\/comarcas.csm.org.pt\/castelo-branco\/wp-content\/uploads\/sites\/11\/2024\/11\/C-Branco_positivo-horizontal.png\",\"width\":5388,\"height\":998,\"caption\":\"Tribunal Judicial da Comarca de Castelo Branco\"},\"image\":{\"@id\":\"https:\/\/comarcas.csm.org.pt\/castelo-branco\/#\/schema\/logo\/image\/\"}}]}<\/script>\n<!-- \/ Yoast SEO plugin. -->","yoast_head_json":{"title":"Unidade Central de Idanha-A-Nova - Tribunal Judicial da Comarca de Castelo Branco","robots":{"index":"index","follow":"follow","max-snippet":"max-snippet:-1","max-image-preview":"max-image-preview:large","max-video-preview":"max-video-preview:-1"},"canonical":"https:\/\/comarcas.csm.org.pt\/castelo-branco\/acomarca\/atas-distribuicao-eletronica-2025\/unidade-central-de-idanha-a-nova\/","og_locale":"pt_PT","og_type":"article","og_title":"Unidade Central de Idanha-A-Nova - Tribunal Judicial da Comarca de Castelo Branco","og_description":"Unidade Central de Idanha-A-Nova, Atas Distribui\u00e7\u00e3o Eletr\u00f3nica 2025 Outubro Tipo de distribui\u00e7\u00e3o: Judicial Di\u00e1ria Dia 27-Refer\u00eancia 22662, 29-Refer\u00eancia 22724, 30-Refer\u00eancia 22753 Novembro Tipo de distribui\u00e7\u00e3o: Judicial Di\u00e1ria Dia 03-Refer\u00eancia 22831, 05-Refer\u00eancia 22904, 06-Refer\u00eancia 22948, 07-Refer\u00eancia 22962,\u00a010-Refer\u00eancia 23011,\u00a011-Refer\u00eancia 23034,\u00a013-Refer\u00eancia 23095, 14-Refer\u00eancia 23121,\u00a017-Refer\u00eancia 23176,\u00a018-Refer\u00eancia 23200,\u00a021-Refer\u00eancia 23269,\u00a027-Refer\u00eancia 23384 Dezembro Tipo de distribui\u00e7\u00e3o: Judicial Di\u00e1ria Dia 02-Refer\u00eancia 23450, 03-Refer\u00eancia...","og_url":"https:\/\/comarcas.csm.org.pt\/castelo-branco\/acomarca\/atas-distribuicao-eletronica-2025\/unidade-central-de-idanha-a-nova\/","og_site_name":"Tribunal Judicial da Comarca de Castelo Branco","article_modified_time":"2026-01-06T10:28:58+00:00","twitter_card":"summary_large_image","twitter_misc":{"Tempo estimado de leitura":"1 minuto"},"schema":{"@context":"https:\/\/schema.org","@graph":[{"@type":"WebPage","@id":"https:\/\/comarcas.csm.org.pt\/castelo-branco\/acomarca\/atas-distribuicao-eletronica-2025\/unidade-central-de-idanha-a-nova\/","url":"https:\/\/comarcas.csm.org.pt\/castelo-branco\/acomarca\/atas-distribuicao-eletronica-2025\/unidade-central-de-idanha-a-nova\/","name":"Unidade Central de Idanha-A-Nova - Tribunal Judicial da Comarca de Castelo Branco","isPartOf":{"@id":"https:\/\/comarcas.csm.org.pt\/castelo-branco\/#website"},"datePublished":"2025-10-29T16:47:17+00:00","dateModified":"2026-01-06T10:28:58+00:00","breadcrumb":{"@id":"https:\/\/comarcas.csm.org.pt\/castelo-branco\/acomarca\/atas-distribuicao-eletronica-2025\/unidade-central-de-idanha-a-nova\/#breadcrumb"},"inLanguage":"pt-PT","potentialAction":[{"@type":"ReadAction","target":["https:\/\/comarcas.csm.org.pt\/castelo-branco\/acomarca\/atas-distribuicao-eletronica-2025\/unidade-central-de-idanha-a-nova\/"]}]},{"@type":"BreadcrumbList","@id":"https:\/\/comarcas.csm.org.pt\/castelo-branco\/acomarca\/atas-distribuicao-eletronica-2025\/unidade-central-de-idanha-a-nova\/#breadcrumb","itemListElement":[{"@type":"ListItem","position":1,"name":"In\u00edcio","item":"https:\/\/comarcas.csm.org.pt\/castelo-branco\/"},{"@type":"ListItem","position":2,"name":"A Comarca","item":"https:\/\/comarcas.csm.org.pt\/castelo-branco\/acomarca\/"},{"@type":"ListItem","position":3,"name":"Atas Distribui\u00e7\u00e3o Eletr\u00f3nica 2025","item":"https:\/\/comarcas.csm.org.pt\/castelo-branco\/acomarca\/atas-distribuicao-eletronica-2025\/"},{"@type":"ListItem","position":4,"name":"Unidade Central de Idanha-A-Nova"}]},{"@type":"WebSite","@id":"https:\/\/comarcas.csm.org.pt\/castelo-branco\/#website","url":"https:\/\/comarcas.csm.org.pt\/castelo-branco\/","name":"Tribunal Judicial da Comarca de Castelo Branco","description":"Tribunal Judicial da Comarca de Aveiro","publisher":{"@id":"https:\/\/comarcas.csm.org.pt\/castelo-branco\/#organization"},"potentialAction":[{"@type":"SearchAction","target":{"@type":"EntryPoint","urlTemplate":"https:\/\/comarcas.csm.org.pt\/castelo-branco\/?s={search_term_string}"},"query-input":{"@type":"PropertyValueSpecification","valueRequired":true,"valueName":"search_term_string"}}],"inLanguage":"pt-PT"},{"@type":"Organization","@id":"https:\/\/comarcas.csm.org.pt\/castelo-branco\/#organization","name":"Tribunal Judicial da Comarca de Castelo Branco","url":"https:\/\/comarcas.csm.org.pt\/castelo-branco\/","logo":{"@type":"ImageObject","inLanguage":"pt-PT","@id":"https:\/\/comarcas.csm.org.pt\/castelo-branco\/#\/schema\/logo\/image\/","url":"https:\/\/comarcas.csm.org.pt\/castelo-branco\/wp-content\/uploads\/sites\/11\/2024\/11\/C-Branco_positivo-horizontal.png","contentUrl":"https:\/\/comarcas.csm.org.pt\/castelo-branco\/wp-content\/uploads\/sites\/11\/2024\/11\/C-Branco_positivo-horizontal.png","width":5388,"height":998,"caption":"Tribunal Judicial da Comarca de Castelo Branco"},"image":{"@id":"https:\/\/comarcas.csm.org.pt\/castelo-branco\/#\/schema\/logo\/image\/"}}]}},"_links":{"self":[{"href":"https:\/\/comarcas.csm.org.pt\/castelo-branco\/wp-json\/wp\/v2\/pages\/14544","targetHints":{"allow":["GET"]}}],"collection":[{"href":"https:\/\/comarcas.csm.org.pt\/castelo-branco\/wp-json\/wp\/v2\/pages"}],"about":[{"href":"https:\/\/comarcas.csm.org.pt\/castelo-branco\/wp-json\/wp\/v2\/types\/page"}],"author":[{"embeddable":true,"href":"https:\/\/comarcas.csm.org.pt\/castelo-branco\/wp-json\/wp\/v2\/users\/11"}],"replies":[{"embeddable":true,"href":"https:\/\/comarcas.csm.org.pt\/castelo-branco\/wp-json\/wp\/v2\/comments?post=14544"}],"version-history":[{"count":133,"href":"https:\/\/comarcas.csm.org.pt\/castelo-branco\/wp-json\/wp\/v2\/pages\/14544\/revisions"}],"predecessor-version":[{"id":15831,"href":"https:\/\/comarcas.csm.org.pt\/castelo-branco\/wp-json\/wp\/v2\/pages\/14544\/revisions\/15831"}],"up":[{"embeddable":true,"href":"https:\/\/comarcas.csm.org.pt\/castelo-branco\/wp-json\/wp\/v2\/pages\/14335"}],"wp:attachment":[{"href":"https:\/\/comarcas.csm.org.pt\/castelo-branco\/wp-json\/wp\/v2\/media?parent=14544"}],"curies":[{"name":"wp","href":"https:\/\/api.w.org\/{rel}","templated":true}]}}