{"id":11467,"date":"2024-06-30T21:19:48","date_gmt":"2024-06-30T21:19:48","guid":{"rendered":"https:\/\/aveiro.vvr.pt\/?page_id=11467"},"modified":"2025-06-17T10:41:23","modified_gmt":"2025-06-17T10:41:23","slug":"mensagem-do-presidente","status":"publish","type":"page","link":"https:\/\/comarcas.csm.org.pt\/coimbra\/acomarca\/mensagem-do-presidente\/","title":{"rendered":"Mensagem do presidente"},"content":{"rendered":"\t\t<div data-elementor-type=\"wp-page\" data-elementor-id=\"11467\" class=\"elementor elementor-11467\" data-elementor-post-type=\"page\">\n\t\t\t\t<div class=\"elementor-element elementor-element-f0b8c02 e-flex e-con-boxed e-con e-parent\" data-id=\"f0b8c02\" data-element_type=\"container\">\n\t\t\t\t\t<div class=\"e-con-inner\">\n\t\t<div class=\"elementor-element elementor-element-ed5f838 e-flex e-con-boxed e-con e-child\" data-id=\"ed5f838\" data-element_type=\"container\">\n\t\t\t\t\t<div class=\"e-con-inner\">\n\t\t\t\t<div class=\"elementor-element elementor-element-b4e8e24 elementor-widget elementor-widget-image\" data-id=\"b4e8e24\" data-element_type=\"widget\" data-widget_type=\"image.default\">\n\t\t\t\t<div class=\"elementor-widget-container\">\n\t\t\t\t\t\t\t\t\t\t\t\t<figure class=\"wp-caption\">\n\t\t\t\t\t\t\t\t\t\t<img fetchpriority=\"high\" decoding=\"async\" width=\"555\" height=\"747\" src=\"https:\/\/comarcas.csm.org.pt\/coimbra\/wp-content\/uploads\/sites\/12\/2025\/06\/juiz-presidente-1.jpg\" class=\"attachment-2048x2048 size-2048x2048 wp-image-41074\" alt=\"\" srcset=\"https:\/\/comarcas.csm.org.pt\/coimbra\/wp-content\/uploads\/sites\/12\/2025\/06\/juiz-presidente-1.jpg 555w, https:\/\/comarcas.csm.org.pt\/coimbra\/wp-content\/uploads\/sites\/12\/2025\/06\/juiz-presidente-1-223x300.jpg 223w\" sizes=\"(max-width: 555px) 100vw, 555px\" \/>\t\t\t\t\t\t\t\t\t\t\t<figcaption class=\"widget-image-caption wp-caption-text\"><\/figcaption>\n\t\t\t\t\t\t\t\t\t\t<\/figure>\n\t\t\t\t\t\t\t\t\t<\/div>\n\t\t\t\t<\/div>\n\t\t\t\t\t<\/div>\n\t\t\t\t<\/div>\n\t\t<div class=\"elementor-element elementor-element-fd6e0dc e-con-full e-flex e-con e-child\" data-id=\"fd6e0dc\" data-element_type=\"container\">\n\t\t\t\t<div class=\"elementor-element elementor-element-9ea1d40 elementor-widget elementor-widget-heading\" data-id=\"9ea1d40\" data-element_type=\"widget\" data-widget_type=\"heading.default\">\n\t\t\t\t<div class=\"elementor-widget-container\">\n\t\t\t\t\t<h2 class=\"elementor-heading-title elementor-size-default\">         Mensagem do Juiz Presidente do Tribunal Judicial da Comarca de Coimbra<\/h2>\t\t\t\t<\/div>\n\t\t\t\t<\/div>\n\t\t\t\t<div class=\"elementor-element elementor-element-495703b elementor-widget elementor-widget-text-editor\" data-id=\"495703b\" data-element_type=\"widget\" data-widget_type=\"text-editor.default\">\n\t\t\t\t<div class=\"elementor-widget-container\">\n\t\t\t\t\t\t\t\t\t<h6>A Justi\u00e7a \u00e9 uma das express\u00f5es mais nobres do Estado de Direito (nas val\u00eancias de acesso ao direito e aos tribunais, e de resolu\u00e7\u00e3o p\u00fablica e pac\u00edfica de conflitos ou lit\u00edgios), constituindo um dos pilares em que assenta a nossa sociedade, <em>\u201clivre, justa e solid\u00e1ria\u201d<\/em> (artigo 1\u00ba da Constitui\u00e7\u00e3o), democr\u00e1tica e plural, e baseada na <em>\u201csoberania popular\u201d<\/em> e <em>\u201cno respeito e na garantia de efetiva\u00e7\u00e3o dos direitos e liberdades fundamentais\u201d<\/em>. A Justi\u00e7a desempenha, de facto, um papel fundamental na separa\u00e7\u00e3o entre barb\u00e1rie e civiliza\u00e7\u00e3o, representando o cora\u00e7\u00e3o \u00e9tico e institucional de uma sociedade civilizada.<\/h6><h6>O direito de acesso \u00e0 justi\u00e7a (ou de acesso ao direito e de tutela jurisdicional efetiva) integra o elenco dos direitos fundamentais dos cidad\u00e3os de um Estado de Direito democr\u00e1tico, ascendendo mesmo \u00e0 grandeza de direito humano, consagrado na Declara\u00e7\u00e3o Universal dos Direitos Humanos, na Conven\u00e7\u00e3o Europeia dos Direitos do Homem e na Carta dos Direitos Fundamentais da Uni\u00e3o Europeia.<\/h6><h6>Da\u00ed que a qualidade de qualquer democracia seja medida, al\u00e9m dos demais fatores, pela qualidade do servi\u00e7o de justi\u00e7a que o Estado disponibiliza aos seus cidad\u00e3os.<\/h6><h6>E como todos sabemos e concordamos, a qualidade da justi\u00e7a exige n\u00e3o apenas boas e justas decis\u00f5es, mas tamb\u00e9m decis\u00f5es proferidas em tempo razo\u00e1vel e \u00fatil.<\/h6><h6>Administrando os Tribunais a justi\u00e7a em nome do povo, o servi\u00e7o do cidad\u00e3o constitui a b\u00fassola orientadora da atividade do Tribunal Judicial da Comarca de Coimbra.<\/h6><h6>Por isso, sendo este Tribunal gerido por um Conselho de Gest\u00e3o, e dirigido por um Juiz Presidente, a nossa atividade rege-se por essa ideia motriz: propiciar aos cidad\u00e3os um servi\u00e7o de justi\u00e7a imparcial, isento, c\u00e9lere e de qualidade.<\/h6><h6>A gest\u00e3o e administra\u00e7\u00e3o do Tribunal n\u00e3o podem constituir um fim em si mesmas, traduzindo ao inv\u00e9s um meio de prossecu\u00e7\u00e3o dos objetivos do sistema de Justi\u00e7a: Efici\u00eancia, efic\u00e1cia e qualidade, resolu\u00e7\u00e3o dos lit\u00edgios e dos problemas dos cidad\u00e3os, e presta\u00e7\u00e3o de contas, consolidando a confian\u00e7a da sociedade no poder judicial.<\/h6><h6>\u00c9 essa a natureza da nossa miss\u00e3o!<\/h6>\t\t\t\t\t\t\t\t<\/div>\n\t\t\t\t<\/div>\n\t\t\t\t<\/div>\n\t\t\t\t\t<\/div>\n\t\t\t\t<\/div>\n\t\t\t\t<\/div>\n\t\t","protected":false},"excerpt":{"rendered":"<p>Mensagem do Juiz Presidente do Tribunal Judicial da Comarca de Coimbra A Justi\u00e7a \u00e9 uma das express\u00f5es mais nobres do Estado de Direito (nas val\u00eancias de acesso ao direito e aos tribunais, e de resolu\u00e7\u00e3o p\u00fablica e pac\u00edfica de conflitos ou lit\u00edgios), constituindo um dos pilares em que assenta a nossa sociedade, \u201clivre, justa e&#8230;<\/p>\n","protected":false},"author":1,"featured_media":0,"parent":2242,"menu_order":0,"comment_status":"closed","ping_status":"closed","template":"","meta":{"_tbt_post_transparent":"","_tbt_post_title":"","_tbt_post_layout":"default","_tbt_post_sidebar_id":"","_tbt_post_content_style":"","_tbt_post_vertical_padding":"","_tbt_post_feature":"","_tbt_post_feature_position":"","_tbt_post_header":false,"_tbt_post_footer":false},"class_list":["post-11467","page","type-page","status-publish","hentry"],"yoast_head":"<!-- This site is optimized with the Yoast SEO plugin v25.6 - https:\/\/yoast.com\/wordpress\/plugins\/seo\/ -->\n<title>Mensagem do presidente - Tribunal Judicial da Comarca de Coimbra<\/title>\n<meta name=\"robots\" content=\"index, follow, max-snippet:-1, max-image-preview:large, max-video-preview:-1\" \/>\n<link rel=\"canonical\" href=\"https:\/\/comarcas.csm.org.pt\/coimbra\/acomarca\/mensagem-do-presidente\/\" \/>\n<meta property=\"og:locale\" content=\"pt_PT\" \/>\n<meta property=\"og:type\" content=\"article\" \/>\n<meta property=\"og:title\" content=\"Mensagem do presidente - Tribunal Judicial da Comarca de Coimbra\" \/>\n<meta property=\"og:description\" content=\"Mensagem do Juiz Presidente do Tribunal Judicial da Comarca de Coimbra A Justi\u00e7a \u00e9 uma das express\u00f5es mais nobres do Estado de Direito (nas val\u00eancias de acesso ao direito e aos tribunais, e de resolu\u00e7\u00e3o p\u00fablica e pac\u00edfica de conflitos ou lit\u00edgios), constituindo um dos pilares em que assenta a nossa sociedade, \u201clivre, justa e...\" \/>\n<meta property=\"og:url\" content=\"https:\/\/comarcas.csm.org.pt\/coimbra\/acomarca\/mensagem-do-presidente\/\" \/>\n<meta property=\"og:site_name\" content=\"Tribunal Judicial da Comarca de Coimbra\" \/>\n<meta property=\"article:modified_time\" content=\"2025-06-17T10:41:23+00:00\" \/>\n<meta property=\"og:image\" content=\"https:\/\/comarcas.csm.org.pt\/coimbra\/wp-content\/uploads\/sites\/12\/2025\/06\/juiz-presidente-1.jpg\" \/>\n\t<meta property=\"og:image:width\" content=\"555\" \/>\n\t<meta property=\"og:image:height\" content=\"747\" \/>\n\t<meta property=\"og:image:type\" content=\"image\/jpeg\" \/>\n<meta name=\"twitter:card\" content=\"summary_large_image\" \/>\n<meta name=\"twitter:label1\" content=\"Tempo estimado de leitura\" \/>\n\t<meta name=\"twitter:data1\" content=\"3 minutos\" \/>\n<script type=\"application\/ld+json\" class=\"yoast-schema-graph\">{\"@context\":\"https:\/\/schema.org\",\"@graph\":[{\"@type\":\"WebPage\",\"@id\":\"https:\/\/comarcas.csm.org.pt\/coimbra\/acomarca\/mensagem-do-presidente\/\",\"url\":\"https:\/\/comarcas.csm.org.pt\/coimbra\/acomarca\/mensagem-do-presidente\/\",\"name\":\"Mensagem do presidente - Tribunal Judicial da Comarca de Coimbra\",\"isPartOf\":{\"@id\":\"https:\/\/comarcas.csm.org.pt\/coimbra\/#website\"},\"primaryImageOfPage\":{\"@id\":\"https:\/\/comarcas.csm.org.pt\/coimbra\/acomarca\/mensagem-do-presidente\/#primaryimage\"},\"image\":{\"@id\":\"https:\/\/comarcas.csm.org.pt\/coimbra\/acomarca\/mensagem-do-presidente\/#primaryimage\"},\"thumbnailUrl\":\"https:\/\/comarcas.csm.org.pt\/coimbra\/wp-content\/uploads\/sites\/12\/2025\/06\/juiz-presidente-1.jpg\",\"datePublished\":\"2024-06-30T21:19:48+00:00\",\"dateModified\":\"2025-06-17T10:41:23+00:00\",\"breadcrumb\":{\"@id\":\"https:\/\/comarcas.csm.org.pt\/coimbra\/acomarca\/mensagem-do-presidente\/#breadcrumb\"},\"inLanguage\":\"pt-PT\",\"potentialAction\":[{\"@type\":\"ReadAction\",\"target\":[\"https:\/\/comarcas.csm.org.pt\/coimbra\/acomarca\/mensagem-do-presidente\/\"]}]},{\"@type\":\"ImageObject\",\"inLanguage\":\"pt-PT\",\"@id\":\"https:\/\/comarcas.csm.org.pt\/coimbra\/acomarca\/mensagem-do-presidente\/#primaryimage\",\"url\":\"https:\/\/comarcas.csm.org.pt\/coimbra\/wp-content\/uploads\/sites\/12\/2025\/06\/juiz-presidente-1.jpg\",\"contentUrl\":\"https:\/\/comarcas.csm.org.pt\/coimbra\/wp-content\/uploads\/sites\/12\/2025\/06\/juiz-presidente-1.jpg\",\"width\":555,\"height\":747},{\"@type\":\"BreadcrumbList\",\"@id\":\"https:\/\/comarcas.csm.org.pt\/coimbra\/acomarca\/mensagem-do-presidente\/#breadcrumb\",\"itemListElement\":[{\"@type\":\"ListItem\",\"position\":1,\"name\":\"In\u00edcio\",\"item\":\"https:\/\/comarcas.csm.org.pt\/coimbra\/\"},{\"@type\":\"ListItem\",\"position\":2,\"name\":\"A Comarca\",\"item\":\"https:\/\/comarcas.csm.org.pt\/coimbra\/acomarca\/\"},{\"@type\":\"ListItem\",\"position\":3,\"name\":\"Mensagem do presidente\"}]},{\"@type\":\"WebSite\",\"@id\":\"https:\/\/comarcas.csm.org.pt\/coimbra\/#website\",\"url\":\"https:\/\/comarcas.csm.org.pt\/coimbra\/\",\"name\":\"Tribunal Judicial da Comarca de Coimbra\",\"description\":\"Tribunal Judicial da Comarca de Aveiro\",\"publisher\":{\"@id\":\"https:\/\/comarcas.csm.org.pt\/coimbra\/#organization\"},\"potentialAction\":[{\"@type\":\"SearchAction\",\"target\":{\"@type\":\"EntryPoint\",\"urlTemplate\":\"https:\/\/comarcas.csm.org.pt\/coimbra\/?s={search_term_string}\"},\"query-input\":{\"@type\":\"PropertyValueSpecification\",\"valueRequired\":true,\"valueName\":\"search_term_string\"}}],\"inLanguage\":\"pt-PT\"},{\"@type\":\"Organization\",\"@id\":\"https:\/\/comarcas.csm.org.pt\/coimbra\/#organization\",\"name\":\"Tribunal Judicial da Comarca de Coimbra\",\"url\":\"https:\/\/comarcas.csm.org.pt\/coimbra\/\",\"logo\":{\"@type\":\"ImageObject\",\"inLanguage\":\"pt-PT\",\"@id\":\"https:\/\/comarcas.csm.org.pt\/coimbra\/#\/schema\/logo\/image\/\",\"url\":\"https:\/\/comarcas.csm.org.pt\/coimbra\/wp-content\/uploads\/sites\/12\/2024\/11\/Coimbra_positivo-horizontal.png\",\"contentUrl\":\"https:\/\/comarcas.csm.org.pt\/coimbra\/wp-content\/uploads\/sites\/12\/2024\/11\/Coimbra_positivo-horizontal.png\",\"width\":4163,\"height\":1224,\"caption\":\"Tribunal Judicial da Comarca de Coimbra\"},\"image\":{\"@id\":\"https:\/\/comarcas.csm.org.pt\/coimbra\/#\/schema\/logo\/image\/\"}}]}<\/script>\n<!-- \/ Yoast SEO plugin. -->","yoast_head_json":{"title":"Mensagem do presidente - Tribunal Judicial da Comarca de Coimbra","robots":{"index":"index","follow":"follow","max-snippet":"max-snippet:-1","max-image-preview":"max-image-preview:large","max-video-preview":"max-video-preview:-1"},"canonical":"https:\/\/comarcas.csm.org.pt\/coimbra\/acomarca\/mensagem-do-presidente\/","og_locale":"pt_PT","og_type":"article","og_title":"Mensagem do presidente - Tribunal Judicial da Comarca de Coimbra","og_description":"Mensagem do Juiz Presidente do Tribunal Judicial da Comarca de Coimbra A Justi\u00e7a \u00e9 uma das express\u00f5es mais nobres do Estado de Direito (nas val\u00eancias de acesso ao direito e aos tribunais, e de resolu\u00e7\u00e3o p\u00fablica e pac\u00edfica de conflitos ou lit\u00edgios), constituindo um dos pilares em que assenta a nossa sociedade, \u201clivre, justa e...","og_url":"https:\/\/comarcas.csm.org.pt\/coimbra\/acomarca\/mensagem-do-presidente\/","og_site_name":"Tribunal Judicial da Comarca de Coimbra","article_modified_time":"2025-06-17T10:41:23+00:00","og_image":[{"width":555,"height":747,"url":"https:\/\/comarcas.csm.org.pt\/coimbra\/wp-content\/uploads\/sites\/12\/2025\/06\/juiz-presidente-1.jpg","type":"image\/jpeg"}],"twitter_card":"summary_large_image","twitter_misc":{"Tempo estimado de leitura":"3 minutos"},"schema":{"@context":"https:\/\/schema.org","@graph":[{"@type":"WebPage","@id":"https:\/\/comarcas.csm.org.pt\/coimbra\/acomarca\/mensagem-do-presidente\/","url":"https:\/\/comarcas.csm.org.pt\/coimbra\/acomarca\/mensagem-do-presidente\/","name":"Mensagem do presidente - Tribunal Judicial da Comarca de Coimbra","isPartOf":{"@id":"https:\/\/comarcas.csm.org.pt\/coimbra\/#website"},"primaryImageOfPage":{"@id":"https:\/\/comarcas.csm.org.pt\/coimbra\/acomarca\/mensagem-do-presidente\/#primaryimage"},"image":{"@id":"https:\/\/comarcas.csm.org.pt\/coimbra\/acomarca\/mensagem-do-presidente\/#primaryimage"},"thumbnailUrl":"https:\/\/comarcas.csm.org.pt\/coimbra\/wp-content\/uploads\/sites\/12\/2025\/06\/juiz-presidente-1.jpg","datePublished":"2024-06-30T21:19:48+00:00","dateModified":"2025-06-17T10:41:23+00:00","breadcrumb":{"@id":"https:\/\/comarcas.csm.org.pt\/coimbra\/acomarca\/mensagem-do-presidente\/#breadcrumb"},"inLanguage":"pt-PT","potentialAction":[{"@type":"ReadAction","target":["https:\/\/comarcas.csm.org.pt\/coimbra\/acomarca\/mensagem-do-presidente\/"]}]},{"@type":"ImageObject","inLanguage":"pt-PT","@id":"https:\/\/comarcas.csm.org.pt\/coimbra\/acomarca\/mensagem-do-presidente\/#primaryimage","url":"https:\/\/comarcas.csm.org.pt\/coimbra\/wp-content\/uploads\/sites\/12\/2025\/06\/juiz-presidente-1.jpg","contentUrl":"https:\/\/comarcas.csm.org.pt\/coimbra\/wp-content\/uploads\/sites\/12\/2025\/06\/juiz-presidente-1.jpg","width":555,"height":747},{"@type":"BreadcrumbList","@id":"https:\/\/comarcas.csm.org.pt\/coimbra\/acomarca\/mensagem-do-presidente\/#breadcrumb","itemListElement":[{"@type":"ListItem","position":1,"name":"In\u00edcio","item":"https:\/\/comarcas.csm.org.pt\/coimbra\/"},{"@type":"ListItem","position":2,"name":"A Comarca","item":"https:\/\/comarcas.csm.org.pt\/coimbra\/acomarca\/"},{"@type":"ListItem","position":3,"name":"Mensagem do presidente"}]},{"@type":"WebSite","@id":"https:\/\/comarcas.csm.org.pt\/coimbra\/#website","url":"https:\/\/comarcas.csm.org.pt\/coimbra\/","name":"Tribunal Judicial da Comarca de Coimbra","description":"Tribunal Judicial da Comarca de Aveiro","publisher":{"@id":"https:\/\/comarcas.csm.org.pt\/coimbra\/#organization"},"potentialAction":[{"@type":"SearchAction","target":{"@type":"EntryPoint","urlTemplate":"https:\/\/comarcas.csm.org.pt\/coimbra\/?s={search_term_string}"},"query-input":{"@type":"PropertyValueSpecification","valueRequired":true,"valueName":"search_term_string"}}],"inLanguage":"pt-PT"},{"@type":"Organization","@id":"https:\/\/comarcas.csm.org.pt\/coimbra\/#organization","name":"Tribunal Judicial da Comarca de Coimbra","url":"https:\/\/comarcas.csm.org.pt\/coimbra\/","logo":{"@type":"ImageObject","inLanguage":"pt-PT","@id":"https:\/\/comarcas.csm.org.pt\/coimbra\/#\/schema\/logo\/image\/","url":"https:\/\/comarcas.csm.org.pt\/coimbra\/wp-content\/uploads\/sites\/12\/2024\/11\/Coimbra_positivo-horizontal.png","contentUrl":"https:\/\/comarcas.csm.org.pt\/coimbra\/wp-content\/uploads\/sites\/12\/2024\/11\/Coimbra_positivo-horizontal.png","width":4163,"height":1224,"caption":"Tribunal Judicial da Comarca de Coimbra"},"image":{"@id":"https:\/\/comarcas.csm.org.pt\/coimbra\/#\/schema\/logo\/image\/"}}]}},"_links":{"self":[{"href":"https:\/\/comarcas.csm.org.pt\/coimbra\/wp-json\/wp\/v2\/pages\/11467","targetHints":{"allow":["GET"]}}],"collection":[{"href":"https:\/\/comarcas.csm.org.pt\/coimbra\/wp-json\/wp\/v2\/pages"}],"about":[{"href":"https:\/\/comarcas.csm.org.pt\/coimbra\/wp-json\/wp\/v2\/types\/page"}],"author":[{"embeddable":true,"href":"https:\/\/comarcas.csm.org.pt\/coimbra\/wp-json\/wp\/v2\/users\/1"}],"replies":[{"embeddable":true,"href":"https:\/\/comarcas.csm.org.pt\/coimbra\/wp-json\/wp\/v2\/comments?post=11467"}],"version-history":[{"count":56,"href":"https:\/\/comarcas.csm.org.pt\/coimbra\/wp-json\/wp\/v2\/pages\/11467\/revisions"}],"predecessor-version":[{"id":41113,"href":"https:\/\/comarcas.csm.org.pt\/coimbra\/wp-json\/wp\/v2\/pages\/11467\/revisions\/41113"}],"up":[{"embeddable":true,"href":"https:\/\/comarcas.csm.org.pt\/coimbra\/wp-json\/wp\/v2\/pages\/2242"}],"wp:attachment":[{"href":"https:\/\/comarcas.csm.org.pt\/coimbra\/wp-json\/wp\/v2\/media?parent=11467"}],"curies":[{"name":"wp","href":"https:\/\/api.w.org\/{rel}","templated":true}]}}