{"id":2242,"date":"2021-10-25T11:40:43","date_gmt":"2021-10-25T11:40:43","guid":{"rendered":"https:\/\/wp.themedemo.org\/WCM07\/WCM070151\/?page_id=2242"},"modified":"2025-06-26T14:53:43","modified_gmt":"2025-06-26T14:53:43","slug":"acomarca","status":"publish","type":"page","link":"https:\/\/comarcas.csm.org.pt\/coimbra\/acomarca\/","title":{"rendered":"A Comarca"},"content":{"rendered":"\t\t<div data-elementor-type=\"wp-page\" data-elementor-id=\"2242\" class=\"elementor elementor-2242\" data-elementor-post-type=\"page\">\n\t\t\t\t\t\t<section class=\"elementor-section elementor-top-section elementor-element elementor-element-5a39fd59 elementor-section-full_width elementor-section-height-default elementor-section-height-default\" data-id=\"5a39fd59\" data-element_type=\"section\">\n\t\t\t\t\t\t<div class=\"elementor-container elementor-column-gap-default\">\n\t\t\t\t\t<div class=\"elementor-column elementor-col-50 elementor-top-column elementor-element elementor-element-2f8f81a0\" data-id=\"2f8f81a0\" data-element_type=\"column\">\n\t\t\t<div class=\"elementor-widget-wrap elementor-element-populated\">\n\t\t\t\t\t\t<div class=\"elementor-element elementor-element-7bc9440f elementor-widget elementor-widget-heading\" data-id=\"7bc9440f\" data-element_type=\"widget\" data-widget_type=\"heading.default\">\n\t\t\t\t<div class=\"elementor-widget-container\">\n\t\t\t\t\t<h4 class=\"elementor-heading-title elementor-size-default\">O TRIBUNAL E O TERRIT\u00d3RIO<\/h4>\t\t\t\t<\/div>\n\t\t\t\t<\/div>\n\t\t\t\t<div class=\"elementor-element elementor-element-0990e6b elementor-widget elementor-widget-text-editor\" data-id=\"0990e6b\" data-element_type=\"widget\" data-widget_type=\"text-editor.default\">\n\t\t\t\t<div class=\"elementor-widget-container\">\n\t\t\t\t\t\t\t\t\t<h6><strong style=\"letter-spacing: 0.3px;background-color: transparent\">O Tribunal Judicial da Comarca de Coimbra, al\u00e9m de constituir a sede do Tribunal de Execu\u00e7\u00e3o das Penas (de compet\u00eancia territorial alargada), integra 26 Ju\u00edzos, dos quais 3 s\u00e3o Ju\u00edzos de Proximidade, 8 s\u00e3o Ju\u00edzos de Compet\u00eancia Gen\u00e9rica, e 15 s\u00e3o Ju\u00edzos de Compet\u00eancia Especializada, distribu\u00eddos por 17 munic\u00edpios.<\/strong><\/h6><h6><img fetchpriority=\"high\" decoding=\"async\" class=\"aligncenter wp-image-41055 size-full\" src=\"https:\/\/comarcas.csm.org.pt\/coimbra\/wp-content\/uploads\/sites\/12\/2025\/06\/20180310123814_mapa_do_distrito_coimbra.gif\" alt=\"\" width=\"604\" height=\"393\" \/><\/h6><h6><strong>\u00a0 \u00a0 \u00a0 \u00a0 \u00a0 \u00a0 \u00a0 \u00a0 \u00a0 \u00a0 \u00a0 \u00a0 \u00a0 \u00a0 \u00a0 \u00a0 \u00a0 \u00a0 \u00a0 \u00a0 \u00a0 \u00a0 \u00a0 \u00a0 \u00a0 \u00a0 \u00a0 \u00a0 \u00a0 \u00a0 \u00a0 \u00a0 \u00a0 \u00a0 \u00a0 \u00a0 \u00a0 \u00a0<\/strong><\/h6><h6><strong>\u00a0 \u00a0 \u00a0 \u00a0 \u00a0 \u00a0 \u00a0 \u00a0 \u00a0 \u00a0 \u00a0 \u00a0 \u00a0 \u00a0 \u00a0 \u00a0 \u00a0 \u00a0 \u00a0 \u00a0 \u00a0 \u00a0 \u00a0 \u00a0 \u00a0 \u00a0 \u00a0 \u00a0 \u00a0 \u00a0 \u00a0 \u00a0 \u00a0 \u00a0 \u00a0 \u00a0 \u00a0 \u00a0 \u00a0 \u00a0 \u00a0 \u00a0 \u00a0 \u00a0A inser\u00e7\u00e3o territorial das jurisdi\u00e7\u00f5es<\/strong><\/h6><h6>\u00a0 \u00a0 \u00a0 \u00a0 \u00a0 \u00a0 \u00a0 \u00a0 \u00a0 \u00a0 \u00a0 \u00a0 \u00a0 \u00a0 \u00a0 \u00a0 \u00a0 \u00a0 \u00a0 \u00a0 \u00a0 \u00a0 \u00a0 \u00a0 \u00a0 \u00a0 \u00a0 \u00a0 \u00a0 \u00a0 \u00a0 \u00a0 \u00a0 \u00a0 \u00a0 \u00a0 \u00a0 \u00a0 \u00a0 \u00a0 \u00a0 \u00a0 \u00a0 \u00a0 \u00a0 \u00a0 \u00a0 \u00a0 \u00a0 \u00a0 \u00a0 \u00a0 \u00a0(\u00e1rea)<\/h6><h6><strong>\u00c1REA DE COMPET\u00caNCIA TERRITORIAL:<\/strong><\/h6><h6>A) <strong>Ju\u00edzo Central C\u00edvel de Coimbra<\/strong> &#8211; Comarca de Coimbra;<\/h6><h6>B) <strong>Ju\u00edzo Central Criminal de Coimbra<\/strong> &#8211; Comarca de Coimbra;<\/h6><h6>C) <strong>Ju\u00edzo de Instru\u00e7\u00e3o Criminal de Coimbra<\/strong> &#8211; Comarca de Coimbra;<\/h6><h6>D) <strong>Ju\u00edzo de Com\u00e9rcio de Coimbra<\/strong> \u2013 Comarca de Coimbra;<\/h6><h6>E) <strong>Ju\u00edzo de Execu\u00e7\u00e3o de Soure<\/strong> \u2013 Comarca de Coimbra;<\/h6><h6>F) <strong>Ju\u00edzos da Fam\u00edlia e Menores<\/strong>:<\/h6><h6>&#8211; <strong>Coimbra &#8211; <\/strong>munic\u00edpios de Arganil, Coimbra, Condeixa-a-Nova, G\u00f3is, Lous\u00e3, Miranda do Corvo, Pampilhosa da Serra, Penacova, Penela, Soure, T\u00e1bua e Vila Nova de Poiares;<\/h6><h6>&#8211; <strong>Figueira da Foz &#8211; <\/strong>munic\u00edpios de Figueira da Foz e Montemor-o-Velho;<\/h6><h6>G) <strong>Ju\u00edzos do Trabalho<\/strong>:<\/h6><h6>\u00a0&#8211; <strong>Coimbra<\/strong> \u2013 munic\u00edpios de Arganil, Coimbra, Condeixa-a-Nova, G\u00f3is, Lous\u00e3, Miranda do Corvo, Oliveira do Hospital, Pampilhosa da Serra, Penacova, Penela, Soure, T\u00e1bua e Vila Nova de Poiares;<\/h6><h6>&#8211; <strong>Figueira da Foz<\/strong> \u2013 munic\u00edpios de Cantanhede, Figueira da Foz, Mira e Montemor-o-Velho;<\/h6><h6>H) <strong>Ju\u00edzos Locais C\u00edveis<\/strong>:<\/h6><h6>&#8211; <strong>Cantanhede<\/strong> \u2013 munic\u00edpios de Cantanhede e Mira (com compet\u00eancia c\u00edvel e de <u>fam\u00edlia e menores<\/u>);<\/h6><h6>&#8211; <strong>Coimbra<\/strong> \u2013 munic\u00edpio de Coimbra;<\/h6><h6>&#8211; <strong>Figueira da Foz<\/strong> \u2013 munic\u00edpio da Figueira da Foz;<\/h6><h6>I) <strong>Ju\u00edzos Locais Criminais<\/strong>:<\/h6><h6>&#8211; <strong>Cantanhede<\/strong> \u2013 munic\u00edpios de Cantanhede e Mira (com compet\u00eancia criminal e de <u>fam\u00edlia e menores<\/u>);<\/h6><h6>&#8211; <strong>Coimbra<\/strong> \u2013 munic\u00edpio de Coimbra;<\/h6><h6>&#8211; <strong>Figueira da Foz<\/strong> \u2013 munic\u00edpio da Figueira da Foz;<\/h6><h6>J) <strong>Ju\u00edzos de Compet\u00eancia Gen\u00e9rica<\/strong>:<\/h6><h6>&#8211; <strong>Arganil<\/strong> (compet\u00eancia c\u00edvel e criminal) \u2013 munic\u00edpios de Arganil e G\u00f3is;<\/h6><h6>&#8211; <strong>Condeixa-a-Nova<\/strong> (compet\u00eancia c\u00edvel e criminal) \u2013 munic\u00edpios de Condeixa-a-Nova e Penela;<\/h6><h6>&#8211; <strong>Lous\u00e3<\/strong> (compet\u00eancia c\u00edvel e criminal) \u2013 munic\u00edpios da Lous\u00e3, Miranda do Corvo e Pampilhosa da Serra;<\/h6><h6>&#8211; <strong>Montemor-o-Velho<\/strong> (compet\u00eancia c\u00edvel e criminal) \u2013 munic\u00edpio de Montemor-o-Velho;<\/h6><h6>&#8211; <strong>Oliveira do Hospital<\/strong> (compet\u00eancia c\u00edvel, criminal e de <u>fam\u00edlia e menores<\/u>) \u2013 munic\u00edpio de Oliveira do Hospital;<\/h6><h6>&#8211; <strong>Penacova<\/strong> (compet\u00eancia c\u00edvel e criminal) \u2013 munic\u00edpios de Penacova e Vila Nova de Poiares;<\/h6><h6>&#8211; <strong>Soure<\/strong> (compet\u00eancia c\u00edvel e criminal) \u2013 munic\u00edpio de Soure;<\/h6><h6>&#8211; <strong>T\u00e1bua<\/strong> (compet\u00eancia c\u00edvel e criminal) \u2013 munic\u00edpio de T\u00e1bua;<\/h6><h6>L) <strong>Ju\u00edzos de Proximidade<\/strong>:<\/h6><h6>&#8211; <strong>Mira<\/strong> \u2013 munic\u00edpio de Mira;<\/h6><h6>&#8211; <strong>Pampilhosa da Serra<\/strong> \u2013 munic\u00edpio de Pampilhosa da Serra;<\/h6><h6>&#8211; <strong>Penela<\/strong> \u2013 munic\u00edpio de Penela.<\/h6>\t\t\t\t\t\t\t\t<\/div>\n\t\t\t\t<\/div>\n\t\t\t\t\t<\/div>\n\t\t<\/div>\n\t\t\t\t<div class=\"elementor-column elementor-col-50 elementor-top-column elementor-element elementor-element-46317706 cms-banner\" data-id=\"46317706\" data-element_type=\"column\" data-settings=\"{&quot;background_background&quot;:&quot;classic&quot;}\">\n\t\t\t<div class=\"elementor-widget-wrap\">\n\t\t\t\t\t\t\t<\/div>\n\t\t<\/div>\n\t\t\t\t\t<\/div>\n\t\t<\/section>\n\t\t<div class=\"elementor-element elementor-element-ef3336f e-flex e-con-boxed e-con e-parent\" data-id=\"ef3336f\" data-element_type=\"container\">\n\t\t\t\t\t<div class=\"e-con-inner\">\n\t\t\t\t\t<\/div>\n\t\t\t\t<\/div>\n\t\t\t\t<\/div>\n\t\t","protected":false},"excerpt":{"rendered":"<p>O TRIBUNAL E O TERRIT\u00d3RIO O Tribunal Judicial da Comarca de Coimbra, al\u00e9m de constituir a sede do Tribunal de Execu\u00e7\u00e3o das Penas (de compet\u00eancia territorial alargada), integra 26 Ju\u00edzos, dos quais 3 s\u00e3o Ju\u00edzos de Proximidade, 8 s\u00e3o Ju\u00edzos de Compet\u00eancia Gen\u00e9rica, e 15 s\u00e3o Ju\u00edzos de Compet\u00eancia Especializada, distribu\u00eddos por 17 munic\u00edpios. \u00a0&#8230;<\/p>\n","protected":false},"author":1,"featured_media":0,"parent":0,"menu_order":0,"comment_status":"closed","ping_status":"closed","template":"","meta":{"_tbt_post_transparent":"","_tbt_post_title":"","_tbt_post_layout":"","_tbt_post_sidebar_id":"","_tbt_post_content_style":"","_tbt_post_vertical_padding":"","_tbt_post_feature":"","_tbt_post_feature_position":"","_tbt_post_header":false,"_tbt_post_footer":false},"class_list":["post-2242","page","type-page","status-publish","hentry"],"yoast_head":"<!-- This site is optimized with the Yoast SEO plugin v25.6 - https:\/\/yoast.com\/wordpress\/plugins\/seo\/ -->\n<title>A Comarca - Tribunal Judicial da Comarca de Coimbra<\/title>\n<meta name=\"robots\" content=\"index, follow, max-snippet:-1, max-image-preview:large, max-video-preview:-1\" \/>\n<link rel=\"canonical\" href=\"https:\/\/comarcas.csm.org.pt\/coimbra\/acomarca\/\" \/>\n<meta property=\"og:locale\" content=\"pt_PT\" \/>\n<meta property=\"og:type\" content=\"article\" \/>\n<meta property=\"og:title\" content=\"A Comarca - Tribunal Judicial da Comarca de Coimbra\" \/>\n<meta property=\"og:description\" content=\"O TRIBUNAL E O TERRIT\u00d3RIO O Tribunal Judicial da Comarca de Coimbra, al\u00e9m de constituir a sede do Tribunal de Execu\u00e7\u00e3o das Penas (de compet\u00eancia territorial alargada), integra 26 Ju\u00edzos, dos quais 3 s\u00e3o Ju\u00edzos de Proximidade, 8 s\u00e3o Ju\u00edzos de Compet\u00eancia Gen\u00e9rica, e 15 s\u00e3o Ju\u00edzos de Compet\u00eancia Especializada, distribu\u00eddos por 17 munic\u00edpios. \u00a0...\" \/>\n<meta property=\"og:url\" content=\"https:\/\/comarcas.csm.org.pt\/coimbra\/acomarca\/\" \/>\n<meta property=\"og:site_name\" content=\"Tribunal Judicial da Comarca de Coimbra\" \/>\n<meta property=\"article:modified_time\" content=\"2025-06-26T14:53:43+00:00\" \/>\n<meta property=\"og:image\" content=\"https:\/\/comarcas.csm.org.pt\/coimbra\/wp-content\/uploads\/sites\/12\/2025\/06\/20180310123814_mapa_do_distrito_coimbra.gif\" \/>\n\t<meta property=\"og:image:width\" content=\"604\" \/>\n\t<meta property=\"og:image:height\" content=\"393\" \/>\n\t<meta property=\"og:image:type\" content=\"image\/gif\" \/>\n<meta name=\"twitter:card\" content=\"summary_large_image\" \/>\n<meta name=\"twitter:label1\" content=\"Tempo estimado de leitura\" \/>\n\t<meta name=\"twitter:data1\" content=\"3 minutos\" \/>\n<script type=\"application\/ld+json\" class=\"yoast-schema-graph\">{\"@context\":\"https:\/\/schema.org\",\"@graph\":[{\"@type\":\"WebPage\",\"@id\":\"https:\/\/comarcas.csm.org.pt\/coimbra\/acomarca\/\",\"url\":\"https:\/\/comarcas.csm.org.pt\/coimbra\/acomarca\/\",\"name\":\"A Comarca - Tribunal Judicial da Comarca de Coimbra\",\"isPartOf\":{\"@id\":\"https:\/\/comarcas.csm.org.pt\/coimbra\/#website\"},\"primaryImageOfPage\":{\"@id\":\"https:\/\/comarcas.csm.org.pt\/coimbra\/acomarca\/#primaryimage\"},\"image\":{\"@id\":\"https:\/\/comarcas.csm.org.pt\/coimbra\/acomarca\/#primaryimage\"},\"thumbnailUrl\":\"https:\/\/comarcas.csm.org.pt\/coimbra\/wp-content\/uploads\/sites\/12\/2025\/06\/20180310123814_mapa_do_distrito_coimbra.gif\",\"datePublished\":\"2021-10-25T11:40:43+00:00\",\"dateModified\":\"2025-06-26T14:53:43+00:00\",\"breadcrumb\":{\"@id\":\"https:\/\/comarcas.csm.org.pt\/coimbra\/acomarca\/#breadcrumb\"},\"inLanguage\":\"pt-PT\",\"potentialAction\":[{\"@type\":\"ReadAction\",\"target\":[\"https:\/\/comarcas.csm.org.pt\/coimbra\/acomarca\/\"]}]},{\"@type\":\"ImageObject\",\"inLanguage\":\"pt-PT\",\"@id\":\"https:\/\/comarcas.csm.org.pt\/coimbra\/acomarca\/#primaryimage\",\"url\":\"https:\/\/comarcas.csm.org.pt\/coimbra\/wp-content\/uploads\/sites\/12\/2025\/06\/20180310123814_mapa_do_distrito_coimbra.gif\",\"contentUrl\":\"https:\/\/comarcas.csm.org.pt\/coimbra\/wp-content\/uploads\/sites\/12\/2025\/06\/20180310123814_mapa_do_distrito_coimbra.gif\",\"width\":604,\"height\":393},{\"@type\":\"BreadcrumbList\",\"@id\":\"https:\/\/comarcas.csm.org.pt\/coimbra\/acomarca\/#breadcrumb\",\"itemListElement\":[{\"@type\":\"ListItem\",\"position\":1,\"name\":\"In\u00edcio\",\"item\":\"https:\/\/comarcas.csm.org.pt\/coimbra\/\"},{\"@type\":\"ListItem\",\"position\":2,\"name\":\"A Comarca\"}]},{\"@type\":\"WebSite\",\"@id\":\"https:\/\/comarcas.csm.org.pt\/coimbra\/#website\",\"url\":\"https:\/\/comarcas.csm.org.pt\/coimbra\/\",\"name\":\"Tribunal Judicial da Comarca de Coimbra\",\"description\":\"Tribunal Judicial da Comarca de Aveiro\",\"publisher\":{\"@id\":\"https:\/\/comarcas.csm.org.pt\/coimbra\/#organization\"},\"potentialAction\":[{\"@type\":\"SearchAction\",\"target\":{\"@type\":\"EntryPoint\",\"urlTemplate\":\"https:\/\/comarcas.csm.org.pt\/coimbra\/?s={search_term_string}\"},\"query-input\":{\"@type\":\"PropertyValueSpecification\",\"valueRequired\":true,\"valueName\":\"search_term_string\"}}],\"inLanguage\":\"pt-PT\"},{\"@type\":\"Organization\",\"@id\":\"https:\/\/comarcas.csm.org.pt\/coimbra\/#organization\",\"name\":\"Tribunal Judicial da Comarca de Coimbra\",\"url\":\"https:\/\/comarcas.csm.org.pt\/coimbra\/\",\"logo\":{\"@type\":\"ImageObject\",\"inLanguage\":\"pt-PT\",\"@id\":\"https:\/\/comarcas.csm.org.pt\/coimbra\/#\/schema\/logo\/image\/\",\"url\":\"https:\/\/comarcas.csm.org.pt\/coimbra\/wp-content\/uploads\/sites\/12\/2024\/11\/Coimbra_positivo-horizontal.png\",\"contentUrl\":\"https:\/\/comarcas.csm.org.pt\/coimbra\/wp-content\/uploads\/sites\/12\/2024\/11\/Coimbra_positivo-horizontal.png\",\"width\":4163,\"height\":1224,\"caption\":\"Tribunal Judicial da Comarca de Coimbra\"},\"image\":{\"@id\":\"https:\/\/comarcas.csm.org.pt\/coimbra\/#\/schema\/logo\/image\/\"}}]}<\/script>\n<!-- \/ Yoast SEO plugin. -->","yoast_head_json":{"title":"A Comarca - Tribunal Judicial da Comarca de Coimbra","robots":{"index":"index","follow":"follow","max-snippet":"max-snippet:-1","max-image-preview":"max-image-preview:large","max-video-preview":"max-video-preview:-1"},"canonical":"https:\/\/comarcas.csm.org.pt\/coimbra\/acomarca\/","og_locale":"pt_PT","og_type":"article","og_title":"A Comarca - Tribunal Judicial da Comarca de Coimbra","og_description":"O TRIBUNAL E O TERRIT\u00d3RIO O Tribunal Judicial da Comarca de Coimbra, al\u00e9m de constituir a sede do Tribunal de Execu\u00e7\u00e3o das Penas (de compet\u00eancia territorial alargada), integra 26 Ju\u00edzos, dos quais 3 s\u00e3o Ju\u00edzos de Proximidade, 8 s\u00e3o Ju\u00edzos de Compet\u00eancia Gen\u00e9rica, e 15 s\u00e3o Ju\u00edzos de Compet\u00eancia Especializada, distribu\u00eddos por 17 munic\u00edpios. \u00a0...","og_url":"https:\/\/comarcas.csm.org.pt\/coimbra\/acomarca\/","og_site_name":"Tribunal Judicial da Comarca de Coimbra","article_modified_time":"2025-06-26T14:53:43+00:00","og_image":[{"width":604,"height":393,"url":"https:\/\/comarcas.csm.org.pt\/coimbra\/wp-content\/uploads\/sites\/12\/2025\/06\/20180310123814_mapa_do_distrito_coimbra.gif","type":"image\/gif"}],"twitter_card":"summary_large_image","twitter_misc":{"Tempo estimado de leitura":"3 minutos"},"schema":{"@context":"https:\/\/schema.org","@graph":[{"@type":"WebPage","@id":"https:\/\/comarcas.csm.org.pt\/coimbra\/acomarca\/","url":"https:\/\/comarcas.csm.org.pt\/coimbra\/acomarca\/","name":"A Comarca - Tribunal Judicial da Comarca de Coimbra","isPartOf":{"@id":"https:\/\/comarcas.csm.org.pt\/coimbra\/#website"},"primaryImageOfPage":{"@id":"https:\/\/comarcas.csm.org.pt\/coimbra\/acomarca\/#primaryimage"},"image":{"@id":"https:\/\/comarcas.csm.org.pt\/coimbra\/acomarca\/#primaryimage"},"thumbnailUrl":"https:\/\/comarcas.csm.org.pt\/coimbra\/wp-content\/uploads\/sites\/12\/2025\/06\/20180310123814_mapa_do_distrito_coimbra.gif","datePublished":"2021-10-25T11:40:43+00:00","dateModified":"2025-06-26T14:53:43+00:00","breadcrumb":{"@id":"https:\/\/comarcas.csm.org.pt\/coimbra\/acomarca\/#breadcrumb"},"inLanguage":"pt-PT","potentialAction":[{"@type":"ReadAction","target":["https:\/\/comarcas.csm.org.pt\/coimbra\/acomarca\/"]}]},{"@type":"ImageObject","inLanguage":"pt-PT","@id":"https:\/\/comarcas.csm.org.pt\/coimbra\/acomarca\/#primaryimage","url":"https:\/\/comarcas.csm.org.pt\/coimbra\/wp-content\/uploads\/sites\/12\/2025\/06\/20180310123814_mapa_do_distrito_coimbra.gif","contentUrl":"https:\/\/comarcas.csm.org.pt\/coimbra\/wp-content\/uploads\/sites\/12\/2025\/06\/20180310123814_mapa_do_distrito_coimbra.gif","width":604,"height":393},{"@type":"BreadcrumbList","@id":"https:\/\/comarcas.csm.org.pt\/coimbra\/acomarca\/#breadcrumb","itemListElement":[{"@type":"ListItem","position":1,"name":"In\u00edcio","item":"https:\/\/comarcas.csm.org.pt\/coimbra\/"},{"@type":"ListItem","position":2,"name":"A Comarca"}]},{"@type":"WebSite","@id":"https:\/\/comarcas.csm.org.pt\/coimbra\/#website","url":"https:\/\/comarcas.csm.org.pt\/coimbra\/","name":"Tribunal Judicial da Comarca de Coimbra","description":"Tribunal Judicial da Comarca de Aveiro","publisher":{"@id":"https:\/\/comarcas.csm.org.pt\/coimbra\/#organization"},"potentialAction":[{"@type":"SearchAction","target":{"@type":"EntryPoint","urlTemplate":"https:\/\/comarcas.csm.org.pt\/coimbra\/?s={search_term_string}"},"query-input":{"@type":"PropertyValueSpecification","valueRequired":true,"valueName":"search_term_string"}}],"inLanguage":"pt-PT"},{"@type":"Organization","@id":"https:\/\/comarcas.csm.org.pt\/coimbra\/#organization","name":"Tribunal Judicial da Comarca de Coimbra","url":"https:\/\/comarcas.csm.org.pt\/coimbra\/","logo":{"@type":"ImageObject","inLanguage":"pt-PT","@id":"https:\/\/comarcas.csm.org.pt\/coimbra\/#\/schema\/logo\/image\/","url":"https:\/\/comarcas.csm.org.pt\/coimbra\/wp-content\/uploads\/sites\/12\/2024\/11\/Coimbra_positivo-horizontal.png","contentUrl":"https:\/\/comarcas.csm.org.pt\/coimbra\/wp-content\/uploads\/sites\/12\/2024\/11\/Coimbra_positivo-horizontal.png","width":4163,"height":1224,"caption":"Tribunal Judicial da Comarca de Coimbra"},"image":{"@id":"https:\/\/comarcas.csm.org.pt\/coimbra\/#\/schema\/logo\/image\/"}}]}},"_links":{"self":[{"href":"https:\/\/comarcas.csm.org.pt\/coimbra\/wp-json\/wp\/v2\/pages\/2242","targetHints":{"allow":["GET"]}}],"collection":[{"href":"https:\/\/comarcas.csm.org.pt\/coimbra\/wp-json\/wp\/v2\/pages"}],"about":[{"href":"https:\/\/comarcas.csm.org.pt\/coimbra\/wp-json\/wp\/v2\/types\/page"}],"author":[{"embeddable":true,"href":"https:\/\/comarcas.csm.org.pt\/coimbra\/wp-json\/wp\/v2\/users\/1"}],"replies":[{"embeddable":true,"href":"https:\/\/comarcas.csm.org.pt\/coimbra\/wp-json\/wp\/v2\/comments?post=2242"}],"version-history":[{"count":41,"href":"https:\/\/comarcas.csm.org.pt\/coimbra\/wp-json\/wp\/v2\/pages\/2242\/revisions"}],"predecessor-version":[{"id":41774,"href":"https:\/\/comarcas.csm.org.pt\/coimbra\/wp-json\/wp\/v2\/pages\/2242\/revisions\/41774"}],"wp:attachment":[{"href":"https:\/\/comarcas.csm.org.pt\/coimbra\/wp-json\/wp\/v2\/media?parent=2242"}],"curies":[{"name":"wp","href":"https:\/\/api.w.org\/{rel}","templated":true}]}}