{"id":11330,"date":"2024-05-22T09:33:02","date_gmt":"2024-05-22T09:33:02","guid":{"rendered":"https:\/\/aveiro.vvr.pt\/?page_id=11330"},"modified":"2026-03-04T10:44:21","modified_gmt":"2026-03-04T10:44:21","slug":"instrumentos-de-gestao","status":"publish","type":"page","link":"https:\/\/comarcas.csm.org.pt\/guarda\/instrumentos-de-gestao\/","title":{"rendered":"Instrumentos de Gest\u00e3o"},"content":{"rendered":"\t\t<div data-elementor-type=\"wp-page\" data-elementor-id=\"11330\" class=\"elementor elementor-11330\" data-elementor-post-type=\"page\">\n\t\t\t\t<div class=\"elementor-element elementor-element-c33158e e-flex e-con-boxed e-con e-parent\" data-id=\"c33158e\" data-element_type=\"container\">\n\t\t\t\t\t<div class=\"e-con-inner\">\n\t\t\t\t<div class=\"elementor-element elementor-element-01f6d37 elementor-tabs-alignment-stretch elementor-tabs-view-horizontal elementor-widget elementor-widget-tabs\" data-id=\"01f6d37\" data-element_type=\"widget\" data-widget_type=\"tabs.default\">\n\t\t\t\t<div class=\"elementor-widget-container\">\n\t\t\t\t\t\t\t<div class=\"elementor-tabs\">\n\t\t\t<div class=\"elementor-tabs-wrapper\" role=\"tablist\" >\n\t\t\t\t\t\t\t\t\t<div id=\"elementor-tab-title-2051\" class=\"elementor-tab-title elementor-tab-desktop-title\" aria-selected=\"true\" data-tab=\"1\" role=\"tab\" tabindex=\"0\" aria-controls=\"elementor-tab-content-2051\" aria-expanded=\"false\">Relat\u00f3rios anuais<\/div>\n\t\t\t\t\t\t\t\t\t<div id=\"elementor-tab-title-2052\" class=\"elementor-tab-title elementor-tab-desktop-title\" aria-selected=\"false\" data-tab=\"2\" role=\"tab\" tabindex=\"-1\" aria-controls=\"elementor-tab-content-2052\" aria-expanded=\"false\">Regulamentos<\/div>\n\t\t\t\t\t\t\t\t\t<div id=\"elementor-tab-title-2053\" class=\"elementor-tab-title elementor-tab-desktop-title\" aria-selected=\"false\" data-tab=\"3\" role=\"tab\" tabindex=\"-1\" aria-controls=\"elementor-tab-content-2053\" aria-expanded=\"false\">Turnos<\/div>\n\t\t\t\t\t\t\t\t\t<div id=\"elementor-tab-title-2054\" class=\"elementor-tab-title elementor-tab-desktop-title\" aria-selected=\"false\" data-tab=\"4\" role=\"tab\" tabindex=\"-1\" aria-controls=\"elementor-tab-content-2054\" aria-expanded=\"false\">Despachos \/ Publica\u00e7\u00f5es<\/div>\n\t\t\t\t\t\t\t\t\t<div id=\"elementor-tab-title-2055\" class=\"elementor-tab-title elementor-tab-desktop-title\" aria-selected=\"false\" data-tab=\"5\" role=\"tab\" tabindex=\"-1\" aria-controls=\"elementor-tab-content-2055\" aria-expanded=\"false\">Distribui\u00e7\u00e3o ordin\u00e1ria<\/div>\n\t\t\t\t\t\t\t<\/div>\n\t\t\t<div class=\"elementor-tabs-content-wrapper\" role=\"tablist\" aria-orientation=\"vertical\">\n\t\t\t\t\t\t\t\t\t<div class=\"elementor-tab-title elementor-tab-mobile-title\" aria-selected=\"true\" data-tab=\"1\" role=\"tab\" tabindex=\"0\" aria-controls=\"elementor-tab-content-2051\" aria-expanded=\"false\">Relat\u00f3rios anuais<\/div>\n\t\t\t\t\t<div id=\"elementor-tab-content-2051\" class=\"elementor-tab-content elementor-clearfix\" data-tab=\"1\" role=\"tabpanel\" aria-labelledby=\"elementor-tab-title-2051\" tabindex=\"0\" hidden=\"false\"><ul><li><span style=\"color: #b48200\"><strong><a style=\"color: #b48200\" href=\"https:\/\/comarcas.csm.org.pt\/guarda\/wp-content\/uploads\/sites\/15\/2026\/03\/Relatorio-Anual-da-Comarca-da-Guarda-do-Ano-de-2025.pdf\">Relat\u00f3rio Anual da Comarca da Guarda do Ano de 2025<\/a><\/strong><\/span><\/li><li><span style=\"color: #b48200\"><strong><a style=\"color: #b48200\" href=\"https:\/\/comarcas.csm.org.pt\/guarda\/wp-content\/uploads\/sites\/15\/2025\/03\/Relatorio-Anual-da-Comarca-da-Guarda-do-Ano-de-2024.pdf\">Relat\u00f3rio Anual da Comarca da Guarda do Ano de 2024<\/a><\/strong><\/span><\/li><li><span style=\"color: #b48200\"><strong><a style=\"color: #b48200\" href=\"https:\/\/comarcas.csm.org.pt\/guarda\/wp-content\/uploads\/sites\/15\/2025\/03\/Relatorio-Anual-da-Comarca-da-Guarda-do-Ano-de-2023.pdf\">Relat\u00f3rio Anual da Comarca da Guarda do Ano de 2023<\/a><\/strong><\/span><\/li><li><span style=\"color: #b48200\"><strong><a style=\"color: #b48200\" href=\"https:\/\/comarcas.csm.org.pt\/guarda\/wp-content\/uploads\/sites\/15\/2025\/05\/Relatorio-Anual-da-Comarca-da-Guarda-do-Ano-de-2022.pdf\">Relat\u00f3rio Anual da Comarca da Guarda do Ano de 2022<\/a><\/strong><\/span><\/li><li><span style=\"color: #b48200\"><strong><a style=\"color: #b48200\" href=\"https:\/\/comarcas.csm.org.pt\/guarda\/wp-content\/uploads\/sites\/15\/2025\/05\/Relatorio-Anual-da-Comarca-da-Guarda-do-Ano-de-2021.pdf\">Relat\u00f3rio Anual da Comarca da Guarda do Ano de 2021<\/a><\/strong><\/span><\/li><li><span style=\"color: #b48200\"><strong><a style=\"color: #b48200\" href=\"https:\/\/comarcas.csm.org.pt\/guarda\/wp-content\/uploads\/sites\/15\/2025\/05\/Relatorio-Anual-da-Comarca-da-Guarda-do-Ano-de-2020.pdf\">Relat\u00f3rio Anual da Comarca da Guarda do Ano de 2020<\/a><\/strong><\/span><\/li><\/ul><\/div>\n\t\t\t\t\t\t\t\t\t<div class=\"elementor-tab-title elementor-tab-mobile-title\" aria-selected=\"false\" data-tab=\"2\" role=\"tab\" tabindex=\"-1\" aria-controls=\"elementor-tab-content-2052\" aria-expanded=\"false\">Regulamentos<\/div>\n\t\t\t\t\t<div id=\"elementor-tab-content-2052\" class=\"elementor-tab-content elementor-clearfix\" data-tab=\"2\" role=\"tabpanel\" aria-labelledby=\"elementor-tab-title-2052\" tabindex=\"0\" hidden=\"hidden\"><ul><li><strong><span style=\"color: #b48200\"><a style=\"color: #b48200\" href=\"https:\/\/comarcas.csm.org.pt\/guarda\/wp-content\/uploads\/sites\/15\/2025\/05\/Regulamento-dos-servicos-judiciais-do-Tribunal-Judicial-da-Comarca-da-Guarda.pdf\">Regulamento dos servi\u00e7os judiciais do Tribunal Judicial da Comarca da Guarda<\/a><\/span><\/strong><\/li><li><strong><span style=\"color: #b48200\"> <a style=\"color: #b48200\" href=\"https:\/\/comarcas.csm.org.pt\/guarda\/wp-content\/uploads\/sites\/15\/2025\/05\/Regulamento-Interno-do-Tribunal-Judicial-da-Comarca-da-Guarda.pdf\">Regulamento Interno do Tribunal Judicial da Comarca da Guarda<\/a><\/span><\/strong><\/li><li><span style=\"color: #b48200\"><strong><a style=\"color: #b48200\" href=\"https:\/\/comarcas.csm.org.pt\/guarda\/wp-content\/uploads\/sites\/15\/2025\/05\/Regulamento-do-Conselho-de-Gestao-da-Comarca-da-Guarda.pdf\">Regulamento do Conselho de Gest\u00e3o da Comarca da Guarda<\/a><\/strong><\/span><\/li><li><span style=\"color: #b48200\"><strong><a style=\"color: #b48200\" href=\"https:\/\/comarcas.csm.org.pt\/guarda\/wp-content\/uploads\/sites\/15\/2025\/05\/Regulamento-do-Conselho-Consultivo-da-Comarca-da-Guarda.pdf\">Regulamento do Conselho Consultivo da Comarca da Guarda<\/a><\/strong><\/span><\/li><\/ul><\/div>\n\t\t\t\t\t\t\t\t\t<div class=\"elementor-tab-title elementor-tab-mobile-title\" aria-selected=\"false\" data-tab=\"3\" role=\"tab\" tabindex=\"-1\" aria-controls=\"elementor-tab-content-2053\" aria-expanded=\"false\">Turnos<\/div>\n\t\t\t\t\t<div id=\"elementor-tab-content-2053\" class=\"elementor-tab-content elementor-clearfix\" data-tab=\"3\" role=\"tabpanel\" aria-labelledby=\"elementor-tab-title-2053\" tabindex=\"0\" hidden=\"hidden\"><ul><li><a href=\"https:\/\/comarcas.csm.org.pt\/guarda\/wp-content\/uploads\/sites\/15\/2025\/07\/Aviso-extrato-n.o-1681520252-Turnos-dos-sabados-e-feriados-set-2025-a-ago-2026-1.pdf\"><strong><span style=\"color: #b45b00\">Aviso (extrato) n.\u00ba 16815\/2025\/2 Publica\u00e7\u00e3o em DR \u00a0Turnos dos s\u00e1bados e feriados (set 2025 a ago 2026)<\/span><\/strong><\/a><\/li><li><span style=\"color: #b45b00\"><a style=\"color: #b45b00\" href=\"https:\/\/comarcas.csm.org.pt\/guarda\/wp-content\/uploads\/sites\/15\/2025\/07\/Despacho-109_2025-Turnos-dos-sabados-e-feriados-set-2025-a-ago-2026.pdf\"><strong>Despacho n.\u00ba 109\/2025 Turnos dos s\u00e1bados e feriados (set 2025 a ago 2026)<\/strong><\/a><\/span><\/li><li><span style=\"color: #b45b00\"><strong><a style=\"color: #b45b00\" href=\"https:\/\/comarcas.csm.org.pt\/guarda\/wp-content\/uploads\/sites\/15\/2025\/05\/Turnos-de-sabados-e-feriados-setembro-2024-a-agosto-2025.pdf\">Turnos de s\u00e1bados e feriados (setembro<\/a><a style=\"color: #b45b00\" href=\"https:\/\/comarcas.csm.org.pt\/guarda\/wp-content\/uploads\/sites\/15\/2025\/05\/Turnos-de-sabados-e-feriados-setembro-2024-a-agosto-2025.pdf\"> 20<\/a><a style=\"color: #b45b00\" href=\"https:\/\/comarcas.csm.org.pt\/guarda\/wp-content\/uploads\/sites\/15\/2025\/05\/Turnos-de-sabados-e-feriados-setembro-2024-a-agosto-2025.pdf\">24<\/a><a style=\"color: #b45b00\" href=\"https:\/\/comarcas.csm.org.pt\/guarda\/wp-content\/uploads\/sites\/15\/2025\/05\/Turnos-de-sabados-e-feriados-setembro-2024-a-agosto-2025.pdf\"> a agosto 2025)<\/a><\/strong><\/span><\/li><li><span style=\"color: #b45b00\"><strong><a style=\"color: #b45b00\" href=\"https:\/\/comarcas.csm.org.pt\/guarda\/wp-content\/uploads\/sites\/15\/2025\/06\/Despacho-128_2024-Turnos-feriados-e-fins-de-semana-setembro-de-2024-a-agosto-de-2025.pdf\">Despacho n.\u00ba 128\/2024 Turnos, feriados e fins-de-semana (setembro de 2024 a agosto de 2025)<\/a><\/strong><\/span><\/li><\/ul><\/div>\n\t\t\t\t\t\t\t\t\t<div class=\"elementor-tab-title elementor-tab-mobile-title\" aria-selected=\"false\" data-tab=\"4\" role=\"tab\" tabindex=\"-1\" aria-controls=\"elementor-tab-content-2054\" aria-expanded=\"false\">Despachos \/ Publica\u00e7\u00f5es<\/div>\n\t\t\t\t\t<div id=\"elementor-tab-content-2054\" class=\"elementor-tab-content elementor-clearfix\" data-tab=\"4\" role=\"tabpanel\" aria-labelledby=\"elementor-tab-title-2054\" tabindex=\"0\" hidden=\"hidden\"><ul><li><span style=\"color: #b48200\"><strong><span style=\"color: #b48200\"><a style=\"color: #b48200\" href=\"https:\/\/comarcas.csm.org.pt\/guarda\/wp-content\/uploads\/sites\/15\/2025\/10\/Despacho-155_2025-Regras-da-distribuicao-por-meios-eletronicos-de-22_10_2025-a-15_07_2026.pdf\">Despacho n.\u00ba 155\/2025 Regras da distribui\u00e7\u00e3o por meios eletr\u00f3nicos de 22\/10\/2025 a 15\/07\/2026 &#8211; Lei n\u00ba56\/2025 de 24\/07 e Portaria n\u00ba350-A\/2025\/1 de 09\/10<\/a><\/span><\/strong><\/span><\/li><li><span style=\"color: #b48200\"><strong><a style=\"color: #b48200\" href=\"https:\/\/comarcas.csm.org.pt\/guarda\/wp-content\/uploads\/sites\/15\/2025\/09\/Despacho-116_2025-Regras-da-Distribuicao-de-1-de-setembro-a-21-de-outubro-de-2025.pdf\">Despacho n.\u00ba 116\/2025 Regras da distribui\u00e7\u00e3o de 1 de setembro a 21 de outubro de 2025<\/a><\/strong><\/span><\/li><li><strong><span style=\"color: #b48200\"><a style=\"color: #b48200\" href=\"https:\/\/comarcas.csm.org.pt\/guarda\/wp-content\/uploads\/sites\/15\/2025\/07\/Despacho-110_2025-Regras-da-distribuicao-no-periodo-de-ferias-judiciais-de-Verao.pdf\">Despacho n.\u00ba 110\/2025 Regras da distribui\u00e7\u00e3o por meios eletr\u00f3nicos no Tribunal Judicial da Comarca da Guarda | Per\u00edodo de f\u00e9rias judiciais do Ver\u00e3o de 2025<\/a><\/span><\/strong><\/li><li><span style=\"color: #b4823f\"><strong><a style=\"letter-spacing: 0.3px;color: #b4823f\" href=\"https:\/\/comarcas.csm.org.pt\/guarda\/wp-content\/uploads\/sites\/15\/2025\/05\/Despacho-70_2025-Eleicoes-AR-2025-Despacho-organizativo-inicial.pdf\">Despacho n.\u00ba 70\/2025 Elei\u00e7\u00f5es AR 2025 &#8211; Despacho organizativo inicial<\/a><\/strong><\/span><\/li><li><span style=\"color: #b4823f\"><strong><a style=\"color: #b4823f\" href=\"https:\/\/comarcas.csm.org.pt\/guarda\/wp-content\/uploads\/sites\/15\/2025\/05\/Despacho-137_2024-Regras-da-Distribuicao-de-2-de-setembro-de-2024-a-15-de-julho-de-2025.pdf\">Despacho n.\u00ba <span style=\"color: #b4823f\">137\/2024<\/span> Regras da Distrib<span style=\"color: #b4823f\">ui\u00e7\u00e3o de 2 de setembro de 2024 a 15 de julho de 2025<\/span><\/a><\/strong><\/span><\/li><li><span style=\"color: #b4823f\"><strong><a style=\"color: #b4823f\" href=\"https:\/\/comarcas.csm.org.pt\/guarda\/wp-content\/uploads\/sites\/15\/2025\/05\/Despacho-extrato-n.o-9045_2024-Nomeacao-de-Administrador-Judiciario.pdf\">Despacho (extrato) n.\u00ba 9045\/2024 Nomea\u00e7\u00e3o de Administrador Judici\u00e1ri<span style=\"color: #b4823f\">o<\/span><\/a><\/strong><\/span><\/li><li><span style=\"color: #b4823f\"><strong><a style=\"color: #b4823f\" href=\"https:\/\/comarcas.csm.org.pt\/guarda\/wp-content\/uploads\/sites\/15\/2025\/05\/Publicacao-Renovacao-do-Mandato-dos-representantes-dos-Utentes-dos-Servicos-de-Justica-no-Conselho-Consultivo-da-Comarca.pdf\">Publica\u00e7\u00e3o Renova\u00e7\u00e3o do Mandato dos representantes dos Utentes dos Servi\u00e7os de Justi\u00e7a no Conselho Consultivo da Comarca<\/a><\/strong><\/span><\/li><li><span style=\"color: #b4823f\"><strong><a style=\"color: #b4823f\" href=\"https:\/\/comarcas.csm.org.pt\/guarda\/wp-content\/uploads\/sites\/15\/2025\/05\/Representante-dos-Srs-Oficiais-de-Justica-no-Conselho-Consultivo-eleito-em-janeiro-de-2024.pdf\">Representante dos Srs Oficiais de Justi\u00e7a no Conselho Consultivo eleito em janeiro de <span style=\"color: #b4823f\">2024<\/span><\/a><\/strong><\/span><\/li><li><span style=\"color: #b4823f\"><strong><a style=\"color: #b4823f\" href=\"https:\/\/comarcas.csm.org.pt\/guarda\/wp-content\/uploads\/sites\/15\/2025\/05\/Renovacao-do-Mandato-do-representante-dos-Srs.-Juizes-no-Conselho-Consultivo-da-Comarca.pdf\">Renova\u00e7\u00e3o do Mandato do representante dos Srs. Ju\u00edzes no Conselho Consultivo da Comarca<\/a><\/strong><\/span><\/li><li><span style=\"color: #b4823f\"><strong><a style=\"color: #b4823f\" href=\"https:\/\/comarcas.csm.org.pt\/guarda\/wp-content\/uploads\/sites\/15\/2025\/05\/Renovacao-da-comissao-de-servico-da-Exma.-Sra.-Juiza-Presidente-do-Tribunal-Judicial-da-Comarca-da-Guarda.pdf\">Renova\u00e7\u00e3o da comiss\u00e3o de servi\u00e7o da Exma. Sra. Ju\u00edza Presidente do Tribunal Judicial da Comarca da Guarda<\/a><\/strong><\/span><\/li><li><strong><span style=\"color: #800000\"><a style=\"color: #800000\" href=\"https:\/\/comarcas.csm.org.pt\/guarda\/wp-content\/uploads\/sites\/15\/2025\/05\/Representante-dos-Srs-Magistrados-do-Ministerio-Publico-no-Conselho-Consultivo-eleito-em-dezembro-de-2023.pdf\"><span style=\"color: #b4823f\">Representante dos Srs Magistrados do Minist\u00e9rio P\u00fablico no Conselho Consultivo eleito em dezembro de 2023<\/span><\/a><\/span><\/strong><\/li><\/ul><\/div>\n\t\t\t\t\t\t\t\t\t<div class=\"elementor-tab-title elementor-tab-mobile-title\" aria-selected=\"false\" data-tab=\"5\" role=\"tab\" tabindex=\"-1\" aria-controls=\"elementor-tab-content-2055\" aria-expanded=\"false\">Distribui\u00e7\u00e3o ordin\u00e1ria<\/div>\n\t\t\t\t\t<div id=\"elementor-tab-content-2055\" class=\"elementor-tab-content elementor-clearfix\" data-tab=\"5\" role=\"tabpanel\" aria-labelledby=\"elementor-tab-title-2055\" tabindex=\"0\" hidden=\"hidden\"><ul><li><span style=\"color: #b48200\"><strong><a style=\"color: #b48200\" href=\"https:\/\/servicos.tribunais.org.pt\/servicos\/distribuicao-de-processos\/distribuicao-ordinaria\/tribunal-judicial-da-comarca-da-guarda\">Publicidade da hora e local da distribui\u00e7\u00e3o<\/a><\/strong><\/span><\/li><\/ul><\/div>\n\t\t\t\t\t\t\t<\/div>\n\t\t<\/div>\n\t\t\t\t\t\t<\/div>\n\t\t\t\t<\/div>\n\t\t\t\t\t<\/div>\n\t\t\t\t<\/div>\n\t\t\t\t<\/div>\n\t\t","protected":false},"excerpt":{"rendered":"<p>Relat\u00f3rios anuais Regulamentos Turnos Despachos \/ Publica\u00e7\u00f5es Distribui\u00e7\u00e3o ordin\u00e1ria Relat\u00f3rios anuais Relat\u00f3rio Anual da Comarca da Guarda do Ano de 2025 Relat\u00f3rio Anual da Comarca da Guarda do Ano de 2024 Relat\u00f3rio Anual da Comarca da Guarda do Ano de 2023 Relat\u00f3rio Anual da Comarca da Guarda do Ano de 2022 Relat\u00f3rio Anual da Comarca&#8230;<\/p>\n","protected":false},"author":1,"featured_media":0,"parent":0,"menu_order":0,"comment_status":"closed","ping_status":"closed","template":"","meta":{"_tbt_post_transparent":"","_tbt_post_title":"","_tbt_post_layout":"","_tbt_post_sidebar_id":"","_tbt_post_content_style":"","_tbt_post_vertical_padding":"","_tbt_post_feature":"","_tbt_post_feature_position":"","_tbt_post_header":false,"_tbt_post_footer":false},"class_list":["post-11330","page","type-page","status-publish","hentry"],"yoast_head":"<!-- This site is optimized with the Yoast SEO plugin v25.6 - https:\/\/yoast.com\/wordpress\/plugins\/seo\/ -->\n<title>Instrumentos de Gest\u00e3o - Tribunal Judicial da Comarca da Guarda<\/title>\n<meta name=\"robots\" content=\"index, follow, max-snippet:-1, max-image-preview:large, max-video-preview:-1\" \/>\n<link rel=\"canonical\" href=\"https:\/\/comarcas.csm.org.pt\/guarda\/instrumentos-de-gestao\/\" \/>\n<meta property=\"og:locale\" content=\"pt_PT\" \/>\n<meta property=\"og:type\" content=\"article\" \/>\n<meta property=\"og:title\" content=\"Instrumentos de Gest\u00e3o - Tribunal Judicial da Comarca da Guarda\" \/>\n<meta property=\"og:description\" content=\"Relat\u00f3rios anuais Regulamentos Turnos Despachos \/ Publica\u00e7\u00f5es Distribui\u00e7\u00e3o ordin\u00e1ria Relat\u00f3rios anuais Relat\u00f3rio Anual da Comarca da Guarda do Ano de 2025 Relat\u00f3rio Anual da Comarca da Guarda do Ano de 2024 Relat\u00f3rio Anual da Comarca da Guarda do Ano de 2023 Relat\u00f3rio Anual da Comarca da Guarda do Ano de 2022 Relat\u00f3rio Anual da Comarca...\" \/>\n<meta property=\"og:url\" content=\"https:\/\/comarcas.csm.org.pt\/guarda\/instrumentos-de-gestao\/\" \/>\n<meta property=\"og:site_name\" content=\"Tribunal Judicial da Comarca da Guarda\" \/>\n<meta property=\"article:modified_time\" content=\"2026-03-04T10:44:21+00:00\" \/>\n<meta name=\"twitter:card\" content=\"summary_large_image\" \/>\n<meta name=\"twitter:label1\" content=\"Tempo estimado de leitura\" \/>\n\t<meta name=\"twitter:data1\" content=\"2 minutos\" \/>\n<script type=\"application\/ld+json\" class=\"yoast-schema-graph\">{\"@context\":\"https:\/\/schema.org\",\"@graph\":[{\"@type\":\"WebPage\",\"@id\":\"https:\/\/comarcas.csm.org.pt\/guarda\/instrumentos-de-gestao\/\",\"url\":\"https:\/\/comarcas.csm.org.pt\/guarda\/instrumentos-de-gestao\/\",\"name\":\"Instrumentos de Gest\u00e3o - Tribunal Judicial da Comarca da Guarda\",\"isPartOf\":{\"@id\":\"https:\/\/comarcas.csm.org.pt\/guarda\/#website\"},\"datePublished\":\"2024-05-22T09:33:02+00:00\",\"dateModified\":\"2026-03-04T10:44:21+00:00\",\"breadcrumb\":{\"@id\":\"https:\/\/comarcas.csm.org.pt\/guarda\/instrumentos-de-gestao\/#breadcrumb\"},\"inLanguage\":\"pt-PT\",\"potentialAction\":[{\"@type\":\"ReadAction\",\"target\":[\"https:\/\/comarcas.csm.org.pt\/guarda\/instrumentos-de-gestao\/\"]}]},{\"@type\":\"BreadcrumbList\",\"@id\":\"https:\/\/comarcas.csm.org.pt\/guarda\/instrumentos-de-gestao\/#breadcrumb\",\"itemListElement\":[{\"@type\":\"ListItem\",\"position\":1,\"name\":\"In\u00edcio\",\"item\":\"https:\/\/comarcas.csm.org.pt\/guarda\/\"},{\"@type\":\"ListItem\",\"position\":2,\"name\":\"Instrumentos de Gest\u00e3o\"}]},{\"@type\":\"WebSite\",\"@id\":\"https:\/\/comarcas.csm.org.pt\/guarda\/#website\",\"url\":\"https:\/\/comarcas.csm.org.pt\/guarda\/\",\"name\":\"Tribunal Judicial da Comarca da Guarda\",\"description\":\"Tribunal Judicial da Comarca da Guarda\",\"publisher\":{\"@id\":\"https:\/\/comarcas.csm.org.pt\/guarda\/#organization\"},\"potentialAction\":[{\"@type\":\"SearchAction\",\"target\":{\"@type\":\"EntryPoint\",\"urlTemplate\":\"https:\/\/comarcas.csm.org.pt\/guarda\/?s={search_term_string}\"},\"query-input\":{\"@type\":\"PropertyValueSpecification\",\"valueRequired\":true,\"valueName\":\"search_term_string\"}}],\"inLanguage\":\"pt-PT\"},{\"@type\":\"Organization\",\"@id\":\"https:\/\/comarcas.csm.org.pt\/guarda\/#organization\",\"name\":\"Tribunal Judicial da Comarca da Guarda\",\"url\":\"https:\/\/comarcas.csm.org.pt\/guarda\/\",\"logo\":{\"@type\":\"ImageObject\",\"inLanguage\":\"pt-PT\",\"@id\":\"https:\/\/comarcas.csm.org.pt\/guarda\/#\/schema\/logo\/image\/\",\"url\":\"https:\/\/comarcas.csm.org.pt\/guarda\/wp-content\/uploads\/sites\/15\/2025\/04\/cropped-Guarda_positivo-horizontal-2048x551-2-1024x276-1.png\",\"contentUrl\":\"https:\/\/comarcas.csm.org.pt\/guarda\/wp-content\/uploads\/sites\/15\/2025\/04\/cropped-Guarda_positivo-horizontal-2048x551-2-1024x276-1.png\",\"width\":1024,\"height\":276,\"caption\":\"Tribunal Judicial da Comarca da Guarda\"},\"image\":{\"@id\":\"https:\/\/comarcas.csm.org.pt\/guarda\/#\/schema\/logo\/image\/\"}}]}<\/script>\n<!-- \/ Yoast SEO plugin. -->","yoast_head_json":{"title":"Instrumentos de Gest\u00e3o - Tribunal Judicial da Comarca da Guarda","robots":{"index":"index","follow":"follow","max-snippet":"max-snippet:-1","max-image-preview":"max-image-preview:large","max-video-preview":"max-video-preview:-1"},"canonical":"https:\/\/comarcas.csm.org.pt\/guarda\/instrumentos-de-gestao\/","og_locale":"pt_PT","og_type":"article","og_title":"Instrumentos de Gest\u00e3o - Tribunal Judicial da Comarca da Guarda","og_description":"Relat\u00f3rios anuais Regulamentos Turnos Despachos \/ Publica\u00e7\u00f5es Distribui\u00e7\u00e3o ordin\u00e1ria Relat\u00f3rios anuais Relat\u00f3rio Anual da Comarca da Guarda do Ano de 2025 Relat\u00f3rio Anual da Comarca da Guarda do Ano de 2024 Relat\u00f3rio Anual da Comarca da Guarda do Ano de 2023 Relat\u00f3rio Anual da Comarca da Guarda do Ano de 2022 Relat\u00f3rio Anual da Comarca...","og_url":"https:\/\/comarcas.csm.org.pt\/guarda\/instrumentos-de-gestao\/","og_site_name":"Tribunal Judicial da Comarca da Guarda","article_modified_time":"2026-03-04T10:44:21+00:00","twitter_card":"summary_large_image","twitter_misc":{"Tempo estimado de leitura":"2 minutos"},"schema":{"@context":"https:\/\/schema.org","@graph":[{"@type":"WebPage","@id":"https:\/\/comarcas.csm.org.pt\/guarda\/instrumentos-de-gestao\/","url":"https:\/\/comarcas.csm.org.pt\/guarda\/instrumentos-de-gestao\/","name":"Instrumentos de Gest\u00e3o - Tribunal Judicial da Comarca da Guarda","isPartOf":{"@id":"https:\/\/comarcas.csm.org.pt\/guarda\/#website"},"datePublished":"2024-05-22T09:33:02+00:00","dateModified":"2026-03-04T10:44:21+00:00","breadcrumb":{"@id":"https:\/\/comarcas.csm.org.pt\/guarda\/instrumentos-de-gestao\/#breadcrumb"},"inLanguage":"pt-PT","potentialAction":[{"@type":"ReadAction","target":["https:\/\/comarcas.csm.org.pt\/guarda\/instrumentos-de-gestao\/"]}]},{"@type":"BreadcrumbList","@id":"https:\/\/comarcas.csm.org.pt\/guarda\/instrumentos-de-gestao\/#breadcrumb","itemListElement":[{"@type":"ListItem","position":1,"name":"In\u00edcio","item":"https:\/\/comarcas.csm.org.pt\/guarda\/"},{"@type":"ListItem","position":2,"name":"Instrumentos de Gest\u00e3o"}]},{"@type":"WebSite","@id":"https:\/\/comarcas.csm.org.pt\/guarda\/#website","url":"https:\/\/comarcas.csm.org.pt\/guarda\/","name":"Tribunal Judicial da Comarca da Guarda","description":"Tribunal Judicial da Comarca da Guarda","publisher":{"@id":"https:\/\/comarcas.csm.org.pt\/guarda\/#organization"},"potentialAction":[{"@type":"SearchAction","target":{"@type":"EntryPoint","urlTemplate":"https:\/\/comarcas.csm.org.pt\/guarda\/?s={search_term_string}"},"query-input":{"@type":"PropertyValueSpecification","valueRequired":true,"valueName":"search_term_string"}}],"inLanguage":"pt-PT"},{"@type":"Organization","@id":"https:\/\/comarcas.csm.org.pt\/guarda\/#organization","name":"Tribunal Judicial da Comarca da Guarda","url":"https:\/\/comarcas.csm.org.pt\/guarda\/","logo":{"@type":"ImageObject","inLanguage":"pt-PT","@id":"https:\/\/comarcas.csm.org.pt\/guarda\/#\/schema\/logo\/image\/","url":"https:\/\/comarcas.csm.org.pt\/guarda\/wp-content\/uploads\/sites\/15\/2025\/04\/cropped-Guarda_positivo-horizontal-2048x551-2-1024x276-1.png","contentUrl":"https:\/\/comarcas.csm.org.pt\/guarda\/wp-content\/uploads\/sites\/15\/2025\/04\/cropped-Guarda_positivo-horizontal-2048x551-2-1024x276-1.png","width":1024,"height":276,"caption":"Tribunal Judicial da Comarca da Guarda"},"image":{"@id":"https:\/\/comarcas.csm.org.pt\/guarda\/#\/schema\/logo\/image\/"}}]}},"_links":{"self":[{"href":"https:\/\/comarcas.csm.org.pt\/guarda\/wp-json\/wp\/v2\/pages\/11330","targetHints":{"allow":["GET"]}}],"collection":[{"href":"https:\/\/comarcas.csm.org.pt\/guarda\/wp-json\/wp\/v2\/pages"}],"about":[{"href":"https:\/\/comarcas.csm.org.pt\/guarda\/wp-json\/wp\/v2\/types\/page"}],"author":[{"embeddable":true,"href":"https:\/\/comarcas.csm.org.pt\/guarda\/wp-json\/wp\/v2\/users\/1"}],"replies":[{"embeddable":true,"href":"https:\/\/comarcas.csm.org.pt\/guarda\/wp-json\/wp\/v2\/comments?post=11330"}],"version-history":[{"count":167,"href":"https:\/\/comarcas.csm.org.pt\/guarda\/wp-json\/wp\/v2\/pages\/11330\/revisions"}],"predecessor-version":[{"id":13524,"href":"https:\/\/comarcas.csm.org.pt\/guarda\/wp-json\/wp\/v2\/pages\/11330\/revisions\/13524"}],"wp:attachment":[{"href":"https:\/\/comarcas.csm.org.pt\/guarda\/wp-json\/wp\/v2\/media?parent=11330"}],"curies":[{"name":"wp","href":"https:\/\/api.w.org\/{rel}","templated":true}]}}