{"id":11359,"date":"2024-05-22T11:36:09","date_gmt":"2024-05-22T11:36:09","guid":{"rendered":"https:\/\/aveiro.vvr.pt\/?page_id=11359"},"modified":"2025-11-07T09:24:26","modified_gmt":"2025-11-07T09:24:26","slug":"rgpd","status":"publish","type":"page","link":"https:\/\/comarcas.csm.org.pt\/guarda\/cidadao\/rgpd\/","title":{"rendered":"RGPD"},"content":{"rendered":"\t\t<div data-elementor-type=\"wp-page\" data-elementor-id=\"11359\" class=\"elementor elementor-11359\" data-elementor-post-type=\"page\">\n\t\t\t\t<div class=\"elementor-element elementor-element-be4dfc3 e-flex e-con-boxed e-con e-parent\" data-id=\"be4dfc3\" data-element_type=\"container\">\n\t\t\t\t\t<div class=\"e-con-inner\">\n\t\t\t\t<div class=\"elementor-element elementor-element-7e07987 elementor-widget elementor-widget-text-editor\" data-id=\"7e07987\" data-element_type=\"widget\" data-widget_type=\"text-editor.default\">\n\t\t\t\t<div class=\"elementor-widget-container\">\n\t\t\t\t\t\t\t\t\t<h3 class=\"wp-block-heading\"><span style=\"color: #a86c0c\"><strong>Regulamento Geral de Prote\u00e7\u00e3o de Dados [RGPD]<\/strong><\/span><\/h3>\n<div>&nbsp;<\/div>\n<div>\n<h4 class=\"elementor-heading-title elementor-size-default fusion-responsive-typography-calculated\" data-fontsize=\"32\" data-lineheight=\"32px\"><strong><span style=\"color: #a86c0c\">Servi\u00e7o de Prote\u00e7\u00e3o de Dados do Conselho Superior da&nbsp; Magistratura<\/span><\/strong><\/h4>\n<div>\n<h5>&nbsp;<\/h5>\n<\/div>\n<\/div>\n<p>O Conselho Superior da Magistratura (CSM) \u00e9 respons\u00e1vel pelo tratamento de dados pessoais em diferentes contextos, seja os tratamentos de dados que realiza diretamente no \u00e2mbito da sua atividade enquanto \u00f3rg\u00e3o superior de gest\u00e3o e disciplina da magistratura judicial, seja no exerc\u00edcio de compet\u00eancias espec\u00edficas que lhe est\u00e3o atribu\u00eddas pelo regime jur\u00eddico aplic\u00e1vel ao tratamento de dados no sistema judicial, no \u00e2mbito do funcionamento do sistema de informa\u00e7\u00e3o de suporte \u00e0 atividade dos tribunais.<\/p>\n<p>Perante a multiplicidade de tratamentos de dados \u00e0 sua responsabilidade, alguns dos quais de natureza sens\u00edvel e confidencial, bem como a exig\u00eancia e complexidade dos novos requisitos legais, designadamente, o cumprimento do princ\u00edpio da responsabilidade previsto no RGPD, o CSM deliberou, por unanimidade, em julho de 2023, a cria\u00e7\u00e3o de um Servi\u00e7o da Prote\u00e7\u00e3o de Dados, de modo a obter um apoio dedicado e especializado, que possibilite alcan\u00e7ar um elevado n\u00edvel de conformidade com a legisla\u00e7\u00e3o de prote\u00e7\u00e3o de dados.<\/p>\n<p>A cria\u00e7\u00e3o do Servi\u00e7o da Prote\u00e7\u00e3o de Dados (SPD) \u00e9 demonstrativa da vis\u00e3o sobre a necessidade de capacitar a organiza\u00e7\u00e3o para melhor responder aos desafios que a evolu\u00e7\u00e3o tecnol\u00f3gica vertiginosa coloca diariamente em mat\u00e9ria de prote\u00e7\u00e3o de dados, dotando o CSM de meios e condi\u00e7\u00f5es que lhe permitam melhor garantir o direito fundamental \u00e0 prote\u00e7\u00e3o de dados pessoais.<\/p>\n<p>O SPD \u00e9 atualmente constitu\u00eddo pela Encarregada da prote\u00e7\u00e3o de dados, Clara Vieira Guerra, por uma t\u00e9cnica superior jurista, M\u00e1rcia Faro, e por um t\u00e9cnico de sistemas e tecnologias de informa\u00e7\u00e3o, Filipe Matias.<\/p>\n<h5><strong><span style=\"color: #9e5d08\">CONSULTAR:<\/span><\/strong><\/h5><div><strong><span style=\"color: #9e5d08\"><br><\/span><\/strong><\/div>\n<h6><strong><span style=\"color: #9e5d08\">\u201c<a style=\"color: #9e5d08\" href=\"https:\/\/csm.org.pt\/spd\/\">Servi\u00e7o de Prote\u00e7\u00e3o de Dados do CSM&#8221;<\/a><\/span><\/strong><p><\/p>\n<p><strong><span style=\"color: #9e5d08\">\u201c<a style=\"color: #9e5d08\" href=\"https:\/\/csm.org.pt\/spd\/direitos-dos-titulares\/\">Direitos dos Titulares dos Dados&#8221;<\/a><\/span><\/strong><\/p>\n<p><strong><span style=\"color: #9e5d08\"><a style=\"color: #9e5d08\" href=\"https:\/\/csm.org.pt\/spd\/politica-privacidade\/\">\u201cPol\u00edtica de Privacidade<\/a><a style=\"color: #9e5d08\" href=\"https:\/\/csm.org.pt\/spd\/direitos-dos-titulares\/\">&#8220;<\/a><\/span><\/strong><\/p>\n<p><strong><span style=\"color: #9e5d08\"><a style=\"color: #9e5d08\" href=\"https:\/\/csm.org.pt\/spd\/pareceres-da-epd\/\">\u201cPareceres da Encarregada da Prote\u00e7\u00e3o de Dados (EPD\/DPO)<\/a><a style=\"color: #9e5d08\" href=\"https:\/\/csm.org.pt\/spd\/direitos-dos-titulares\/\">&#8220;<\/a><\/span><\/strong><\/p>\n<p><strong><span style=\"color: #9e5d08\"><a style=\"color: #9e5d08\" href=\"https:\/\/csm.org.pt\/spd\/outros-documentos\/\">\u201cOutros Documentos<\/a><a style=\"color: #9e5d08\" href=\"https:\/\/csm.org.pt\/spd\/direitos-dos-titulares\/\">&#8220;<\/a><\/span><\/strong><\/p>\n<p><strong><span style=\"color: #9e5d08\"><a style=\"color: #9e5d08\" href=\"https:\/\/csm.org.pt\/spd\/outros-documentos\/\">\u201cForma\u00e7\u00e3o<\/a><a style=\"color: #9e5d08\" href=\"https:\/\/csm.org.pt\/spd\/direitos-dos-titulares\/\">&#8220;<\/a><\/span><\/strong><\/p>\n<p><strong><span style=\"color: #9e5d08\"><a style=\"color: #9e5d08\" href=\"https:\/\/csm.org.pt\/spd\/outros-documentos\/\">\u201cLegisla\u00e7\u00e3o e Publica\u00e7\u00f5es<\/a><a style=\"color: #9e5d08\" href=\"https:\/\/csm.org.pt\/spd\/direitos-dos-titulares\/\">&#8220;<\/a><\/span><\/strong><\/p><\/h6>\t\t\t\t\t\t\t\t<\/div>\n\t\t\t\t<\/div>\n\t\t\t\t\t<\/div>\n\t\t\t\t<\/div>\n\t\t\t\t<\/div>\n\t\t","protected":false},"excerpt":{"rendered":"<p>Regulamento Geral de Prote\u00e7\u00e3o de Dados [RGPD] &nbsp; Servi\u00e7o de Prote\u00e7\u00e3o de Dados do Conselho Superior da&nbsp; Magistratura &nbsp; O Conselho Superior da Magistratura (CSM) \u00e9 respons\u00e1vel pelo tratamento de dados pessoais em diferentes contextos, seja os tratamentos de dados que realiza diretamente no \u00e2mbito da sua atividade enquanto \u00f3rg\u00e3o superior de gest\u00e3o e disciplina&#8230;<\/p>\n","protected":false},"author":1,"featured_media":0,"parent":11404,"menu_order":0,"comment_status":"closed","ping_status":"closed","template":"","meta":{"_tbt_post_transparent":"","_tbt_post_title":"","_tbt_post_layout":"","_tbt_post_sidebar_id":"","_tbt_post_content_style":"","_tbt_post_vertical_padding":"","_tbt_post_feature":"","_tbt_post_feature_position":"","_tbt_post_header":false,"_tbt_post_footer":false},"class_list":["post-11359","page","type-page","status-publish","hentry"],"yoast_head":"<!-- This site is optimized with the Yoast SEO plugin v25.6 - https:\/\/yoast.com\/wordpress\/plugins\/seo\/ -->\n<title>RGPD - Tribunal Judicial da Comarca da Guarda<\/title>\n<meta name=\"robots\" content=\"index, follow, max-snippet:-1, max-image-preview:large, max-video-preview:-1\" \/>\n<link rel=\"canonical\" href=\"https:\/\/comarcas.csm.org.pt\/guarda\/cidadao\/rgpd\/\" \/>\n<meta property=\"og:locale\" content=\"pt_PT\" \/>\n<meta property=\"og:type\" content=\"article\" \/>\n<meta property=\"og:title\" content=\"RGPD - Tribunal Judicial da Comarca da Guarda\" \/>\n<meta property=\"og:description\" content=\"Regulamento Geral de Prote\u00e7\u00e3o de Dados [RGPD] &nbsp; Servi\u00e7o de Prote\u00e7\u00e3o de Dados do Conselho Superior da&nbsp; Magistratura &nbsp; O Conselho Superior da Magistratura (CSM) \u00e9 respons\u00e1vel pelo tratamento de dados pessoais em diferentes contextos, seja os tratamentos de dados que realiza diretamente no \u00e2mbito da sua atividade enquanto \u00f3rg\u00e3o superior de gest\u00e3o e disciplina...\" \/>\n<meta property=\"og:url\" content=\"https:\/\/comarcas.csm.org.pt\/guarda\/cidadao\/rgpd\/\" \/>\n<meta property=\"og:site_name\" content=\"Tribunal Judicial da Comarca da Guarda\" \/>\n<meta property=\"article:modified_time\" content=\"2025-11-07T09:24:26+00:00\" \/>\n<meta name=\"twitter:card\" content=\"summary_large_image\" \/>\n<meta name=\"twitter:label1\" content=\"Tempo estimado de leitura\" \/>\n\t<meta name=\"twitter:data1\" content=\"2 minutos\" \/>\n<script type=\"application\/ld+json\" class=\"yoast-schema-graph\">{\"@context\":\"https:\/\/schema.org\",\"@graph\":[{\"@type\":\"WebPage\",\"@id\":\"https:\/\/comarcas.csm.org.pt\/guarda\/cidadao\/rgpd\/\",\"url\":\"https:\/\/comarcas.csm.org.pt\/guarda\/cidadao\/rgpd\/\",\"name\":\"RGPD - Tribunal Judicial da Comarca da Guarda\",\"isPartOf\":{\"@id\":\"https:\/\/comarcas.csm.org.pt\/guarda\/#website\"},\"datePublished\":\"2024-05-22T11:36:09+00:00\",\"dateModified\":\"2025-11-07T09:24:26+00:00\",\"breadcrumb\":{\"@id\":\"https:\/\/comarcas.csm.org.pt\/guarda\/cidadao\/rgpd\/#breadcrumb\"},\"inLanguage\":\"pt-PT\",\"potentialAction\":[{\"@type\":\"ReadAction\",\"target\":[\"https:\/\/comarcas.csm.org.pt\/guarda\/cidadao\/rgpd\/\"]}]},{\"@type\":\"BreadcrumbList\",\"@id\":\"https:\/\/comarcas.csm.org.pt\/guarda\/cidadao\/rgpd\/#breadcrumb\",\"itemListElement\":[{\"@type\":\"ListItem\",\"position\":1,\"name\":\"In\u00edcio\",\"item\":\"https:\/\/comarcas.csm.org.pt\/guarda\/\"},{\"@type\":\"ListItem\",\"position\":2,\"name\":\"Cidad\u00e3o\",\"item\":\"https:\/\/comarcas.csm.org.pt\/guarda\/cidadao\/\"},{\"@type\":\"ListItem\",\"position\":3,\"name\":\"RGPD\"}]},{\"@type\":\"WebSite\",\"@id\":\"https:\/\/comarcas.csm.org.pt\/guarda\/#website\",\"url\":\"https:\/\/comarcas.csm.org.pt\/guarda\/\",\"name\":\"Tribunal Judicial da Comarca da Guarda\",\"description\":\"Tribunal Judicial da Comarca da Guarda\",\"publisher\":{\"@id\":\"https:\/\/comarcas.csm.org.pt\/guarda\/#organization\"},\"potentialAction\":[{\"@type\":\"SearchAction\",\"target\":{\"@type\":\"EntryPoint\",\"urlTemplate\":\"https:\/\/comarcas.csm.org.pt\/guarda\/?s={search_term_string}\"},\"query-input\":{\"@type\":\"PropertyValueSpecification\",\"valueRequired\":true,\"valueName\":\"search_term_string\"}}],\"inLanguage\":\"pt-PT\"},{\"@type\":\"Organization\",\"@id\":\"https:\/\/comarcas.csm.org.pt\/guarda\/#organization\",\"name\":\"Tribunal Judicial da Comarca da Guarda\",\"url\":\"https:\/\/comarcas.csm.org.pt\/guarda\/\",\"logo\":{\"@type\":\"ImageObject\",\"inLanguage\":\"pt-PT\",\"@id\":\"https:\/\/comarcas.csm.org.pt\/guarda\/#\/schema\/logo\/image\/\",\"url\":\"https:\/\/comarcas.csm.org.pt\/guarda\/wp-content\/uploads\/sites\/15\/2025\/04\/cropped-Guarda_positivo-horizontal-2048x551-2-1024x276-1.png\",\"contentUrl\":\"https:\/\/comarcas.csm.org.pt\/guarda\/wp-content\/uploads\/sites\/15\/2025\/04\/cropped-Guarda_positivo-horizontal-2048x551-2-1024x276-1.png\",\"width\":1024,\"height\":276,\"caption\":\"Tribunal Judicial da Comarca da Guarda\"},\"image\":{\"@id\":\"https:\/\/comarcas.csm.org.pt\/guarda\/#\/schema\/logo\/image\/\"}}]}<\/script>\n<!-- \/ Yoast SEO plugin. -->","yoast_head_json":{"title":"RGPD - Tribunal Judicial da Comarca da Guarda","robots":{"index":"index","follow":"follow","max-snippet":"max-snippet:-1","max-image-preview":"max-image-preview:large","max-video-preview":"max-video-preview:-1"},"canonical":"https:\/\/comarcas.csm.org.pt\/guarda\/cidadao\/rgpd\/","og_locale":"pt_PT","og_type":"article","og_title":"RGPD - Tribunal Judicial da Comarca da Guarda","og_description":"Regulamento Geral de Prote\u00e7\u00e3o de Dados [RGPD] &nbsp; Servi\u00e7o de Prote\u00e7\u00e3o de Dados do Conselho Superior da&nbsp; Magistratura &nbsp; O Conselho Superior da Magistratura (CSM) \u00e9 respons\u00e1vel pelo tratamento de dados pessoais em diferentes contextos, seja os tratamentos de dados que realiza diretamente no \u00e2mbito da sua atividade enquanto \u00f3rg\u00e3o superior de gest\u00e3o e disciplina...","og_url":"https:\/\/comarcas.csm.org.pt\/guarda\/cidadao\/rgpd\/","og_site_name":"Tribunal Judicial da Comarca da Guarda","article_modified_time":"2025-11-07T09:24:26+00:00","twitter_card":"summary_large_image","twitter_misc":{"Tempo estimado de leitura":"2 minutos"},"schema":{"@context":"https:\/\/schema.org","@graph":[{"@type":"WebPage","@id":"https:\/\/comarcas.csm.org.pt\/guarda\/cidadao\/rgpd\/","url":"https:\/\/comarcas.csm.org.pt\/guarda\/cidadao\/rgpd\/","name":"RGPD - Tribunal Judicial da Comarca da Guarda","isPartOf":{"@id":"https:\/\/comarcas.csm.org.pt\/guarda\/#website"},"datePublished":"2024-05-22T11:36:09+00:00","dateModified":"2025-11-07T09:24:26+00:00","breadcrumb":{"@id":"https:\/\/comarcas.csm.org.pt\/guarda\/cidadao\/rgpd\/#breadcrumb"},"inLanguage":"pt-PT","potentialAction":[{"@type":"ReadAction","target":["https:\/\/comarcas.csm.org.pt\/guarda\/cidadao\/rgpd\/"]}]},{"@type":"BreadcrumbList","@id":"https:\/\/comarcas.csm.org.pt\/guarda\/cidadao\/rgpd\/#breadcrumb","itemListElement":[{"@type":"ListItem","position":1,"name":"In\u00edcio","item":"https:\/\/comarcas.csm.org.pt\/guarda\/"},{"@type":"ListItem","position":2,"name":"Cidad\u00e3o","item":"https:\/\/comarcas.csm.org.pt\/guarda\/cidadao\/"},{"@type":"ListItem","position":3,"name":"RGPD"}]},{"@type":"WebSite","@id":"https:\/\/comarcas.csm.org.pt\/guarda\/#website","url":"https:\/\/comarcas.csm.org.pt\/guarda\/","name":"Tribunal Judicial da Comarca da Guarda","description":"Tribunal Judicial da Comarca da Guarda","publisher":{"@id":"https:\/\/comarcas.csm.org.pt\/guarda\/#organization"},"potentialAction":[{"@type":"SearchAction","target":{"@type":"EntryPoint","urlTemplate":"https:\/\/comarcas.csm.org.pt\/guarda\/?s={search_term_string}"},"query-input":{"@type":"PropertyValueSpecification","valueRequired":true,"valueName":"search_term_string"}}],"inLanguage":"pt-PT"},{"@type":"Organization","@id":"https:\/\/comarcas.csm.org.pt\/guarda\/#organization","name":"Tribunal Judicial da Comarca da Guarda","url":"https:\/\/comarcas.csm.org.pt\/guarda\/","logo":{"@type":"ImageObject","inLanguage":"pt-PT","@id":"https:\/\/comarcas.csm.org.pt\/guarda\/#\/schema\/logo\/image\/","url":"https:\/\/comarcas.csm.org.pt\/guarda\/wp-content\/uploads\/sites\/15\/2025\/04\/cropped-Guarda_positivo-horizontal-2048x551-2-1024x276-1.png","contentUrl":"https:\/\/comarcas.csm.org.pt\/guarda\/wp-content\/uploads\/sites\/15\/2025\/04\/cropped-Guarda_positivo-horizontal-2048x551-2-1024x276-1.png","width":1024,"height":276,"caption":"Tribunal Judicial da Comarca da Guarda"},"image":{"@id":"https:\/\/comarcas.csm.org.pt\/guarda\/#\/schema\/logo\/image\/"}}]}},"_links":{"self":[{"href":"https:\/\/comarcas.csm.org.pt\/guarda\/wp-json\/wp\/v2\/pages\/11359","targetHints":{"allow":["GET"]}}],"collection":[{"href":"https:\/\/comarcas.csm.org.pt\/guarda\/wp-json\/wp\/v2\/pages"}],"about":[{"href":"https:\/\/comarcas.csm.org.pt\/guarda\/wp-json\/wp\/v2\/types\/page"}],"author":[{"embeddable":true,"href":"https:\/\/comarcas.csm.org.pt\/guarda\/wp-json\/wp\/v2\/users\/1"}],"replies":[{"embeddable":true,"href":"https:\/\/comarcas.csm.org.pt\/guarda\/wp-json\/wp\/v2\/comments?post=11359"}],"version-history":[{"count":25,"href":"https:\/\/comarcas.csm.org.pt\/guarda\/wp-json\/wp\/v2\/pages\/11359\/revisions"}],"predecessor-version":[{"id":13487,"href":"https:\/\/comarcas.csm.org.pt\/guarda\/wp-json\/wp\/v2\/pages\/11359\/revisions\/13487"}],"up":[{"embeddable":true,"href":"https:\/\/comarcas.csm.org.pt\/guarda\/wp-json\/wp\/v2\/pages\/11404"}],"wp:attachment":[{"href":"https:\/\/comarcas.csm.org.pt\/guarda\/wp-json\/wp\/v2\/media?parent=11359"}],"curies":[{"name":"wp","href":"https:\/\/api.w.org\/{rel}","templated":true}]}}