{"id":11410,"date":"2024-05-22T12:51:42","date_gmt":"2024-05-22T12:51:42","guid":{"rendered":"https:\/\/aveiro.vvr.pt\/?page_id=11410"},"modified":"2025-06-20T09:35:32","modified_gmt":"2025-06-20T09:35:32","slug":"faq","status":"publish","type":"page","link":"https:\/\/comarcas.csm.org.pt\/guarda\/cidadao\/faq\/","title":{"rendered":"FAQ"},"content":{"rendered":"\t\t<div data-elementor-type=\"wp-page\" data-elementor-id=\"11410\" class=\"elementor elementor-11410\" data-elementor-post-type=\"page\">\n\t\t\t\t<div class=\"elementor-element elementor-element-a8a7978 e-flex e-con-boxed e-con e-parent\" data-id=\"a8a7978\" data-element_type=\"container\">\n\t\t\t\t\t<div class=\"e-con-inner\">\n\t\t\t\t<div class=\"elementor-element elementor-element-7aad74f elementor-widget elementor-widget-accordion\" data-id=\"7aad74f\" data-element_type=\"widget\" data-widget_type=\"accordion.default\">\n\t\t\t\t<div class=\"elementor-widget-container\">\n\t\t\t\t\t\t\t<div class=\"elementor-accordion\">\n\t\t\t\t\t\t\t<div class=\"elementor-accordion-item\">\n\t\t\t\t\t<div id=\"elementor-tab-title-1281\" class=\"elementor-tab-title\" data-tab=\"1\" role=\"button\" aria-controls=\"elementor-tab-content-1281\" aria-expanded=\"false\">\n\t\t\t\t\t\t\t\t\t\t\t\t\t<span class=\"elementor-accordion-icon elementor-accordion-icon-left\" aria-hidden=\"true\">\n\t\t\t\t\t\t\t\t\t\t\t\t\t\t\t<span class=\"elementor-accordion-icon-closed\"><svg class=\"e-font-icon-svg e-fas-plus\" viewBox=\"0 0 448 512\" xmlns=\"http:\/\/www.w3.org\/2000\/svg\"><path d=\"M416 208H272V64c0-17.67-14.33-32-32-32h-32c-17.67 0-32 14.33-32 32v144H32c-17.67 0-32 14.33-32 32v32c0 17.67 14.33 32 32 32h144v144c0 17.67 14.33 32 32 32h32c17.67 0 32-14.33 32-32V304h144c17.67 0 32-14.33 32-32v-32c0-17.67-14.33-32-32-32z\"><\/path><\/svg><\/span>\n\t\t\t\t\t\t\t\t<span class=\"elementor-accordion-icon-opened\"><svg class=\"e-font-icon-svg e-fas-minus\" viewBox=\"0 0 448 512\" xmlns=\"http:\/\/www.w3.org\/2000\/svg\"><path d=\"M416 208H32c-17.67 0-32 14.33-32 32v32c0 17.67 14.33 32 32 32h384c17.67 0 32-14.33 32-32v-32c0-17.67-14.33-32-32-32z\"><\/path><\/svg><\/span>\n\t\t\t\t\t\t\t\t\t\t\t\t\t\t<\/span>\n\t\t\t\t\t\t\t\t\t\t\t\t<a class=\"elementor-accordion-title\" tabindex=\"0\">Qual o hor\u00e1rio de funcionamento do Tribunal Judicial da Comarca da Guarda?<\/a>\n\t\t\t\t\t<\/div>\n\t\t\t\t\t<div id=\"elementor-tab-content-1281\" class=\"elementor-tab-content elementor-clearfix\" data-tab=\"1\" role=\"region\" aria-labelledby=\"elementor-tab-title-1281\"><p><span style=\"letter-spacing: 0.3px\">O hor\u00e1rio de funcionamento de todos os N\u00facleos do Tribunal Judicial da Comarca da Guarda \u00e9 de segunda a sexta-feira, das 9h00 \u00e0s 17h00, excetuando nos dias de feriado nacional ou municipal, com interrup\u00e7\u00e3o para o almo\u00e7o entre 12h30 e 13h30.<\/span><br style=\"letter-spacing: 0.3px\" \/><span style=\"letter-spacing: 0.3px\">As secretarias encerram ao p\u00fablico pelas 16h00.<\/span><br style=\"letter-spacing: 0.3px\" \/><span style=\"letter-spacing: 0.3px\">Os Tribunais de Turno operam aos s\u00e1bados, nos feriados que recaiam em segunda-feira ou no segundo dia feriado, em caso de feriados consecutivos,\u00a0<\/span><span style=\"letter-spacing: 0.3px;background-color: transparent\">entre as 9h00 e as 13h00.<\/span><\/p><\/div>\n\t\t\t\t<\/div>\n\t\t\t\t\t\t\t<div class=\"elementor-accordion-item\">\n\t\t\t\t\t<div id=\"elementor-tab-title-1282\" class=\"elementor-tab-title\" data-tab=\"2\" role=\"button\" aria-controls=\"elementor-tab-content-1282\" aria-expanded=\"false\">\n\t\t\t\t\t\t\t\t\t\t\t\t\t<span class=\"elementor-accordion-icon elementor-accordion-icon-left\" aria-hidden=\"true\">\n\t\t\t\t\t\t\t\t\t\t\t\t\t\t\t<span class=\"elementor-accordion-icon-closed\"><svg class=\"e-font-icon-svg e-fas-plus\" viewBox=\"0 0 448 512\" xmlns=\"http:\/\/www.w3.org\/2000\/svg\"><path d=\"M416 208H272V64c0-17.67-14.33-32-32-32h-32c-17.67 0-32 14.33-32 32v144H32c-17.67 0-32 14.33-32 32v32c0 17.67 14.33 32 32 32h144v144c0 17.67 14.33 32 32 32h32c17.67 0 32-14.33 32-32V304h144c17.67 0 32-14.33 32-32v-32c0-17.67-14.33-32-32-32z\"><\/path><\/svg><\/span>\n\t\t\t\t\t\t\t\t<span class=\"elementor-accordion-icon-opened\"><svg class=\"e-font-icon-svg e-fas-minus\" viewBox=\"0 0 448 512\" xmlns=\"http:\/\/www.w3.org\/2000\/svg\"><path d=\"M416 208H32c-17.67 0-32 14.33-32 32v32c0 17.67 14.33 32 32 32h384c17.67 0 32-14.33 32-32v-32c0-17.67-14.33-32-32-32z\"><\/path><\/svg><\/span>\n\t\t\t\t\t\t\t\t\t\t\t\t\t\t<\/span>\n\t\t\t\t\t\t\t\t\t\t\t\t<a class=\"elementor-accordion-title\" tabindex=\"0\">Como posso consultar o estado de um processo no Tribunal Judicial da Comarca da Guarda?<\/a>\n\t\t\t\t\t<\/div>\n\t\t\t\t\t<div id=\"elementor-tab-content-1282\" class=\"elementor-tab-content elementor-clearfix\" data-tab=\"2\" role=\"region\" aria-labelledby=\"elementor-tab-title-1282\"><p><span style=\"letter-spacing: 0.3px\">O estado de um processo pode ser consultado atrav\u00e9s do\u00a0<\/span><a style=\"background-color: #ffffff;color: #161616;letter-spacing: 0.3px\" href=\"https:\/\/www.citius.mj.pt\/portal\/default.aspx\" target=\"_blank\" rel=\"noopener\"><strong data-start=\"799\" data-end=\"814\">site Citius<\/strong><\/a><span style=\"letter-spacing: 0.3px\">, utilizando o n\u00famero do processo e outros dados de identifica\u00e7\u00e3o.<\/span><br style=\"letter-spacing: 0.3px\" \/><span style=\"letter-spacing: 0.3px\">Caso o processo n\u00e3o esteja dispon\u00edvel online, \u00e9 poss\u00edvel consultar diretamente na Secretaria do Tribunal.<\/span><\/p><\/div>\n\t\t\t\t<\/div>\n\t\t\t\t\t\t\t<div class=\"elementor-accordion-item\">\n\t\t\t\t\t<div id=\"elementor-tab-title-1283\" class=\"elementor-tab-title\" data-tab=\"3\" role=\"button\" aria-controls=\"elementor-tab-content-1283\" aria-expanded=\"false\">\n\t\t\t\t\t\t\t\t\t\t\t\t\t<span class=\"elementor-accordion-icon elementor-accordion-icon-left\" aria-hidden=\"true\">\n\t\t\t\t\t\t\t\t\t\t\t\t\t\t\t<span class=\"elementor-accordion-icon-closed\"><svg class=\"e-font-icon-svg e-fas-plus\" viewBox=\"0 0 448 512\" xmlns=\"http:\/\/www.w3.org\/2000\/svg\"><path d=\"M416 208H272V64c0-17.67-14.33-32-32-32h-32c-17.67 0-32 14.33-32 32v144H32c-17.67 0-32 14.33-32 32v32c0 17.67 14.33 32 32 32h144v144c0 17.67 14.33 32 32 32h32c17.67 0 32-14.33 32-32V304h144c17.67 0 32-14.33 32-32v-32c0-17.67-14.33-32-32-32z\"><\/path><\/svg><\/span>\n\t\t\t\t\t\t\t\t<span class=\"elementor-accordion-icon-opened\"><svg class=\"e-font-icon-svg e-fas-minus\" viewBox=\"0 0 448 512\" xmlns=\"http:\/\/www.w3.org\/2000\/svg\"><path d=\"M416 208H32c-17.67 0-32 14.33-32 32v32c0 17.67 14.33 32 32 32h384c17.67 0 32-14.33 32-32v-32c0-17.67-14.33-32-32-32z\"><\/path><\/svg><\/span>\n\t\t\t\t\t\t\t\t\t\t\t\t\t\t<\/span>\n\t\t\t\t\t\t\t\t\t\t\t\t<a class=\"elementor-accordion-title\" tabindex=\"0\">Onde ficam localizados os Ju\u00edzos do Tribunal Judicial da Comarca da Guarda?<\/a>\n\t\t\t\t\t<\/div>\n\t\t\t\t\t<div id=\"elementor-tab-content-1283\" class=\"elementor-tab-content elementor-clearfix\" data-tab=\"3\" role=\"region\" aria-labelledby=\"elementor-tab-title-1283\"><p><span style=\"letter-spacing: 0.3px\">A sede do Tribunal Judicial da Comarca da Guarda, \u00e9 no Pal\u00e1cio da Justi\u00e7a da Guarda, sito na Avenida Coronel Orlindo de Carvalho, na Guarda.<\/span><br style=\"letter-spacing: 0.3px\" \/><span style=\"letter-spacing: 0.3px\">As localiza\u00e7\u00f5es dos N\u00facleos\/Ju\u00edzos e edif\u00edcios que constituem a Comarca da Guarda, podem ser consultadas no separador \u201cA Comarca\u201d menu \u201c<\/span><a style=\"background-color: #ffffff;color: #161616;letter-spacing: 0.3px\" href=\"https:\/\/comarcas.csm.org.pt\/guarda\/acomarca\/juizos\/\"><strong>Ju\u00edzos<\/strong><\/a><span style=\"letter-spacing: 0.3px\">\u201d\u00a0\u00a0<\/span><\/p><\/div>\n\t\t\t\t<\/div>\n\t\t\t\t\t\t\t<div class=\"elementor-accordion-item\">\n\t\t\t\t\t<div id=\"elementor-tab-title-1284\" class=\"elementor-tab-title\" data-tab=\"4\" role=\"button\" aria-controls=\"elementor-tab-content-1284\" aria-expanded=\"false\">\n\t\t\t\t\t\t\t\t\t\t\t\t\t<span class=\"elementor-accordion-icon elementor-accordion-icon-left\" aria-hidden=\"true\">\n\t\t\t\t\t\t\t\t\t\t\t\t\t\t\t<span class=\"elementor-accordion-icon-closed\"><svg class=\"e-font-icon-svg e-fas-plus\" viewBox=\"0 0 448 512\" xmlns=\"http:\/\/www.w3.org\/2000\/svg\"><path d=\"M416 208H272V64c0-17.67-14.33-32-32-32h-32c-17.67 0-32 14.33-32 32v144H32c-17.67 0-32 14.33-32 32v32c0 17.67 14.33 32 32 32h144v144c0 17.67 14.33 32 32 32h32c17.67 0 32-14.33 32-32V304h144c17.67 0 32-14.33 32-32v-32c0-17.67-14.33-32-32-32z\"><\/path><\/svg><\/span>\n\t\t\t\t\t\t\t\t<span class=\"elementor-accordion-icon-opened\"><svg class=\"e-font-icon-svg e-fas-minus\" viewBox=\"0 0 448 512\" xmlns=\"http:\/\/www.w3.org\/2000\/svg\"><path d=\"M416 208H32c-17.67 0-32 14.33-32 32v32c0 17.67 14.33 32 32 32h384c17.67 0 32-14.33 32-32v-32c0-17.67-14.33-32-32-32z\"><\/path><\/svg><\/span>\n\t\t\t\t\t\t\t\t\t\t\t\t\t\t<\/span>\n\t\t\t\t\t\t\t\t\t\t\t\t<a class=\"elementor-accordion-title\" tabindex=\"0\">Posso acompanhar uma audi\u00eancia em qualquer Ju\u00edzo da Comarca da Guarda?<\/a>\n\t\t\t\t\t<\/div>\n\t\t\t\t\t<div id=\"elementor-tab-content-1284\" class=\"elementor-tab-content elementor-clearfix\" data-tab=\"4\" role=\"region\" aria-labelledby=\"elementor-tab-title-1284\"><p><span style=\"letter-spacing: 0.3px\">As audi\u00eancias s\u00e3o, na sua maioria, p\u00fablicas, salvo em casos onde o Tribunal decida, por motivos de ordem p\u00fablica ou prote\u00e7\u00e3o de direitos, torn\u00e1-las privadas.<\/span><br style=\"letter-spacing: 0.3px\" \/><span style=\"letter-spacing: 0.3px\">\u00c9 necess\u00e1rio verificar com anteced\u00eancia a data e a hora da audi\u00eancia.<\/span><\/p><\/div>\n\t\t\t\t<\/div>\n\t\t\t\t\t\t\t<div class=\"elementor-accordion-item\">\n\t\t\t\t\t<div id=\"elementor-tab-title-1285\" class=\"elementor-tab-title\" data-tab=\"5\" role=\"button\" aria-controls=\"elementor-tab-content-1285\" aria-expanded=\"false\">\n\t\t\t\t\t\t\t\t\t\t\t\t\t<span class=\"elementor-accordion-icon elementor-accordion-icon-left\" aria-hidden=\"true\">\n\t\t\t\t\t\t\t\t\t\t\t\t\t\t\t<span class=\"elementor-accordion-icon-closed\"><svg class=\"e-font-icon-svg e-fas-plus\" viewBox=\"0 0 448 512\" xmlns=\"http:\/\/www.w3.org\/2000\/svg\"><path d=\"M416 208H272V64c0-17.67-14.33-32-32-32h-32c-17.67 0-32 14.33-32 32v144H32c-17.67 0-32 14.33-32 32v32c0 17.67 14.33 32 32 32h144v144c0 17.67 14.33 32 32 32h32c17.67 0 32-14.33 32-32V304h144c17.67 0 32-14.33 32-32v-32c0-17.67-14.33-32-32-32z\"><\/path><\/svg><\/span>\n\t\t\t\t\t\t\t\t<span class=\"elementor-accordion-icon-opened\"><svg class=\"e-font-icon-svg e-fas-minus\" viewBox=\"0 0 448 512\" xmlns=\"http:\/\/www.w3.org\/2000\/svg\"><path d=\"M416 208H32c-17.67 0-32 14.33-32 32v32c0 17.67 14.33 32 32 32h384c17.67 0 32-14.33 32-32v-32c0-17.67-14.33-32-32-32z\"><\/path><\/svg><\/span>\n\t\t\t\t\t\t\t\t\t\t\t\t\t\t<\/span>\n\t\t\t\t\t\t\t\t\t\t\t\t<a class=\"elementor-accordion-title\" tabindex=\"0\">Quais s\u00e3o os requisitos para interpor uma a\u00e7\u00e3o judicial?<\/a>\n\t\t\t\t\t<\/div>\n\t\t\t\t\t<div id=\"elementor-tab-content-1285\" class=\"elementor-tab-content elementor-clearfix\" data-tab=\"5\" role=\"region\" aria-labelledby=\"elementor-tab-title-1285\"><p><span style=\"letter-spacing: 0.3px\">Para intentar com uma a\u00e7\u00e3o judicial, \u00e9 necess\u00e1rio elaborar a peti\u00e7\u00e3o de forma adequada e apresent\u00e1-lo no Tribunal.<\/span><br style=\"letter-spacing: 0.3px\" \/><span style=\"letter-spacing: 0.3px\">O(a) Requerente(a) deve ter capacidade jur\u00eddica e o processo deve ser fundamentado em uma base legal clara. Aconselha-se o acompanhamento de um Advogado(a)\/Solicitador(a) para garantir um acompanhamentos jur\u00eddico.<\/span><\/p><\/div>\n\t\t\t\t<\/div>\n\t\t\t\t\t\t\t<div class=\"elementor-accordion-item\">\n\t\t\t\t\t<div id=\"elementor-tab-title-1286\" class=\"elementor-tab-title\" data-tab=\"6\" role=\"button\" aria-controls=\"elementor-tab-content-1286\" aria-expanded=\"false\">\n\t\t\t\t\t\t\t\t\t\t\t\t\t<span class=\"elementor-accordion-icon elementor-accordion-icon-left\" aria-hidden=\"true\">\n\t\t\t\t\t\t\t\t\t\t\t\t\t\t\t<span class=\"elementor-accordion-icon-closed\"><svg class=\"e-font-icon-svg e-fas-plus\" viewBox=\"0 0 448 512\" xmlns=\"http:\/\/www.w3.org\/2000\/svg\"><path d=\"M416 208H272V64c0-17.67-14.33-32-32-32h-32c-17.67 0-32 14.33-32 32v144H32c-17.67 0-32 14.33-32 32v32c0 17.67 14.33 32 32 32h144v144c0 17.67 14.33 32 32 32h32c17.67 0 32-14.33 32-32V304h144c17.67 0 32-14.33 32-32v-32c0-17.67-14.33-32-32-32z\"><\/path><\/svg><\/span>\n\t\t\t\t\t\t\t\t<span class=\"elementor-accordion-icon-opened\"><svg class=\"e-font-icon-svg e-fas-minus\" viewBox=\"0 0 448 512\" xmlns=\"http:\/\/www.w3.org\/2000\/svg\"><path d=\"M416 208H32c-17.67 0-32 14.33-32 32v32c0 17.67 14.33 32 32 32h384c17.67 0 32-14.33 32-32v-32c0-17.67-14.33-32-32-32z\"><\/path><\/svg><\/span>\n\t\t\t\t\t\t\t\t\t\t\t\t\t\t<\/span>\n\t\t\t\t\t\t\t\t\t\t\t\t<a class=\"elementor-accordion-title\" tabindex=\"0\">O que devo fazer caso n\u00e3o possa comparecer a dilig\u00eancia para a qual fui convocado?<\/a>\n\t\t\t\t\t<\/div>\n\t\t\t\t\t<div id=\"elementor-tab-content-1286\" class=\"elementor-tab-content elementor-clearfix\" data-tab=\"6\" role=\"region\" aria-labelledby=\"elementor-tab-title-1286\"><p><span style=\"letter-spacing: 0.3px\">A aus\u00eancia injustificada a dilig\u00eancia para a qual foi convocado pode resultar em san\u00e7\u00f5es, dependendo do tipo de ato e da qualidade do interveniente, desde logo a possibilidade da sua condena\u00e7\u00e3o em multa, podendo ainda ser ordenada a sua deten\u00e7\u00e3o para condu\u00e7\u00e3o ao Tribunal, bem como a perda de direitos processuais ou a continuidade do processo sem a sua presen\u00e7a.<\/span><br style=\"letter-spacing: 0.3px\"><span style=\"letter-spacing: 0.3px\">Caso n\u00e3o possa comparecer, \u00e9 fundamental avisar o Tribunal com anteced\u00eancia e justificar o motivo da aus\u00eancia.<\/span><\/p><\/div>\n\t\t\t\t<\/div>\n\t\t\t\t\t\t\t\t<\/div>\n\t\t\t\t\t\t<\/div>\n\t\t\t\t<\/div>\n\t\t\t\t\t<\/div>\n\t\t\t\t<\/div>\n\t\t\t\t<\/div>\n\t\t","protected":false},"excerpt":{"rendered":"<p>Qual o hor\u00e1rio de funcionamento do Tribunal Judicial da Comarca da Guarda? O hor\u00e1rio de funcionamento de todos os N\u00facleos do Tribunal Judicial da Comarca da Guarda \u00e9 de segunda a sexta-feira, das 9h00 \u00e0s 17h00, excetuando nos dias de feriado nacional ou municipal, com interrup\u00e7\u00e3o para o almo\u00e7o entre 12h30 e 13h30.As secretarias encerram&#8230;<\/p>\n","protected":false},"author":1,"featured_media":0,"parent":11404,"menu_order":0,"comment_status":"closed","ping_status":"closed","template":"","meta":{"_tbt_post_transparent":"","_tbt_post_title":"","_tbt_post_layout":"default","_tbt_post_sidebar_id":"","_tbt_post_content_style":"","_tbt_post_vertical_padding":"","_tbt_post_feature":"","_tbt_post_feature_position":"","_tbt_post_header":false,"_tbt_post_footer":false},"class_list":["post-11410","page","type-page","status-publish","hentry"],"yoast_head":"<!-- This site is optimized with the Yoast SEO plugin v25.6 - https:\/\/yoast.com\/wordpress\/plugins\/seo\/ -->\n<title>FAQ - Tribunal Judicial da Comarca da Guarda<\/title>\n<meta name=\"robots\" content=\"index, follow, max-snippet:-1, max-image-preview:large, max-video-preview:-1\" \/>\n<link rel=\"canonical\" href=\"https:\/\/comarcas.csm.org.pt\/guarda\/cidadao\/faq\/\" \/>\n<meta property=\"og:locale\" content=\"pt_PT\" \/>\n<meta property=\"og:type\" content=\"article\" \/>\n<meta property=\"og:title\" content=\"FAQ - Tribunal Judicial da Comarca da Guarda\" \/>\n<meta property=\"og:description\" content=\"Qual o hor\u00e1rio de funcionamento do Tribunal Judicial da Comarca da Guarda? O hor\u00e1rio de funcionamento de todos os N\u00facleos do Tribunal Judicial da Comarca da Guarda \u00e9 de segunda a sexta-feira, das 9h00 \u00e0s 17h00, excetuando nos dias de feriado nacional ou municipal, com interrup\u00e7\u00e3o para o almo\u00e7o entre 12h30 e 13h30.As secretarias encerram...\" \/>\n<meta property=\"og:url\" content=\"https:\/\/comarcas.csm.org.pt\/guarda\/cidadao\/faq\/\" \/>\n<meta property=\"og:site_name\" content=\"Tribunal Judicial da Comarca da Guarda\" \/>\n<meta property=\"article:modified_time\" content=\"2025-06-20T09:35:32+00:00\" \/>\n<meta name=\"twitter:card\" content=\"summary_large_image\" \/>\n<meta name=\"twitter:label1\" content=\"Tempo estimado de leitura\" \/>\n\t<meta name=\"twitter:data1\" content=\"3 minutos\" \/>\n<script type=\"application\/ld+json\" class=\"yoast-schema-graph\">{\"@context\":\"https:\/\/schema.org\",\"@graph\":[{\"@type\":\"WebPage\",\"@id\":\"https:\/\/comarcas.csm.org.pt\/guarda\/cidadao\/faq\/\",\"url\":\"https:\/\/comarcas.csm.org.pt\/guarda\/cidadao\/faq\/\",\"name\":\"FAQ - Tribunal Judicial da Comarca da Guarda\",\"isPartOf\":{\"@id\":\"https:\/\/comarcas.csm.org.pt\/guarda\/#website\"},\"datePublished\":\"2024-05-22T12:51:42+00:00\",\"dateModified\":\"2025-06-20T09:35:32+00:00\",\"breadcrumb\":{\"@id\":\"https:\/\/comarcas.csm.org.pt\/guarda\/cidadao\/faq\/#breadcrumb\"},\"inLanguage\":\"pt-PT\",\"potentialAction\":[{\"@type\":\"ReadAction\",\"target\":[\"https:\/\/comarcas.csm.org.pt\/guarda\/cidadao\/faq\/\"]}]},{\"@type\":\"BreadcrumbList\",\"@id\":\"https:\/\/comarcas.csm.org.pt\/guarda\/cidadao\/faq\/#breadcrumb\",\"itemListElement\":[{\"@type\":\"ListItem\",\"position\":1,\"name\":\"In\u00edcio\",\"item\":\"https:\/\/comarcas.csm.org.pt\/guarda\/\"},{\"@type\":\"ListItem\",\"position\":2,\"name\":\"Cidad\u00e3o\",\"item\":\"https:\/\/comarcas.csm.org.pt\/guarda\/cidadao\/\"},{\"@type\":\"ListItem\",\"position\":3,\"name\":\"FAQ\"}]},{\"@type\":\"WebSite\",\"@id\":\"https:\/\/comarcas.csm.org.pt\/guarda\/#website\",\"url\":\"https:\/\/comarcas.csm.org.pt\/guarda\/\",\"name\":\"Tribunal Judicial da Comarca da Guarda\",\"description\":\"Tribunal Judicial da Comarca da Guarda\",\"publisher\":{\"@id\":\"https:\/\/comarcas.csm.org.pt\/guarda\/#organization\"},\"potentialAction\":[{\"@type\":\"SearchAction\",\"target\":{\"@type\":\"EntryPoint\",\"urlTemplate\":\"https:\/\/comarcas.csm.org.pt\/guarda\/?s={search_term_string}\"},\"query-input\":{\"@type\":\"PropertyValueSpecification\",\"valueRequired\":true,\"valueName\":\"search_term_string\"}}],\"inLanguage\":\"pt-PT\"},{\"@type\":\"Organization\",\"@id\":\"https:\/\/comarcas.csm.org.pt\/guarda\/#organization\",\"name\":\"Tribunal Judicial da Comarca da Guarda\",\"url\":\"https:\/\/comarcas.csm.org.pt\/guarda\/\",\"logo\":{\"@type\":\"ImageObject\",\"inLanguage\":\"pt-PT\",\"@id\":\"https:\/\/comarcas.csm.org.pt\/guarda\/#\/schema\/logo\/image\/\",\"url\":\"https:\/\/comarcas.csm.org.pt\/guarda\/wp-content\/uploads\/sites\/15\/2025\/04\/cropped-Guarda_positivo-horizontal-2048x551-2-1024x276-1.png\",\"contentUrl\":\"https:\/\/comarcas.csm.org.pt\/guarda\/wp-content\/uploads\/sites\/15\/2025\/04\/cropped-Guarda_positivo-horizontal-2048x551-2-1024x276-1.png\",\"width\":1024,\"height\":276,\"caption\":\"Tribunal Judicial da Comarca da Guarda\"},\"image\":{\"@id\":\"https:\/\/comarcas.csm.org.pt\/guarda\/#\/schema\/logo\/image\/\"}}]}<\/script>\n<!-- \/ Yoast SEO plugin. -->","yoast_head_json":{"title":"FAQ - Tribunal Judicial da Comarca da Guarda","robots":{"index":"index","follow":"follow","max-snippet":"max-snippet:-1","max-image-preview":"max-image-preview:large","max-video-preview":"max-video-preview:-1"},"canonical":"https:\/\/comarcas.csm.org.pt\/guarda\/cidadao\/faq\/","og_locale":"pt_PT","og_type":"article","og_title":"FAQ - Tribunal Judicial da Comarca da Guarda","og_description":"Qual o hor\u00e1rio de funcionamento do Tribunal Judicial da Comarca da Guarda? O hor\u00e1rio de funcionamento de todos os N\u00facleos do Tribunal Judicial da Comarca da Guarda \u00e9 de segunda a sexta-feira, das 9h00 \u00e0s 17h00, excetuando nos dias de feriado nacional ou municipal, com interrup\u00e7\u00e3o para o almo\u00e7o entre 12h30 e 13h30.As secretarias encerram...","og_url":"https:\/\/comarcas.csm.org.pt\/guarda\/cidadao\/faq\/","og_site_name":"Tribunal Judicial da Comarca da Guarda","article_modified_time":"2025-06-20T09:35:32+00:00","twitter_card":"summary_large_image","twitter_misc":{"Tempo estimado de leitura":"3 minutos"},"schema":{"@context":"https:\/\/schema.org","@graph":[{"@type":"WebPage","@id":"https:\/\/comarcas.csm.org.pt\/guarda\/cidadao\/faq\/","url":"https:\/\/comarcas.csm.org.pt\/guarda\/cidadao\/faq\/","name":"FAQ - Tribunal Judicial da Comarca da Guarda","isPartOf":{"@id":"https:\/\/comarcas.csm.org.pt\/guarda\/#website"},"datePublished":"2024-05-22T12:51:42+00:00","dateModified":"2025-06-20T09:35:32+00:00","breadcrumb":{"@id":"https:\/\/comarcas.csm.org.pt\/guarda\/cidadao\/faq\/#breadcrumb"},"inLanguage":"pt-PT","potentialAction":[{"@type":"ReadAction","target":["https:\/\/comarcas.csm.org.pt\/guarda\/cidadao\/faq\/"]}]},{"@type":"BreadcrumbList","@id":"https:\/\/comarcas.csm.org.pt\/guarda\/cidadao\/faq\/#breadcrumb","itemListElement":[{"@type":"ListItem","position":1,"name":"In\u00edcio","item":"https:\/\/comarcas.csm.org.pt\/guarda\/"},{"@type":"ListItem","position":2,"name":"Cidad\u00e3o","item":"https:\/\/comarcas.csm.org.pt\/guarda\/cidadao\/"},{"@type":"ListItem","position":3,"name":"FAQ"}]},{"@type":"WebSite","@id":"https:\/\/comarcas.csm.org.pt\/guarda\/#website","url":"https:\/\/comarcas.csm.org.pt\/guarda\/","name":"Tribunal Judicial da Comarca da Guarda","description":"Tribunal Judicial da Comarca da Guarda","publisher":{"@id":"https:\/\/comarcas.csm.org.pt\/guarda\/#organization"},"potentialAction":[{"@type":"SearchAction","target":{"@type":"EntryPoint","urlTemplate":"https:\/\/comarcas.csm.org.pt\/guarda\/?s={search_term_string}"},"query-input":{"@type":"PropertyValueSpecification","valueRequired":true,"valueName":"search_term_string"}}],"inLanguage":"pt-PT"},{"@type":"Organization","@id":"https:\/\/comarcas.csm.org.pt\/guarda\/#organization","name":"Tribunal Judicial da Comarca da Guarda","url":"https:\/\/comarcas.csm.org.pt\/guarda\/","logo":{"@type":"ImageObject","inLanguage":"pt-PT","@id":"https:\/\/comarcas.csm.org.pt\/guarda\/#\/schema\/logo\/image\/","url":"https:\/\/comarcas.csm.org.pt\/guarda\/wp-content\/uploads\/sites\/15\/2025\/04\/cropped-Guarda_positivo-horizontal-2048x551-2-1024x276-1.png","contentUrl":"https:\/\/comarcas.csm.org.pt\/guarda\/wp-content\/uploads\/sites\/15\/2025\/04\/cropped-Guarda_positivo-horizontal-2048x551-2-1024x276-1.png","width":1024,"height":276,"caption":"Tribunal Judicial da Comarca da Guarda"},"image":{"@id":"https:\/\/comarcas.csm.org.pt\/guarda\/#\/schema\/logo\/image\/"}}]}},"_links":{"self":[{"href":"https:\/\/comarcas.csm.org.pt\/guarda\/wp-json\/wp\/v2\/pages\/11410","targetHints":{"allow":["GET"]}}],"collection":[{"href":"https:\/\/comarcas.csm.org.pt\/guarda\/wp-json\/wp\/v2\/pages"}],"about":[{"href":"https:\/\/comarcas.csm.org.pt\/guarda\/wp-json\/wp\/v2\/types\/page"}],"author":[{"embeddable":true,"href":"https:\/\/comarcas.csm.org.pt\/guarda\/wp-json\/wp\/v2\/users\/1"}],"replies":[{"embeddable":true,"href":"https:\/\/comarcas.csm.org.pt\/guarda\/wp-json\/wp\/v2\/comments?post=11410"}],"version-history":[{"count":13,"href":"https:\/\/comarcas.csm.org.pt\/guarda\/wp-json\/wp\/v2\/pages\/11410\/revisions"}],"predecessor-version":[{"id":13199,"href":"https:\/\/comarcas.csm.org.pt\/guarda\/wp-json\/wp\/v2\/pages\/11410\/revisions\/13199"}],"up":[{"embeddable":true,"href":"https:\/\/comarcas.csm.org.pt\/guarda\/wp-json\/wp\/v2\/pages\/11404"}],"wp:attachment":[{"href":"https:\/\/comarcas.csm.org.pt\/guarda\/wp-json\/wp\/v2\/media?parent=11410"}],"curies":[{"name":"wp","href":"https:\/\/api.w.org\/{rel}","templated":true}]}}