{"id":12268,"date":"2025-04-11T13:01:40","date_gmt":"2025-04-11T13:01:40","guid":{"rendered":"https:\/\/comarcas.csm.org.pt\/guarda\/?page_id=12268"},"modified":"2025-05-28T09:47:02","modified_gmt":"2025-05-28T09:47:02","slug":"juizo-de-competencia-generica-de-gouveia","status":"publish","type":"page","link":"https:\/\/comarcas.csm.org.pt\/guarda\/acomarca\/juizos\/juizo-de-competencia-generica-de-gouveia\/","title":{"rendered":"Ju\u00edzo de Compet\u00eancia Gen\u00e9rica de Gouveia"},"content":{"rendered":"\t\t<div data-elementor-type=\"wp-page\" data-elementor-id=\"12268\" class=\"elementor elementor-12268\" data-elementor-post-type=\"page\">\n\t\t\t\t<div class=\"elementor-element elementor-element-2e3578fe e-flex e-con-boxed e-con e-parent\" data-id=\"2e3578fe\" data-element_type=\"container\">\n\t\t\t\t\t<div class=\"e-con-inner\">\n\t\t<div class=\"elementor-element elementor-element-70cd5de3 e-con-full e-flex e-con e-child\" data-id=\"70cd5de3\" data-element_type=\"container\">\n\t\t\t\t<div class=\"elementor-element elementor-element-706a1ea5 elementor-widget elementor-widget-heading\" data-id=\"706a1ea5\" data-element_type=\"widget\" data-widget_type=\"heading.default\">\n\t\t\t\t<div class=\"elementor-widget-container\">\n\t\t\t\t\t<h4 class=\"elementor-heading-title elementor-size-default\">Ju\u00edzo de Compet\u00eancia Gen\u00e9rica de Gouveia<\/h4>\t\t\t\t<\/div>\n\t\t\t\t<\/div>\n\t\t\t\t<\/div>\n\t\t<div class=\"elementor-element elementor-element-6db7b224 e-con-full e-flex e-con e-child\" data-id=\"6db7b224\" data-element_type=\"container\">\n\t\t\t\t<div class=\"elementor-element elementor-element-66cd31b4 elementor-widget elementor-widget-icon-box\" data-id=\"66cd31b4\" data-element_type=\"widget\" data-widget_type=\"icon-box.default\">\n\t\t\t\t<div class=\"elementor-widget-container\">\n\t\t\t\t\t\t\t<div class=\"elementor-icon-box-wrapper\">\n\n\t\t\t\n\t\t\t\t\t\t<div class=\"elementor-icon-box-content\">\n\n\t\t\t\t\t\t\t\t\t<h6 class=\"elementor-icon-box-title\">\n\t\t\t\t\t\t<span  >\n\t\t\t\t\t\t\tCompet\u00eancia territorial e material:\t\t\t\t\t\t<\/span>\n\t\t\t\t\t<\/h6>\n\t\t\t\t\n\t\t\t\t\t\t\t\t\t<p class=\"elementor-icon-box-description\">\n\t\t\t\t\t\tO Ju\u00edzo Local de Compet\u00eancia Gen\u00e9rica de Gouveia tem compet\u00eancia territorial na \u00e1rea do\nmunic\u00edpio de Gouveia, encontrando-se a sua compet\u00eancia material definida no artigo 130\u00ba da Lei 62\/2013\nde 26 de agosto, alterada pela Lei 40-A\/2016 de 22 de dezembro, pela Lei 94\/2017 de 23 de agosto, pela\nLei Org\u00e2nica 4\/2017 de 25 de agosto e pelo DL 38\/2019 de 18\/03.\t\t\t\t\t<\/p>\n\t\t\t\t\n\t\t\t<\/div>\n\t\t\t\n\t\t<\/div>\n\t\t\t\t\t\t<\/div>\n\t\t\t\t<\/div>\n\t\t\t\t<div class=\"elementor-element elementor-element-2021de75 elementor-widget elementor-widget-icon-box\" data-id=\"2021de75\" data-element_type=\"widget\" data-widget_type=\"icon-box.default\">\n\t\t\t\t<div class=\"elementor-widget-container\">\n\t\t\t\t\t\t\t<div class=\"elementor-icon-box-wrapper\">\n\n\t\t\t\n\t\t\t\t\t\t<div class=\"elementor-icon-box-content\">\n\n\t\t\t\t\t\t\t\t\t<h6 class=\"elementor-icon-box-title\">\n\t\t\t\t\t\t<span  >\n\t\t\t\t\t\t\tMorada:\t\t\t\t\t\t<\/span>\n\t\t\t\t\t<\/h6>\n\t\t\t\t\n\t\t\t\t\t\t\t\t\t<p class=\"elementor-icon-box-description\">\n\t\t\t\t\t\tPal\u00e1cio da Justi\u00e7a<br>\nRua Fern\u00e3o Lopes<br>\n6290-554 Gouveia\t\t\t\t\t<\/p>\n\t\t\t\t\n\t\t\t<\/div>\n\t\t\t\n\t\t<\/div>\n\t\t\t\t\t\t<\/div>\n\t\t\t\t<\/div>\n\t\t\t\t<div class=\"elementor-element elementor-element-3fca827d elementor-widget elementor-widget-icon-box\" data-id=\"3fca827d\" data-element_type=\"widget\" data-widget_type=\"icon-box.default\">\n\t\t\t\t<div class=\"elementor-widget-container\">\n\t\t\t\t\t\t\t<div class=\"elementor-icon-box-wrapper\">\n\n\t\t\t\n\t\t\t\t\t\t<div class=\"elementor-icon-box-content\">\n\n\t\t\t\t\t\t\t\t\t<h6 class=\"elementor-icon-box-title\">\n\t\t\t\t\t\t<span  >\n\t\t\t\t\t\t\tContactos:\t\t\t\t\t\t<\/span>\n\t\t\t\t\t<\/h6>\n\t\t\t\t\n\t\t\t\t\t\t\t\t\t<p class=\"elementor-icon-box-description\">\n\t\t\t\t\t\t<b>Telefone:<\/b> 238490030\n<br>\n<b>Fax:<\/b> 238490039\n<br>\n<b>Email:<\/b> gouveia.judicial@tribunais.org.pt\t\t\t\t\t<\/p>\n\t\t\t\t\n\t\t\t<\/div>\n\t\t\t\n\t\t<\/div>\n\t\t\t\t\t\t<\/div>\n\t\t\t\t<\/div>\n\t\t\t\t<\/div>\n\t\t<div class=\"elementor-element elementor-element-1b4a097c e-con-full e-flex e-con e-child\" data-id=\"1b4a097c\" data-element_type=\"container\">\n\t\t\t\t<div class=\"elementor-element elementor-element-35eb39e6 elementor-widget elementor-widget-google_maps\" data-id=\"35eb39e6\" data-element_type=\"widget\" data-widget_type=\"google_maps.default\">\n\t\t\t\t<div class=\"elementor-widget-container\">\n\t\t\t\t\t\t\t<div class=\"elementor-custom-embed\">\n\t\t\t<iframe loading=\"lazy\"\n\t\t\t\t\tsrc=\"https:\/\/www.google.com\/maps\/embed\/v1\/place?key=AIzaSyDhSoLeftGxfg7Tvco7SEUCY-Cc_XLDY3c&#038;q=Pal%C3%A1cio%20da%20Justi%C3%A7a%2C%20%20Rua%20Fern%C3%A3o%20Lopes%20-%206290-554%20Gouveia&#038;zoom=15\"\n\t\t\t\t\ttitle=\"Pal\u00e1cio da Justi\u00e7a,  Rua Fern\u00e3o Lopes - 6290-554 Gouveia\"\n\t\t\t\t\taria-label=\"Pal\u00e1cio da Justi\u00e7a,  Rua Fern\u00e3o Lopes - 6290-554 Gouveia\"\n\t\t\t><\/iframe>\n\t\t<\/div>\n\t\t\t\t\t\t<\/div>\n\t\t\t\t<\/div>\n\t\t\t\t<\/div>\n\t\t\t\t\t<\/div>\n\t\t\t\t<\/div>\n\t\t<div class=\"elementor-element elementor-element-03dbbff e-flex e-con-boxed e-con e-parent\" data-id=\"03dbbff\" data-element_type=\"container\">\n\t\t\t\t\t<div class=\"e-con-inner\">\n\t\t\t\t\t<\/div>\n\t\t\t\t<\/div>\n\t\t<div class=\"elementor-element elementor-element-e4d8b90 e-flex e-con-boxed e-con e-parent\" data-id=\"e4d8b90\" data-element_type=\"container\">\n\t\t\t\t\t<div class=\"e-con-inner\">\n\t\t\t\t<div class=\"elementor-element elementor-element-6ad4919 elementor-widget elementor-widget-image\" data-id=\"6ad4919\" data-element_type=\"widget\" data-widget_type=\"image.default\">\n\t\t\t\t<div class=\"elementor-widget-container\">\n\t\t\t\t\t\t\t\t\t\t\t\t<figure class=\"wp-caption\">\n\t\t\t\t\t\t\t\t\t\t<img fetchpriority=\"high\" decoding=\"async\" width=\"800\" height=\"534\" src=\"https:\/\/comarcas.csm.org.pt\/guarda\/wp-content\/uploads\/sites\/15\/2025\/04\/PJ-Gouveia.jpg\" class=\"attachment-large size-large wp-image-12423\" alt=\"\" srcset=\"https:\/\/comarcas.csm.org.pt\/guarda\/wp-content\/uploads\/sites\/15\/2025\/04\/PJ-Gouveia.jpg 800w, https:\/\/comarcas.csm.org.pt\/guarda\/wp-content\/uploads\/sites\/15\/2025\/04\/PJ-Gouveia-300x200.jpg 300w, https:\/\/comarcas.csm.org.pt\/guarda\/wp-content\/uploads\/sites\/15\/2025\/04\/PJ-Gouveia-768x513.jpg 768w\" sizes=\"(max-width: 800px) 100vw, 800px\" \/>\t\t\t\t\t\t\t\t\t\t\t<figcaption class=\"widget-image-caption wp-caption-text\">Pal\u00e1cio da Justi\u00e7a de Gouveia <\/figcaption>\n\t\t\t\t\t\t\t\t\t\t<\/figure>\n\t\t\t\t\t\t\t\t\t<\/div>\n\t\t\t\t<\/div>\n\t\t\t\t\t<\/div>\n\t\t\t\t<\/div>\n\t\t\t\t<\/div>\n\t\t","protected":false},"excerpt":{"rendered":"<p>Ju\u00edzo de Compet\u00eancia Gen\u00e9rica de Gouveia Compet\u00eancia territorial e material: O Ju\u00edzo Local de Compet\u00eancia Gen\u00e9rica de Gouveia tem compet\u00eancia territorial na \u00e1rea do munic\u00edpio de Gouveia, encontrando-se a sua compet\u00eancia material definida no artigo 130\u00ba da Lei 62\/2013 de 26 de agosto, alterada pela Lei 40-A\/2016 de 22 de dezembro, pela Lei 94\/2017 de&#8230;<\/p>\n","protected":false},"author":15,"featured_media":0,"parent":11069,"menu_order":0,"comment_status":"closed","ping_status":"closed","template":"","meta":{"_tbt_post_transparent":"","_tbt_post_title":"hide","_tbt_post_layout":"fullwidth","_tbt_post_sidebar_id":"","_tbt_post_content_style":"unboxed","_tbt_post_vertical_padding":"hide","_tbt_post_feature":"hide","_tbt_post_feature_position":"","_tbt_post_header":false,"_tbt_post_footer":false},"class_list":["post-12268","page","type-page","status-publish","hentry"],"yoast_head":"<!-- This site is optimized with the Yoast SEO plugin v25.6 - https:\/\/yoast.com\/wordpress\/plugins\/seo\/ -->\n<title>Ju\u00edzo de Compet\u00eancia Gen\u00e9rica de Gouveia - Tribunal Judicial da Comarca da Guarda<\/title>\n<meta name=\"robots\" content=\"index, follow, max-snippet:-1, max-image-preview:large, max-video-preview:-1\" \/>\n<link rel=\"canonical\" href=\"https:\/\/comarcas.csm.org.pt\/guarda\/acomarca\/juizos\/juizo-de-competencia-generica-de-gouveia\/\" \/>\n<meta property=\"og:locale\" content=\"pt_PT\" \/>\n<meta property=\"og:type\" content=\"article\" \/>\n<meta property=\"og:title\" content=\"Ju\u00edzo de Compet\u00eancia Gen\u00e9rica de Gouveia - Tribunal Judicial da Comarca da Guarda\" \/>\n<meta property=\"og:description\" content=\"Ju\u00edzo de Compet\u00eancia Gen\u00e9rica de Gouveia Compet\u00eancia territorial e material: O Ju\u00edzo Local de Compet\u00eancia Gen\u00e9rica de Gouveia tem compet\u00eancia territorial na \u00e1rea do munic\u00edpio de Gouveia, encontrando-se a sua compet\u00eancia material definida no artigo 130\u00ba da Lei 62\/2013 de 26 de agosto, alterada pela Lei 40-A\/2016 de 22 de dezembro, pela Lei 94\/2017 de...\" \/>\n<meta property=\"og:url\" content=\"https:\/\/comarcas.csm.org.pt\/guarda\/acomarca\/juizos\/juizo-de-competencia-generica-de-gouveia\/\" \/>\n<meta property=\"og:site_name\" content=\"Tribunal Judicial da Comarca da Guarda\" \/>\n<meta property=\"article:modified_time\" content=\"2025-05-28T09:47:02+00:00\" \/>\n<meta property=\"og:image\" content=\"https:\/\/comarcas.csm.org.pt\/guarda\/wp-content\/uploads\/sites\/15\/2025\/04\/PJ-Gouveia.jpg\" \/>\n\t<meta property=\"og:image:width\" content=\"800\" \/>\n\t<meta property=\"og:image:height\" content=\"534\" \/>\n\t<meta property=\"og:image:type\" content=\"image\/jpeg\" \/>\n<meta name=\"twitter:card\" content=\"summary_large_image\" \/>\n<meta name=\"twitter:label1\" content=\"Tempo estimado de leitura\" \/>\n\t<meta name=\"twitter:data1\" content=\"1 minuto\" \/>\n<script type=\"application\/ld+json\" class=\"yoast-schema-graph\">{\"@context\":\"https:\/\/schema.org\",\"@graph\":[{\"@type\":\"WebPage\",\"@id\":\"https:\/\/comarcas.csm.org.pt\/guarda\/acomarca\/juizos\/juizo-de-competencia-generica-de-gouveia\/\",\"url\":\"https:\/\/comarcas.csm.org.pt\/guarda\/acomarca\/juizos\/juizo-de-competencia-generica-de-gouveia\/\",\"name\":\"Ju\u00edzo de Compet\u00eancia Gen\u00e9rica de Gouveia - Tribunal Judicial da Comarca da Guarda\",\"isPartOf\":{\"@id\":\"https:\/\/comarcas.csm.org.pt\/guarda\/#website\"},\"primaryImageOfPage\":{\"@id\":\"https:\/\/comarcas.csm.org.pt\/guarda\/acomarca\/juizos\/juizo-de-competencia-generica-de-gouveia\/#primaryimage\"},\"image\":{\"@id\":\"https:\/\/comarcas.csm.org.pt\/guarda\/acomarca\/juizos\/juizo-de-competencia-generica-de-gouveia\/#primaryimage\"},\"thumbnailUrl\":\"https:\/\/comarcas.csm.org.pt\/guarda\/wp-content\/uploads\/sites\/15\/2025\/04\/PJ-Gouveia.jpg\",\"datePublished\":\"2025-04-11T13:01:40+00:00\",\"dateModified\":\"2025-05-28T09:47:02+00:00\",\"breadcrumb\":{\"@id\":\"https:\/\/comarcas.csm.org.pt\/guarda\/acomarca\/juizos\/juizo-de-competencia-generica-de-gouveia\/#breadcrumb\"},\"inLanguage\":\"pt-PT\",\"potentialAction\":[{\"@type\":\"ReadAction\",\"target\":[\"https:\/\/comarcas.csm.org.pt\/guarda\/acomarca\/juizos\/juizo-de-competencia-generica-de-gouveia\/\"]}]},{\"@type\":\"ImageObject\",\"inLanguage\":\"pt-PT\",\"@id\":\"https:\/\/comarcas.csm.org.pt\/guarda\/acomarca\/juizos\/juizo-de-competencia-generica-de-gouveia\/#primaryimage\",\"url\":\"https:\/\/comarcas.csm.org.pt\/guarda\/wp-content\/uploads\/sites\/15\/2025\/04\/PJ-Gouveia.jpg\",\"contentUrl\":\"https:\/\/comarcas.csm.org.pt\/guarda\/wp-content\/uploads\/sites\/15\/2025\/04\/PJ-Gouveia.jpg\",\"width\":800,\"height\":534},{\"@type\":\"BreadcrumbList\",\"@id\":\"https:\/\/comarcas.csm.org.pt\/guarda\/acomarca\/juizos\/juizo-de-competencia-generica-de-gouveia\/#breadcrumb\",\"itemListElement\":[{\"@type\":\"ListItem\",\"position\":1,\"name\":\"In\u00edcio\",\"item\":\"https:\/\/comarcas.csm.org.pt\/guarda\/\"},{\"@type\":\"ListItem\",\"position\":2,\"name\":\"A Comarca\",\"item\":\"https:\/\/comarcas.csm.org.pt\/guarda\/acomarca\/\"},{\"@type\":\"ListItem\",\"position\":3,\"name\":\"Ju\u00edzos\",\"item\":\"https:\/\/comarcas.csm.org.pt\/guarda\/acomarca\/juizos\/\"},{\"@type\":\"ListItem\",\"position\":4,\"name\":\"Ju\u00edzo de Compet\u00eancia Gen\u00e9rica de Gouveia\"}]},{\"@type\":\"WebSite\",\"@id\":\"https:\/\/comarcas.csm.org.pt\/guarda\/#website\",\"url\":\"https:\/\/comarcas.csm.org.pt\/guarda\/\",\"name\":\"Tribunal Judicial da Comarca da Guarda\",\"description\":\"Tribunal Judicial da Comarca da Guarda\",\"publisher\":{\"@id\":\"https:\/\/comarcas.csm.org.pt\/guarda\/#organization\"},\"potentialAction\":[{\"@type\":\"SearchAction\",\"target\":{\"@type\":\"EntryPoint\",\"urlTemplate\":\"https:\/\/comarcas.csm.org.pt\/guarda\/?s={search_term_string}\"},\"query-input\":{\"@type\":\"PropertyValueSpecification\",\"valueRequired\":true,\"valueName\":\"search_term_string\"}}],\"inLanguage\":\"pt-PT\"},{\"@type\":\"Organization\",\"@id\":\"https:\/\/comarcas.csm.org.pt\/guarda\/#organization\",\"name\":\"Tribunal Judicial da Comarca da Guarda\",\"url\":\"https:\/\/comarcas.csm.org.pt\/guarda\/\",\"logo\":{\"@type\":\"ImageObject\",\"inLanguage\":\"pt-PT\",\"@id\":\"https:\/\/comarcas.csm.org.pt\/guarda\/#\/schema\/logo\/image\/\",\"url\":\"https:\/\/comarcas.csm.org.pt\/guarda\/wp-content\/uploads\/sites\/15\/2025\/04\/cropped-Guarda_positivo-horizontal-2048x551-2-1024x276-1.png\",\"contentUrl\":\"https:\/\/comarcas.csm.org.pt\/guarda\/wp-content\/uploads\/sites\/15\/2025\/04\/cropped-Guarda_positivo-horizontal-2048x551-2-1024x276-1.png\",\"width\":1024,\"height\":276,\"caption\":\"Tribunal Judicial da Comarca da Guarda\"},\"image\":{\"@id\":\"https:\/\/comarcas.csm.org.pt\/guarda\/#\/schema\/logo\/image\/\"}}]}<\/script>\n<!-- \/ Yoast SEO plugin. -->","yoast_head_json":{"title":"Ju\u00edzo de Compet\u00eancia Gen\u00e9rica de Gouveia - Tribunal Judicial da Comarca da Guarda","robots":{"index":"index","follow":"follow","max-snippet":"max-snippet:-1","max-image-preview":"max-image-preview:large","max-video-preview":"max-video-preview:-1"},"canonical":"https:\/\/comarcas.csm.org.pt\/guarda\/acomarca\/juizos\/juizo-de-competencia-generica-de-gouveia\/","og_locale":"pt_PT","og_type":"article","og_title":"Ju\u00edzo de Compet\u00eancia Gen\u00e9rica de Gouveia - Tribunal Judicial da Comarca da Guarda","og_description":"Ju\u00edzo de Compet\u00eancia Gen\u00e9rica de Gouveia Compet\u00eancia territorial e material: O Ju\u00edzo Local de Compet\u00eancia Gen\u00e9rica de Gouveia tem compet\u00eancia territorial na \u00e1rea do munic\u00edpio de Gouveia, encontrando-se a sua compet\u00eancia material definida no artigo 130\u00ba da Lei 62\/2013 de 26 de agosto, alterada pela Lei 40-A\/2016 de 22 de dezembro, pela Lei 94\/2017 de...","og_url":"https:\/\/comarcas.csm.org.pt\/guarda\/acomarca\/juizos\/juizo-de-competencia-generica-de-gouveia\/","og_site_name":"Tribunal Judicial da Comarca da Guarda","article_modified_time":"2025-05-28T09:47:02+00:00","og_image":[{"width":800,"height":534,"url":"https:\/\/comarcas.csm.org.pt\/guarda\/wp-content\/uploads\/sites\/15\/2025\/04\/PJ-Gouveia.jpg","type":"image\/jpeg"}],"twitter_card":"summary_large_image","twitter_misc":{"Tempo estimado de leitura":"1 minuto"},"schema":{"@context":"https:\/\/schema.org","@graph":[{"@type":"WebPage","@id":"https:\/\/comarcas.csm.org.pt\/guarda\/acomarca\/juizos\/juizo-de-competencia-generica-de-gouveia\/","url":"https:\/\/comarcas.csm.org.pt\/guarda\/acomarca\/juizos\/juizo-de-competencia-generica-de-gouveia\/","name":"Ju\u00edzo de Compet\u00eancia Gen\u00e9rica de Gouveia - Tribunal Judicial da Comarca da Guarda","isPartOf":{"@id":"https:\/\/comarcas.csm.org.pt\/guarda\/#website"},"primaryImageOfPage":{"@id":"https:\/\/comarcas.csm.org.pt\/guarda\/acomarca\/juizos\/juizo-de-competencia-generica-de-gouveia\/#primaryimage"},"image":{"@id":"https:\/\/comarcas.csm.org.pt\/guarda\/acomarca\/juizos\/juizo-de-competencia-generica-de-gouveia\/#primaryimage"},"thumbnailUrl":"https:\/\/comarcas.csm.org.pt\/guarda\/wp-content\/uploads\/sites\/15\/2025\/04\/PJ-Gouveia.jpg","datePublished":"2025-04-11T13:01:40+00:00","dateModified":"2025-05-28T09:47:02+00:00","breadcrumb":{"@id":"https:\/\/comarcas.csm.org.pt\/guarda\/acomarca\/juizos\/juizo-de-competencia-generica-de-gouveia\/#breadcrumb"},"inLanguage":"pt-PT","potentialAction":[{"@type":"ReadAction","target":["https:\/\/comarcas.csm.org.pt\/guarda\/acomarca\/juizos\/juizo-de-competencia-generica-de-gouveia\/"]}]},{"@type":"ImageObject","inLanguage":"pt-PT","@id":"https:\/\/comarcas.csm.org.pt\/guarda\/acomarca\/juizos\/juizo-de-competencia-generica-de-gouveia\/#primaryimage","url":"https:\/\/comarcas.csm.org.pt\/guarda\/wp-content\/uploads\/sites\/15\/2025\/04\/PJ-Gouveia.jpg","contentUrl":"https:\/\/comarcas.csm.org.pt\/guarda\/wp-content\/uploads\/sites\/15\/2025\/04\/PJ-Gouveia.jpg","width":800,"height":534},{"@type":"BreadcrumbList","@id":"https:\/\/comarcas.csm.org.pt\/guarda\/acomarca\/juizos\/juizo-de-competencia-generica-de-gouveia\/#breadcrumb","itemListElement":[{"@type":"ListItem","position":1,"name":"In\u00edcio","item":"https:\/\/comarcas.csm.org.pt\/guarda\/"},{"@type":"ListItem","position":2,"name":"A Comarca","item":"https:\/\/comarcas.csm.org.pt\/guarda\/acomarca\/"},{"@type":"ListItem","position":3,"name":"Ju\u00edzos","item":"https:\/\/comarcas.csm.org.pt\/guarda\/acomarca\/juizos\/"},{"@type":"ListItem","position":4,"name":"Ju\u00edzo de Compet\u00eancia Gen\u00e9rica de Gouveia"}]},{"@type":"WebSite","@id":"https:\/\/comarcas.csm.org.pt\/guarda\/#website","url":"https:\/\/comarcas.csm.org.pt\/guarda\/","name":"Tribunal Judicial da Comarca da Guarda","description":"Tribunal Judicial da Comarca da Guarda","publisher":{"@id":"https:\/\/comarcas.csm.org.pt\/guarda\/#organization"},"potentialAction":[{"@type":"SearchAction","target":{"@type":"EntryPoint","urlTemplate":"https:\/\/comarcas.csm.org.pt\/guarda\/?s={search_term_string}"},"query-input":{"@type":"PropertyValueSpecification","valueRequired":true,"valueName":"search_term_string"}}],"inLanguage":"pt-PT"},{"@type":"Organization","@id":"https:\/\/comarcas.csm.org.pt\/guarda\/#organization","name":"Tribunal Judicial da Comarca da Guarda","url":"https:\/\/comarcas.csm.org.pt\/guarda\/","logo":{"@type":"ImageObject","inLanguage":"pt-PT","@id":"https:\/\/comarcas.csm.org.pt\/guarda\/#\/schema\/logo\/image\/","url":"https:\/\/comarcas.csm.org.pt\/guarda\/wp-content\/uploads\/sites\/15\/2025\/04\/cropped-Guarda_positivo-horizontal-2048x551-2-1024x276-1.png","contentUrl":"https:\/\/comarcas.csm.org.pt\/guarda\/wp-content\/uploads\/sites\/15\/2025\/04\/cropped-Guarda_positivo-horizontal-2048x551-2-1024x276-1.png","width":1024,"height":276,"caption":"Tribunal Judicial da Comarca da Guarda"},"image":{"@id":"https:\/\/comarcas.csm.org.pt\/guarda\/#\/schema\/logo\/image\/"}}]}},"_links":{"self":[{"href":"https:\/\/comarcas.csm.org.pt\/guarda\/wp-json\/wp\/v2\/pages\/12268","targetHints":{"allow":["GET"]}}],"collection":[{"href":"https:\/\/comarcas.csm.org.pt\/guarda\/wp-json\/wp\/v2\/pages"}],"about":[{"href":"https:\/\/comarcas.csm.org.pt\/guarda\/wp-json\/wp\/v2\/types\/page"}],"author":[{"embeddable":true,"href":"https:\/\/comarcas.csm.org.pt\/guarda\/wp-json\/wp\/v2\/users\/15"}],"replies":[{"embeddable":true,"href":"https:\/\/comarcas.csm.org.pt\/guarda\/wp-json\/wp\/v2\/comments?post=12268"}],"version-history":[{"count":13,"href":"https:\/\/comarcas.csm.org.pt\/guarda\/wp-json\/wp\/v2\/pages\/12268\/revisions"}],"predecessor-version":[{"id":12810,"href":"https:\/\/comarcas.csm.org.pt\/guarda\/wp-json\/wp\/v2\/pages\/12268\/revisions\/12810"}],"up":[{"embeddable":true,"href":"https:\/\/comarcas.csm.org.pt\/guarda\/wp-json\/wp\/v2\/pages\/11069"}],"wp:attachment":[{"href":"https:\/\/comarcas.csm.org.pt\/guarda\/wp-json\/wp\/v2\/media?parent=12268"}],"curies":[{"name":"wp","href":"https:\/\/api.w.org\/{rel}","templated":true}]}}