{"id":2242,"date":"2021-10-25T11:40:43","date_gmt":"2021-10-25T11:40:43","guid":{"rendered":"https:\/\/wp.themedemo.org\/WCM07\/WCM070151\/?page_id=2242"},"modified":"2025-07-11T11:09:15","modified_gmt":"2025-07-11T11:09:15","slug":"acomarca","status":"publish","type":"page","link":"https:\/\/comarcas.csm.org.pt\/lisboa-oeste\/acomarca\/","title":{"rendered":"A Comarca"},"content":{"rendered":"\t\t<div data-elementor-type=\"wp-page\" data-elementor-id=\"2242\" class=\"elementor elementor-2242\" data-elementor-post-type=\"page\">\n\t\t\t\t\t\t<section class=\"elementor-section elementor-top-section elementor-element elementor-element-5a39fd59 elementor-section-full_width elementor-section-height-default elementor-section-height-default\" data-id=\"5a39fd59\" data-element_type=\"section\">\n\t\t\t\t\t\t<div class=\"elementor-container elementor-column-gap-default\">\n\t\t\t\t\t<div class=\"elementor-column elementor-col-50 elementor-top-column elementor-element elementor-element-2f8f81a0\" data-id=\"2f8f81a0\" data-element_type=\"column\">\n\t\t\t<div class=\"elementor-widget-wrap elementor-element-populated\">\n\t\t\t\t\t\t<div class=\"elementor-element elementor-element-b5907ba elementor-widget elementor-widget-heading\" data-id=\"b5907ba\" data-element_type=\"widget\" data-widget_type=\"heading.default\">\n\t\t\t\t<div class=\"elementor-widget-container\">\n\t\t\t\t\t<span class=\"elementor-heading-title elementor-size-default\">Tribunal Judicial da<\/span>\t\t\t\t<\/div>\n\t\t\t\t<\/div>\n\t\t\t\t<div class=\"elementor-element elementor-element-7bc9440f elementor-widget elementor-widget-heading\" data-id=\"7bc9440f\" data-element_type=\"widget\" data-widget_type=\"heading.default\">\n\t\t\t\t<div class=\"elementor-widget-container\">\n\t\t\t\t\t<h4 class=\"elementor-heading-title elementor-size-default\">Comarca de Lisboa Oeste<\/h4>\t\t\t\t<\/div>\n\t\t\t\t<\/div>\n\t\t\t\t<div class=\"elementor-element elementor-element-0990e6b elementor-widget elementor-widget-text-editor\" data-id=\"0990e6b\" data-element_type=\"widget\" data-widget_type=\"text-editor.default\">\n\t\t\t\t<div class=\"elementor-widget-container\">\n\t\t\t\t\t\t\t\t\t<p>Seja bem-vindo(a) \u00e0 p\u00e1gina institucional do Tribunal Judicial da Comarca de Lisboa Oeste.<\/p><p>Este \u00e9 um dos 23 tribunais de primeira inst\u00e2ncia na sequ\u00eancia da reorganiza\u00e7\u00e3o do sistema judici\u00e1rio iniciada em 2014. Com sede no Pal\u00e1cio da Justi\u00e7a de Sintra, este tribunal integra, tamb\u00e9m, os seguintes munic\u00edpios: Amadora, Cascais, Oeiras e Mafra.<\/p>\t\t\t\t\t\t\t\t<\/div>\n\t\t\t\t<\/div>\n\t\t\t\t<div class=\"elementor-element elementor-element-14131d48 elementor-widget elementor-widget-button\" data-id=\"14131d48\" data-element_type=\"widget\" data-widget_type=\"button.default\">\n\t\t\t\t<div class=\"elementor-widget-container\">\n\t\t\t\t\t\t\t\t\t<div class=\"elementor-button-wrapper\">\n\t\t\t\t\t<a class=\"elementor-button elementor-button-link elementor-size-sm\" href=\"\/contactos\/\">\n\t\t\t\t\t\t<span class=\"elementor-button-content-wrapper\">\n\t\t\t\t\t\t\t\t\t<span class=\"elementor-button-text\">Contactos<\/span>\n\t\t\t\t\t<\/span>\n\t\t\t\t\t<\/a>\n\t\t\t\t<\/div>\n\t\t\t\t\t\t\t\t<\/div>\n\t\t\t\t<\/div>\n\t\t\t\t\t<\/div>\n\t\t<\/div>\n\t\t\t\t<div class=\"elementor-column elementor-col-50 elementor-top-column elementor-element elementor-element-46317706 cms-banner\" data-id=\"46317706\" data-element_type=\"column\" data-settings=\"{&quot;background_background&quot;:&quot;classic&quot;}\">\n\t\t\t<div class=\"elementor-widget-wrap elementor-element-populated\">\n\t\t\t\t\t\t<div class=\"elementor-element elementor-element-3e7f9791 elementor-widget__width-initial elementor-widget elementor-widget-image\" data-id=\"3e7f9791\" data-element_type=\"widget\" data-widget_type=\"image.default\">\n\t\t\t\t<div class=\"elementor-widget-container\">\n\t\t\t\t\t\t\t\t\t\t\t\t\t\t\t\t<a href=\"#\">\n\t\t\t\t\t\t\t<img fetchpriority=\"high\" decoding=\"async\" width=\"729\" height=\"570\" src=\"https:\/\/comarcas.csm.org.pt\/lisboa-oeste\/wp-content\/uploads\/sites\/19\/2025\/07\/mapa.jpg\" class=\"attachment-full size-full wp-image-12297\" alt=\"\" srcset=\"https:\/\/comarcas.csm.org.pt\/lisboa-oeste\/wp-content\/uploads\/sites\/19\/2025\/07\/mapa.jpg 729w, https:\/\/comarcas.csm.org.pt\/lisboa-oeste\/wp-content\/uploads\/sites\/19\/2025\/07\/mapa-300x235.jpg 300w\" sizes=\"(max-width: 729px) 100vw, 729px\" \/>\t\t\t\t\t\t\t\t<\/a>\n\t\t\t\t\t\t\t\t\t\t\t\t\t\t\t<\/div>\n\t\t\t\t<\/div>\n\t\t\t\t\t<\/div>\n\t\t<\/div>\n\t\t\t\t\t<\/div>\n\t\t<\/section>\n\t\t\t\t<\/div>\n\t\t","protected":false},"excerpt":{"rendered":"<p>Tribunal Judicial da Comarca de Lisboa Oeste Seja bem-vindo(a) \u00e0 p\u00e1gina institucional do Tribunal Judicial da Comarca de Lisboa Oeste. Este \u00e9 um dos 23 tribunais de primeira inst\u00e2ncia na sequ\u00eancia da reorganiza\u00e7\u00e3o do sistema judici\u00e1rio iniciada em 2014. Com sede no Pal\u00e1cio da Justi\u00e7a de Sintra, este tribunal integra, tamb\u00e9m, os seguintes munic\u00edpios: Amadora,&#8230;<\/p>\n","protected":false},"author":1,"featured_media":0,"parent":0,"menu_order":0,"comment_status":"closed","ping_status":"closed","template":"","meta":{"_tbt_post_transparent":"","_tbt_post_title":"","_tbt_post_layout":"","_tbt_post_sidebar_id":"","_tbt_post_content_style":"","_tbt_post_vertical_padding":"","_tbt_post_feature":"","_tbt_post_feature_position":"","_tbt_post_header":false,"_tbt_post_footer":false},"class_list":["post-2242","page","type-page","status-publish","hentry"],"yoast_head":"<!-- This site is optimized with the Yoast SEO plugin v25.6 - https:\/\/yoast.com\/wordpress\/plugins\/seo\/ -->\n<title>A Comarca - Tribunal Judicial da Comarca de Lisboa Oeste<\/title>\n<meta name=\"robots\" content=\"index, follow, max-snippet:-1, max-image-preview:large, max-video-preview:-1\" \/>\n<link rel=\"canonical\" href=\"https:\/\/comarcas.csm.org.pt\/lisboa-oeste\/acomarca\/\" \/>\n<meta property=\"og:locale\" content=\"pt_PT\" \/>\n<meta property=\"og:type\" content=\"article\" \/>\n<meta property=\"og:title\" content=\"A Comarca - Tribunal Judicial da Comarca de Lisboa Oeste\" \/>\n<meta property=\"og:description\" content=\"Tribunal Judicial da Comarca de Lisboa Oeste Seja bem-vindo(a) \u00e0 p\u00e1gina institucional do Tribunal Judicial da Comarca de Lisboa Oeste. Este \u00e9 um dos 23 tribunais de primeira inst\u00e2ncia na sequ\u00eancia da reorganiza\u00e7\u00e3o do sistema judici\u00e1rio iniciada em 2014. Com sede no Pal\u00e1cio da Justi\u00e7a de Sintra, este tribunal integra, tamb\u00e9m, os seguintes munic\u00edpios: Amadora,...\" \/>\n<meta property=\"og:url\" content=\"https:\/\/comarcas.csm.org.pt\/lisboa-oeste\/acomarca\/\" \/>\n<meta property=\"og:site_name\" content=\"Tribunal Judicial da Comarca de Lisboa Oeste\" \/>\n<meta property=\"article:modified_time\" content=\"2025-07-11T11:09:15+00:00\" \/>\n<meta property=\"og:image\" content=\"https:\/\/comarcas.csm.org.pt\/lisboa-oeste\/wp-content\/uploads\/sites\/19\/2025\/07\/mapa.jpg\" \/>\n\t<meta property=\"og:image:width\" content=\"729\" \/>\n\t<meta property=\"og:image:height\" content=\"570\" \/>\n\t<meta property=\"og:image:type\" content=\"image\/jpeg\" \/>\n<meta name=\"twitter:card\" content=\"summary_large_image\" \/>\n<meta name=\"twitter:label1\" content=\"Tempo estimado de leitura\" \/>\n\t<meta name=\"twitter:data1\" content=\"1 minuto\" \/>\n<script type=\"application\/ld+json\" class=\"yoast-schema-graph\">{\"@context\":\"https:\/\/schema.org\",\"@graph\":[{\"@type\":\"WebPage\",\"@id\":\"https:\/\/comarcas.csm.org.pt\/lisboa-oeste\/acomarca\/\",\"url\":\"https:\/\/comarcas.csm.org.pt\/lisboa-oeste\/acomarca\/\",\"name\":\"A Comarca - Tribunal Judicial da Comarca de Lisboa Oeste\",\"isPartOf\":{\"@id\":\"https:\/\/comarcas.csm.org.pt\/lisboa-oeste\/#website\"},\"primaryImageOfPage\":{\"@id\":\"https:\/\/comarcas.csm.org.pt\/lisboa-oeste\/acomarca\/#primaryimage\"},\"image\":{\"@id\":\"https:\/\/comarcas.csm.org.pt\/lisboa-oeste\/acomarca\/#primaryimage\"},\"thumbnailUrl\":\"https:\/\/comarcas.csm.org.pt\/lisboa-oeste\/wp-content\/uploads\/sites\/19\/2025\/07\/mapa.jpg\",\"datePublished\":\"2021-10-25T11:40:43+00:00\",\"dateModified\":\"2025-07-11T11:09:15+00:00\",\"breadcrumb\":{\"@id\":\"https:\/\/comarcas.csm.org.pt\/lisboa-oeste\/acomarca\/#breadcrumb\"},\"inLanguage\":\"pt-PT\",\"potentialAction\":[{\"@type\":\"ReadAction\",\"target\":[\"https:\/\/comarcas.csm.org.pt\/lisboa-oeste\/acomarca\/\"]}]},{\"@type\":\"ImageObject\",\"inLanguage\":\"pt-PT\",\"@id\":\"https:\/\/comarcas.csm.org.pt\/lisboa-oeste\/acomarca\/#primaryimage\",\"url\":\"https:\/\/comarcas.csm.org.pt\/lisboa-oeste\/wp-content\/uploads\/sites\/19\/2025\/07\/mapa.jpg\",\"contentUrl\":\"https:\/\/comarcas.csm.org.pt\/lisboa-oeste\/wp-content\/uploads\/sites\/19\/2025\/07\/mapa.jpg\",\"width\":729,\"height\":570},{\"@type\":\"BreadcrumbList\",\"@id\":\"https:\/\/comarcas.csm.org.pt\/lisboa-oeste\/acomarca\/#breadcrumb\",\"itemListElement\":[{\"@type\":\"ListItem\",\"position\":1,\"name\":\"In\u00edcio\",\"item\":\"https:\/\/comarcas.csm.org.pt\/lisboa-oeste\/\"},{\"@type\":\"ListItem\",\"position\":2,\"name\":\"A Comarca\"}]},{\"@type\":\"WebSite\",\"@id\":\"https:\/\/comarcas.csm.org.pt\/lisboa-oeste\/#website\",\"url\":\"https:\/\/comarcas.csm.org.pt\/lisboa-oeste\/\",\"name\":\"Tribunal Judicial da Comarca de Lisboa Oeste\",\"description\":\"Tribunal Judicial da Comarca de Lisboa Oeste\",\"publisher\":{\"@id\":\"https:\/\/comarcas.csm.org.pt\/lisboa-oeste\/#organization\"},\"potentialAction\":[{\"@type\":\"SearchAction\",\"target\":{\"@type\":\"EntryPoint\",\"urlTemplate\":\"https:\/\/comarcas.csm.org.pt\/lisboa-oeste\/?s={search_term_string}\"},\"query-input\":{\"@type\":\"PropertyValueSpecification\",\"valueRequired\":true,\"valueName\":\"search_term_string\"}}],\"inLanguage\":\"pt-PT\"},{\"@type\":\"Organization\",\"@id\":\"https:\/\/comarcas.csm.org.pt\/lisboa-oeste\/#organization\",\"name\":\"Tribunal Judicial da Comarca de Lisboa Oeste\",\"url\":\"https:\/\/comarcas.csm.org.pt\/lisboa-oeste\/\",\"logo\":{\"@type\":\"ImageObject\",\"inLanguage\":\"pt-PT\",\"@id\":\"https:\/\/comarcas.csm.org.pt\/lisboa-oeste\/#\/schema\/logo\/image\/\",\"url\":\"https:\/\/comarcas.csm.org.pt\/lisboa-oeste\/wp-content\/uploads\/sites\/19\/2024\/11\/Lisboa-O_positivo-horizontal.png\",\"contentUrl\":\"https:\/\/comarcas.csm.org.pt\/lisboa-oeste\/wp-content\/uploads\/sites\/19\/2024\/11\/Lisboa-O_positivo-horizontal.png\",\"width\":5368,\"height\":890,\"caption\":\"Tribunal Judicial da Comarca de Lisboa Oeste\"},\"image\":{\"@id\":\"https:\/\/comarcas.csm.org.pt\/lisboa-oeste\/#\/schema\/logo\/image\/\"}}]}<\/script>\n<!-- \/ Yoast SEO plugin. -->","yoast_head_json":{"title":"A Comarca - Tribunal Judicial da Comarca de Lisboa Oeste","robots":{"index":"index","follow":"follow","max-snippet":"max-snippet:-1","max-image-preview":"max-image-preview:large","max-video-preview":"max-video-preview:-1"},"canonical":"https:\/\/comarcas.csm.org.pt\/lisboa-oeste\/acomarca\/","og_locale":"pt_PT","og_type":"article","og_title":"A Comarca - Tribunal Judicial da Comarca de Lisboa Oeste","og_description":"Tribunal Judicial da Comarca de Lisboa Oeste Seja bem-vindo(a) \u00e0 p\u00e1gina institucional do Tribunal Judicial da Comarca de Lisboa Oeste. Este \u00e9 um dos 23 tribunais de primeira inst\u00e2ncia na sequ\u00eancia da reorganiza\u00e7\u00e3o do sistema judici\u00e1rio iniciada em 2014. Com sede no Pal\u00e1cio da Justi\u00e7a de Sintra, este tribunal integra, tamb\u00e9m, os seguintes munic\u00edpios: Amadora,...","og_url":"https:\/\/comarcas.csm.org.pt\/lisboa-oeste\/acomarca\/","og_site_name":"Tribunal Judicial da Comarca de Lisboa Oeste","article_modified_time":"2025-07-11T11:09:15+00:00","og_image":[{"width":729,"height":570,"url":"https:\/\/comarcas.csm.org.pt\/lisboa-oeste\/wp-content\/uploads\/sites\/19\/2025\/07\/mapa.jpg","type":"image\/jpeg"}],"twitter_card":"summary_large_image","twitter_misc":{"Tempo estimado de leitura":"1 minuto"},"schema":{"@context":"https:\/\/schema.org","@graph":[{"@type":"WebPage","@id":"https:\/\/comarcas.csm.org.pt\/lisboa-oeste\/acomarca\/","url":"https:\/\/comarcas.csm.org.pt\/lisboa-oeste\/acomarca\/","name":"A Comarca - Tribunal Judicial da Comarca de Lisboa Oeste","isPartOf":{"@id":"https:\/\/comarcas.csm.org.pt\/lisboa-oeste\/#website"},"primaryImageOfPage":{"@id":"https:\/\/comarcas.csm.org.pt\/lisboa-oeste\/acomarca\/#primaryimage"},"image":{"@id":"https:\/\/comarcas.csm.org.pt\/lisboa-oeste\/acomarca\/#primaryimage"},"thumbnailUrl":"https:\/\/comarcas.csm.org.pt\/lisboa-oeste\/wp-content\/uploads\/sites\/19\/2025\/07\/mapa.jpg","datePublished":"2021-10-25T11:40:43+00:00","dateModified":"2025-07-11T11:09:15+00:00","breadcrumb":{"@id":"https:\/\/comarcas.csm.org.pt\/lisboa-oeste\/acomarca\/#breadcrumb"},"inLanguage":"pt-PT","potentialAction":[{"@type":"ReadAction","target":["https:\/\/comarcas.csm.org.pt\/lisboa-oeste\/acomarca\/"]}]},{"@type":"ImageObject","inLanguage":"pt-PT","@id":"https:\/\/comarcas.csm.org.pt\/lisboa-oeste\/acomarca\/#primaryimage","url":"https:\/\/comarcas.csm.org.pt\/lisboa-oeste\/wp-content\/uploads\/sites\/19\/2025\/07\/mapa.jpg","contentUrl":"https:\/\/comarcas.csm.org.pt\/lisboa-oeste\/wp-content\/uploads\/sites\/19\/2025\/07\/mapa.jpg","width":729,"height":570},{"@type":"BreadcrumbList","@id":"https:\/\/comarcas.csm.org.pt\/lisboa-oeste\/acomarca\/#breadcrumb","itemListElement":[{"@type":"ListItem","position":1,"name":"In\u00edcio","item":"https:\/\/comarcas.csm.org.pt\/lisboa-oeste\/"},{"@type":"ListItem","position":2,"name":"A Comarca"}]},{"@type":"WebSite","@id":"https:\/\/comarcas.csm.org.pt\/lisboa-oeste\/#website","url":"https:\/\/comarcas.csm.org.pt\/lisboa-oeste\/","name":"Tribunal Judicial da Comarca de Lisboa Oeste","description":"Tribunal Judicial da Comarca de Lisboa Oeste","publisher":{"@id":"https:\/\/comarcas.csm.org.pt\/lisboa-oeste\/#organization"},"potentialAction":[{"@type":"SearchAction","target":{"@type":"EntryPoint","urlTemplate":"https:\/\/comarcas.csm.org.pt\/lisboa-oeste\/?s={search_term_string}"},"query-input":{"@type":"PropertyValueSpecification","valueRequired":true,"valueName":"search_term_string"}}],"inLanguage":"pt-PT"},{"@type":"Organization","@id":"https:\/\/comarcas.csm.org.pt\/lisboa-oeste\/#organization","name":"Tribunal Judicial da Comarca de Lisboa Oeste","url":"https:\/\/comarcas.csm.org.pt\/lisboa-oeste\/","logo":{"@type":"ImageObject","inLanguage":"pt-PT","@id":"https:\/\/comarcas.csm.org.pt\/lisboa-oeste\/#\/schema\/logo\/image\/","url":"https:\/\/comarcas.csm.org.pt\/lisboa-oeste\/wp-content\/uploads\/sites\/19\/2024\/11\/Lisboa-O_positivo-horizontal.png","contentUrl":"https:\/\/comarcas.csm.org.pt\/lisboa-oeste\/wp-content\/uploads\/sites\/19\/2024\/11\/Lisboa-O_positivo-horizontal.png","width":5368,"height":890,"caption":"Tribunal Judicial da Comarca de Lisboa Oeste"},"image":{"@id":"https:\/\/comarcas.csm.org.pt\/lisboa-oeste\/#\/schema\/logo\/image\/"}}]}},"_links":{"self":[{"href":"https:\/\/comarcas.csm.org.pt\/lisboa-oeste\/wp-json\/wp\/v2\/pages\/2242","targetHints":{"allow":["GET"]}}],"collection":[{"href":"https:\/\/comarcas.csm.org.pt\/lisboa-oeste\/wp-json\/wp\/v2\/pages"}],"about":[{"href":"https:\/\/comarcas.csm.org.pt\/lisboa-oeste\/wp-json\/wp\/v2\/types\/page"}],"author":[{"embeddable":true,"href":"https:\/\/comarcas.csm.org.pt\/lisboa-oeste\/wp-json\/wp\/v2\/users\/1"}],"replies":[{"embeddable":true,"href":"https:\/\/comarcas.csm.org.pt\/lisboa-oeste\/wp-json\/wp\/v2\/comments?post=2242"}],"version-history":[{"count":33,"href":"https:\/\/comarcas.csm.org.pt\/lisboa-oeste\/wp-json\/wp\/v2\/pages\/2242\/revisions"}],"predecessor-version":[{"id":12300,"href":"https:\/\/comarcas.csm.org.pt\/lisboa-oeste\/wp-json\/wp\/v2\/pages\/2242\/revisions\/12300"}],"wp:attachment":[{"href":"https:\/\/comarcas.csm.org.pt\/lisboa-oeste\/wp-json\/wp\/v2\/media?parent=2242"}],"curies":[{"name":"wp","href":"https:\/\/api.w.org\/{rel}","templated":true}]}}