{"id":12354,"date":"2025-06-17T11:58:02","date_gmt":"2025-06-17T11:58:02","guid":{"rendered":"https:\/\/comarcas.csm.org.pt\/lisboa\/?page_id=12354"},"modified":"2025-06-17T12:55:33","modified_gmt":"2025-06-17T12:55:33","slug":"barreiro","status":"publish","type":"page","link":"https:\/\/comarcas.csm.org.pt\/lisboa\/acomarca\/juizos\/barreiro\/","title":{"rendered":"Barreiro"},"content":{"rendered":"\t\t<div data-elementor-type=\"wp-page\" data-elementor-id=\"12354\" class=\"elementor elementor-12354\" data-elementor-post-type=\"page\">\n\t\t\t\t<div class=\"elementor-element elementor-element-411947d e-flex e-con-boxed e-con e-parent\" data-id=\"411947d\" data-element_type=\"container\">\n\t\t\t\t\t<div class=\"e-con-inner\">\n\t\t\t\t<div class=\"elementor-element elementor-element-6902c7a elementor-widget elementor-widget-n-accordion\" data-id=\"6902c7a\" data-element_type=\"widget\" data-settings=\"{&quot;default_state&quot;:&quot;expanded&quot;,&quot;max_items_expended&quot;:&quot;one&quot;,&quot;n_accordion_animation_duration&quot;:{&quot;unit&quot;:&quot;ms&quot;,&quot;size&quot;:400,&quot;sizes&quot;:[]}}\" data-widget_type=\"nested-accordion.default\">\n\t\t\t\t<div class=\"elementor-widget-container\">\n\t\t\t\t\t\t\t<div class=\"e-n-accordion\" aria-label=\"Accordion. Open links with Enter or Space, close with Escape, and navigate with Arrow Keys\">\n\t\t\t\t\t\t<details id=\"e-n-accordion-item-1100\" class=\"e-n-accordion-item\" open>\n\t\t\t\t<summary class=\"e-n-accordion-item-title\" data-accordion-index=\"1\" tabindex=\"0\" aria-expanded=\"true\" aria-controls=\"e-n-accordion-item-1100\" >\n\t\t\t\t\t<span class='e-n-accordion-item-title-header'><div class=\"e-n-accordion-item-title-text\"> Barreiro <\/div><\/span>\n\t\t\t\t\t\t\t<span class='e-n-accordion-item-title-icon'>\n\t\t\t<span class='e-opened' ><svg aria-hidden=\"true\" class=\"e-font-icon-svg e-fas-minus\" viewBox=\"0 0 448 512\" xmlns=\"http:\/\/www.w3.org\/2000\/svg\"><path d=\"M416 208H32c-17.67 0-32 14.33-32 32v32c0 17.67 14.33 32 32 32h384c17.67 0 32-14.33 32-32v-32c0-17.67-14.33-32-32-32z\"><\/path><\/svg><\/span>\n\t\t\t<span class='e-closed'><svg aria-hidden=\"true\" class=\"e-font-icon-svg e-fas-plus\" viewBox=\"0 0 448 512\" xmlns=\"http:\/\/www.w3.org\/2000\/svg\"><path d=\"M416 208H272V64c0-17.67-14.33-32-32-32h-32c-17.67 0-32 14.33-32 32v144H32c-17.67 0-32 14.33-32 32v32c0 17.67 14.33 32 32 32h144v144c0 17.67 14.33 32 32 32h32c17.67 0 32-14.33 32-32V304h144c17.67 0 32-14.33 32-32v-32c0-17.67-14.33-32-32-32z\"><\/path><\/svg><\/span>\n\t\t<\/span>\n\n\t\t\t\t\t\t<\/summary>\n\t\t\t\t<div role=\"region\" aria-labelledby=\"e-n-accordion-item-1100\" class=\"elementor-element elementor-element-5ce1db3 e-con-full e-flex e-con e-child\" data-id=\"5ce1db3\" data-element_type=\"container\">\n\t\t<div role=\"region\" aria-labelledby=\"e-n-accordion-item-1100\" class=\"elementor-element elementor-element-3a263e1 e-grid e-con-boxed e-con e-child\" data-id=\"3a263e1\" data-element_type=\"container\">\n\t\t\t\t\t<div class=\"e-con-inner\">\n\t\t\t\t<div class=\"elementor-element elementor-element-f899f53 elementor-widget elementor-widget-text-editor\" data-id=\"f899f53\" data-element_type=\"widget\" data-widget_type=\"text-editor.default\">\n\t\t\t\t<div class=\"elementor-widget-container\">\n\t\t\t\t\t\t\t\t\t<h5><strong>Ju\u00edzo de Com\u00e9rcio do Barreiro<\/strong><\/h5><p>Morada: Pal\u00e1cio da Justi\u00e7a, Av. de Santa Maria &#8211; 2830-007 Barreiro<\/p><p>Telefone: 212149200<\/p><p>Fax: 212149279<\/p><p>email: barreiro.judicial@tribunais.org.pt<\/p><p>Compet\u00eancia Territorial:<br \/>\u00a0\u00a0\u00a0\u00a0\u00a0 Munic\u00edpio de Alcochete, Almada, Barreiro, Moita, Montijo e Seixal<\/p>\t\t\t\t\t\t\t\t<\/div>\n\t\t\t\t<\/div>\n\t\t\t\t<div class=\"elementor-element elementor-element-60c85f4 elementor-widget elementor-widget-google_maps\" data-id=\"60c85f4\" data-element_type=\"widget\" data-widget_type=\"google_maps.default\">\n\t\t\t\t<div class=\"elementor-widget-container\">\n\t\t\t\t\t\t\t<div class=\"elementor-custom-embed\">\n\t\t\t<iframe loading=\"lazy\"\n\t\t\t\t\tsrc=\"https:\/\/www.google.com\/maps\/embed\/v1\/place?key=AIzaSyDhSoLeftGxfg7Tvco7SEUCY-Cc_XLDY3c&#038;q=Pal%C3%A1cio%20da%20Justi%C3%A7a%2C%20Av.%20de%20Santa%20Maria%20-%202830-007%20Barreiro&#038;zoom=10\"\n\t\t\t\t\ttitle=\"Pal\u00e1cio da Justi\u00e7a, Av. de Santa Maria - 2830-007 Barreiro\"\n\t\t\t\t\taria-label=\"Pal\u00e1cio da Justi\u00e7a, Av. de Santa Maria - 2830-007 Barreiro\"\n\t\t\t><\/iframe>\n\t\t<\/div>\n\t\t\t\t\t\t<\/div>\n\t\t\t\t<\/div>\n\t\t\t\t\t<\/div>\n\t\t\t\t<\/div>\n\t\t<div role=\"region\" aria-labelledby=\"e-n-accordion-item-1100\" class=\"elementor-element elementor-element-6530e9f e-grid e-con-boxed e-con e-child\" data-id=\"6530e9f\" data-element_type=\"container\">\n\t\t\t\t\t<div class=\"e-con-inner\">\n\t\t\t\t<div class=\"elementor-element elementor-element-8a88051 elementor-widget elementor-widget-text-editor\" data-id=\"8a88051\" data-element_type=\"widget\" data-widget_type=\"text-editor.default\">\n\t\t\t\t<div class=\"elementor-widget-container\">\n\t\t\t\t\t\t\t\t\t<h5><strong>Ju\u00edzo de Fam\u00edlia e Menores do Barreiro<\/strong><\/h5><p>Morada: Pal\u00e1cio da Justi\u00e7a, Av. de Santa Maria &#8211; 2830-007 Barreiro<\/p><p>Telefone: 212149200<\/p><p>Fax: 212149279<\/p><p>email: barreiro.judicial@tribunais.org.pt<\/p><p>Compet\u00eancia Territorial:<br \/>\u00a0\u00a0\u00a0\u00a0\u00a0 Munic\u00edpio de Alcochete, Barreiro, Moita e Montijo<\/p>\t\t\t\t\t\t\t\t<\/div>\n\t\t\t\t<\/div>\n\t\t\t\t<div class=\"elementor-element elementor-element-116be3f elementor-widget elementor-widget-google_maps\" data-id=\"116be3f\" data-element_type=\"widget\" data-widget_type=\"google_maps.default\">\n\t\t\t\t<div class=\"elementor-widget-container\">\n\t\t\t\t\t\t\t<div class=\"elementor-custom-embed\">\n\t\t\t<iframe loading=\"lazy\"\n\t\t\t\t\tsrc=\"https:\/\/www.google.com\/maps\/embed\/v1\/place?key=AIzaSyDhSoLeftGxfg7Tvco7SEUCY-Cc_XLDY3c&#038;q=Pal%C3%A1cio%20da%20Justi%C3%A7a%2C%20Av.%20de%20Santa%20Maria%20-%202830-007%20Barreiro&#038;zoom=10\"\n\t\t\t\t\ttitle=\"Pal\u00e1cio da Justi\u00e7a, Av. de Santa Maria - 2830-007 Barreiro\"\n\t\t\t\t\taria-label=\"Pal\u00e1cio da Justi\u00e7a, Av. de Santa Maria - 2830-007 Barreiro\"\n\t\t\t><\/iframe>\n\t\t<\/div>\n\t\t\t\t\t\t<\/div>\n\t\t\t\t<\/div>\n\t\t\t\t\t<\/div>\n\t\t\t\t<\/div>\n\t\t<div role=\"region\" aria-labelledby=\"e-n-accordion-item-1100\" class=\"elementor-element elementor-element-2719db7 e-grid e-con-boxed e-con e-child\" data-id=\"2719db7\" data-element_type=\"container\">\n\t\t\t\t\t<div class=\"e-con-inner\">\n\t\t\t\t<div class=\"elementor-element elementor-element-8f333d7 elementor-widget elementor-widget-text-editor\" data-id=\"8f333d7\" data-element_type=\"widget\" data-widget_type=\"text-editor.default\">\n\t\t\t\t<div class=\"elementor-widget-container\">\n\t\t\t\t\t\t\t\t\t<h5><strong>Ju\u00edzo de Instru\u00e7\u00e3o Criminal do Barreiro<\/strong><\/h5><p>Morada: Pal\u00e1cio da Justi\u00e7a, Av. de Santa Maria &#8211; 2830-007 Barreiro<\/p><p>Telefone: 212149200<\/p><p>Fax: 212149279<\/p><p>email: barreiro.judicial@tribunais.org.pt<\/p><p>Compet\u00eancia Territorial:<br \/>\u00a0\u00a0\u00a0\u00a0\u00a0 Munic\u00edpio de Alcochete, Barreiro, Moita e Montijo<\/p>\t\t\t\t\t\t\t\t<\/div>\n\t\t\t\t<\/div>\n\t\t\t\t<div class=\"elementor-element elementor-element-86bc819 elementor-widget elementor-widget-google_maps\" data-id=\"86bc819\" data-element_type=\"widget\" data-widget_type=\"google_maps.default\">\n\t\t\t\t<div class=\"elementor-widget-container\">\n\t\t\t\t\t\t\t<div class=\"elementor-custom-embed\">\n\t\t\t<iframe loading=\"lazy\"\n\t\t\t\t\tsrc=\"https:\/\/www.google.com\/maps\/embed\/v1\/place?key=AIzaSyDhSoLeftGxfg7Tvco7SEUCY-Cc_XLDY3c&#038;q=Pal%C3%A1cio%20da%20Justi%C3%A7a%2C%20Av.%20de%20Santa%20Maria%20-%202830-007%20Barreiro&#038;zoom=10\"\n\t\t\t\t\ttitle=\"Pal\u00e1cio da Justi\u00e7a, Av. de Santa Maria - 2830-007 Barreiro\"\n\t\t\t\t\taria-label=\"Pal\u00e1cio da Justi\u00e7a, Av. de Santa Maria - 2830-007 Barreiro\"\n\t\t\t><\/iframe>\n\t\t<\/div>\n\t\t\t\t\t\t<\/div>\n\t\t\t\t<\/div>\n\t\t\t\t\t<\/div>\n\t\t\t\t<\/div>\n\t\t<div role=\"region\" aria-labelledby=\"e-n-accordion-item-1100\" class=\"elementor-element elementor-element-a5d23c6 e-grid e-con-boxed e-con e-child\" data-id=\"a5d23c6\" data-element_type=\"container\">\n\t\t\t\t\t<div class=\"e-con-inner\">\n\t\t\t\t<div class=\"elementor-element elementor-element-2f727e1 elementor-widget elementor-widget-text-editor\" data-id=\"2f727e1\" data-element_type=\"widget\" data-widget_type=\"text-editor.default\">\n\t\t\t\t<div class=\"elementor-widget-container\">\n\t\t\t\t\t\t\t\t\t<h5><strong>Ju\u00edzo do Trabalho do Barreiro<\/strong><\/h5><p>Morada: Pal\u00e1cio da Justi\u00e7a, Av. de Santa Maria &#8211; 2830-007 Barreiro<\/p><p>Telefone: 212149200<\/p><p>Fax: 212149279<\/p><p>email: barreiro.judicial@tribunais.org.pt<\/p><p>Compet\u00eancia Territorial:<br \/>\u00a0\u00a0\u00a0\u00a0\u00a0 Munic\u00edpio de Alcochete, Barreiro, Moita e Montijo<\/p>\t\t\t\t\t\t\t\t<\/div>\n\t\t\t\t<\/div>\n\t\t\t\t<div class=\"elementor-element elementor-element-7a6c39e elementor-widget elementor-widget-google_maps\" data-id=\"7a6c39e\" data-element_type=\"widget\" data-widget_type=\"google_maps.default\">\n\t\t\t\t<div class=\"elementor-widget-container\">\n\t\t\t\t\t\t\t<div class=\"elementor-custom-embed\">\n\t\t\t<iframe loading=\"lazy\"\n\t\t\t\t\tsrc=\"https:\/\/www.google.com\/maps\/embed\/v1\/place?key=AIzaSyDhSoLeftGxfg7Tvco7SEUCY-Cc_XLDY3c&#038;q=Pal%C3%A1cio%20da%20Justi%C3%A7a%2C%20Av.%20de%20Santa%20Maria%20-%202830-007%20Barreiro&#038;zoom=10\"\n\t\t\t\t\ttitle=\"Pal\u00e1cio da Justi\u00e7a, Av. de Santa Maria - 2830-007 Barreiro\"\n\t\t\t\t\taria-label=\"Pal\u00e1cio da Justi\u00e7a, Av. de Santa Maria - 2830-007 Barreiro\"\n\t\t\t><\/iframe>\n\t\t<\/div>\n\t\t\t\t\t\t<\/div>\n\t\t\t\t<\/div>\n\t\t\t\t\t<\/div>\n\t\t\t\t<\/div>\n\t\t<div role=\"region\" aria-labelledby=\"e-n-accordion-item-1100\" class=\"elementor-element elementor-element-26031ce e-grid e-con-boxed e-con e-child\" data-id=\"26031ce\" data-element_type=\"container\">\n\t\t\t\t\t<div class=\"e-con-inner\">\n\t\t\t\t<div class=\"elementor-element elementor-element-9fae298 elementor-widget elementor-widget-text-editor\" data-id=\"9fae298\" data-element_type=\"widget\" data-widget_type=\"text-editor.default\">\n\t\t\t\t<div class=\"elementor-widget-container\">\n\t\t\t\t\t\t\t\t\t<h5><strong>Ju\u00edzo Local Criminal do Barreiro<\/strong><\/h5><p>Morada: Pal\u00e1cio da Justi\u00e7a, Av. de Santa Maria &#8211; 2830-007 Barreiro<\/p><p>Telefone: 212149200<\/p><p>Fax: 212149279<\/p><p>email: barreiro.judicial@tribunais.org.pt<\/p><p>Compet\u00eancia Territorial:<br \/>\u00a0\u00a0\u00a0\u00a0\u00a0 Munic\u00edpios do Barreiro e Moita<\/p>\t\t\t\t\t\t\t\t<\/div>\n\t\t\t\t<\/div>\n\t\t\t\t<div class=\"elementor-element elementor-element-6d539ba elementor-widget elementor-widget-google_maps\" data-id=\"6d539ba\" data-element_type=\"widget\" data-widget_type=\"google_maps.default\">\n\t\t\t\t<div class=\"elementor-widget-container\">\n\t\t\t\t\t\t\t<div class=\"elementor-custom-embed\">\n\t\t\t<iframe loading=\"lazy\"\n\t\t\t\t\tsrc=\"https:\/\/www.google.com\/maps\/embed\/v1\/place?key=AIzaSyDhSoLeftGxfg7Tvco7SEUCY-Cc_XLDY3c&#038;q=Pal%C3%A1cio%20da%20Justi%C3%A7a%2C%20Av.%20de%20Santa%20Maria%20-%202830-007%20Barreiro&#038;zoom=10\"\n\t\t\t\t\ttitle=\"Pal\u00e1cio da Justi\u00e7a, Av. de Santa Maria - 2830-007 Barreiro\"\n\t\t\t\t\taria-label=\"Pal\u00e1cio da Justi\u00e7a, Av. de Santa Maria - 2830-007 Barreiro\"\n\t\t\t><\/iframe>\n\t\t<\/div>\n\t\t\t\t\t\t<\/div>\n\t\t\t\t<\/div>\n\t\t\t\t\t<\/div>\n\t\t\t\t<\/div>\n\t\t<div role=\"region\" aria-labelledby=\"e-n-accordion-item-1100\" class=\"elementor-element elementor-element-d7c6fa4 e-grid e-con-boxed e-con e-child\" data-id=\"d7c6fa4\" data-element_type=\"container\">\n\t\t\t\t\t<div class=\"e-con-inner\">\n\t\t\t\t<div class=\"elementor-element elementor-element-509fc7d elementor-widget elementor-widget-text-editor\" data-id=\"509fc7d\" data-element_type=\"widget\" data-widget_type=\"text-editor.default\">\n\t\t\t\t<div class=\"elementor-widget-container\">\n\t\t\t\t\t\t\t\t\t<h5><strong>Unidade Central do Barreiro<\/strong><\/h5><p>Morada: Pal\u00e1cio da Justi\u00e7a, Av. de Santa Maria &#8211; 2830-007 Barreiro<\/p><p>Telefone: 212149200<\/p><p>Fax: 212149279<\/p><p>email: barreiro.judicial@tribunais.org.pt<\/p><p>Compet\u00eancia Territorial:<\/p>\t\t\t\t\t\t\t\t<\/div>\n\t\t\t\t<\/div>\n\t\t\t\t<div class=\"elementor-element elementor-element-12afc52 elementor-widget elementor-widget-google_maps\" data-id=\"12afc52\" data-element_type=\"widget\" data-widget_type=\"google_maps.default\">\n\t\t\t\t<div class=\"elementor-widget-container\">\n\t\t\t\t\t\t\t<div class=\"elementor-custom-embed\">\n\t\t\t<iframe loading=\"lazy\"\n\t\t\t\t\tsrc=\"https:\/\/www.google.com\/maps\/embed\/v1\/place?key=AIzaSyDhSoLeftGxfg7Tvco7SEUCY-Cc_XLDY3c&#038;q=Pal%C3%A1cio%20da%20Justi%C3%A7a%2C%20Av.%20de%20Santa%20Maria%20-%202830-007%20Barreiro&#038;zoom=10\"\n\t\t\t\t\ttitle=\"Pal\u00e1cio da Justi\u00e7a, Av. de Santa Maria - 2830-007 Barreiro\"\n\t\t\t\t\taria-label=\"Pal\u00e1cio da Justi\u00e7a, Av. de Santa Maria - 2830-007 Barreiro\"\n\t\t\t><\/iframe>\n\t\t<\/div>\n\t\t\t\t\t\t<\/div>\n\t\t\t\t<\/div>\n\t\t\t\t\t<\/div>\n\t\t\t\t<\/div>\n\t\t\t\t<\/div>\n\t\t\t\t\t<\/details>\n\t\t\t\t\t<\/div>\n\t\t\t\t\t\t<\/div>\n\t\t\t\t<\/div>\n\t\t\t\t\t<\/div>\n\t\t\t\t<\/div>\n\t\t\t\t<\/div>\n\t\t","protected":false},"excerpt":{"rendered":"<p>Barreiro Ju\u00edzo de Com\u00e9rcio do Barreiro Morada: Pal\u00e1cio da Justi\u00e7a, Av. de Santa Maria &#8211; 2830-007 Barreiro Telefone: 212149200 Fax: 212149279 email: barreiro.judicial@tribunais.org.pt Compet\u00eancia Territorial:\u00a0\u00a0\u00a0\u00a0\u00a0 Munic\u00edpio de Alcochete, Almada, Barreiro, Moita, Montijo e Seixal Ju\u00edzo de Fam\u00edlia e Menores do Barreiro Morada: Pal\u00e1cio da Justi\u00e7a, Av. de Santa Maria &#8211; 2830-007 Barreiro Telefone: 212149200 Fax:&#8230;<\/p>\n","protected":false},"author":17,"featured_media":0,"parent":11069,"menu_order":0,"comment_status":"closed","ping_status":"closed","template":"","meta":{"_tbt_post_transparent":"","_tbt_post_title":"","_tbt_post_layout":"default","_tbt_post_sidebar_id":"","_tbt_post_content_style":"","_tbt_post_vertical_padding":"","_tbt_post_feature":"","_tbt_post_feature_position":"","_tbt_post_header":false,"_tbt_post_footer":false},"class_list":["post-12354","page","type-page","status-publish","hentry"],"yoast_head":"<!-- This site is optimized with the Yoast SEO plugin v25.6 - https:\/\/yoast.com\/wordpress\/plugins\/seo\/ -->\n<title>Barreiro - Tribunal Judicial da Comarca de Lisboa<\/title>\n<meta name=\"robots\" content=\"index, follow, max-snippet:-1, max-image-preview:large, max-video-preview:-1\" \/>\n<link rel=\"canonical\" href=\"https:\/\/comarcas.csm.org.pt\/lisboa\/acomarca\/juizos\/barreiro\/\" \/>\n<meta property=\"og:locale\" content=\"pt_PT\" \/>\n<meta property=\"og:type\" content=\"article\" \/>\n<meta property=\"og:title\" content=\"Barreiro - Tribunal Judicial da Comarca de Lisboa\" \/>\n<meta property=\"og:description\" content=\"Barreiro Ju\u00edzo de Com\u00e9rcio do Barreiro Morada: Pal\u00e1cio da Justi\u00e7a, Av. de Santa Maria &#8211; 2830-007 Barreiro Telefone: 212149200 Fax: 212149279 email: barreiro.judicial@tribunais.org.pt Compet\u00eancia Territorial:\u00a0\u00a0\u00a0\u00a0\u00a0 Munic\u00edpio de Alcochete, Almada, Barreiro, Moita, Montijo e Seixal Ju\u00edzo de Fam\u00edlia e Menores do Barreiro Morada: Pal\u00e1cio da Justi\u00e7a, Av. de Santa Maria &#8211; 2830-007 Barreiro Telefone: 212149200 Fax:...\" \/>\n<meta property=\"og:url\" content=\"https:\/\/comarcas.csm.org.pt\/lisboa\/acomarca\/juizos\/barreiro\/\" \/>\n<meta property=\"og:site_name\" content=\"Tribunal Judicial da Comarca de Lisboa\" \/>\n<meta property=\"article:modified_time\" content=\"2025-06-17T12:55:33+00:00\" \/>\n<meta name=\"twitter:card\" content=\"summary_large_image\" \/>\n<meta name=\"twitter:label1\" content=\"Tempo estimado de leitura\" \/>\n\t<meta name=\"twitter:data1\" content=\"2 minutos\" \/>\n<script type=\"application\/ld+json\" class=\"yoast-schema-graph\">{\"@context\":\"https:\/\/schema.org\",\"@graph\":[{\"@type\":\"WebPage\",\"@id\":\"https:\/\/comarcas.csm.org.pt\/lisboa\/acomarca\/juizos\/barreiro\/\",\"url\":\"https:\/\/comarcas.csm.org.pt\/lisboa\/acomarca\/juizos\/barreiro\/\",\"name\":\"Barreiro - Tribunal Judicial da Comarca de Lisboa\",\"isPartOf\":{\"@id\":\"https:\/\/comarcas.csm.org.pt\/lisboa\/#website\"},\"datePublished\":\"2025-06-17T11:58:02+00:00\",\"dateModified\":\"2025-06-17T12:55:33+00:00\",\"breadcrumb\":{\"@id\":\"https:\/\/comarcas.csm.org.pt\/lisboa\/acomarca\/juizos\/barreiro\/#breadcrumb\"},\"inLanguage\":\"pt-PT\",\"potentialAction\":[{\"@type\":\"ReadAction\",\"target\":[\"https:\/\/comarcas.csm.org.pt\/lisboa\/acomarca\/juizos\/barreiro\/\"]}]},{\"@type\":\"BreadcrumbList\",\"@id\":\"https:\/\/comarcas.csm.org.pt\/lisboa\/acomarca\/juizos\/barreiro\/#breadcrumb\",\"itemListElement\":[{\"@type\":\"ListItem\",\"position\":1,\"name\":\"In\u00edcio\",\"item\":\"https:\/\/comarcas.csm.org.pt\/lisboa\/\"},{\"@type\":\"ListItem\",\"position\":2,\"name\":\"A Comarca\",\"item\":\"https:\/\/comarcas.csm.org.pt\/lisboa\/acomarca\/\"},{\"@type\":\"ListItem\",\"position\":3,\"name\":\"Ju\u00edzos\",\"item\":\"https:\/\/comarcas.csm.org.pt\/lisboa\/acomarca\/juizos\/\"},{\"@type\":\"ListItem\",\"position\":4,\"name\":\"Barreiro\"}]},{\"@type\":\"WebSite\",\"@id\":\"https:\/\/comarcas.csm.org.pt\/lisboa\/#website\",\"url\":\"https:\/\/comarcas.csm.org.pt\/lisboa\/\",\"name\":\"Tribunal Judicial da Comarca de Lisboa\",\"description\":\"Tribunal Judicial da Comarca de Aveiro\",\"publisher\":{\"@id\":\"https:\/\/comarcas.csm.org.pt\/lisboa\/#organization\"},\"potentialAction\":[{\"@type\":\"SearchAction\",\"target\":{\"@type\":\"EntryPoint\",\"urlTemplate\":\"https:\/\/comarcas.csm.org.pt\/lisboa\/?s={search_term_string}\"},\"query-input\":{\"@type\":\"PropertyValueSpecification\",\"valueRequired\":true,\"valueName\":\"search_term_string\"}}],\"inLanguage\":\"pt-PT\"},{\"@type\":\"Organization\",\"@id\":\"https:\/\/comarcas.csm.org.pt\/lisboa\/#organization\",\"name\":\"Tribunal Judicial da Comarca de Lisboa\",\"url\":\"https:\/\/comarcas.csm.org.pt\/lisboa\/\",\"logo\":{\"@type\":\"ImageObject\",\"inLanguage\":\"pt-PT\",\"@id\":\"https:\/\/comarcas.csm.org.pt\/lisboa\/#\/schema\/logo\/image\/\",\"url\":\"https:\/\/comarcas.csm.org.pt\/lisboa\/wp-content\/uploads\/sites\/17\/2024\/11\/Lisboa_positivo-horizontal.png\",\"contentUrl\":\"https:\/\/comarcas.csm.org.pt\/lisboa\/wp-content\/uploads\/sites\/17\/2024\/11\/Lisboa_positivo-horizontal.png\",\"width\":4368,\"height\":1130,\"caption\":\"Tribunal Judicial da Comarca de Lisboa\"},\"image\":{\"@id\":\"https:\/\/comarcas.csm.org.pt\/lisboa\/#\/schema\/logo\/image\/\"}}]}<\/script>\n<!-- \/ Yoast SEO plugin. -->","yoast_head_json":{"title":"Barreiro - Tribunal Judicial da Comarca de Lisboa","robots":{"index":"index","follow":"follow","max-snippet":"max-snippet:-1","max-image-preview":"max-image-preview:large","max-video-preview":"max-video-preview:-1"},"canonical":"https:\/\/comarcas.csm.org.pt\/lisboa\/acomarca\/juizos\/barreiro\/","og_locale":"pt_PT","og_type":"article","og_title":"Barreiro - Tribunal Judicial da Comarca de Lisboa","og_description":"Barreiro Ju\u00edzo de Com\u00e9rcio do Barreiro Morada: Pal\u00e1cio da Justi\u00e7a, Av. de Santa Maria &#8211; 2830-007 Barreiro Telefone: 212149200 Fax: 212149279 email: barreiro.judicial@tribunais.org.pt Compet\u00eancia Territorial:\u00a0\u00a0\u00a0\u00a0\u00a0 Munic\u00edpio de Alcochete, Almada, Barreiro, Moita, Montijo e Seixal Ju\u00edzo de Fam\u00edlia e Menores do Barreiro Morada: Pal\u00e1cio da Justi\u00e7a, Av. de Santa Maria &#8211; 2830-007 Barreiro Telefone: 212149200 Fax:...","og_url":"https:\/\/comarcas.csm.org.pt\/lisboa\/acomarca\/juizos\/barreiro\/","og_site_name":"Tribunal Judicial da Comarca de Lisboa","article_modified_time":"2025-06-17T12:55:33+00:00","twitter_card":"summary_large_image","twitter_misc":{"Tempo estimado de leitura":"2 minutos"},"schema":{"@context":"https:\/\/schema.org","@graph":[{"@type":"WebPage","@id":"https:\/\/comarcas.csm.org.pt\/lisboa\/acomarca\/juizos\/barreiro\/","url":"https:\/\/comarcas.csm.org.pt\/lisboa\/acomarca\/juizos\/barreiro\/","name":"Barreiro - Tribunal Judicial da Comarca de Lisboa","isPartOf":{"@id":"https:\/\/comarcas.csm.org.pt\/lisboa\/#website"},"datePublished":"2025-06-17T11:58:02+00:00","dateModified":"2025-06-17T12:55:33+00:00","breadcrumb":{"@id":"https:\/\/comarcas.csm.org.pt\/lisboa\/acomarca\/juizos\/barreiro\/#breadcrumb"},"inLanguage":"pt-PT","potentialAction":[{"@type":"ReadAction","target":["https:\/\/comarcas.csm.org.pt\/lisboa\/acomarca\/juizos\/barreiro\/"]}]},{"@type":"BreadcrumbList","@id":"https:\/\/comarcas.csm.org.pt\/lisboa\/acomarca\/juizos\/barreiro\/#breadcrumb","itemListElement":[{"@type":"ListItem","position":1,"name":"In\u00edcio","item":"https:\/\/comarcas.csm.org.pt\/lisboa\/"},{"@type":"ListItem","position":2,"name":"A Comarca","item":"https:\/\/comarcas.csm.org.pt\/lisboa\/acomarca\/"},{"@type":"ListItem","position":3,"name":"Ju\u00edzos","item":"https:\/\/comarcas.csm.org.pt\/lisboa\/acomarca\/juizos\/"},{"@type":"ListItem","position":4,"name":"Barreiro"}]},{"@type":"WebSite","@id":"https:\/\/comarcas.csm.org.pt\/lisboa\/#website","url":"https:\/\/comarcas.csm.org.pt\/lisboa\/","name":"Tribunal Judicial da Comarca de Lisboa","description":"Tribunal Judicial da Comarca de Aveiro","publisher":{"@id":"https:\/\/comarcas.csm.org.pt\/lisboa\/#organization"},"potentialAction":[{"@type":"SearchAction","target":{"@type":"EntryPoint","urlTemplate":"https:\/\/comarcas.csm.org.pt\/lisboa\/?s={search_term_string}"},"query-input":{"@type":"PropertyValueSpecification","valueRequired":true,"valueName":"search_term_string"}}],"inLanguage":"pt-PT"},{"@type":"Organization","@id":"https:\/\/comarcas.csm.org.pt\/lisboa\/#organization","name":"Tribunal Judicial da Comarca de Lisboa","url":"https:\/\/comarcas.csm.org.pt\/lisboa\/","logo":{"@type":"ImageObject","inLanguage":"pt-PT","@id":"https:\/\/comarcas.csm.org.pt\/lisboa\/#\/schema\/logo\/image\/","url":"https:\/\/comarcas.csm.org.pt\/lisboa\/wp-content\/uploads\/sites\/17\/2024\/11\/Lisboa_positivo-horizontal.png","contentUrl":"https:\/\/comarcas.csm.org.pt\/lisboa\/wp-content\/uploads\/sites\/17\/2024\/11\/Lisboa_positivo-horizontal.png","width":4368,"height":1130,"caption":"Tribunal Judicial da Comarca de Lisboa"},"image":{"@id":"https:\/\/comarcas.csm.org.pt\/lisboa\/#\/schema\/logo\/image\/"}}]}},"_links":{"self":[{"href":"https:\/\/comarcas.csm.org.pt\/lisboa\/wp-json\/wp\/v2\/pages\/12354","targetHints":{"allow":["GET"]}}],"collection":[{"href":"https:\/\/comarcas.csm.org.pt\/lisboa\/wp-json\/wp\/v2\/pages"}],"about":[{"href":"https:\/\/comarcas.csm.org.pt\/lisboa\/wp-json\/wp\/v2\/types\/page"}],"author":[{"embeddable":true,"href":"https:\/\/comarcas.csm.org.pt\/lisboa\/wp-json\/wp\/v2\/users\/17"}],"replies":[{"embeddable":true,"href":"https:\/\/comarcas.csm.org.pt\/lisboa\/wp-json\/wp\/v2\/comments?post=12354"}],"version-history":[{"count":7,"href":"https:\/\/comarcas.csm.org.pt\/lisboa\/wp-json\/wp\/v2\/pages\/12354\/revisions"}],"predecessor-version":[{"id":12377,"href":"https:\/\/comarcas.csm.org.pt\/lisboa\/wp-json\/wp\/v2\/pages\/12354\/revisions\/12377"}],"up":[{"embeddable":true,"href":"https:\/\/comarcas.csm.org.pt\/lisboa\/wp-json\/wp\/v2\/pages\/11069"}],"wp:attachment":[{"href":"https:\/\/comarcas.csm.org.pt\/lisboa\/wp-json\/wp\/v2\/media?parent=12354"}],"curies":[{"name":"wp","href":"https:\/\/api.w.org\/{rel}","templated":true}]}}