{"id":12366,"date":"2025-06-17T12:43:55","date_gmt":"2025-06-17T12:43:55","guid":{"rendered":"https:\/\/comarcas.csm.org.pt\/lisboa\/?page_id=12366"},"modified":"2025-06-20T09:16:57","modified_gmt":"2025-06-20T09:16:57","slug":"moita","status":"publish","type":"page","link":"https:\/\/comarcas.csm.org.pt\/lisboa\/acomarca\/juizos\/moita\/","title":{"rendered":"Moita"},"content":{"rendered":"\t\t<div data-elementor-type=\"wp-page\" data-elementor-id=\"12366\" class=\"elementor elementor-12366\" data-elementor-post-type=\"page\">\n\t\t\t\t<div class=\"elementor-element elementor-element-411947d e-flex e-con-boxed e-con e-parent\" data-id=\"411947d\" data-element_type=\"container\">\n\t\t\t\t\t<div class=\"e-con-inner\">\n\t\t\t\t<div class=\"elementor-element elementor-element-65173fb elementor-widget elementor-widget-n-accordion\" data-id=\"65173fb\" data-element_type=\"widget\" data-settings=\"{&quot;default_state&quot;:&quot;expanded&quot;,&quot;max_items_expended&quot;:&quot;one&quot;,&quot;n_accordion_animation_duration&quot;:{&quot;unit&quot;:&quot;ms&quot;,&quot;size&quot;:400,&quot;sizes&quot;:[]}}\" data-widget_type=\"nested-accordion.default\">\n\t\t\t\t<div class=\"elementor-widget-container\">\n\t\t\t\t\t\t\t<div class=\"e-n-accordion\" aria-label=\"Accordion. Open links with Enter or Space, close with Escape, and navigate with Arrow Keys\">\n\t\t\t\t\t\t<details id=\"e-n-accordion-item-1060\" class=\"e-n-accordion-item\" open>\n\t\t\t\t<summary class=\"e-n-accordion-item-title\" data-accordion-index=\"1\" tabindex=\"0\" aria-expanded=\"true\" aria-controls=\"e-n-accordion-item-1060\" >\n\t\t\t\t\t<span class='e-n-accordion-item-title-header'><div class=\"e-n-accordion-item-title-text\"> Moita <\/div><\/span>\n\t\t\t\t\t\t\t<span class='e-n-accordion-item-title-icon'>\n\t\t\t<span class='e-opened' ><svg aria-hidden=\"true\" class=\"e-font-icon-svg e-fas-minus\" viewBox=\"0 0 448 512\" xmlns=\"http:\/\/www.w3.org\/2000\/svg\"><path d=\"M416 208H32c-17.67 0-32 14.33-32 32v32c0 17.67 14.33 32 32 32h384c17.67 0 32-14.33 32-32v-32c0-17.67-14.33-32-32-32z\"><\/path><\/svg><\/span>\n\t\t\t<span class='e-closed'><svg aria-hidden=\"true\" class=\"e-font-icon-svg e-fas-plus\" viewBox=\"0 0 448 512\" xmlns=\"http:\/\/www.w3.org\/2000\/svg\"><path d=\"M416 208H272V64c0-17.67-14.33-32-32-32h-32c-17.67 0-32 14.33-32 32v144H32c-17.67 0-32 14.33-32 32v32c0 17.67 14.33 32 32 32h144v144c0 17.67 14.33 32 32 32h32c17.67 0 32-14.33 32-32V304h144c17.67 0 32-14.33 32-32v-32c0-17.67-14.33-32-32-32z\"><\/path><\/svg><\/span>\n\t\t<\/span>\n\n\t\t\t\t\t\t<\/summary>\n\t\t\t\t<div role=\"region\" aria-labelledby=\"e-n-accordion-item-1060\" class=\"elementor-element elementor-element-bc66fde e-con-full e-flex e-con e-child\" data-id=\"bc66fde\" data-element_type=\"container\">\n\t\t<div role=\"region\" aria-labelledby=\"e-n-accordion-item-1060\" class=\"elementor-element elementor-element-537cf51 e-grid e-con-boxed e-con e-child\" data-id=\"537cf51\" data-element_type=\"container\">\n\t\t\t\t\t<div class=\"e-con-inner\">\n\t\t\t\t<div class=\"elementor-element elementor-element-b140a6b elementor-widget elementor-widget-text-editor\" data-id=\"b140a6b\" data-element_type=\"widget\" data-widget_type=\"text-editor.default\">\n\t\t\t\t<div class=\"elementor-widget-container\">\n\t\t\t\t\t\t\t\t\t<h5><strong>Ju\u00edzo Local C\u00edvel da Moita<\/strong><\/h5><p>Morada: Rua Francisco T\u00e1vora, n.\u00ba 2 &#8211; 2864-001 Moita<\/p><p>Telefone: 212808600<\/p><p>Fax: 212808699<\/p><p>email: moita.judicial@tribunais.org.pt<\/p><p>Compet\u00eancia Territorial:<br \/>\u00a0\u00a0\u00a0\u00a0\u00a0 Munic\u00edpios do Barreiro e Moita<\/p>\t\t\t\t\t\t\t\t<\/div>\n\t\t\t\t<\/div>\n\t\t\t\t<div class=\"elementor-element elementor-element-999e52f elementor-widget elementor-widget-google_maps\" data-id=\"999e52f\" data-element_type=\"widget\" data-widget_type=\"google_maps.default\">\n\t\t\t\t<div class=\"elementor-widget-container\">\n\t\t\t\t\t\t\t<div class=\"elementor-custom-embed\">\n\t\t\t<iframe loading=\"lazy\"\n\t\t\t\t\tsrc=\"https:\/\/www.google.com\/maps\/embed\/v1\/place?key=AIzaSyDhSoLeftGxfg7Tvco7SEUCY-Cc_XLDY3c&#038;q=Rua%20Francisco%20T%C3%A1vora%2C%20n.%C2%BA%202%20-%202864-001%20Moita&#038;zoom=10\"\n\t\t\t\t\ttitle=\"Rua Francisco T\u00e1vora, n.\u00ba 2 - 2864-001 Moita\"\n\t\t\t\t\taria-label=\"Rua Francisco T\u00e1vora, n.\u00ba 2 - 2864-001 Moita\"\n\t\t\t><\/iframe>\n\t\t<\/div>\n\t\t\t\t\t\t<\/div>\n\t\t\t\t<\/div>\n\t\t\t\t\t<\/div>\n\t\t\t\t<\/div>\n\t\t<div role=\"region\" aria-labelledby=\"e-n-accordion-item-1060\" class=\"elementor-element elementor-element-8488835 e-grid e-con-boxed e-con e-child\" data-id=\"8488835\" data-element_type=\"container\">\n\t\t\t\t\t<div class=\"e-con-inner\">\n\t\t\t\t<div class=\"elementor-element elementor-element-850e1d3 elementor-widget elementor-widget-text-editor\" data-id=\"850e1d3\" data-element_type=\"widget\" data-widget_type=\"text-editor.default\">\n\t\t\t\t<div class=\"elementor-widget-container\">\n\t\t\t\t\t\t\t\t\t<h5><strong>Unidade Central da Moita<\/strong><\/h5><p>Morada: Rua Francisco T\u00e1vora, N.\u00ba 2 &#8211; 2864-001 Moita<\/p><p>Telefone: 212808600<\/p><p>Fax: 212808699<\/p><p>email: moita.judicial@tribunais.org.pt<\/p><p>Compet\u00eancia Territorial:<br \/>\u00a0\u00a0\u00a0\u00a0\u00a0<\/p>\t\t\t\t\t\t\t\t<\/div>\n\t\t\t\t<\/div>\n\t\t\t\t<div class=\"elementor-element elementor-element-72125ee elementor-widget elementor-widget-google_maps\" data-id=\"72125ee\" data-element_type=\"widget\" data-widget_type=\"google_maps.default\">\n\t\t\t\t<div class=\"elementor-widget-container\">\n\t\t\t\t\t\t\t<div class=\"elementor-custom-embed\">\n\t\t\t<iframe loading=\"lazy\"\n\t\t\t\t\tsrc=\"https:\/\/www.google.com\/maps\/embed\/v1\/place?key=AIzaSyDhSoLeftGxfg7Tvco7SEUCY-Cc_XLDY3c&#038;q=Rua%20Francisco%20T%C3%A1vora%2C%20n.%C2%BA%202%20-%202864-001%20Moita&#038;zoom=10\"\n\t\t\t\t\ttitle=\"Rua Francisco T\u00e1vora, n.\u00ba 2 - 2864-001 Moita\"\n\t\t\t\t\taria-label=\"Rua Francisco T\u00e1vora, n.\u00ba 2 - 2864-001 Moita\"\n\t\t\t><\/iframe>\n\t\t<\/div>\n\t\t\t\t\t\t<\/div>\n\t\t\t\t<\/div>\n\t\t\t\t\t<\/div>\n\t\t\t\t<\/div>\n\t\t\t\t<\/div>\n\t\t\t\t\t<\/details>\n\t\t\t\t\t<\/div>\n\t\t\t\t\t\t<\/div>\n\t\t\t\t<\/div>\n\t\t\t\t\t<\/div>\n\t\t\t\t<\/div>\n\t\t\t\t<\/div>\n\t\t","protected":false},"excerpt":{"rendered":"<p>Moita Ju\u00edzo Local C\u00edvel da Moita Morada: Rua Francisco T\u00e1vora, n.\u00ba 2 &#8211; 2864-001 Moita Telefone: 212808600 Fax: 212808699 email: moita.judicial@tribunais.org.pt Compet\u00eancia Territorial:\u00a0\u00a0\u00a0\u00a0\u00a0 Munic\u00edpios do Barreiro e Moita Unidade Central da Moita Morada: Rua Francisco T\u00e1vora, N.\u00ba 2 &#8211; 2864-001 Moita Telefone: 212808600 Fax: 212808699 email: moita.judicial@tribunais.org.pt Compet\u00eancia Territorial:\u00a0\u00a0\u00a0\u00a0\u00a0 Ju\u00edzo Local C\u00edvel da Moita Morada:&#8230;<\/p>\n","protected":false},"author":17,"featured_media":0,"parent":11069,"menu_order":0,"comment_status":"closed","ping_status":"closed","template":"","meta":{"_tbt_post_transparent":"","_tbt_post_title":"","_tbt_post_layout":"default","_tbt_post_sidebar_id":"","_tbt_post_content_style":"","_tbt_post_vertical_padding":"","_tbt_post_feature":"","_tbt_post_feature_position":"","_tbt_post_header":false,"_tbt_post_footer":false},"class_list":["post-12366","page","type-page","status-publish","hentry"],"yoast_head":"<!-- This site is optimized with the Yoast SEO plugin v25.6 - https:\/\/yoast.com\/wordpress\/plugins\/seo\/ -->\n<title>Moita - Tribunal Judicial da Comarca de Lisboa<\/title>\n<meta name=\"robots\" content=\"index, follow, max-snippet:-1, max-image-preview:large, max-video-preview:-1\" \/>\n<link rel=\"canonical\" href=\"https:\/\/comarcas.csm.org.pt\/lisboa\/acomarca\/juizos\/moita\/\" \/>\n<meta property=\"og:locale\" content=\"pt_PT\" \/>\n<meta property=\"og:type\" content=\"article\" \/>\n<meta property=\"og:title\" content=\"Moita - Tribunal Judicial da Comarca de Lisboa\" \/>\n<meta property=\"og:description\" content=\"Moita Ju\u00edzo Local C\u00edvel da Moita Morada: Rua Francisco T\u00e1vora, n.\u00ba 2 &#8211; 2864-001 Moita Telefone: 212808600 Fax: 212808699 email: moita.judicial@tribunais.org.pt Compet\u00eancia Territorial:\u00a0\u00a0\u00a0\u00a0\u00a0 Munic\u00edpios do Barreiro e Moita Unidade Central da Moita Morada: Rua Francisco T\u00e1vora, N.\u00ba 2 &#8211; 2864-001 Moita Telefone: 212808600 Fax: 212808699 email: moita.judicial@tribunais.org.pt Compet\u00eancia Territorial:\u00a0\u00a0\u00a0\u00a0\u00a0 Ju\u00edzo Local C\u00edvel da Moita Morada:...\" \/>\n<meta property=\"og:url\" content=\"https:\/\/comarcas.csm.org.pt\/lisboa\/acomarca\/juizos\/moita\/\" \/>\n<meta property=\"og:site_name\" content=\"Tribunal Judicial da Comarca de Lisboa\" \/>\n<meta property=\"article:modified_time\" content=\"2025-06-20T09:16:57+00:00\" \/>\n<meta name=\"twitter:card\" content=\"summary_large_image\" \/>\n<meta name=\"twitter:label1\" content=\"Tempo estimado de leitura\" \/>\n\t<meta name=\"twitter:data1\" content=\"1 minuto\" \/>\n<script type=\"application\/ld+json\" class=\"yoast-schema-graph\">{\"@context\":\"https:\/\/schema.org\",\"@graph\":[{\"@type\":\"WebPage\",\"@id\":\"https:\/\/comarcas.csm.org.pt\/lisboa\/acomarca\/juizos\/moita\/\",\"url\":\"https:\/\/comarcas.csm.org.pt\/lisboa\/acomarca\/juizos\/moita\/\",\"name\":\"Moita - Tribunal Judicial da Comarca de Lisboa\",\"isPartOf\":{\"@id\":\"https:\/\/comarcas.csm.org.pt\/lisboa\/#website\"},\"datePublished\":\"2025-06-17T12:43:55+00:00\",\"dateModified\":\"2025-06-20T09:16:57+00:00\",\"breadcrumb\":{\"@id\":\"https:\/\/comarcas.csm.org.pt\/lisboa\/acomarca\/juizos\/moita\/#breadcrumb\"},\"inLanguage\":\"pt-PT\",\"potentialAction\":[{\"@type\":\"ReadAction\",\"target\":[\"https:\/\/comarcas.csm.org.pt\/lisboa\/acomarca\/juizos\/moita\/\"]}]},{\"@type\":\"BreadcrumbList\",\"@id\":\"https:\/\/comarcas.csm.org.pt\/lisboa\/acomarca\/juizos\/moita\/#breadcrumb\",\"itemListElement\":[{\"@type\":\"ListItem\",\"position\":1,\"name\":\"In\u00edcio\",\"item\":\"https:\/\/comarcas.csm.org.pt\/lisboa\/\"},{\"@type\":\"ListItem\",\"position\":2,\"name\":\"A Comarca\",\"item\":\"https:\/\/comarcas.csm.org.pt\/lisboa\/acomarca\/\"},{\"@type\":\"ListItem\",\"position\":3,\"name\":\"Ju\u00edzos\",\"item\":\"https:\/\/comarcas.csm.org.pt\/lisboa\/acomarca\/juizos\/\"},{\"@type\":\"ListItem\",\"position\":4,\"name\":\"Moita\"}]},{\"@type\":\"WebSite\",\"@id\":\"https:\/\/comarcas.csm.org.pt\/lisboa\/#website\",\"url\":\"https:\/\/comarcas.csm.org.pt\/lisboa\/\",\"name\":\"Tribunal Judicial da Comarca de Lisboa\",\"description\":\"Tribunal Judicial da Comarca de Aveiro\",\"publisher\":{\"@id\":\"https:\/\/comarcas.csm.org.pt\/lisboa\/#organization\"},\"potentialAction\":[{\"@type\":\"SearchAction\",\"target\":{\"@type\":\"EntryPoint\",\"urlTemplate\":\"https:\/\/comarcas.csm.org.pt\/lisboa\/?s={search_term_string}\"},\"query-input\":{\"@type\":\"PropertyValueSpecification\",\"valueRequired\":true,\"valueName\":\"search_term_string\"}}],\"inLanguage\":\"pt-PT\"},{\"@type\":\"Organization\",\"@id\":\"https:\/\/comarcas.csm.org.pt\/lisboa\/#organization\",\"name\":\"Tribunal Judicial da Comarca de Lisboa\",\"url\":\"https:\/\/comarcas.csm.org.pt\/lisboa\/\",\"logo\":{\"@type\":\"ImageObject\",\"inLanguage\":\"pt-PT\",\"@id\":\"https:\/\/comarcas.csm.org.pt\/lisboa\/#\/schema\/logo\/image\/\",\"url\":\"https:\/\/comarcas.csm.org.pt\/lisboa\/wp-content\/uploads\/sites\/17\/2024\/11\/Lisboa_positivo-horizontal.png\",\"contentUrl\":\"https:\/\/comarcas.csm.org.pt\/lisboa\/wp-content\/uploads\/sites\/17\/2024\/11\/Lisboa_positivo-horizontal.png\",\"width\":4368,\"height\":1130,\"caption\":\"Tribunal Judicial da Comarca de Lisboa\"},\"image\":{\"@id\":\"https:\/\/comarcas.csm.org.pt\/lisboa\/#\/schema\/logo\/image\/\"}}]}<\/script>\n<!-- \/ Yoast SEO plugin. -->","yoast_head_json":{"title":"Moita - Tribunal Judicial da Comarca de Lisboa","robots":{"index":"index","follow":"follow","max-snippet":"max-snippet:-1","max-image-preview":"max-image-preview:large","max-video-preview":"max-video-preview:-1"},"canonical":"https:\/\/comarcas.csm.org.pt\/lisboa\/acomarca\/juizos\/moita\/","og_locale":"pt_PT","og_type":"article","og_title":"Moita - Tribunal Judicial da Comarca de Lisboa","og_description":"Moita Ju\u00edzo Local C\u00edvel da Moita Morada: Rua Francisco T\u00e1vora, n.\u00ba 2 &#8211; 2864-001 Moita Telefone: 212808600 Fax: 212808699 email: moita.judicial@tribunais.org.pt Compet\u00eancia Territorial:\u00a0\u00a0\u00a0\u00a0\u00a0 Munic\u00edpios do Barreiro e Moita Unidade Central da Moita Morada: Rua Francisco T\u00e1vora, N.\u00ba 2 &#8211; 2864-001 Moita Telefone: 212808600 Fax: 212808699 email: moita.judicial@tribunais.org.pt Compet\u00eancia Territorial:\u00a0\u00a0\u00a0\u00a0\u00a0 Ju\u00edzo Local C\u00edvel da Moita Morada:...","og_url":"https:\/\/comarcas.csm.org.pt\/lisboa\/acomarca\/juizos\/moita\/","og_site_name":"Tribunal Judicial da Comarca de Lisboa","article_modified_time":"2025-06-20T09:16:57+00:00","twitter_card":"summary_large_image","twitter_misc":{"Tempo estimado de leitura":"1 minuto"},"schema":{"@context":"https:\/\/schema.org","@graph":[{"@type":"WebPage","@id":"https:\/\/comarcas.csm.org.pt\/lisboa\/acomarca\/juizos\/moita\/","url":"https:\/\/comarcas.csm.org.pt\/lisboa\/acomarca\/juizos\/moita\/","name":"Moita - Tribunal Judicial da Comarca de Lisboa","isPartOf":{"@id":"https:\/\/comarcas.csm.org.pt\/lisboa\/#website"},"datePublished":"2025-06-17T12:43:55+00:00","dateModified":"2025-06-20T09:16:57+00:00","breadcrumb":{"@id":"https:\/\/comarcas.csm.org.pt\/lisboa\/acomarca\/juizos\/moita\/#breadcrumb"},"inLanguage":"pt-PT","potentialAction":[{"@type":"ReadAction","target":["https:\/\/comarcas.csm.org.pt\/lisboa\/acomarca\/juizos\/moita\/"]}]},{"@type":"BreadcrumbList","@id":"https:\/\/comarcas.csm.org.pt\/lisboa\/acomarca\/juizos\/moita\/#breadcrumb","itemListElement":[{"@type":"ListItem","position":1,"name":"In\u00edcio","item":"https:\/\/comarcas.csm.org.pt\/lisboa\/"},{"@type":"ListItem","position":2,"name":"A Comarca","item":"https:\/\/comarcas.csm.org.pt\/lisboa\/acomarca\/"},{"@type":"ListItem","position":3,"name":"Ju\u00edzos","item":"https:\/\/comarcas.csm.org.pt\/lisboa\/acomarca\/juizos\/"},{"@type":"ListItem","position":4,"name":"Moita"}]},{"@type":"WebSite","@id":"https:\/\/comarcas.csm.org.pt\/lisboa\/#website","url":"https:\/\/comarcas.csm.org.pt\/lisboa\/","name":"Tribunal Judicial da Comarca de Lisboa","description":"Tribunal Judicial da Comarca de Aveiro","publisher":{"@id":"https:\/\/comarcas.csm.org.pt\/lisboa\/#organization"},"potentialAction":[{"@type":"SearchAction","target":{"@type":"EntryPoint","urlTemplate":"https:\/\/comarcas.csm.org.pt\/lisboa\/?s={search_term_string}"},"query-input":{"@type":"PropertyValueSpecification","valueRequired":true,"valueName":"search_term_string"}}],"inLanguage":"pt-PT"},{"@type":"Organization","@id":"https:\/\/comarcas.csm.org.pt\/lisboa\/#organization","name":"Tribunal Judicial da Comarca de Lisboa","url":"https:\/\/comarcas.csm.org.pt\/lisboa\/","logo":{"@type":"ImageObject","inLanguage":"pt-PT","@id":"https:\/\/comarcas.csm.org.pt\/lisboa\/#\/schema\/logo\/image\/","url":"https:\/\/comarcas.csm.org.pt\/lisboa\/wp-content\/uploads\/sites\/17\/2024\/11\/Lisboa_positivo-horizontal.png","contentUrl":"https:\/\/comarcas.csm.org.pt\/lisboa\/wp-content\/uploads\/sites\/17\/2024\/11\/Lisboa_positivo-horizontal.png","width":4368,"height":1130,"caption":"Tribunal Judicial da Comarca de Lisboa"},"image":{"@id":"https:\/\/comarcas.csm.org.pt\/lisboa\/#\/schema\/logo\/image\/"}}]}},"_links":{"self":[{"href":"https:\/\/comarcas.csm.org.pt\/lisboa\/wp-json\/wp\/v2\/pages\/12366","targetHints":{"allow":["GET"]}}],"collection":[{"href":"https:\/\/comarcas.csm.org.pt\/lisboa\/wp-json\/wp\/v2\/pages"}],"about":[{"href":"https:\/\/comarcas.csm.org.pt\/lisboa\/wp-json\/wp\/v2\/types\/page"}],"author":[{"embeddable":true,"href":"https:\/\/comarcas.csm.org.pt\/lisboa\/wp-json\/wp\/v2\/users\/17"}],"replies":[{"embeddable":true,"href":"https:\/\/comarcas.csm.org.pt\/lisboa\/wp-json\/wp\/v2\/comments?post=12366"}],"version-history":[{"count":7,"href":"https:\/\/comarcas.csm.org.pt\/lisboa\/wp-json\/wp\/v2\/pages\/12366\/revisions"}],"predecessor-version":[{"id":12483,"href":"https:\/\/comarcas.csm.org.pt\/lisboa\/wp-json\/wp\/v2\/pages\/12366\/revisions\/12483"}],"up":[{"embeddable":true,"href":"https:\/\/comarcas.csm.org.pt\/lisboa\/wp-json\/wp\/v2\/pages\/11069"}],"wp:attachment":[{"href":"https:\/\/comarcas.csm.org.pt\/lisboa\/wp-json\/wp\/v2\/media?parent=12366"}],"curies":[{"name":"wp","href":"https:\/\/api.w.org\/{rel}","templated":true}]}}