{"id":12370,"date":"2025-06-17T12:44:56","date_gmt":"2025-06-17T12:44:56","guid":{"rendered":"https:\/\/comarcas.csm.org.pt\/lisboa\/?page_id=12370"},"modified":"2025-06-20T09:22:47","modified_gmt":"2025-06-20T09:22:47","slug":"seixal","status":"publish","type":"page","link":"https:\/\/comarcas.csm.org.pt\/lisboa\/acomarca\/juizos\/seixal\/","title":{"rendered":"Seixal"},"content":{"rendered":"\t\t<div data-elementor-type=\"wp-page\" data-elementor-id=\"12370\" class=\"elementor elementor-12370\" data-elementor-post-type=\"page\">\n\t\t\t\t<div class=\"elementor-element elementor-element-411947d e-flex e-con-boxed e-con e-parent\" data-id=\"411947d\" data-element_type=\"container\">\n\t\t\t\t\t<div class=\"e-con-inner\">\n\t\t\t\t<div class=\"elementor-element elementor-element-662b254 elementor-widget elementor-widget-n-accordion\" data-id=\"662b254\" data-element_type=\"widget\" data-settings=\"{&quot;default_state&quot;:&quot;expanded&quot;,&quot;max_items_expended&quot;:&quot;one&quot;,&quot;n_accordion_animation_duration&quot;:{&quot;unit&quot;:&quot;ms&quot;,&quot;size&quot;:400,&quot;sizes&quot;:[]}}\" data-widget_type=\"nested-accordion.default\">\n\t\t\t\t<div class=\"elementor-widget-container\">\n\t\t\t\t\t\t\t<div class=\"e-n-accordion\" aria-label=\"Accordion. Open links with Enter or Space, close with Escape, and navigate with Arrow Keys\">\n\t\t\t\t\t\t<details id=\"e-n-accordion-item-1070\" class=\"e-n-accordion-item\" open>\n\t\t\t\t<summary class=\"e-n-accordion-item-title\" data-accordion-index=\"1\" tabindex=\"0\" aria-expanded=\"true\" aria-controls=\"e-n-accordion-item-1070\" >\n\t\t\t\t\t<span class='e-n-accordion-item-title-header'><div class=\"e-n-accordion-item-title-text\"> Seixal <\/div><\/span>\n\t\t\t\t\t\t\t<span class='e-n-accordion-item-title-icon'>\n\t\t\t<span class='e-opened' ><svg aria-hidden=\"true\" class=\"e-font-icon-svg e-fas-minus\" viewBox=\"0 0 448 512\" xmlns=\"http:\/\/www.w3.org\/2000\/svg\"><path d=\"M416 208H32c-17.67 0-32 14.33-32 32v32c0 17.67 14.33 32 32 32h384c17.67 0 32-14.33 32-32v-32c0-17.67-14.33-32-32-32z\"><\/path><\/svg><\/span>\n\t\t\t<span class='e-closed'><svg aria-hidden=\"true\" class=\"e-font-icon-svg e-fas-plus\" viewBox=\"0 0 448 512\" xmlns=\"http:\/\/www.w3.org\/2000\/svg\"><path d=\"M416 208H272V64c0-17.67-14.33-32-32-32h-32c-17.67 0-32 14.33-32 32v144H32c-17.67 0-32 14.33-32 32v32c0 17.67 14.33 32 32 32h144v144c0 17.67 14.33 32 32 32h32c17.67 0 32-14.33 32-32V304h144c17.67 0 32-14.33 32-32v-32c0-17.67-14.33-32-32-32z\"><\/path><\/svg><\/span>\n\t\t<\/span>\n\n\t\t\t\t\t\t<\/summary>\n\t\t\t\t<div role=\"region\" aria-labelledby=\"e-n-accordion-item-1070\" class=\"elementor-element elementor-element-4e31d02 e-con-full e-flex e-con e-child\" data-id=\"4e31d02\" data-element_type=\"container\">\n\t\t<div role=\"region\" aria-labelledby=\"e-n-accordion-item-1070\" class=\"elementor-element elementor-element-d66145f e-grid e-con-boxed e-con e-child\" data-id=\"d66145f\" data-element_type=\"container\">\n\t\t\t\t\t<div class=\"e-con-inner\">\n\t\t\t\t<div class=\"elementor-element elementor-element-faab98c elementor-widget elementor-widget-text-editor\" data-id=\"faab98c\" data-element_type=\"widget\" data-widget_type=\"text-editor.default\">\n\t\t\t\t<div class=\"elementor-widget-container\">\n\t\t\t\t\t\t\t\t\t<h5><strong>Ju\u00edzo de Fam\u00edlia e Menores do Seixal<\/strong><\/h5><p>Morada: Quinta dos Franceses &#8211; 2840-499 Seixal<\/p><p>Telefone: 212274500<\/p><p>Fax: 212274599<\/p><p>e-mail: seixal.familia@tribunais.org.pt<\/p><p>Compet\u00eancia Territorial:<br \/>\u00a0\u00a0\u00a0\u00a0\u00a0 Munic\u00edpio do Seixal<\/p>\t\t\t\t\t\t\t\t<\/div>\n\t\t\t\t<\/div>\n\t\t\t\t<div class=\"elementor-element elementor-element-8e01054 elementor-widget elementor-widget-google_maps\" data-id=\"8e01054\" data-element_type=\"widget\" data-widget_type=\"google_maps.default\">\n\t\t\t\t<div class=\"elementor-widget-container\">\n\t\t\t\t\t\t\t<div class=\"elementor-custom-embed\">\n\t\t\t<iframe loading=\"lazy\"\n\t\t\t\t\tsrc=\"https:\/\/www.google.com\/maps\/embed\/v1\/place?key=AIzaSyDhSoLeftGxfg7Tvco7SEUCY-Cc_XLDY3c&#038;q=Ju%C3%ADzo%20de%20Fam%C3%ADlia%20e%20Menores%20do%20Seixal&#038;zoom=10\"\n\t\t\t\t\ttitle=\"Ju\u00edzo de Fam\u00edlia e Menores do Seixal\"\n\t\t\t\t\taria-label=\"Ju\u00edzo de Fam\u00edlia e Menores do Seixal\"\n\t\t\t><\/iframe>\n\t\t<\/div>\n\t\t\t\t\t\t<\/div>\n\t\t\t\t<\/div>\n\t\t\t\t\t<\/div>\n\t\t\t\t<\/div>\n\t\t<div role=\"region\" aria-labelledby=\"e-n-accordion-item-1070\" class=\"elementor-element elementor-element-99baf5d e-grid e-con-boxed e-con e-child\" data-id=\"99baf5d\" data-element_type=\"container\">\n\t\t\t\t\t<div class=\"e-con-inner\">\n\t\t\t\t<div class=\"elementor-element elementor-element-7968a0d elementor-widget elementor-widget-text-editor\" data-id=\"7968a0d\" data-element_type=\"widget\" data-widget_type=\"text-editor.default\">\n\t\t\t\t<div class=\"elementor-widget-container\">\n\t\t\t\t\t\t\t\t\t<h5><strong>Ju\u00edzo Local C\u00edvel do Seixal<\/strong><\/h5><p>Morada: Quinta dos Franceses &#8211; 2840-499 Seixal<\/p><p>Telefone: 212274500<\/p><p>Fax: 212274599<\/p><p>e-mail: seixal.judicial@tribunais.org.pt<\/p><p>Compet\u00eancia Territorial:<br \/>\u00a0\u00a0\u00a0\u00a0\u00a0 Munic\u00edpio do Seixal<\/p>\t\t\t\t\t\t\t\t<\/div>\n\t\t\t\t<\/div>\n\t\t\t\t<div class=\"elementor-element elementor-element-863724c elementor-widget elementor-widget-google_maps\" data-id=\"863724c\" data-element_type=\"widget\" data-widget_type=\"google_maps.default\">\n\t\t\t\t<div class=\"elementor-widget-container\">\n\t\t\t\t\t\t\t<div class=\"elementor-custom-embed\">\n\t\t\t<iframe loading=\"lazy\"\n\t\t\t\t\tsrc=\"https:\/\/www.google.com\/maps\/embed\/v1\/place?key=AIzaSyDhSoLeftGxfg7Tvco7SEUCY-Cc_XLDY3c&#038;q=Pal%C3%A1cio%20da%20Justi%C3%A7a%2C%20Quinta%20dos%20Franceses%20-%202840-499%20Seixal&#038;zoom=10\"\n\t\t\t\t\ttitle=\"Pal\u00e1cio da Justi\u00e7a, Quinta dos Franceses - 2840-499 Seixal\"\n\t\t\t\t\taria-label=\"Pal\u00e1cio da Justi\u00e7a, Quinta dos Franceses - 2840-499 Seixal\"\n\t\t\t><\/iframe>\n\t\t<\/div>\n\t\t\t\t\t\t<\/div>\n\t\t\t\t<\/div>\n\t\t\t\t\t<\/div>\n\t\t\t\t<\/div>\n\t\t<div role=\"region\" aria-labelledby=\"e-n-accordion-item-1070\" class=\"elementor-element elementor-element-bd58628 e-grid e-con-boxed e-con e-child\" data-id=\"bd58628\" data-element_type=\"container\">\n\t\t\t\t\t<div class=\"e-con-inner\">\n\t\t\t\t<div class=\"elementor-element elementor-element-8fe37b6 elementor-widget elementor-widget-text-editor\" data-id=\"8fe37b6\" data-element_type=\"widget\" data-widget_type=\"text-editor.default\">\n\t\t\t\t<div class=\"elementor-widget-container\">\n\t\t\t\t\t\t\t\t\t<h5><strong>Ju\u00edzo Local Criminal do Seixal<\/strong><\/h5><p>Morada: Quinta dos Franceses &#8211; 2840-499 Seixal<\/p><p>Telefone: 212274500<\/p><p>Fax: 212274599<\/p><p>e-mail: seixal.judicial@tribunais.org.pt<\/p><p>Compet\u00eancia Territorial:<br \/>\u00a0\u00a0\u00a0\u00a0\u00a0 Munic\u00edpio do Seixal<\/p>\t\t\t\t\t\t\t\t<\/div>\n\t\t\t\t<\/div>\n\t\t\t\t<div class=\"elementor-element elementor-element-717b728 elementor-widget elementor-widget-google_maps\" data-id=\"717b728\" data-element_type=\"widget\" data-widget_type=\"google_maps.default\">\n\t\t\t\t<div class=\"elementor-widget-container\">\n\t\t\t\t\t\t\t<div class=\"elementor-custom-embed\">\n\t\t\t<iframe loading=\"lazy\"\n\t\t\t\t\tsrc=\"https:\/\/www.google.com\/maps\/embed\/v1\/place?key=AIzaSyDhSoLeftGxfg7Tvco7SEUCY-Cc_XLDY3c&#038;q=Pal%C3%A1cio%20da%20Justi%C3%A7a%2C%20Quinta%20dos%20Franceses%20-%202840-499%20Seixal&#038;zoom=10\"\n\t\t\t\t\ttitle=\"Pal\u00e1cio da Justi\u00e7a, Quinta dos Franceses - 2840-499 Seixal\"\n\t\t\t\t\taria-label=\"Pal\u00e1cio da Justi\u00e7a, Quinta dos Franceses - 2840-499 Seixal\"\n\t\t\t><\/iframe>\n\t\t<\/div>\n\t\t\t\t\t\t<\/div>\n\t\t\t\t<\/div>\n\t\t\t\t\t<\/div>\n\t\t\t\t<\/div>\n\t\t<div role=\"region\" aria-labelledby=\"e-n-accordion-item-1070\" class=\"elementor-element elementor-element-2999e73 e-grid e-con-boxed e-con e-child\" data-id=\"2999e73\" data-element_type=\"container\">\n\t\t\t\t\t<div class=\"e-con-inner\">\n\t\t\t\t<div class=\"elementor-element elementor-element-ddcb6cb elementor-widget elementor-widget-text-editor\" data-id=\"ddcb6cb\" data-element_type=\"widget\" data-widget_type=\"text-editor.default\">\n\t\t\t\t<div class=\"elementor-widget-container\">\n\t\t\t\t\t\t\t\t\t<h5><strong>Ju\u00edzo de Instru\u00e7\u00e3o Criminal do Seixal<\/strong><\/h5><p>Morada: Quinta dos Franceses &#8211; 2840-499 Seixal<\/p><p>Telefone: 212274500<\/p><p>Fax: 212274599<\/p><p>e-mail: seixal.judicial@tribunais.org.pt<\/p><p>Compet\u00eancia Territorial:<br \/>\u00a0\u00a0\u00a0\u00a0\u00a0 Munic\u00edpio do Seixal<\/p>\t\t\t\t\t\t\t\t<\/div>\n\t\t\t\t<\/div>\n\t\t\t\t<div class=\"elementor-element elementor-element-48dae97 elementor-widget elementor-widget-google_maps\" data-id=\"48dae97\" data-element_type=\"widget\" data-widget_type=\"google_maps.default\">\n\t\t\t\t<div class=\"elementor-widget-container\">\n\t\t\t\t\t\t\t<div class=\"elementor-custom-embed\">\n\t\t\t<iframe loading=\"lazy\"\n\t\t\t\t\tsrc=\"https:\/\/www.google.com\/maps\/embed\/v1\/place?key=AIzaSyDhSoLeftGxfg7Tvco7SEUCY-Cc_XLDY3c&#038;q=Pal%C3%A1cio%20da%20Justi%C3%A7a%2C%20Quinta%20dos%20Franceses%20-%202840-499%20Seixal&#038;zoom=10\"\n\t\t\t\t\ttitle=\"Pal\u00e1cio da Justi\u00e7a, Quinta dos Franceses - 2840-499 Seixal\"\n\t\t\t\t\taria-label=\"Pal\u00e1cio da Justi\u00e7a, Quinta dos Franceses - 2840-499 Seixal\"\n\t\t\t><\/iframe>\n\t\t<\/div>\n\t\t\t\t\t\t<\/div>\n\t\t\t\t<\/div>\n\t\t\t\t\t<\/div>\n\t\t\t\t<\/div>\n\t\t<div role=\"region\" aria-labelledby=\"e-n-accordion-item-1070\" class=\"elementor-element elementor-element-8817226 e-grid e-con-boxed e-con e-child\" data-id=\"8817226\" data-element_type=\"container\">\n\t\t\t\t\t<div class=\"e-con-inner\">\n\t\t\t\t<div class=\"elementor-element elementor-element-f775e91 elementor-widget elementor-widget-text-editor\" data-id=\"f775e91\" data-element_type=\"widget\" data-widget_type=\"text-editor.default\">\n\t\t\t\t<div class=\"elementor-widget-container\">\n\t\t\t\t\t\t\t\t\t<h5><strong>Unidade Central do Seixal<\/strong><\/h5><p>Morada: Quinta dos Franceses &#8211; 2840-499 Seixal<\/p><p>Telefone: 212274500<\/p><p>Fax: 212274599<\/p><p>e-mail: seixal.judicial@tribunais.org.pt<\/p><p>Compet\u00eancia Territorial:\u00a0 \u00a0<\/p>\t\t\t\t\t\t\t\t<\/div>\n\t\t\t\t<\/div>\n\t\t\t\t<div class=\"elementor-element elementor-element-e452953 elementor-widget elementor-widget-google_maps\" data-id=\"e452953\" data-element_type=\"widget\" data-widget_type=\"google_maps.default\">\n\t\t\t\t<div class=\"elementor-widget-container\">\n\t\t\t\t\t\t\t<div class=\"elementor-custom-embed\">\n\t\t\t<iframe loading=\"lazy\"\n\t\t\t\t\tsrc=\"https:\/\/www.google.com\/maps\/embed\/v1\/place?key=AIzaSyDhSoLeftGxfg7Tvco7SEUCY-Cc_XLDY3c&#038;q=Pal%C3%A1cio%20da%20Justi%C3%A7a%2C%20Quinta%20dos%20Franceses%20-%202840-499%20Seixal&#038;zoom=10\"\n\t\t\t\t\ttitle=\"Pal\u00e1cio da Justi\u00e7a, Quinta dos Franceses - 2840-499 Seixal\"\n\t\t\t\t\taria-label=\"Pal\u00e1cio da Justi\u00e7a, Quinta dos Franceses - 2840-499 Seixal\"\n\t\t\t><\/iframe>\n\t\t<\/div>\n\t\t\t\t\t\t<\/div>\n\t\t\t\t<\/div>\n\t\t\t\t\t<\/div>\n\t\t\t\t<\/div>\n\t\t\t\t<\/div>\n\t\t\t\t\t<\/details>\n\t\t\t\t\t<\/div>\n\t\t\t\t\t\t<\/div>\n\t\t\t\t<\/div>\n\t\t\t\t\t<\/div>\n\t\t\t\t<\/div>\n\t\t\t\t<\/div>\n\t\t","protected":false},"excerpt":{"rendered":"<p>Seixal Ju\u00edzo de Fam\u00edlia e Menores do Seixal Morada: Quinta dos Franceses &#8211; 2840-499 Seixal Telefone: 212274500 Fax: 212274599 e-mail: seixal.familia@tribunais.org.pt Compet\u00eancia Territorial:\u00a0\u00a0\u00a0\u00a0\u00a0 Munic\u00edpio do Seixal Ju\u00edzo Local C\u00edvel do Seixal Morada: Quinta dos Franceses &#8211; 2840-499 Seixal Telefone: 212274500 Fax: 212274599 e-mail: seixal.judicial@tribunais.org.pt Compet\u00eancia Territorial:\u00a0\u00a0\u00a0\u00a0\u00a0 Munic\u00edpio do Seixal Ju\u00edzo Local Criminal do Seixal Morada:&#8230;<\/p>\n","protected":false},"author":17,"featured_media":0,"parent":11069,"menu_order":0,"comment_status":"closed","ping_status":"closed","template":"","meta":{"_tbt_post_transparent":"","_tbt_post_title":"","_tbt_post_layout":"default","_tbt_post_sidebar_id":"","_tbt_post_content_style":"","_tbt_post_vertical_padding":"","_tbt_post_feature":"","_tbt_post_feature_position":"","_tbt_post_header":false,"_tbt_post_footer":false},"class_list":["post-12370","page","type-page","status-publish","hentry"],"yoast_head":"<!-- This site is optimized with the Yoast SEO plugin v25.6 - https:\/\/yoast.com\/wordpress\/plugins\/seo\/ -->\n<title>Seixal - Tribunal Judicial da Comarca de Lisboa<\/title>\n<meta name=\"robots\" content=\"index, follow, max-snippet:-1, max-image-preview:large, max-video-preview:-1\" \/>\n<link rel=\"canonical\" href=\"https:\/\/comarcas.csm.org.pt\/lisboa\/acomarca\/juizos\/seixal\/\" \/>\n<meta property=\"og:locale\" content=\"pt_PT\" \/>\n<meta property=\"og:type\" content=\"article\" \/>\n<meta property=\"og:title\" content=\"Seixal - Tribunal Judicial da Comarca de Lisboa\" \/>\n<meta property=\"og:description\" content=\"Seixal Ju\u00edzo de Fam\u00edlia e Menores do Seixal Morada: Quinta dos Franceses &#8211; 2840-499 Seixal Telefone: 212274500 Fax: 212274599 e-mail: seixal.familia@tribunais.org.pt Compet\u00eancia Territorial:\u00a0\u00a0\u00a0\u00a0\u00a0 Munic\u00edpio do Seixal Ju\u00edzo Local C\u00edvel do Seixal Morada: Quinta dos Franceses &#8211; 2840-499 Seixal Telefone: 212274500 Fax: 212274599 e-mail: seixal.judicial@tribunais.org.pt Compet\u00eancia Territorial:\u00a0\u00a0\u00a0\u00a0\u00a0 Munic\u00edpio do Seixal Ju\u00edzo Local Criminal do Seixal Morada:...\" \/>\n<meta property=\"og:url\" content=\"https:\/\/comarcas.csm.org.pt\/lisboa\/acomarca\/juizos\/seixal\/\" \/>\n<meta property=\"og:site_name\" content=\"Tribunal Judicial da Comarca de Lisboa\" \/>\n<meta property=\"article:modified_time\" content=\"2025-06-20T09:22:47+00:00\" \/>\n<meta name=\"twitter:card\" content=\"summary_large_image\" \/>\n<meta name=\"twitter:label1\" content=\"Tempo estimado de leitura\" \/>\n\t<meta name=\"twitter:data1\" content=\"2 minutos\" \/>\n<script type=\"application\/ld+json\" class=\"yoast-schema-graph\">{\"@context\":\"https:\/\/schema.org\",\"@graph\":[{\"@type\":\"WebPage\",\"@id\":\"https:\/\/comarcas.csm.org.pt\/lisboa\/acomarca\/juizos\/seixal\/\",\"url\":\"https:\/\/comarcas.csm.org.pt\/lisboa\/acomarca\/juizos\/seixal\/\",\"name\":\"Seixal - Tribunal Judicial da Comarca de Lisboa\",\"isPartOf\":{\"@id\":\"https:\/\/comarcas.csm.org.pt\/lisboa\/#website\"},\"datePublished\":\"2025-06-17T12:44:56+00:00\",\"dateModified\":\"2025-06-20T09:22:47+00:00\",\"breadcrumb\":{\"@id\":\"https:\/\/comarcas.csm.org.pt\/lisboa\/acomarca\/juizos\/seixal\/#breadcrumb\"},\"inLanguage\":\"pt-PT\",\"potentialAction\":[{\"@type\":\"ReadAction\",\"target\":[\"https:\/\/comarcas.csm.org.pt\/lisboa\/acomarca\/juizos\/seixal\/\"]}]},{\"@type\":\"BreadcrumbList\",\"@id\":\"https:\/\/comarcas.csm.org.pt\/lisboa\/acomarca\/juizos\/seixal\/#breadcrumb\",\"itemListElement\":[{\"@type\":\"ListItem\",\"position\":1,\"name\":\"In\u00edcio\",\"item\":\"https:\/\/comarcas.csm.org.pt\/lisboa\/\"},{\"@type\":\"ListItem\",\"position\":2,\"name\":\"A Comarca\",\"item\":\"https:\/\/comarcas.csm.org.pt\/lisboa\/acomarca\/\"},{\"@type\":\"ListItem\",\"position\":3,\"name\":\"Ju\u00edzos\",\"item\":\"https:\/\/comarcas.csm.org.pt\/lisboa\/acomarca\/juizos\/\"},{\"@type\":\"ListItem\",\"position\":4,\"name\":\"Seixal\"}]},{\"@type\":\"WebSite\",\"@id\":\"https:\/\/comarcas.csm.org.pt\/lisboa\/#website\",\"url\":\"https:\/\/comarcas.csm.org.pt\/lisboa\/\",\"name\":\"Tribunal Judicial da Comarca de Lisboa\",\"description\":\"Tribunal Judicial da Comarca de Aveiro\",\"publisher\":{\"@id\":\"https:\/\/comarcas.csm.org.pt\/lisboa\/#organization\"},\"potentialAction\":[{\"@type\":\"SearchAction\",\"target\":{\"@type\":\"EntryPoint\",\"urlTemplate\":\"https:\/\/comarcas.csm.org.pt\/lisboa\/?s={search_term_string}\"},\"query-input\":{\"@type\":\"PropertyValueSpecification\",\"valueRequired\":true,\"valueName\":\"search_term_string\"}}],\"inLanguage\":\"pt-PT\"},{\"@type\":\"Organization\",\"@id\":\"https:\/\/comarcas.csm.org.pt\/lisboa\/#organization\",\"name\":\"Tribunal Judicial da Comarca de Lisboa\",\"url\":\"https:\/\/comarcas.csm.org.pt\/lisboa\/\",\"logo\":{\"@type\":\"ImageObject\",\"inLanguage\":\"pt-PT\",\"@id\":\"https:\/\/comarcas.csm.org.pt\/lisboa\/#\/schema\/logo\/image\/\",\"url\":\"https:\/\/comarcas.csm.org.pt\/lisboa\/wp-content\/uploads\/sites\/17\/2024\/11\/Lisboa_positivo-horizontal.png\",\"contentUrl\":\"https:\/\/comarcas.csm.org.pt\/lisboa\/wp-content\/uploads\/sites\/17\/2024\/11\/Lisboa_positivo-horizontal.png\",\"width\":4368,\"height\":1130,\"caption\":\"Tribunal Judicial da Comarca de Lisboa\"},\"image\":{\"@id\":\"https:\/\/comarcas.csm.org.pt\/lisboa\/#\/schema\/logo\/image\/\"}}]}<\/script>\n<!-- \/ Yoast SEO plugin. -->","yoast_head_json":{"title":"Seixal - Tribunal Judicial da Comarca de Lisboa","robots":{"index":"index","follow":"follow","max-snippet":"max-snippet:-1","max-image-preview":"max-image-preview:large","max-video-preview":"max-video-preview:-1"},"canonical":"https:\/\/comarcas.csm.org.pt\/lisboa\/acomarca\/juizos\/seixal\/","og_locale":"pt_PT","og_type":"article","og_title":"Seixal - Tribunal Judicial da Comarca de Lisboa","og_description":"Seixal Ju\u00edzo de Fam\u00edlia e Menores do Seixal Morada: Quinta dos Franceses &#8211; 2840-499 Seixal Telefone: 212274500 Fax: 212274599 e-mail: seixal.familia@tribunais.org.pt Compet\u00eancia Territorial:\u00a0\u00a0\u00a0\u00a0\u00a0 Munic\u00edpio do Seixal Ju\u00edzo Local C\u00edvel do Seixal Morada: Quinta dos Franceses &#8211; 2840-499 Seixal Telefone: 212274500 Fax: 212274599 e-mail: seixal.judicial@tribunais.org.pt Compet\u00eancia Territorial:\u00a0\u00a0\u00a0\u00a0\u00a0 Munic\u00edpio do Seixal Ju\u00edzo Local Criminal do Seixal Morada:...","og_url":"https:\/\/comarcas.csm.org.pt\/lisboa\/acomarca\/juizos\/seixal\/","og_site_name":"Tribunal Judicial da Comarca de Lisboa","article_modified_time":"2025-06-20T09:22:47+00:00","twitter_card":"summary_large_image","twitter_misc":{"Tempo estimado de leitura":"2 minutos"},"schema":{"@context":"https:\/\/schema.org","@graph":[{"@type":"WebPage","@id":"https:\/\/comarcas.csm.org.pt\/lisboa\/acomarca\/juizos\/seixal\/","url":"https:\/\/comarcas.csm.org.pt\/lisboa\/acomarca\/juizos\/seixal\/","name":"Seixal - Tribunal Judicial da Comarca de Lisboa","isPartOf":{"@id":"https:\/\/comarcas.csm.org.pt\/lisboa\/#website"},"datePublished":"2025-06-17T12:44:56+00:00","dateModified":"2025-06-20T09:22:47+00:00","breadcrumb":{"@id":"https:\/\/comarcas.csm.org.pt\/lisboa\/acomarca\/juizos\/seixal\/#breadcrumb"},"inLanguage":"pt-PT","potentialAction":[{"@type":"ReadAction","target":["https:\/\/comarcas.csm.org.pt\/lisboa\/acomarca\/juizos\/seixal\/"]}]},{"@type":"BreadcrumbList","@id":"https:\/\/comarcas.csm.org.pt\/lisboa\/acomarca\/juizos\/seixal\/#breadcrumb","itemListElement":[{"@type":"ListItem","position":1,"name":"In\u00edcio","item":"https:\/\/comarcas.csm.org.pt\/lisboa\/"},{"@type":"ListItem","position":2,"name":"A Comarca","item":"https:\/\/comarcas.csm.org.pt\/lisboa\/acomarca\/"},{"@type":"ListItem","position":3,"name":"Ju\u00edzos","item":"https:\/\/comarcas.csm.org.pt\/lisboa\/acomarca\/juizos\/"},{"@type":"ListItem","position":4,"name":"Seixal"}]},{"@type":"WebSite","@id":"https:\/\/comarcas.csm.org.pt\/lisboa\/#website","url":"https:\/\/comarcas.csm.org.pt\/lisboa\/","name":"Tribunal Judicial da Comarca de Lisboa","description":"Tribunal Judicial da Comarca de Aveiro","publisher":{"@id":"https:\/\/comarcas.csm.org.pt\/lisboa\/#organization"},"potentialAction":[{"@type":"SearchAction","target":{"@type":"EntryPoint","urlTemplate":"https:\/\/comarcas.csm.org.pt\/lisboa\/?s={search_term_string}"},"query-input":{"@type":"PropertyValueSpecification","valueRequired":true,"valueName":"search_term_string"}}],"inLanguage":"pt-PT"},{"@type":"Organization","@id":"https:\/\/comarcas.csm.org.pt\/lisboa\/#organization","name":"Tribunal Judicial da Comarca de Lisboa","url":"https:\/\/comarcas.csm.org.pt\/lisboa\/","logo":{"@type":"ImageObject","inLanguage":"pt-PT","@id":"https:\/\/comarcas.csm.org.pt\/lisboa\/#\/schema\/logo\/image\/","url":"https:\/\/comarcas.csm.org.pt\/lisboa\/wp-content\/uploads\/sites\/17\/2024\/11\/Lisboa_positivo-horizontal.png","contentUrl":"https:\/\/comarcas.csm.org.pt\/lisboa\/wp-content\/uploads\/sites\/17\/2024\/11\/Lisboa_positivo-horizontal.png","width":4368,"height":1130,"caption":"Tribunal Judicial da Comarca de Lisboa"},"image":{"@id":"https:\/\/comarcas.csm.org.pt\/lisboa\/#\/schema\/logo\/image\/"}}]}},"_links":{"self":[{"href":"https:\/\/comarcas.csm.org.pt\/lisboa\/wp-json\/wp\/v2\/pages\/12370","targetHints":{"allow":["GET"]}}],"collection":[{"href":"https:\/\/comarcas.csm.org.pt\/lisboa\/wp-json\/wp\/v2\/pages"}],"about":[{"href":"https:\/\/comarcas.csm.org.pt\/lisboa\/wp-json\/wp\/v2\/types\/page"}],"author":[{"embeddable":true,"href":"https:\/\/comarcas.csm.org.pt\/lisboa\/wp-json\/wp\/v2\/users\/17"}],"replies":[{"embeddable":true,"href":"https:\/\/comarcas.csm.org.pt\/lisboa\/wp-json\/wp\/v2\/comments?post=12370"}],"version-history":[{"count":10,"href":"https:\/\/comarcas.csm.org.pt\/lisboa\/wp-json\/wp\/v2\/pages\/12370\/revisions"}],"predecessor-version":[{"id":12490,"href":"https:\/\/comarcas.csm.org.pt\/lisboa\/wp-json\/wp\/v2\/pages\/12370\/revisions\/12490"}],"up":[{"embeddable":true,"href":"https:\/\/comarcas.csm.org.pt\/lisboa\/wp-json\/wp\/v2\/pages\/11069"}],"wp:attachment":[{"href":"https:\/\/comarcas.csm.org.pt\/lisboa\/wp-json\/wp\/v2\/media?parent=12370"}],"curies":[{"name":"wp","href":"https:\/\/api.w.org\/{rel}","templated":true}]}}