{"id":12378,"date":"2025-06-17T12:56:35","date_gmt":"2025-06-17T12:56:35","guid":{"rendered":"https:\/\/comarcas.csm.org.pt\/lisboa\/?page_id=12378"},"modified":"2025-06-17T14:28:28","modified_gmt":"2025-06-17T14:28:28","slug":"tribunais-de-competencia-alargada","status":"publish","type":"page","link":"https:\/\/comarcas.csm.org.pt\/lisboa\/acomarca\/juizos\/tribunais-de-competencia-alargada\/","title":{"rendered":"Tribunais de compet\u00eancia alargada"},"content":{"rendered":"\t\t<div data-elementor-type=\"wp-page\" data-elementor-id=\"12378\" class=\"elementor elementor-12378\" data-elementor-post-type=\"page\">\n\t\t\t\t<div class=\"elementor-element elementor-element-411947d e-flex e-con-boxed e-con e-parent\" data-id=\"411947d\" data-element_type=\"container\">\n\t\t\t\t\t<div class=\"e-con-inner\">\n\t\t\t\t<div class=\"elementor-element elementor-element-bb11b23 elementor-widget elementor-widget-n-accordion\" data-id=\"bb11b23\" data-element_type=\"widget\" data-settings=\"{&quot;default_state&quot;:&quot;expanded&quot;,&quot;max_items_expended&quot;:&quot;one&quot;,&quot;n_accordion_animation_duration&quot;:{&quot;unit&quot;:&quot;ms&quot;,&quot;size&quot;:400,&quot;sizes&quot;:[]}}\" data-widget_type=\"nested-accordion.default\">\n\t\t\t\t<div class=\"elementor-widget-container\">\n\t\t\t\t\t\t\t<div class=\"e-n-accordion\" aria-label=\"Accordion. Open links with Enter or Space, close with Escape, and navigate with Arrow Keys\">\n\t\t\t\t\t\t<details id=\"e-n-accordion-item-1960\" class=\"e-n-accordion-item\" open>\n\t\t\t\t<summary class=\"e-n-accordion-item-title\" data-accordion-index=\"1\" tabindex=\"0\" aria-expanded=\"true\" aria-controls=\"e-n-accordion-item-1960\" >\n\t\t\t\t\t<span class='e-n-accordion-item-title-header'><div class=\"e-n-accordion-item-title-text\"> Tribunais de compet\u00eancia alargada <\/div><\/span>\n\t\t\t\t\t\t\t<span class='e-n-accordion-item-title-icon'>\n\t\t\t<span class='e-opened' ><svg aria-hidden=\"true\" class=\"e-font-icon-svg e-fas-minus\" viewBox=\"0 0 448 512\" xmlns=\"http:\/\/www.w3.org\/2000\/svg\"><path d=\"M416 208H32c-17.67 0-32 14.33-32 32v32c0 17.67 14.33 32 32 32h384c17.67 0 32-14.33 32-32v-32c0-17.67-14.33-32-32-32z\"><\/path><\/svg><\/span>\n\t\t\t<span class='e-closed'><svg aria-hidden=\"true\" class=\"e-font-icon-svg e-fas-plus\" viewBox=\"0 0 448 512\" xmlns=\"http:\/\/www.w3.org\/2000\/svg\"><path d=\"M416 208H272V64c0-17.67-14.33-32-32-32h-32c-17.67 0-32 14.33-32 32v144H32c-17.67 0-32 14.33-32 32v32c0 17.67 14.33 32 32 32h144v144c0 17.67 14.33 32 32 32h32c17.67 0 32-14.33 32-32V304h144c17.67 0 32-14.33 32-32v-32c0-17.67-14.33-32-32-32z\"><\/path><\/svg><\/span>\n\t\t<\/span>\n\n\t\t\t\t\t\t<\/summary>\n\t\t\t\t<div role=\"region\" aria-labelledby=\"e-n-accordion-item-1960\" class=\"elementor-element elementor-element-235f11f e-con-full e-flex e-con e-child\" data-id=\"235f11f\" data-element_type=\"container\">\n\t\t<div role=\"region\" aria-labelledby=\"e-n-accordion-item-1960\" class=\"elementor-element elementor-element-bc48a24 e-grid e-con-boxed e-con e-child\" data-id=\"bc48a24\" data-element_type=\"container\">\n\t\t\t\t\t<div class=\"e-con-inner\">\n\t\t\t\t<div class=\"elementor-element elementor-element-97a5521 elementor-widget elementor-widget-text-editor\" data-id=\"97a5521\" data-element_type=\"widget\" data-widget_type=\"text-editor.default\">\n\t\t\t\t<div class=\"elementor-widget-container\">\n\t\t\t\t\t\t\t\t\t<h5><strong>Tribunal da Propriedade Intelectual<\/strong><\/h5><p>Morada: Rua Marqu\u00eas da Fronteira, Pal\u00e1cio da Justi\u00e7a, Edif\u00edcio Sul, 1098-001 Lisboa<\/p><p>Telefone: 213 846 900<\/p><p>Fax: 213 846 900<\/p><p>email: tribunal.p.intelectual@tribunais.org.pt<\/p>\t\t\t\t\t\t\t\t<\/div>\n\t\t\t\t<\/div>\n\t\t\t\t<div class=\"elementor-element elementor-element-55b60ef elementor-widget elementor-widget-google_maps\" data-id=\"55b60ef\" data-element_type=\"widget\" data-widget_type=\"google_maps.default\">\n\t\t\t\t<div class=\"elementor-widget-container\">\n\t\t\t\t\t\t\t<div class=\"elementor-custom-embed\">\n\t\t\t<iframe loading=\"lazy\"\n\t\t\t\t\tsrc=\"https:\/\/www.google.com\/maps\/embed\/v1\/place?key=AIzaSyDhSoLeftGxfg7Tvco7SEUCY-Cc_XLDY3c&#038;q=Tribunal%20da%20Propriedade%20Intelectual&#038;zoom=10\"\n\t\t\t\t\ttitle=\"Tribunal da Propriedade Intelectual\"\n\t\t\t\t\taria-label=\"Tribunal da Propriedade Intelectual\"\n\t\t\t><\/iframe>\n\t\t<\/div>\n\t\t\t\t\t\t<\/div>\n\t\t\t\t<\/div>\n\t\t\t\t\t<\/div>\n\t\t\t\t<\/div>\n\t\t<div role=\"region\" aria-labelledby=\"e-n-accordion-item-1960\" class=\"elementor-element elementor-element-4f52851 e-grid e-con-boxed e-con e-child\" data-id=\"4f52851\" data-element_type=\"container\">\n\t\t\t\t\t<div class=\"e-con-inner\">\n\t\t\t\t<div class=\"elementor-element elementor-element-3246245 elementor-widget elementor-widget-text-editor\" data-id=\"3246245\" data-element_type=\"widget\" data-widget_type=\"text-editor.default\">\n\t\t\t\t<div class=\"elementor-widget-container\">\n\t\t\t\t\t\t\t\t\t<h5><strong>Tribunal Mar\u00edtimo<\/strong><\/h5><p>Morada: Rua Marqu\u00eas da Fronteira, Pal\u00e1cio da Justi\u00e7a, Edif\u00edcio Norte, 4.\u00ba Piso, 1098-001 Lisboa<\/p><p>Telefone: 218 313 090<\/p><p>Fax: 211 545 194<\/p><p>email: lisboa.tm@tribunais.org.pt<\/p>\t\t\t\t\t\t\t\t<\/div>\n\t\t\t\t<\/div>\n\t\t\t\t<div class=\"elementor-element elementor-element-6325f23 elementor-widget elementor-widget-google_maps\" data-id=\"6325f23\" data-element_type=\"widget\" data-widget_type=\"google_maps.default\">\n\t\t\t\t<div class=\"elementor-widget-container\">\n\t\t\t\t\t\t\t<div class=\"elementor-custom-embed\">\n\t\t\t<iframe loading=\"lazy\"\n\t\t\t\t\tsrc=\"https:\/\/www.google.com\/maps\/embed\/v1\/place?key=AIzaSyDhSoLeftGxfg7Tvco7SEUCY-Cc_XLDY3c&#038;q=Tribunal%20Mar%C3%ADtimo&#038;zoom=10\"\n\t\t\t\t\ttitle=\"Tribunal Mar\u00edtimo\"\n\t\t\t\t\taria-label=\"Tribunal Mar\u00edtimo\"\n\t\t\t><\/iframe>\n\t\t<\/div>\n\t\t\t\t\t\t<\/div>\n\t\t\t\t<\/div>\n\t\t\t\t\t<\/div>\n\t\t\t\t<\/div>\n\t\t<div role=\"region\" aria-labelledby=\"e-n-accordion-item-1960\" class=\"elementor-element elementor-element-01537ea e-grid e-con-boxed e-con e-child\" data-id=\"01537ea\" data-element_type=\"container\">\n\t\t\t\t\t<div class=\"e-con-inner\">\n\t\t\t\t<div class=\"elementor-element elementor-element-704b962 elementor-widget elementor-widget-text-editor\" data-id=\"704b962\" data-element_type=\"widget\" data-widget_type=\"text-editor.default\">\n\t\t\t\t<div class=\"elementor-widget-container\">\n\t\t\t\t\t\t\t\t\t<h5><strong>Tribunal de Execu\u00e7\u00e3o de Penas de Lisboa<\/strong><\/h5><p>Morada: Av. D. Jo\u00e3o II, n.\u00ba 1.08.01 A, Edif\u00edcio I 1990-097 LISBOA<\/p><p>Telefone: 213 182 250<\/p><p>Fax: 211 545 122<\/p><p>email: lisboa.tep@tribunais.org.pt<\/p>\t\t\t\t\t\t\t\t<\/div>\n\t\t\t\t<\/div>\n\t\t\t\t<div class=\"elementor-element elementor-element-66d90c2 elementor-widget elementor-widget-google_maps\" data-id=\"66d90c2\" data-element_type=\"widget\" data-widget_type=\"google_maps.default\">\n\t\t\t\t<div class=\"elementor-widget-container\">\n\t\t\t\t\t\t\t<div class=\"elementor-custom-embed\">\n\t\t\t<iframe loading=\"lazy\"\n\t\t\t\t\tsrc=\"https:\/\/www.google.com\/maps\/embed\/v1\/place?key=AIzaSyDhSoLeftGxfg7Tvco7SEUCY-Cc_XLDY3c&#038;q=Tribunal%20de%20Execu%C3%A7%C3%A3o%20de%20Penas%20de%20Lisboa&#038;zoom=10\"\n\t\t\t\t\ttitle=\"Tribunal de Execu\u00e7\u00e3o de Penas de Lisboa\"\n\t\t\t\t\taria-label=\"Tribunal de Execu\u00e7\u00e3o de Penas de Lisboa\"\n\t\t\t><\/iframe>\n\t\t<\/div>\n\t\t\t\t\t\t<\/div>\n\t\t\t\t<\/div>\n\t\t\t\t\t<\/div>\n\t\t\t\t<\/div>\n\t\t<div role=\"region\" aria-labelledby=\"e-n-accordion-item-1960\" class=\"elementor-element elementor-element-c541d1a e-grid e-con-boxed e-con e-child\" data-id=\"c541d1a\" data-element_type=\"container\">\n\t\t\t\t\t<div class=\"e-con-inner\">\n\t\t\t\t<div class=\"elementor-element elementor-element-46b477c elementor-widget elementor-widget-text-editor\" data-id=\"46b477c\" data-element_type=\"widget\" data-widget_type=\"text-editor.default\">\n\t\t\t\t<div class=\"elementor-widget-container\">\n\t\t\t\t\t\t\t\t\t<h5><strong>Tribunal Central de Instru\u00e7\u00e3o Criminal<\/strong><\/h5><p>Morada: Av. D. Jo\u00e3o II, n.\u00ba 1.08.01 Edif\u00edcio B, 1990-097 Lisboa<\/p><p>Telefone: 213 139 724<\/p><p>Fax:<\/p><p>email: lisboa.tcic@tribunais.org.pt<\/p>\t\t\t\t\t\t\t\t<\/div>\n\t\t\t\t<\/div>\n\t\t\t\t<div class=\"elementor-element elementor-element-49d0339 elementor-widget elementor-widget-google_maps\" data-id=\"49d0339\" data-element_type=\"widget\" data-widget_type=\"google_maps.default\">\n\t\t\t\t<div class=\"elementor-widget-container\">\n\t\t\t\t\t\t\t<div class=\"elementor-custom-embed\">\n\t\t\t<iframe loading=\"lazy\"\n\t\t\t\t\tsrc=\"https:\/\/www.google.com\/maps\/embed\/v1\/place?key=AIzaSyDhSoLeftGxfg7Tvco7SEUCY-Cc_XLDY3c&#038;q=Tribunal%20Central%20de%20Instru%C3%A7%C3%A3o%20Criminal&#038;zoom=10\"\n\t\t\t\t\ttitle=\"Tribunal Central de Instru\u00e7\u00e3o Criminal\"\n\t\t\t\t\taria-label=\"Tribunal Central de Instru\u00e7\u00e3o Criminal\"\n\t\t\t><\/iframe>\n\t\t<\/div>\n\t\t\t\t\t\t<\/div>\n\t\t\t\t<\/div>\n\t\t\t\t\t<\/div>\n\t\t\t\t<\/div>\n\t\t\t\t<\/div>\n\t\t\t\t\t<\/details>\n\t\t\t\t\t<\/div>\n\t\t\t\t\t\t<\/div>\n\t\t\t\t<\/div>\n\t\t\t\t\t<\/div>\n\t\t\t\t<\/div>\n\t\t\t\t<\/div>\n\t\t","protected":false},"excerpt":{"rendered":"<p>Tribunais de compet\u00eancia alargada Tribunal da Propriedade Intelectual Morada: Rua Marqu\u00eas da Fronteira, Pal\u00e1cio da Justi\u00e7a, Edif\u00edcio Sul, 1098-001 Lisboa Telefone: 213 846 900 Fax: 213 846 900 email: tribunal.p.intelectual@tribunais.org.pt Tribunal Mar\u00edtimo Morada: Rua Marqu\u00eas da Fronteira, Pal\u00e1cio da Justi\u00e7a, Edif\u00edcio Norte, 4.\u00ba Piso, 1098-001 Lisboa Telefone: 218 313 090 Fax: 211 545 194 email:&#8230;<\/p>\n","protected":false},"author":17,"featured_media":0,"parent":11069,"menu_order":0,"comment_status":"closed","ping_status":"closed","template":"","meta":{"_tbt_post_transparent":"","_tbt_post_title":"","_tbt_post_layout":"default","_tbt_post_sidebar_id":"","_tbt_post_content_style":"","_tbt_post_vertical_padding":"","_tbt_post_feature":"","_tbt_post_feature_position":"","_tbt_post_header":false,"_tbt_post_footer":false},"class_list":["post-12378","page","type-page","status-publish","hentry"],"yoast_head":"<!-- This site is optimized with the Yoast SEO plugin v25.6 - https:\/\/yoast.com\/wordpress\/plugins\/seo\/ -->\n<title>Tribunais de compet\u00eancia alargada - Tribunal Judicial da Comarca de Lisboa<\/title>\n<meta name=\"robots\" content=\"index, follow, max-snippet:-1, max-image-preview:large, max-video-preview:-1\" \/>\n<link rel=\"canonical\" href=\"https:\/\/comarcas.csm.org.pt\/lisboa\/acomarca\/juizos\/tribunais-de-competencia-alargada\/\" \/>\n<meta property=\"og:locale\" content=\"pt_PT\" \/>\n<meta property=\"og:type\" content=\"article\" \/>\n<meta property=\"og:title\" content=\"Tribunais de compet\u00eancia alargada - Tribunal Judicial da Comarca de Lisboa\" \/>\n<meta property=\"og:description\" content=\"Tribunais de compet\u00eancia alargada Tribunal da Propriedade Intelectual Morada: Rua Marqu\u00eas da Fronteira, Pal\u00e1cio da Justi\u00e7a, Edif\u00edcio Sul, 1098-001 Lisboa Telefone: 213 846 900 Fax: 213 846 900 email: tribunal.p.intelectual@tribunais.org.pt Tribunal Mar\u00edtimo Morada: Rua Marqu\u00eas da Fronteira, Pal\u00e1cio da Justi\u00e7a, Edif\u00edcio Norte, 4.\u00ba Piso, 1098-001 Lisboa Telefone: 218 313 090 Fax: 211 545 194 email:...\" \/>\n<meta property=\"og:url\" content=\"https:\/\/comarcas.csm.org.pt\/lisboa\/acomarca\/juizos\/tribunais-de-competencia-alargada\/\" \/>\n<meta property=\"og:site_name\" content=\"Tribunal Judicial da Comarca de Lisboa\" \/>\n<meta property=\"article:modified_time\" content=\"2025-06-17T14:28:28+00:00\" \/>\n<meta name=\"twitter:card\" content=\"summary_large_image\" \/>\n<meta name=\"twitter:label1\" content=\"Tempo estimado de leitura\" \/>\n\t<meta name=\"twitter:data1\" content=\"2 minutos\" \/>\n<script type=\"application\/ld+json\" class=\"yoast-schema-graph\">{\"@context\":\"https:\/\/schema.org\",\"@graph\":[{\"@type\":\"WebPage\",\"@id\":\"https:\/\/comarcas.csm.org.pt\/lisboa\/acomarca\/juizos\/tribunais-de-competencia-alargada\/\",\"url\":\"https:\/\/comarcas.csm.org.pt\/lisboa\/acomarca\/juizos\/tribunais-de-competencia-alargada\/\",\"name\":\"Tribunais de compet\u00eancia alargada - Tribunal Judicial da Comarca de Lisboa\",\"isPartOf\":{\"@id\":\"https:\/\/comarcas.csm.org.pt\/lisboa\/#website\"},\"datePublished\":\"2025-06-17T12:56:35+00:00\",\"dateModified\":\"2025-06-17T14:28:28+00:00\",\"breadcrumb\":{\"@id\":\"https:\/\/comarcas.csm.org.pt\/lisboa\/acomarca\/juizos\/tribunais-de-competencia-alargada\/#breadcrumb\"},\"inLanguage\":\"pt-PT\",\"potentialAction\":[{\"@type\":\"ReadAction\",\"target\":[\"https:\/\/comarcas.csm.org.pt\/lisboa\/acomarca\/juizos\/tribunais-de-competencia-alargada\/\"]}]},{\"@type\":\"BreadcrumbList\",\"@id\":\"https:\/\/comarcas.csm.org.pt\/lisboa\/acomarca\/juizos\/tribunais-de-competencia-alargada\/#breadcrumb\",\"itemListElement\":[{\"@type\":\"ListItem\",\"position\":1,\"name\":\"In\u00edcio\",\"item\":\"https:\/\/comarcas.csm.org.pt\/lisboa\/\"},{\"@type\":\"ListItem\",\"position\":2,\"name\":\"A Comarca\",\"item\":\"https:\/\/comarcas.csm.org.pt\/lisboa\/acomarca\/\"},{\"@type\":\"ListItem\",\"position\":3,\"name\":\"Ju\u00edzos\",\"item\":\"https:\/\/comarcas.csm.org.pt\/lisboa\/acomarca\/juizos\/\"},{\"@type\":\"ListItem\",\"position\":4,\"name\":\"Tribunais de compet\u00eancia alargada\"}]},{\"@type\":\"WebSite\",\"@id\":\"https:\/\/comarcas.csm.org.pt\/lisboa\/#website\",\"url\":\"https:\/\/comarcas.csm.org.pt\/lisboa\/\",\"name\":\"Tribunal Judicial da Comarca de Lisboa\",\"description\":\"Tribunal Judicial da Comarca de Aveiro\",\"publisher\":{\"@id\":\"https:\/\/comarcas.csm.org.pt\/lisboa\/#organization\"},\"potentialAction\":[{\"@type\":\"SearchAction\",\"target\":{\"@type\":\"EntryPoint\",\"urlTemplate\":\"https:\/\/comarcas.csm.org.pt\/lisboa\/?s={search_term_string}\"},\"query-input\":{\"@type\":\"PropertyValueSpecification\",\"valueRequired\":true,\"valueName\":\"search_term_string\"}}],\"inLanguage\":\"pt-PT\"},{\"@type\":\"Organization\",\"@id\":\"https:\/\/comarcas.csm.org.pt\/lisboa\/#organization\",\"name\":\"Tribunal Judicial da Comarca de Lisboa\",\"url\":\"https:\/\/comarcas.csm.org.pt\/lisboa\/\",\"logo\":{\"@type\":\"ImageObject\",\"inLanguage\":\"pt-PT\",\"@id\":\"https:\/\/comarcas.csm.org.pt\/lisboa\/#\/schema\/logo\/image\/\",\"url\":\"https:\/\/comarcas.csm.org.pt\/lisboa\/wp-content\/uploads\/sites\/17\/2024\/11\/Lisboa_positivo-horizontal.png\",\"contentUrl\":\"https:\/\/comarcas.csm.org.pt\/lisboa\/wp-content\/uploads\/sites\/17\/2024\/11\/Lisboa_positivo-horizontal.png\",\"width\":4368,\"height\":1130,\"caption\":\"Tribunal Judicial da Comarca de Lisboa\"},\"image\":{\"@id\":\"https:\/\/comarcas.csm.org.pt\/lisboa\/#\/schema\/logo\/image\/\"}}]}<\/script>\n<!-- \/ Yoast SEO plugin. -->","yoast_head_json":{"title":"Tribunais de compet\u00eancia alargada - Tribunal Judicial da Comarca de Lisboa","robots":{"index":"index","follow":"follow","max-snippet":"max-snippet:-1","max-image-preview":"max-image-preview:large","max-video-preview":"max-video-preview:-1"},"canonical":"https:\/\/comarcas.csm.org.pt\/lisboa\/acomarca\/juizos\/tribunais-de-competencia-alargada\/","og_locale":"pt_PT","og_type":"article","og_title":"Tribunais de compet\u00eancia alargada - Tribunal Judicial da Comarca de Lisboa","og_description":"Tribunais de compet\u00eancia alargada Tribunal da Propriedade Intelectual Morada: Rua Marqu\u00eas da Fronteira, Pal\u00e1cio da Justi\u00e7a, Edif\u00edcio Sul, 1098-001 Lisboa Telefone: 213 846 900 Fax: 213 846 900 email: tribunal.p.intelectual@tribunais.org.pt Tribunal Mar\u00edtimo Morada: Rua Marqu\u00eas da Fronteira, Pal\u00e1cio da Justi\u00e7a, Edif\u00edcio Norte, 4.\u00ba Piso, 1098-001 Lisboa Telefone: 218 313 090 Fax: 211 545 194 email:...","og_url":"https:\/\/comarcas.csm.org.pt\/lisboa\/acomarca\/juizos\/tribunais-de-competencia-alargada\/","og_site_name":"Tribunal Judicial da Comarca de Lisboa","article_modified_time":"2025-06-17T14:28:28+00:00","twitter_card":"summary_large_image","twitter_misc":{"Tempo estimado de leitura":"2 minutos"},"schema":{"@context":"https:\/\/schema.org","@graph":[{"@type":"WebPage","@id":"https:\/\/comarcas.csm.org.pt\/lisboa\/acomarca\/juizos\/tribunais-de-competencia-alargada\/","url":"https:\/\/comarcas.csm.org.pt\/lisboa\/acomarca\/juizos\/tribunais-de-competencia-alargada\/","name":"Tribunais de compet\u00eancia alargada - Tribunal Judicial da Comarca de Lisboa","isPartOf":{"@id":"https:\/\/comarcas.csm.org.pt\/lisboa\/#website"},"datePublished":"2025-06-17T12:56:35+00:00","dateModified":"2025-06-17T14:28:28+00:00","breadcrumb":{"@id":"https:\/\/comarcas.csm.org.pt\/lisboa\/acomarca\/juizos\/tribunais-de-competencia-alargada\/#breadcrumb"},"inLanguage":"pt-PT","potentialAction":[{"@type":"ReadAction","target":["https:\/\/comarcas.csm.org.pt\/lisboa\/acomarca\/juizos\/tribunais-de-competencia-alargada\/"]}]},{"@type":"BreadcrumbList","@id":"https:\/\/comarcas.csm.org.pt\/lisboa\/acomarca\/juizos\/tribunais-de-competencia-alargada\/#breadcrumb","itemListElement":[{"@type":"ListItem","position":1,"name":"In\u00edcio","item":"https:\/\/comarcas.csm.org.pt\/lisboa\/"},{"@type":"ListItem","position":2,"name":"A Comarca","item":"https:\/\/comarcas.csm.org.pt\/lisboa\/acomarca\/"},{"@type":"ListItem","position":3,"name":"Ju\u00edzos","item":"https:\/\/comarcas.csm.org.pt\/lisboa\/acomarca\/juizos\/"},{"@type":"ListItem","position":4,"name":"Tribunais de compet\u00eancia alargada"}]},{"@type":"WebSite","@id":"https:\/\/comarcas.csm.org.pt\/lisboa\/#website","url":"https:\/\/comarcas.csm.org.pt\/lisboa\/","name":"Tribunal Judicial da Comarca de Lisboa","description":"Tribunal Judicial da Comarca de Aveiro","publisher":{"@id":"https:\/\/comarcas.csm.org.pt\/lisboa\/#organization"},"potentialAction":[{"@type":"SearchAction","target":{"@type":"EntryPoint","urlTemplate":"https:\/\/comarcas.csm.org.pt\/lisboa\/?s={search_term_string}"},"query-input":{"@type":"PropertyValueSpecification","valueRequired":true,"valueName":"search_term_string"}}],"inLanguage":"pt-PT"},{"@type":"Organization","@id":"https:\/\/comarcas.csm.org.pt\/lisboa\/#organization","name":"Tribunal Judicial da Comarca de Lisboa","url":"https:\/\/comarcas.csm.org.pt\/lisboa\/","logo":{"@type":"ImageObject","inLanguage":"pt-PT","@id":"https:\/\/comarcas.csm.org.pt\/lisboa\/#\/schema\/logo\/image\/","url":"https:\/\/comarcas.csm.org.pt\/lisboa\/wp-content\/uploads\/sites\/17\/2024\/11\/Lisboa_positivo-horizontal.png","contentUrl":"https:\/\/comarcas.csm.org.pt\/lisboa\/wp-content\/uploads\/sites\/17\/2024\/11\/Lisboa_positivo-horizontal.png","width":4368,"height":1130,"caption":"Tribunal Judicial da Comarca de Lisboa"},"image":{"@id":"https:\/\/comarcas.csm.org.pt\/lisboa\/#\/schema\/logo\/image\/"}}]}},"_links":{"self":[{"href":"https:\/\/comarcas.csm.org.pt\/lisboa\/wp-json\/wp\/v2\/pages\/12378","targetHints":{"allow":["GET"]}}],"collection":[{"href":"https:\/\/comarcas.csm.org.pt\/lisboa\/wp-json\/wp\/v2\/pages"}],"about":[{"href":"https:\/\/comarcas.csm.org.pt\/lisboa\/wp-json\/wp\/v2\/types\/page"}],"author":[{"embeddable":true,"href":"https:\/\/comarcas.csm.org.pt\/lisboa\/wp-json\/wp\/v2\/users\/17"}],"replies":[{"embeddable":true,"href":"https:\/\/comarcas.csm.org.pt\/lisboa\/wp-json\/wp\/v2\/comments?post=12378"}],"version-history":[{"count":22,"href":"https:\/\/comarcas.csm.org.pt\/lisboa\/wp-json\/wp\/v2\/pages\/12378\/revisions"}],"predecessor-version":[{"id":12435,"href":"https:\/\/comarcas.csm.org.pt\/lisboa\/wp-json\/wp\/v2\/pages\/12378\/revisions\/12435"}],"up":[{"embeddable":true,"href":"https:\/\/comarcas.csm.org.pt\/lisboa\/wp-json\/wp\/v2\/pages\/11069"}],"wp:attachment":[{"href":"https:\/\/comarcas.csm.org.pt\/lisboa\/wp-json\/wp\/v2\/media?parent=12378"}],"curies":[{"name":"wp","href":"https:\/\/api.w.org\/{rel}","templated":true}]}}