{"id":11281,"date":"2024-05-21T09:25:59","date_gmt":"2024-05-21T09:25:59","guid":{"rendered":"https:\/\/aveiro.vvr.pt\/?page_id=11281"},"modified":"2026-03-13T17:02:23","modified_gmt":"2026-03-13T17:02:23","slug":"organograma","status":"publish","type":"page","link":"https:\/\/comarcas.csm.org.pt\/madeira\/acomarca\/organograma\/","title":{"rendered":"Organograma"},"content":{"rendered":"\t\t<div data-elementor-type=\"wp-page\" data-elementor-id=\"11281\" class=\"elementor elementor-11281\" data-elementor-post-type=\"page\">\n\t\t\t\t<div class=\"elementor-element elementor-element-31cb28a e-flex e-con-boxed e-con e-parent\" data-id=\"31cb28a\" data-element_type=\"container\">\n\t\t\t\t\t<div class=\"e-con-inner\">\n\t\t<div class=\"elementor-element elementor-element-4b6e899 e-con-full e-flex e-con e-child\" data-id=\"4b6e899\" data-element_type=\"container\">\n\t\t\t\t<div class=\"elementor-element elementor-element-15b2ab7 elementor-position-top elementor-widget elementor-widget-image-box\" data-id=\"15b2ab7\" data-element_type=\"widget\" data-widget_type=\"image-box.default\">\n\t\t\t\t<div class=\"elementor-widget-container\">\n\t\t\t\t\t<div class=\"elementor-image-box-wrapper\"><figure class=\"elementor-image-box-img\"><img fetchpriority=\"high\" decoding=\"async\" width=\"810\" height=\"540\" src=\"https:\/\/comarcas.csm.org.pt\/madeira\/wp-content\/uploads\/sites\/28\/2025\/07\/foto.jpg\" class=\"attachment-full size-full wp-image-12365\" alt=\"\" srcset=\"https:\/\/comarcas.csm.org.pt\/madeira\/wp-content\/uploads\/sites\/28\/2025\/07\/foto.jpg 810w, https:\/\/comarcas.csm.org.pt\/madeira\/wp-content\/uploads\/sites\/28\/2025\/07\/foto-300x200.jpg 300w, https:\/\/comarcas.csm.org.pt\/madeira\/wp-content\/uploads\/sites\/28\/2025\/07\/foto-768x512.jpg 768w\" sizes=\"(max-width: 810px) 100vw, 810px\" \/><\/figure><div class=\"elementor-image-box-content\"><h3 class=\"elementor-image-box-title\">Juiz Presidente<\/h3><p class=\"elementor-image-box-description\">Ju\u00edza de Direito - Dra. Teresa do Ros\u00e1rio Ferreira de Sousa<\/p><\/div><\/div>\t\t\t\t<\/div>\n\t\t\t\t<\/div>\n\t\t\t\t<\/div>\n\t\t<div class=\"elementor-element elementor-element-0ccdd8c e-con-full e-flex e-con e-child\" data-id=\"0ccdd8c\" data-element_type=\"container\">\n\t\t\t\t<div class=\"elementor-element elementor-element-52abddc elementor-position-top elementor-widget elementor-widget-image-box\" data-id=\"52abddc\" data-element_type=\"widget\" data-widget_type=\"image-box.default\">\n\t\t\t\t<div class=\"elementor-widget-container\">\n\t\t\t\t\t<div class=\"elementor-image-box-wrapper\"><figure class=\"elementor-image-box-img\"><img decoding=\"async\" width=\"1010\" height=\"676\" src=\"https:\/\/comarcas.csm.org.pt\/madeira\/wp-content\/uploads\/sites\/28\/2025\/07\/figure-of-justice-holding-the-scales-of-justice-2023-11-27-05-31-40-utc.jpg\" class=\"attachment-full size-full wp-image-12361\" alt=\"\" srcset=\"https:\/\/comarcas.csm.org.pt\/madeira\/wp-content\/uploads\/sites\/28\/2025\/07\/figure-of-justice-holding-the-scales-of-justice-2023-11-27-05-31-40-utc.jpg 1010w, https:\/\/comarcas.csm.org.pt\/madeira\/wp-content\/uploads\/sites\/28\/2025\/07\/figure-of-justice-holding-the-scales-of-justice-2023-11-27-05-31-40-utc-300x201.jpg 300w, https:\/\/comarcas.csm.org.pt\/madeira\/wp-content\/uploads\/sites\/28\/2025\/07\/figure-of-justice-holding-the-scales-of-justice-2023-11-27-05-31-40-utc-768x514.jpg 768w\" sizes=\"(max-width: 1010px) 100vw, 1010px\" \/><\/figure><div class=\"elementor-image-box-content\"><h3 class=\"elementor-image-box-title\">Procuradora Coordenadora do Minist\u00e9rio P\u00fablico<\/h3><p class=\"elementor-image-box-description\">Procuradora-Geral-Adjunta - Dra. Isabel Maria Fernandes Dias<\/p><\/div><\/div>\t\t\t\t<\/div>\n\t\t\t\t<\/div>\n\t\t\t\t<\/div>\n\t\t<div class=\"elementor-element elementor-element-ac031e3 e-con-full e-flex e-con e-child\" data-id=\"ac031e3\" data-element_type=\"container\">\n\t\t\t\t<div class=\"elementor-element elementor-element-3563601 elementor-position-top elementor-widget elementor-widget-image-box\" data-id=\"3563601\" data-element_type=\"widget\" data-widget_type=\"image-box.default\">\n\t\t\t\t<div class=\"elementor-widget-container\">\n\t\t\t\t\t<div class=\"elementor-image-box-wrapper\"><figure class=\"elementor-image-box-img\"><img decoding=\"async\" width=\"419\" height=\"270\" src=\"https:\/\/comarcas.csm.org.pt\/madeira\/wp-content\/uploads\/sites\/28\/2022\/10\/gallery6.jpg\" class=\"attachment-full size-full wp-image-10415\" alt=\"\" srcset=\"https:\/\/comarcas.csm.org.pt\/madeira\/wp-content\/uploads\/sites\/28\/2022\/10\/gallery6.jpg 419w, https:\/\/comarcas.csm.org.pt\/madeira\/wp-content\/uploads\/sites\/28\/2022\/10\/gallery6-300x193.jpg 300w\" sizes=\"(max-width: 419px) 100vw, 419px\" \/><\/figure><div class=\"elementor-image-box-content\"><h3 class=\"elementor-image-box-title\">Administrador Judici\u00e1rio<\/h3><p class=\"elementor-image-box-description\">Sr. Fernando Alves Lopes Roda<br><\/p><\/div><\/div>\t\t\t\t<\/div>\n\t\t\t\t<\/div>\n\t\t\t\t<\/div>\n\t\t\t\t\t<\/div>\n\t\t\t\t<\/div>\n\t\t\t\t<\/div>\n\t\t","protected":false},"excerpt":{"rendered":"<p>Juiz Presidente Ju\u00edza de Direito &#8211; Dra. Teresa do Ros\u00e1rio Ferreira de Sousa Procuradora Coordenadora do Minist\u00e9rio P\u00fablico Procuradora-Geral-Adjunta &#8211; Dra. Isabel Maria Fernandes Dias Administrador Judici\u00e1rio Sr. Fernando Alves Lopes Roda<\/p>\n","protected":false},"author":1,"featured_media":0,"parent":2242,"menu_order":0,"comment_status":"closed","ping_status":"closed","template":"","meta":{"_tbt_post_transparent":"","_tbt_post_title":"","_tbt_post_layout":"","_tbt_post_sidebar_id":"","_tbt_post_content_style":"","_tbt_post_vertical_padding":"","_tbt_post_feature":"","_tbt_post_feature_position":"","_tbt_post_header":false,"_tbt_post_footer":false},"class_list":["post-11281","page","type-page","status-publish","hentry"],"yoast_head":"<!-- This site is optimized with the Yoast SEO plugin v25.6 - https:\/\/yoast.com\/wordpress\/plugins\/seo\/ -->\n<title>Organograma - Tribunal Judicial da Comarca da Madeira<\/title>\n<meta name=\"robots\" content=\"index, follow, max-snippet:-1, max-image-preview:large, max-video-preview:-1\" \/>\n<link rel=\"canonical\" href=\"https:\/\/comarcas.csm.org.pt\/madeira\/acomarca\/organograma\/\" \/>\n<meta property=\"og:locale\" content=\"pt_PT\" \/>\n<meta property=\"og:type\" content=\"article\" \/>\n<meta property=\"og:title\" content=\"Organograma - Tribunal Judicial da Comarca da Madeira\" \/>\n<meta property=\"og:description\" content=\"Juiz Presidente Ju\u00edza de Direito &#8211; Dra. Teresa do Ros\u00e1rio Ferreira de Sousa Procuradora Coordenadora do Minist\u00e9rio P\u00fablico Procuradora-Geral-Adjunta &#8211; Dra. Isabel Maria Fernandes Dias Administrador Judici\u00e1rio Sr. Fernando Alves Lopes Roda\" \/>\n<meta property=\"og:url\" content=\"https:\/\/comarcas.csm.org.pt\/madeira\/acomarca\/organograma\/\" \/>\n<meta property=\"og:site_name\" content=\"Tribunal Judicial da Comarca da Madeira\" \/>\n<meta property=\"article:modified_time\" content=\"2026-03-13T17:02:23+00:00\" \/>\n<meta property=\"og:image\" content=\"https:\/\/comarcas.csm.org.pt\/madeira\/wp-content\/uploads\/sites\/28\/2025\/07\/foto.jpg\" \/>\n\t<meta property=\"og:image:width\" content=\"810\" \/>\n\t<meta property=\"og:image:height\" content=\"540\" \/>\n\t<meta property=\"og:image:type\" content=\"image\/jpeg\" \/>\n<meta name=\"twitter:card\" content=\"summary_large_image\" \/>\n<meta name=\"twitter:label1\" content=\"Tempo estimado de leitura\" \/>\n\t<meta name=\"twitter:data1\" content=\"1 minuto\" \/>\n<script type=\"application\/ld+json\" class=\"yoast-schema-graph\">{\"@context\":\"https:\/\/schema.org\",\"@graph\":[{\"@type\":\"WebPage\",\"@id\":\"https:\/\/comarcas.csm.org.pt\/madeira\/acomarca\/organograma\/\",\"url\":\"https:\/\/comarcas.csm.org.pt\/madeira\/acomarca\/organograma\/\",\"name\":\"Organograma - Tribunal Judicial da Comarca da Madeira\",\"isPartOf\":{\"@id\":\"https:\/\/comarcas.csm.org.pt\/madeira\/#website\"},\"primaryImageOfPage\":{\"@id\":\"https:\/\/comarcas.csm.org.pt\/madeira\/acomarca\/organograma\/#primaryimage\"},\"image\":{\"@id\":\"https:\/\/comarcas.csm.org.pt\/madeira\/acomarca\/organograma\/#primaryimage\"},\"thumbnailUrl\":\"https:\/\/comarcas.csm.org.pt\/madeira\/wp-content\/uploads\/sites\/28\/2025\/07\/foto.jpg\",\"datePublished\":\"2024-05-21T09:25:59+00:00\",\"dateModified\":\"2026-03-13T17:02:23+00:00\",\"breadcrumb\":{\"@id\":\"https:\/\/comarcas.csm.org.pt\/madeira\/acomarca\/organograma\/#breadcrumb\"},\"inLanguage\":\"pt-PT\",\"potentialAction\":[{\"@type\":\"ReadAction\",\"target\":[\"https:\/\/comarcas.csm.org.pt\/madeira\/acomarca\/organograma\/\"]}]},{\"@type\":\"ImageObject\",\"inLanguage\":\"pt-PT\",\"@id\":\"https:\/\/comarcas.csm.org.pt\/madeira\/acomarca\/organograma\/#primaryimage\",\"url\":\"https:\/\/comarcas.csm.org.pt\/madeira\/wp-content\/uploads\/sites\/28\/2025\/07\/foto.jpg\",\"contentUrl\":\"https:\/\/comarcas.csm.org.pt\/madeira\/wp-content\/uploads\/sites\/28\/2025\/07\/foto.jpg\",\"width\":810,\"height\":540},{\"@type\":\"BreadcrumbList\",\"@id\":\"https:\/\/comarcas.csm.org.pt\/madeira\/acomarca\/organograma\/#breadcrumb\",\"itemListElement\":[{\"@type\":\"ListItem\",\"position\":1,\"name\":\"In\u00edcio\",\"item\":\"https:\/\/comarcas.csm.org.pt\/madeira\/\"},{\"@type\":\"ListItem\",\"position\":2,\"name\":\"A Comarca da Madeira\",\"item\":\"https:\/\/comarcas.csm.org.pt\/madeira\/acomarca\/\"},{\"@type\":\"ListItem\",\"position\":3,\"name\":\"Organograma\"}]},{\"@type\":\"WebSite\",\"@id\":\"https:\/\/comarcas.csm.org.pt\/madeira\/#website\",\"url\":\"https:\/\/comarcas.csm.org.pt\/madeira\/\",\"name\":\"Tribunal Judicial da Comarca da Madeira\",\"description\":\"Tribunal Judicial da Comarca da Madeira\",\"publisher\":{\"@id\":\"https:\/\/comarcas.csm.org.pt\/madeira\/#organization\"},\"potentialAction\":[{\"@type\":\"SearchAction\",\"target\":{\"@type\":\"EntryPoint\",\"urlTemplate\":\"https:\/\/comarcas.csm.org.pt\/madeira\/?s={search_term_string}\"},\"query-input\":{\"@type\":\"PropertyValueSpecification\",\"valueRequired\":true,\"valueName\":\"search_term_string\"}}],\"inLanguage\":\"pt-PT\"},{\"@type\":\"Organization\",\"@id\":\"https:\/\/comarcas.csm.org.pt\/madeira\/#organization\",\"name\":\"Tribunal Judicial da Comarca da Madeira\",\"url\":\"https:\/\/comarcas.csm.org.pt\/madeira\/\",\"logo\":{\"@type\":\"ImageObject\",\"inLanguage\":\"pt-PT\",\"@id\":\"https:\/\/comarcas.csm.org.pt\/madeira\/#\/schema\/logo\/image\/\",\"url\":\"https:\/\/comarcas.csm.org.pt\/madeira\/wp-content\/uploads\/sites\/28\/2025\/06\/cropped-Logotipo-Comarca-Madeira-ii-3.png\",\"contentUrl\":\"https:\/\/comarcas.csm.org.pt\/madeira\/wp-content\/uploads\/sites\/28\/2025\/06\/cropped-Logotipo-Comarca-Madeira-ii-3.png\",\"width\":5293,\"height\":976,\"caption\":\"Tribunal Judicial da Comarca da Madeira\"},\"image\":{\"@id\":\"https:\/\/comarcas.csm.org.pt\/madeira\/#\/schema\/logo\/image\/\"}}]}<\/script>\n<!-- \/ Yoast SEO plugin. -->","yoast_head_json":{"title":"Organograma - Tribunal Judicial da Comarca da Madeira","robots":{"index":"index","follow":"follow","max-snippet":"max-snippet:-1","max-image-preview":"max-image-preview:large","max-video-preview":"max-video-preview:-1"},"canonical":"https:\/\/comarcas.csm.org.pt\/madeira\/acomarca\/organograma\/","og_locale":"pt_PT","og_type":"article","og_title":"Organograma - Tribunal Judicial da Comarca da Madeira","og_description":"Juiz Presidente Ju\u00edza de Direito &#8211; Dra. Teresa do Ros\u00e1rio Ferreira de Sousa Procuradora Coordenadora do Minist\u00e9rio P\u00fablico Procuradora-Geral-Adjunta &#8211; Dra. Isabel Maria Fernandes Dias Administrador Judici\u00e1rio Sr. Fernando Alves Lopes Roda","og_url":"https:\/\/comarcas.csm.org.pt\/madeira\/acomarca\/organograma\/","og_site_name":"Tribunal Judicial da Comarca da Madeira","article_modified_time":"2026-03-13T17:02:23+00:00","og_image":[{"width":810,"height":540,"url":"https:\/\/comarcas.csm.org.pt\/madeira\/wp-content\/uploads\/sites\/28\/2025\/07\/foto.jpg","type":"image\/jpeg"}],"twitter_card":"summary_large_image","twitter_misc":{"Tempo estimado de leitura":"1 minuto"},"schema":{"@context":"https:\/\/schema.org","@graph":[{"@type":"WebPage","@id":"https:\/\/comarcas.csm.org.pt\/madeira\/acomarca\/organograma\/","url":"https:\/\/comarcas.csm.org.pt\/madeira\/acomarca\/organograma\/","name":"Organograma - Tribunal Judicial da Comarca da Madeira","isPartOf":{"@id":"https:\/\/comarcas.csm.org.pt\/madeira\/#website"},"primaryImageOfPage":{"@id":"https:\/\/comarcas.csm.org.pt\/madeira\/acomarca\/organograma\/#primaryimage"},"image":{"@id":"https:\/\/comarcas.csm.org.pt\/madeira\/acomarca\/organograma\/#primaryimage"},"thumbnailUrl":"https:\/\/comarcas.csm.org.pt\/madeira\/wp-content\/uploads\/sites\/28\/2025\/07\/foto.jpg","datePublished":"2024-05-21T09:25:59+00:00","dateModified":"2026-03-13T17:02:23+00:00","breadcrumb":{"@id":"https:\/\/comarcas.csm.org.pt\/madeira\/acomarca\/organograma\/#breadcrumb"},"inLanguage":"pt-PT","potentialAction":[{"@type":"ReadAction","target":["https:\/\/comarcas.csm.org.pt\/madeira\/acomarca\/organograma\/"]}]},{"@type":"ImageObject","inLanguage":"pt-PT","@id":"https:\/\/comarcas.csm.org.pt\/madeira\/acomarca\/organograma\/#primaryimage","url":"https:\/\/comarcas.csm.org.pt\/madeira\/wp-content\/uploads\/sites\/28\/2025\/07\/foto.jpg","contentUrl":"https:\/\/comarcas.csm.org.pt\/madeira\/wp-content\/uploads\/sites\/28\/2025\/07\/foto.jpg","width":810,"height":540},{"@type":"BreadcrumbList","@id":"https:\/\/comarcas.csm.org.pt\/madeira\/acomarca\/organograma\/#breadcrumb","itemListElement":[{"@type":"ListItem","position":1,"name":"In\u00edcio","item":"https:\/\/comarcas.csm.org.pt\/madeira\/"},{"@type":"ListItem","position":2,"name":"A Comarca da Madeira","item":"https:\/\/comarcas.csm.org.pt\/madeira\/acomarca\/"},{"@type":"ListItem","position":3,"name":"Organograma"}]},{"@type":"WebSite","@id":"https:\/\/comarcas.csm.org.pt\/madeira\/#website","url":"https:\/\/comarcas.csm.org.pt\/madeira\/","name":"Tribunal Judicial da Comarca da Madeira","description":"Tribunal Judicial da Comarca da Madeira","publisher":{"@id":"https:\/\/comarcas.csm.org.pt\/madeira\/#organization"},"potentialAction":[{"@type":"SearchAction","target":{"@type":"EntryPoint","urlTemplate":"https:\/\/comarcas.csm.org.pt\/madeira\/?s={search_term_string}"},"query-input":{"@type":"PropertyValueSpecification","valueRequired":true,"valueName":"search_term_string"}}],"inLanguage":"pt-PT"},{"@type":"Organization","@id":"https:\/\/comarcas.csm.org.pt\/madeira\/#organization","name":"Tribunal Judicial da Comarca da Madeira","url":"https:\/\/comarcas.csm.org.pt\/madeira\/","logo":{"@type":"ImageObject","inLanguage":"pt-PT","@id":"https:\/\/comarcas.csm.org.pt\/madeira\/#\/schema\/logo\/image\/","url":"https:\/\/comarcas.csm.org.pt\/madeira\/wp-content\/uploads\/sites\/28\/2025\/06\/cropped-Logotipo-Comarca-Madeira-ii-3.png","contentUrl":"https:\/\/comarcas.csm.org.pt\/madeira\/wp-content\/uploads\/sites\/28\/2025\/06\/cropped-Logotipo-Comarca-Madeira-ii-3.png","width":5293,"height":976,"caption":"Tribunal Judicial da Comarca da Madeira"},"image":{"@id":"https:\/\/comarcas.csm.org.pt\/madeira\/#\/schema\/logo\/image\/"}}]}},"_links":{"self":[{"href":"https:\/\/comarcas.csm.org.pt\/madeira\/wp-json\/wp\/v2\/pages\/11281","targetHints":{"allow":["GET"]}}],"collection":[{"href":"https:\/\/comarcas.csm.org.pt\/madeira\/wp-json\/wp\/v2\/pages"}],"about":[{"href":"https:\/\/comarcas.csm.org.pt\/madeira\/wp-json\/wp\/v2\/types\/page"}],"author":[{"embeddable":true,"href":"https:\/\/comarcas.csm.org.pt\/madeira\/wp-json\/wp\/v2\/users\/1"}],"replies":[{"embeddable":true,"href":"https:\/\/comarcas.csm.org.pt\/madeira\/wp-json\/wp\/v2\/comments?post=11281"}],"version-history":[{"count":58,"href":"https:\/\/comarcas.csm.org.pt\/madeira\/wp-json\/wp\/v2\/pages\/11281\/revisions"}],"predecessor-version":[{"id":12704,"href":"https:\/\/comarcas.csm.org.pt\/madeira\/wp-json\/wp\/v2\/pages\/11281\/revisions\/12704"}],"up":[{"embeddable":true,"href":"https:\/\/comarcas.csm.org.pt\/madeira\/wp-json\/wp\/v2\/pages\/2242"}],"wp:attachment":[{"href":"https:\/\/comarcas.csm.org.pt\/madeira\/wp-json\/wp\/v2\/media?parent=11281"}],"curies":[{"name":"wp","href":"https:\/\/api.w.org\/{rel}","templated":true}]}}