{"id":11330,"date":"2024-05-22T09:33:02","date_gmt":"2024-05-22T09:33:02","guid":{"rendered":"https:\/\/aveiro.vvr.pt\/?page_id=11330"},"modified":"2026-03-13T14:10:13","modified_gmt":"2026-03-13T14:10:13","slug":"instrumentos-de-gestao","status":"publish","type":"page","link":"https:\/\/comarcas.csm.org.pt\/madeira\/instrumentos-de-gestao\/","title":{"rendered":"Instrumentos de Gest\u00e3o"},"content":{"rendered":"\t\t<div data-elementor-type=\"wp-page\" data-elementor-id=\"11330\" class=\"elementor elementor-11330\" data-elementor-post-type=\"page\">\n\t\t\t\t<div class=\"elementor-element elementor-element-c33158e e-flex e-con-boxed e-con e-parent\" data-id=\"c33158e\" data-element_type=\"container\">\n\t\t\t\t\t<div class=\"e-con-inner\">\n\t\t\t\t<div class=\"elementor-element elementor-element-01f6d37 elementor-tabs-view-vertical elementor-widget elementor-widget-tabs\" data-id=\"01f6d37\" data-element_type=\"widget\" data-widget_type=\"tabs.default\">\n\t\t\t\t<div class=\"elementor-widget-container\">\n\t\t\t\t\t\t\t<div class=\"elementor-tabs\">\n\t\t\t<div class=\"elementor-tabs-wrapper\" role=\"tablist\" >\n\t\t\t\t\t\t\t\t\t<div id=\"elementor-tab-title-2051\" class=\"elementor-tab-title elementor-tab-desktop-title\" aria-selected=\"true\" data-tab=\"1\" role=\"tab\" tabindex=\"0\" aria-controls=\"elementor-tab-content-2051\" aria-expanded=\"false\">Relat\u00f3rios Anuais da Comarca<\/div>\n\t\t\t\t\t\t\t\t\t<div id=\"elementor-tab-title-2052\" class=\"elementor-tab-title elementor-tab-desktop-title\" aria-selected=\"false\" data-tab=\"2\" role=\"tab\" tabindex=\"-1\" aria-controls=\"elementor-tab-content-2052\" aria-expanded=\"false\">Relat\u00f3rios Semestrais da Comarca<\/div>\n\t\t\t\t\t\t\t\t\t<div id=\"elementor-tab-title-2053\" class=\"elementor-tab-title elementor-tab-desktop-title\" aria-selected=\"false\" data-tab=\"3\" role=\"tab\" tabindex=\"-1\" aria-controls=\"elementor-tab-content-2053\" aria-expanded=\"false\">Regulamentos da Comarca<\/div>\n\t\t\t\t\t\t\t\t\t<div id=\"elementor-tab-title-2054\" class=\"elementor-tab-title elementor-tab-desktop-title\" aria-selected=\"false\" data-tab=\"4\" role=\"tab\" tabindex=\"-1\" aria-controls=\"elementor-tab-content-2054\" aria-expanded=\"false\">Relat\u00f3rio de atividades<\/div>\n\t\t\t\t\t\t\t\t\t<div id=\"elementor-tab-title-2055\" class=\"elementor-tab-title elementor-tab-desktop-title\" aria-selected=\"false\" data-tab=\"5\" role=\"tab\" tabindex=\"-1\" aria-controls=\"elementor-tab-content-2055\" aria-expanded=\"false\">Medidas de gest\u00e3o<\/div>\n\t\t\t\t\t\t\t<\/div>\n\t\t\t<div class=\"elementor-tabs-content-wrapper\" role=\"tablist\" aria-orientation=\"vertical\">\n\t\t\t\t\t\t\t\t\t<div class=\"elementor-tab-title elementor-tab-mobile-title\" aria-selected=\"true\" data-tab=\"1\" role=\"tab\" tabindex=\"0\" aria-controls=\"elementor-tab-content-2051\" aria-expanded=\"false\">Relat\u00f3rios Anuais da Comarca<\/div>\n\t\t\t\t\t<div id=\"elementor-tab-content-2051\" class=\"elementor-tab-content elementor-clearfix\" data-tab=\"1\" role=\"tabpanel\" aria-labelledby=\"elementor-tab-title-2051\" tabindex=\"0\" hidden=\"false\"><p><a href=\"https:\/\/comarcas.csm.org.pt\/madeira\/wp-content\/uploads\/sites\/28\/2026\/03\/RELATORIO-ANUAL-FINAL-JUDICIAL-2025.pdf\" target=\"_blank\" rel=\"noopener\"><strong>Relat\u00f3rio Anual da Comarca da Madeira 2025.<\/strong><\/a><\/p><p><a href=\"https:\/\/comarcas.csm.org.pt\/madeira\/wp-content\/uploads\/sites\/28\/2025\/07\/Relatorio-Anual-Tribunal-Judicial-da-Comarca-da-Madeira-2024.pdf\" target=\"_blank\" rel=\"noopener\"><strong>Relat\u00f3rio Anual da Comarca da Madeira 2024.<\/strong><\/a><\/p><p><a href=\"https:\/\/comarcas.csm.org.pt\/madeira\/wp-content\/uploads\/sites\/28\/2025\/07\/Relatorio-ANUAL-2023-Comarca-da-Madeira.pdf\" target=\"_blank\" rel=\"noopener\"><strong>Relat\u00f3rio Anual da Comarca da Madeira 2023.<\/strong><\/a><\/p><p><a href=\"https:\/\/comarcas.csm.org.pt\/madeira\/wp-content\/uploads\/sites\/28\/2025\/07\/Relatorio-Anual-2022-Comarca-da-Madeira.pdf\" target=\"_blank\" rel=\"noopener\"><strong>Relat\u00f3rio Anual da Comarca da Madeira 2022.<\/strong><\/a><\/p><p><a href=\"https:\/\/comarcas.csm.org.pt\/madeira\/wp-content\/uploads\/sites\/28\/2025\/07\/Relatorio-TJC-Madeira-2021_e_mapas.pdf\" target=\"_blank\" rel=\"noopener\"><strong>Relat\u00f3rio Anual da Comarca da Madeira 2021.<\/strong><\/a><\/p><p><a href=\"https:\/\/comarcas.csm.org.pt\/madeira\/wp-content\/uploads\/sites\/28\/2025\/07\/Relatorio-TJ-Comarca-Madeira-2020-.pdf\" target=\"_blank\" rel=\"noopener\"><strong>Relat\u00f3rio Anual da Comarca da Madeira 2020.<\/strong><\/a><\/p><p><a href=\"https:\/\/comarcas.csm.org.pt\/madeira\/wp-content\/uploads\/sites\/28\/2025\/07\/Relatorio-Anual-2019.pdf\" target=\"_blank\" rel=\"noopener\"><strong>Relat\u00f3rio Anual da Comarca da Madeira 2019.<\/strong><\/a><\/p><p><a href=\"https:\/\/comarcas.csm.org.pt\/madeira\/wp-content\/uploads\/sites\/28\/2025\/07\/Relatorio-anual-2018.pdf\" target=\"_blank\" rel=\"noopener\"><strong>Relat\u00f3rio Anual da Comarca da Madeira 2018.<\/strong><\/a><\/p><p><a href=\"https:\/\/comarcas.csm.org.pt\/madeira\/wp-content\/uploads\/sites\/28\/2025\/07\/RELATORIO-Anual-2017.pdf\" target=\"_blank\" rel=\"noopener\"><strong>Relat\u00f3rio Anual da Comarca da Madeira 2017.<\/strong><\/a><\/p><p><a href=\"https:\/\/comarcas.csm.org.pt\/madeira\/wp-content\/uploads\/sites\/28\/2025\/07\/Relatorio-anual-1-de-Setembro-de-2015-a-31-de-Agosto-de-2016-2-1.pdf\" target=\"_blank\" rel=\"noopener\"><strong>Relat\u00f3rio Anual da Comarca da Madeira 2016.<\/strong><\/a><\/p><\/div>\n\t\t\t\t\t\t\t\t\t<div class=\"elementor-tab-title elementor-tab-mobile-title\" aria-selected=\"false\" data-tab=\"2\" role=\"tab\" tabindex=\"-1\" aria-controls=\"elementor-tab-content-2052\" aria-expanded=\"false\">Relat\u00f3rios Semestrais da Comarca<\/div>\n\t\t\t\t\t<div id=\"elementor-tab-content-2052\" class=\"elementor-tab-content elementor-clearfix\" data-tab=\"2\" role=\"tabpanel\" aria-labelledby=\"elementor-tab-title-2052\" tabindex=\"0\" hidden=\"hidden\"><p><strong><a href=\"https:\/\/comarcas.csm.org.pt\/madeira\/wp-content\/uploads\/sites\/28\/2025\/07\/RelComMAdeiraSemestral-2025.pdf\" target=\"_blank\" rel=\"noopener\">Relat\u00f3rio 1.\u00ba Semestre da Comarca da Madeira 2025.<\/a><\/strong><\/p><p><a href=\"https:\/\/comarcas.csm.org.pt\/madeira\/wp-content\/uploads\/sites\/28\/2025\/07\/Relatorio-1o-semestre-de-2024-JUDICIAL.pdf\" target=\"_blank\" rel=\"noopener\"><strong>Relat\u00f3rio 1.\u00ba Semestre da Comarca da Madeira 2024.<\/strong><\/a><\/p><p><a href=\"https:\/\/comarcas.csm.org.pt\/madeira\/wp-content\/uploads\/sites\/28\/2025\/07\/Relatorio-Final-Semestral-com-mapas-2023-1.pdf\" target=\"_blank\" rel=\"noopener\"><strong>Relat\u00f3rio 1.\u00ba Semestre da Comarca da Madeira 2023.<\/strong><\/a><\/p><p><a href=\"https:\/\/comarcas.csm.org.pt\/madeira\/wp-content\/uploads\/sites\/28\/2025\/07\/Relatorio-1.o-Semestre-2022-1.pdf\" target=\"_blank\" rel=\"noopener\"><strong>Relat\u00f3rio 1.\u00ba Semestre da Comarca da Madeira 2022.<\/strong><\/a><\/p><p><a href=\"https:\/\/comarcas.csm.org.pt\/madeira\/wp-content\/uploads\/sites\/28\/2025\/07\/TJ_Comarca_Madeira_2021_Jan-a-Junho.pdf\" target=\"_blank\" rel=\"noopener\"><strong>Relat\u00f3rio 1.\u00ba Semestre da Comarca da Madeira 2021.<\/strong><\/a><\/p><p><a href=\"https:\/\/comarcas.csm.org.pt\/madeira\/wp-content\/uploads\/sites\/28\/2025\/07\/Relatorio-1.o-semestre-de-2019-1.pdf\" target=\"_blank\" rel=\"noopener\"><strong>Relat\u00f3rio 1.\u00ba Semestre da Comarca da Madeira 2019.<\/strong><\/a><\/p><p><a href=\"https:\/\/comarcas.csm.org.pt\/madeira\/wp-content\/uploads\/sites\/28\/2025\/07\/RELATORIO-1Semestre-2017-1.pdf\" target=\"_blank\" rel=\"noopener\"><strong>Relat\u00f3rio 1.\u00ba Semestre da Comarca da Madeira 2017.<\/strong><\/a><\/p><\/div>\n\t\t\t\t\t\t\t\t\t<div class=\"elementor-tab-title elementor-tab-mobile-title\" aria-selected=\"false\" data-tab=\"3\" role=\"tab\" tabindex=\"-1\" aria-controls=\"elementor-tab-content-2053\" aria-expanded=\"false\">Regulamentos da Comarca<\/div>\n\t\t\t\t\t<div id=\"elementor-tab-content-2053\" class=\"elementor-tab-content elementor-clearfix\" data-tab=\"3\" role=\"tabpanel\" aria-labelledby=\"elementor-tab-title-2053\" tabindex=\"0\" hidden=\"hidden\"><p><strong>Regulamentos<\/strong><\/p><ul><li>Regulamento sobre distribui\u00e7\u00e3o de atos processuais &#8211; consultar <a href=\"https:\/\/comarcas.csm.org.pt\/madeira\/wp-content\/uploads\/sites\/28\/2025\/10\/Regulamento-da-distribuicao-de-atos-processuais-OUT2025.pdf\">aqui<\/a>..<\/li><\/ul><\/div>\n\t\t\t\t\t\t\t\t\t<div class=\"elementor-tab-title elementor-tab-mobile-title\" aria-selected=\"false\" data-tab=\"4\" role=\"tab\" tabindex=\"-1\" aria-controls=\"elementor-tab-content-2054\" aria-expanded=\"false\">Relat\u00f3rio de atividades<\/div>\n\t\t\t\t\t<div id=\"elementor-tab-content-2054\" class=\"elementor-tab-content elementor-clearfix\" data-tab=\"4\" role=\"tabpanel\" aria-labelledby=\"elementor-tab-title-2054\" tabindex=\"0\" hidden=\"hidden\"><p style=\"letter-spacing: 0.3px\"><strong>Relat\u00f3rio de atividades da Comarca da Madeira<\/strong><\/p><p style=\"letter-spacing: 0.3px\">Em desenvolvimento&#8230;<\/p><\/div>\n\t\t\t\t\t\t\t\t\t<div class=\"elementor-tab-title elementor-tab-mobile-title\" aria-selected=\"false\" data-tab=\"5\" role=\"tab\" tabindex=\"-1\" aria-controls=\"elementor-tab-content-2055\" aria-expanded=\"false\">Medidas de gest\u00e3o<\/div>\n\t\t\t\t\t<div id=\"elementor-tab-content-2055\" class=\"elementor-tab-content elementor-clearfix\" data-tab=\"5\" role=\"tabpanel\" aria-labelledby=\"elementor-tab-title-2055\" tabindex=\"0\" hidden=\"hidden\"><p><strong>Medidas de gest\u00e3o<\/strong><\/p><ul><li><a href=\"https:\/\/comarcas.csm.org.pt\/madeira\/wp-content\/uploads\/sites\/28\/2025\/07\/Acumulacao-de-funcoes-JL-Civel-Sta-CRuz-ate-julho-2026.pdf\" target=\"_blank\" rel=\"noopener\">Acumula\u00e7\u00e3o de fun\u00e7\u00f5es no Ju\u00edzo Local C\u00edvel de Santa Cruz de setembro 2025 at\u00e9 julho 2026.<\/a><\/li><li><a href=\"https:\/\/comarcas.csm.org.pt\/madeira\/wp-content\/uploads\/sites\/28\/2025\/07\/Prorrogacao-de-funcoes-no-Tribunal-de-Trabalho.pdf\" target=\"_blank\" rel=\"noopener\">Prorroga\u00e7\u00e3o de acumula\u00e7\u00e3o de fun\u00e7\u00f5es no Tribunal de Trabalho do Funchal de junho a dezembro de 2025.<\/a><\/li><li>Acumula\u00e7\u00e3o de fun\u00e7\u00f5es &#8211; J1 Ju\u00edzo Local C\u00edvel do Funchal &#8211; Maiores Acompanhados at\u00e9 31 de janeiro de 2026.<\/li><li><a href=\"https:\/\/comarcas.csm.org.pt\/madeira\/wp-content\/uploads\/sites\/28\/2025\/11\/Prorrogacao-acumulacao-de-funcoes-no-Juizo-do-trabalho-do-Funchal-Dra.-Ana-Isabel-Fernandes-Novo-ate-15.07.2026.pdf\">Prorroga\u00e7\u00e3o acumula\u00e7\u00e3o de fun\u00e7\u00f5es no Ju\u00edzo do Trabalho do Funchal at\u00e9 15.07.2026.<\/a><\/li><li><a href=\"https:\/\/comarcas.csm.org.pt\/madeira\/wp-content\/uploads\/sites\/28\/2026\/02\/Despacho-7.2026-Nomeacao-AJ-regime-transitorio.pdf\">Nomea\u00e7\u00e3o de Administrador Judici\u00e1rio em regime transit\u00f3rio.<\/a><\/li><\/ul><\/div>\n\t\t\t\t\t\t\t<\/div>\n\t\t<\/div>\n\t\t\t\t\t\t<\/div>\n\t\t\t\t<\/div>\n\t\t\t\t\t<\/div>\n\t\t\t\t<\/div>\n\t\t\t\t<\/div>\n\t\t","protected":false},"excerpt":{"rendered":"<p>Relat\u00f3rios Anuais da Comarca Relat\u00f3rios Semestrais da Comarca Regulamentos da Comarca Relat\u00f3rio de atividades Medidas de gest\u00e3o Relat\u00f3rios Anuais da Comarca Relat\u00f3rio Anual da Comarca da Madeira 2025. Relat\u00f3rio Anual da Comarca da Madeira 2024. Relat\u00f3rio Anual da Comarca da Madeira 2023. Relat\u00f3rio Anual da Comarca da Madeira 2022. Relat\u00f3rio Anual da Comarca da Madeira&#8230;<\/p>\n","protected":false},"author":1,"featured_media":0,"parent":0,"menu_order":0,"comment_status":"closed","ping_status":"closed","template":"","meta":{"_tbt_post_transparent":"","_tbt_post_title":"","_tbt_post_layout":"","_tbt_post_sidebar_id":"","_tbt_post_content_style":"","_tbt_post_vertical_padding":"","_tbt_post_feature":"","_tbt_post_feature_position":"","_tbt_post_header":false,"_tbt_post_footer":false},"class_list":["post-11330","page","type-page","status-publish","hentry"],"yoast_head":"<!-- This site is optimized with the Yoast SEO plugin v25.6 - https:\/\/yoast.com\/wordpress\/plugins\/seo\/ -->\n<title>Instrumentos de Gest\u00e3o - Tribunal Judicial da Comarca da Madeira<\/title>\n<meta name=\"robots\" content=\"index, follow, max-snippet:-1, max-image-preview:large, max-video-preview:-1\" \/>\n<link rel=\"canonical\" href=\"https:\/\/comarcas.csm.org.pt\/madeira\/instrumentos-de-gestao\/\" \/>\n<meta property=\"og:locale\" content=\"pt_PT\" \/>\n<meta property=\"og:type\" content=\"article\" \/>\n<meta property=\"og:title\" content=\"Instrumentos de Gest\u00e3o - Tribunal Judicial da Comarca da Madeira\" \/>\n<meta property=\"og:description\" content=\"Relat\u00f3rios Anuais da Comarca Relat\u00f3rios Semestrais da Comarca Regulamentos da Comarca Relat\u00f3rio de atividades Medidas de gest\u00e3o Relat\u00f3rios Anuais da Comarca Relat\u00f3rio Anual da Comarca da Madeira 2025. Relat\u00f3rio Anual da Comarca da Madeira 2024. Relat\u00f3rio Anual da Comarca da Madeira 2023. Relat\u00f3rio Anual da Comarca da Madeira 2022. Relat\u00f3rio Anual da Comarca da Madeira...\" \/>\n<meta property=\"og:url\" content=\"https:\/\/comarcas.csm.org.pt\/madeira\/instrumentos-de-gestao\/\" \/>\n<meta property=\"og:site_name\" content=\"Tribunal Judicial da Comarca da Madeira\" \/>\n<meta property=\"article:modified_time\" content=\"2026-03-13T14:10:13+00:00\" \/>\n<meta name=\"twitter:card\" content=\"summary_large_image\" \/>\n<meta name=\"twitter:label1\" content=\"Tempo estimado de leitura\" \/>\n\t<meta name=\"twitter:data1\" content=\"2 minutos\" \/>\n<script type=\"application\/ld+json\" class=\"yoast-schema-graph\">{\"@context\":\"https:\/\/schema.org\",\"@graph\":[{\"@type\":\"WebPage\",\"@id\":\"https:\/\/comarcas.csm.org.pt\/madeira\/instrumentos-de-gestao\/\",\"url\":\"https:\/\/comarcas.csm.org.pt\/madeira\/instrumentos-de-gestao\/\",\"name\":\"Instrumentos de Gest\u00e3o - Tribunal Judicial da Comarca da Madeira\",\"isPartOf\":{\"@id\":\"https:\/\/comarcas.csm.org.pt\/madeira\/#website\"},\"datePublished\":\"2024-05-22T09:33:02+00:00\",\"dateModified\":\"2026-03-13T14:10:13+00:00\",\"breadcrumb\":{\"@id\":\"https:\/\/comarcas.csm.org.pt\/madeira\/instrumentos-de-gestao\/#breadcrumb\"},\"inLanguage\":\"pt-PT\",\"potentialAction\":[{\"@type\":\"ReadAction\",\"target\":[\"https:\/\/comarcas.csm.org.pt\/madeira\/instrumentos-de-gestao\/\"]}]},{\"@type\":\"BreadcrumbList\",\"@id\":\"https:\/\/comarcas.csm.org.pt\/madeira\/instrumentos-de-gestao\/#breadcrumb\",\"itemListElement\":[{\"@type\":\"ListItem\",\"position\":1,\"name\":\"In\u00edcio\",\"item\":\"https:\/\/comarcas.csm.org.pt\/madeira\/\"},{\"@type\":\"ListItem\",\"position\":2,\"name\":\"Instrumentos de Gest\u00e3o\"}]},{\"@type\":\"WebSite\",\"@id\":\"https:\/\/comarcas.csm.org.pt\/madeira\/#website\",\"url\":\"https:\/\/comarcas.csm.org.pt\/madeira\/\",\"name\":\"Tribunal Judicial da Comarca da Madeira\",\"description\":\"Tribunal Judicial da Comarca da Madeira\",\"publisher\":{\"@id\":\"https:\/\/comarcas.csm.org.pt\/madeira\/#organization\"},\"potentialAction\":[{\"@type\":\"SearchAction\",\"target\":{\"@type\":\"EntryPoint\",\"urlTemplate\":\"https:\/\/comarcas.csm.org.pt\/madeira\/?s={search_term_string}\"},\"query-input\":{\"@type\":\"PropertyValueSpecification\",\"valueRequired\":true,\"valueName\":\"search_term_string\"}}],\"inLanguage\":\"pt-PT\"},{\"@type\":\"Organization\",\"@id\":\"https:\/\/comarcas.csm.org.pt\/madeira\/#organization\",\"name\":\"Tribunal Judicial da Comarca da Madeira\",\"url\":\"https:\/\/comarcas.csm.org.pt\/madeira\/\",\"logo\":{\"@type\":\"ImageObject\",\"inLanguage\":\"pt-PT\",\"@id\":\"https:\/\/comarcas.csm.org.pt\/madeira\/#\/schema\/logo\/image\/\",\"url\":\"https:\/\/comarcas.csm.org.pt\/madeira\/wp-content\/uploads\/sites\/28\/2025\/06\/cropped-Logotipo-Comarca-Madeira-ii-3.png\",\"contentUrl\":\"https:\/\/comarcas.csm.org.pt\/madeira\/wp-content\/uploads\/sites\/28\/2025\/06\/cropped-Logotipo-Comarca-Madeira-ii-3.png\",\"width\":5293,\"height\":976,\"caption\":\"Tribunal Judicial da Comarca da Madeira\"},\"image\":{\"@id\":\"https:\/\/comarcas.csm.org.pt\/madeira\/#\/schema\/logo\/image\/\"}}]}<\/script>\n<!-- \/ Yoast SEO plugin. -->","yoast_head_json":{"title":"Instrumentos de Gest\u00e3o - Tribunal Judicial da Comarca da Madeira","robots":{"index":"index","follow":"follow","max-snippet":"max-snippet:-1","max-image-preview":"max-image-preview:large","max-video-preview":"max-video-preview:-1"},"canonical":"https:\/\/comarcas.csm.org.pt\/madeira\/instrumentos-de-gestao\/","og_locale":"pt_PT","og_type":"article","og_title":"Instrumentos de Gest\u00e3o - Tribunal Judicial da Comarca da Madeira","og_description":"Relat\u00f3rios Anuais da Comarca Relat\u00f3rios Semestrais da Comarca Regulamentos da Comarca Relat\u00f3rio de atividades Medidas de gest\u00e3o Relat\u00f3rios Anuais da Comarca Relat\u00f3rio Anual da Comarca da Madeira 2025. Relat\u00f3rio Anual da Comarca da Madeira 2024. Relat\u00f3rio Anual da Comarca da Madeira 2023. Relat\u00f3rio Anual da Comarca da Madeira 2022. Relat\u00f3rio Anual da Comarca da Madeira...","og_url":"https:\/\/comarcas.csm.org.pt\/madeira\/instrumentos-de-gestao\/","og_site_name":"Tribunal Judicial da Comarca da Madeira","article_modified_time":"2026-03-13T14:10:13+00:00","twitter_card":"summary_large_image","twitter_misc":{"Tempo estimado de leitura":"2 minutos"},"schema":{"@context":"https:\/\/schema.org","@graph":[{"@type":"WebPage","@id":"https:\/\/comarcas.csm.org.pt\/madeira\/instrumentos-de-gestao\/","url":"https:\/\/comarcas.csm.org.pt\/madeira\/instrumentos-de-gestao\/","name":"Instrumentos de Gest\u00e3o - Tribunal Judicial da Comarca da Madeira","isPartOf":{"@id":"https:\/\/comarcas.csm.org.pt\/madeira\/#website"},"datePublished":"2024-05-22T09:33:02+00:00","dateModified":"2026-03-13T14:10:13+00:00","breadcrumb":{"@id":"https:\/\/comarcas.csm.org.pt\/madeira\/instrumentos-de-gestao\/#breadcrumb"},"inLanguage":"pt-PT","potentialAction":[{"@type":"ReadAction","target":["https:\/\/comarcas.csm.org.pt\/madeira\/instrumentos-de-gestao\/"]}]},{"@type":"BreadcrumbList","@id":"https:\/\/comarcas.csm.org.pt\/madeira\/instrumentos-de-gestao\/#breadcrumb","itemListElement":[{"@type":"ListItem","position":1,"name":"In\u00edcio","item":"https:\/\/comarcas.csm.org.pt\/madeira\/"},{"@type":"ListItem","position":2,"name":"Instrumentos de Gest\u00e3o"}]},{"@type":"WebSite","@id":"https:\/\/comarcas.csm.org.pt\/madeira\/#website","url":"https:\/\/comarcas.csm.org.pt\/madeira\/","name":"Tribunal Judicial da Comarca da Madeira","description":"Tribunal Judicial da Comarca da Madeira","publisher":{"@id":"https:\/\/comarcas.csm.org.pt\/madeira\/#organization"},"potentialAction":[{"@type":"SearchAction","target":{"@type":"EntryPoint","urlTemplate":"https:\/\/comarcas.csm.org.pt\/madeira\/?s={search_term_string}"},"query-input":{"@type":"PropertyValueSpecification","valueRequired":true,"valueName":"search_term_string"}}],"inLanguage":"pt-PT"},{"@type":"Organization","@id":"https:\/\/comarcas.csm.org.pt\/madeira\/#organization","name":"Tribunal Judicial da Comarca da Madeira","url":"https:\/\/comarcas.csm.org.pt\/madeira\/","logo":{"@type":"ImageObject","inLanguage":"pt-PT","@id":"https:\/\/comarcas.csm.org.pt\/madeira\/#\/schema\/logo\/image\/","url":"https:\/\/comarcas.csm.org.pt\/madeira\/wp-content\/uploads\/sites\/28\/2025\/06\/cropped-Logotipo-Comarca-Madeira-ii-3.png","contentUrl":"https:\/\/comarcas.csm.org.pt\/madeira\/wp-content\/uploads\/sites\/28\/2025\/06\/cropped-Logotipo-Comarca-Madeira-ii-3.png","width":5293,"height":976,"caption":"Tribunal Judicial da Comarca da Madeira"},"image":{"@id":"https:\/\/comarcas.csm.org.pt\/madeira\/#\/schema\/logo\/image\/"}}]}},"_links":{"self":[{"href":"https:\/\/comarcas.csm.org.pt\/madeira\/wp-json\/wp\/v2\/pages\/11330","targetHints":{"allow":["GET"]}}],"collection":[{"href":"https:\/\/comarcas.csm.org.pt\/madeira\/wp-json\/wp\/v2\/pages"}],"about":[{"href":"https:\/\/comarcas.csm.org.pt\/madeira\/wp-json\/wp\/v2\/types\/page"}],"author":[{"embeddable":true,"href":"https:\/\/comarcas.csm.org.pt\/madeira\/wp-json\/wp\/v2\/users\/1"}],"replies":[{"embeddable":true,"href":"https:\/\/comarcas.csm.org.pt\/madeira\/wp-json\/wp\/v2\/comments?post=11330"}],"version-history":[{"count":146,"href":"https:\/\/comarcas.csm.org.pt\/madeira\/wp-json\/wp\/v2\/pages\/11330\/revisions"}],"predecessor-version":[{"id":12701,"href":"https:\/\/comarcas.csm.org.pt\/madeira\/wp-json\/wp\/v2\/pages\/11330\/revisions\/12701"}],"wp:attachment":[{"href":"https:\/\/comarcas.csm.org.pt\/madeira\/wp-json\/wp\/v2\/media?parent=11330"}],"curies":[{"name":"wp","href":"https:\/\/api.w.org\/{rel}","templated":true}]}}