{"id":11359,"date":"2024-05-22T11:36:09","date_gmt":"2024-05-22T11:36:09","guid":{"rendered":"https:\/\/aveiro.vvr.pt\/?page_id=11359"},"modified":"2025-06-24T15:55:32","modified_gmt":"2025-06-24T15:55:32","slug":"rgpd","status":"publish","type":"page","link":"https:\/\/comarcas.csm.org.pt\/madeira\/cidadao\/rgpd\/","title":{"rendered":"RGPD"},"content":{"rendered":"\t\t<div data-elementor-type=\"wp-page\" data-elementor-id=\"11359\" class=\"elementor elementor-11359\" data-elementor-post-type=\"page\">\n\t\t\t\t<div class=\"elementor-element elementor-element-be4dfc3 e-flex e-con-boxed e-con e-parent\" data-id=\"be4dfc3\" data-element_type=\"container\">\n\t\t\t\t\t<div class=\"e-con-inner\">\n\t\t\t\t<div class=\"elementor-element elementor-element-7e07987 elementor-widget elementor-widget-text-editor\" data-id=\"7e07987\" data-element_type=\"widget\" data-widget_type=\"text-editor.default\">\n\t\t\t\t<div class=\"elementor-widget-container\">\n\t\t\t\t\t\t\t\t\t\n<p>Mediante delibera\u00e7\u00e3o do Plen\u00e1rio do Conselho Superior da Magistratura, de 24 de abril de 2018, foi nomeado Encarregado de Prote\u00e7\u00e3o de Dados (DPO, na sigla em l\u00edngua inglesa), o Exmo. Senhor Juiz de Direito Nuno Lu\u00eds Lopes Ribeiro.<br \/><br \/>As fun\u00e7\u00f5es do DPO, no \u00e2mbito da atividade administrativa dos tribunais, tal como descritas no Regulamento (EU) n.\u00ba 2016\/679, do Parlamento e do Conselho, de 27 de abril de 2016 \u2013 Regulamento Geral de Prote\u00e7\u00e3o de Dados (RGPD), podem ser sintetizadas no seguinte:<br \/>&#8211; Informa\u00e7\u00e3o e aconselhamento dos tribunais, seus funcion\u00e1rios e subcontratantes, a respeito das obriga\u00e7\u00f5es emergentes do regime de prote\u00e7\u00e3o de dados;<br \/>&#8211; Aprecia\u00e7\u00e3o da conformidade com esse regime, das pol\u00edticas e atividades dos tribunais, incluindo a reparti\u00e7\u00e3o de responsabilidades com subcontratados, as pr\u00e1ticas de detec\u00e7\u00e3o e resposta a eventuais viola\u00e7\u00f5es de dados pessoais, a sensibiliza\u00e7\u00e3o e forma\u00e7\u00e3o do pessoal implicado nas opera\u00e7\u00f5es de tratamento de dados e as auditorias correspondentes;<br \/><br \/>&#8211; Coopera\u00e7\u00e3o e ponto de contato com a autoridade de controlo.<br \/>O DPO nomeado pode ser contatado, sobre assuntos relacionados com as suas fun\u00e7\u00f5es:<br \/>&#8211; por e-mail, para o endere\u00e7o<br \/>dpo.csm@csm.org.pt;<br \/>&#8211; por correio, para o endere\u00e7o<br \/>Encarregado de Prote\u00e7\u00e3o de Dados<br \/>Conselho Superior da Magistratura<br \/>Rua Mouzinho da Silveira, n.\u00ba 10<br \/>1269-273 Lisboa.<br \/><br \/><br \/>**********************************************************************************************<br \/><br \/>DELIBERA\u00c7\u00d5ES TOMADAS NO PLEN\u00c1RIO DE 07-05-2019 (Tarde)<br \/><br \/>15) Foi deliberado, por unanimidade, aceitar a ren\u00fancia apresentada pelo Exmo. Senhor Juiz Desembargador Dr. Nuno Lu\u00eds Lopes Ribeiro relativamente ao exerc\u00edcio da fun\u00e7\u00e3o de Encarregado de Prote\u00e7\u00e3o de Dados do Conselho Superior da Magistratura. Considerando a aludida ren\u00fancia, o Plen\u00e1rio do Conselho Superior da Magistratura deliberou, por unanimidade, indicar a Exma. Senhora Ju\u00edza de Direito, Dra. Ana Sofia Bastos Wengorovius, para o exerc\u00edcio da fun\u00e7\u00e3o de Encarregada da Protec\u00e7\u00e3o de Dados do Conselho Superior da Magistratura.<br \/><br \/><br \/>Encarregada de Prote\u00e7\u00e3o de Dados<br \/>(Data Protection Officer)<br \/>Dra. Ana Sofia Bastos Wengorovius<br \/>Ju\u00edza de Direito<br \/>Adjunta do Gabinete do Vice-Presidente do CSM<br \/><br \/><br \/>EPD (DPO) anteriores<br \/>Delibera\u00e7\u00e3o do Conselho Plen\u00e1rio de 24\/04\/2018<br \/>Juiz Desembargador Nuno Lu\u00eds Lopes Ribeiro (24\/04\/2018 a 07\/05\/2019)<br \/><br \/><br \/><br \/>Protocolo de implementa\u00e7\u00e3o do RGPD celebrado entre o CSM e os Tribunais da Rela\u00e7\u00e3o<br \/>Publicado em 2019-05-02 12:03:37<\/p>\n<h3 class=\"wp-block-heading\"><br \/><br \/><\/h3>\n<p>Protocolo \u2013 RGPD \u2013 CSM e Tribunais da Rela\u00e7\u00e3o<br \/><i>Publicado em 2024-04-22 11:03:10<\/i><\/p>\n<p>\u00a0<\/p>\n\t\t\t\t\t\t\t\t<\/div>\n\t\t\t\t<\/div>\n\t\t\t\t\t<\/div>\n\t\t\t\t<\/div>\n\t\t\t\t<\/div>\n\t\t","protected":false},"excerpt":{"rendered":"<p>Mediante delibera\u00e7\u00e3o do Plen\u00e1rio do Conselho Superior da Magistratura, de 24 de abril de 2018, foi nomeado Encarregado de Prote\u00e7\u00e3o de Dados (DPO, na sigla em l\u00edngua inglesa), o Exmo. Senhor Juiz de Direito Nuno Lu\u00eds Lopes Ribeiro. As fun\u00e7\u00f5es do DPO, no \u00e2mbito da atividade administrativa dos tribunais, tal como descritas no Regulamento (EU)&#8230;<\/p>\n","protected":false},"author":1,"featured_media":0,"parent":11404,"menu_order":0,"comment_status":"closed","ping_status":"closed","template":"","meta":{"_tbt_post_transparent":"","_tbt_post_title":"","_tbt_post_layout":"","_tbt_post_sidebar_id":"","_tbt_post_content_style":"","_tbt_post_vertical_padding":"","_tbt_post_feature":"","_tbt_post_feature_position":"","_tbt_post_header":false,"_tbt_post_footer":false},"class_list":["post-11359","page","type-page","status-publish","hentry"],"yoast_head":"<!-- This site is optimized with the Yoast SEO plugin v25.6 - https:\/\/yoast.com\/wordpress\/plugins\/seo\/ -->\n<title>RGPD - Tribunal Judicial da Comarca da Madeira<\/title>\n<meta name=\"robots\" content=\"index, follow, max-snippet:-1, max-image-preview:large, max-video-preview:-1\" \/>\n<link rel=\"canonical\" href=\"https:\/\/comarcas.csm.org.pt\/madeira\/cidadao\/rgpd\/\" \/>\n<meta property=\"og:locale\" content=\"pt_PT\" \/>\n<meta property=\"og:type\" content=\"article\" \/>\n<meta property=\"og:title\" content=\"RGPD - Tribunal Judicial da Comarca da Madeira\" \/>\n<meta property=\"og:description\" content=\"Mediante delibera\u00e7\u00e3o do Plen\u00e1rio do Conselho Superior da Magistratura, de 24 de abril de 2018, foi nomeado Encarregado de Prote\u00e7\u00e3o de Dados (DPO, na sigla em l\u00edngua inglesa), o Exmo. Senhor Juiz de Direito Nuno Lu\u00eds Lopes Ribeiro. As fun\u00e7\u00f5es do DPO, no \u00e2mbito da atividade administrativa dos tribunais, tal como descritas no Regulamento (EU)...\" \/>\n<meta property=\"og:url\" content=\"https:\/\/comarcas.csm.org.pt\/madeira\/cidadao\/rgpd\/\" \/>\n<meta property=\"og:site_name\" content=\"Tribunal Judicial da Comarca da Madeira\" \/>\n<meta property=\"article:modified_time\" content=\"2025-06-24T15:55:32+00:00\" \/>\n<meta name=\"twitter:card\" content=\"summary_large_image\" \/>\n<meta name=\"twitter:label1\" content=\"Tempo estimado de leitura\" \/>\n\t<meta name=\"twitter:data1\" content=\"2 minutos\" \/>\n<script type=\"application\/ld+json\" class=\"yoast-schema-graph\">{\"@context\":\"https:\/\/schema.org\",\"@graph\":[{\"@type\":\"WebPage\",\"@id\":\"https:\/\/comarcas.csm.org.pt\/madeira\/cidadao\/rgpd\/\",\"url\":\"https:\/\/comarcas.csm.org.pt\/madeira\/cidadao\/rgpd\/\",\"name\":\"RGPD - Tribunal Judicial da Comarca da Madeira\",\"isPartOf\":{\"@id\":\"https:\/\/comarcas.csm.org.pt\/madeira\/#website\"},\"datePublished\":\"2024-05-22T11:36:09+00:00\",\"dateModified\":\"2025-06-24T15:55:32+00:00\",\"breadcrumb\":{\"@id\":\"https:\/\/comarcas.csm.org.pt\/madeira\/cidadao\/rgpd\/#breadcrumb\"},\"inLanguage\":\"pt-PT\",\"potentialAction\":[{\"@type\":\"ReadAction\",\"target\":[\"https:\/\/comarcas.csm.org.pt\/madeira\/cidadao\/rgpd\/\"]}]},{\"@type\":\"BreadcrumbList\",\"@id\":\"https:\/\/comarcas.csm.org.pt\/madeira\/cidadao\/rgpd\/#breadcrumb\",\"itemListElement\":[{\"@type\":\"ListItem\",\"position\":1,\"name\":\"In\u00edcio\",\"item\":\"https:\/\/comarcas.csm.org.pt\/madeira\/\"},{\"@type\":\"ListItem\",\"position\":2,\"name\":\"Cidad\u00e3o\",\"item\":\"https:\/\/comarcas.csm.org.pt\/madeira\/cidadao\/\"},{\"@type\":\"ListItem\",\"position\":3,\"name\":\"RGPD\"}]},{\"@type\":\"WebSite\",\"@id\":\"https:\/\/comarcas.csm.org.pt\/madeira\/#website\",\"url\":\"https:\/\/comarcas.csm.org.pt\/madeira\/\",\"name\":\"Tribunal Judicial da Comarca da Madeira\",\"description\":\"Tribunal Judicial da Comarca da Madeira\",\"publisher\":{\"@id\":\"https:\/\/comarcas.csm.org.pt\/madeira\/#organization\"},\"potentialAction\":[{\"@type\":\"SearchAction\",\"target\":{\"@type\":\"EntryPoint\",\"urlTemplate\":\"https:\/\/comarcas.csm.org.pt\/madeira\/?s={search_term_string}\"},\"query-input\":{\"@type\":\"PropertyValueSpecification\",\"valueRequired\":true,\"valueName\":\"search_term_string\"}}],\"inLanguage\":\"pt-PT\"},{\"@type\":\"Organization\",\"@id\":\"https:\/\/comarcas.csm.org.pt\/madeira\/#organization\",\"name\":\"Tribunal Judicial da Comarca da Madeira\",\"url\":\"https:\/\/comarcas.csm.org.pt\/madeira\/\",\"logo\":{\"@type\":\"ImageObject\",\"inLanguage\":\"pt-PT\",\"@id\":\"https:\/\/comarcas.csm.org.pt\/madeira\/#\/schema\/logo\/image\/\",\"url\":\"https:\/\/comarcas.csm.org.pt\/madeira\/wp-content\/uploads\/sites\/28\/2025\/06\/cropped-Logotipo-Comarca-Madeira-ii-3.png\",\"contentUrl\":\"https:\/\/comarcas.csm.org.pt\/madeira\/wp-content\/uploads\/sites\/28\/2025\/06\/cropped-Logotipo-Comarca-Madeira-ii-3.png\",\"width\":5293,\"height\":976,\"caption\":\"Tribunal Judicial da Comarca da Madeira\"},\"image\":{\"@id\":\"https:\/\/comarcas.csm.org.pt\/madeira\/#\/schema\/logo\/image\/\"}}]}<\/script>\n<!-- \/ Yoast SEO plugin. -->","yoast_head_json":{"title":"RGPD - Tribunal Judicial da Comarca da Madeira","robots":{"index":"index","follow":"follow","max-snippet":"max-snippet:-1","max-image-preview":"max-image-preview:large","max-video-preview":"max-video-preview:-1"},"canonical":"https:\/\/comarcas.csm.org.pt\/madeira\/cidadao\/rgpd\/","og_locale":"pt_PT","og_type":"article","og_title":"RGPD - Tribunal Judicial da Comarca da Madeira","og_description":"Mediante delibera\u00e7\u00e3o do Plen\u00e1rio do Conselho Superior da Magistratura, de 24 de abril de 2018, foi nomeado Encarregado de Prote\u00e7\u00e3o de Dados (DPO, na sigla em l\u00edngua inglesa), o Exmo. Senhor Juiz de Direito Nuno Lu\u00eds Lopes Ribeiro. As fun\u00e7\u00f5es do DPO, no \u00e2mbito da atividade administrativa dos tribunais, tal como descritas no Regulamento (EU)...","og_url":"https:\/\/comarcas.csm.org.pt\/madeira\/cidadao\/rgpd\/","og_site_name":"Tribunal Judicial da Comarca da Madeira","article_modified_time":"2025-06-24T15:55:32+00:00","twitter_card":"summary_large_image","twitter_misc":{"Tempo estimado de leitura":"2 minutos"},"schema":{"@context":"https:\/\/schema.org","@graph":[{"@type":"WebPage","@id":"https:\/\/comarcas.csm.org.pt\/madeira\/cidadao\/rgpd\/","url":"https:\/\/comarcas.csm.org.pt\/madeira\/cidadao\/rgpd\/","name":"RGPD - Tribunal Judicial da Comarca da Madeira","isPartOf":{"@id":"https:\/\/comarcas.csm.org.pt\/madeira\/#website"},"datePublished":"2024-05-22T11:36:09+00:00","dateModified":"2025-06-24T15:55:32+00:00","breadcrumb":{"@id":"https:\/\/comarcas.csm.org.pt\/madeira\/cidadao\/rgpd\/#breadcrumb"},"inLanguage":"pt-PT","potentialAction":[{"@type":"ReadAction","target":["https:\/\/comarcas.csm.org.pt\/madeira\/cidadao\/rgpd\/"]}]},{"@type":"BreadcrumbList","@id":"https:\/\/comarcas.csm.org.pt\/madeira\/cidadao\/rgpd\/#breadcrumb","itemListElement":[{"@type":"ListItem","position":1,"name":"In\u00edcio","item":"https:\/\/comarcas.csm.org.pt\/madeira\/"},{"@type":"ListItem","position":2,"name":"Cidad\u00e3o","item":"https:\/\/comarcas.csm.org.pt\/madeira\/cidadao\/"},{"@type":"ListItem","position":3,"name":"RGPD"}]},{"@type":"WebSite","@id":"https:\/\/comarcas.csm.org.pt\/madeira\/#website","url":"https:\/\/comarcas.csm.org.pt\/madeira\/","name":"Tribunal Judicial da Comarca da Madeira","description":"Tribunal Judicial da Comarca da Madeira","publisher":{"@id":"https:\/\/comarcas.csm.org.pt\/madeira\/#organization"},"potentialAction":[{"@type":"SearchAction","target":{"@type":"EntryPoint","urlTemplate":"https:\/\/comarcas.csm.org.pt\/madeira\/?s={search_term_string}"},"query-input":{"@type":"PropertyValueSpecification","valueRequired":true,"valueName":"search_term_string"}}],"inLanguage":"pt-PT"},{"@type":"Organization","@id":"https:\/\/comarcas.csm.org.pt\/madeira\/#organization","name":"Tribunal Judicial da Comarca da Madeira","url":"https:\/\/comarcas.csm.org.pt\/madeira\/","logo":{"@type":"ImageObject","inLanguage":"pt-PT","@id":"https:\/\/comarcas.csm.org.pt\/madeira\/#\/schema\/logo\/image\/","url":"https:\/\/comarcas.csm.org.pt\/madeira\/wp-content\/uploads\/sites\/28\/2025\/06\/cropped-Logotipo-Comarca-Madeira-ii-3.png","contentUrl":"https:\/\/comarcas.csm.org.pt\/madeira\/wp-content\/uploads\/sites\/28\/2025\/06\/cropped-Logotipo-Comarca-Madeira-ii-3.png","width":5293,"height":976,"caption":"Tribunal Judicial da Comarca da Madeira"},"image":{"@id":"https:\/\/comarcas.csm.org.pt\/madeira\/#\/schema\/logo\/image\/"}}]}},"_links":{"self":[{"href":"https:\/\/comarcas.csm.org.pt\/madeira\/wp-json\/wp\/v2\/pages\/11359","targetHints":{"allow":["GET"]}}],"collection":[{"href":"https:\/\/comarcas.csm.org.pt\/madeira\/wp-json\/wp\/v2\/pages"}],"about":[{"href":"https:\/\/comarcas.csm.org.pt\/madeira\/wp-json\/wp\/v2\/types\/page"}],"author":[{"embeddable":true,"href":"https:\/\/comarcas.csm.org.pt\/madeira\/wp-json\/wp\/v2\/users\/1"}],"replies":[{"embeddable":true,"href":"https:\/\/comarcas.csm.org.pt\/madeira\/wp-json\/wp\/v2\/comments?post=11359"}],"version-history":[{"count":4,"href":"https:\/\/comarcas.csm.org.pt\/madeira\/wp-json\/wp\/v2\/pages\/11359\/revisions"}],"predecessor-version":[{"id":12108,"href":"https:\/\/comarcas.csm.org.pt\/madeira\/wp-json\/wp\/v2\/pages\/11359\/revisions\/12108"}],"up":[{"embeddable":true,"href":"https:\/\/comarcas.csm.org.pt\/madeira\/wp-json\/wp\/v2\/pages\/11404"}],"wp:attachment":[{"href":"https:\/\/comarcas.csm.org.pt\/madeira\/wp-json\/wp\/v2\/media?parent=11359"}],"curies":[{"name":"wp","href":"https:\/\/api.w.org\/{rel}","templated":true}]}}