{"id":11444,"date":"2024-05-22T13:08:12","date_gmt":"2024-05-22T13:08:12","guid":{"rendered":"https:\/\/aveiro.vvr.pt\/?page_id=11444"},"modified":"2025-07-18T13:49:34","modified_gmt":"2025-07-18T13:49:34","slug":"links","status":"publish","type":"page","link":"https:\/\/comarcas.csm.org.pt\/madeira\/cidadao\/links\/","title":{"rendered":"Links \u00dateis"},"content":{"rendered":"\t\t<div data-elementor-type=\"wp-page\" data-elementor-id=\"11444\" class=\"elementor elementor-11444\" data-elementor-post-type=\"page\">\n\t\t\t\t<div class=\"elementor-element elementor-element-af65e8b e-flex e-con-boxed e-con e-parent\" data-id=\"af65e8b\" data-element_type=\"container\">\n\t\t\t\t\t<div class=\"e-con-inner\">\n\t\t<div class=\"elementor-element elementor-element-2d5ea22 e-con-full e-flex e-con e-child\" data-id=\"2d5ea22\" data-element_type=\"container\">\n\t\t\t\t<div class=\"elementor-element elementor-element-a7b16e1 btn100 elementor-widget elementor-widget-button\" data-id=\"a7b16e1\" data-element_type=\"widget\" data-widget_type=\"button.default\">\n\t\t\t\t<div class=\"elementor-widget-container\">\n\t\t\t\t\t\t\t\t\t<div class=\"elementor-button-wrapper\">\n\t\t\t\t\t<a class=\"elementor-button elementor-button-link elementor-size-sm\" href=\"https:\/\/justica.gov.pt\/\" target=\"_blank\">\n\t\t\t\t\t\t<span class=\"elementor-button-content-wrapper\">\n\t\t\t\t\t\t\t\t\t<span class=\"elementor-button-text\">Minist\u00e9rio da Justi\u00e7a<\/span>\n\t\t\t\t\t<\/span>\n\t\t\t\t\t<\/a>\n\t\t\t\t<\/div>\n\t\t\t\t\t\t\t\t<\/div>\n\t\t\t\t<\/div>\n\t\t\t\t<div class=\"elementor-element elementor-element-5f456f2 elementor-widget elementor-widget-image\" data-id=\"5f456f2\" data-element_type=\"widget\" data-widget_type=\"image.default\">\n\t\t\t\t<div class=\"elementor-widget-container\">\n\t\t\t\t\t\t\t\t\t\t\t\t\t\t\t<img fetchpriority=\"high\" decoding=\"async\" width=\"535\" height=\"252\" src=\"https:\/\/comarcas.csm.org.pt\/madeira\/wp-content\/uploads\/sites\/28\/2025\/07\/Digital_PT_4C_V_FC_JUSTICA.png\" class=\"attachment-large size-large wp-image-12455\" alt=\"\" srcset=\"https:\/\/comarcas.csm.org.pt\/madeira\/wp-content\/uploads\/sites\/28\/2025\/07\/Digital_PT_4C_V_FC_JUSTICA.png 535w, https:\/\/comarcas.csm.org.pt\/madeira\/wp-content\/uploads\/sites\/28\/2025\/07\/Digital_PT_4C_V_FC_JUSTICA-300x141.png 300w\" sizes=\"(max-width: 535px) 100vw, 535px\" \/>\t\t\t\t\t\t\t\t\t\t\t\t\t\t\t<\/div>\n\t\t\t\t<\/div>\n\t\t\t\t<\/div>\n\t\t<div class=\"elementor-element elementor-element-a9cdf9f e-con-full e-flex e-con e-child\" data-id=\"a9cdf9f\" data-element_type=\"container\">\n\t\t\t\t<div class=\"elementor-element elementor-element-7ed05ff btn100 elementor-button-info elementor-widget elementor-widget-button\" data-id=\"7ed05ff\" data-element_type=\"widget\" data-widget_type=\"button.default\">\n\t\t\t\t<div class=\"elementor-widget-container\">\n\t\t\t\t\t\t\t\t\t<div class=\"elementor-button-wrapper\">\n\t\t\t\t\t<a class=\"elementor-button elementor-button-link elementor-size-sm\" href=\"https:\/\/csm.org.pt\/\" target=\"_blank\">\n\t\t\t\t\t\t<span class=\"elementor-button-content-wrapper\">\n\t\t\t\t\t\t\t\t\t<span class=\"elementor-button-text\">Conselho Superior da Magistratura<\/span>\n\t\t\t\t\t<\/span>\n\t\t\t\t\t<\/a>\n\t\t\t\t<\/div>\n\t\t\t\t\t\t\t\t<\/div>\n\t\t\t\t<\/div>\n\t\t\t\t<div class=\"elementor-element elementor-element-06f7f16 elementor-widget elementor-widget-image\" data-id=\"06f7f16\" data-element_type=\"widget\" data-widget_type=\"image.default\">\n\t\t\t\t<div class=\"elementor-widget-container\">\n\t\t\t\t\t\t\t\t\t\t\t\t\t\t\t<img decoding=\"async\" width=\"592\" height=\"248\" src=\"https:\/\/comarcas.csm.org.pt\/madeira\/wp-content\/uploads\/sites\/28\/2025\/07\/cropped-logo-1.png\" class=\"attachment-large size-large wp-image-12454\" alt=\"\" srcset=\"https:\/\/comarcas.csm.org.pt\/madeira\/wp-content\/uploads\/sites\/28\/2025\/07\/cropped-logo-1.png 592w, https:\/\/comarcas.csm.org.pt\/madeira\/wp-content\/uploads\/sites\/28\/2025\/07\/cropped-logo-1-300x126.png 300w\" sizes=\"(max-width: 592px) 100vw, 592px\" \/>\t\t\t\t\t\t\t\t\t\t\t\t\t\t\t<\/div>\n\t\t\t\t<\/div>\n\t\t\t\t<\/div>\n\t\t<div class=\"elementor-element elementor-element-65e641c e-con-full e-flex e-con e-child\" data-id=\"65e641c\" data-element_type=\"container\">\n\t\t\t\t<div class=\"elementor-element elementor-element-224bc6b btn100 elementor-widget elementor-widget-button\" data-id=\"224bc6b\" data-element_type=\"widget\" data-widget_type=\"button.default\">\n\t\t\t\t<div class=\"elementor-widget-container\">\n\t\t\t\t\t\t\t\t\t<div class=\"elementor-button-wrapper\">\n\t\t\t\t\t<a class=\"elementor-button elementor-button-link elementor-size-sm\" href=\"https:\/\/www.ministeriopublico.pt\/pagina\/conselho-superior-do-ministerio-publico\" target=\"_blank\">\n\t\t\t\t\t\t<span class=\"elementor-button-content-wrapper\">\n\t\t\t\t\t\t\t\t\t<span class=\"elementor-button-text\">Conselho Superior do Minist\u00e9rio P\u00fablico<\/span>\n\t\t\t\t\t<\/span>\n\t\t\t\t\t<\/a>\n\t\t\t\t<\/div>\n\t\t\t\t\t\t\t\t<\/div>\n\t\t\t\t<\/div>\n\t\t\t\t<div class=\"elementor-element elementor-element-2134c45 elementor-widget elementor-widget-image\" data-id=\"2134c45\" data-element_type=\"widget\" data-widget_type=\"image.default\">\n\t\t\t\t<div class=\"elementor-widget-container\">\n\t\t\t\t\t\t\t\t\t\t\t\t\t\t\t<img decoding=\"async\" width=\"355\" height=\"96\" src=\"https:\/\/comarcas.csm.org.pt\/madeira\/wp-content\/uploads\/sites\/28\/2025\/07\/mplogo_desktop-1-1.png\" class=\"attachment-large size-large wp-image-12463\" alt=\"\" srcset=\"https:\/\/comarcas.csm.org.pt\/madeira\/wp-content\/uploads\/sites\/28\/2025\/07\/mplogo_desktop-1-1.png 355w, https:\/\/comarcas.csm.org.pt\/madeira\/wp-content\/uploads\/sites\/28\/2025\/07\/mplogo_desktop-1-1-300x81.png 300w\" sizes=\"(max-width: 355px) 100vw, 355px\" \/>\t\t\t\t\t\t\t\t\t\t\t\t\t\t\t<\/div>\n\t\t\t\t<\/div>\n\t\t\t\t<\/div>\n\t\t<div class=\"elementor-element elementor-element-f340077 e-con-full e-flex e-con e-child\" data-id=\"f340077\" data-element_type=\"container\">\n\t\t\t\t<div class=\"elementor-element elementor-element-f555017 btn100 elementor-widget elementor-widget-button\" data-id=\"f555017\" data-element_type=\"widget\" data-widget_type=\"button.default\">\n\t\t\t\t<div class=\"elementor-widget-container\">\n\t\t\t\t\t\t\t\t\t<div class=\"elementor-button-wrapper\">\n\t\t\t\t\t<a class=\"elementor-button elementor-button-link elementor-size-sm\" href=\"https:\/\/dgaj.justica.gov.pt\/\" target=\"_blank\">\n\t\t\t\t\t\t<span class=\"elementor-button-content-wrapper\">\n\t\t\t\t\t\t\t\t\t<span class=\"elementor-button-text\">Dire\u00e7\u00e3o Geral da Administra\u00e7\u00e3o da Justi\u00e7a<\/span>\n\t\t\t\t\t<\/span>\n\t\t\t\t\t<\/a>\n\t\t\t\t<\/div>\n\t\t\t\t\t\t\t\t<\/div>\n\t\t\t\t<\/div>\n\t\t\t\t<div class=\"elementor-element elementor-element-395c9c2 elementor-widget elementor-widget-image\" data-id=\"395c9c2\" data-element_type=\"widget\" data-widget_type=\"image.default\">\n\t\t\t\t<div class=\"elementor-widget-container\">\n\t\t\t\t\t\t\t\t\t\t\t\t\t\t\t<img loading=\"lazy\" decoding=\"async\" width=\"253\" height=\"50\" src=\"https:\/\/comarcas.csm.org.pt\/madeira\/wp-content\/uploads\/sites\/28\/2025\/07\/Logo_JusticaGovPt.png\" class=\"attachment-full size-full wp-image-12462\" alt=\"\" \/>\t\t\t\t\t\t\t\t\t\t\t\t\t\t\t<\/div>\n\t\t\t\t<\/div>\n\t\t\t\t<\/div>\n\t\t\t\t\t<\/div>\n\t\t\t\t<\/div>\n\t\t\t\t<\/div>\n\t\t","protected":false},"excerpt":{"rendered":"<p>Minist\u00e9rio da Justi\u00e7a Conselho Superior da Magistratura Conselho Superior do Minist\u00e9rio P\u00fablico Dire\u00e7\u00e3o Geral da Administra\u00e7\u00e3o da Justi\u00e7a<\/p>\n","protected":false},"author":1,"featured_media":0,"parent":11404,"menu_order":0,"comment_status":"closed","ping_status":"closed","template":"","meta":{"_tbt_post_transparent":"","_tbt_post_title":"","_tbt_post_layout":"default","_tbt_post_sidebar_id":"","_tbt_post_content_style":"","_tbt_post_vertical_padding":"","_tbt_post_feature":"","_tbt_post_feature_position":"","_tbt_post_header":false,"_tbt_post_footer":false},"class_list":["post-11444","page","type-page","status-publish","hentry"],"yoast_head":"<!-- This site is optimized with the Yoast SEO plugin v25.6 - https:\/\/yoast.com\/wordpress\/plugins\/seo\/ -->\n<title>Links \u00dateis - Tribunal Judicial da Comarca da Madeira<\/title>\n<meta name=\"robots\" content=\"index, follow, max-snippet:-1, max-image-preview:large, max-video-preview:-1\" \/>\n<link rel=\"canonical\" href=\"https:\/\/comarcas.csm.org.pt\/madeira\/cidadao\/links\/\" \/>\n<meta property=\"og:locale\" content=\"pt_PT\" \/>\n<meta property=\"og:type\" content=\"article\" \/>\n<meta property=\"og:title\" content=\"Links \u00dateis - Tribunal Judicial da Comarca da Madeira\" \/>\n<meta property=\"og:description\" content=\"Minist\u00e9rio da Justi\u00e7a Conselho Superior da Magistratura Conselho Superior do Minist\u00e9rio P\u00fablico Dire\u00e7\u00e3o Geral da Administra\u00e7\u00e3o da Justi\u00e7a\" \/>\n<meta property=\"og:url\" content=\"https:\/\/comarcas.csm.org.pt\/madeira\/cidadao\/links\/\" \/>\n<meta property=\"og:site_name\" content=\"Tribunal Judicial da Comarca da Madeira\" \/>\n<meta property=\"article:modified_time\" content=\"2025-07-18T13:49:34+00:00\" \/>\n<meta property=\"og:image\" content=\"https:\/\/comarcas.csm.org.pt\/madeira\/wp-content\/uploads\/sites\/28\/2025\/07\/Digital_PT_4C_V_FC_JUSTICA.png\" \/>\n\t<meta property=\"og:image:width\" content=\"535\" \/>\n\t<meta property=\"og:image:height\" content=\"252\" \/>\n\t<meta property=\"og:image:type\" content=\"image\/png\" \/>\n<meta name=\"twitter:card\" content=\"summary_large_image\" \/>\n<meta name=\"twitter:label1\" content=\"Tempo estimado de leitura\" \/>\n\t<meta name=\"twitter:data1\" content=\"1 minuto\" \/>\n<script type=\"application\/ld+json\" class=\"yoast-schema-graph\">{\"@context\":\"https:\/\/schema.org\",\"@graph\":[{\"@type\":\"WebPage\",\"@id\":\"https:\/\/comarcas.csm.org.pt\/madeira\/cidadao\/links\/\",\"url\":\"https:\/\/comarcas.csm.org.pt\/madeira\/cidadao\/links\/\",\"name\":\"Links \u00dateis - Tribunal Judicial da Comarca da Madeira\",\"isPartOf\":{\"@id\":\"https:\/\/comarcas.csm.org.pt\/madeira\/#website\"},\"primaryImageOfPage\":{\"@id\":\"https:\/\/comarcas.csm.org.pt\/madeira\/cidadao\/links\/#primaryimage\"},\"image\":{\"@id\":\"https:\/\/comarcas.csm.org.pt\/madeira\/cidadao\/links\/#primaryimage\"},\"thumbnailUrl\":\"https:\/\/comarcas.csm.org.pt\/madeira\/wp-content\/uploads\/sites\/28\/2025\/07\/Digital_PT_4C_V_FC_JUSTICA.png\",\"datePublished\":\"2024-05-22T13:08:12+00:00\",\"dateModified\":\"2025-07-18T13:49:34+00:00\",\"breadcrumb\":{\"@id\":\"https:\/\/comarcas.csm.org.pt\/madeira\/cidadao\/links\/#breadcrumb\"},\"inLanguage\":\"pt-PT\",\"potentialAction\":[{\"@type\":\"ReadAction\",\"target\":[\"https:\/\/comarcas.csm.org.pt\/madeira\/cidadao\/links\/\"]}]},{\"@type\":\"ImageObject\",\"inLanguage\":\"pt-PT\",\"@id\":\"https:\/\/comarcas.csm.org.pt\/madeira\/cidadao\/links\/#primaryimage\",\"url\":\"https:\/\/comarcas.csm.org.pt\/madeira\/wp-content\/uploads\/sites\/28\/2025\/07\/Digital_PT_4C_V_FC_JUSTICA.png\",\"contentUrl\":\"https:\/\/comarcas.csm.org.pt\/madeira\/wp-content\/uploads\/sites\/28\/2025\/07\/Digital_PT_4C_V_FC_JUSTICA.png\",\"width\":535,\"height\":252},{\"@type\":\"BreadcrumbList\",\"@id\":\"https:\/\/comarcas.csm.org.pt\/madeira\/cidadao\/links\/#breadcrumb\",\"itemListElement\":[{\"@type\":\"ListItem\",\"position\":1,\"name\":\"In\u00edcio\",\"item\":\"https:\/\/comarcas.csm.org.pt\/madeira\/\"},{\"@type\":\"ListItem\",\"position\":2,\"name\":\"Cidad\u00e3o\",\"item\":\"https:\/\/comarcas.csm.org.pt\/madeira\/cidadao\/\"},{\"@type\":\"ListItem\",\"position\":3,\"name\":\"Links \u00dateis\"}]},{\"@type\":\"WebSite\",\"@id\":\"https:\/\/comarcas.csm.org.pt\/madeira\/#website\",\"url\":\"https:\/\/comarcas.csm.org.pt\/madeira\/\",\"name\":\"Tribunal Judicial da Comarca da Madeira\",\"description\":\"Tribunal Judicial da Comarca da Madeira\",\"publisher\":{\"@id\":\"https:\/\/comarcas.csm.org.pt\/madeira\/#organization\"},\"potentialAction\":[{\"@type\":\"SearchAction\",\"target\":{\"@type\":\"EntryPoint\",\"urlTemplate\":\"https:\/\/comarcas.csm.org.pt\/madeira\/?s={search_term_string}\"},\"query-input\":{\"@type\":\"PropertyValueSpecification\",\"valueRequired\":true,\"valueName\":\"search_term_string\"}}],\"inLanguage\":\"pt-PT\"},{\"@type\":\"Organization\",\"@id\":\"https:\/\/comarcas.csm.org.pt\/madeira\/#organization\",\"name\":\"Tribunal Judicial da Comarca da Madeira\",\"url\":\"https:\/\/comarcas.csm.org.pt\/madeira\/\",\"logo\":{\"@type\":\"ImageObject\",\"inLanguage\":\"pt-PT\",\"@id\":\"https:\/\/comarcas.csm.org.pt\/madeira\/#\/schema\/logo\/image\/\",\"url\":\"https:\/\/comarcas.csm.org.pt\/madeira\/wp-content\/uploads\/sites\/28\/2025\/06\/cropped-Logotipo-Comarca-Madeira-ii-3.png\",\"contentUrl\":\"https:\/\/comarcas.csm.org.pt\/madeira\/wp-content\/uploads\/sites\/28\/2025\/06\/cropped-Logotipo-Comarca-Madeira-ii-3.png\",\"width\":5293,\"height\":976,\"caption\":\"Tribunal Judicial da Comarca da Madeira\"},\"image\":{\"@id\":\"https:\/\/comarcas.csm.org.pt\/madeira\/#\/schema\/logo\/image\/\"}}]}<\/script>\n<!-- \/ Yoast SEO plugin. -->","yoast_head_json":{"title":"Links \u00dateis - Tribunal Judicial da Comarca da Madeira","robots":{"index":"index","follow":"follow","max-snippet":"max-snippet:-1","max-image-preview":"max-image-preview:large","max-video-preview":"max-video-preview:-1"},"canonical":"https:\/\/comarcas.csm.org.pt\/madeira\/cidadao\/links\/","og_locale":"pt_PT","og_type":"article","og_title":"Links \u00dateis - Tribunal Judicial da Comarca da Madeira","og_description":"Minist\u00e9rio da Justi\u00e7a Conselho Superior da Magistratura Conselho Superior do Minist\u00e9rio P\u00fablico Dire\u00e7\u00e3o Geral da Administra\u00e7\u00e3o da Justi\u00e7a","og_url":"https:\/\/comarcas.csm.org.pt\/madeira\/cidadao\/links\/","og_site_name":"Tribunal Judicial da Comarca da Madeira","article_modified_time":"2025-07-18T13:49:34+00:00","og_image":[{"width":535,"height":252,"url":"https:\/\/comarcas.csm.org.pt\/madeira\/wp-content\/uploads\/sites\/28\/2025\/07\/Digital_PT_4C_V_FC_JUSTICA.png","type":"image\/png"}],"twitter_card":"summary_large_image","twitter_misc":{"Tempo estimado de leitura":"1 minuto"},"schema":{"@context":"https:\/\/schema.org","@graph":[{"@type":"WebPage","@id":"https:\/\/comarcas.csm.org.pt\/madeira\/cidadao\/links\/","url":"https:\/\/comarcas.csm.org.pt\/madeira\/cidadao\/links\/","name":"Links \u00dateis - Tribunal Judicial da Comarca da Madeira","isPartOf":{"@id":"https:\/\/comarcas.csm.org.pt\/madeira\/#website"},"primaryImageOfPage":{"@id":"https:\/\/comarcas.csm.org.pt\/madeira\/cidadao\/links\/#primaryimage"},"image":{"@id":"https:\/\/comarcas.csm.org.pt\/madeira\/cidadao\/links\/#primaryimage"},"thumbnailUrl":"https:\/\/comarcas.csm.org.pt\/madeira\/wp-content\/uploads\/sites\/28\/2025\/07\/Digital_PT_4C_V_FC_JUSTICA.png","datePublished":"2024-05-22T13:08:12+00:00","dateModified":"2025-07-18T13:49:34+00:00","breadcrumb":{"@id":"https:\/\/comarcas.csm.org.pt\/madeira\/cidadao\/links\/#breadcrumb"},"inLanguage":"pt-PT","potentialAction":[{"@type":"ReadAction","target":["https:\/\/comarcas.csm.org.pt\/madeira\/cidadao\/links\/"]}]},{"@type":"ImageObject","inLanguage":"pt-PT","@id":"https:\/\/comarcas.csm.org.pt\/madeira\/cidadao\/links\/#primaryimage","url":"https:\/\/comarcas.csm.org.pt\/madeira\/wp-content\/uploads\/sites\/28\/2025\/07\/Digital_PT_4C_V_FC_JUSTICA.png","contentUrl":"https:\/\/comarcas.csm.org.pt\/madeira\/wp-content\/uploads\/sites\/28\/2025\/07\/Digital_PT_4C_V_FC_JUSTICA.png","width":535,"height":252},{"@type":"BreadcrumbList","@id":"https:\/\/comarcas.csm.org.pt\/madeira\/cidadao\/links\/#breadcrumb","itemListElement":[{"@type":"ListItem","position":1,"name":"In\u00edcio","item":"https:\/\/comarcas.csm.org.pt\/madeira\/"},{"@type":"ListItem","position":2,"name":"Cidad\u00e3o","item":"https:\/\/comarcas.csm.org.pt\/madeira\/cidadao\/"},{"@type":"ListItem","position":3,"name":"Links \u00dateis"}]},{"@type":"WebSite","@id":"https:\/\/comarcas.csm.org.pt\/madeira\/#website","url":"https:\/\/comarcas.csm.org.pt\/madeira\/","name":"Tribunal Judicial da Comarca da Madeira","description":"Tribunal Judicial da Comarca da Madeira","publisher":{"@id":"https:\/\/comarcas.csm.org.pt\/madeira\/#organization"},"potentialAction":[{"@type":"SearchAction","target":{"@type":"EntryPoint","urlTemplate":"https:\/\/comarcas.csm.org.pt\/madeira\/?s={search_term_string}"},"query-input":{"@type":"PropertyValueSpecification","valueRequired":true,"valueName":"search_term_string"}}],"inLanguage":"pt-PT"},{"@type":"Organization","@id":"https:\/\/comarcas.csm.org.pt\/madeira\/#organization","name":"Tribunal Judicial da Comarca da Madeira","url":"https:\/\/comarcas.csm.org.pt\/madeira\/","logo":{"@type":"ImageObject","inLanguage":"pt-PT","@id":"https:\/\/comarcas.csm.org.pt\/madeira\/#\/schema\/logo\/image\/","url":"https:\/\/comarcas.csm.org.pt\/madeira\/wp-content\/uploads\/sites\/28\/2025\/06\/cropped-Logotipo-Comarca-Madeira-ii-3.png","contentUrl":"https:\/\/comarcas.csm.org.pt\/madeira\/wp-content\/uploads\/sites\/28\/2025\/06\/cropped-Logotipo-Comarca-Madeira-ii-3.png","width":5293,"height":976,"caption":"Tribunal Judicial da Comarca da Madeira"},"image":{"@id":"https:\/\/comarcas.csm.org.pt\/madeira\/#\/schema\/logo\/image\/"}}]}},"_links":{"self":[{"href":"https:\/\/comarcas.csm.org.pt\/madeira\/wp-json\/wp\/v2\/pages\/11444","targetHints":{"allow":["GET"]}}],"collection":[{"href":"https:\/\/comarcas.csm.org.pt\/madeira\/wp-json\/wp\/v2\/pages"}],"about":[{"href":"https:\/\/comarcas.csm.org.pt\/madeira\/wp-json\/wp\/v2\/types\/page"}],"author":[{"embeddable":true,"href":"https:\/\/comarcas.csm.org.pt\/madeira\/wp-json\/wp\/v2\/users\/1"}],"replies":[{"embeddable":true,"href":"https:\/\/comarcas.csm.org.pt\/madeira\/wp-json\/wp\/v2\/comments?post=11444"}],"version-history":[{"count":37,"href":"https:\/\/comarcas.csm.org.pt\/madeira\/wp-json\/wp\/v2\/pages\/11444\/revisions"}],"predecessor-version":[{"id":12473,"href":"https:\/\/comarcas.csm.org.pt\/madeira\/wp-json\/wp\/v2\/pages\/11444\/revisions\/12473"}],"up":[{"embeddable":true,"href":"https:\/\/comarcas.csm.org.pt\/madeira\/wp-json\/wp\/v2\/pages\/11404"}],"wp:attachment":[{"href":"https:\/\/comarcas.csm.org.pt\/madeira\/wp-json\/wp\/v2\/media?parent=11444"}],"curies":[{"name":"wp","href":"https:\/\/api.w.org\/{rel}","templated":true}]}}