{"id":12210,"date":"2025-07-17T16:01:28","date_gmt":"2025-07-17T16:01:28","guid":{"rendered":"https:\/\/comarcas.csm.org.pt\/madeira\/?page_id=12210"},"modified":"2025-07-17T16:09:49","modified_gmt":"2025-07-17T16:09:49","slug":"juizo-porto-santo","status":"publish","type":"page","link":"https:\/\/comarcas.csm.org.pt\/madeira\/acomarca\/juizos\/juizo-porto-santo\/","title":{"rendered":"Juizo Porto Santo"},"content":{"rendered":"\t\t<div data-elementor-type=\"wp-page\" data-elementor-id=\"12210\" class=\"elementor elementor-12210\" data-elementor-post-type=\"page\">\n\t\t\t\t<div class=\"elementor-element elementor-element-2cf722a e-flex e-con-boxed e-con e-parent\" data-id=\"2cf722a\" data-element_type=\"container\">\n\t\t\t\t\t<div class=\"e-con-inner\">\n\t\t<div class=\"elementor-element elementor-element-e02c038 e-con-full e-flex e-con e-child\" data-id=\"e02c038\" data-element_type=\"container\">\n\t\t\t\t<div class=\"elementor-element elementor-element-373a3ff elementor-widget elementor-widget-heading\" data-id=\"373a3ff\" data-element_type=\"widget\" data-widget_type=\"heading.default\">\n\t\t\t\t<div class=\"elementor-widget-container\">\n\t\t\t\t\t<h4 class=\"elementor-heading-title elementor-size-default\">Ju\u00edzo de Compet\u00eancia Gen\u00e9rica de Porto Santo.<\/h4>\t\t\t\t<\/div>\n\t\t\t\t<\/div>\n\t\t\t\t<\/div>\n\t\t<div class=\"elementor-element elementor-element-5903131 e-con-full e-flex e-con e-child\" data-id=\"5903131\" data-element_type=\"container\">\n\t\t\t\t<div class=\"elementor-element elementor-element-b83cbda elementor-widget elementor-widget-icon-box\" data-id=\"b83cbda\" data-element_type=\"widget\" data-widget_type=\"icon-box.default\">\n\t\t\t\t<div class=\"elementor-widget-container\">\n\t\t\t\t\t\t\t<div class=\"elementor-icon-box-wrapper\">\n\n\t\t\t\n\t\t\t\t\t\t<div class=\"elementor-icon-box-content\">\n\n\t\t\t\t\t\t\t\t\t<h6 class=\"elementor-icon-box-title\">\n\t\t\t\t\t\t<span  >\n\t\t\t\t\t\t\tCompet\u00eancia Territorial:\t\t\t\t\t\t<\/span>\n\t\t\t\t\t<\/h6>\n\t\t\t\t\n\t\t\t\t\t\t\t\t\t<p class=\"elementor-icon-box-description\">\n\t\t\t\t\t\tPorto Santo.\t\t\t\t\t<\/p>\n\t\t\t\t\n\t\t\t<\/div>\n\t\t\t\n\t\t<\/div>\n\t\t\t\t\t\t<\/div>\n\t\t\t\t<\/div>\n\t\t\t\t<div class=\"elementor-element elementor-element-5780eb6 elementor-widget elementor-widget-icon-box\" data-id=\"5780eb6\" data-element_type=\"widget\" data-widget_type=\"icon-box.default\">\n\t\t\t\t<div class=\"elementor-widget-container\">\n\t\t\t\t\t\t\t<div class=\"elementor-icon-box-wrapper\">\n\n\t\t\t\n\t\t\t\t\t\t<div class=\"elementor-icon-box-content\">\n\n\t\t\t\t\t\t\t\t\t<h6 class=\"elementor-icon-box-title\">\n\t\t\t\t\t\t<span  >\n\t\t\t\t\t\t\tMorada:\t\t\t\t\t\t<\/span>\n\t\t\t\t\t<\/h6>\n\t\t\t\t\n\t\t\t\t\t\t\t\t\t<p class=\"elementor-icon-box-description\">\n\t\t\t\t\t\tLargo do Pelourinho<br>9400-001 Porto Santo\t\t\t\t\t<\/p>\n\t\t\t\t\n\t\t\t<\/div>\n\t\t\t\n\t\t<\/div>\n\t\t\t\t\t\t<\/div>\n\t\t\t\t<\/div>\n\t\t\t\t<div class=\"elementor-element elementor-element-1c52ede elementor-widget elementor-widget-icon-box\" data-id=\"1c52ede\" data-element_type=\"widget\" data-widget_type=\"icon-box.default\">\n\t\t\t\t<div class=\"elementor-widget-container\">\n\t\t\t\t\t\t\t<div class=\"elementor-icon-box-wrapper\">\n\n\t\t\t\n\t\t\t\t\t\t<div class=\"elementor-icon-box-content\">\n\n\t\t\t\t\t\t\t\t\t<h6 class=\"elementor-icon-box-title\">\n\t\t\t\t\t\t<span  >\n\t\t\t\t\t\t\tContactos:\t\t\t\t\t\t<\/span>\n\t\t\t\t\t<\/h6>\n\t\t\t\t\n\t\t\t\t\t\t\t\t\t<p class=\"elementor-icon-box-description\">\n\t\t\t\t\t\t<b>Telefone:<\/b> 291 090 300\n<br>\n<b>Fax:<\/b> 291 090 319\n<br>\n<b>Email: <\/b><span style=\"background-color: transparent;letter-spacing: 0.3px\">portosanto.judicial@tribunais.org.pt<\/span><b><br><\/b>\n\n<b>\n<\/b>\t\t\t\t\t<\/p>\n\t\t\t\t\n\t\t\t<\/div>\n\t\t\t\n\t\t<\/div>\n\t\t\t\t\t\t<\/div>\n\t\t\t\t<\/div>\n\t\t\t\t<\/div>\n\t\t<div class=\"elementor-element elementor-element-73d01e7 e-con-full e-flex e-con e-child\" data-id=\"73d01e7\" data-element_type=\"container\">\n\t\t\t\t<div class=\"elementor-element elementor-element-18a024e elementor-widget elementor-widget-google_maps\" data-id=\"18a024e\" data-element_type=\"widget\" data-widget_type=\"google_maps.default\">\n\t\t\t\t<div class=\"elementor-widget-container\">\n\t\t\t\t\t\t\t<div class=\"elementor-custom-embed\">\n\t\t\t<iframe loading=\"lazy\"\n\t\t\t\t\tsrc=\"https:\/\/www.google.com\/maps\/embed\/v1\/place?key=AIzaSyDhSoLeftGxfg7Tvco7SEUCY-Cc_XLDY3c&#038;q=largo%20do%20pelourinho%209400-001%20Porto%20Santo&#038;zoom=15\"\n\t\t\t\t\ttitle=\"largo do pelourinho 9400-001 Porto Santo\"\n\t\t\t\t\taria-label=\"largo do pelourinho 9400-001 Porto Santo\"\n\t\t\t><\/iframe>\n\t\t<\/div>\n\t\t\t\t\t\t<\/div>\n\t\t\t\t<\/div>\n\t\t\t\t<\/div>\n\t\t\t\t\t<\/div>\n\t\t\t\t<\/div>\n\t\t<div class=\"elementor-element elementor-element-c04936f e-flex e-con-boxed e-con e-parent\" data-id=\"c04936f\" data-element_type=\"container\">\n\t\t\t\t\t<div class=\"e-con-inner\">\n\t\t<div class=\"elementor-element elementor-element-34c3c8c e-con-full e-flex e-con e-child\" data-id=\"34c3c8c\" data-element_type=\"container\">\n\t\t\t\t<div class=\"elementor-element elementor-element-53b6914 elementor-widget elementor-widget-heading\" data-id=\"53b6914\" data-element_type=\"widget\" data-widget_type=\"heading.default\">\n\t\t\t\t<div class=\"elementor-widget-container\">\n\t\t\t\t\t<h4 class=\"elementor-heading-title elementor-size-default\">Unidade Central de Porto Santo<\/h4>\t\t\t\t<\/div>\n\t\t\t\t<\/div>\n\t\t\t\t<\/div>\n\t\t<div class=\"elementor-element elementor-element-c058b54 e-con-full e-flex e-con e-child\" data-id=\"c058b54\" data-element_type=\"container\">\n\t\t\t\t<div class=\"elementor-element elementor-element-ea5e00f elementor-widget elementor-widget-icon-box\" data-id=\"ea5e00f\" data-element_type=\"widget\" data-widget_type=\"icon-box.default\">\n\t\t\t\t<div class=\"elementor-widget-container\">\n\t\t\t\t\t\t\t<div class=\"elementor-icon-box-wrapper\">\n\n\t\t\t\n\t\t\t\t\t\t<div class=\"elementor-icon-box-content\">\n\n\t\t\t\t\t\t\t\t\t<h6 class=\"elementor-icon-box-title\">\n\t\t\t\t\t\t<span  >\n\t\t\t\t\t\t\tCompet\u00eancia Territorial:\t\t\t\t\t\t<\/span>\n\t\t\t\t\t<\/h6>\n\t\t\t\t\n\t\t\t\t\t\t\t\t\t<p class=\"elementor-icon-box-description\">\n\t\t\t\t\t\tPorto Santo.\t\t\t\t\t<\/p>\n\t\t\t\t\n\t\t\t<\/div>\n\t\t\t\n\t\t<\/div>\n\t\t\t\t\t\t<\/div>\n\t\t\t\t<\/div>\n\t\t\t\t<div class=\"elementor-element elementor-element-d508f3f elementor-widget elementor-widget-icon-box\" data-id=\"d508f3f\" data-element_type=\"widget\" data-widget_type=\"icon-box.default\">\n\t\t\t\t<div class=\"elementor-widget-container\">\n\t\t\t\t\t\t\t<div class=\"elementor-icon-box-wrapper\">\n\n\t\t\t\n\t\t\t\t\t\t<div class=\"elementor-icon-box-content\">\n\n\t\t\t\t\t\t\t\t\t<h6 class=\"elementor-icon-box-title\">\n\t\t\t\t\t\t<span  >\n\t\t\t\t\t\t\tMorada:\t\t\t\t\t\t<\/span>\n\t\t\t\t\t<\/h6>\n\t\t\t\t\n\t\t\t\t\t\t\t\t\t<p class=\"elementor-icon-box-description\">\n\t\t\t\t\t\tLargo do Pelourinho<br>9400-001 Porto Santo\t\t\t\t\t<\/p>\n\t\t\t\t\n\t\t\t<\/div>\n\t\t\t\n\t\t<\/div>\n\t\t\t\t\t\t<\/div>\n\t\t\t\t<\/div>\n\t\t\t\t<div class=\"elementor-element elementor-element-0753e87 elementor-widget elementor-widget-icon-box\" data-id=\"0753e87\" data-element_type=\"widget\" data-widget_type=\"icon-box.default\">\n\t\t\t\t<div class=\"elementor-widget-container\">\n\t\t\t\t\t\t\t<div class=\"elementor-icon-box-wrapper\">\n\n\t\t\t\n\t\t\t\t\t\t<div class=\"elementor-icon-box-content\">\n\n\t\t\t\t\t\t\t\t\t<h6 class=\"elementor-icon-box-title\">\n\t\t\t\t\t\t<span  >\n\t\t\t\t\t\t\tContactos:\t\t\t\t\t\t<\/span>\n\t\t\t\t\t<\/h6>\n\t\t\t\t\n\t\t\t\t\t\t\t\t\t<p class=\"elementor-icon-box-description\">\n\t\t\t\t\t\t<b>Telefone:<\/b> 291 090 300\n<br>\n<b>Fax:<\/b> 291 090 319\n<br>\n<b>Email: <\/b><span style=\"background-color: transparent;letter-spacing: 0.3px\">portosanto.judicial@tribunais.org.pt<\/span><b><br><\/b>\n\n<b>\n<\/b>\t\t\t\t\t<\/p>\n\t\t\t\t\n\t\t\t<\/div>\n\t\t\t\n\t\t<\/div>\n\t\t\t\t\t\t<\/div>\n\t\t\t\t<\/div>\n\t\t\t\t<\/div>\n\t\t<div class=\"elementor-element elementor-element-87d7f0a e-con-full e-flex e-con e-child\" data-id=\"87d7f0a\" data-element_type=\"container\">\n\t\t\t\t<div class=\"elementor-element elementor-element-ba150e7 elementor-widget elementor-widget-google_maps\" data-id=\"ba150e7\" data-element_type=\"widget\" data-widget_type=\"google_maps.default\">\n\t\t\t\t<div class=\"elementor-widget-container\">\n\t\t\t\t\t\t\t<div class=\"elementor-custom-embed\">\n\t\t\t<iframe loading=\"lazy\"\n\t\t\t\t\tsrc=\"https:\/\/www.google.com\/maps\/embed\/v1\/place?key=AIzaSyDhSoLeftGxfg7Tvco7SEUCY-Cc_XLDY3c&#038;q=largo%20do%20pelourinho%209400-001%20Porto%20Santo&#038;zoom=15\"\n\t\t\t\t\ttitle=\"largo do pelourinho 9400-001 Porto Santo\"\n\t\t\t\t\taria-label=\"largo do pelourinho 9400-001 Porto Santo\"\n\t\t\t><\/iframe>\n\t\t<\/div>\n\t\t\t\t\t\t<\/div>\n\t\t\t\t<\/div>\n\t\t\t\t<\/div>\n\t\t\t\t\t<\/div>\n\t\t\t\t<\/div>\n\t\t<div class=\"elementor-element elementor-element-297b96c9 e-flex e-con-boxed e-con e-parent\" data-id=\"297b96c9\" data-element_type=\"container\">\n\t\t\t\t\t<div class=\"e-con-inner\">\n\t\t\t\t<div class=\"elementor-element elementor-element-7ca8a873 elementor-widget elementor-widget-spacer\" data-id=\"7ca8a873\" data-element_type=\"widget\" data-widget_type=\"spacer.default\">\n\t\t\t\t<div class=\"elementor-widget-container\">\n\t\t\t\t\t\t\t<div class=\"elementor-spacer\">\n\t\t\t<div class=\"elementor-spacer-inner\"><\/div>\n\t\t<\/div>\n\t\t\t\t\t\t<\/div>\n\t\t\t\t<\/div>\n\t\t\t\t\t<\/div>\n\t\t\t\t<\/div>\n\t\t<div class=\"elementor-element elementor-element-7b58262a e-flex e-con-boxed e-con e-parent\" data-id=\"7b58262a\" data-element_type=\"container\">\n\t\t\t\t\t<div class=\"e-con-inner\">\n\t\t\t\t<div class=\"elementor-element elementor-element-499f3503 elementor-widget elementor-widget-spacer\" data-id=\"499f3503\" data-element_type=\"widget\" data-widget_type=\"spacer.default\">\n\t\t\t\t<div class=\"elementor-widget-container\">\n\t\t\t\t\t\t\t<div class=\"elementor-spacer\">\n\t\t\t<div class=\"elementor-spacer-inner\"><\/div>\n\t\t<\/div>\n\t\t\t\t\t\t<\/div>\n\t\t\t\t<\/div>\n\t\t\t\t\t<\/div>\n\t\t\t\t<\/div>\n\t\t\t\t<\/div>\n\t\t","protected":false},"excerpt":{"rendered":"<p>Ju\u00edzo de Compet\u00eancia Gen\u00e9rica de Porto Santo. Compet\u00eancia Territorial: Porto Santo. Morada: Largo do Pelourinho9400-001 Porto Santo Contactos: Telefone: 291 090 300 Fax: 291 090 319 Email: portosanto.judicial@tribunais.org.pt Unidade Central de Porto Santo Compet\u00eancia Territorial: Porto Santo. Morada: Largo do Pelourinho9400-001 Porto Santo Contactos: Telefone: 291 090 300 Fax: 291 090 319 Email: portosanto.judicial@tribunais.org.pt<\/p>\n","protected":false},"author":31,"featured_media":0,"parent":11069,"menu_order":0,"comment_status":"closed","ping_status":"closed","template":"","meta":{"_tbt_post_transparent":"","_tbt_post_title":"hide","_tbt_post_layout":"fullwidth","_tbt_post_sidebar_id":"","_tbt_post_content_style":"unboxed","_tbt_post_vertical_padding":"hide","_tbt_post_feature":"hide","_tbt_post_feature_position":"","_tbt_post_header":false,"_tbt_post_footer":false},"class_list":["post-12210","page","type-page","status-publish","hentry"],"yoast_head":"<!-- This site is optimized with the Yoast SEO plugin v25.6 - https:\/\/yoast.com\/wordpress\/plugins\/seo\/ -->\n<title>Juizo Porto Santo - Tribunal Judicial da Comarca da Madeira<\/title>\n<meta name=\"robots\" content=\"index, follow, max-snippet:-1, max-image-preview:large, max-video-preview:-1\" \/>\n<link rel=\"canonical\" href=\"https:\/\/comarcas.csm.org.pt\/madeira\/acomarca\/juizos\/juizo-porto-santo\/\" \/>\n<meta property=\"og:locale\" content=\"pt_PT\" \/>\n<meta property=\"og:type\" content=\"article\" \/>\n<meta property=\"og:title\" content=\"Juizo Porto Santo - Tribunal Judicial da Comarca da Madeira\" \/>\n<meta property=\"og:description\" content=\"Ju\u00edzo de Compet\u00eancia Gen\u00e9rica de Porto Santo. Compet\u00eancia Territorial: Porto Santo. Morada: Largo do Pelourinho9400-001 Porto Santo Contactos: Telefone: 291 090 300 Fax: 291 090 319 Email: portosanto.judicial@tribunais.org.pt Unidade Central de Porto Santo Compet\u00eancia Territorial: Porto Santo. Morada: Largo do Pelourinho9400-001 Porto Santo Contactos: Telefone: 291 090 300 Fax: 291 090 319 Email: portosanto.judicial@tribunais.org.pt\" \/>\n<meta property=\"og:url\" content=\"https:\/\/comarcas.csm.org.pt\/madeira\/acomarca\/juizos\/juizo-porto-santo\/\" \/>\n<meta property=\"og:site_name\" content=\"Tribunal Judicial da Comarca da Madeira\" \/>\n<meta property=\"article:modified_time\" content=\"2025-07-17T16:09:49+00:00\" \/>\n<meta name=\"twitter:card\" content=\"summary_large_image\" \/>\n<meta name=\"twitter:label1\" content=\"Tempo estimado de leitura\" \/>\n\t<meta name=\"twitter:data1\" content=\"1 minuto\" \/>\n<script type=\"application\/ld+json\" class=\"yoast-schema-graph\">{\"@context\":\"https:\/\/schema.org\",\"@graph\":[{\"@type\":\"WebPage\",\"@id\":\"https:\/\/comarcas.csm.org.pt\/madeira\/acomarca\/juizos\/juizo-porto-santo\/\",\"url\":\"https:\/\/comarcas.csm.org.pt\/madeira\/acomarca\/juizos\/juizo-porto-santo\/\",\"name\":\"Juizo Porto Santo - Tribunal Judicial da Comarca da Madeira\",\"isPartOf\":{\"@id\":\"https:\/\/comarcas.csm.org.pt\/madeira\/#website\"},\"datePublished\":\"2025-07-17T16:01:28+00:00\",\"dateModified\":\"2025-07-17T16:09:49+00:00\",\"breadcrumb\":{\"@id\":\"https:\/\/comarcas.csm.org.pt\/madeira\/acomarca\/juizos\/juizo-porto-santo\/#breadcrumb\"},\"inLanguage\":\"pt-PT\",\"potentialAction\":[{\"@type\":\"ReadAction\",\"target\":[\"https:\/\/comarcas.csm.org.pt\/madeira\/acomarca\/juizos\/juizo-porto-santo\/\"]}]},{\"@type\":\"BreadcrumbList\",\"@id\":\"https:\/\/comarcas.csm.org.pt\/madeira\/acomarca\/juizos\/juizo-porto-santo\/#breadcrumb\",\"itemListElement\":[{\"@type\":\"ListItem\",\"position\":1,\"name\":\"In\u00edcio\",\"item\":\"https:\/\/comarcas.csm.org.pt\/madeira\/\"},{\"@type\":\"ListItem\",\"position\":2,\"name\":\"A Comarca da Madeira\",\"item\":\"https:\/\/comarcas.csm.org.pt\/madeira\/acomarca\/\"},{\"@type\":\"ListItem\",\"position\":3,\"name\":\"Ju\u00edzos\",\"item\":\"https:\/\/comarcas.csm.org.pt\/madeira\/acomarca\/juizos\/\"},{\"@type\":\"ListItem\",\"position\":4,\"name\":\"Juizo Porto Santo\"}]},{\"@type\":\"WebSite\",\"@id\":\"https:\/\/comarcas.csm.org.pt\/madeira\/#website\",\"url\":\"https:\/\/comarcas.csm.org.pt\/madeira\/\",\"name\":\"Tribunal Judicial da Comarca da Madeira\",\"description\":\"Tribunal Judicial da Comarca da Madeira\",\"publisher\":{\"@id\":\"https:\/\/comarcas.csm.org.pt\/madeira\/#organization\"},\"potentialAction\":[{\"@type\":\"SearchAction\",\"target\":{\"@type\":\"EntryPoint\",\"urlTemplate\":\"https:\/\/comarcas.csm.org.pt\/madeira\/?s={search_term_string}\"},\"query-input\":{\"@type\":\"PropertyValueSpecification\",\"valueRequired\":true,\"valueName\":\"search_term_string\"}}],\"inLanguage\":\"pt-PT\"},{\"@type\":\"Organization\",\"@id\":\"https:\/\/comarcas.csm.org.pt\/madeira\/#organization\",\"name\":\"Tribunal Judicial da Comarca da Madeira\",\"url\":\"https:\/\/comarcas.csm.org.pt\/madeira\/\",\"logo\":{\"@type\":\"ImageObject\",\"inLanguage\":\"pt-PT\",\"@id\":\"https:\/\/comarcas.csm.org.pt\/madeira\/#\/schema\/logo\/image\/\",\"url\":\"https:\/\/comarcas.csm.org.pt\/madeira\/wp-content\/uploads\/sites\/28\/2025\/06\/cropped-Logotipo-Comarca-Madeira-ii-3.png\",\"contentUrl\":\"https:\/\/comarcas.csm.org.pt\/madeira\/wp-content\/uploads\/sites\/28\/2025\/06\/cropped-Logotipo-Comarca-Madeira-ii-3.png\",\"width\":5293,\"height\":976,\"caption\":\"Tribunal Judicial da Comarca da Madeira\"},\"image\":{\"@id\":\"https:\/\/comarcas.csm.org.pt\/madeira\/#\/schema\/logo\/image\/\"}}]}<\/script>\n<!-- \/ Yoast SEO plugin. -->","yoast_head_json":{"title":"Juizo Porto Santo - Tribunal Judicial da Comarca da Madeira","robots":{"index":"index","follow":"follow","max-snippet":"max-snippet:-1","max-image-preview":"max-image-preview:large","max-video-preview":"max-video-preview:-1"},"canonical":"https:\/\/comarcas.csm.org.pt\/madeira\/acomarca\/juizos\/juizo-porto-santo\/","og_locale":"pt_PT","og_type":"article","og_title":"Juizo Porto Santo - Tribunal Judicial da Comarca da Madeira","og_description":"Ju\u00edzo de Compet\u00eancia Gen\u00e9rica de Porto Santo. Compet\u00eancia Territorial: Porto Santo. Morada: Largo do Pelourinho9400-001 Porto Santo Contactos: Telefone: 291 090 300 Fax: 291 090 319 Email: portosanto.judicial@tribunais.org.pt Unidade Central de Porto Santo Compet\u00eancia Territorial: Porto Santo. Morada: Largo do Pelourinho9400-001 Porto Santo Contactos: Telefone: 291 090 300 Fax: 291 090 319 Email: portosanto.judicial@tribunais.org.pt","og_url":"https:\/\/comarcas.csm.org.pt\/madeira\/acomarca\/juizos\/juizo-porto-santo\/","og_site_name":"Tribunal Judicial da Comarca da Madeira","article_modified_time":"2025-07-17T16:09:49+00:00","twitter_card":"summary_large_image","twitter_misc":{"Tempo estimado de leitura":"1 minuto"},"schema":{"@context":"https:\/\/schema.org","@graph":[{"@type":"WebPage","@id":"https:\/\/comarcas.csm.org.pt\/madeira\/acomarca\/juizos\/juizo-porto-santo\/","url":"https:\/\/comarcas.csm.org.pt\/madeira\/acomarca\/juizos\/juizo-porto-santo\/","name":"Juizo Porto Santo - Tribunal Judicial da Comarca da Madeira","isPartOf":{"@id":"https:\/\/comarcas.csm.org.pt\/madeira\/#website"},"datePublished":"2025-07-17T16:01:28+00:00","dateModified":"2025-07-17T16:09:49+00:00","breadcrumb":{"@id":"https:\/\/comarcas.csm.org.pt\/madeira\/acomarca\/juizos\/juizo-porto-santo\/#breadcrumb"},"inLanguage":"pt-PT","potentialAction":[{"@type":"ReadAction","target":["https:\/\/comarcas.csm.org.pt\/madeira\/acomarca\/juizos\/juizo-porto-santo\/"]}]},{"@type":"BreadcrumbList","@id":"https:\/\/comarcas.csm.org.pt\/madeira\/acomarca\/juizos\/juizo-porto-santo\/#breadcrumb","itemListElement":[{"@type":"ListItem","position":1,"name":"In\u00edcio","item":"https:\/\/comarcas.csm.org.pt\/madeira\/"},{"@type":"ListItem","position":2,"name":"A Comarca da Madeira","item":"https:\/\/comarcas.csm.org.pt\/madeira\/acomarca\/"},{"@type":"ListItem","position":3,"name":"Ju\u00edzos","item":"https:\/\/comarcas.csm.org.pt\/madeira\/acomarca\/juizos\/"},{"@type":"ListItem","position":4,"name":"Juizo Porto Santo"}]},{"@type":"WebSite","@id":"https:\/\/comarcas.csm.org.pt\/madeira\/#website","url":"https:\/\/comarcas.csm.org.pt\/madeira\/","name":"Tribunal Judicial da Comarca da Madeira","description":"Tribunal Judicial da Comarca da Madeira","publisher":{"@id":"https:\/\/comarcas.csm.org.pt\/madeira\/#organization"},"potentialAction":[{"@type":"SearchAction","target":{"@type":"EntryPoint","urlTemplate":"https:\/\/comarcas.csm.org.pt\/madeira\/?s={search_term_string}"},"query-input":{"@type":"PropertyValueSpecification","valueRequired":true,"valueName":"search_term_string"}}],"inLanguage":"pt-PT"},{"@type":"Organization","@id":"https:\/\/comarcas.csm.org.pt\/madeira\/#organization","name":"Tribunal Judicial da Comarca da Madeira","url":"https:\/\/comarcas.csm.org.pt\/madeira\/","logo":{"@type":"ImageObject","inLanguage":"pt-PT","@id":"https:\/\/comarcas.csm.org.pt\/madeira\/#\/schema\/logo\/image\/","url":"https:\/\/comarcas.csm.org.pt\/madeira\/wp-content\/uploads\/sites\/28\/2025\/06\/cropped-Logotipo-Comarca-Madeira-ii-3.png","contentUrl":"https:\/\/comarcas.csm.org.pt\/madeira\/wp-content\/uploads\/sites\/28\/2025\/06\/cropped-Logotipo-Comarca-Madeira-ii-3.png","width":5293,"height":976,"caption":"Tribunal Judicial da Comarca da Madeira"},"image":{"@id":"https:\/\/comarcas.csm.org.pt\/madeira\/#\/schema\/logo\/image\/"}}]}},"_links":{"self":[{"href":"https:\/\/comarcas.csm.org.pt\/madeira\/wp-json\/wp\/v2\/pages\/12210","targetHints":{"allow":["GET"]}}],"collection":[{"href":"https:\/\/comarcas.csm.org.pt\/madeira\/wp-json\/wp\/v2\/pages"}],"about":[{"href":"https:\/\/comarcas.csm.org.pt\/madeira\/wp-json\/wp\/v2\/types\/page"}],"author":[{"embeddable":true,"href":"https:\/\/comarcas.csm.org.pt\/madeira\/wp-json\/wp\/v2\/users\/31"}],"replies":[{"embeddable":true,"href":"https:\/\/comarcas.csm.org.pt\/madeira\/wp-json\/wp\/v2\/comments?post=12210"}],"version-history":[{"count":7,"href":"https:\/\/comarcas.csm.org.pt\/madeira\/wp-json\/wp\/v2\/pages\/12210\/revisions"}],"predecessor-version":[{"id":12218,"href":"https:\/\/comarcas.csm.org.pt\/madeira\/wp-json\/wp\/v2\/pages\/12210\/revisions\/12218"}],"up":[{"embeddable":true,"href":"https:\/\/comarcas.csm.org.pt\/madeira\/wp-json\/wp\/v2\/pages\/11069"}],"wp:attachment":[{"href":"https:\/\/comarcas.csm.org.pt\/madeira\/wp-json\/wp\/v2\/media?parent=12210"}],"curies":[{"name":"wp","href":"https:\/\/api.w.org\/{rel}","templated":true}]}}