{"id":2242,"date":"2021-10-25T11:40:43","date_gmt":"2021-10-25T11:40:43","guid":{"rendered":"https:\/\/wp.themedemo.org\/WCM07\/WCM070151\/?page_id=2242"},"modified":"2025-07-18T10:45:55","modified_gmt":"2025-07-18T10:45:55","slug":"acomarca","status":"publish","type":"page","link":"https:\/\/comarcas.csm.org.pt\/madeira\/acomarca\/","title":{"rendered":"A Comarca da Madeira"},"content":{"rendered":"\t\t<div data-elementor-type=\"wp-page\" data-elementor-id=\"2242\" class=\"elementor elementor-2242\" data-elementor-post-type=\"page\">\n\t\t\t\t\t\t<section class=\"elementor-section elementor-top-section elementor-element elementor-element-5a39fd59 elementor-section-full_width elementor-section-height-default elementor-section-height-default\" data-id=\"5a39fd59\" data-element_type=\"section\">\n\t\t\t\t\t\t<div class=\"elementor-container elementor-column-gap-default\">\n\t\t\t\t\t<div class=\"elementor-column elementor-col-50 elementor-top-column elementor-element elementor-element-2f8f81a0\" data-id=\"2f8f81a0\" data-element_type=\"column\">\n\t\t\t<div class=\"elementor-widget-wrap elementor-element-populated\">\n\t\t\t\t\t\t<div class=\"elementor-element elementor-element-b5907ba elementor-widget elementor-widget-heading\" data-id=\"b5907ba\" data-element_type=\"widget\" data-widget_type=\"heading.default\">\n\t\t\t\t<div class=\"elementor-widget-container\">\n\t\t\t\t\t<span class=\"elementor-heading-title elementor-size-default\">Tribunal Judicial da<\/span>\t\t\t\t<\/div>\n\t\t\t\t<\/div>\n\t\t\t\t<div class=\"elementor-element elementor-element-7bc9440f elementor-widget elementor-widget-heading\" data-id=\"7bc9440f\" data-element_type=\"widget\" data-widget_type=\"heading.default\">\n\t\t\t\t<div class=\"elementor-widget-container\">\n\t\t\t\t\t<h4 class=\"elementor-heading-title elementor-size-default\">Comarca da Madeira<\/h4>\t\t\t\t<\/div>\n\t\t\t\t<\/div>\n\t\t\t\t<div class=\"elementor-element elementor-element-0990e6b elementor-widget elementor-widget-text-editor\" data-id=\"0990e6b\" data-element_type=\"widget\" data-widget_type=\"text-editor.default\">\n\t\t\t\t<div class=\"elementor-widget-container\">\n\t\t\t\t\t\t\t\t\t<h6>A\u00a0<strong>Comarca da Madeira<\/strong> \u00e9 uma <a href=\"https:\/\/pt.wikipedia.org\/wiki\/Comarca\">Comarca<\/a>\u00a0integrada na\u00a0<a href=\"https:\/\/pt.wikipedia.org\/wiki\/Sistema_Judicial_de_Portugal\">Divis\u00e3o\u00a0 Judici\u00e1ria<\/a>\u00a0de\u00a0<a href=\"https:\/\/pt.wikipedia.org\/wiki\/Portugal\">Portugal<\/a>. Tem sede na cidade do\u00a0<a href=\"https:\/\/pt.wikipedia.org\/wiki\/Funchal\">Funchal<\/a>.<\/h6><h6>A Comarca abrange uma \u00e1rea de 801\u00a0km\u00b2 e tem como popula\u00e7\u00e3o residente 267 785 habitantes (2011).<\/h6><h6>Integram a Comarca da Madeira todos os\u00a0<a href=\"https:\/\/pt.wikipedia.org\/wiki\/Munic%C3%ADpio\">munic\u00edpios<\/a>\u00a0da\u00a0<a href=\"https:\/\/pt.wikipedia.org\/wiki\/Regi%C3%A3o_Aut%C3%B3noma_da_Madeira\">Regi\u00e3o Aut\u00f3noma da Madeira.<\/a><\/h6><ul><li><h6><a href=\"https:\/\/pt.wikipedia.org\/wiki\/Funchal\">Funchal<\/a>\u00a0(Sede)<\/h6><\/li><li><h6><a href=\"https:\/\/pt.wikipedia.org\/wiki\/Calheta_(Madeira)\">Calheta<\/a><\/h6><\/li><li><h6><a href=\"https:\/\/pt.wikipedia.org\/wiki\/C%C3%A2mara_de_Lobos\">C\u00e2mara de Lobos<\/a><\/h6><\/li><li><h6><a href=\"https:\/\/pt.wikipedia.org\/wiki\/Machico\">Machico<\/a><\/h6><\/li><li><h6><a href=\"https:\/\/pt.wikipedia.org\/wiki\/Ponta_do_Sol_(Madeira)\">Ponta do Sol<\/a><\/h6><\/li><li><h6><a href=\"https:\/\/pt.wikipedia.org\/wiki\/Porto_Moniz\">Porto Moniz<\/a><\/h6><\/li><li><h6><a href=\"https:\/\/pt.wikipedia.org\/wiki\/Porto_Santo\">Porto Santo<\/a><\/h6><\/li><li><h6><a href=\"https:\/\/pt.wikipedia.org\/wiki\/Ribeira_Brava_(Madeira)\">Ribeira Brava<\/a><\/h6><\/li><li><h6><a href=\"https:\/\/pt.wikipedia.org\/wiki\/Santa_Cruz_(Madeira)\">Santa Cruz<\/a><\/h6><\/li><li><h6><a href=\"https:\/\/pt.wikipedia.org\/wiki\/Santana_(Madeira)\">Santana<\/a><\/h6><\/li><li><h6><a href=\"https:\/\/pt.wikipedia.org\/wiki\/S%C3%A3o_Vicente_(Madeira)\">S\u00e3o Vicente<\/a><\/h6><\/li><\/ul><h6>A Comarca da Madeira integra a \u00e1rea de jurisdi\u00e7\u00e3o do\u00a0<a href=\"https:\/\/pt.wikipedia.org\/wiki\/Tribunal_da_Rela%C3%A7%C3%A3o_de_Lisboa\">Tribunal da Rela\u00e7\u00e3o de Lisboa<\/a>.<\/h6>\t\t\t\t\t\t\t\t<\/div>\n\t\t\t\t<\/div>\n\t\t\t\t<div class=\"elementor-element elementor-element-14131d48 elementor-widget elementor-widget-button\" data-id=\"14131d48\" data-element_type=\"widget\" data-widget_type=\"button.default\">\n\t\t\t\t<div class=\"elementor-widget-container\">\n\t\t\t\t\t\t\t\t\t<div class=\"elementor-button-wrapper\">\n\t\t\t\t\t<a class=\"elementor-button elementor-button-link elementor-size-sm\" href=\"\/contactos\/\" target=\"_blank\">\n\t\t\t\t\t\t<span class=\"elementor-button-content-wrapper\">\n\t\t\t\t\t\t\t\t\t<span class=\"elementor-button-text\">Contactos<\/span>\n\t\t\t\t\t<\/span>\n\t\t\t\t\t<\/a>\n\t\t\t\t<\/div>\n\t\t\t\t\t\t\t\t<\/div>\n\t\t\t\t<\/div>\n\t\t\t\t\t<\/div>\n\t\t<\/div>\n\t\t\t\t<div class=\"elementor-column elementor-col-50 elementor-top-column elementor-element elementor-element-46317706 cms-banner\" data-id=\"46317706\" data-element_type=\"column\" data-settings=\"{&quot;background_background&quot;:&quot;classic&quot;}\">\n\t\t\t<div class=\"elementor-widget-wrap elementor-element-populated\">\n\t\t\t\t\t\t<div class=\"elementor-element elementor-element-3e7f9791 elementor-widget elementor-widget-image\" data-id=\"3e7f9791\" data-element_type=\"widget\" data-widget_type=\"image.default\">\n\t\t\t\t<div class=\"elementor-widget-container\">\n\t\t\t\t\t\t\t\t\t\t\t\t\t\t\t\t<a href=\"#\">\n\t\t\t\t\t\t\t<img fetchpriority=\"high\" decoding=\"async\" width=\"1455\" height=\"1637\" src=\"https:\/\/comarcas.csm.org.pt\/madeira\/wp-content\/uploads\/sites\/28\/2025\/07\/foto-santa-cruz-1.png\" class=\"attachment-full size-full wp-image-12343\" alt=\"\" srcset=\"https:\/\/comarcas.csm.org.pt\/madeira\/wp-content\/uploads\/sites\/28\/2025\/07\/foto-santa-cruz-1.png 1455w, https:\/\/comarcas.csm.org.pt\/madeira\/wp-content\/uploads\/sites\/28\/2025\/07\/foto-santa-cruz-1-267x300.png 267w, https:\/\/comarcas.csm.org.pt\/madeira\/wp-content\/uploads\/sites\/28\/2025\/07\/foto-santa-cruz-1-910x1024.png 910w, https:\/\/comarcas.csm.org.pt\/madeira\/wp-content\/uploads\/sites\/28\/2025\/07\/foto-santa-cruz-1-768x864.png 768w, https:\/\/comarcas.csm.org.pt\/madeira\/wp-content\/uploads\/sites\/28\/2025\/07\/foto-santa-cruz-1-1365x1536.png 1365w\" sizes=\"(max-width: 1455px) 100vw, 1455px\" \/>\t\t\t\t\t\t\t\t<\/a>\n\t\t\t\t\t\t\t\t\t\t\t\t\t\t\t<\/div>\n\t\t\t\t<\/div>\n\t\t\t\t\t<\/div>\n\t\t<\/div>\n\t\t\t\t\t<\/div>\n\t\t<\/section>\n\t\t\t\t<\/div>\n\t\t","protected":false},"excerpt":{"rendered":"<p>Tribunal Judicial da Comarca da Madeira A\u00a0Comarca da Madeira \u00e9 uma Comarca\u00a0integrada na\u00a0Divis\u00e3o\u00a0 Judici\u00e1ria\u00a0de\u00a0Portugal. Tem sede na cidade do\u00a0Funchal. A Comarca abrange uma \u00e1rea de 801\u00a0km\u00b2 e tem como popula\u00e7\u00e3o residente 267 785 habitantes (2011). Integram a Comarca da Madeira todos os\u00a0munic\u00edpios\u00a0da\u00a0Regi\u00e3o Aut\u00f3noma da Madeira. Funchal\u00a0(Sede) Calheta C\u00e2mara de Lobos Machico Ponta do Sol Porto&#8230;<\/p>\n","protected":false},"author":1,"featured_media":0,"parent":0,"menu_order":0,"comment_status":"closed","ping_status":"closed","template":"","meta":{"_tbt_post_transparent":"","_tbt_post_title":"","_tbt_post_layout":"","_tbt_post_sidebar_id":"","_tbt_post_content_style":"","_tbt_post_vertical_padding":"","_tbt_post_feature":"","_tbt_post_feature_position":"","_tbt_post_header":false,"_tbt_post_footer":false},"class_list":["post-2242","page","type-page","status-publish","hentry"],"yoast_head":"<!-- This site is optimized with the Yoast SEO plugin v25.6 - https:\/\/yoast.com\/wordpress\/plugins\/seo\/ -->\n<title>A Comarca da Madeira - Tribunal Judicial da Comarca da Madeira<\/title>\n<meta name=\"robots\" content=\"index, follow, max-snippet:-1, max-image-preview:large, max-video-preview:-1\" \/>\n<link rel=\"canonical\" href=\"https:\/\/comarcas.csm.org.pt\/madeira\/acomarca\/\" \/>\n<meta property=\"og:locale\" content=\"pt_PT\" \/>\n<meta property=\"og:type\" content=\"article\" \/>\n<meta property=\"og:title\" content=\"A Comarca da Madeira - Tribunal Judicial da Comarca da Madeira\" \/>\n<meta property=\"og:description\" content=\"Tribunal Judicial da Comarca da Madeira A\u00a0Comarca da Madeira \u00e9 uma Comarca\u00a0integrada na\u00a0Divis\u00e3o\u00a0 Judici\u00e1ria\u00a0de\u00a0Portugal. Tem sede na cidade do\u00a0Funchal. A Comarca abrange uma \u00e1rea de 801\u00a0km\u00b2 e tem como popula\u00e7\u00e3o residente 267 785 habitantes (2011). Integram a Comarca da Madeira todos os\u00a0munic\u00edpios\u00a0da\u00a0Regi\u00e3o Aut\u00f3noma da Madeira. Funchal\u00a0(Sede) Calheta C\u00e2mara de Lobos Machico Ponta do Sol Porto...\" \/>\n<meta property=\"og:url\" content=\"https:\/\/comarcas.csm.org.pt\/madeira\/acomarca\/\" \/>\n<meta property=\"og:site_name\" content=\"Tribunal Judicial da Comarca da Madeira\" \/>\n<meta property=\"article:modified_time\" content=\"2025-07-18T10:45:55+00:00\" \/>\n<meta property=\"og:image\" content=\"https:\/\/comarcas.csm.org.pt\/madeira\/wp-content\/uploads\/sites\/28\/2025\/07\/foto-santa-cruz-1-910x1024.png\" \/>\n\t<meta property=\"og:image:width\" content=\"910\" \/>\n\t<meta property=\"og:image:height\" content=\"1024\" \/>\n\t<meta property=\"og:image:type\" content=\"image\/png\" \/>\n<meta name=\"twitter:card\" content=\"summary_large_image\" \/>\n<meta name=\"twitter:label1\" content=\"Tempo estimado de leitura\" \/>\n\t<meta name=\"twitter:data1\" content=\"1 minuto\" \/>\n<script type=\"application\/ld+json\" class=\"yoast-schema-graph\">{\"@context\":\"https:\/\/schema.org\",\"@graph\":[{\"@type\":\"WebPage\",\"@id\":\"https:\/\/comarcas.csm.org.pt\/madeira\/acomarca\/\",\"url\":\"https:\/\/comarcas.csm.org.pt\/madeira\/acomarca\/\",\"name\":\"A Comarca da Madeira - Tribunal Judicial da Comarca da Madeira\",\"isPartOf\":{\"@id\":\"https:\/\/comarcas.csm.org.pt\/madeira\/#website\"},\"primaryImageOfPage\":{\"@id\":\"https:\/\/comarcas.csm.org.pt\/madeira\/acomarca\/#primaryimage\"},\"image\":{\"@id\":\"https:\/\/comarcas.csm.org.pt\/madeira\/acomarca\/#primaryimage\"},\"thumbnailUrl\":\"https:\/\/comarcas.csm.org.pt\/madeira\/wp-content\/uploads\/sites\/28\/2025\/07\/foto-santa-cruz-1.png\",\"datePublished\":\"2021-10-25T11:40:43+00:00\",\"dateModified\":\"2025-07-18T10:45:55+00:00\",\"breadcrumb\":{\"@id\":\"https:\/\/comarcas.csm.org.pt\/madeira\/acomarca\/#breadcrumb\"},\"inLanguage\":\"pt-PT\",\"potentialAction\":[{\"@type\":\"ReadAction\",\"target\":[\"https:\/\/comarcas.csm.org.pt\/madeira\/acomarca\/\"]}]},{\"@type\":\"ImageObject\",\"inLanguage\":\"pt-PT\",\"@id\":\"https:\/\/comarcas.csm.org.pt\/madeira\/acomarca\/#primaryimage\",\"url\":\"https:\/\/comarcas.csm.org.pt\/madeira\/wp-content\/uploads\/sites\/28\/2025\/07\/foto-santa-cruz-1.png\",\"contentUrl\":\"https:\/\/comarcas.csm.org.pt\/madeira\/wp-content\/uploads\/sites\/28\/2025\/07\/foto-santa-cruz-1.png\",\"width\":1455,\"height\":1637},{\"@type\":\"BreadcrumbList\",\"@id\":\"https:\/\/comarcas.csm.org.pt\/madeira\/acomarca\/#breadcrumb\",\"itemListElement\":[{\"@type\":\"ListItem\",\"position\":1,\"name\":\"In\u00edcio\",\"item\":\"https:\/\/comarcas.csm.org.pt\/madeira\/\"},{\"@type\":\"ListItem\",\"position\":2,\"name\":\"A Comarca da Madeira\"}]},{\"@type\":\"WebSite\",\"@id\":\"https:\/\/comarcas.csm.org.pt\/madeira\/#website\",\"url\":\"https:\/\/comarcas.csm.org.pt\/madeira\/\",\"name\":\"Tribunal Judicial da Comarca da Madeira\",\"description\":\"Tribunal Judicial da Comarca da Madeira\",\"publisher\":{\"@id\":\"https:\/\/comarcas.csm.org.pt\/madeira\/#organization\"},\"potentialAction\":[{\"@type\":\"SearchAction\",\"target\":{\"@type\":\"EntryPoint\",\"urlTemplate\":\"https:\/\/comarcas.csm.org.pt\/madeira\/?s={search_term_string}\"},\"query-input\":{\"@type\":\"PropertyValueSpecification\",\"valueRequired\":true,\"valueName\":\"search_term_string\"}}],\"inLanguage\":\"pt-PT\"},{\"@type\":\"Organization\",\"@id\":\"https:\/\/comarcas.csm.org.pt\/madeira\/#organization\",\"name\":\"Tribunal Judicial da Comarca da Madeira\",\"url\":\"https:\/\/comarcas.csm.org.pt\/madeira\/\",\"logo\":{\"@type\":\"ImageObject\",\"inLanguage\":\"pt-PT\",\"@id\":\"https:\/\/comarcas.csm.org.pt\/madeira\/#\/schema\/logo\/image\/\",\"url\":\"https:\/\/comarcas.csm.org.pt\/madeira\/wp-content\/uploads\/sites\/28\/2025\/06\/cropped-Logotipo-Comarca-Madeira-ii-3.png\",\"contentUrl\":\"https:\/\/comarcas.csm.org.pt\/madeira\/wp-content\/uploads\/sites\/28\/2025\/06\/cropped-Logotipo-Comarca-Madeira-ii-3.png\",\"width\":5293,\"height\":976,\"caption\":\"Tribunal Judicial da Comarca da Madeira\"},\"image\":{\"@id\":\"https:\/\/comarcas.csm.org.pt\/madeira\/#\/schema\/logo\/image\/\"}}]}<\/script>\n<!-- \/ Yoast SEO plugin. -->","yoast_head_json":{"title":"A Comarca da Madeira - Tribunal Judicial da Comarca da Madeira","robots":{"index":"index","follow":"follow","max-snippet":"max-snippet:-1","max-image-preview":"max-image-preview:large","max-video-preview":"max-video-preview:-1"},"canonical":"https:\/\/comarcas.csm.org.pt\/madeira\/acomarca\/","og_locale":"pt_PT","og_type":"article","og_title":"A Comarca da Madeira - Tribunal Judicial da Comarca da Madeira","og_description":"Tribunal Judicial da Comarca da Madeira A\u00a0Comarca da Madeira \u00e9 uma Comarca\u00a0integrada na\u00a0Divis\u00e3o\u00a0 Judici\u00e1ria\u00a0de\u00a0Portugal. Tem sede na cidade do\u00a0Funchal. A Comarca abrange uma \u00e1rea de 801\u00a0km\u00b2 e tem como popula\u00e7\u00e3o residente 267 785 habitantes (2011). Integram a Comarca da Madeira todos os\u00a0munic\u00edpios\u00a0da\u00a0Regi\u00e3o Aut\u00f3noma da Madeira. Funchal\u00a0(Sede) Calheta C\u00e2mara de Lobos Machico Ponta do Sol Porto...","og_url":"https:\/\/comarcas.csm.org.pt\/madeira\/acomarca\/","og_site_name":"Tribunal Judicial da Comarca da Madeira","article_modified_time":"2025-07-18T10:45:55+00:00","og_image":[{"width":910,"height":1024,"url":"https:\/\/comarcas.csm.org.pt\/madeira\/wp-content\/uploads\/sites\/28\/2025\/07\/foto-santa-cruz-1-910x1024.png","type":"image\/png"}],"twitter_card":"summary_large_image","twitter_misc":{"Tempo estimado de leitura":"1 minuto"},"schema":{"@context":"https:\/\/schema.org","@graph":[{"@type":"WebPage","@id":"https:\/\/comarcas.csm.org.pt\/madeira\/acomarca\/","url":"https:\/\/comarcas.csm.org.pt\/madeira\/acomarca\/","name":"A Comarca da Madeira - Tribunal Judicial da Comarca da Madeira","isPartOf":{"@id":"https:\/\/comarcas.csm.org.pt\/madeira\/#website"},"primaryImageOfPage":{"@id":"https:\/\/comarcas.csm.org.pt\/madeira\/acomarca\/#primaryimage"},"image":{"@id":"https:\/\/comarcas.csm.org.pt\/madeira\/acomarca\/#primaryimage"},"thumbnailUrl":"https:\/\/comarcas.csm.org.pt\/madeira\/wp-content\/uploads\/sites\/28\/2025\/07\/foto-santa-cruz-1.png","datePublished":"2021-10-25T11:40:43+00:00","dateModified":"2025-07-18T10:45:55+00:00","breadcrumb":{"@id":"https:\/\/comarcas.csm.org.pt\/madeira\/acomarca\/#breadcrumb"},"inLanguage":"pt-PT","potentialAction":[{"@type":"ReadAction","target":["https:\/\/comarcas.csm.org.pt\/madeira\/acomarca\/"]}]},{"@type":"ImageObject","inLanguage":"pt-PT","@id":"https:\/\/comarcas.csm.org.pt\/madeira\/acomarca\/#primaryimage","url":"https:\/\/comarcas.csm.org.pt\/madeira\/wp-content\/uploads\/sites\/28\/2025\/07\/foto-santa-cruz-1.png","contentUrl":"https:\/\/comarcas.csm.org.pt\/madeira\/wp-content\/uploads\/sites\/28\/2025\/07\/foto-santa-cruz-1.png","width":1455,"height":1637},{"@type":"BreadcrumbList","@id":"https:\/\/comarcas.csm.org.pt\/madeira\/acomarca\/#breadcrumb","itemListElement":[{"@type":"ListItem","position":1,"name":"In\u00edcio","item":"https:\/\/comarcas.csm.org.pt\/madeira\/"},{"@type":"ListItem","position":2,"name":"A Comarca da Madeira"}]},{"@type":"WebSite","@id":"https:\/\/comarcas.csm.org.pt\/madeira\/#website","url":"https:\/\/comarcas.csm.org.pt\/madeira\/","name":"Tribunal Judicial da Comarca da Madeira","description":"Tribunal Judicial da Comarca da Madeira","publisher":{"@id":"https:\/\/comarcas.csm.org.pt\/madeira\/#organization"},"potentialAction":[{"@type":"SearchAction","target":{"@type":"EntryPoint","urlTemplate":"https:\/\/comarcas.csm.org.pt\/madeira\/?s={search_term_string}"},"query-input":{"@type":"PropertyValueSpecification","valueRequired":true,"valueName":"search_term_string"}}],"inLanguage":"pt-PT"},{"@type":"Organization","@id":"https:\/\/comarcas.csm.org.pt\/madeira\/#organization","name":"Tribunal Judicial da Comarca da Madeira","url":"https:\/\/comarcas.csm.org.pt\/madeira\/","logo":{"@type":"ImageObject","inLanguage":"pt-PT","@id":"https:\/\/comarcas.csm.org.pt\/madeira\/#\/schema\/logo\/image\/","url":"https:\/\/comarcas.csm.org.pt\/madeira\/wp-content\/uploads\/sites\/28\/2025\/06\/cropped-Logotipo-Comarca-Madeira-ii-3.png","contentUrl":"https:\/\/comarcas.csm.org.pt\/madeira\/wp-content\/uploads\/sites\/28\/2025\/06\/cropped-Logotipo-Comarca-Madeira-ii-3.png","width":5293,"height":976,"caption":"Tribunal Judicial da Comarca da Madeira"},"image":{"@id":"https:\/\/comarcas.csm.org.pt\/madeira\/#\/schema\/logo\/image\/"}}]}},"_links":{"self":[{"href":"https:\/\/comarcas.csm.org.pt\/madeira\/wp-json\/wp\/v2\/pages\/2242","targetHints":{"allow":["GET"]}}],"collection":[{"href":"https:\/\/comarcas.csm.org.pt\/madeira\/wp-json\/wp\/v2\/pages"}],"about":[{"href":"https:\/\/comarcas.csm.org.pt\/madeira\/wp-json\/wp\/v2\/types\/page"}],"author":[{"embeddable":true,"href":"https:\/\/comarcas.csm.org.pt\/madeira\/wp-json\/wp\/v2\/users\/1"}],"replies":[{"embeddable":true,"href":"https:\/\/comarcas.csm.org.pt\/madeira\/wp-json\/wp\/v2\/comments?post=2242"}],"version-history":[{"count":35,"href":"https:\/\/comarcas.csm.org.pt\/madeira\/wp-json\/wp\/v2\/pages\/2242\/revisions"}],"predecessor-version":[{"id":12347,"href":"https:\/\/comarcas.csm.org.pt\/madeira\/wp-json\/wp\/v2\/pages\/2242\/revisions\/12347"}],"wp:attachment":[{"href":"https:\/\/comarcas.csm.org.pt\/madeira\/wp-json\/wp\/v2\/media?parent=2242"}],"curies":[{"name":"wp","href":"https:\/\/api.w.org\/{rel}","templated":true}]}}