{"id":11069,"date":"2024-05-20T12:21:45","date_gmt":"2024-05-20T12:21:45","guid":{"rendered":"https:\/\/aveiro.vvr.pt\/?page_id=11069"},"modified":"2025-06-24T07:46:55","modified_gmt":"2025-06-24T07:46:55","slug":"juizos","status":"publish","type":"page","link":"https:\/\/comarcas.csm.org.pt\/porto-este\/acomarca\/juizos\/","title":{"rendered":"Ju\u00edzos"},"content":{"rendered":"\t\t<div data-elementor-type=\"wp-page\" data-elementor-id=\"11069\" class=\"elementor elementor-11069\" data-elementor-post-type=\"page\">\n\t\t\t\t<div class=\"elementor-element elementor-element-b20e16c e-flex e-con-boxed e-con e-parent\" data-id=\"b20e16c\" data-element_type=\"container\">\n\t\t\t\t\t<div class=\"e-con-inner\">\n\t\t<div class=\"elementor-element elementor-element-63a4eb8 e-con-full e-flex e-con e-child\" data-id=\"63a4eb8\" data-element_type=\"container\">\n\t\t\t\t<div class=\"elementor-element elementor-element-f6675c4 elementor-widget__width-inherit btn100 elementor-widget elementor-widget-button\" data-id=\"f6675c4\" data-element_type=\"widget\" data-widget_type=\"button.default\">\n\t\t\t\t<div class=\"elementor-widget-container\">\n\t\t\t\t\t\t\t\t\t<div class=\"elementor-button-wrapper\">\n\t\t\t\t\t<a class=\"elementor-button elementor-button-link elementor-size-sm\" href=\"https:\/\/comarcas.csm.org.pt\/porto-este\/acomarca\/juizos\/penafiel\/\" target=\"_blank\">\n\t\t\t\t\t\t<span class=\"elementor-button-content-wrapper\">\n\t\t\t\t\t\t\t\t\t<span class=\"elementor-button-text\">Penafiel<\/span>\n\t\t\t\t\t<\/span>\n\t\t\t\t\t<\/a>\n\t\t\t\t<\/div>\n\t\t\t\t\t\t\t\t<\/div>\n\t\t\t\t<\/div>\n\t\t\t\t<\/div>\n\t\t<div class=\"elementor-element elementor-element-12be110 e-con-full e-flex e-con e-child\" data-id=\"12be110\" data-element_type=\"container\">\n\t\t\t\t<div class=\"elementor-element elementor-element-a512528 elementor-widget__width-inherit btn100 elementor-widget elementor-widget-button\" data-id=\"a512528\" data-element_type=\"widget\" data-widget_type=\"button.default\">\n\t\t\t\t<div class=\"elementor-widget-container\">\n\t\t\t\t\t\t\t\t\t<div class=\"elementor-button-wrapper\">\n\t\t\t\t\t<a class=\"elementor-button elementor-button-link elementor-size-sm\" href=\"https:\/\/comarcas.csm.org.pt\/porto-este\/acomarca\/juizos\/amarante\/\" target=\"_blank\">\n\t\t\t\t\t\t<span class=\"elementor-button-content-wrapper\">\n\t\t\t\t\t\t\t\t\t<span class=\"elementor-button-text\">AMARANTE<\/span>\n\t\t\t\t\t<\/span>\n\t\t\t\t\t<\/a>\n\t\t\t\t<\/div>\n\t\t\t\t\t\t\t\t<\/div>\n\t\t\t\t<\/div>\n\t\t\t\t<\/div>\n\t\t<div class=\"elementor-element elementor-element-3b1c0f1 e-con-full e-flex e-con e-child\" data-id=\"3b1c0f1\" data-element_type=\"container\">\n\t\t\t\t<div class=\"elementor-element elementor-element-21d20d7 elementor-widget__width-inherit btn100 elementor-widget elementor-widget-button\" data-id=\"21d20d7\" data-element_type=\"widget\" data-widget_type=\"button.default\">\n\t\t\t\t<div class=\"elementor-widget-container\">\n\t\t\t\t\t\t\t\t\t<div class=\"elementor-button-wrapper\">\n\t\t\t\t\t<a class=\"elementor-button elementor-button-link elementor-size-sm\" href=\"https:\/\/comarcas.csm.org.pt\/porto-este\/acomarca\/juizos\/baiao\/\">\n\t\t\t\t\t\t<span class=\"elementor-button-content-wrapper\">\n\t\t\t\t\t\t\t\t\t<span class=\"elementor-button-text\">BAI\u00c3O<\/span>\n\t\t\t\t\t<\/span>\n\t\t\t\t\t<\/a>\n\t\t\t\t<\/div>\n\t\t\t\t\t\t\t\t<\/div>\n\t\t\t\t<\/div>\n\t\t\t\t<\/div>\n\t\t<div class=\"elementor-element elementor-element-3f60444 e-con-full e-flex e-con e-child\" data-id=\"3f60444\" data-element_type=\"container\">\n\t\t\t\t<div class=\"elementor-element elementor-element-7fc2c2c elementor-widget__width-inherit btn100 elementor-widget elementor-widget-button\" data-id=\"7fc2c2c\" data-element_type=\"widget\" data-widget_type=\"button.default\">\n\t\t\t\t<div class=\"elementor-widget-container\">\n\t\t\t\t\t\t\t\t\t<div class=\"elementor-button-wrapper\">\n\t\t\t\t\t<a class=\"elementor-button elementor-button-link elementor-size-sm\" href=\"https:\/\/comarcas.csm.org.pt\/porto-este\/acomarca\/juizos\/felgueiras\/\">\n\t\t\t\t\t\t<span class=\"elementor-button-content-wrapper\">\n\t\t\t\t\t\t\t\t\t<span class=\"elementor-button-text\">FELGUEIRAS<\/span>\n\t\t\t\t\t<\/span>\n\t\t\t\t\t<\/a>\n\t\t\t\t<\/div>\n\t\t\t\t\t\t\t\t<\/div>\n\t\t\t\t<\/div>\n\t\t\t\t<\/div>\n\t\t<div class=\"elementor-element elementor-element-1dce80b e-con-full e-flex e-con e-child\" data-id=\"1dce80b\" data-element_type=\"container\">\n\t\t\t\t<div class=\"elementor-element elementor-element-95ef1fe elementor-widget__width-inherit btn100 elementor-widget elementor-widget-button\" data-id=\"95ef1fe\" data-element_type=\"widget\" data-widget_type=\"button.default\">\n\t\t\t\t<div class=\"elementor-widget-container\">\n\t\t\t\t\t\t\t\t\t<div class=\"elementor-button-wrapper\">\n\t\t\t\t\t<a class=\"elementor-button elementor-button-link elementor-size-sm\" href=\"https:\/\/comarcas.csm.org.pt\/porto-este\/acomarca\/juizos\/lousada\/\">\n\t\t\t\t\t\t<span class=\"elementor-button-content-wrapper\">\n\t\t\t\t\t\t\t\t\t<span class=\"elementor-button-text\">LOUSADA<\/span>\n\t\t\t\t\t<\/span>\n\t\t\t\t\t<\/a>\n\t\t\t\t<\/div>\n\t\t\t\t\t\t\t\t<\/div>\n\t\t\t\t<\/div>\n\t\t\t\t<\/div>\n\t\t\t\t\t<\/div>\n\t\t\t\t<\/div>\n\t\t<div class=\"elementor-element elementor-element-36f53bf e-flex e-con-boxed e-con e-parent\" data-id=\"36f53bf\" data-element_type=\"container\">\n\t\t\t\t\t<div class=\"e-con-inner\">\n\t\t<div class=\"elementor-element elementor-element-6a33931 e-con-full e-flex e-con e-child\" data-id=\"6a33931\" data-element_type=\"container\">\n\t\t\t\t<div class=\"elementor-element elementor-element-65fd3c7 elementor-widget__width-inherit btn100 elementor-widget elementor-widget-button\" data-id=\"65fd3c7\" data-element_type=\"widget\" data-widget_type=\"button.default\">\n\t\t\t\t<div class=\"elementor-widget-container\">\n\t\t\t\t\t\t\t\t\t<div class=\"elementor-button-wrapper\">\n\t\t\t\t\t<a class=\"elementor-button elementor-button-link elementor-size-sm\" href=\"https:\/\/comarcas.csm.org.pt\/porto-este\/acomarca\/juizos\/marco-de-canaveses\/\">\n\t\t\t\t\t\t<span class=\"elementor-button-content-wrapper\">\n\t\t\t\t\t\t\t\t\t<span class=\"elementor-button-text\">MARCO DE CANAVESES<\/span>\n\t\t\t\t\t<\/span>\n\t\t\t\t\t<\/a>\n\t\t\t\t<\/div>\n\t\t\t\t\t\t\t\t<\/div>\n\t\t\t\t<\/div>\n\t\t\t\t<\/div>\n\t\t<div class=\"elementor-element elementor-element-4d46788 e-con-full e-flex e-con e-child\" data-id=\"4d46788\" data-element_type=\"container\">\n\t\t\t\t<div class=\"elementor-element elementor-element-b22bdb3 elementor-widget__width-inherit btn100 elementor-widget elementor-widget-button\" data-id=\"b22bdb3\" data-element_type=\"widget\" data-widget_type=\"button.default\">\n\t\t\t\t<div class=\"elementor-widget-container\">\n\t\t\t\t\t\t\t\t\t<div class=\"elementor-button-wrapper\">\n\t\t\t\t\t<a class=\"elementor-button elementor-button-link elementor-size-sm\" href=\"https:\/\/comarcas.csm.org.pt\/porto-este\/acomarca\/juizos\/pacos-de-ferreira\/\">\n\t\t\t\t\t\t<span class=\"elementor-button-content-wrapper\">\n\t\t\t\t\t\t\t\t\t<span class=\"elementor-button-text\">PA\u00c7OS DE FERREIRA<\/span>\n\t\t\t\t\t<\/span>\n\t\t\t\t\t<\/a>\n\t\t\t\t<\/div>\n\t\t\t\t\t\t\t\t<\/div>\n\t\t\t\t<\/div>\n\t\t\t\t<\/div>\n\t\t<div class=\"elementor-element elementor-element-d883f64 e-con-full e-flex e-con e-child\" data-id=\"d883f64\" data-element_type=\"container\">\n\t\t\t\t<div class=\"elementor-element elementor-element-ec90410 elementor-widget__width-inherit btn100 elementor-widget elementor-widget-button\" data-id=\"ec90410\" data-element_type=\"widget\" data-widget_type=\"button.default\">\n\t\t\t\t<div class=\"elementor-widget-container\">\n\t\t\t\t\t\t\t\t\t<div class=\"elementor-button-wrapper\">\n\t\t\t\t\t<a class=\"elementor-button elementor-button-link elementor-size-sm\" href=\"https:\/\/comarcas.csm.org.pt\/porto-este\/acomarca\/juizos\/paredes\/\">\n\t\t\t\t\t\t<span class=\"elementor-button-content-wrapper\">\n\t\t\t\t\t\t\t\t\t<span class=\"elementor-button-text\">PAREDES<\/span>\n\t\t\t\t\t<\/span>\n\t\t\t\t\t<\/a>\n\t\t\t\t<\/div>\n\t\t\t\t\t\t\t\t<\/div>\n\t\t\t\t<\/div>\n\t\t\t\t<\/div>\n\t\t\t\t\t<\/div>\n\t\t\t\t<\/div>\n\t\t<div class=\"elementor-element elementor-element-8afef98 e-flex e-con-boxed e-con e-parent\" data-id=\"8afef98\" data-element_type=\"container\">\n\t\t\t\t\t<div class=\"e-con-inner\">\n\t\t\t\t\t<\/div>\n\t\t\t\t<\/div>\n\t\t\t\t<\/div>\n\t\t","protected":false},"excerpt":{"rendered":"<p>Penafiel AMARANTE BAI\u00c3O FELGUEIRAS LOUSADA MARCO DE CANAVESES PA\u00c7OS DE FERREIRA PAREDES<\/p>\n","protected":false},"author":1,"featured_media":0,"parent":2242,"menu_order":0,"comment_status":"closed","ping_status":"closed","template":"","meta":{"_tbt_post_transparent":"","_tbt_post_title":"","_tbt_post_layout":"default","_tbt_post_sidebar_id":"","_tbt_post_content_style":"","_tbt_post_vertical_padding":"","_tbt_post_feature":"","_tbt_post_feature_position":"","_tbt_post_header":false,"_tbt_post_footer":false},"class_list":["post-11069","page","type-page","status-publish","hentry"],"yoast_head":"<!-- This site is optimized with the Yoast SEO plugin v25.6 - https:\/\/yoast.com\/wordpress\/plugins\/seo\/ -->\n<title>Ju\u00edzos - Tribunal Judicial da Comarca do Porto Este<\/title>\n<meta name=\"robots\" content=\"index, follow, max-snippet:-1, max-image-preview:large, max-video-preview:-1\" \/>\n<link rel=\"canonical\" href=\"https:\/\/comarcas.csm.org.pt\/porto-este\/acomarca\/juizos\/\" \/>\n<meta property=\"og:locale\" content=\"pt_PT\" \/>\n<meta property=\"og:type\" content=\"article\" \/>\n<meta property=\"og:title\" content=\"Ju\u00edzos - Tribunal Judicial da Comarca do Porto Este\" \/>\n<meta property=\"og:description\" content=\"Penafiel AMARANTE BAI\u00c3O FELGUEIRAS LOUSADA MARCO DE CANAVESES PA\u00c7OS DE FERREIRA PAREDES\" \/>\n<meta property=\"og:url\" content=\"https:\/\/comarcas.csm.org.pt\/porto-este\/acomarca\/juizos\/\" \/>\n<meta property=\"og:site_name\" content=\"Tribunal Judicial da Comarca do Porto Este\" \/>\n<meta property=\"article:modified_time\" content=\"2025-06-24T07:46:55+00:00\" \/>\n<meta name=\"twitter:card\" content=\"summary_large_image\" \/>\n<meta name=\"twitter:label1\" content=\"Tempo estimado de leitura\" \/>\n\t<meta name=\"twitter:data1\" content=\"1 minuto\" \/>\n<script type=\"application\/ld+json\" class=\"yoast-schema-graph\">{\"@context\":\"https:\/\/schema.org\",\"@graph\":[{\"@type\":\"WebPage\",\"@id\":\"https:\/\/comarcas.csm.org.pt\/porto-este\/acomarca\/juizos\/\",\"url\":\"https:\/\/comarcas.csm.org.pt\/porto-este\/acomarca\/juizos\/\",\"name\":\"Ju\u00edzos - Tribunal Judicial da Comarca do Porto Este\",\"isPartOf\":{\"@id\":\"https:\/\/comarcas.csm.org.pt\/porto-este\/#website\"},\"datePublished\":\"2024-05-20T12:21:45+00:00\",\"dateModified\":\"2025-06-24T07:46:55+00:00\",\"breadcrumb\":{\"@id\":\"https:\/\/comarcas.csm.org.pt\/porto-este\/acomarca\/juizos\/#breadcrumb\"},\"inLanguage\":\"pt-PT\",\"potentialAction\":[{\"@type\":\"ReadAction\",\"target\":[\"https:\/\/comarcas.csm.org.pt\/porto-este\/acomarca\/juizos\/\"]}]},{\"@type\":\"BreadcrumbList\",\"@id\":\"https:\/\/comarcas.csm.org.pt\/porto-este\/acomarca\/juizos\/#breadcrumb\",\"itemListElement\":[{\"@type\":\"ListItem\",\"position\":1,\"name\":\"In\u00edcio\",\"item\":\"https:\/\/comarcas.csm.org.pt\/porto-este\/\"},{\"@type\":\"ListItem\",\"position\":2,\"name\":\"A Comarca\",\"item\":\"https:\/\/comarcas.csm.org.pt\/porto-este\/acomarca\/\"},{\"@type\":\"ListItem\",\"position\":3,\"name\":\"Ju\u00edzos\"}]},{\"@type\":\"WebSite\",\"@id\":\"https:\/\/comarcas.csm.org.pt\/porto-este\/#website\",\"url\":\"https:\/\/comarcas.csm.org.pt\/porto-este\/\",\"name\":\"Tribunal Judicial da Comarca do Porto Este\",\"description\":\"Tribunal Judicial da Comarca do Porto Este\",\"publisher\":{\"@id\":\"https:\/\/comarcas.csm.org.pt\/porto-este\/#organization\"},\"potentialAction\":[{\"@type\":\"SearchAction\",\"target\":{\"@type\":\"EntryPoint\",\"urlTemplate\":\"https:\/\/comarcas.csm.org.pt\/porto-este\/?s={search_term_string}\"},\"query-input\":{\"@type\":\"PropertyValueSpecification\",\"valueRequired\":true,\"valueName\":\"search_term_string\"}}],\"inLanguage\":\"pt-PT\"},{\"@type\":\"Organization\",\"@id\":\"https:\/\/comarcas.csm.org.pt\/porto-este\/#organization\",\"name\":\"Tribunal Judicial da Comarca do Porto Este\",\"url\":\"https:\/\/comarcas.csm.org.pt\/porto-este\/\",\"logo\":{\"@type\":\"ImageObject\",\"inLanguage\":\"pt-PT\",\"@id\":\"https:\/\/comarcas.csm.org.pt\/porto-este\/#\/schema\/logo\/image\/\",\"url\":\"https:\/\/comarcas.csm.org.pt\/porto-este\/wp-content\/uploads\/sites\/23\/2024\/11\/Porto-E_positivo-horizontal.png\",\"contentUrl\":\"https:\/\/comarcas.csm.org.pt\/porto-este\/wp-content\/uploads\/sites\/23\/2024\/11\/Porto-E_positivo-horizontal.png\",\"width\":5255,\"height\":890,\"caption\":\"Tribunal Judicial da Comarca do Porto Este\"},\"image\":{\"@id\":\"https:\/\/comarcas.csm.org.pt\/porto-este\/#\/schema\/logo\/image\/\"}}]}<\/script>\n<!-- \/ Yoast SEO plugin. -->","yoast_head_json":{"title":"Ju\u00edzos - Tribunal Judicial da Comarca do Porto Este","robots":{"index":"index","follow":"follow","max-snippet":"max-snippet:-1","max-image-preview":"max-image-preview:large","max-video-preview":"max-video-preview:-1"},"canonical":"https:\/\/comarcas.csm.org.pt\/porto-este\/acomarca\/juizos\/","og_locale":"pt_PT","og_type":"article","og_title":"Ju\u00edzos - Tribunal Judicial da Comarca do Porto Este","og_description":"Penafiel AMARANTE BAI\u00c3O FELGUEIRAS LOUSADA MARCO DE CANAVESES PA\u00c7OS DE FERREIRA PAREDES","og_url":"https:\/\/comarcas.csm.org.pt\/porto-este\/acomarca\/juizos\/","og_site_name":"Tribunal Judicial da Comarca do Porto Este","article_modified_time":"2025-06-24T07:46:55+00:00","twitter_card":"summary_large_image","twitter_misc":{"Tempo estimado de leitura":"1 minuto"},"schema":{"@context":"https:\/\/schema.org","@graph":[{"@type":"WebPage","@id":"https:\/\/comarcas.csm.org.pt\/porto-este\/acomarca\/juizos\/","url":"https:\/\/comarcas.csm.org.pt\/porto-este\/acomarca\/juizos\/","name":"Ju\u00edzos - Tribunal Judicial da Comarca do Porto Este","isPartOf":{"@id":"https:\/\/comarcas.csm.org.pt\/porto-este\/#website"},"datePublished":"2024-05-20T12:21:45+00:00","dateModified":"2025-06-24T07:46:55+00:00","breadcrumb":{"@id":"https:\/\/comarcas.csm.org.pt\/porto-este\/acomarca\/juizos\/#breadcrumb"},"inLanguage":"pt-PT","potentialAction":[{"@type":"ReadAction","target":["https:\/\/comarcas.csm.org.pt\/porto-este\/acomarca\/juizos\/"]}]},{"@type":"BreadcrumbList","@id":"https:\/\/comarcas.csm.org.pt\/porto-este\/acomarca\/juizos\/#breadcrumb","itemListElement":[{"@type":"ListItem","position":1,"name":"In\u00edcio","item":"https:\/\/comarcas.csm.org.pt\/porto-este\/"},{"@type":"ListItem","position":2,"name":"A Comarca","item":"https:\/\/comarcas.csm.org.pt\/porto-este\/acomarca\/"},{"@type":"ListItem","position":3,"name":"Ju\u00edzos"}]},{"@type":"WebSite","@id":"https:\/\/comarcas.csm.org.pt\/porto-este\/#website","url":"https:\/\/comarcas.csm.org.pt\/porto-este\/","name":"Tribunal Judicial da Comarca do Porto Este","description":"Tribunal Judicial da Comarca do Porto Este","publisher":{"@id":"https:\/\/comarcas.csm.org.pt\/porto-este\/#organization"},"potentialAction":[{"@type":"SearchAction","target":{"@type":"EntryPoint","urlTemplate":"https:\/\/comarcas.csm.org.pt\/porto-este\/?s={search_term_string}"},"query-input":{"@type":"PropertyValueSpecification","valueRequired":true,"valueName":"search_term_string"}}],"inLanguage":"pt-PT"},{"@type":"Organization","@id":"https:\/\/comarcas.csm.org.pt\/porto-este\/#organization","name":"Tribunal Judicial da Comarca do Porto Este","url":"https:\/\/comarcas.csm.org.pt\/porto-este\/","logo":{"@type":"ImageObject","inLanguage":"pt-PT","@id":"https:\/\/comarcas.csm.org.pt\/porto-este\/#\/schema\/logo\/image\/","url":"https:\/\/comarcas.csm.org.pt\/porto-este\/wp-content\/uploads\/sites\/23\/2024\/11\/Porto-E_positivo-horizontal.png","contentUrl":"https:\/\/comarcas.csm.org.pt\/porto-este\/wp-content\/uploads\/sites\/23\/2024\/11\/Porto-E_positivo-horizontal.png","width":5255,"height":890,"caption":"Tribunal Judicial da Comarca do Porto Este"},"image":{"@id":"https:\/\/comarcas.csm.org.pt\/porto-este\/#\/schema\/logo\/image\/"}}]}},"_links":{"self":[{"href":"https:\/\/comarcas.csm.org.pt\/porto-este\/wp-json\/wp\/v2\/pages\/11069","targetHints":{"allow":["GET"]}}],"collection":[{"href":"https:\/\/comarcas.csm.org.pt\/porto-este\/wp-json\/wp\/v2\/pages"}],"about":[{"href":"https:\/\/comarcas.csm.org.pt\/porto-este\/wp-json\/wp\/v2\/types\/page"}],"author":[{"embeddable":true,"href":"https:\/\/comarcas.csm.org.pt\/porto-este\/wp-json\/wp\/v2\/users\/1"}],"replies":[{"embeddable":true,"href":"https:\/\/comarcas.csm.org.pt\/porto-este\/wp-json\/wp\/v2\/comments?post=11069"}],"version-history":[{"count":162,"href":"https:\/\/comarcas.csm.org.pt\/porto-este\/wp-json\/wp\/v2\/pages\/11069\/revisions"}],"predecessor-version":[{"id":12609,"href":"https:\/\/comarcas.csm.org.pt\/porto-este\/wp-json\/wp\/v2\/pages\/11069\/revisions\/12609"}],"up":[{"embeddable":true,"href":"https:\/\/comarcas.csm.org.pt\/porto-este\/wp-json\/wp\/v2\/pages\/2242"}],"wp:attachment":[{"href":"https:\/\/comarcas.csm.org.pt\/porto-este\/wp-json\/wp\/v2\/media?parent=11069"}],"curies":[{"name":"wp","href":"https:\/\/api.w.org\/{rel}","templated":true}]}}