{"id":11281,"date":"2024-05-21T09:25:59","date_gmt":"2024-05-21T09:25:59","guid":{"rendered":"https:\/\/aveiro.vvr.pt\/?page_id=11281"},"modified":"2025-06-06T09:33:04","modified_gmt":"2025-06-06T09:33:04","slug":"organograma","status":"publish","type":"page","link":"https:\/\/comarcas.csm.org.pt\/porto-este\/acomarca\/organograma\/","title":{"rendered":"Organograma"},"content":{"rendered":"\t\t<div data-elementor-type=\"wp-page\" data-elementor-id=\"11281\" class=\"elementor elementor-11281\" data-elementor-post-type=\"page\">\n\t\t\t\t<div class=\"elementor-element elementor-element-31cb28a e-flex e-con-boxed e-con e-parent\" data-id=\"31cb28a\" data-element_type=\"container\">\n\t\t\t\t\t<div class=\"e-con-inner\">\n\t\t<div class=\"elementor-element elementor-element-4b6e899 e-con-full e-flex e-con e-child\" data-id=\"4b6e899\" data-element_type=\"container\">\n\t\t\t\t<div class=\"elementor-element elementor-element-15b2ab7 elementor-position-top elementor-widget elementor-widget-image-box\" data-id=\"15b2ab7\" data-element_type=\"widget\" data-widget_type=\"image-box.default\">\n\t\t\t\t<div class=\"elementor-widget-container\">\n\t\t\t\t\t<div class=\"elementor-image-box-wrapper\"><figure class=\"elementor-image-box-img\"><img fetchpriority=\"high\" decoding=\"async\" width=\"295\" height=\"295\" src=\"https:\/\/comarcas.csm.org.pt\/porto-este\/wp-content\/uploads\/sites\/23\/2025\/04\/JP-PORTO-ESTE1.jpg\" class=\"attachment-medium size-medium wp-image-12172\" alt=\"\" srcset=\"https:\/\/comarcas.csm.org.pt\/porto-este\/wp-content\/uploads\/sites\/23\/2025\/04\/JP-PORTO-ESTE1.jpg 295w, https:\/\/comarcas.csm.org.pt\/porto-este\/wp-content\/uploads\/sites\/23\/2025\/04\/JP-PORTO-ESTE1-150x150.jpg 150w\" sizes=\"(max-width: 295px) 100vw, 295px\" \/><\/figure><div class=\"elementor-image-box-content\"><h3 class=\"elementor-image-box-title\">Juiz Presidente<\/h3><p class=\"elementor-image-box-description\">Dra. Helena Maria de Castro Almeida Tavares<br>\nJu\u00edza Desembargadora<\/p><\/div><\/div>\t\t\t\t<\/div>\n\t\t\t\t<\/div>\n\t\t\t\t<\/div>\n\t\t<div class=\"elementor-element elementor-element-0ccdd8c e-con-full e-flex e-con e-child\" data-id=\"0ccdd8c\" data-element_type=\"container\">\n\t\t\t\t<div class=\"elementor-element elementor-element-52abddc elementor-position-top elementor-widget elementor-widget-image-box\" data-id=\"52abddc\" data-element_type=\"widget\" data-widget_type=\"image-box.default\">\n\t\t\t\t<div class=\"elementor-widget-container\">\n\t\t\t\t\t<div class=\"elementor-image-box-wrapper\"><figure class=\"elementor-image-box-img\"><img decoding=\"async\" width=\"300\" height=\"300\" src=\"https:\/\/comarcas.csm.org.pt\/porto-este\/wp-content\/uploads\/sites\/23\/2024\/11\/DALL\u00b7E-2024-11-26-23.31.30-A-realistic-illustration-of-a-judge-presiding-over-a-courtroom-seated-at-a-large-wooden-desk-signing-important-legal-documents.-The-judge-is-an-olde-300x300.webp\" class=\"attachment-medium size-medium wp-image-11939\" alt=\"\" srcset=\"https:\/\/comarcas.csm.org.pt\/porto-este\/wp-content\/uploads\/sites\/23\/2024\/11\/DALL\u00b7E-2024-11-26-23.31.30-A-realistic-illustration-of-a-judge-presiding-over-a-courtroom-seated-at-a-large-wooden-desk-signing-important-legal-documents.-The-judge-is-an-olde-300x300.webp 300w, https:\/\/comarcas.csm.org.pt\/porto-este\/wp-content\/uploads\/sites\/23\/2024\/11\/DALL\u00b7E-2024-11-26-23.31.30-A-realistic-illustration-of-a-judge-presiding-over-a-courtroom-seated-at-a-large-wooden-desk-signing-important-legal-documents.-The-judge-is-an-olde-150x150.webp 150w, https:\/\/comarcas.csm.org.pt\/porto-este\/wp-content\/uploads\/sites\/23\/2024\/11\/DALL\u00b7E-2024-11-26-23.31.30-A-realistic-illustration-of-a-judge-presiding-over-a-courtroom-seated-at-a-large-wooden-desk-signing-important-legal-documents.-The-judge-is-an-olde-768x768.webp 768w, https:\/\/comarcas.csm.org.pt\/porto-este\/wp-content\/uploads\/sites\/23\/2024\/11\/DALL\u00b7E-2024-11-26-23.31.30-A-realistic-illustration-of-a-judge-presiding-over-a-courtroom-seated-at-a-large-wooden-desk-signing-important-legal-documents.-The-judge-is-an-olde.webp 1024w\" sizes=\"(max-width: 300px) 100vw, 300px\" \/><\/figure><div class=\"elementor-image-box-content\"><h3 class=\"elementor-image-box-title\">Magistrado do M\u00ba P\u00ba Coordenador<\/h3><p class=\"elementor-image-box-description\">Dr. Carlos Jos\u00e9 do Nascimento Teixeira<br>Procurador-Geral Adjunto<\/p><\/div><\/div>\t\t\t\t<\/div>\n\t\t\t\t<\/div>\n\t\t\t\t<\/div>\n\t\t<div class=\"elementor-element elementor-element-ac031e3 e-con-full e-flex e-con e-child\" data-id=\"ac031e3\" data-element_type=\"container\">\n\t\t\t\t<div class=\"elementor-element elementor-element-3563601 elementor-position-top elementor-widget elementor-widget-image-box\" data-id=\"3563601\" data-element_type=\"widget\" data-widget_type=\"image-box.default\">\n\t\t\t\t<div class=\"elementor-widget-container\">\n\t\t\t\t\t<div class=\"elementor-image-box-wrapper\"><figure class=\"elementor-image-box-img\"><img decoding=\"async\" width=\"300\" height=\"300\" src=\"https:\/\/comarcas.csm.org.pt\/porto-este\/wp-content\/uploads\/sites\/23\/2024\/11\/DALL\u00b7E-2024-11-26-23.32.08-A-realistic-illustration-of-a-female-judge-presiding-over-a-courtroom-seated-at-a-large-wooden-desk-signing-important-legal-documents.-The-judge-is--300x300.webp\" class=\"attachment-medium size-medium wp-image-11940\" alt=\"\" srcset=\"https:\/\/comarcas.csm.org.pt\/porto-este\/wp-content\/uploads\/sites\/23\/2024\/11\/DALL\u00b7E-2024-11-26-23.32.08-A-realistic-illustration-of-a-female-judge-presiding-over-a-courtroom-seated-at-a-large-wooden-desk-signing-important-legal-documents.-The-judge-is--300x300.webp 300w, https:\/\/comarcas.csm.org.pt\/porto-este\/wp-content\/uploads\/sites\/23\/2024\/11\/DALL\u00b7E-2024-11-26-23.32.08-A-realistic-illustration-of-a-female-judge-presiding-over-a-courtroom-seated-at-a-large-wooden-desk-signing-important-legal-documents.-The-judge-is--150x150.webp 150w, https:\/\/comarcas.csm.org.pt\/porto-este\/wp-content\/uploads\/sites\/23\/2024\/11\/DALL\u00b7E-2024-11-26-23.32.08-A-realistic-illustration-of-a-female-judge-presiding-over-a-courtroom-seated-at-a-large-wooden-desk-signing-important-legal-documents.-The-judge-is--768x768.webp 768w, https:\/\/comarcas.csm.org.pt\/porto-este\/wp-content\/uploads\/sites\/23\/2024\/11\/DALL\u00b7E-2024-11-26-23.32.08-A-realistic-illustration-of-a-female-judge-presiding-over-a-courtroom-seated-at-a-large-wooden-desk-signing-important-legal-documents.-The-judge-is-.webp 1024w\" sizes=\"(max-width: 300px) 100vw, 300px\" \/><\/figure><div class=\"elementor-image-box-content\"><h3 class=\"elementor-image-box-title\">Administradora Judici\u00e1ria<\/h3><p class=\"elementor-image-box-description\">Dra. Maria de F\u00e1tima de Castro Torres<br> Secret\u00e1ria de Justi\u00e7a<\/p><\/div><\/div>\t\t\t\t<\/div>\n\t\t\t\t<\/div>\n\t\t\t\t<\/div>\n\t\t\t\t\t<\/div>\n\t\t\t\t<\/div>\n\t\t\t\t<\/div>\n\t\t","protected":false},"excerpt":{"rendered":"<p>Juiz Presidente Dra. Helena Maria de Castro Almeida Tavares Ju\u00edza Desembargadora Magistrado do M\u00ba P\u00ba Coordenador Dr. Carlos Jos\u00e9 do Nascimento TeixeiraProcurador-Geral Adjunto Administradora Judici\u00e1ria Dra. Maria de F\u00e1tima de Castro Torres Secret\u00e1ria de Justi\u00e7a<\/p>\n","protected":false},"author":1,"featured_media":0,"parent":2242,"menu_order":0,"comment_status":"closed","ping_status":"closed","template":"","meta":{"_tbt_post_transparent":"","_tbt_post_title":"","_tbt_post_layout":"","_tbt_post_sidebar_id":"","_tbt_post_content_style":"","_tbt_post_vertical_padding":"","_tbt_post_feature":"","_tbt_post_feature_position":"","_tbt_post_header":false,"_tbt_post_footer":false},"class_list":["post-11281","page","type-page","status-publish","hentry"],"yoast_head":"<!-- This site is optimized with the Yoast SEO plugin v25.6 - https:\/\/yoast.com\/wordpress\/plugins\/seo\/ -->\n<title>Organograma - Tribunal Judicial da Comarca do Porto Este<\/title>\n<meta name=\"robots\" content=\"index, follow, max-snippet:-1, max-image-preview:large, max-video-preview:-1\" \/>\n<link rel=\"canonical\" href=\"https:\/\/comarcas.csm.org.pt\/porto-este\/acomarca\/organograma\/\" \/>\n<meta property=\"og:locale\" content=\"pt_PT\" \/>\n<meta property=\"og:type\" content=\"article\" \/>\n<meta property=\"og:title\" content=\"Organograma - Tribunal Judicial da Comarca do Porto Este\" \/>\n<meta property=\"og:description\" content=\"Juiz Presidente Dra. Helena Maria de Castro Almeida Tavares Ju\u00edza Desembargadora Magistrado do M\u00ba P\u00ba Coordenador Dr. Carlos Jos\u00e9 do Nascimento TeixeiraProcurador-Geral Adjunto Administradora Judici\u00e1ria Dra. Maria de F\u00e1tima de Castro Torres Secret\u00e1ria de Justi\u00e7a\" \/>\n<meta property=\"og:url\" content=\"https:\/\/comarcas.csm.org.pt\/porto-este\/acomarca\/organograma\/\" \/>\n<meta property=\"og:site_name\" content=\"Tribunal Judicial da Comarca do Porto Este\" \/>\n<meta property=\"article:modified_time\" content=\"2025-06-06T09:33:04+00:00\" \/>\n<meta property=\"og:image\" content=\"https:\/\/comarcas.csm.org.pt\/porto-este\/wp-content\/uploads\/sites\/23\/2025\/04\/JP-PORTO-ESTE1.jpg\" \/>\n\t<meta property=\"og:image:width\" content=\"295\" \/>\n\t<meta property=\"og:image:height\" content=\"295\" \/>\n\t<meta property=\"og:image:type\" content=\"image\/jpeg\" \/>\n<meta name=\"twitter:card\" content=\"summary_large_image\" \/>\n<meta name=\"twitter:label1\" content=\"Tempo estimado de leitura\" \/>\n\t<meta name=\"twitter:data1\" content=\"1 minuto\" \/>\n<script type=\"application\/ld+json\" class=\"yoast-schema-graph\">{\"@context\":\"https:\/\/schema.org\",\"@graph\":[{\"@type\":\"WebPage\",\"@id\":\"https:\/\/comarcas.csm.org.pt\/porto-este\/acomarca\/organograma\/\",\"url\":\"https:\/\/comarcas.csm.org.pt\/porto-este\/acomarca\/organograma\/\",\"name\":\"Organograma - Tribunal Judicial da Comarca do Porto Este\",\"isPartOf\":{\"@id\":\"https:\/\/comarcas.csm.org.pt\/porto-este\/#website\"},\"primaryImageOfPage\":{\"@id\":\"https:\/\/comarcas.csm.org.pt\/porto-este\/acomarca\/organograma\/#primaryimage\"},\"image\":{\"@id\":\"https:\/\/comarcas.csm.org.pt\/porto-este\/acomarca\/organograma\/#primaryimage\"},\"thumbnailUrl\":\"https:\/\/comarcas.csm.org.pt\/porto-este\/wp-content\/uploads\/sites\/23\/2025\/04\/JP-PORTO-ESTE1.jpg\",\"datePublished\":\"2024-05-21T09:25:59+00:00\",\"dateModified\":\"2025-06-06T09:33:04+00:00\",\"breadcrumb\":{\"@id\":\"https:\/\/comarcas.csm.org.pt\/porto-este\/acomarca\/organograma\/#breadcrumb\"},\"inLanguage\":\"pt-PT\",\"potentialAction\":[{\"@type\":\"ReadAction\",\"target\":[\"https:\/\/comarcas.csm.org.pt\/porto-este\/acomarca\/organograma\/\"]}]},{\"@type\":\"ImageObject\",\"inLanguage\":\"pt-PT\",\"@id\":\"https:\/\/comarcas.csm.org.pt\/porto-este\/acomarca\/organograma\/#primaryimage\",\"url\":\"https:\/\/comarcas.csm.org.pt\/porto-este\/wp-content\/uploads\/sites\/23\/2025\/04\/JP-PORTO-ESTE1.jpg\",\"contentUrl\":\"https:\/\/comarcas.csm.org.pt\/porto-este\/wp-content\/uploads\/sites\/23\/2025\/04\/JP-PORTO-ESTE1.jpg\",\"width\":295,\"height\":295},{\"@type\":\"BreadcrumbList\",\"@id\":\"https:\/\/comarcas.csm.org.pt\/porto-este\/acomarca\/organograma\/#breadcrumb\",\"itemListElement\":[{\"@type\":\"ListItem\",\"position\":1,\"name\":\"In\u00edcio\",\"item\":\"https:\/\/comarcas.csm.org.pt\/porto-este\/\"},{\"@type\":\"ListItem\",\"position\":2,\"name\":\"A Comarca\",\"item\":\"https:\/\/comarcas.csm.org.pt\/porto-este\/acomarca\/\"},{\"@type\":\"ListItem\",\"position\":3,\"name\":\"Organograma\"}]},{\"@type\":\"WebSite\",\"@id\":\"https:\/\/comarcas.csm.org.pt\/porto-este\/#website\",\"url\":\"https:\/\/comarcas.csm.org.pt\/porto-este\/\",\"name\":\"Tribunal Judicial da Comarca do Porto Este\",\"description\":\"Tribunal Judicial da Comarca do Porto Este\",\"publisher\":{\"@id\":\"https:\/\/comarcas.csm.org.pt\/porto-este\/#organization\"},\"potentialAction\":[{\"@type\":\"SearchAction\",\"target\":{\"@type\":\"EntryPoint\",\"urlTemplate\":\"https:\/\/comarcas.csm.org.pt\/porto-este\/?s={search_term_string}\"},\"query-input\":{\"@type\":\"PropertyValueSpecification\",\"valueRequired\":true,\"valueName\":\"search_term_string\"}}],\"inLanguage\":\"pt-PT\"},{\"@type\":\"Organization\",\"@id\":\"https:\/\/comarcas.csm.org.pt\/porto-este\/#organization\",\"name\":\"Tribunal Judicial da Comarca do Porto Este\",\"url\":\"https:\/\/comarcas.csm.org.pt\/porto-este\/\",\"logo\":{\"@type\":\"ImageObject\",\"inLanguage\":\"pt-PT\",\"@id\":\"https:\/\/comarcas.csm.org.pt\/porto-este\/#\/schema\/logo\/image\/\",\"url\":\"https:\/\/comarcas.csm.org.pt\/porto-este\/wp-content\/uploads\/sites\/23\/2024\/11\/Porto-E_positivo-horizontal.png\",\"contentUrl\":\"https:\/\/comarcas.csm.org.pt\/porto-este\/wp-content\/uploads\/sites\/23\/2024\/11\/Porto-E_positivo-horizontal.png\",\"width\":5255,\"height\":890,\"caption\":\"Tribunal Judicial da Comarca do Porto Este\"},\"image\":{\"@id\":\"https:\/\/comarcas.csm.org.pt\/porto-este\/#\/schema\/logo\/image\/\"}}]}<\/script>\n<!-- \/ Yoast SEO plugin. -->","yoast_head_json":{"title":"Organograma - Tribunal Judicial da Comarca do Porto Este","robots":{"index":"index","follow":"follow","max-snippet":"max-snippet:-1","max-image-preview":"max-image-preview:large","max-video-preview":"max-video-preview:-1"},"canonical":"https:\/\/comarcas.csm.org.pt\/porto-este\/acomarca\/organograma\/","og_locale":"pt_PT","og_type":"article","og_title":"Organograma - Tribunal Judicial da Comarca do Porto Este","og_description":"Juiz Presidente Dra. Helena Maria de Castro Almeida Tavares Ju\u00edza Desembargadora Magistrado do M\u00ba P\u00ba Coordenador Dr. Carlos Jos\u00e9 do Nascimento TeixeiraProcurador-Geral Adjunto Administradora Judici\u00e1ria Dra. Maria de F\u00e1tima de Castro Torres Secret\u00e1ria de Justi\u00e7a","og_url":"https:\/\/comarcas.csm.org.pt\/porto-este\/acomarca\/organograma\/","og_site_name":"Tribunal Judicial da Comarca do Porto Este","article_modified_time":"2025-06-06T09:33:04+00:00","og_image":[{"width":295,"height":295,"url":"https:\/\/comarcas.csm.org.pt\/porto-este\/wp-content\/uploads\/sites\/23\/2025\/04\/JP-PORTO-ESTE1.jpg","type":"image\/jpeg"}],"twitter_card":"summary_large_image","twitter_misc":{"Tempo estimado de leitura":"1 minuto"},"schema":{"@context":"https:\/\/schema.org","@graph":[{"@type":"WebPage","@id":"https:\/\/comarcas.csm.org.pt\/porto-este\/acomarca\/organograma\/","url":"https:\/\/comarcas.csm.org.pt\/porto-este\/acomarca\/organograma\/","name":"Organograma - Tribunal Judicial da Comarca do Porto Este","isPartOf":{"@id":"https:\/\/comarcas.csm.org.pt\/porto-este\/#website"},"primaryImageOfPage":{"@id":"https:\/\/comarcas.csm.org.pt\/porto-este\/acomarca\/organograma\/#primaryimage"},"image":{"@id":"https:\/\/comarcas.csm.org.pt\/porto-este\/acomarca\/organograma\/#primaryimage"},"thumbnailUrl":"https:\/\/comarcas.csm.org.pt\/porto-este\/wp-content\/uploads\/sites\/23\/2025\/04\/JP-PORTO-ESTE1.jpg","datePublished":"2024-05-21T09:25:59+00:00","dateModified":"2025-06-06T09:33:04+00:00","breadcrumb":{"@id":"https:\/\/comarcas.csm.org.pt\/porto-este\/acomarca\/organograma\/#breadcrumb"},"inLanguage":"pt-PT","potentialAction":[{"@type":"ReadAction","target":["https:\/\/comarcas.csm.org.pt\/porto-este\/acomarca\/organograma\/"]}]},{"@type":"ImageObject","inLanguage":"pt-PT","@id":"https:\/\/comarcas.csm.org.pt\/porto-este\/acomarca\/organograma\/#primaryimage","url":"https:\/\/comarcas.csm.org.pt\/porto-este\/wp-content\/uploads\/sites\/23\/2025\/04\/JP-PORTO-ESTE1.jpg","contentUrl":"https:\/\/comarcas.csm.org.pt\/porto-este\/wp-content\/uploads\/sites\/23\/2025\/04\/JP-PORTO-ESTE1.jpg","width":295,"height":295},{"@type":"BreadcrumbList","@id":"https:\/\/comarcas.csm.org.pt\/porto-este\/acomarca\/organograma\/#breadcrumb","itemListElement":[{"@type":"ListItem","position":1,"name":"In\u00edcio","item":"https:\/\/comarcas.csm.org.pt\/porto-este\/"},{"@type":"ListItem","position":2,"name":"A Comarca","item":"https:\/\/comarcas.csm.org.pt\/porto-este\/acomarca\/"},{"@type":"ListItem","position":3,"name":"Organograma"}]},{"@type":"WebSite","@id":"https:\/\/comarcas.csm.org.pt\/porto-este\/#website","url":"https:\/\/comarcas.csm.org.pt\/porto-este\/","name":"Tribunal Judicial da Comarca do Porto Este","description":"Tribunal Judicial da Comarca do Porto Este","publisher":{"@id":"https:\/\/comarcas.csm.org.pt\/porto-este\/#organization"},"potentialAction":[{"@type":"SearchAction","target":{"@type":"EntryPoint","urlTemplate":"https:\/\/comarcas.csm.org.pt\/porto-este\/?s={search_term_string}"},"query-input":{"@type":"PropertyValueSpecification","valueRequired":true,"valueName":"search_term_string"}}],"inLanguage":"pt-PT"},{"@type":"Organization","@id":"https:\/\/comarcas.csm.org.pt\/porto-este\/#organization","name":"Tribunal Judicial da Comarca do Porto Este","url":"https:\/\/comarcas.csm.org.pt\/porto-este\/","logo":{"@type":"ImageObject","inLanguage":"pt-PT","@id":"https:\/\/comarcas.csm.org.pt\/porto-este\/#\/schema\/logo\/image\/","url":"https:\/\/comarcas.csm.org.pt\/porto-este\/wp-content\/uploads\/sites\/23\/2024\/11\/Porto-E_positivo-horizontal.png","contentUrl":"https:\/\/comarcas.csm.org.pt\/porto-este\/wp-content\/uploads\/sites\/23\/2024\/11\/Porto-E_positivo-horizontal.png","width":5255,"height":890,"caption":"Tribunal Judicial da Comarca do Porto Este"},"image":{"@id":"https:\/\/comarcas.csm.org.pt\/porto-este\/#\/schema\/logo\/image\/"}}]}},"_links":{"self":[{"href":"https:\/\/comarcas.csm.org.pt\/porto-este\/wp-json\/wp\/v2\/pages\/11281","targetHints":{"allow":["GET"]}}],"collection":[{"href":"https:\/\/comarcas.csm.org.pt\/porto-este\/wp-json\/wp\/v2\/pages"}],"about":[{"href":"https:\/\/comarcas.csm.org.pt\/porto-este\/wp-json\/wp\/v2\/types\/page"}],"author":[{"embeddable":true,"href":"https:\/\/comarcas.csm.org.pt\/porto-este\/wp-json\/wp\/v2\/users\/1"}],"replies":[{"embeddable":true,"href":"https:\/\/comarcas.csm.org.pt\/porto-este\/wp-json\/wp\/v2\/comments?post=11281"}],"version-history":[{"count":46,"href":"https:\/\/comarcas.csm.org.pt\/porto-este\/wp-json\/wp\/v2\/pages\/11281\/revisions"}],"predecessor-version":[{"id":12577,"href":"https:\/\/comarcas.csm.org.pt\/porto-este\/wp-json\/wp\/v2\/pages\/11281\/revisions\/12577"}],"up":[{"embeddable":true,"href":"https:\/\/comarcas.csm.org.pt\/porto-este\/wp-json\/wp\/v2\/pages\/2242"}],"wp:attachment":[{"href":"https:\/\/comarcas.csm.org.pt\/porto-este\/wp-json\/wp\/v2\/media?parent=11281"}],"curies":[{"name":"wp","href":"https:\/\/api.w.org\/{rel}","templated":true}]}}