{"id":11330,"date":"2024-05-22T09:33:02","date_gmt":"2024-05-22T09:33:02","guid":{"rendered":"https:\/\/aveiro.vvr.pt\/?page_id=11330"},"modified":"2026-03-04T14:14:53","modified_gmt":"2026-03-04T14:14:53","slug":"instrumentos-de-gestao","status":"publish","type":"page","link":"https:\/\/comarcas.csm.org.pt\/porto-este\/instrumentos-de-gestao\/","title":{"rendered":"Instrumentos de Gest\u00e3o"},"content":{"rendered":"\t\t<div data-elementor-type=\"wp-page\" data-elementor-id=\"11330\" class=\"elementor elementor-11330\" data-elementor-post-type=\"page\">\n\t\t\t\t<div class=\"elementor-element elementor-element-c33158e e-flex e-con-boxed e-con e-parent\" data-id=\"c33158e\" data-element_type=\"container\">\n\t\t\t\t\t<div class=\"e-con-inner\">\n\t\t\t\t<div class=\"elementor-element elementor-element-01f6d37 elementor-tabs-view-vertical elementor-widget elementor-widget-tabs\" data-id=\"01f6d37\" data-element_type=\"widget\" data-widget_type=\"tabs.default\">\n\t\t\t\t<div class=\"elementor-widget-container\">\n\t\t\t\t\t\t\t<div class=\"elementor-tabs\">\n\t\t\t<div class=\"elementor-tabs-wrapper\" role=\"tablist\" >\n\t\t\t\t\t\t\t\t\t<div id=\"elementor-tab-title-2051\" class=\"elementor-tab-title elementor-tab-desktop-title\" aria-selected=\"true\" data-tab=\"1\" role=\"tab\" tabindex=\"0\" aria-controls=\"elementor-tab-content-2051\" aria-expanded=\"false\">Relat\u00f3rio Anual da Comarca<\/div>\n\t\t\t\t\t\t\t\t\t<div id=\"elementor-tab-title-2052\" class=\"elementor-tab-title elementor-tab-desktop-title\" aria-selected=\"false\" data-tab=\"2\" role=\"tab\" tabindex=\"-1\" aria-controls=\"elementor-tab-content-2052\" aria-expanded=\"false\">Medidas de Gest\u00e3o \u00bb Turnos<\/div>\n\t\t\t\t\t\t\t\t\t<div id=\"elementor-tab-title-2053\" class=\"elementor-tab-title elementor-tab-desktop-title\" aria-selected=\"false\" data-tab=\"3\" role=\"tab\" tabindex=\"-1\" aria-controls=\"elementor-tab-content-2053\" aria-expanded=\"false\">Regulamentos<\/div>\n\t\t\t\t\t\t\t<\/div>\n\t\t\t<div class=\"elementor-tabs-content-wrapper\" role=\"tablist\" aria-orientation=\"vertical\">\n\t\t\t\t\t\t\t\t\t<div class=\"elementor-tab-title elementor-tab-mobile-title\" aria-selected=\"true\" data-tab=\"1\" role=\"tab\" tabindex=\"0\" aria-controls=\"elementor-tab-content-2051\" aria-expanded=\"false\">Relat\u00f3rio Anual da Comarca<\/div>\n\t\t\t\t\t<div id=\"elementor-tab-content-2051\" class=\"elementor-tab-content elementor-clearfix\" data-tab=\"1\" role=\"tabpanel\" aria-labelledby=\"elementor-tab-title-2051\" tabindex=\"0\" hidden=\"false\"><h5><strong>Relat\u00f3rios Anuais da Comarca do Porto Este&nbsp;<\/strong><\/h5>\n<div><strong>\u00bb&nbsp;<\/strong><a href=\"https:\/\/comarcas.csm.org.pt\/porto-este\/wp-content\/uploads\/sites\/23\/2026\/03\/2025.pdf\" target=\"_blank\" style=\"letter-spacing: 0.3px\"><b>2025<\/b><\/a><\/div>\n<p>\u00bb&nbsp;<a href=\"https:\/\/comarcas.csm.org.pt\/porto-este\/wp-content\/uploads\/sites\/23\/2025\/04\/2024.pdf\" target=\"_blank\" rel=\"noopener\"><b>2024<\/b><\/a><br>\u00bb&nbsp;<a href=\"https:\/\/comarcas.csm.org.pt\/porto-este\/wp-content\/uploads\/sites\/23\/2025\/04\/2023.pdf\" target=\"_blank\" rel=\"noopener\"><b>2023<\/b><\/a><br>\u00bb&nbsp;<a href=\"https:\/\/comarcas.csm.org.pt\/porto-este\/wp-content\/uploads\/sites\/23\/2025\/04\/2022.pdf\" target=\"_blank\" rel=\"noopener\"><b>2022<\/b><\/a><br>\u00bb&nbsp;<a href=\"https:\/\/comarcas.csm.org.pt\/porto-este\/wp-content\/uploads\/sites\/23\/2025\/04\/2021.pdf\" target=\"_blank\" rel=\"noopener\"><b>2021<\/b><\/a><br>\u00bb&nbsp;<a href=\"https:\/\/comarcas.csm.org.pt\/porto-este\/wp-content\/uploads\/sites\/23\/2025\/04\/2020.pdf\" target=\"_blank\" rel=\"noopener\"><b>2020<\/b><\/a><br>\u00bb&nbsp;<a href=\"https:\/\/comarcas.csm.org.pt\/porto-este\/wp-content\/uploads\/sites\/23\/2025\/04\/2019.pdf\" target=\"_blank\" rel=\"noopener\"><b>2019<\/b><\/a><br>\u00bb&nbsp;<a href=\"https:\/\/comarcas.csm.org.pt\/porto-este\/wp-content\/uploads\/sites\/23\/2025\/04\/2018.pdf\" target=\"_blank\" rel=\"noopener\"><b>2018<\/b><\/a><br>\u00bb&nbsp;<a href=\"https:\/\/comarcas.csm.org.pt\/porto-este\/wp-content\/uploads\/sites\/23\/2025\/04\/2017.pdf\" target=\"_blank\" rel=\"noopener\"><b>2017<\/b><\/a><br>\u00bb&nbsp;<a href=\"https:\/\/comarcas.csm.org.pt\/porto-este\/wp-content\/uploads\/sites\/23\/2025\/04\/2016.pdf\" target=\"_blank\" rel=\"noopener\"><b>2016<\/b><\/a>&nbsp;<i>(01\/09\/2015 a 31\/08\/2016)<\/i><br>\u00bb&nbsp;<a href=\"https:\/\/comarcas.csm.org.pt\/porto-este\/wp-content\/uploads\/sites\/23\/2025\/04\/2015.pdf\"><b>2015<\/b><\/a>&nbsp; <i>(01\/09\/2014 a 31\/08\/2015)<\/i><\/p><\/div>\n\t\t\t\t\t\t\t\t\t<div class=\"elementor-tab-title elementor-tab-mobile-title\" aria-selected=\"false\" data-tab=\"2\" role=\"tab\" tabindex=\"-1\" aria-controls=\"elementor-tab-content-2052\" aria-expanded=\"false\">Medidas de Gest\u00e3o \u00bb Turnos<\/div>\n\t\t\t\t\t<div id=\"elementor-tab-content-2052\" class=\"elementor-tab-content elementor-clearfix\" data-tab=\"2\" role=\"tabpanel\" aria-labelledby=\"elementor-tab-title-2052\" tabindex=\"0\" hidden=\"hidden\"><h5><strong>Turnos<\/strong><\/h5><p>\u00bb <a href=\"https:\/\/comarcas.csm.org.pt\/porto-este\/wp-content\/uploads\/sites\/23\/2025\/11\/MAPA-DISTRIBUICAO-DE-DIAS-DE-TURNO-CRIME-E-CIVEL-NATAL-PASCOA-E-VERAO.pdf\">Ver\u00e3o 2026<\/a><\/p><p>\u00bb\u00a0<a href=\"https:\/\/comarcas.csm.org.pt\/porto-este\/wp-content\/uploads\/sites\/23\/2025\/04\/Mapa-Turnos-Sabados-2024-2025-Web-e-DR.pdf\" target=\"_blank\" rel=\"noopener\">S\u00e1bados\u00a02024\/25<\/a>\u00a0<\/p><p>\u00bb\u00a0<a style=\"letter-spacing: 0.3px\" href=\"https:\/\/comarcas.csm.org.pt\/porto-este\/wp-content\/uploads\/sites\/23\/2025\/10\/Publicacao-WEB.pdf\" target=\"_blank\" rel=\"noopener\">S\u00e1bados 2025\/26\u00a0<\/a><\/p><\/div>\n\t\t\t\t\t\t\t\t\t<div class=\"elementor-tab-title elementor-tab-mobile-title\" aria-selected=\"false\" data-tab=\"3\" role=\"tab\" tabindex=\"-1\" aria-controls=\"elementor-tab-content-2053\" aria-expanded=\"false\">Regulamentos<\/div>\n\t\t\t\t\t<div id=\"elementor-tab-content-2053\" class=\"elementor-tab-content elementor-clearfix\" data-tab=\"3\" role=\"tabpanel\" aria-labelledby=\"elementor-tab-title-2053\" tabindex=\"0\" hidden=\"hidden\"><h5><strong>Regulamentos<\/strong><\/h5><p><span style=\"font-family: var(--global-body-font-family);letter-spacing: 0.3px\">\u00bb\u00a0<\/span><a style=\"letter-spacing: 0.3px\" href=\"https:\/\/comarcas.csm.org.pt\/porto-este\/wp-content\/uploads\/sites\/23\/2025\/10\/Regulamento-da-distribuicao-Lei-56.2025-de-24.06-e-Portaria-350-A.2025.1-de-09.10-Comarca-de-Porto-Este.pdf\" target=\"_blank\" rel=\"noopener\">REGULAMENTO DA DISTRIBUI\u00c7\u00c3O, POR MEIOS ELETR\u00d3NICOS, DOS PROCESSOS NOS TRIBUNAIS JUDICIAIS \u2013 LEI 56\/2025, DE 24 DE JULHO E PORTARIA N\u00ba 350-A\/2025\/1, DE 09 DE OUTUBRO<\/a><\/p><\/div>\n\t\t\t\t\t\t\t<\/div>\n\t\t<\/div>\n\t\t\t\t\t\t<\/div>\n\t\t\t\t<\/div>\n\t\t\t\t\t<\/div>\n\t\t\t\t<\/div>\n\t\t\t\t<\/div>\n\t\t","protected":false},"excerpt":{"rendered":"<p>Relat\u00f3rio Anual da Comarca Medidas de Gest\u00e3o \u00bb Turnos Regulamentos Relat\u00f3rio Anual da Comarca Relat\u00f3rios Anuais da Comarca do Porto Este&nbsp; \u00bb&nbsp;2025 \u00bb&nbsp;2024\u00bb&nbsp;2023\u00bb&nbsp;2022\u00bb&nbsp;2021\u00bb&nbsp;2020\u00bb&nbsp;2019\u00bb&nbsp;2018\u00bb&nbsp;2017\u00bb&nbsp;2016&nbsp;(01\/09\/2015 a 31\/08\/2016)\u00bb&nbsp;2015&nbsp; (01\/09\/2014 a 31\/08\/2015) Medidas de Gest\u00e3o \u00bb Turnos Turnos \u00bb Ver\u00e3o 2026 \u00bb\u00a0S\u00e1bados\u00a02024\/25\u00a0 \u00bb\u00a0S\u00e1bados 2025\/26\u00a0 Regulamentos Regulamentos \u00bb\u00a0REGULAMENTO DA DISTRIBUI\u00c7\u00c3O, POR MEIOS ELETR\u00d3NICOS, DOS PROCESSOS NOS TRIBUNAIS JUDICIAIS \u2013 LEI&#8230;<\/p>\n","protected":false},"author":1,"featured_media":0,"parent":0,"menu_order":0,"comment_status":"closed","ping_status":"closed","template":"","meta":{"_tbt_post_transparent":"","_tbt_post_title":"","_tbt_post_layout":"","_tbt_post_sidebar_id":"","_tbt_post_content_style":"","_tbt_post_vertical_padding":"","_tbt_post_feature":"","_tbt_post_feature_position":"","_tbt_post_header":false,"_tbt_post_footer":false},"class_list":["post-11330","page","type-page","status-publish","hentry"],"yoast_head":"<!-- This site is optimized with the Yoast SEO plugin v25.6 - https:\/\/yoast.com\/wordpress\/plugins\/seo\/ -->\n<title>Instrumentos de Gest\u00e3o - Tribunal Judicial da Comarca do Porto Este<\/title>\n<meta name=\"robots\" content=\"index, follow, max-snippet:-1, max-image-preview:large, max-video-preview:-1\" \/>\n<link rel=\"canonical\" href=\"https:\/\/comarcas.csm.org.pt\/porto-este\/instrumentos-de-gestao\/\" \/>\n<meta property=\"og:locale\" content=\"pt_PT\" \/>\n<meta property=\"og:type\" content=\"article\" \/>\n<meta property=\"og:title\" content=\"Instrumentos de Gest\u00e3o - Tribunal Judicial da Comarca do Porto Este\" \/>\n<meta property=\"og:description\" content=\"Relat\u00f3rio Anual da Comarca Medidas de Gest\u00e3o \u00bb Turnos Regulamentos Relat\u00f3rio Anual da Comarca Relat\u00f3rios Anuais da Comarca do Porto Este&nbsp; \u00bb&nbsp;2025 \u00bb&nbsp;2024\u00bb&nbsp;2023\u00bb&nbsp;2022\u00bb&nbsp;2021\u00bb&nbsp;2020\u00bb&nbsp;2019\u00bb&nbsp;2018\u00bb&nbsp;2017\u00bb&nbsp;2016&nbsp;(01\/09\/2015 a 31\/08\/2016)\u00bb&nbsp;2015&nbsp; (01\/09\/2014 a 31\/08\/2015) Medidas de Gest\u00e3o \u00bb Turnos Turnos \u00bb Ver\u00e3o 2026 \u00bb\u00a0S\u00e1bados\u00a02024\/25\u00a0 \u00bb\u00a0S\u00e1bados 2025\/26\u00a0 Regulamentos Regulamentos \u00bb\u00a0REGULAMENTO DA DISTRIBUI\u00c7\u00c3O, POR MEIOS ELETR\u00d3NICOS, DOS PROCESSOS NOS TRIBUNAIS JUDICIAIS \u2013 LEI...\" \/>\n<meta property=\"og:url\" content=\"https:\/\/comarcas.csm.org.pt\/porto-este\/instrumentos-de-gestao\/\" \/>\n<meta property=\"og:site_name\" content=\"Tribunal Judicial da Comarca do Porto Este\" \/>\n<meta property=\"article:modified_time\" content=\"2026-03-04T14:14:53+00:00\" \/>\n<meta name=\"twitter:card\" content=\"summary_large_image\" \/>\n<meta name=\"twitter:label1\" content=\"Tempo estimado de leitura\" \/>\n\t<meta name=\"twitter:data1\" content=\"1 minuto\" \/>\n<script type=\"application\/ld+json\" class=\"yoast-schema-graph\">{\"@context\":\"https:\/\/schema.org\",\"@graph\":[{\"@type\":\"WebPage\",\"@id\":\"https:\/\/comarcas.csm.org.pt\/porto-este\/instrumentos-de-gestao\/\",\"url\":\"https:\/\/comarcas.csm.org.pt\/porto-este\/instrumentos-de-gestao\/\",\"name\":\"Instrumentos de Gest\u00e3o - Tribunal Judicial da Comarca do Porto Este\",\"isPartOf\":{\"@id\":\"https:\/\/comarcas.csm.org.pt\/porto-este\/#website\"},\"datePublished\":\"2024-05-22T09:33:02+00:00\",\"dateModified\":\"2026-03-04T14:14:53+00:00\",\"breadcrumb\":{\"@id\":\"https:\/\/comarcas.csm.org.pt\/porto-este\/instrumentos-de-gestao\/#breadcrumb\"},\"inLanguage\":\"pt-PT\",\"potentialAction\":[{\"@type\":\"ReadAction\",\"target\":[\"https:\/\/comarcas.csm.org.pt\/porto-este\/instrumentos-de-gestao\/\"]}]},{\"@type\":\"BreadcrumbList\",\"@id\":\"https:\/\/comarcas.csm.org.pt\/porto-este\/instrumentos-de-gestao\/#breadcrumb\",\"itemListElement\":[{\"@type\":\"ListItem\",\"position\":1,\"name\":\"In\u00edcio\",\"item\":\"https:\/\/comarcas.csm.org.pt\/porto-este\/\"},{\"@type\":\"ListItem\",\"position\":2,\"name\":\"Instrumentos de Gest\u00e3o\"}]},{\"@type\":\"WebSite\",\"@id\":\"https:\/\/comarcas.csm.org.pt\/porto-este\/#website\",\"url\":\"https:\/\/comarcas.csm.org.pt\/porto-este\/\",\"name\":\"Tribunal Judicial da Comarca do Porto Este\",\"description\":\"Tribunal Judicial da Comarca do Porto Este\",\"publisher\":{\"@id\":\"https:\/\/comarcas.csm.org.pt\/porto-este\/#organization\"},\"potentialAction\":[{\"@type\":\"SearchAction\",\"target\":{\"@type\":\"EntryPoint\",\"urlTemplate\":\"https:\/\/comarcas.csm.org.pt\/porto-este\/?s={search_term_string}\"},\"query-input\":{\"@type\":\"PropertyValueSpecification\",\"valueRequired\":true,\"valueName\":\"search_term_string\"}}],\"inLanguage\":\"pt-PT\"},{\"@type\":\"Organization\",\"@id\":\"https:\/\/comarcas.csm.org.pt\/porto-este\/#organization\",\"name\":\"Tribunal Judicial da Comarca do Porto Este\",\"url\":\"https:\/\/comarcas.csm.org.pt\/porto-este\/\",\"logo\":{\"@type\":\"ImageObject\",\"inLanguage\":\"pt-PT\",\"@id\":\"https:\/\/comarcas.csm.org.pt\/porto-este\/#\/schema\/logo\/image\/\",\"url\":\"https:\/\/comarcas.csm.org.pt\/porto-este\/wp-content\/uploads\/sites\/23\/2024\/11\/Porto-E_positivo-horizontal.png\",\"contentUrl\":\"https:\/\/comarcas.csm.org.pt\/porto-este\/wp-content\/uploads\/sites\/23\/2024\/11\/Porto-E_positivo-horizontal.png\",\"width\":5255,\"height\":890,\"caption\":\"Tribunal Judicial da Comarca do Porto Este\"},\"image\":{\"@id\":\"https:\/\/comarcas.csm.org.pt\/porto-este\/#\/schema\/logo\/image\/\"}}]}<\/script>\n<!-- \/ Yoast SEO plugin. -->","yoast_head_json":{"title":"Instrumentos de Gest\u00e3o - Tribunal Judicial da Comarca do Porto Este","robots":{"index":"index","follow":"follow","max-snippet":"max-snippet:-1","max-image-preview":"max-image-preview:large","max-video-preview":"max-video-preview:-1"},"canonical":"https:\/\/comarcas.csm.org.pt\/porto-este\/instrumentos-de-gestao\/","og_locale":"pt_PT","og_type":"article","og_title":"Instrumentos de Gest\u00e3o - Tribunal Judicial da Comarca do Porto Este","og_description":"Relat\u00f3rio Anual da Comarca Medidas de Gest\u00e3o \u00bb Turnos Regulamentos Relat\u00f3rio Anual da Comarca Relat\u00f3rios Anuais da Comarca do Porto Este&nbsp; \u00bb&nbsp;2025 \u00bb&nbsp;2024\u00bb&nbsp;2023\u00bb&nbsp;2022\u00bb&nbsp;2021\u00bb&nbsp;2020\u00bb&nbsp;2019\u00bb&nbsp;2018\u00bb&nbsp;2017\u00bb&nbsp;2016&nbsp;(01\/09\/2015 a 31\/08\/2016)\u00bb&nbsp;2015&nbsp; (01\/09\/2014 a 31\/08\/2015) Medidas de Gest\u00e3o \u00bb Turnos Turnos \u00bb Ver\u00e3o 2026 \u00bb\u00a0S\u00e1bados\u00a02024\/25\u00a0 \u00bb\u00a0S\u00e1bados 2025\/26\u00a0 Regulamentos Regulamentos \u00bb\u00a0REGULAMENTO DA DISTRIBUI\u00c7\u00c3O, POR MEIOS ELETR\u00d3NICOS, DOS PROCESSOS NOS TRIBUNAIS JUDICIAIS \u2013 LEI...","og_url":"https:\/\/comarcas.csm.org.pt\/porto-este\/instrumentos-de-gestao\/","og_site_name":"Tribunal Judicial da Comarca do Porto Este","article_modified_time":"2026-03-04T14:14:53+00:00","twitter_card":"summary_large_image","twitter_misc":{"Tempo estimado de leitura":"1 minuto"},"schema":{"@context":"https:\/\/schema.org","@graph":[{"@type":"WebPage","@id":"https:\/\/comarcas.csm.org.pt\/porto-este\/instrumentos-de-gestao\/","url":"https:\/\/comarcas.csm.org.pt\/porto-este\/instrumentos-de-gestao\/","name":"Instrumentos de Gest\u00e3o - Tribunal Judicial da Comarca do Porto Este","isPartOf":{"@id":"https:\/\/comarcas.csm.org.pt\/porto-este\/#website"},"datePublished":"2024-05-22T09:33:02+00:00","dateModified":"2026-03-04T14:14:53+00:00","breadcrumb":{"@id":"https:\/\/comarcas.csm.org.pt\/porto-este\/instrumentos-de-gestao\/#breadcrumb"},"inLanguage":"pt-PT","potentialAction":[{"@type":"ReadAction","target":["https:\/\/comarcas.csm.org.pt\/porto-este\/instrumentos-de-gestao\/"]}]},{"@type":"BreadcrumbList","@id":"https:\/\/comarcas.csm.org.pt\/porto-este\/instrumentos-de-gestao\/#breadcrumb","itemListElement":[{"@type":"ListItem","position":1,"name":"In\u00edcio","item":"https:\/\/comarcas.csm.org.pt\/porto-este\/"},{"@type":"ListItem","position":2,"name":"Instrumentos de Gest\u00e3o"}]},{"@type":"WebSite","@id":"https:\/\/comarcas.csm.org.pt\/porto-este\/#website","url":"https:\/\/comarcas.csm.org.pt\/porto-este\/","name":"Tribunal Judicial da Comarca do Porto Este","description":"Tribunal Judicial da Comarca do Porto Este","publisher":{"@id":"https:\/\/comarcas.csm.org.pt\/porto-este\/#organization"},"potentialAction":[{"@type":"SearchAction","target":{"@type":"EntryPoint","urlTemplate":"https:\/\/comarcas.csm.org.pt\/porto-este\/?s={search_term_string}"},"query-input":{"@type":"PropertyValueSpecification","valueRequired":true,"valueName":"search_term_string"}}],"inLanguage":"pt-PT"},{"@type":"Organization","@id":"https:\/\/comarcas.csm.org.pt\/porto-este\/#organization","name":"Tribunal Judicial da Comarca do Porto Este","url":"https:\/\/comarcas.csm.org.pt\/porto-este\/","logo":{"@type":"ImageObject","inLanguage":"pt-PT","@id":"https:\/\/comarcas.csm.org.pt\/porto-este\/#\/schema\/logo\/image\/","url":"https:\/\/comarcas.csm.org.pt\/porto-este\/wp-content\/uploads\/sites\/23\/2024\/11\/Porto-E_positivo-horizontal.png","contentUrl":"https:\/\/comarcas.csm.org.pt\/porto-este\/wp-content\/uploads\/sites\/23\/2024\/11\/Porto-E_positivo-horizontal.png","width":5255,"height":890,"caption":"Tribunal Judicial da Comarca do Porto Este"},"image":{"@id":"https:\/\/comarcas.csm.org.pt\/porto-este\/#\/schema\/logo\/image\/"}}]}},"_links":{"self":[{"href":"https:\/\/comarcas.csm.org.pt\/porto-este\/wp-json\/wp\/v2\/pages\/11330","targetHints":{"allow":["GET"]}}],"collection":[{"href":"https:\/\/comarcas.csm.org.pt\/porto-este\/wp-json\/wp\/v2\/pages"}],"about":[{"href":"https:\/\/comarcas.csm.org.pt\/porto-este\/wp-json\/wp\/v2\/types\/page"}],"author":[{"embeddable":true,"href":"https:\/\/comarcas.csm.org.pt\/porto-este\/wp-json\/wp\/v2\/users\/1"}],"replies":[{"embeddable":true,"href":"https:\/\/comarcas.csm.org.pt\/porto-este\/wp-json\/wp\/v2\/comments?post=11330"}],"version-history":[{"count":77,"href":"https:\/\/comarcas.csm.org.pt\/porto-este\/wp-json\/wp\/v2\/pages\/11330\/revisions"}],"predecessor-version":[{"id":12857,"href":"https:\/\/comarcas.csm.org.pt\/porto-este\/wp-json\/wp\/v2\/pages\/11330\/revisions\/12857"}],"wp:attachment":[{"href":"https:\/\/comarcas.csm.org.pt\/porto-este\/wp-json\/wp\/v2\/media?parent=11330"}],"curies":[{"name":"wp","href":"https:\/\/api.w.org\/{rel}","templated":true}]}}