{"id":11467,"date":"2024-06-30T21:19:48","date_gmt":"2024-06-30T21:19:48","guid":{"rendered":"https:\/\/aveiro.vvr.pt\/?page_id=11467"},"modified":"2025-05-29T10:42:01","modified_gmt":"2025-05-29T10:42:01","slug":"mensagem-do-presidente","status":"publish","type":"page","link":"https:\/\/comarcas.csm.org.pt\/porto-este\/acomarca\/mensagem-do-presidente\/","title":{"rendered":"Mensagem do presidente"},"content":{"rendered":"\t\t<div data-elementor-type=\"wp-page\" data-elementor-id=\"11467\" class=\"elementor elementor-11467\" data-elementor-post-type=\"page\">\n\t\t\t\t<div class=\"elementor-element elementor-element-f0b8c02 e-flex e-con-boxed e-con e-parent\" data-id=\"f0b8c02\" data-element_type=\"container\">\n\t\t\t\t\t<div class=\"e-con-inner\">\n\t\t<div class=\"elementor-element elementor-element-ed5f838 e-con-full e-flex e-con e-child\" data-id=\"ed5f838\" data-element_type=\"container\">\n\t\t\t\t<\/div>\n\t\t<div class=\"elementor-element elementor-element-fd6e0dc e-con-full e-flex e-con e-child\" data-id=\"fd6e0dc\" data-element_type=\"container\">\n\t\t\t\t<div class=\"elementor-element elementor-element-9ea1d40 elementor-widget elementor-widget-heading\" data-id=\"9ea1d40\" data-element_type=\"widget\" data-widget_type=\"heading.default\">\n\t\t\t\t<div class=\"elementor-widget-container\">\n\t\t\t\t\t<h2 class=\"elementor-heading-title elementor-size-default\">Mensagem da Juiz Presidente do Tribunal Judicial da Comarca<\/h2>\t\t\t\t<\/div>\n\t\t\t\t<\/div>\n\t\t\t\t<div class=\"elementor-element elementor-element-495703b elementor-widget elementor-widget-text-editor\" data-id=\"495703b\" data-element_type=\"widget\" data-widget_type=\"text-editor.default\">\n\t\t\t\t<div class=\"elementor-widget-container\">\n\t\t\t\t\t\t\t\t\t<p>Bem-Vindo a esta P\u00e1gina institucional do TRIBUNAL JUDICIAL DA COMARCA DO PORTO ESTE!<\/p><p>Inici\u00e1mos, em janeiro de 2021, uma nova Presid\u00eancia deste Tribunal Judicial.<br \/>Decorridos mais de seis anos sobre a cria\u00e7\u00e3o deste Tribunal, operada pela Lei de Organiza\u00e7\u00e3o do Sistema Judici\u00e1rio (Lei 62\/2013, de 26 de agosto) e na senda do louv\u00e1vel trabalho desenvolvido pela anterior Senhora Ju\u00edza Presidente, Dra. Armanda Gon\u00e7alves, a quem deixamos a nossa sincera homenagem, cabe-nos agora, nestes tempos desafiantes, motivados pelas conting\u00eancias que a Pandemia Covid-19 nos imp\u00f4s, a honrada tarefa de dar continuidade ao mesmo.<br \/>Como \u00d3rg\u00e3o de Soberania, \u00e9 incumb\u00eancia deste Tribunal administrar a justi\u00e7a em nome do povo prestando aos cidad\u00e3os um servi\u00e7o p\u00fablico eficaz e produtivo, melhorando-o continuamente. \u00c9 tamb\u00e9m nossa pretens\u00e3o dignificar e valorizar profissionalmente os magistrados e funcion\u00e1rios que, nas suas v\u00e1rias val\u00eancias, desempenham fun\u00e7\u00f5es.<br \/>Nesse sentido, valores como a transpar\u00eancia do sistema judicial e da proximidade com o cidad\u00e3o continuar\u00e3o a ser a nossa miss\u00e3o e a estar nas nossas prioridades.<br \/>Nesta p\u00e1gina, al\u00e9m das informa\u00e7\u00f5es \u00fateis sobre a organiza\u00e7\u00e3o\/composi\u00e7\u00e3o da Comarca e seus servi\u00e7os poder\u00e1, tamb\u00e9m, acompanhar a atividade desenvolvida pela mesma e o seu relacionamento com outras institui\u00e7\u00f5es. Ao mesmo tempo, aproveitamos este espa\u00e7o para partilhar publicamente a nossa vis\u00e3o sobre os objetivos a que nos propomos e, bem assim, o seu grau de cumprimento expressos atrav\u00e9s da publica\u00e7\u00e3o dos Relat\u00f3rios semestrais e anuais de gest\u00e3o.<br \/>\u00c9 nosso intuito mant\u00ea-la o mais atualizada poss\u00edvel pretendendo refor\u00e7ar a confian\u00e7a da comunidade nas suas institui\u00e7\u00f5es, em prol de uma maior aproxima\u00e7\u00e3o dos Cidad\u00e3os \u00e0 Justi\u00e7a.<\/p><p>Penafiel, mar\u00e7o de 2021<br \/>Helena Tavares<\/p>\t\t\t\t\t\t\t\t<\/div>\n\t\t\t\t<\/div>\n\t\t\t\t<\/div>\n\t\t\t\t\t<\/div>\n\t\t\t\t<\/div>\n\t\t\t\t<\/div>\n\t\t","protected":false},"excerpt":{"rendered":"<p>Mensagem da Juiz Presidente do Tribunal Judicial da Comarca Bem-Vindo a esta P\u00e1gina institucional do TRIBUNAL JUDICIAL DA COMARCA DO PORTO ESTE! Inici\u00e1mos, em janeiro de 2021, uma nova Presid\u00eancia deste Tribunal Judicial.Decorridos mais de seis anos sobre a cria\u00e7\u00e3o deste Tribunal, operada pela Lei de Organiza\u00e7\u00e3o do Sistema Judici\u00e1rio (Lei 62\/2013, de 26 de&#8230;<\/p>\n","protected":false},"author":1,"featured_media":0,"parent":2242,"menu_order":0,"comment_status":"closed","ping_status":"closed","template":"","meta":{"_tbt_post_transparent":"","_tbt_post_title":"","_tbt_post_layout":"default","_tbt_post_sidebar_id":"","_tbt_post_content_style":"","_tbt_post_vertical_padding":"","_tbt_post_feature":"","_tbt_post_feature_position":"","_tbt_post_header":false,"_tbt_post_footer":false},"class_list":["post-11467","page","type-page","status-publish","hentry"],"yoast_head":"<!-- This site is optimized with the Yoast SEO plugin v25.6 - https:\/\/yoast.com\/wordpress\/plugins\/seo\/ -->\n<title>Mensagem do presidente - Tribunal Judicial da Comarca do Porto Este<\/title>\n<meta name=\"robots\" content=\"index, follow, max-snippet:-1, max-image-preview:large, max-video-preview:-1\" \/>\n<link rel=\"canonical\" href=\"https:\/\/comarcas.csm.org.pt\/porto-este\/acomarca\/mensagem-do-presidente\/\" \/>\n<meta property=\"og:locale\" content=\"pt_PT\" \/>\n<meta property=\"og:type\" content=\"article\" \/>\n<meta property=\"og:title\" content=\"Mensagem do presidente - Tribunal Judicial da Comarca do Porto Este\" \/>\n<meta property=\"og:description\" content=\"Mensagem da Juiz Presidente do Tribunal Judicial da Comarca Bem-Vindo a esta P\u00e1gina institucional do TRIBUNAL JUDICIAL DA COMARCA DO PORTO ESTE! Inici\u00e1mos, em janeiro de 2021, uma nova Presid\u00eancia deste Tribunal Judicial.Decorridos mais de seis anos sobre a cria\u00e7\u00e3o deste Tribunal, operada pela Lei de Organiza\u00e7\u00e3o do Sistema Judici\u00e1rio (Lei 62\/2013, de 26 de...\" \/>\n<meta property=\"og:url\" content=\"https:\/\/comarcas.csm.org.pt\/porto-este\/acomarca\/mensagem-do-presidente\/\" \/>\n<meta property=\"og:site_name\" content=\"Tribunal Judicial da Comarca do Porto Este\" \/>\n<meta property=\"article:modified_time\" content=\"2025-05-29T10:42:01+00:00\" \/>\n<meta name=\"twitter:card\" content=\"summary_large_image\" \/>\n<meta name=\"twitter:label1\" content=\"Tempo estimado de leitura\" \/>\n\t<meta name=\"twitter:data1\" content=\"2 minutos\" \/>\n<script type=\"application\/ld+json\" class=\"yoast-schema-graph\">{\"@context\":\"https:\/\/schema.org\",\"@graph\":[{\"@type\":\"WebPage\",\"@id\":\"https:\/\/comarcas.csm.org.pt\/porto-este\/acomarca\/mensagem-do-presidente\/\",\"url\":\"https:\/\/comarcas.csm.org.pt\/porto-este\/acomarca\/mensagem-do-presidente\/\",\"name\":\"Mensagem do presidente - Tribunal Judicial da Comarca do Porto Este\",\"isPartOf\":{\"@id\":\"https:\/\/comarcas.csm.org.pt\/porto-este\/#website\"},\"datePublished\":\"2024-06-30T21:19:48+00:00\",\"dateModified\":\"2025-05-29T10:42:01+00:00\",\"breadcrumb\":{\"@id\":\"https:\/\/comarcas.csm.org.pt\/porto-este\/acomarca\/mensagem-do-presidente\/#breadcrumb\"},\"inLanguage\":\"pt-PT\",\"potentialAction\":[{\"@type\":\"ReadAction\",\"target\":[\"https:\/\/comarcas.csm.org.pt\/porto-este\/acomarca\/mensagem-do-presidente\/\"]}]},{\"@type\":\"BreadcrumbList\",\"@id\":\"https:\/\/comarcas.csm.org.pt\/porto-este\/acomarca\/mensagem-do-presidente\/#breadcrumb\",\"itemListElement\":[{\"@type\":\"ListItem\",\"position\":1,\"name\":\"In\u00edcio\",\"item\":\"https:\/\/comarcas.csm.org.pt\/porto-este\/\"},{\"@type\":\"ListItem\",\"position\":2,\"name\":\"A Comarca\",\"item\":\"https:\/\/comarcas.csm.org.pt\/porto-este\/acomarca\/\"},{\"@type\":\"ListItem\",\"position\":3,\"name\":\"Mensagem do presidente\"}]},{\"@type\":\"WebSite\",\"@id\":\"https:\/\/comarcas.csm.org.pt\/porto-este\/#website\",\"url\":\"https:\/\/comarcas.csm.org.pt\/porto-este\/\",\"name\":\"Tribunal Judicial da Comarca do Porto Este\",\"description\":\"Tribunal Judicial da Comarca do Porto Este\",\"publisher\":{\"@id\":\"https:\/\/comarcas.csm.org.pt\/porto-este\/#organization\"},\"potentialAction\":[{\"@type\":\"SearchAction\",\"target\":{\"@type\":\"EntryPoint\",\"urlTemplate\":\"https:\/\/comarcas.csm.org.pt\/porto-este\/?s={search_term_string}\"},\"query-input\":{\"@type\":\"PropertyValueSpecification\",\"valueRequired\":true,\"valueName\":\"search_term_string\"}}],\"inLanguage\":\"pt-PT\"},{\"@type\":\"Organization\",\"@id\":\"https:\/\/comarcas.csm.org.pt\/porto-este\/#organization\",\"name\":\"Tribunal Judicial da Comarca do Porto Este\",\"url\":\"https:\/\/comarcas.csm.org.pt\/porto-este\/\",\"logo\":{\"@type\":\"ImageObject\",\"inLanguage\":\"pt-PT\",\"@id\":\"https:\/\/comarcas.csm.org.pt\/porto-este\/#\/schema\/logo\/image\/\",\"url\":\"https:\/\/comarcas.csm.org.pt\/porto-este\/wp-content\/uploads\/sites\/23\/2024\/11\/Porto-E_positivo-horizontal.png\",\"contentUrl\":\"https:\/\/comarcas.csm.org.pt\/porto-este\/wp-content\/uploads\/sites\/23\/2024\/11\/Porto-E_positivo-horizontal.png\",\"width\":5255,\"height\":890,\"caption\":\"Tribunal Judicial da Comarca do Porto Este\"},\"image\":{\"@id\":\"https:\/\/comarcas.csm.org.pt\/porto-este\/#\/schema\/logo\/image\/\"}}]}<\/script>\n<!-- \/ Yoast SEO plugin. -->","yoast_head_json":{"title":"Mensagem do presidente - Tribunal Judicial da Comarca do Porto Este","robots":{"index":"index","follow":"follow","max-snippet":"max-snippet:-1","max-image-preview":"max-image-preview:large","max-video-preview":"max-video-preview:-1"},"canonical":"https:\/\/comarcas.csm.org.pt\/porto-este\/acomarca\/mensagem-do-presidente\/","og_locale":"pt_PT","og_type":"article","og_title":"Mensagem do presidente - Tribunal Judicial da Comarca do Porto Este","og_description":"Mensagem da Juiz Presidente do Tribunal Judicial da Comarca Bem-Vindo a esta P\u00e1gina institucional do TRIBUNAL JUDICIAL DA COMARCA DO PORTO ESTE! Inici\u00e1mos, em janeiro de 2021, uma nova Presid\u00eancia deste Tribunal Judicial.Decorridos mais de seis anos sobre a cria\u00e7\u00e3o deste Tribunal, operada pela Lei de Organiza\u00e7\u00e3o do Sistema Judici\u00e1rio (Lei 62\/2013, de 26 de...","og_url":"https:\/\/comarcas.csm.org.pt\/porto-este\/acomarca\/mensagem-do-presidente\/","og_site_name":"Tribunal Judicial da Comarca do Porto Este","article_modified_time":"2025-05-29T10:42:01+00:00","twitter_card":"summary_large_image","twitter_misc":{"Tempo estimado de leitura":"2 minutos"},"schema":{"@context":"https:\/\/schema.org","@graph":[{"@type":"WebPage","@id":"https:\/\/comarcas.csm.org.pt\/porto-este\/acomarca\/mensagem-do-presidente\/","url":"https:\/\/comarcas.csm.org.pt\/porto-este\/acomarca\/mensagem-do-presidente\/","name":"Mensagem do presidente - Tribunal Judicial da Comarca do Porto Este","isPartOf":{"@id":"https:\/\/comarcas.csm.org.pt\/porto-este\/#website"},"datePublished":"2024-06-30T21:19:48+00:00","dateModified":"2025-05-29T10:42:01+00:00","breadcrumb":{"@id":"https:\/\/comarcas.csm.org.pt\/porto-este\/acomarca\/mensagem-do-presidente\/#breadcrumb"},"inLanguage":"pt-PT","potentialAction":[{"@type":"ReadAction","target":["https:\/\/comarcas.csm.org.pt\/porto-este\/acomarca\/mensagem-do-presidente\/"]}]},{"@type":"BreadcrumbList","@id":"https:\/\/comarcas.csm.org.pt\/porto-este\/acomarca\/mensagem-do-presidente\/#breadcrumb","itemListElement":[{"@type":"ListItem","position":1,"name":"In\u00edcio","item":"https:\/\/comarcas.csm.org.pt\/porto-este\/"},{"@type":"ListItem","position":2,"name":"A Comarca","item":"https:\/\/comarcas.csm.org.pt\/porto-este\/acomarca\/"},{"@type":"ListItem","position":3,"name":"Mensagem do presidente"}]},{"@type":"WebSite","@id":"https:\/\/comarcas.csm.org.pt\/porto-este\/#website","url":"https:\/\/comarcas.csm.org.pt\/porto-este\/","name":"Tribunal Judicial da Comarca do Porto Este","description":"Tribunal Judicial da Comarca do Porto Este","publisher":{"@id":"https:\/\/comarcas.csm.org.pt\/porto-este\/#organization"},"potentialAction":[{"@type":"SearchAction","target":{"@type":"EntryPoint","urlTemplate":"https:\/\/comarcas.csm.org.pt\/porto-este\/?s={search_term_string}"},"query-input":{"@type":"PropertyValueSpecification","valueRequired":true,"valueName":"search_term_string"}}],"inLanguage":"pt-PT"},{"@type":"Organization","@id":"https:\/\/comarcas.csm.org.pt\/porto-este\/#organization","name":"Tribunal Judicial da Comarca do Porto Este","url":"https:\/\/comarcas.csm.org.pt\/porto-este\/","logo":{"@type":"ImageObject","inLanguage":"pt-PT","@id":"https:\/\/comarcas.csm.org.pt\/porto-este\/#\/schema\/logo\/image\/","url":"https:\/\/comarcas.csm.org.pt\/porto-este\/wp-content\/uploads\/sites\/23\/2024\/11\/Porto-E_positivo-horizontal.png","contentUrl":"https:\/\/comarcas.csm.org.pt\/porto-este\/wp-content\/uploads\/sites\/23\/2024\/11\/Porto-E_positivo-horizontal.png","width":5255,"height":890,"caption":"Tribunal Judicial da Comarca do Porto Este"},"image":{"@id":"https:\/\/comarcas.csm.org.pt\/porto-este\/#\/schema\/logo\/image\/"}}]}},"_links":{"self":[{"href":"https:\/\/comarcas.csm.org.pt\/porto-este\/wp-json\/wp\/v2\/pages\/11467","targetHints":{"allow":["GET"]}}],"collection":[{"href":"https:\/\/comarcas.csm.org.pt\/porto-este\/wp-json\/wp\/v2\/pages"}],"about":[{"href":"https:\/\/comarcas.csm.org.pt\/porto-este\/wp-json\/wp\/v2\/types\/page"}],"author":[{"embeddable":true,"href":"https:\/\/comarcas.csm.org.pt\/porto-este\/wp-json\/wp\/v2\/users\/1"}],"replies":[{"embeddable":true,"href":"https:\/\/comarcas.csm.org.pt\/porto-este\/wp-json\/wp\/v2\/comments?post=11467"}],"version-history":[{"count":56,"href":"https:\/\/comarcas.csm.org.pt\/porto-este\/wp-json\/wp\/v2\/pages\/11467\/revisions"}],"predecessor-version":[{"id":12574,"href":"https:\/\/comarcas.csm.org.pt\/porto-este\/wp-json\/wp\/v2\/pages\/11467\/revisions\/12574"}],"up":[{"embeddable":true,"href":"https:\/\/comarcas.csm.org.pt\/porto-este\/wp-json\/wp\/v2\/pages\/2242"}],"wp:attachment":[{"href":"https:\/\/comarcas.csm.org.pt\/porto-este\/wp-json\/wp\/v2\/media?parent=11467"}],"curies":[{"name":"wp","href":"https:\/\/api.w.org\/{rel}","templated":true}]}}