{"id":11998,"date":"2025-02-28T13:06:34","date_gmt":"2025-02-28T13:06:34","guid":{"rendered":"https:\/\/comarcas.csm.org.pt\/porto-este\/?page_id=11998"},"modified":"2025-04-08T09:16:47","modified_gmt":"2025-04-08T09:16:47","slug":"penafiel","status":"publish","type":"page","link":"https:\/\/comarcas.csm.org.pt\/porto-este\/acomarca\/juizos\/penafiel\/","title":{"rendered":"Penafiel"},"content":{"rendered":"\t\t<div data-elementor-type=\"wp-page\" data-elementor-id=\"11998\" class=\"elementor elementor-11998\" data-elementor-post-type=\"page\">\n\t\t\t\t<div class=\"elementor-element elementor-element-33df959 e-flex e-con-boxed e-con e-parent\" data-id=\"33df959\" data-element_type=\"container\">\n\t\t\t\t\t<div class=\"e-con-inner\">\n\t\t\t\t<div class=\"elementor-element elementor-element-e01fbbb elementor-widget elementor-widget-heading\" data-id=\"e01fbbb\" data-element_type=\"widget\" data-widget_type=\"heading.default\">\n\t\t\t\t<div class=\"elementor-widget-container\">\n\t\t\t\t\t<h2 class=\"elementor-heading-title elementor-size-default\">N\u00facleo de Penafiel (sede da Comarca)<\/h2>\t\t\t\t<\/div>\n\t\t\t\t<\/div>\n\t\t\t\t\t<\/div>\n\t\t\t\t<\/div>\n\t\t<div class=\"elementor-element elementor-element-887495e e-flex e-con-boxed e-con e-parent\" data-id=\"887495e\" data-element_type=\"container\">\n\t\t\t\t\t<div class=\"e-con-inner\">\n\t\t<div class=\"elementor-element elementor-element-a5063a9 e-con-full e-flex e-con e-child\" data-id=\"a5063a9\" data-element_type=\"container\">\n\t\t\t\t<div class=\"elementor-element elementor-element-9f75bc5 elementor-view-framed elementor-shape-square elementor-position-left elementor-mobile-position-top elementor-vertical-align-top elementor-widget elementor-widget-icon-box\" data-id=\"9f75bc5\" data-element_type=\"widget\" data-widget_type=\"icon-box.default\">\n\t\t\t\t<div class=\"elementor-widget-container\">\n\t\t\t\t\t\t\t<div class=\"elementor-icon-box-wrapper\">\n\n\t\t\t\t\t\t<div class=\"elementor-icon-box-icon\">\n\t\t\t\t<span  class=\"elementor-icon\">\n\t\t\t\t<svg aria-hidden=\"true\" class=\"e-font-icon-svg e-fas-location-arrow\" viewBox=\"0 0 512 512\" xmlns=\"http:\/\/www.w3.org\/2000\/svg\"><path d=\"M444.52 3.52L28.74 195.42c-47.97 22.39-31.98 92.75 19.19 92.75h175.91v175.91c0 51.17 70.36 67.17 92.75 19.19l191.9-415.78c15.99-38.39-25.59-79.97-63.97-63.97z\"><\/path><\/svg>\t\t\t\t<\/span>\n\t\t\t<\/div>\n\t\t\t\n\t\t\t\t\t\t<div class=\"elementor-icon-box-content\">\n\n\t\t\t\t\t\t\t\t\t<h5 class=\"elementor-icon-box-title\">\n\t\t\t\t\t\t<span  >\n\t\t\t\t\t\t\tMorada:\t\t\t\t\t\t<\/span>\n\t\t\t\t\t<\/h5>\n\t\t\t\t\n\t\t\t\t\t\t\t\t\t<p class=\"elementor-icon-box-description\">\n\t\t\t\t\t\tPal\u00e1cio da Justi\u00e7a\nAv\u00aa Egas Moniz\n4564-001 Penafiel\t\t\t\t\t<\/p>\n\t\t\t\t\n\t\t\t<\/div>\n\t\t\t\n\t\t<\/div>\n\t\t\t\t\t\t<\/div>\n\t\t\t\t<\/div>\n\t\t\t\t<\/div>\n\t\t<div class=\"elementor-element elementor-element-6c1f7a8 e-con-full e-flex e-con e-child\" data-id=\"6c1f7a8\" data-element_type=\"container\">\n\t\t\t\t<div class=\"elementor-element elementor-element-b0cf987 elementor-view-framed elementor-shape-square elementor-position-left elementor-mobile-position-top elementor-vertical-align-top elementor-widget elementor-widget-icon-box\" data-id=\"b0cf987\" data-element_type=\"widget\" data-widget_type=\"icon-box.default\">\n\t\t\t\t<div class=\"elementor-widget-container\">\n\t\t\t\t\t\t\t<div class=\"elementor-icon-box-wrapper\">\n\n\t\t\t\t\t\t<div class=\"elementor-icon-box-icon\">\n\t\t\t\t<span  class=\"elementor-icon\">\n\t\t\t\t<svg aria-hidden=\"true\" class=\"e-font-icon-svg e-fas-phone-volume\" viewBox=\"0 0 384 512\" xmlns=\"http:\/\/www.w3.org\/2000\/svg\"><path d=\"M97.333 506.966c-129.874-129.874-129.681-340.252 0-469.933 5.698-5.698 14.527-6.632 21.263-2.422l64.817 40.513a17.187 17.187 0 0 1 6.849 20.958l-32.408 81.021a17.188 17.188 0 0 1-17.669 10.719l-55.81-5.58c-21.051 58.261-20.612 122.471 0 179.515l55.811-5.581a17.188 17.188 0 0 1 17.669 10.719l32.408 81.022a17.188 17.188 0 0 1-6.849 20.958l-64.817 40.513a17.19 17.19 0 0 1-21.264-2.422zM247.126 95.473c11.832 20.047 11.832 45.008 0 65.055-3.95 6.693-13.108 7.959-18.718 2.581l-5.975-5.726c-3.911-3.748-4.793-9.622-2.261-14.41a32.063 32.063 0 0 0 0-29.945c-2.533-4.788-1.65-10.662 2.261-14.41l5.975-5.726c5.61-5.378 14.768-4.112 18.718 2.581zm91.787-91.187c60.14 71.604 60.092 175.882 0 247.428-4.474 5.327-12.53 5.746-17.552.933l-5.798-5.557c-4.56-4.371-4.977-11.529-.93-16.379 49.687-59.538 49.646-145.933 0-205.422-4.047-4.85-3.631-12.008.93-16.379l5.798-5.557c5.022-4.813 13.078-4.394 17.552.933zm-45.972 44.941c36.05 46.322 36.108 111.149 0 157.546-4.39 5.641-12.697 6.251-17.856 1.304l-5.818-5.579c-4.4-4.219-4.998-11.095-1.285-15.931 26.536-34.564 26.534-82.572 0-117.134-3.713-4.836-3.115-11.711 1.285-15.931l5.818-5.579c5.159-4.947 13.466-4.337 17.856 1.304z\"><\/path><\/svg>\t\t\t\t<\/span>\n\t\t\t<\/div>\n\t\t\t\n\t\t\t\t\t\t<div class=\"elementor-icon-box-content\">\n\n\t\t\t\t\t\t\t\t\t<h5 class=\"elementor-icon-box-title\">\n\t\t\t\t\t\t<span  >\n\t\t\t\t\t\t\tContactos:\t\t\t\t\t\t<\/span>\n\t\t\t\t\t<\/h5>\n\t\t\t\t\n\t\t\t\t\t\t\t\t\t<p class=\"elementor-icon-box-description\">\n\t\t\t\t\t\tTelefone: 255 714 900<br>\nFax: 255 728 199<br>\nEmail: penafiel.judicial@tribunais.org.pt\t\t\t\t\t<\/p>\n\t\t\t\t\n\t\t\t<\/div>\n\t\t\t\n\t\t<\/div>\n\t\t\t\t\t\t<\/div>\n\t\t\t\t<\/div>\n\t\t\t\t<\/div>\n\t\t\t\t\t<\/div>\n\t\t\t\t<\/div>\n\t\t<div class=\"elementor-element elementor-element-7a9226b e-flex e-con-boxed e-con e-parent\" data-id=\"7a9226b\" data-element_type=\"container\">\n\t\t\t\t\t<div class=\"e-con-inner\">\n\t\t\t\t<div class=\"elementor-element elementor-element-7f71862 elementor-widget elementor-widget-google_maps\" data-id=\"7f71862\" data-element_type=\"widget\" data-widget_type=\"google_maps.default\">\n\t\t\t\t<div class=\"elementor-widget-container\">\n\t\t\t\t\t\t\t<div class=\"elementor-custom-embed\">\n\t\t\t<iframe loading=\"lazy\"\n\t\t\t\t\tsrc=\"https:\/\/www.google.com\/maps\/embed\/v1\/place?key=AIzaSyDhSoLeftGxfg7Tvco7SEUCY-Cc_XLDY3c&#038;q=Pal%C3%A1cio%20da%20Justi%C3%A7a%2C%20Av%C2%AA%20Egas%20Moniz%2C%20Penafiel%2C%20Portugal&#038;zoom=15\"\n\t\t\t\t\ttitle=\"Pal\u00e1cio da Justi\u00e7a, Av\u00aa Egas Moniz, Penafiel, Portugal\"\n\t\t\t\t\taria-label=\"Pal\u00e1cio da Justi\u00e7a, Av\u00aa Egas Moniz, Penafiel, Portugal\"\n\t\t\t><\/iframe>\n\t\t<\/div>\n\t\t\t\t\t\t<\/div>\n\t\t\t\t<\/div>\n\t\t\t\t\t<\/div>\n\t\t\t\t<\/div>\n\t\t<div class=\"elementor-element elementor-element-f057b89 e-flex e-con-boxed e-con e-parent\" data-id=\"f057b89\" data-element_type=\"container\">\n\t\t\t\t\t<div class=\"e-con-inner\">\n\t\t\t\t<div class=\"elementor-element elementor-element-4a6571e elementor-widget elementor-widget-text-editor\" data-id=\"4a6571e\" data-element_type=\"widget\" data-widget_type=\"text-editor.default\">\n\t\t\t\t<div class=\"elementor-widget-container\">\n\t\t\t\t\t\t\t\t\t<h5><b>Ju\u00edzo Central C\u00edvel de Penafiel<\/b><\/h5><p>Compet\u00eancia Territorial:<br \/>\u00a0\u00a0\u00a0\u00a0\u00a0 munic\u00edpios de Amarante, Bai\u00e3o, Felgueiras, Lousada, Marco de Canaveses, Pa\u00e7os de Ferreira, Paredes, Penafiel<\/p>\t\t\t\t\t\t\t\t<\/div>\n\t\t\t\t<\/div>\n\t\t\t\t\t<\/div>\n\t\t\t\t<\/div>\n\t\t<div class=\"elementor-element elementor-element-c700e00 e-flex e-con-boxed e-con e-parent\" data-id=\"c700e00\" data-element_type=\"container\">\n\t\t\t\t\t<div class=\"e-con-inner\">\n\t\t\t\t<div class=\"elementor-element elementor-element-522cb85 elementor-widget elementor-widget-text-editor\" data-id=\"522cb85\" data-element_type=\"widget\" data-widget_type=\"text-editor.default\">\n\t\t\t\t<div class=\"elementor-widget-container\">\n\t\t\t\t\t\t\t\t\t<h5><b>Ju\u00edzo Central Criminal de Penafiel<\/b><\/h5><p>Compet\u00eancia Territorial:<br \/>\u00a0\u00a0\u00a0\u00a0\u00a0 munic\u00edpios de Amarante, Bai\u00e3o, Felgueiras, Lousada, Marco de Canaveses, Pa\u00e7os de Ferreira, Paredes, Penafiel<\/p>\t\t\t\t\t\t\t\t<\/div>\n\t\t\t\t<\/div>\n\t\t\t\t\t<\/div>\n\t\t\t\t<\/div>\n\t\t<div class=\"elementor-element elementor-element-28c0d43 e-flex e-con-boxed e-con e-parent\" data-id=\"28c0d43\" data-element_type=\"container\">\n\t\t\t\t\t<div class=\"e-con-inner\">\n\t\t\t\t<div class=\"elementor-element elementor-element-8e83778 elementor-widget elementor-widget-text-editor\" data-id=\"8e83778\" data-element_type=\"widget\" data-widget_type=\"text-editor.default\">\n\t\t\t\t<div class=\"elementor-widget-container\">\n\t\t\t\t\t\t\t\t\t<h5><b>Ju\u00edzo do Trabalho de Penafiel<\/b><\/h5><p>Compet\u00eancia Territorial:<br \/>\u00a0\u00a0\u00a0\u00a0\u00a0 munic\u00edpios de Amarante, Bai\u00e3o, Felgueiras, Lousada, Marco de Canaveses, Pa\u00e7os de Ferreira, Paredes, Penafiel<\/p>\t\t\t\t\t\t\t\t<\/div>\n\t\t\t\t<\/div>\n\t\t\t\t\t<\/div>\n\t\t\t\t<\/div>\n\t\t<div class=\"elementor-element elementor-element-06fc1a6 e-flex e-con-boxed e-con e-parent\" data-id=\"06fc1a6\" data-element_type=\"container\">\n\t\t\t\t\t<div class=\"e-con-inner\">\n\t\t\t\t<div class=\"elementor-element elementor-element-4debbde elementor-widget elementor-widget-text-editor\" data-id=\"4debbde\" data-element_type=\"widget\" data-widget_type=\"text-editor.default\">\n\t\t\t\t<div class=\"elementor-widget-container\">\n\t\t\t\t\t\t\t\t\t<h5><b>Ju\u00edzo Local C\u00edvel de Penafiel<\/b><\/h5><p>Compet\u00eancia Territorial:<br \/>\u00a0\u00a0\u00a0\u00a0\u00a0 munic\u00edpio de Penafiel<\/p>\t\t\t\t\t\t\t\t<\/div>\n\t\t\t\t<\/div>\n\t\t\t\t\t<\/div>\n\t\t\t\t<\/div>\n\t\t<div class=\"elementor-element elementor-element-b660eb2 e-flex e-con-boxed e-con e-parent\" data-id=\"b660eb2\" data-element_type=\"container\">\n\t\t\t\t\t<div class=\"e-con-inner\">\n\t\t\t\t<div class=\"elementor-element elementor-element-9e27448 elementor-widget elementor-widget-text-editor\" data-id=\"9e27448\" data-element_type=\"widget\" data-widget_type=\"text-editor.default\">\n\t\t\t\t<div class=\"elementor-widget-container\">\n\t\t\t\t\t\t\t\t\t<h5><b>Ju\u00edzo Local Criminal de Penafiel<\/b><\/h5><p>Compet\u00eancia Territorial:<br \/>\u00a0\u00a0\u00a0\u00a0\u00a0 munic\u00edpio de Penafiel<\/p>\t\t\t\t\t\t\t\t<\/div>\n\t\t\t\t<\/div>\n\t\t\t\t\t<\/div>\n\t\t\t\t<\/div>\n\t\t<div class=\"elementor-element elementor-element-e71ceff e-flex e-con-boxed e-con e-parent\" data-id=\"e71ceff\" data-element_type=\"container\">\n\t\t\t\t\t<div class=\"e-con-inner\">\n\t\t\t\t<div class=\"elementor-element elementor-element-47cf604 elementor-widget elementor-widget-text-editor\" data-id=\"47cf604\" data-element_type=\"widget\" data-widget_type=\"text-editor.default\">\n\t\t\t\t<div class=\"elementor-widget-container\">\n\t\t\t\t\t\t\t\t\t<h5><b>Unidade Central de Penafiel<\/b><\/h5><p>Morada: Pal\u00e1cio da Justi\u00e7a &#8211; Av. Egas Moniz &#8211; 4564-001 Penafiel<\/p>\t\t\t\t\t\t\t\t<\/div>\n\t\t\t\t<\/div>\n\t\t\t\t\t<\/div>\n\t\t\t\t<\/div>\n\t\t<div class=\"elementor-element elementor-element-696e532 e-flex e-con-boxed e-con e-parent\" data-id=\"696e532\" data-element_type=\"container\">\n\t\t\t\t\t<div class=\"e-con-inner\">\n\t\t\t\t<div class=\"elementor-element elementor-element-f259bf3 elementor-widget elementor-widget-heading\" data-id=\"f259bf3\" data-element_type=\"widget\" data-widget_type=\"heading.default\">\n\t\t\t\t<div class=\"elementor-widget-container\">\n\t\t\t\t\t<h2 class=\"elementor-heading-title elementor-size-default\">N\u00facleo de Penafiel - Ed\u00edficio 2 (Ju\u00edzo de Instru\u00e7\u00e3o Criminal)<\/h2>\t\t\t\t<\/div>\n\t\t\t\t<\/div>\n\t\t\t\t\t<\/div>\n\t\t\t\t<\/div>\n\t\t<div class=\"elementor-element elementor-element-f9601b5 e-flex e-con-boxed e-con e-parent\" data-id=\"f9601b5\" data-element_type=\"container\">\n\t\t\t\t\t<div class=\"e-con-inner\">\n\t\t\t\t<div class=\"elementor-element elementor-element-6507a07 elementor-widget elementor-widget-google_maps\" data-id=\"6507a07\" data-element_type=\"widget\" data-widget_type=\"google_maps.default\">\n\t\t\t\t<div class=\"elementor-widget-container\">\n\t\t\t\t\t\t\t<div class=\"elementor-custom-embed\">\n\t\t\t<iframe loading=\"lazy\"\n\t\t\t\t\tsrc=\"https:\/\/www.google.com\/maps\/embed\/v1\/place?key=AIzaSyDhSoLeftGxfg7Tvco7SEUCY-Cc_XLDY3c&#038;q=Rua%20Assembleia%20Penifidelense%2C%2060%2C%20Penafiel%2C%20Portugal&#038;zoom=15\"\n\t\t\t\t\ttitle=\"Rua Assembleia Penifidelense, 60, Penafiel, Portugal\"\n\t\t\t\t\taria-label=\"Rua Assembleia Penifidelense, 60, Penafiel, Portugal\"\n\t\t\t><\/iframe>\n\t\t<\/div>\n\t\t\t\t\t\t<\/div>\n\t\t\t\t<\/div>\n\t\t\t\t\t<\/div>\n\t\t\t\t<\/div>\n\t\t<div class=\"elementor-element elementor-element-6c54e5e e-flex e-con-boxed e-con e-parent\" data-id=\"6c54e5e\" data-element_type=\"container\">\n\t\t\t\t\t<div class=\"e-con-inner\">\n\t\t\t\t<div class=\"elementor-element elementor-element-f08d22c elementor-widget elementor-widget-text-editor\" data-id=\"f08d22c\" data-element_type=\"widget\" data-widget_type=\"text-editor.default\">\n\t\t\t\t<div class=\"elementor-widget-container\">\n\t\t\t\t\t\t\t\t\t<h5><b>Ju\u00edzo de Instru\u00e7\u00e3o Criminal de Penafiel<\/b><\/h5><p>Morada: Rua da Assembleia Penafidelense, 60 &#8211; 4564-001 Penafiel<\/p><p>Compet\u00eancia Territorial:<br \/>\u00a0\u00a0\u00a0\u00a0\u00a0 munic\u00edpios de \u00a0Amarante, Bai\u00e3o, Felgueiras, Lousada, Marco de Canaveses, Pa\u00e7os de Ferreira, Paredes, Penafiel<\/p>\t\t\t\t\t\t\t\t<\/div>\n\t\t\t\t<\/div>\n\t\t\t\t\t<\/div>\n\t\t\t\t<\/div>\n\t\t\t\t<\/div>\n\t\t","protected":false},"excerpt":{"rendered":"<p>N\u00facleo de Penafiel (sede da Comarca) Morada: Pal\u00e1cio da Justi\u00e7a Av\u00aa Egas Moniz 4564-001 Penafiel Contactos: Telefone: 255 714 900 Fax: 255 728 199 Email: penafiel.judicial@tribunais.org.pt Ju\u00edzo Central C\u00edvel de Penafiel Compet\u00eancia Territorial:\u00a0\u00a0\u00a0\u00a0\u00a0 munic\u00edpios de Amarante, Bai\u00e3o, Felgueiras, Lousada, Marco de Canaveses, Pa\u00e7os de Ferreira, Paredes, Penafiel Ju\u00edzo Central Criminal de Penafiel Compet\u00eancia Territorial:\u00a0\u00a0\u00a0\u00a0\u00a0 munic\u00edpios&#8230;<\/p>\n","protected":false},"author":23,"featured_media":0,"parent":11069,"menu_order":0,"comment_status":"closed","ping_status":"closed","template":"","meta":{"_tbt_post_transparent":"","_tbt_post_title":"","_tbt_post_layout":"default","_tbt_post_sidebar_id":"","_tbt_post_content_style":"","_tbt_post_vertical_padding":"","_tbt_post_feature":"","_tbt_post_feature_position":"","_tbt_post_header":false,"_tbt_post_footer":false},"class_list":["post-11998","page","type-page","status-publish","hentry"],"yoast_head":"<!-- This site is optimized with the Yoast SEO plugin v25.6 - https:\/\/yoast.com\/wordpress\/plugins\/seo\/ -->\n<title>Penafiel - Tribunal Judicial da Comarca do Porto Este<\/title>\n<meta name=\"robots\" content=\"index, follow, max-snippet:-1, max-image-preview:large, max-video-preview:-1\" \/>\n<link rel=\"canonical\" href=\"https:\/\/comarcas.csm.org.pt\/porto-este\/acomarca\/juizos\/penafiel\/\" \/>\n<meta property=\"og:locale\" content=\"pt_PT\" \/>\n<meta property=\"og:type\" content=\"article\" \/>\n<meta property=\"og:title\" content=\"Penafiel - Tribunal Judicial da Comarca do Porto Este\" \/>\n<meta property=\"og:description\" content=\"N\u00facleo de Penafiel (sede da Comarca) Morada: Pal\u00e1cio da Justi\u00e7a Av\u00aa Egas Moniz 4564-001 Penafiel Contactos: Telefone: 255 714 900 Fax: 255 728 199 Email: penafiel.judicial@tribunais.org.pt Ju\u00edzo Central C\u00edvel de Penafiel Compet\u00eancia Territorial:\u00a0\u00a0\u00a0\u00a0\u00a0 munic\u00edpios de Amarante, Bai\u00e3o, Felgueiras, Lousada, Marco de Canaveses, Pa\u00e7os de Ferreira, Paredes, Penafiel Ju\u00edzo Central Criminal de Penafiel Compet\u00eancia Territorial:\u00a0\u00a0\u00a0\u00a0\u00a0 munic\u00edpios...\" \/>\n<meta property=\"og:url\" content=\"https:\/\/comarcas.csm.org.pt\/porto-este\/acomarca\/juizos\/penafiel\/\" \/>\n<meta property=\"og:site_name\" content=\"Tribunal Judicial da Comarca do Porto Este\" \/>\n<meta property=\"article:modified_time\" content=\"2025-04-08T09:16:47+00:00\" \/>\n<meta name=\"twitter:card\" content=\"summary_large_image\" \/>\n<meta name=\"twitter:label1\" content=\"Tempo estimado de leitura\" \/>\n\t<meta name=\"twitter:data1\" content=\"1 minuto\" \/>\n<script type=\"application\/ld+json\" class=\"yoast-schema-graph\">{\"@context\":\"https:\/\/schema.org\",\"@graph\":[{\"@type\":\"WebPage\",\"@id\":\"https:\/\/comarcas.csm.org.pt\/porto-este\/acomarca\/juizos\/penafiel\/\",\"url\":\"https:\/\/comarcas.csm.org.pt\/porto-este\/acomarca\/juizos\/penafiel\/\",\"name\":\"Penafiel - Tribunal Judicial da Comarca do Porto Este\",\"isPartOf\":{\"@id\":\"https:\/\/comarcas.csm.org.pt\/porto-este\/#website\"},\"datePublished\":\"2025-02-28T13:06:34+00:00\",\"dateModified\":\"2025-04-08T09:16:47+00:00\",\"breadcrumb\":{\"@id\":\"https:\/\/comarcas.csm.org.pt\/porto-este\/acomarca\/juizos\/penafiel\/#breadcrumb\"},\"inLanguage\":\"pt-PT\",\"potentialAction\":[{\"@type\":\"ReadAction\",\"target\":[\"https:\/\/comarcas.csm.org.pt\/porto-este\/acomarca\/juizos\/penafiel\/\"]}]},{\"@type\":\"BreadcrumbList\",\"@id\":\"https:\/\/comarcas.csm.org.pt\/porto-este\/acomarca\/juizos\/penafiel\/#breadcrumb\",\"itemListElement\":[{\"@type\":\"ListItem\",\"position\":1,\"name\":\"In\u00edcio\",\"item\":\"https:\/\/comarcas.csm.org.pt\/porto-este\/\"},{\"@type\":\"ListItem\",\"position\":2,\"name\":\"A Comarca\",\"item\":\"https:\/\/comarcas.csm.org.pt\/porto-este\/acomarca\/\"},{\"@type\":\"ListItem\",\"position\":3,\"name\":\"Ju\u00edzos\",\"item\":\"https:\/\/comarcas.csm.org.pt\/porto-este\/acomarca\/juizos\/\"},{\"@type\":\"ListItem\",\"position\":4,\"name\":\"Penafiel\"}]},{\"@type\":\"WebSite\",\"@id\":\"https:\/\/comarcas.csm.org.pt\/porto-este\/#website\",\"url\":\"https:\/\/comarcas.csm.org.pt\/porto-este\/\",\"name\":\"Tribunal Judicial da Comarca do Porto Este\",\"description\":\"Tribunal Judicial da Comarca do Porto Este\",\"publisher\":{\"@id\":\"https:\/\/comarcas.csm.org.pt\/porto-este\/#organization\"},\"potentialAction\":[{\"@type\":\"SearchAction\",\"target\":{\"@type\":\"EntryPoint\",\"urlTemplate\":\"https:\/\/comarcas.csm.org.pt\/porto-este\/?s={search_term_string}\"},\"query-input\":{\"@type\":\"PropertyValueSpecification\",\"valueRequired\":true,\"valueName\":\"search_term_string\"}}],\"inLanguage\":\"pt-PT\"},{\"@type\":\"Organization\",\"@id\":\"https:\/\/comarcas.csm.org.pt\/porto-este\/#organization\",\"name\":\"Tribunal Judicial da Comarca do Porto Este\",\"url\":\"https:\/\/comarcas.csm.org.pt\/porto-este\/\",\"logo\":{\"@type\":\"ImageObject\",\"inLanguage\":\"pt-PT\",\"@id\":\"https:\/\/comarcas.csm.org.pt\/porto-este\/#\/schema\/logo\/image\/\",\"url\":\"https:\/\/comarcas.csm.org.pt\/porto-este\/wp-content\/uploads\/sites\/23\/2024\/11\/Porto-E_positivo-horizontal.png\",\"contentUrl\":\"https:\/\/comarcas.csm.org.pt\/porto-este\/wp-content\/uploads\/sites\/23\/2024\/11\/Porto-E_positivo-horizontal.png\",\"width\":5255,\"height\":890,\"caption\":\"Tribunal Judicial da Comarca do Porto Este\"},\"image\":{\"@id\":\"https:\/\/comarcas.csm.org.pt\/porto-este\/#\/schema\/logo\/image\/\"}}]}<\/script>\n<!-- \/ Yoast SEO plugin. -->","yoast_head_json":{"title":"Penafiel - Tribunal Judicial da Comarca do Porto Este","robots":{"index":"index","follow":"follow","max-snippet":"max-snippet:-1","max-image-preview":"max-image-preview:large","max-video-preview":"max-video-preview:-1"},"canonical":"https:\/\/comarcas.csm.org.pt\/porto-este\/acomarca\/juizos\/penafiel\/","og_locale":"pt_PT","og_type":"article","og_title":"Penafiel - Tribunal Judicial da Comarca do Porto Este","og_description":"N\u00facleo de Penafiel (sede da Comarca) Morada: Pal\u00e1cio da Justi\u00e7a Av\u00aa Egas Moniz 4564-001 Penafiel Contactos: Telefone: 255 714 900 Fax: 255 728 199 Email: penafiel.judicial@tribunais.org.pt Ju\u00edzo Central C\u00edvel de Penafiel Compet\u00eancia Territorial:\u00a0\u00a0\u00a0\u00a0\u00a0 munic\u00edpios de Amarante, Bai\u00e3o, Felgueiras, Lousada, Marco de Canaveses, Pa\u00e7os de Ferreira, Paredes, Penafiel Ju\u00edzo Central Criminal de Penafiel Compet\u00eancia Territorial:\u00a0\u00a0\u00a0\u00a0\u00a0 munic\u00edpios...","og_url":"https:\/\/comarcas.csm.org.pt\/porto-este\/acomarca\/juizos\/penafiel\/","og_site_name":"Tribunal Judicial da Comarca do Porto Este","article_modified_time":"2025-04-08T09:16:47+00:00","twitter_card":"summary_large_image","twitter_misc":{"Tempo estimado de leitura":"1 minuto"},"schema":{"@context":"https:\/\/schema.org","@graph":[{"@type":"WebPage","@id":"https:\/\/comarcas.csm.org.pt\/porto-este\/acomarca\/juizos\/penafiel\/","url":"https:\/\/comarcas.csm.org.pt\/porto-este\/acomarca\/juizos\/penafiel\/","name":"Penafiel - Tribunal Judicial da Comarca do Porto Este","isPartOf":{"@id":"https:\/\/comarcas.csm.org.pt\/porto-este\/#website"},"datePublished":"2025-02-28T13:06:34+00:00","dateModified":"2025-04-08T09:16:47+00:00","breadcrumb":{"@id":"https:\/\/comarcas.csm.org.pt\/porto-este\/acomarca\/juizos\/penafiel\/#breadcrumb"},"inLanguage":"pt-PT","potentialAction":[{"@type":"ReadAction","target":["https:\/\/comarcas.csm.org.pt\/porto-este\/acomarca\/juizos\/penafiel\/"]}]},{"@type":"BreadcrumbList","@id":"https:\/\/comarcas.csm.org.pt\/porto-este\/acomarca\/juizos\/penafiel\/#breadcrumb","itemListElement":[{"@type":"ListItem","position":1,"name":"In\u00edcio","item":"https:\/\/comarcas.csm.org.pt\/porto-este\/"},{"@type":"ListItem","position":2,"name":"A Comarca","item":"https:\/\/comarcas.csm.org.pt\/porto-este\/acomarca\/"},{"@type":"ListItem","position":3,"name":"Ju\u00edzos","item":"https:\/\/comarcas.csm.org.pt\/porto-este\/acomarca\/juizos\/"},{"@type":"ListItem","position":4,"name":"Penafiel"}]},{"@type":"WebSite","@id":"https:\/\/comarcas.csm.org.pt\/porto-este\/#website","url":"https:\/\/comarcas.csm.org.pt\/porto-este\/","name":"Tribunal Judicial da Comarca do Porto Este","description":"Tribunal Judicial da Comarca do Porto Este","publisher":{"@id":"https:\/\/comarcas.csm.org.pt\/porto-este\/#organization"},"potentialAction":[{"@type":"SearchAction","target":{"@type":"EntryPoint","urlTemplate":"https:\/\/comarcas.csm.org.pt\/porto-este\/?s={search_term_string}"},"query-input":{"@type":"PropertyValueSpecification","valueRequired":true,"valueName":"search_term_string"}}],"inLanguage":"pt-PT"},{"@type":"Organization","@id":"https:\/\/comarcas.csm.org.pt\/porto-este\/#organization","name":"Tribunal Judicial da Comarca do Porto Este","url":"https:\/\/comarcas.csm.org.pt\/porto-este\/","logo":{"@type":"ImageObject","inLanguage":"pt-PT","@id":"https:\/\/comarcas.csm.org.pt\/porto-este\/#\/schema\/logo\/image\/","url":"https:\/\/comarcas.csm.org.pt\/porto-este\/wp-content\/uploads\/sites\/23\/2024\/11\/Porto-E_positivo-horizontal.png","contentUrl":"https:\/\/comarcas.csm.org.pt\/porto-este\/wp-content\/uploads\/sites\/23\/2024\/11\/Porto-E_positivo-horizontal.png","width":5255,"height":890,"caption":"Tribunal Judicial da Comarca do Porto Este"},"image":{"@id":"https:\/\/comarcas.csm.org.pt\/porto-este\/#\/schema\/logo\/image\/"}}]}},"_links":{"self":[{"href":"https:\/\/comarcas.csm.org.pt\/porto-este\/wp-json\/wp\/v2\/pages\/11998","targetHints":{"allow":["GET"]}}],"collection":[{"href":"https:\/\/comarcas.csm.org.pt\/porto-este\/wp-json\/wp\/v2\/pages"}],"about":[{"href":"https:\/\/comarcas.csm.org.pt\/porto-este\/wp-json\/wp\/v2\/types\/page"}],"author":[{"embeddable":true,"href":"https:\/\/comarcas.csm.org.pt\/porto-este\/wp-json\/wp\/v2\/users\/23"}],"replies":[{"embeddable":true,"href":"https:\/\/comarcas.csm.org.pt\/porto-este\/wp-json\/wp\/v2\/comments?post=11998"}],"version-history":[{"count":14,"href":"https:\/\/comarcas.csm.org.pt\/porto-este\/wp-json\/wp\/v2\/pages\/11998\/revisions"}],"predecessor-version":[{"id":12352,"href":"https:\/\/comarcas.csm.org.pt\/porto-este\/wp-json\/wp\/v2\/pages\/11998\/revisions\/12352"}],"up":[{"embeddable":true,"href":"https:\/\/comarcas.csm.org.pt\/porto-este\/wp-json\/wp\/v2\/pages\/11069"}],"wp:attachment":[{"href":"https:\/\/comarcas.csm.org.pt\/porto-este\/wp-json\/wp\/v2\/media?parent=11998"}],"curies":[{"name":"wp","href":"https:\/\/api.w.org\/{rel}","templated":true}]}}