{"id":703,"date":"2021-05-20T18:51:43","date_gmt":"2021-05-20T18:51:43","guid":{"rendered":"https:\/\/wpthemetestdata.wordpress.com\/?page_id=703"},"modified":"2025-04-09T14:56:28","modified_gmt":"2025-04-09T14:56:28","slug":"noticias","status":"publish","type":"page","link":"https:\/\/comarcas.csm.org.pt\/porto-este\/noticias\/","title":{"rendered":"Not\u00edcias"},"content":{"rendered":"\t\t<div data-elementor-type=\"wp-page\" data-elementor-id=\"703\" class=\"elementor elementor-703\" data-elementor-post-type=\"page\">\n\t\t\t\t<div class=\"elementor-element elementor-element-21837951 e-con-full e-flex e-con e-parent\" data-id=\"21837951\" data-element_type=\"container\">\n\t\t\t\t<div class=\"elementor-element elementor-element-32516695 elementor-widget__width-initial elementor-widget elementor-widget-text-editor\" data-id=\"32516695\" data-element_type=\"widget\" data-widget_type=\"text-editor.default\">\n\t\t\t\t<div class=\"elementor-widget-container\">\n\t\t\t\t\t\t\t\t\t<div class=\"elementor-post__excerpt\">\n<p><img fetchpriority=\"high\" decoding=\"async\" class=\"alignnone size-medium wp-image-12438\" src=\"https:\/\/comarcas.csm.org.pt\/porto-este\/wp-content\/uploads\/sites\/23\/2025\/04\/Lado-solidario-300x300.png\" alt=\"\" width=\"300\" height=\"300\" srcset=\"https:\/\/comarcas.csm.org.pt\/porto-este\/wp-content\/uploads\/sites\/23\/2025\/04\/Lado-solidario-300x300.png 300w, https:\/\/comarcas.csm.org.pt\/porto-este\/wp-content\/uploads\/sites\/23\/2025\/04\/Lado-solidario-150x150.png 150w, https:\/\/comarcas.csm.org.pt\/porto-este\/wp-content\/uploads\/sites\/23\/2025\/04\/Lado-solidario.png 512w\" sizes=\"(max-width: 300px) 100vw, 300px\" \/><\/p>\n<h5>\u00a0<\/h5>\n<h5><strong style=\"font-family: var(--global-body-font-family);letter-spacing: 0.3px\"><a href=\"https:\/\/comarcas.csm.org.pt\/porto-este\/blog\/2025\/03\/07\/lado-solitario\/\">Lado Solid\u00e1rio<\/a><\/strong><\/h5>\n<div class=\"elementor-post__meta-data\"><span class=\"elementor-post-date\">\u00a0<\/span><\/div>\n<div class=\"elementor-post__meta-data\"><span class=\"elementor-post-date\">7 de Mar\u00e7o, 2025<\/span><\/div>\n<p><span style=\"text-align: var(--text-align);background-color: transparent;color: var(--global-palette5);font-family: var(--global-body-font-family);letter-spacing: 0.3px\">Seguindo uma pol\u00edtica de transpar\u00eancia da atividade desenvolvida pelo Tribunal, entendemos divulgar neste Portal da Comarca, aberto ao p\u00fablico, as contribui\u00e7\u00f5es (monet\u00e1rias ou em trabalho) entregues a Institui\u00e7\u00f5es, p\u00fablicas ou privadas, de Solidariedade Social ou ao Estado, por este Tribunal Judicial da Comarca do Porto Este (\u2026)\u00a0<\/span><\/p>\n<\/div>\n<p><a class=\"elementor-post__read-more\" href=\"https:\/\/comarcas.csm.org.pt\/porto-este\/blog\/2025\/03\/07\/lado-solitario\/\" aria-label=\"Read more about Lado Solid\u00e1rio\">LER MAIS \u00bb\u00bb<\/a><\/p>\n<p><\/p>\n<p><\/p>\t\t\t\t\t\t\t\t<\/div>\n\t\t\t\t<\/div>\n\t\t\t\t<\/div>\n\t\t\t\t<\/div>\n\t\t","protected":false},"excerpt":{"rendered":"<p>\u00a0 Lado Solid\u00e1rio \u00a0 7 de Mar\u00e7o, 2025 Seguindo uma pol\u00edtica de transpar\u00eancia da atividade desenvolvida pelo Tribunal, entendemos divulgar neste Portal da Comarca, aberto ao p\u00fablico, as contribui\u00e7\u00f5es (monet\u00e1rias ou em trabalho) entregues a Institui\u00e7\u00f5es, p\u00fablicas ou privadas, de Solidariedade Social ou ao Estado, por este Tribunal Judicial da Comarca do Porto Este (\u2026)\u00a0&#8230;<\/p>\n","protected":false},"author":1,"featured_media":0,"parent":0,"menu_order":0,"comment_status":"open","ping_status":"closed","template":"","meta":{"_tbt_post_transparent":"","_tbt_post_title":"","_tbt_post_layout":"right","_tbt_post_sidebar_id":"","_tbt_post_content_style":"","_tbt_post_vertical_padding":"","_tbt_post_feature":"","_tbt_post_feature_position":"","_tbt_post_header":false,"_tbt_post_footer":false},"class_list":["post-703","page","type-page","status-publish","hentry"],"yoast_head":"<!-- This site is optimized with the Yoast SEO plugin v25.6 - https:\/\/yoast.com\/wordpress\/plugins\/seo\/ -->\n<title>Not\u00edcias - Tribunal Judicial da Comarca do Porto Este<\/title>\n<meta name=\"robots\" content=\"index, follow, max-snippet:-1, max-image-preview:large, max-video-preview:-1\" \/>\n<link rel=\"canonical\" href=\"https:\/\/comarcas.csm.org.pt\/porto-este\/noticias\/\" \/>\n<meta property=\"og:locale\" content=\"pt_PT\" \/>\n<meta property=\"og:type\" content=\"article\" \/>\n<meta property=\"og:title\" content=\"Not\u00edcias - Tribunal Judicial da Comarca do Porto Este\" \/>\n<meta property=\"og:description\" content=\"\u00a0 Lado Solid\u00e1rio \u00a0 7 de Mar\u00e7o, 2025 Seguindo uma pol\u00edtica de transpar\u00eancia da atividade desenvolvida pelo Tribunal, entendemos divulgar neste Portal da Comarca, aberto ao p\u00fablico, as contribui\u00e7\u00f5es (monet\u00e1rias ou em trabalho) entregues a Institui\u00e7\u00f5es, p\u00fablicas ou privadas, de Solidariedade Social ou ao Estado, por este Tribunal Judicial da Comarca do Porto Este (\u2026)\u00a0...\" \/>\n<meta property=\"og:url\" content=\"https:\/\/comarcas.csm.org.pt\/porto-este\/noticias\/\" \/>\n<meta property=\"og:site_name\" content=\"Tribunal Judicial da Comarca do Porto Este\" \/>\n<meta property=\"article:modified_time\" content=\"2025-04-09T14:56:28+00:00\" \/>\n<meta property=\"og:image\" content=\"https:\/\/comarcas.csm.org.pt\/porto-este\/wp-content\/uploads\/sites\/23\/2025\/04\/Lado-solidario.png\" \/>\n\t<meta property=\"og:image:width\" content=\"512\" \/>\n\t<meta property=\"og:image:height\" content=\"512\" \/>\n\t<meta property=\"og:image:type\" content=\"image\/png\" \/>\n<meta name=\"twitter:card\" content=\"summary_large_image\" \/>\n<meta name=\"twitter:label1\" content=\"Tempo estimado de leitura\" \/>\n\t<meta name=\"twitter:data1\" content=\"1 minuto\" \/>\n<script type=\"application\/ld+json\" class=\"yoast-schema-graph\">{\"@context\":\"https:\/\/schema.org\",\"@graph\":[{\"@type\":\"WebPage\",\"@id\":\"https:\/\/comarcas.csm.org.pt\/porto-este\/noticias\/\",\"url\":\"https:\/\/comarcas.csm.org.pt\/porto-este\/noticias\/\",\"name\":\"Not\u00edcias - Tribunal Judicial da Comarca do Porto Este\",\"isPartOf\":{\"@id\":\"https:\/\/comarcas.csm.org.pt\/porto-este\/#website\"},\"primaryImageOfPage\":{\"@id\":\"https:\/\/comarcas.csm.org.pt\/porto-este\/noticias\/#primaryimage\"},\"image\":{\"@id\":\"https:\/\/comarcas.csm.org.pt\/porto-este\/noticias\/#primaryimage\"},\"thumbnailUrl\":\"https:\/\/comarcas.csm.org.pt\/porto-este\/wp-content\/uploads\/sites\/23\/2025\/04\/Lado-solidario-300x300.png\",\"datePublished\":\"2021-05-20T18:51:43+00:00\",\"dateModified\":\"2025-04-09T14:56:28+00:00\",\"breadcrumb\":{\"@id\":\"https:\/\/comarcas.csm.org.pt\/porto-este\/noticias\/#breadcrumb\"},\"inLanguage\":\"pt-PT\",\"potentialAction\":[{\"@type\":\"ReadAction\",\"target\":[\"https:\/\/comarcas.csm.org.pt\/porto-este\/noticias\/\"]}]},{\"@type\":\"ImageObject\",\"inLanguage\":\"pt-PT\",\"@id\":\"https:\/\/comarcas.csm.org.pt\/porto-este\/noticias\/#primaryimage\",\"url\":\"https:\/\/comarcas.csm.org.pt\/porto-este\/wp-content\/uploads\/sites\/23\/2025\/04\/Lado-solidario.png\",\"contentUrl\":\"https:\/\/comarcas.csm.org.pt\/porto-este\/wp-content\/uploads\/sites\/23\/2025\/04\/Lado-solidario.png\",\"width\":512,\"height\":512},{\"@type\":\"BreadcrumbList\",\"@id\":\"https:\/\/comarcas.csm.org.pt\/porto-este\/noticias\/#breadcrumb\",\"itemListElement\":[{\"@type\":\"ListItem\",\"position\":1,\"name\":\"In\u00edcio\",\"item\":\"https:\/\/comarcas.csm.org.pt\/porto-este\/\"},{\"@type\":\"ListItem\",\"position\":2,\"name\":\"Not\u00edcias\"}]},{\"@type\":\"WebSite\",\"@id\":\"https:\/\/comarcas.csm.org.pt\/porto-este\/#website\",\"url\":\"https:\/\/comarcas.csm.org.pt\/porto-este\/\",\"name\":\"Tribunal Judicial da Comarca do Porto Este\",\"description\":\"Tribunal Judicial da Comarca do Porto Este\",\"publisher\":{\"@id\":\"https:\/\/comarcas.csm.org.pt\/porto-este\/#organization\"},\"potentialAction\":[{\"@type\":\"SearchAction\",\"target\":{\"@type\":\"EntryPoint\",\"urlTemplate\":\"https:\/\/comarcas.csm.org.pt\/porto-este\/?s={search_term_string}\"},\"query-input\":{\"@type\":\"PropertyValueSpecification\",\"valueRequired\":true,\"valueName\":\"search_term_string\"}}],\"inLanguage\":\"pt-PT\"},{\"@type\":\"Organization\",\"@id\":\"https:\/\/comarcas.csm.org.pt\/porto-este\/#organization\",\"name\":\"Tribunal Judicial da Comarca do Porto Este\",\"url\":\"https:\/\/comarcas.csm.org.pt\/porto-este\/\",\"logo\":{\"@type\":\"ImageObject\",\"inLanguage\":\"pt-PT\",\"@id\":\"https:\/\/comarcas.csm.org.pt\/porto-este\/#\/schema\/logo\/image\/\",\"url\":\"https:\/\/comarcas.csm.org.pt\/porto-este\/wp-content\/uploads\/sites\/23\/2024\/11\/Porto-E_positivo-horizontal.png\",\"contentUrl\":\"https:\/\/comarcas.csm.org.pt\/porto-este\/wp-content\/uploads\/sites\/23\/2024\/11\/Porto-E_positivo-horizontal.png\",\"width\":5255,\"height\":890,\"caption\":\"Tribunal Judicial da Comarca do Porto Este\"},\"image\":{\"@id\":\"https:\/\/comarcas.csm.org.pt\/porto-este\/#\/schema\/logo\/image\/\"}}]}<\/script>\n<!-- \/ Yoast SEO plugin. -->","yoast_head_json":{"title":"Not\u00edcias - Tribunal Judicial da Comarca do Porto Este","robots":{"index":"index","follow":"follow","max-snippet":"max-snippet:-1","max-image-preview":"max-image-preview:large","max-video-preview":"max-video-preview:-1"},"canonical":"https:\/\/comarcas.csm.org.pt\/porto-este\/noticias\/","og_locale":"pt_PT","og_type":"article","og_title":"Not\u00edcias - Tribunal Judicial da Comarca do Porto Este","og_description":"\u00a0 Lado Solid\u00e1rio \u00a0 7 de Mar\u00e7o, 2025 Seguindo uma pol\u00edtica de transpar\u00eancia da atividade desenvolvida pelo Tribunal, entendemos divulgar neste Portal da Comarca, aberto ao p\u00fablico, as contribui\u00e7\u00f5es (monet\u00e1rias ou em trabalho) entregues a Institui\u00e7\u00f5es, p\u00fablicas ou privadas, de Solidariedade Social ou ao Estado, por este Tribunal Judicial da Comarca do Porto Este (\u2026)\u00a0...","og_url":"https:\/\/comarcas.csm.org.pt\/porto-este\/noticias\/","og_site_name":"Tribunal Judicial da Comarca do Porto Este","article_modified_time":"2025-04-09T14:56:28+00:00","og_image":[{"width":512,"height":512,"url":"https:\/\/comarcas.csm.org.pt\/porto-este\/wp-content\/uploads\/sites\/23\/2025\/04\/Lado-solidario.png","type":"image\/png"}],"twitter_card":"summary_large_image","twitter_misc":{"Tempo estimado de leitura":"1 minuto"},"schema":{"@context":"https:\/\/schema.org","@graph":[{"@type":"WebPage","@id":"https:\/\/comarcas.csm.org.pt\/porto-este\/noticias\/","url":"https:\/\/comarcas.csm.org.pt\/porto-este\/noticias\/","name":"Not\u00edcias - Tribunal Judicial da Comarca do Porto Este","isPartOf":{"@id":"https:\/\/comarcas.csm.org.pt\/porto-este\/#website"},"primaryImageOfPage":{"@id":"https:\/\/comarcas.csm.org.pt\/porto-este\/noticias\/#primaryimage"},"image":{"@id":"https:\/\/comarcas.csm.org.pt\/porto-este\/noticias\/#primaryimage"},"thumbnailUrl":"https:\/\/comarcas.csm.org.pt\/porto-este\/wp-content\/uploads\/sites\/23\/2025\/04\/Lado-solidario-300x300.png","datePublished":"2021-05-20T18:51:43+00:00","dateModified":"2025-04-09T14:56:28+00:00","breadcrumb":{"@id":"https:\/\/comarcas.csm.org.pt\/porto-este\/noticias\/#breadcrumb"},"inLanguage":"pt-PT","potentialAction":[{"@type":"ReadAction","target":["https:\/\/comarcas.csm.org.pt\/porto-este\/noticias\/"]}]},{"@type":"ImageObject","inLanguage":"pt-PT","@id":"https:\/\/comarcas.csm.org.pt\/porto-este\/noticias\/#primaryimage","url":"https:\/\/comarcas.csm.org.pt\/porto-este\/wp-content\/uploads\/sites\/23\/2025\/04\/Lado-solidario.png","contentUrl":"https:\/\/comarcas.csm.org.pt\/porto-este\/wp-content\/uploads\/sites\/23\/2025\/04\/Lado-solidario.png","width":512,"height":512},{"@type":"BreadcrumbList","@id":"https:\/\/comarcas.csm.org.pt\/porto-este\/noticias\/#breadcrumb","itemListElement":[{"@type":"ListItem","position":1,"name":"In\u00edcio","item":"https:\/\/comarcas.csm.org.pt\/porto-este\/"},{"@type":"ListItem","position":2,"name":"Not\u00edcias"}]},{"@type":"WebSite","@id":"https:\/\/comarcas.csm.org.pt\/porto-este\/#website","url":"https:\/\/comarcas.csm.org.pt\/porto-este\/","name":"Tribunal Judicial da Comarca do Porto Este","description":"Tribunal Judicial da Comarca do Porto Este","publisher":{"@id":"https:\/\/comarcas.csm.org.pt\/porto-este\/#organization"},"potentialAction":[{"@type":"SearchAction","target":{"@type":"EntryPoint","urlTemplate":"https:\/\/comarcas.csm.org.pt\/porto-este\/?s={search_term_string}"},"query-input":{"@type":"PropertyValueSpecification","valueRequired":true,"valueName":"search_term_string"}}],"inLanguage":"pt-PT"},{"@type":"Organization","@id":"https:\/\/comarcas.csm.org.pt\/porto-este\/#organization","name":"Tribunal Judicial da Comarca do Porto Este","url":"https:\/\/comarcas.csm.org.pt\/porto-este\/","logo":{"@type":"ImageObject","inLanguage":"pt-PT","@id":"https:\/\/comarcas.csm.org.pt\/porto-este\/#\/schema\/logo\/image\/","url":"https:\/\/comarcas.csm.org.pt\/porto-este\/wp-content\/uploads\/sites\/23\/2024\/11\/Porto-E_positivo-horizontal.png","contentUrl":"https:\/\/comarcas.csm.org.pt\/porto-este\/wp-content\/uploads\/sites\/23\/2024\/11\/Porto-E_positivo-horizontal.png","width":5255,"height":890,"caption":"Tribunal Judicial da Comarca do Porto Este"},"image":{"@id":"https:\/\/comarcas.csm.org.pt\/porto-este\/#\/schema\/logo\/image\/"}}]}},"_links":{"self":[{"href":"https:\/\/comarcas.csm.org.pt\/porto-este\/wp-json\/wp\/v2\/pages\/703","targetHints":{"allow":["GET"]}}],"collection":[{"href":"https:\/\/comarcas.csm.org.pt\/porto-este\/wp-json\/wp\/v2\/pages"}],"about":[{"href":"https:\/\/comarcas.csm.org.pt\/porto-este\/wp-json\/wp\/v2\/types\/page"}],"author":[{"embeddable":true,"href":"https:\/\/comarcas.csm.org.pt\/porto-este\/wp-json\/wp\/v2\/users\/1"}],"replies":[{"embeddable":true,"href":"https:\/\/comarcas.csm.org.pt\/porto-este\/wp-json\/wp\/v2\/comments?post=703"}],"version-history":[{"count":33,"href":"https:\/\/comarcas.csm.org.pt\/porto-este\/wp-json\/wp\/v2\/pages\/703\/revisions"}],"predecessor-version":[{"id":12686,"href":"https:\/\/comarcas.csm.org.pt\/porto-este\/wp-json\/wp\/v2\/pages\/703\/revisions\/12686"}],"wp:attachment":[{"href":"https:\/\/comarcas.csm.org.pt\/porto-este\/wp-json\/wp\/v2\/media?parent=703"}],"curies":[{"name":"wp","href":"https:\/\/api.w.org\/{rel}","templated":true}]}}