{"id":11330,"date":"2024-05-22T09:33:02","date_gmt":"2024-05-22T09:33:02","guid":{"rendered":"https:\/\/aveiro.vvr.pt\/?page_id=11330"},"modified":"2026-04-16T14:58:47","modified_gmt":"2026-04-16T14:58:47","slug":"instrumentos-de-gestao","status":"publish","type":"page","link":"https:\/\/comarcas.csm.org.pt\/porto\/instrumentos-de-gestao\/","title":{"rendered":"Instrumentos de Gest\u00e3o"},"content":{"rendered":"\t\t<div data-elementor-type=\"wp-page\" data-elementor-id=\"11330\" class=\"elementor elementor-11330\" data-elementor-post-type=\"page\">\n\t\t\t\t<div class=\"elementor-element elementor-element-c33158e e-flex e-con-boxed e-con e-parent\" data-id=\"c33158e\" data-element_type=\"container\">\n\t\t\t\t\t<div class=\"e-con-inner\">\n\t\t\t\t<div class=\"elementor-element elementor-element-01f6d37 elementor-tabs-view-horizontal elementor-widget elementor-widget-tabs\" data-id=\"01f6d37\" data-element_type=\"widget\" data-widget_type=\"tabs.default\">\n\t\t\t\t<div class=\"elementor-widget-container\">\n\t\t\t\t\t\t\t<div class=\"elementor-tabs\">\n\t\t\t<div class=\"elementor-tabs-wrapper\" role=\"tablist\" >\n\t\t\t\t\t\t\t\t\t<div id=\"elementor-tab-title-2051\" class=\"elementor-tab-title elementor-tab-desktop-title\" aria-selected=\"true\" data-tab=\"1\" role=\"tab\" tabindex=\"0\" aria-controls=\"elementor-tab-content-2051\" aria-expanded=\"false\">Regulamentos<\/div>\n\t\t\t\t\t\t\t\t\t<div id=\"elementor-tab-title-2052\" class=\"elementor-tab-title elementor-tab-desktop-title\" aria-selected=\"false\" data-tab=\"2\" role=\"tab\" tabindex=\"-1\" aria-controls=\"elementor-tab-content-2052\" aria-expanded=\"false\">Protocolos<\/div>\n\t\t\t\t\t\t\t\t\t<div id=\"elementor-tab-title-2053\" class=\"elementor-tab-title elementor-tab-desktop-title\" aria-selected=\"false\" data-tab=\"3\" role=\"tab\" tabindex=\"-1\" aria-controls=\"elementor-tab-content-2053\" aria-expanded=\"false\">Conselhos Consultivo e de Gest\u00e3o<\/div>\n\t\t\t\t\t\t\t\t\t<div id=\"elementor-tab-title-2054\" class=\"elementor-tab-title elementor-tab-desktop-title\" aria-selected=\"false\" data-tab=\"4\" role=\"tab\" tabindex=\"-1\" aria-controls=\"elementor-tab-content-2054\" aria-expanded=\"false\">Relat\u00f3rio Anual da Comarca<\/div>\n\t\t\t\t\t\t\t\t\t<div id=\"elementor-tab-title-2055\" class=\"elementor-tab-title elementor-tab-desktop-title\" aria-selected=\"false\" data-tab=\"5\" role=\"tab\" tabindex=\"-1\" aria-controls=\"elementor-tab-content-2055\" aria-expanded=\"false\">Medidas de gest\u00e3o<\/div>\n\t\t\t\t\t\t\t\t\t<div id=\"elementor-tab-title-2056\" class=\"elementor-tab-title elementor-tab-desktop-title\" aria-selected=\"false\" data-tab=\"6\" role=\"tab\" tabindex=\"-1\" aria-controls=\"elementor-tab-content-2056\" aria-expanded=\"false\">Despachos da Juiz Presidente<\/div>\n\t\t\t\t\t\t\t\t\t<div id=\"elementor-tab-title-2057\" class=\"elementor-tab-title elementor-tab-desktop-title\" aria-selected=\"false\" data-tab=\"7\" role=\"tab\" tabindex=\"-1\" aria-controls=\"elementor-tab-content-2057\" aria-expanded=\"false\">Turnos<\/div>\n\t\t\t\t\t\t\t<\/div>\n\t\t\t<div class=\"elementor-tabs-content-wrapper\" role=\"tablist\" aria-orientation=\"vertical\">\n\t\t\t\t\t\t\t\t\t<div class=\"elementor-tab-title elementor-tab-mobile-title\" aria-selected=\"true\" data-tab=\"1\" role=\"tab\" tabindex=\"0\" aria-controls=\"elementor-tab-content-2051\" aria-expanded=\"false\">Regulamentos<\/div>\n\t\t\t\t\t<div id=\"elementor-tab-content-2051\" class=\"elementor-tab-content elementor-clearfix\" data-tab=\"1\" role=\"tabpanel\" aria-labelledby=\"elementor-tab-title-2051\" tabindex=\"0\" hidden=\"false\"><p><span style=\"background-color: transparent\"><b><a href=\"https:\/\/comarcas.csm.org.pt\/porto\/wp-content\/uploads\/sites\/22\/2025\/04\/Distribuicao-de-processos.pdf\"><u>Regulamento da Distribui\u00e7\u00e3o Processual no Tribunal Judicial da Comarca do Porto<\/u><\/a><\/b><\/span><\/p><p><span style=\"background-color: transparent\"><b><a href=\"https:\/\/comarcas.csm.org.pt\/porto\/wp-content\/uploads\/sites\/22\/2025\/04\/Regulamento-de-acesso-e-utilizacao-dos-parques-e-lugares-de-estacionamento.pdf\"><u>Regulamento de acesso e utiliza\u00e7\u00e3o dos parques e lugares de estacionamento afetos ao Tribunal Judicial da Comarca do Porto<\/u><\/a><\/b><\/span><\/p><p><span style=\"background-color: transparent\"><b><a href=\"https:\/\/comarcas.csm.org.pt\/porto\/wp-content\/uploads\/sites\/22\/2025\/04\/Regulamento-Geral-da-Comarca-do-Porto.pdf\"><u>Regulamento Geral do Tribunal Judicial da Comarca do Porto<\/u><\/a><\/b><\/span><\/p><p><span style=\"background-color: transparent\"><b><a href=\"https:\/\/comarcas.csm.org.pt\/porto\/wp-content\/uploads\/sites\/22\/2025\/04\/Regulamento-do-procedimento-de-venda-de-bens-do-Tribunal-Judicial-da-Comarca-do-Porto.pdf\"><u>Regulamento do procedimento da venda de bens<\/u><\/a><\/b><\/span><\/p><p><span style=\"background-color: transparent\"><b><a href=\"https:\/\/comarcas.csm.org.pt\/porto\/wp-content\/uploads\/sites\/22\/2025\/04\/Regulamento-do-Conselho-Consultivo.pdf\"><u>Regulamento do Conselho Consultivo do Tribunal Judicial da Comarca do Porto<\/u><\/a><\/b><\/span><\/p><p><span style=\"background-color: transparent\"><b><a href=\"https:\/\/comarcas.csm.org.pt\/porto\/wp-content\/uploads\/sites\/22\/2025\/04\/Regulamento-eleicao-representantes-magistrados-e-oficiais-de-justica-no-conselho-consultivo.pdf\"><u>Regulamento da Elei\u00e7\u00e3o dos Representantes dos Magistrados e dos Oficiais de Justi\u00e7a do Conselho Consultivo do Tribunal Judicial da Comarca do Porto<\/u><\/a><\/b><\/span><\/p><p><strong style=\"background-color: transparent;color: var(--global-palette5);font-family: var(--global-body-font-family);letter-spacing: 0.3px\"><a href=\"https:\/\/comarcas.csm.org.pt\/porto\/wp-content\/uploads\/sites\/22\/2025\/04\/Regulamento-de-uso-e-gestao-de-veiculos.pdf\"><u>Regulamento de Uso e Gest\u00e3o de Ve\u00edculos<\/u><\/a><\/strong><\/p><\/div>\n\t\t\t\t\t\t\t\t\t<div class=\"elementor-tab-title elementor-tab-mobile-title\" aria-selected=\"false\" data-tab=\"2\" role=\"tab\" tabindex=\"-1\" aria-controls=\"elementor-tab-content-2052\" aria-expanded=\"false\">Protocolos<\/div>\n\t\t\t\t\t<div id=\"elementor-tab-content-2052\" class=\"elementor-tab-content elementor-clearfix\" data-tab=\"2\" role=\"tabpanel\" aria-labelledby=\"elementor-tab-title-2052\" tabindex=\"0\" hidden=\"hidden\"><\/div>\n\t\t\t\t\t\t\t\t\t<div class=\"elementor-tab-title elementor-tab-mobile-title\" aria-selected=\"false\" data-tab=\"3\" role=\"tab\" tabindex=\"-1\" aria-controls=\"elementor-tab-content-2053\" aria-expanded=\"false\">Conselhos Consultivo e de Gest\u00e3o<\/div>\n\t\t\t\t\t<div id=\"elementor-tab-content-2053\" class=\"elementor-tab-content elementor-clearfix\" data-tab=\"3\" role=\"tabpanel\" aria-labelledby=\"elementor-tab-title-2053\" tabindex=\"0\" hidden=\"hidden\"><p>\u00daltimas reuni\u00f5es do <b>Conselho Consultivo<\/b>:<\/p><p>&#8211; 25 de fevereiro de 2026;<\/p><p>&#8211; 17 de novembro de 2025.<\/p><p style=\"margin-bottom: 32px;letter-spacing: 0.3px\">\u00daltimas reuni\u00f5es do\u00a0<span style=\"font-weight: bold\">Conselho de Gest\u00e3o<\/span>:<\/p><p style=\"margin-bottom: 32px;letter-spacing: 0.3px\">&#8211; 18 de mar\u00e7o de 2026;<\/p><p style=\"margin-bottom: 32px;letter-spacing: 0.3px\">&#8211; 25 de fevereiro de 2026;<\/p><p style=\"letter-spacing: 0.3px\">&#8211; 17 de novembro de 2025.<\/p><\/div>\n\t\t\t\t\t\t\t\t\t<div class=\"elementor-tab-title elementor-tab-mobile-title\" aria-selected=\"false\" data-tab=\"4\" role=\"tab\" tabindex=\"-1\" aria-controls=\"elementor-tab-content-2054\" aria-expanded=\"false\">Relat\u00f3rio Anual da Comarca<\/div>\n\t\t\t\t\t<div id=\"elementor-tab-content-2054\" class=\"elementor-tab-content elementor-clearfix\" data-tab=\"4\" role=\"tabpanel\" aria-labelledby=\"elementor-tab-title-2054\" tabindex=\"0\" hidden=\"hidden\"><h6><b><u><a href=\"https:\/\/comarcas.csm.org.pt\/porto\/wp-content\/uploads\/sites\/22\/2026\/03\/Relatorio-Anual-2025.pdf\">Relat\u00f3rio Anual da Comarca de 2025<\/a><\/u><\/b><\/h6><p><a style=\"background-color: #ffffff;color: #161616;letter-spacing: 0.3px\" href=\"https:\/\/comarcas.csm.org.pt\/porto\/wp-content\/uploads\/sites\/22\/2025\/03\/Relatorio-Anual-2024.pdf\" target=\"_blank\" rel=\"noopener\"><span style=\"font-weight: bold\"><u>Relat\u00f3rio Anual da Comarca de 2024<\/u><\/span><\/a><\/p><\/div>\n\t\t\t\t\t\t\t\t\t<div class=\"elementor-tab-title elementor-tab-mobile-title\" aria-selected=\"false\" data-tab=\"5\" role=\"tab\" tabindex=\"-1\" aria-controls=\"elementor-tab-content-2055\" aria-expanded=\"false\">Medidas de gest\u00e3o<\/div>\n\t\t\t\t\t<div id=\"elementor-tab-content-2055\" class=\"elementor-tab-content elementor-clearfix\" data-tab=\"5\" role=\"tabpanel\" aria-labelledby=\"elementor-tab-title-2055\" tabindex=\"0\" hidden=\"hidden\"><h5><strong>Medidas de gest\u00e3o em vigor<\/strong><\/h5>\n<div><strong>&nbsp;<\/strong><\/div>\n<p><span style=\"letter-spacing: 0.3px;font-weight: bold\"><u><a href=\"https:\/\/comarcas.csm.org.pt\/porto\/wp-content\/uploads\/sites\/22\/2026\/01\/Publicidade-Portal-Medida-Gestao-Juizo-Central-Criminal-do-Porto.pdf\">Distribui\u00e7\u00e3o de servi\u00e7o, afeta\u00e7\u00e3o, acumula\u00e7\u00e3o de fun\u00e7\u00f5es e substitui\u00e7\u00e3o de ju\u00edzes no Ju\u00edzo Central Criminal do Porto<\/a><\/u><\/span><\/p>\n<p><u><b><a href=\"https:\/\/comarcas.csm.org.pt\/porto\/wp-content\/uploads\/sites\/22\/2026\/03\/Publicidade-Acumulacao-de-funcoes-no-Juizo-de-Familia-e-Menores-da-Maia-\u2013-Juiz-2.pdf\">Ju\u00edzo de Fam\u00edlia e Menores da Maia &#8211; Juiz 2<\/a><\/b><\/u><\/p>\n<p><u style=\"letter-spacing: 0.3px\"><span style=\"font-weight: bold\"><a href=\"https:\/\/comarcas.csm.org.pt\/porto\/wp-content\/uploads\/sites\/22\/2026\/03\/Publicidade-Acumulacao-de-funcoes-no-Juizo-Local-Civel-da-Maia-\u2013-Juiz-3.pdf\"><span style=\"color: #161616\">Ju\u00edzo Local C\u00edvel da Maia &#8211; Juiz&nbsp;<\/span>3<\/a><\/span><\/u><u><\/u><\/p>\n<p><u style=\"letter-spacing: 0.3px\"><span style=\"font-weight: bold\"><a href=\"https:\/\/comarcas.csm.org.pt\/porto\/wp-content\/uploads\/sites\/22\/2026\/03\/Publicidade-Acumulacao-de-funcoes-no-Juizo-do-Trabalho-de-Vila-Nova-de-Gaia-\u2013-Juiz-1.pdf\"><span style=\"color: #161616\">Ju\u00edzo do<\/span>&nbsp;Trabalho de Vila Nova de Gaia &#8211; Juiz 1<\/a><\/span><\/u><\/p>\n<p><u style=\"letter-spacing: 0.3px\"><span style=\"font-weight: bold\"><a href=\"https:\/\/comarcas.csm.org.pt\/porto\/wp-content\/uploads\/sites\/22\/2026\/04\/Publicidade-Acumulacao-de-funcoes-no-Juizo-Central-Civel-do-Porto-Juiz-2.pdf\"><span style=\"color: #161616\">Ju\u00edzo C<\/span>entral C\u00edvel do Porto &#8211; Juiz 2<\/a><\/span><\/u><u style=\"letter-spacing: 0.3px\"><\/u><\/p>\n<p><u style=\"letter-spacing: 0.3px\"><span style=\"font-weight: bold\"><a href=\"https:\/\/comarcas.csm.org.pt\/porto\/wp-content\/uploads\/sites\/22\/2026\/04\/Publicidade-Acumulacao-de-funcoes-no-Juizo-Local-Civel-de-Vila-Nova-de-Gaia-\u2013-Juiz-5.pdf\"><font color=\"#161616\">Ju\u00edzo Local C\u00edvel de Vila Nova de Gaia &#8211; Juiz&nbsp;<\/font>5<\/a><\/span><\/u><\/p>\n<p><u style=\"letter-spacing: 0.3px\"><span style=\"font-weight: bold\"><a href=\"https:\/\/comarcas.csm.org.pt\/porto\/wp-content\/uploads\/sites\/22\/2026\/04\/Publicidade-Acumulacao-de-funcoes-no-Juizo-Local-Criminal-de-Vila-Nova-de-Gaia-\u2013-Juiz-4.pdf\"><font color=\"#161616\">Ju\u00edzo Local Criminal de Vila Nova de Gaia &#8211; Juiz&nbsp;<\/font>4<\/a><\/span><\/u><u style=\"letter-spacing: 0.3px\"><\/u><\/p><\/div>\n\t\t\t\t\t\t\t\t\t<div class=\"elementor-tab-title elementor-tab-mobile-title\" aria-selected=\"false\" data-tab=\"6\" role=\"tab\" tabindex=\"-1\" aria-controls=\"elementor-tab-content-2056\" aria-expanded=\"false\">Despachos da Juiz Presidente<\/div>\n\t\t\t\t\t<div id=\"elementor-tab-content-2056\" class=\"elementor-tab-content elementor-clearfix\" data-tab=\"6\" role=\"tabpanel\" aria-labelledby=\"elementor-tab-title-2056\" tabindex=\"0\" hidden=\"hidden\"><p><a href=\"https:\/\/comarcas.csm.org.pt\/porto\/wp-content\/uploads\/sites\/22\/2025\/11\/Procedimentos-para-a-Priorizacao-da-Selecao-e-Pseudonimizacao-das-Decisoes-Judiciais-do-Tribunal-Judicial-da-Comarca-do-Porto-e-do-TEP-do-Porto.pdf\" target=\"_blank\" rel=\"noopener\"><b><u>Procedimentos para a Prioriza\u00e7\u00e3o da Sele\u00e7\u00e3o e Pseudonimiza\u00e7\u00e3o das Decis\u00f5es Judiciais da Comarca do Porto<\/u><\/b><\/a><\/p><\/div>\n\t\t\t\t\t\t\t\t\t<div class=\"elementor-tab-title elementor-tab-mobile-title\" aria-selected=\"false\" data-tab=\"7\" role=\"tab\" tabindex=\"-1\" aria-controls=\"elementor-tab-content-2057\" aria-expanded=\"false\">Turnos<\/div>\n\t\t\t\t\t<div id=\"elementor-tab-content-2057\" class=\"elementor-tab-content elementor-clearfix\" data-tab=\"7\" role=\"tabpanel\" aria-labelledby=\"elementor-tab-title-2057\" tabindex=\"0\" hidden=\"hidden\"><p><a href=\"https:\/\/comarcas.csm.org.pt\/porto\/wp-content\/uploads\/sites\/22\/2025\/07\/Turnos-Servico-Urgente.pdf\" target=\"_blank\" rel=\"noopener\"><b><u>Mapa de servi\u00e7o de turno 2025-2026<\/u><\/b><\/a><\/p><\/div>\n\t\t\t\t\t\t\t<\/div>\n\t\t<\/div>\n\t\t\t\t\t\t<\/div>\n\t\t\t\t<\/div>\n\t\t\t\t\t<\/div>\n\t\t\t\t<\/div>\n\t\t\t\t<\/div>\n\t\t","protected":false},"excerpt":{"rendered":"<p>Regulamentos Protocolos Conselhos Consultivo e de Gest\u00e3o Relat\u00f3rio Anual da Comarca Medidas de gest\u00e3o Despachos da Juiz Presidente Turnos Regulamentos Regulamento da Distribui\u00e7\u00e3o Processual no Tribunal Judicial da Comarca do Porto Regulamento de acesso e utiliza\u00e7\u00e3o dos parques e lugares de estacionamento afetos ao Tribunal Judicial da Comarca do Porto Regulamento Geral do Tribunal Judicial&#8230;<\/p>\n","protected":false},"author":1,"featured_media":0,"parent":0,"menu_order":0,"comment_status":"closed","ping_status":"closed","template":"","meta":{"_tbt_post_transparent":"","_tbt_post_title":"","_tbt_post_layout":"","_tbt_post_sidebar_id":"","_tbt_post_content_style":"","_tbt_post_vertical_padding":"","_tbt_post_feature":"","_tbt_post_feature_position":"","_tbt_post_header":false,"_tbt_post_footer":false},"class_list":["post-11330","page","type-page","status-publish","hentry"],"yoast_head":"<!-- This site is optimized with the Yoast SEO plugin v25.6 - https:\/\/yoast.com\/wordpress\/plugins\/seo\/ -->\n<title>Instrumentos de Gest\u00e3o - Tribunal Judicial da Comarca de Porto<\/title>\n<meta name=\"robots\" content=\"index, follow, max-snippet:-1, max-image-preview:large, max-video-preview:-1\" \/>\n<link rel=\"canonical\" href=\"https:\/\/comarcas.csm.org.pt\/porto\/instrumentos-de-gestao\/\" \/>\n<meta property=\"og:locale\" content=\"pt_PT\" \/>\n<meta property=\"og:type\" content=\"article\" \/>\n<meta property=\"og:title\" content=\"Instrumentos de Gest\u00e3o - Tribunal Judicial da Comarca de Porto\" \/>\n<meta property=\"og:description\" content=\"Regulamentos Protocolos Conselhos Consultivo e de Gest\u00e3o Relat\u00f3rio Anual da Comarca Medidas de gest\u00e3o Despachos da Juiz Presidente Turnos Regulamentos Regulamento da Distribui\u00e7\u00e3o Processual no Tribunal Judicial da Comarca do Porto Regulamento de acesso e utiliza\u00e7\u00e3o dos parques e lugares de estacionamento afetos ao Tribunal Judicial da Comarca do Porto Regulamento Geral do Tribunal Judicial...\" \/>\n<meta property=\"og:url\" content=\"https:\/\/comarcas.csm.org.pt\/porto\/instrumentos-de-gestao\/\" \/>\n<meta property=\"og:site_name\" content=\"Tribunal Judicial da Comarca de Porto\" \/>\n<meta property=\"article:modified_time\" content=\"2026-04-16T14:58:47+00:00\" \/>\n<meta name=\"twitter:card\" content=\"summary_large_image\" \/>\n<meta name=\"twitter:label1\" content=\"Tempo estimado de leitura\" \/>\n\t<meta name=\"twitter:data1\" content=\"2 minutos\" \/>\n<script type=\"application\/ld+json\" class=\"yoast-schema-graph\">{\"@context\":\"https:\/\/schema.org\",\"@graph\":[{\"@type\":\"WebPage\",\"@id\":\"https:\/\/comarcas.csm.org.pt\/porto\/instrumentos-de-gestao\/\",\"url\":\"https:\/\/comarcas.csm.org.pt\/porto\/instrumentos-de-gestao\/\",\"name\":\"Instrumentos de Gest\u00e3o - Tribunal Judicial da Comarca de Porto\",\"isPartOf\":{\"@id\":\"https:\/\/comarcas.csm.org.pt\/porto\/#website\"},\"datePublished\":\"2024-05-22T09:33:02+00:00\",\"dateModified\":\"2026-04-16T14:58:47+00:00\",\"breadcrumb\":{\"@id\":\"https:\/\/comarcas.csm.org.pt\/porto\/instrumentos-de-gestao\/#breadcrumb\"},\"inLanguage\":\"pt-PT\",\"potentialAction\":[{\"@type\":\"ReadAction\",\"target\":[\"https:\/\/comarcas.csm.org.pt\/porto\/instrumentos-de-gestao\/\"]}]},{\"@type\":\"BreadcrumbList\",\"@id\":\"https:\/\/comarcas.csm.org.pt\/porto\/instrumentos-de-gestao\/#breadcrumb\",\"itemListElement\":[{\"@type\":\"ListItem\",\"position\":1,\"name\":\"In\u00edcio\",\"item\":\"https:\/\/comarcas.csm.org.pt\/porto\/\"},{\"@type\":\"ListItem\",\"position\":2,\"name\":\"Instrumentos de Gest\u00e3o\"}]},{\"@type\":\"WebSite\",\"@id\":\"https:\/\/comarcas.csm.org.pt\/porto\/#website\",\"url\":\"https:\/\/comarcas.csm.org.pt\/porto\/\",\"name\":\"Tribunal Judicial da Comarca de Porto\",\"description\":\"Tribunal Judicial da Comarca do Porto\",\"publisher\":{\"@id\":\"https:\/\/comarcas.csm.org.pt\/porto\/#organization\"},\"potentialAction\":[{\"@type\":\"SearchAction\",\"target\":{\"@type\":\"EntryPoint\",\"urlTemplate\":\"https:\/\/comarcas.csm.org.pt\/porto\/?s={search_term_string}\"},\"query-input\":{\"@type\":\"PropertyValueSpecification\",\"valueRequired\":true,\"valueName\":\"search_term_string\"}}],\"inLanguage\":\"pt-PT\"},{\"@type\":\"Organization\",\"@id\":\"https:\/\/comarcas.csm.org.pt\/porto\/#organization\",\"name\":\"Tribunal Judicial da Comarca de Porto\",\"url\":\"https:\/\/comarcas.csm.org.pt\/porto\/\",\"logo\":{\"@type\":\"ImageObject\",\"inLanguage\":\"pt-PT\",\"@id\":\"https:\/\/comarcas.csm.org.pt\/porto\/#\/schema\/logo\/image\/\",\"url\":\"https:\/\/comarcas.csm.org.pt\/porto\/wp-content\/uploads\/sites\/22\/2024\/11\/Porto_positivo-horizontal.png\",\"contentUrl\":\"https:\/\/comarcas.csm.org.pt\/porto\/wp-content\/uploads\/sites\/22\/2024\/11\/Porto_positivo-horizontal.png\",\"width\":4811,\"height\":1215,\"caption\":\"Tribunal Judicial da Comarca de Porto\"},\"image\":{\"@id\":\"https:\/\/comarcas.csm.org.pt\/porto\/#\/schema\/logo\/image\/\"}}]}<\/script>\n<!-- \/ Yoast SEO plugin. -->","yoast_head_json":{"title":"Instrumentos de Gest\u00e3o - Tribunal Judicial da Comarca de Porto","robots":{"index":"index","follow":"follow","max-snippet":"max-snippet:-1","max-image-preview":"max-image-preview:large","max-video-preview":"max-video-preview:-1"},"canonical":"https:\/\/comarcas.csm.org.pt\/porto\/instrumentos-de-gestao\/","og_locale":"pt_PT","og_type":"article","og_title":"Instrumentos de Gest\u00e3o - Tribunal Judicial da Comarca de Porto","og_description":"Regulamentos Protocolos Conselhos Consultivo e de Gest\u00e3o Relat\u00f3rio Anual da Comarca Medidas de gest\u00e3o Despachos da Juiz Presidente Turnos Regulamentos Regulamento da Distribui\u00e7\u00e3o Processual no Tribunal Judicial da Comarca do Porto Regulamento de acesso e utiliza\u00e7\u00e3o dos parques e lugares de estacionamento afetos ao Tribunal Judicial da Comarca do Porto Regulamento Geral do Tribunal Judicial...","og_url":"https:\/\/comarcas.csm.org.pt\/porto\/instrumentos-de-gestao\/","og_site_name":"Tribunal Judicial da Comarca de Porto","article_modified_time":"2026-04-16T14:58:47+00:00","twitter_card":"summary_large_image","twitter_misc":{"Tempo estimado de leitura":"2 minutos"},"schema":{"@context":"https:\/\/schema.org","@graph":[{"@type":"WebPage","@id":"https:\/\/comarcas.csm.org.pt\/porto\/instrumentos-de-gestao\/","url":"https:\/\/comarcas.csm.org.pt\/porto\/instrumentos-de-gestao\/","name":"Instrumentos de Gest\u00e3o - Tribunal Judicial da Comarca de Porto","isPartOf":{"@id":"https:\/\/comarcas.csm.org.pt\/porto\/#website"},"datePublished":"2024-05-22T09:33:02+00:00","dateModified":"2026-04-16T14:58:47+00:00","breadcrumb":{"@id":"https:\/\/comarcas.csm.org.pt\/porto\/instrumentos-de-gestao\/#breadcrumb"},"inLanguage":"pt-PT","potentialAction":[{"@type":"ReadAction","target":["https:\/\/comarcas.csm.org.pt\/porto\/instrumentos-de-gestao\/"]}]},{"@type":"BreadcrumbList","@id":"https:\/\/comarcas.csm.org.pt\/porto\/instrumentos-de-gestao\/#breadcrumb","itemListElement":[{"@type":"ListItem","position":1,"name":"In\u00edcio","item":"https:\/\/comarcas.csm.org.pt\/porto\/"},{"@type":"ListItem","position":2,"name":"Instrumentos de Gest\u00e3o"}]},{"@type":"WebSite","@id":"https:\/\/comarcas.csm.org.pt\/porto\/#website","url":"https:\/\/comarcas.csm.org.pt\/porto\/","name":"Tribunal Judicial da Comarca de Porto","description":"Tribunal Judicial da Comarca do Porto","publisher":{"@id":"https:\/\/comarcas.csm.org.pt\/porto\/#organization"},"potentialAction":[{"@type":"SearchAction","target":{"@type":"EntryPoint","urlTemplate":"https:\/\/comarcas.csm.org.pt\/porto\/?s={search_term_string}"},"query-input":{"@type":"PropertyValueSpecification","valueRequired":true,"valueName":"search_term_string"}}],"inLanguage":"pt-PT"},{"@type":"Organization","@id":"https:\/\/comarcas.csm.org.pt\/porto\/#organization","name":"Tribunal Judicial da Comarca de Porto","url":"https:\/\/comarcas.csm.org.pt\/porto\/","logo":{"@type":"ImageObject","inLanguage":"pt-PT","@id":"https:\/\/comarcas.csm.org.pt\/porto\/#\/schema\/logo\/image\/","url":"https:\/\/comarcas.csm.org.pt\/porto\/wp-content\/uploads\/sites\/22\/2024\/11\/Porto_positivo-horizontal.png","contentUrl":"https:\/\/comarcas.csm.org.pt\/porto\/wp-content\/uploads\/sites\/22\/2024\/11\/Porto_positivo-horizontal.png","width":4811,"height":1215,"caption":"Tribunal Judicial da Comarca de Porto"},"image":{"@id":"https:\/\/comarcas.csm.org.pt\/porto\/#\/schema\/logo\/image\/"}}]}},"_links":{"self":[{"href":"https:\/\/comarcas.csm.org.pt\/porto\/wp-json\/wp\/v2\/pages\/11330","targetHints":{"allow":["GET"]}}],"collection":[{"href":"https:\/\/comarcas.csm.org.pt\/porto\/wp-json\/wp\/v2\/pages"}],"about":[{"href":"https:\/\/comarcas.csm.org.pt\/porto\/wp-json\/wp\/v2\/types\/page"}],"author":[{"embeddable":true,"href":"https:\/\/comarcas.csm.org.pt\/porto\/wp-json\/wp\/v2\/users\/1"}],"replies":[{"embeddable":true,"href":"https:\/\/comarcas.csm.org.pt\/porto\/wp-json\/wp\/v2\/comments?post=11330"}],"version-history":[{"count":119,"href":"https:\/\/comarcas.csm.org.pt\/porto\/wp-json\/wp\/v2\/pages\/11330\/revisions"}],"predecessor-version":[{"id":13123,"href":"https:\/\/comarcas.csm.org.pt\/porto\/wp-json\/wp\/v2\/pages\/11330\/revisions\/13123"}],"wp:attachment":[{"href":"https:\/\/comarcas.csm.org.pt\/porto\/wp-json\/wp\/v2\/media?parent=11330"}],"curies":[{"name":"wp","href":"https:\/\/api.w.org\/{rel}","templated":true}]}}