{"id":11359,"date":"2024-05-22T11:36:09","date_gmt":"2024-05-22T11:36:09","guid":{"rendered":"https:\/\/aveiro.vvr.pt\/?page_id=11359"},"modified":"2025-04-07T13:56:42","modified_gmt":"2025-04-07T13:56:42","slug":"rgpd","status":"publish","type":"page","link":"https:\/\/comarcas.csm.org.pt\/porto\/cidadao\/rgpd\/","title":{"rendered":"RGPD"},"content":{"rendered":"\t\t<div data-elementor-type=\"wp-page\" data-elementor-id=\"11359\" class=\"elementor elementor-11359\" data-elementor-post-type=\"page\">\n\t\t\t\t<div class=\"elementor-element elementor-element-be4dfc3 e-flex e-con-boxed e-con e-parent\" data-id=\"be4dfc3\" data-element_type=\"container\">\n\t\t\t\t\t<div class=\"e-con-inner\">\n\t\t\t\t<div class=\"elementor-element elementor-element-7e07987 elementor-widget elementor-widget-text-editor\" data-id=\"7e07987\" data-element_type=\"widget\" data-widget_type=\"text-editor.default\">\n\t\t\t\t<div class=\"elementor-widget-container\">\n\t\t\t\t\t\t\t\t\t<h3>Regulamento Geral de Prote\u00e7\u00e3o de Dados<\/h3>\n<p>O Regulamento Geral sobre a Prote\u00e7\u00e3o de Dados (\u201cRGPD\u201d) entrou em vigor em maio de 2016 e \u00e9 aplic\u00e1vel em toda a Uni\u00e3o Europeia (UE) desde 25 de maio de 2018, tendo introduzido profundas altera\u00e7\u00f5es nas obriga\u00e7\u00f5es e nos deveres das organiza\u00e7\u00f5es em mat\u00e9ria de prote\u00e7\u00e3o de dados pessoais, das quais se destacam as seguintes:<\/p>\n<p>1. Cria\u00e7\u00e3o de novos direitos dos titulares dos dados pessoais, como o direito \u00e0 portabilidade dos dados, o direito ao esquecimento, o direito de acesso, o direito \u00e0 retifica\u00e7\u00e3o, o direito ao apagamento, o direito \u00e0 oposi\u00e7\u00e3o e \u00e0 revoga\u00e7\u00e3o do consentimento, a limita\u00e7\u00e3o ao tratamento necess\u00e1rio \u00e0 finalidade;<\/p>\n<p>2. Introdu\u00e7\u00e3o de novas regras de responsabiliza\u00e7\u00e3o dos fornecedores de bens e prestadores de servi\u00e7os que tratam dados pessoais por conta do respons\u00e1vel pelo tratamento (os designados \u201csubcontratantes\u201d) quanto ao cumprimento do RGPD;<\/p>\n<p>3. Introdu\u00e7\u00e3o de novas exig\u00eancias quanto \u00e0 validade da recolha do consentimento do titular para o tratamento de dados pessoais (manifesta\u00e7\u00e3o de vontade expressa, livre, espec\u00edfica, informada e inequ\u00edvoca do titular dos dados);<\/p>\n<p>4. Cria\u00e7\u00e3o de uma nova fun\u00e7\u00e3o atrav\u00e9s da figura do Encarregado da Prote\u00e7\u00e3o de Dados (Data Protection Officer), que reporta ao mais alto n\u00edvel da \u201cDire\u00e7\u00e3o\u201d e tem por fun\u00e7\u00e3o zelar pelo cumprimento das obriga\u00e7\u00f5es do RGPD e servir de elo de liga\u00e7\u00e3o com a Autoridade de Controlo Nacional (a Comiss\u00e3o Nacional de Prote\u00e7\u00e3o de Dados \u2013 CNPD), e com os titulares dos dados pessoais.<\/p>\n<p><span style=\"text-align: var(--text-align);background-color: transparent;color: var(--global-palette5);font-family: var(--global-body-font-family);letter-spacing: 0.3px\">A Comarca do Porto, assumindo o compromisso de colocar em pr\u00e1tica o Regulamento em vigor, constituiu uma equipa interna de acompanhamento da implementa\u00e7\u00e3o do RGPD, a qual exerce fun\u00e7\u00f5es em colabora\u00e7\u00e3o com a Encarregada de Prote\u00e7\u00e3o de Dados nomeada pelo Conselho Superior da Magistratura, n\u00e3o tendo, neste \u00e2mbito, at\u00e9 ao momento, sido detetadas quaisquer irregularidades.<\/span><\/p>\n<p>Neste contexto, incumbe \u00e0 mencionada equipa interna avaliar a situa\u00e7\u00e3o presente de compatibilidade com o RGPD, nas vertentes:<br \/>&#8211; Avalia\u00e7\u00e3o das bases legais e contratuais de tratamento;<br \/>&#8211; Avalia\u00e7\u00e3o das pol\u00edticas, regulamentos, procedimentos e processos de gest\u00e3o de dados existentes: levantamento de tratamentos e dados pessoais processados;<br \/>&#8211; Reavalia\u00e7\u00e3o dos dados pessoais capturados, por sistema e tratamento e reconcilia\u00e7\u00e3o com a respetiva base legal;<br \/>&#8211; Avalia\u00e7\u00e3o, por sistema, dos mecanismos de consentimento, transpar\u00eancia, atualiza\u00e7\u00e3o, corre\u00e7\u00e3o, esquecimento, arquivo e anonimiza\u00e7\u00e3o e especifica\u00e7\u00e3o de altera\u00e7\u00f5es;<br \/>&#8211; Avalia\u00e7\u00e3o, por sistema, dos mecanismos de seguran\u00e7a nos interfaces, comunica\u00e7\u00f5es e armazenamento de dados;<br \/>&#8211; Avalia\u00e7\u00e3o do modelo de gest\u00e3o de perfis e permiss\u00f5es, avalia\u00e7\u00e3o dos perfis e permiss\u00f5es atuais ativos.<\/p>\n<p>Poder\u00e3o, neste \u00e2mbito, ser utilizados os seguintes contactos:<br \/>&#8211; Por e-mail: gabinete.juizpresidente.tcporto@tribunais.org.pt;<br \/>&#8211; Por correio: Tribunal Judicial da Comarca do Porto, Pal\u00e1cio da Justi\u00e7a, Campo dos M\u00e1rtires da P\u00e1tria, 4.\u00ba Piso, 4099-012 Porto.<\/p>\n<p>Porto, 06 de junho de 2022,<br \/>A Ju\u00edza Presidente do Tribunal Judicial da Comarca do Porto<br \/>Ausenda Gon\u00e7alves<\/p>\n<p><!-- \/wp:paragraph --><\/p>\t\t\t\t\t\t\t\t<\/div>\n\t\t\t\t<\/div>\n\t\t\t\t<div class=\"elementor-element elementor-element-4cda348 elementor-widget elementor-widget-button\" data-id=\"4cda348\" data-element_type=\"widget\" data-widget_type=\"button.default\">\n\t\t\t\t<div class=\"elementor-widget-container\">\n\t\t\t\t\t\t\t\t\t<div class=\"elementor-button-wrapper\">\n\t\t\t\t\t<a class=\"elementor-button elementor-button-link elementor-size-sm\" href=\"https:\/\/comarcas.csm.org.pt\/porto\/wp-content\/uploads\/sites\/22\/2025\/03\/RGPD.pdf\">\n\t\t\t\t\t\t<span class=\"elementor-button-content-wrapper\">\n\t\t\t\t\t\t\t\t\t<span class=\"elementor-button-text\">Regulamento Geral sobre a  Prote\u00e7\u00e3o de Dados<\/span>\n\t\t\t\t\t<\/span>\n\t\t\t\t\t<\/a>\n\t\t\t\t<\/div>\n\t\t\t\t\t\t\t\t<\/div>\n\t\t\t\t<\/div>\n\t\t\t\t\t<\/div>\n\t\t\t\t<\/div>\n\t\t<div class=\"elementor-element elementor-element-93dd70e e-flex e-con-boxed e-con e-parent\" data-id=\"93dd70e\" data-element_type=\"container\">\n\t\t\t\t\t<div class=\"e-con-inner\">\n\t\t\t\t<div class=\"elementor-element elementor-element-c9ff12d elementor-widget elementor-widget-text-editor\" data-id=\"c9ff12d\" data-element_type=\"widget\" data-widget_type=\"text-editor.default\">\n\t\t\t\t<div class=\"elementor-widget-container\">\n\t\t\t\t\t\t\t\t\t<h3>Encarregado de Prote\u00e7\u00e3o de Dados<\/h3>\n<p>Por delibera\u00e7\u00e3o do Plen\u00e1rio do Conselho Superior da Magistratura de 07 de maio de 2019, foi nomeada como Encarregada de Prote\u00e7\u00e3o de Dados (DPO) daquela entidade a Senhora Ju\u00edza de Direito, Dra. Ana Sofia Bastos Wengorovius, Adjunta do Gabinete do Vice-Presidente do Conselho Superior da Magistratura.<br \/>As fun\u00e7\u00f5es do DPO, inserem-se no \u00e2mbito da atividade administrativa dos Tribunais e n\u00e3o relativamente aos dados judiciais, conforme resulta do Regulamento (EU) n.\u00ba 2016\/679, do Parlamento e do Conselho, de 27 de abril de 2016 &#8211; Regulamento Geral de Prote\u00e7\u00e3o de Dados (RGPD), bem como do Memorando n.\u00ba 1\/2018 do Conselho Superior da Magistratura, e que s\u00e3o sinopticamente as seguintes:<br \/>&#8211; Informa\u00e7\u00e3o e aconselhamento dos Tribunais, seus funcion\u00e1rios e subcontratantes, a respeito das obriga\u00e7\u00f5es emergentes do regime de prote\u00e7\u00e3o de dados;<br \/>&#8211; Aprecia\u00e7\u00e3o da conformidade com esse regime, das pol\u00edticas e atividades dos Tribunais, incluindo a reparti\u00e7\u00e3o de responsabilidades com subcontratados, as pr\u00e1ticas de dete\u00e7\u00e3o e resposta a eventuais viola\u00e7\u00f5es de dados pessoais, a sensibiliza\u00e7\u00e3o e forma\u00e7\u00e3o do pessoal implicado nas opera\u00e7\u00f5es de tratamento de dados e as auditorias correspondentes;<br \/>&#8211; Coopera\u00e7\u00e3o e ponto de contacto com a autoridade de controlo.<\/p>\n<p>O DPO nomeado pode ser contactado, sobre assuntos relacionados com as suas fun\u00e7\u00f5es:<br \/>&#8211; Por email, para o endere\u00e7o: dpo.csm@csm.org.pt;<br \/>&#8211; Por correio, para o endere\u00e7o: Encarregado de Prote\u00e7\u00e3o de Dados do Conselho Superior da Magistratura, Rua Duque de Palmela, n.\u00ba 23, 1250-097 Lisboa.<\/p>\n<p>No que concerne ao tratamento dos dados nos processos judiciais, como decorre do artigo 24.\u00ba, n.\u00ba 7 da Lei n.\u00ba 34\/2009, de 14 de julho, que aprova o regime jur\u00eddico aplic\u00e1vel ao tratamento de dados referentes ao sistema judicial, os mesmos s\u00e3o assegurados pelo juiz titular do respetivo processo:<br \/>&#8211; O direito de informa\u00e7\u00e3o e o direito de acesso aos dados pelo respetivo titular;<br \/>&#8211; A atualiza\u00e7\u00e3o dos dados, bem como a corre\u00e7\u00e3o dos que sejam inexatos, o preenchimento<br \/>dos total ou parcialmente omissos e a supress\u00e3o dos indevidamente registados.<br \/>&#8211; As demais compet\u00eancias previstas na Lei n.\u00ba 58\/2019, de 08.08, lei de execu\u00e7\u00e3o, na ordem jur\u00eddica interna, do RGPD.<\/p>\n<p>Porto, 06 de junho de 2022,<br \/>A Ju\u00edza Presidente do Tribunal Judicial da Comarca do Porto<br \/>Ausenda Gon\u00e7alves<\/p>\t\t\t\t\t\t\t\t<\/div>\n\t\t\t\t<\/div>\n\t\t\t\t\t<\/div>\n\t\t\t\t<\/div>\n\t\t<div class=\"elementor-element elementor-element-ef13816 e-flex e-con-boxed e-con e-parent\" data-id=\"ef13816\" data-element_type=\"container\">\n\t\t\t\t\t<div class=\"e-con-inner\">\n\t\t\t\t<div class=\"elementor-element elementor-element-aade0d1 elementor-widget elementor-widget-button\" data-id=\"aade0d1\" data-element_type=\"widget\" data-widget_type=\"button.default\">\n\t\t\t\t<div class=\"elementor-widget-container\">\n\t\t\t\t\t\t\t\t\t<div class=\"elementor-button-wrapper\">\n\t\t\t\t\t<a class=\"elementor-button elementor-button-link elementor-size-sm\" href=\"https:\/\/comarcas.csm.org.pt\/porto\/wp-content\/uploads\/sites\/22\/2025\/03\/Despacho-nomeacao-DPO.pdf\">\n\t\t\t\t\t\t<span class=\"elementor-button-content-wrapper\">\n\t\t\t\t\t\t\t\t\t<span class=\"elementor-button-text\">Despacho de Nomea\u00e7\u00e3o do DPO do CSM<\/span>\n\t\t\t\t\t<\/span>\n\t\t\t\t\t<\/a>\n\t\t\t\t<\/div>\n\t\t\t\t\t\t\t\t<\/div>\n\t\t\t\t<\/div>\n\t\t\t\t\t<\/div>\n\t\t\t\t<\/div>\n\t\t\t\t<\/div>\n\t\t","protected":false},"excerpt":{"rendered":"<p>Regulamento Geral de Prote\u00e7\u00e3o de Dados O Regulamento Geral sobre a Prote\u00e7\u00e3o de Dados (\u201cRGPD\u201d) entrou em vigor em maio de 2016 e \u00e9 aplic\u00e1vel em toda a Uni\u00e3o Europeia (UE) desde 25 de maio de 2018, tendo introduzido profundas altera\u00e7\u00f5es nas obriga\u00e7\u00f5es e nos deveres das organiza\u00e7\u00f5es em mat\u00e9ria de prote\u00e7\u00e3o de dados pessoais,&#8230;<\/p>\n","protected":false},"author":1,"featured_media":0,"parent":11404,"menu_order":0,"comment_status":"closed","ping_status":"closed","template":"","meta":{"_tbt_post_transparent":"","_tbt_post_title":"","_tbt_post_layout":"","_tbt_post_sidebar_id":"","_tbt_post_content_style":"","_tbt_post_vertical_padding":"","_tbt_post_feature":"","_tbt_post_feature_position":"","_tbt_post_header":false,"_tbt_post_footer":false},"class_list":["post-11359","page","type-page","status-publish","hentry"],"yoast_head":"<!-- This site is optimized with the Yoast SEO plugin v25.6 - https:\/\/yoast.com\/wordpress\/plugins\/seo\/ -->\n<title>RGPD - Tribunal Judicial da Comarca de Porto<\/title>\n<meta name=\"robots\" content=\"index, follow, max-snippet:-1, max-image-preview:large, max-video-preview:-1\" \/>\n<link rel=\"canonical\" href=\"https:\/\/comarcas.csm.org.pt\/porto\/cidadao\/rgpd\/\" \/>\n<meta property=\"og:locale\" content=\"pt_PT\" \/>\n<meta property=\"og:type\" content=\"article\" \/>\n<meta property=\"og:title\" content=\"RGPD - Tribunal Judicial da Comarca de Porto\" \/>\n<meta property=\"og:description\" content=\"Regulamento Geral de Prote\u00e7\u00e3o de Dados O Regulamento Geral sobre a Prote\u00e7\u00e3o de Dados (\u201cRGPD\u201d) entrou em vigor em maio de 2016 e \u00e9 aplic\u00e1vel em toda a Uni\u00e3o Europeia (UE) desde 25 de maio de 2018, tendo introduzido profundas altera\u00e7\u00f5es nas obriga\u00e7\u00f5es e nos deveres das organiza\u00e7\u00f5es em mat\u00e9ria de prote\u00e7\u00e3o de dados pessoais,...\" \/>\n<meta property=\"og:url\" content=\"https:\/\/comarcas.csm.org.pt\/porto\/cidadao\/rgpd\/\" \/>\n<meta property=\"og:site_name\" content=\"Tribunal Judicial da Comarca de Porto\" \/>\n<meta property=\"article:modified_time\" content=\"2025-04-07T13:56:42+00:00\" \/>\n<meta name=\"twitter:card\" content=\"summary_large_image\" \/>\n<meta name=\"twitter:label1\" content=\"Tempo estimado de leitura\" \/>\n\t<meta name=\"twitter:data1\" content=\"5 minutos\" \/>\n<script type=\"application\/ld+json\" class=\"yoast-schema-graph\">{\"@context\":\"https:\/\/schema.org\",\"@graph\":[{\"@type\":\"WebPage\",\"@id\":\"https:\/\/comarcas.csm.org.pt\/porto\/cidadao\/rgpd\/\",\"url\":\"https:\/\/comarcas.csm.org.pt\/porto\/cidadao\/rgpd\/\",\"name\":\"RGPD - Tribunal Judicial da Comarca de Porto\",\"isPartOf\":{\"@id\":\"https:\/\/comarcas.csm.org.pt\/porto\/#website\"},\"datePublished\":\"2024-05-22T11:36:09+00:00\",\"dateModified\":\"2025-04-07T13:56:42+00:00\",\"breadcrumb\":{\"@id\":\"https:\/\/comarcas.csm.org.pt\/porto\/cidadao\/rgpd\/#breadcrumb\"},\"inLanguage\":\"pt-PT\",\"potentialAction\":[{\"@type\":\"ReadAction\",\"target\":[\"https:\/\/comarcas.csm.org.pt\/porto\/cidadao\/rgpd\/\"]}]},{\"@type\":\"BreadcrumbList\",\"@id\":\"https:\/\/comarcas.csm.org.pt\/porto\/cidadao\/rgpd\/#breadcrumb\",\"itemListElement\":[{\"@type\":\"ListItem\",\"position\":1,\"name\":\"In\u00edcio\",\"item\":\"https:\/\/comarcas.csm.org.pt\/porto\/\"},{\"@type\":\"ListItem\",\"position\":2,\"name\":\"Cidad\u00e3o\",\"item\":\"https:\/\/comarcas.csm.org.pt\/porto\/cidadao\/\"},{\"@type\":\"ListItem\",\"position\":3,\"name\":\"RGPD\"}]},{\"@type\":\"WebSite\",\"@id\":\"https:\/\/comarcas.csm.org.pt\/porto\/#website\",\"url\":\"https:\/\/comarcas.csm.org.pt\/porto\/\",\"name\":\"Tribunal Judicial da Comarca de Porto\",\"description\":\"Tribunal Judicial da Comarca do Porto\",\"publisher\":{\"@id\":\"https:\/\/comarcas.csm.org.pt\/porto\/#organization\"},\"potentialAction\":[{\"@type\":\"SearchAction\",\"target\":{\"@type\":\"EntryPoint\",\"urlTemplate\":\"https:\/\/comarcas.csm.org.pt\/porto\/?s={search_term_string}\"},\"query-input\":{\"@type\":\"PropertyValueSpecification\",\"valueRequired\":true,\"valueName\":\"search_term_string\"}}],\"inLanguage\":\"pt-PT\"},{\"@type\":\"Organization\",\"@id\":\"https:\/\/comarcas.csm.org.pt\/porto\/#organization\",\"name\":\"Tribunal Judicial da Comarca de Porto\",\"url\":\"https:\/\/comarcas.csm.org.pt\/porto\/\",\"logo\":{\"@type\":\"ImageObject\",\"inLanguage\":\"pt-PT\",\"@id\":\"https:\/\/comarcas.csm.org.pt\/porto\/#\/schema\/logo\/image\/\",\"url\":\"https:\/\/comarcas.csm.org.pt\/porto\/wp-content\/uploads\/sites\/22\/2024\/11\/Porto_positivo-horizontal.png\",\"contentUrl\":\"https:\/\/comarcas.csm.org.pt\/porto\/wp-content\/uploads\/sites\/22\/2024\/11\/Porto_positivo-horizontal.png\",\"width\":4811,\"height\":1215,\"caption\":\"Tribunal Judicial da Comarca de Porto\"},\"image\":{\"@id\":\"https:\/\/comarcas.csm.org.pt\/porto\/#\/schema\/logo\/image\/\"}}]}<\/script>\n<!-- \/ Yoast SEO plugin. -->","yoast_head_json":{"title":"RGPD - Tribunal Judicial da Comarca de Porto","robots":{"index":"index","follow":"follow","max-snippet":"max-snippet:-1","max-image-preview":"max-image-preview:large","max-video-preview":"max-video-preview:-1"},"canonical":"https:\/\/comarcas.csm.org.pt\/porto\/cidadao\/rgpd\/","og_locale":"pt_PT","og_type":"article","og_title":"RGPD - Tribunal Judicial da Comarca de Porto","og_description":"Regulamento Geral de Prote\u00e7\u00e3o de Dados O Regulamento Geral sobre a Prote\u00e7\u00e3o de Dados (\u201cRGPD\u201d) entrou em vigor em maio de 2016 e \u00e9 aplic\u00e1vel em toda a Uni\u00e3o Europeia (UE) desde 25 de maio de 2018, tendo introduzido profundas altera\u00e7\u00f5es nas obriga\u00e7\u00f5es e nos deveres das organiza\u00e7\u00f5es em mat\u00e9ria de prote\u00e7\u00e3o de dados pessoais,...","og_url":"https:\/\/comarcas.csm.org.pt\/porto\/cidadao\/rgpd\/","og_site_name":"Tribunal Judicial da Comarca de Porto","article_modified_time":"2025-04-07T13:56:42+00:00","twitter_card":"summary_large_image","twitter_misc":{"Tempo estimado de leitura":"5 minutos"},"schema":{"@context":"https:\/\/schema.org","@graph":[{"@type":"WebPage","@id":"https:\/\/comarcas.csm.org.pt\/porto\/cidadao\/rgpd\/","url":"https:\/\/comarcas.csm.org.pt\/porto\/cidadao\/rgpd\/","name":"RGPD - Tribunal Judicial da Comarca de Porto","isPartOf":{"@id":"https:\/\/comarcas.csm.org.pt\/porto\/#website"},"datePublished":"2024-05-22T11:36:09+00:00","dateModified":"2025-04-07T13:56:42+00:00","breadcrumb":{"@id":"https:\/\/comarcas.csm.org.pt\/porto\/cidadao\/rgpd\/#breadcrumb"},"inLanguage":"pt-PT","potentialAction":[{"@type":"ReadAction","target":["https:\/\/comarcas.csm.org.pt\/porto\/cidadao\/rgpd\/"]}]},{"@type":"BreadcrumbList","@id":"https:\/\/comarcas.csm.org.pt\/porto\/cidadao\/rgpd\/#breadcrumb","itemListElement":[{"@type":"ListItem","position":1,"name":"In\u00edcio","item":"https:\/\/comarcas.csm.org.pt\/porto\/"},{"@type":"ListItem","position":2,"name":"Cidad\u00e3o","item":"https:\/\/comarcas.csm.org.pt\/porto\/cidadao\/"},{"@type":"ListItem","position":3,"name":"RGPD"}]},{"@type":"WebSite","@id":"https:\/\/comarcas.csm.org.pt\/porto\/#website","url":"https:\/\/comarcas.csm.org.pt\/porto\/","name":"Tribunal Judicial da Comarca de Porto","description":"Tribunal Judicial da Comarca do Porto","publisher":{"@id":"https:\/\/comarcas.csm.org.pt\/porto\/#organization"},"potentialAction":[{"@type":"SearchAction","target":{"@type":"EntryPoint","urlTemplate":"https:\/\/comarcas.csm.org.pt\/porto\/?s={search_term_string}"},"query-input":{"@type":"PropertyValueSpecification","valueRequired":true,"valueName":"search_term_string"}}],"inLanguage":"pt-PT"},{"@type":"Organization","@id":"https:\/\/comarcas.csm.org.pt\/porto\/#organization","name":"Tribunal Judicial da Comarca de Porto","url":"https:\/\/comarcas.csm.org.pt\/porto\/","logo":{"@type":"ImageObject","inLanguage":"pt-PT","@id":"https:\/\/comarcas.csm.org.pt\/porto\/#\/schema\/logo\/image\/","url":"https:\/\/comarcas.csm.org.pt\/porto\/wp-content\/uploads\/sites\/22\/2024\/11\/Porto_positivo-horizontal.png","contentUrl":"https:\/\/comarcas.csm.org.pt\/porto\/wp-content\/uploads\/sites\/22\/2024\/11\/Porto_positivo-horizontal.png","width":4811,"height":1215,"caption":"Tribunal Judicial da Comarca de Porto"},"image":{"@id":"https:\/\/comarcas.csm.org.pt\/porto\/#\/schema\/logo\/image\/"}}]}},"_links":{"self":[{"href":"https:\/\/comarcas.csm.org.pt\/porto\/wp-json\/wp\/v2\/pages\/11359","targetHints":{"allow":["GET"]}}],"collection":[{"href":"https:\/\/comarcas.csm.org.pt\/porto\/wp-json\/wp\/v2\/pages"}],"about":[{"href":"https:\/\/comarcas.csm.org.pt\/porto\/wp-json\/wp\/v2\/types\/page"}],"author":[{"embeddable":true,"href":"https:\/\/comarcas.csm.org.pt\/porto\/wp-json\/wp\/v2\/users\/1"}],"replies":[{"embeddable":true,"href":"https:\/\/comarcas.csm.org.pt\/porto\/wp-json\/wp\/v2\/comments?post=11359"}],"version-history":[{"count":28,"href":"https:\/\/comarcas.csm.org.pt\/porto\/wp-json\/wp\/v2\/pages\/11359\/revisions"}],"predecessor-version":[{"id":12670,"href":"https:\/\/comarcas.csm.org.pt\/porto\/wp-json\/wp\/v2\/pages\/11359\/revisions\/12670"}],"up":[{"embeddable":true,"href":"https:\/\/comarcas.csm.org.pt\/porto\/wp-json\/wp\/v2\/pages\/11404"}],"wp:attachment":[{"href":"https:\/\/comarcas.csm.org.pt\/porto\/wp-json\/wp\/v2\/media?parent=11359"}],"curies":[{"name":"wp","href":"https:\/\/api.w.org\/{rel}","templated":true}]}}