{"id":11361,"date":"2024-05-22T11:36:25","date_gmt":"2024-05-22T11:36:25","guid":{"rendered":"https:\/\/aveiro.vvr.pt\/?page_id=11361"},"modified":"2026-02-19T14:51:25","modified_gmt":"2026-02-19T14:51:25","slug":"biblioteca","status":"publish","type":"page","link":"https:\/\/comarcas.csm.org.pt\/setubal\/biblioteca\/","title":{"rendered":"Biblioteca"},"content":{"rendered":"\t\t<div data-elementor-type=\"wp-page\" data-elementor-id=\"11361\" class=\"elementor elementor-11361\" data-elementor-post-type=\"page\">\n\t\t\t\t<div class=\"elementor-element elementor-element-ef4a8f2 e-flex e-con-boxed e-con e-parent\" data-id=\"ef4a8f2\" data-element_type=\"container\">\n\t\t\t\t\t<div class=\"e-con-inner\">\n\t\t<div class=\"elementor-element elementor-element-14602e4 e-con-full e-flex e-con e-child\" data-id=\"14602e4\" data-element_type=\"container\">\n\t\t\t\t<div class=\"elementor-element elementor-element-16040e5 elementor-widget elementor-widget-heading\" data-id=\"16040e5\" data-element_type=\"widget\" data-widget_type=\"heading.default\">\n\t\t\t\t<div class=\"elementor-widget-container\">\n\t\t\t\t\t<h2 class=\"elementor-heading-title elementor-size-default\">Biblioteca do Tribunal Judicial da Comarca de Set\u00fabal<\/h2>\t\t\t\t<\/div>\n\t\t\t\t<\/div>\n\t\t\t\t<div class=\"elementor-element elementor-element-3905aad elementor-widget elementor-widget-text-editor\" data-id=\"3905aad\" data-element_type=\"widget\" data-widget_type=\"text-editor.default\">\n\t\t\t\t<div class=\"elementor-widget-container\">\n\t\t\t\t\t\t\t\t\t<p>A Biblioteca do Tribunal Judicial da Comarca de Set\u00fabal \u00e9 constitu\u00edda pelo conjunto de obras e peri\u00f3dicos que, ao longo dos anos, foram sendo adquiridos e oferecidos aos tribunais de comarca que, atualmente, integram a Comarca de Set\u00fabal sendo, no essencial, bibliotecas especializadas na \u00e1rea do Direito, embora possa vir a possuir ou adquirir publica\u00e7\u00f5es em diversas \u00e1reas de conhecimento relevantes para a prossecu\u00e7\u00e3o dos objetivos do tribunal, designadamente na \u00e1rea da economia, gest\u00e3o, contabilidade ou psicologia.<\/p><h6><strong>Miss\u00e3o<\/strong><\/h6><p>A Biblioteca do Tribunal Judicial da Comarca de Set\u00fabal tem como miss\u00e3o dar resposta \u00e0s necessidades de disponibiliza\u00e7\u00e3o de doutrina e de jurisprud\u00eancia relevante para o desempenho da atividade dos magistrados judiciais e do Minist\u00e9rio P\u00fablico, auditores de justi\u00e7a e oficiais de justi\u00e7a que exer\u00e7am fun\u00e7\u00f5es nesta Comarca, podendo ainda disponibilizar o acesso a utilizadores externos.<\/p><h6><strong>Hor\u00e1rios de funcionamento<\/strong><\/h6><p>Segunda-feira a Sexta: 09:00h &#8211; 12:30h | 13:30h &#8211; 16:00h<\/p><h6><strong>Localiza\u00e7\u00e3o<\/strong><\/h6><p><span class=\"k-bold\"><strong>N\u00facleo de Set\u00fabal<\/strong>\u00a0 &#8211; <\/span>Pal\u00e1cio de Justi\u00e7a, Rua Cl\u00e1udio Lagrange, 2904-504 Set\u00fabal<\/p><p><span class=\"k-bold\"><strong>N\u00facleo de Santiago do Cac\u00e9m<\/strong> &#8211;\u00a0<\/span>Pal\u00e1cio de Justi\u00e7a, Avenida D. Nuno \u00c1lvares Pereira, 7540-104 Santiago do Cac\u00e9m<\/p><h6><strong>Como consultar a Biblioteca<\/strong><\/h6><p>Atrav\u00e9s de pr\u00e9vio contacto com o Gabinete de Apoio aos Magistrados Judiciais, utilizando o endere\u00e7o eletr\u00f3nico abaixo indicado, dispondo ainda de um cat\u00e1logo online dispon\u00edvel para consulta.<\/p><p>Para consulta do cat\u00e1logo online:<\/p><ul><li><span style=\"text-decoration: underline\"><strong><a href=\"https:\/\/bibliotecas.justica.gov.pt\/cgi-bin\/koha\/opac-search.pl?idx=&amp;q=&amp;limit=branch%3ATJCSTB&amp;sort_by=relevance&amp;count=20&amp;limit=location:STB\" target=\"_blank\" rel=\"noopener\">Set\u00fabal<\/a><\/strong><\/span><\/li><li><span style=\"text-decoration: underline\"><strong><a href=\"https:\/\/bibliotecas.justica.gov.pt\/cgi-bin\/koha\/opac-search.pl?idx=&amp;q=&amp;limit=branch%3ATJCSTB&amp;sort_by=relevance&amp;count=20&amp;limit=location:STC\" target=\"_blank\" rel=\"noopener\">Santiago do Cac\u00e9m\u00a0<\/a><\/strong><\/span><\/li><\/ul><p>As regras de consulta das obras encontram-se em regulamento pr\u00f3prio. <span style=\"text-decoration: underline\"><strong><a href=\"https:\/\/comarcas.csm.org.pt\/setubal\/wp-content\/uploads\/sites\/7\/2026\/02\/Regulamento-das-Bibliotecas-do-Tribunal-Judicial-da-Comarca-de-Setubal.pdf\" target=\"_blank\" rel=\"noopener\">Regulamento das Bibliotecas do Tribunal Judicial da Comarca de Set\u00fabal<\/a><\/strong><\/span><\/p><h6><strong>Contactos<\/strong><\/h6><ul><li>Email:\u00a0<a href=\"mailto:biblioteca.setubal@tribunais.org.pt\" target=\"_blank\" rel=\"noopener\"><span style=\"text-decoration: underline\"><strong>biblioteca.setubal@tribunais.org.pt<\/strong><\/span><\/a><\/li><\/ul><h6><strong>Outras informa\u00e7\u00f5es \u00fateis<\/strong><\/h6><ul><li>O acesso \u00e0 biblioteca n\u00e3o se encontra aberto ao p\u00fablico.<\/li><\/ul>\t\t\t\t\t\t\t\t<\/div>\n\t\t\t\t<\/div>\n\t\t\t\t<\/div>\n\t\t\t\t<div class=\"elementor-element elementor-element-2e9c21d elementor-widget elementor-widget-image\" data-id=\"2e9c21d\" data-element_type=\"widget\" data-widget_type=\"image.default\">\n\t\t\t\t<div class=\"elementor-widget-container\">\n\t\t\t\t\t\t\t\t\t\t\t\t\t\t\t<img fetchpriority=\"high\" decoding=\"async\" width=\"1024\" height=\"581\" src=\"https:\/\/comarcas.csm.org.pt\/setubal\/wp-content\/uploads\/sites\/7\/2022\/10\/Parallax-03-1024x581.jpg\" class=\"attachment-large size-large wp-image-10310\" alt=\"\" srcset=\"https:\/\/comarcas.csm.org.pt\/setubal\/wp-content\/uploads\/sites\/7\/2022\/10\/Parallax-03-1024x581.jpg 1024w, https:\/\/comarcas.csm.org.pt\/setubal\/wp-content\/uploads\/sites\/7\/2022\/10\/Parallax-03-300x170.jpg 300w, https:\/\/comarcas.csm.org.pt\/setubal\/wp-content\/uploads\/sites\/7\/2022\/10\/Parallax-03-768x436.jpg 768w, https:\/\/comarcas.csm.org.pt\/setubal\/wp-content\/uploads\/sites\/7\/2022\/10\/Parallax-03-1536x872.jpg 1536w, https:\/\/comarcas.csm.org.pt\/setubal\/wp-content\/uploads\/sites\/7\/2022\/10\/Parallax-03.jpg 1903w\" sizes=\"(max-width: 1024px) 100vw, 1024px\" \/>\t\t\t\t\t\t\t\t\t\t\t\t\t\t\t<\/div>\n\t\t\t\t<\/div>\n\t\t\t\t\t<\/div>\n\t\t\t\t<\/div>\n\t\t<div class=\"elementor-element elementor-element-290dbef e-flex e-con-boxed e-con e-parent\" data-id=\"290dbef\" data-element_type=\"container\">\n\t\t\t\t\t<div class=\"e-con-inner\">\n\t\t\t\t\t<\/div>\n\t\t\t\t<\/div>\n\t\t\t\t<\/div>\n\t\t","protected":false},"excerpt":{"rendered":"<p>Biblioteca do Tribunal Judicial da Comarca de Set\u00fabal A Biblioteca do Tribunal Judicial da Comarca de Set\u00fabal \u00e9 constitu\u00edda pelo conjunto de obras e peri\u00f3dicos que, ao longo dos anos, foram sendo adquiridos e oferecidos aos tribunais de comarca que, atualmente, integram a Comarca de Set\u00fabal sendo, no essencial, bibliotecas especializadas na \u00e1rea do Direito,&#8230;<\/p>\n","protected":false},"author":1,"featured_media":0,"parent":0,"menu_order":0,"comment_status":"closed","ping_status":"closed","template":"","meta":{"_tbt_post_transparent":"","_tbt_post_title":"","_tbt_post_layout":"","_tbt_post_sidebar_id":"","_tbt_post_content_style":"","_tbt_post_vertical_padding":"","_tbt_post_feature":"","_tbt_post_feature_position":"","_tbt_post_header":false,"_tbt_post_footer":false},"class_list":["post-11361","page","type-page","status-publish","hentry"],"yoast_head":"<!-- This site is optimized with the Yoast SEO plugin v25.6 - https:\/\/yoast.com\/wordpress\/plugins\/seo\/ -->\n<title>Biblioteca - Tribunal Judicial da Comarca de Set\u00fabal<\/title>\n<meta name=\"robots\" content=\"index, follow, max-snippet:-1, max-image-preview:large, max-video-preview:-1\" \/>\n<link rel=\"canonical\" href=\"https:\/\/comarcas.csm.org.pt\/setubal\/biblioteca\/\" \/>\n<meta property=\"og:locale\" content=\"pt_PT\" \/>\n<meta property=\"og:type\" content=\"article\" \/>\n<meta property=\"og:title\" content=\"Biblioteca - Tribunal Judicial da Comarca de Set\u00fabal\" \/>\n<meta property=\"og:description\" content=\"Biblioteca do Tribunal Judicial da Comarca de Set\u00fabal A Biblioteca do Tribunal Judicial da Comarca de Set\u00fabal \u00e9 constitu\u00edda pelo conjunto de obras e peri\u00f3dicos que, ao longo dos anos, foram sendo adquiridos e oferecidos aos tribunais de comarca que, atualmente, integram a Comarca de Set\u00fabal sendo, no essencial, bibliotecas especializadas na \u00e1rea do Direito,...\" \/>\n<meta property=\"og:url\" content=\"https:\/\/comarcas.csm.org.pt\/setubal\/biblioteca\/\" \/>\n<meta property=\"og:site_name\" content=\"Tribunal Judicial da Comarca de Set\u00fabal\" \/>\n<meta property=\"article:modified_time\" content=\"2026-02-19T14:51:25+00:00\" \/>\n<meta property=\"og:image\" content=\"https:\/\/comarcas.csm.org.pt\/setubal\/wp-content\/uploads\/sites\/7\/2022\/10\/Parallax-03.jpg\" \/>\n\t<meta property=\"og:image:width\" content=\"1903\" \/>\n\t<meta property=\"og:image:height\" content=\"1080\" \/>\n\t<meta property=\"og:image:type\" content=\"image\/jpeg\" \/>\n<meta name=\"twitter:card\" content=\"summary_large_image\" \/>\n<meta name=\"twitter:label1\" content=\"Tempo estimado de leitura\" \/>\n\t<meta name=\"twitter:data1\" content=\"2 minutos\" \/>\n<script type=\"application\/ld+json\" class=\"yoast-schema-graph\">{\"@context\":\"https:\/\/schema.org\",\"@graph\":[{\"@type\":\"WebPage\",\"@id\":\"https:\/\/comarcas.csm.org.pt\/setubal\/biblioteca\/\",\"url\":\"https:\/\/comarcas.csm.org.pt\/setubal\/biblioteca\/\",\"name\":\"Biblioteca - Tribunal Judicial da Comarca de Set\u00fabal\",\"isPartOf\":{\"@id\":\"https:\/\/comarcas.csm.org.pt\/setubal\/#website\"},\"primaryImageOfPage\":{\"@id\":\"https:\/\/comarcas.csm.org.pt\/setubal\/biblioteca\/#primaryimage\"},\"image\":{\"@id\":\"https:\/\/comarcas.csm.org.pt\/setubal\/biblioteca\/#primaryimage\"},\"thumbnailUrl\":\"https:\/\/comarcas.csm.org.pt\/setubal\/wp-content\/uploads\/sites\/7\/2022\/10\/Parallax-03-1024x581.jpg\",\"datePublished\":\"2024-05-22T11:36:25+00:00\",\"dateModified\":\"2026-02-19T14:51:25+00:00\",\"breadcrumb\":{\"@id\":\"https:\/\/comarcas.csm.org.pt\/setubal\/biblioteca\/#breadcrumb\"},\"inLanguage\":\"pt-PT\",\"potentialAction\":[{\"@type\":\"ReadAction\",\"target\":[\"https:\/\/comarcas.csm.org.pt\/setubal\/biblioteca\/\"]}]},{\"@type\":\"ImageObject\",\"inLanguage\":\"pt-PT\",\"@id\":\"https:\/\/comarcas.csm.org.pt\/setubal\/biblioteca\/#primaryimage\",\"url\":\"https:\/\/comarcas.csm.org.pt\/setubal\/wp-content\/uploads\/sites\/7\/2022\/10\/Parallax-03.jpg\",\"contentUrl\":\"https:\/\/comarcas.csm.org.pt\/setubal\/wp-content\/uploads\/sites\/7\/2022\/10\/Parallax-03.jpg\",\"width\":1903,\"height\":1080},{\"@type\":\"BreadcrumbList\",\"@id\":\"https:\/\/comarcas.csm.org.pt\/setubal\/biblioteca\/#breadcrumb\",\"itemListElement\":[{\"@type\":\"ListItem\",\"position\":1,\"name\":\"In\u00edcio\",\"item\":\"https:\/\/comarcas.csm.org.pt\/setubal\/\"},{\"@type\":\"ListItem\",\"position\":2,\"name\":\"Biblioteca\"}]},{\"@type\":\"WebSite\",\"@id\":\"https:\/\/comarcas.csm.org.pt\/setubal\/#website\",\"url\":\"https:\/\/comarcas.csm.org.pt\/setubal\/\",\"name\":\"Tribunal Judicial da Comarca de Set\u00fabal\",\"description\":\"Tribunal Judicial da Comarca de Set\u00fabal\",\"publisher\":{\"@id\":\"https:\/\/comarcas.csm.org.pt\/setubal\/#organization\"},\"potentialAction\":[{\"@type\":\"SearchAction\",\"target\":{\"@type\":\"EntryPoint\",\"urlTemplate\":\"https:\/\/comarcas.csm.org.pt\/setubal\/?s={search_term_string}\"},\"query-input\":{\"@type\":\"PropertyValueSpecification\",\"valueRequired\":true,\"valueName\":\"search_term_string\"}}],\"inLanguage\":\"pt-PT\"},{\"@type\":\"Organization\",\"@id\":\"https:\/\/comarcas.csm.org.pt\/setubal\/#organization\",\"name\":\"Tribunal Judicial da Comarca de Set\u00fabal\",\"url\":\"https:\/\/comarcas.csm.org.pt\/setubal\/\",\"logo\":{\"@type\":\"ImageObject\",\"inLanguage\":\"pt-PT\",\"@id\":\"https:\/\/comarcas.csm.org.pt\/setubal\/#\/schema\/logo\/image\/\",\"url\":\"https:\/\/comarcas.csm.org.pt\/setubal\/wp-content\/uploads\/sites\/7\/2024\/09\/cropped-Logotipo-Comarca-Setubal-Horizontal.png\",\"contentUrl\":\"https:\/\/comarcas.csm.org.pt\/setubal\/wp-content\/uploads\/sites\/7\/2024\/09\/cropped-Logotipo-Comarca-Setubal-Horizontal.png\",\"width\":4434,\"height\":1102,\"caption\":\"Tribunal Judicial da Comarca de Set\u00fabal\"},\"image\":{\"@id\":\"https:\/\/comarcas.csm.org.pt\/setubal\/#\/schema\/logo\/image\/\"}}]}<\/script>\n<!-- \/ Yoast SEO plugin. -->","yoast_head_json":{"title":"Biblioteca - Tribunal Judicial da Comarca de Set\u00fabal","robots":{"index":"index","follow":"follow","max-snippet":"max-snippet:-1","max-image-preview":"max-image-preview:large","max-video-preview":"max-video-preview:-1"},"canonical":"https:\/\/comarcas.csm.org.pt\/setubal\/biblioteca\/","og_locale":"pt_PT","og_type":"article","og_title":"Biblioteca - Tribunal Judicial da Comarca de Set\u00fabal","og_description":"Biblioteca do Tribunal Judicial da Comarca de Set\u00fabal A Biblioteca do Tribunal Judicial da Comarca de Set\u00fabal \u00e9 constitu\u00edda pelo conjunto de obras e peri\u00f3dicos que, ao longo dos anos, foram sendo adquiridos e oferecidos aos tribunais de comarca que, atualmente, integram a Comarca de Set\u00fabal sendo, no essencial, bibliotecas especializadas na \u00e1rea do Direito,...","og_url":"https:\/\/comarcas.csm.org.pt\/setubal\/biblioteca\/","og_site_name":"Tribunal Judicial da Comarca de Set\u00fabal","article_modified_time":"2026-02-19T14:51:25+00:00","og_image":[{"width":1903,"height":1080,"url":"https:\/\/comarcas.csm.org.pt\/setubal\/wp-content\/uploads\/sites\/7\/2022\/10\/Parallax-03.jpg","type":"image\/jpeg"}],"twitter_card":"summary_large_image","twitter_misc":{"Tempo estimado de leitura":"2 minutos"},"schema":{"@context":"https:\/\/schema.org","@graph":[{"@type":"WebPage","@id":"https:\/\/comarcas.csm.org.pt\/setubal\/biblioteca\/","url":"https:\/\/comarcas.csm.org.pt\/setubal\/biblioteca\/","name":"Biblioteca - Tribunal Judicial da Comarca de Set\u00fabal","isPartOf":{"@id":"https:\/\/comarcas.csm.org.pt\/setubal\/#website"},"primaryImageOfPage":{"@id":"https:\/\/comarcas.csm.org.pt\/setubal\/biblioteca\/#primaryimage"},"image":{"@id":"https:\/\/comarcas.csm.org.pt\/setubal\/biblioteca\/#primaryimage"},"thumbnailUrl":"https:\/\/comarcas.csm.org.pt\/setubal\/wp-content\/uploads\/sites\/7\/2022\/10\/Parallax-03-1024x581.jpg","datePublished":"2024-05-22T11:36:25+00:00","dateModified":"2026-02-19T14:51:25+00:00","breadcrumb":{"@id":"https:\/\/comarcas.csm.org.pt\/setubal\/biblioteca\/#breadcrumb"},"inLanguage":"pt-PT","potentialAction":[{"@type":"ReadAction","target":["https:\/\/comarcas.csm.org.pt\/setubal\/biblioteca\/"]}]},{"@type":"ImageObject","inLanguage":"pt-PT","@id":"https:\/\/comarcas.csm.org.pt\/setubal\/biblioteca\/#primaryimage","url":"https:\/\/comarcas.csm.org.pt\/setubal\/wp-content\/uploads\/sites\/7\/2022\/10\/Parallax-03.jpg","contentUrl":"https:\/\/comarcas.csm.org.pt\/setubal\/wp-content\/uploads\/sites\/7\/2022\/10\/Parallax-03.jpg","width":1903,"height":1080},{"@type":"BreadcrumbList","@id":"https:\/\/comarcas.csm.org.pt\/setubal\/biblioteca\/#breadcrumb","itemListElement":[{"@type":"ListItem","position":1,"name":"In\u00edcio","item":"https:\/\/comarcas.csm.org.pt\/setubal\/"},{"@type":"ListItem","position":2,"name":"Biblioteca"}]},{"@type":"WebSite","@id":"https:\/\/comarcas.csm.org.pt\/setubal\/#website","url":"https:\/\/comarcas.csm.org.pt\/setubal\/","name":"Tribunal Judicial da Comarca de Set\u00fabal","description":"Tribunal Judicial da Comarca de Set\u00fabal","publisher":{"@id":"https:\/\/comarcas.csm.org.pt\/setubal\/#organization"},"potentialAction":[{"@type":"SearchAction","target":{"@type":"EntryPoint","urlTemplate":"https:\/\/comarcas.csm.org.pt\/setubal\/?s={search_term_string}"},"query-input":{"@type":"PropertyValueSpecification","valueRequired":true,"valueName":"search_term_string"}}],"inLanguage":"pt-PT"},{"@type":"Organization","@id":"https:\/\/comarcas.csm.org.pt\/setubal\/#organization","name":"Tribunal Judicial da Comarca de Set\u00fabal","url":"https:\/\/comarcas.csm.org.pt\/setubal\/","logo":{"@type":"ImageObject","inLanguage":"pt-PT","@id":"https:\/\/comarcas.csm.org.pt\/setubal\/#\/schema\/logo\/image\/","url":"https:\/\/comarcas.csm.org.pt\/setubal\/wp-content\/uploads\/sites\/7\/2024\/09\/cropped-Logotipo-Comarca-Setubal-Horizontal.png","contentUrl":"https:\/\/comarcas.csm.org.pt\/setubal\/wp-content\/uploads\/sites\/7\/2024\/09\/cropped-Logotipo-Comarca-Setubal-Horizontal.png","width":4434,"height":1102,"caption":"Tribunal Judicial da Comarca de Set\u00fabal"},"image":{"@id":"https:\/\/comarcas.csm.org.pt\/setubal\/#\/schema\/logo\/image\/"}}]}},"_links":{"self":[{"href":"https:\/\/comarcas.csm.org.pt\/setubal\/wp-json\/wp\/v2\/pages\/11361","targetHints":{"allow":["GET"]}}],"collection":[{"href":"https:\/\/comarcas.csm.org.pt\/setubal\/wp-json\/wp\/v2\/pages"}],"about":[{"href":"https:\/\/comarcas.csm.org.pt\/setubal\/wp-json\/wp\/v2\/types\/page"}],"author":[{"embeddable":true,"href":"https:\/\/comarcas.csm.org.pt\/setubal\/wp-json\/wp\/v2\/users\/1"}],"replies":[{"embeddable":true,"href":"https:\/\/comarcas.csm.org.pt\/setubal\/wp-json\/wp\/v2\/comments?post=11361"}],"version-history":[{"count":3,"href":"https:\/\/comarcas.csm.org.pt\/setubal\/wp-json\/wp\/v2\/pages\/11361\/revisions"}],"predecessor-version":[{"id":13035,"href":"https:\/\/comarcas.csm.org.pt\/setubal\/wp-json\/wp\/v2\/pages\/11361\/revisions\/13035"}],"wp:attachment":[{"href":"https:\/\/comarcas.csm.org.pt\/setubal\/wp-json\/wp\/v2\/media?parent=11361"}],"curies":[{"name":"wp","href":"https:\/\/api.w.org\/{rel}","templated":true}]}}