{"id":11467,"date":"2024-06-30T21:19:48","date_gmt":"2024-06-30T21:19:48","guid":{"rendered":"https:\/\/aveiro.vvr.pt\/?page_id=11467"},"modified":"2025-07-14T11:33:29","modified_gmt":"2025-07-14T11:33:29","slug":"mensagemdopresidente","status":"publish","type":"page","link":"https:\/\/comarcas.csm.org.pt\/setubal\/acomarca\/mensagemdopresidente\/","title":{"rendered":"Mensagem do Presidente"},"content":{"rendered":"\t\t<div data-elementor-type=\"wp-page\" data-elementor-id=\"11467\" class=\"elementor elementor-11467\" data-elementor-post-type=\"page\">\n\t\t\t\t<div class=\"elementor-element elementor-element-f0b8c02 e-flex e-con-boxed e-con e-parent\" data-id=\"f0b8c02\" data-element_type=\"container\">\n\t\t\t\t\t<div class=\"e-con-inner\">\n\t\t<div class=\"elementor-element elementor-element-ed5f838 e-con-full e-flex e-con e-child\" data-id=\"ed5f838\" data-element_type=\"container\">\n\t\t\t\t<div class=\"elementor-element elementor-element-b4e8e24 elementor-widget elementor-widget-image\" data-id=\"b4e8e24\" data-element_type=\"widget\" data-widget_type=\"image.default\">\n\t\t\t\t<div class=\"elementor-widget-container\">\n\t\t\t\t\t\t\t\t\t\t\t\t\t\t\t<img fetchpriority=\"high\" decoding=\"async\" width=\"683\" height=\"1024\" src=\"https:\/\/comarcas.csm.org.pt\/setubal\/wp-content\/uploads\/sites\/7\/2025\/07\/Foto-JP-683x1024.jpg\" class=\"attachment-large size-large wp-image-12651\" alt=\"\" srcset=\"https:\/\/comarcas.csm.org.pt\/setubal\/wp-content\/uploads\/sites\/7\/2025\/07\/Foto-JP-683x1024.jpg 683w, https:\/\/comarcas.csm.org.pt\/setubal\/wp-content\/uploads\/sites\/7\/2025\/07\/Foto-JP-200x300.jpg 200w, https:\/\/comarcas.csm.org.pt\/setubal\/wp-content\/uploads\/sites\/7\/2025\/07\/Foto-JP-768x1152.jpg 768w, https:\/\/comarcas.csm.org.pt\/setubal\/wp-content\/uploads\/sites\/7\/2025\/07\/Foto-JP-1024x1536.jpg 1024w\" sizes=\"(max-width: 683px) 100vw, 683px\" \/>\t\t\t\t\t\t\t\t\t\t\t\t\t\t\t<\/div>\n\t\t\t\t<\/div>\n\t\t\t\t<\/div>\n\t\t<div class=\"elementor-element elementor-element-fd6e0dc e-con-full e-flex e-con e-child\" data-id=\"fd6e0dc\" data-element_type=\"container\">\n\t\t\t\t<div class=\"elementor-element elementor-element-9ea1d40 elementor-widget elementor-widget-heading\" data-id=\"9ea1d40\" data-element_type=\"widget\" data-widget_type=\"heading.default\">\n\t\t\t\t<div class=\"elementor-widget-container\">\n\t\t\t\t\t<h2 class=\"elementor-heading-title elementor-size-default\">Mensagem do Presidente<\/h2>\t\t\t\t<\/div>\n\t\t\t\t<\/div>\n\t\t\t\t<div class=\"elementor-element elementor-element-495703b elementor-widget elementor-widget-text-editor\" data-id=\"495703b\" data-element_type=\"widget\" data-widget_type=\"text-editor.default\">\n\t\t\t\t<div class=\"elementor-widget-container\">\n\t\t\t\t\t\t\t\t\t<p>A Comarca de Set\u00fabal congrega os tribunais cuja \u00e1rea geogr\u00e1fica de compet\u00eancia abrange os munic\u00edpios de Set\u00fabal, Palmela, Sesimbra, Alc\u00e1cer do Sal, Gr\u00e2ndola, Santiago do Cac\u00e9m e Sines.<\/p><p>As diversas \u00e1reas de compet\u00eancia material abrangidas pelos ju\u00edzos instalados nestes munic\u00edpios incluem os Ju\u00edzos Centrais C\u00edveis e Criminais de Set\u00fabal, o Ju\u00edzo de Instru\u00e7\u00e3o Criminal de Set\u00fabal, o Ju\u00edzo Central de Com\u00e9rcio de Set\u00fabal, o Ju\u00edzo Central de Execu\u00e7\u00f5es de Set\u00fabal, os Ju\u00edzos Centrais de Trabalho de Set\u00fabal e de Sines, os Ju\u00edzos Centrais de Fam\u00edlia e Menores de Set\u00fabal e de Santiago do Cac\u00e9m, os Ju\u00edzos Locais C\u00edveis e Criminais de Set\u00fabal e os Ju\u00edzos Locais de Sesimbra, Gr\u00e2ndola e Santiago do Cac\u00e9m, bem como os Ju\u00edzos de Proximidade de Alc\u00e1cer do Sal e de Sines, procurando dar uma resposta adequada \u00e0s necessidades dos cidad\u00e3os nas diversas \u00e1reas de Administra\u00e7\u00e3o da Justi\u00e7a e com a proximidade que os recursos permitem e justificam.<\/p><p>Com a nova organiza\u00e7\u00e3o judici\u00e1ria iniciada em 2014, pretende-se um novo paradigma de funcionamento dos tribunais de comarca, procurando conciliar a especializa\u00e7\u00e3o na resolu\u00e7\u00e3o das quest\u00f5es que s\u00e3o colocadas junto dos tribunais com a proximidade dos \u00f3rg\u00e3os judiciais face \u00e0 coletividade de cidad\u00e3os que visam servir.<\/p><p>\u00c9 sabido que a concilia\u00e7\u00e3o entre estes dois fatores nem sempre \u00e9 poss\u00edvel de garantir de forma plena, motivo pelo qual esta p\u00e1gina inform\u00e1tica pretende a aproxima\u00e7\u00e3o dos cidad\u00e3os \u00e0 realidade judici\u00e1ria da Comarca de Set\u00fabal, atrav\u00e9s dos seus \u00f3rg\u00e3os de gest\u00e3o, disponibilizando as not\u00edcias dos factos judici\u00e1rios mais relevantes ou divulgando as informa\u00e7\u00f5es com utilidade para a comunidade, potenciando um exerc\u00edcio transparente e compreens\u00edvel da Administra\u00e7\u00e3o da Justi\u00e7a perante aqueles em nome de quem \u00e9 exercida.<\/p><p>Em suma, procuramos promover uma Comarca de Set\u00fabal mais pr\u00f3xima dos cidad\u00e3os, ao servi\u00e7o da comunidade em nome do qual administramos a Justi\u00e7a e procurando concretizar, na nossa \u00e1rea geogr\u00e1fica de interven\u00e7\u00e3o, a defesa do Estado de Direito democr\u00e1tico e a independ\u00eancia dos tribunais.<\/p><p>O Juiz Presidente da Comarca de Set\u00fabal<br \/>Ant\u00f3nio Jos\u00e9 Fialho<br \/>Juiz Desembargador<\/p>\t\t\t\t\t\t\t\t<\/div>\n\t\t\t\t<\/div>\n\t\t\t\t<\/div>\n\t\t\t\t\t<\/div>\n\t\t\t\t<\/div>\n\t\t\t\t<\/div>\n\t\t","protected":false},"excerpt":{"rendered":"<p>Mensagem do Presidente A Comarca de Set\u00fabal congrega os tribunais cuja \u00e1rea geogr\u00e1fica de compet\u00eancia abrange os munic\u00edpios de Set\u00fabal, Palmela, Sesimbra, Alc\u00e1cer do Sal, Gr\u00e2ndola, Santiago do Cac\u00e9m e Sines. As diversas \u00e1reas de compet\u00eancia material abrangidas pelos ju\u00edzos instalados nestes munic\u00edpios incluem os Ju\u00edzos Centrais C\u00edveis e Criminais de Set\u00fabal, o Ju\u00edzo de&#8230;<\/p>\n","protected":false},"author":1,"featured_media":0,"parent":2242,"menu_order":0,"comment_status":"closed","ping_status":"closed","template":"","meta":{"_tbt_post_transparent":"","_tbt_post_title":"","_tbt_post_layout":"default","_tbt_post_sidebar_id":"","_tbt_post_content_style":"","_tbt_post_vertical_padding":"","_tbt_post_feature":"","_tbt_post_feature_position":"","_tbt_post_header":false,"_tbt_post_footer":false},"class_list":["post-11467","page","type-page","status-publish","hentry"],"yoast_head":"<!-- This site is optimized with the Yoast SEO plugin v25.6 - https:\/\/yoast.com\/wordpress\/plugins\/seo\/ -->\n<title>Mensagem do Presidente - Tribunal Judicial da Comarca de Set\u00fabal<\/title>\n<meta name=\"robots\" content=\"index, follow, max-snippet:-1, max-image-preview:large, max-video-preview:-1\" \/>\n<link rel=\"canonical\" href=\"https:\/\/comarcas.csm.org.pt\/setubal\/acomarca\/mensagemdopresidente\/\" \/>\n<meta property=\"og:locale\" content=\"pt_PT\" \/>\n<meta property=\"og:type\" content=\"article\" \/>\n<meta property=\"og:title\" content=\"Mensagem do Presidente - Tribunal Judicial da Comarca de Set\u00fabal\" \/>\n<meta property=\"og:description\" content=\"Mensagem do Presidente A Comarca de Set\u00fabal congrega os tribunais cuja \u00e1rea geogr\u00e1fica de compet\u00eancia abrange os munic\u00edpios de Set\u00fabal, Palmela, Sesimbra, Alc\u00e1cer do Sal, Gr\u00e2ndola, Santiago do Cac\u00e9m e Sines. As diversas \u00e1reas de compet\u00eancia material abrangidas pelos ju\u00edzos instalados nestes munic\u00edpios incluem os Ju\u00edzos Centrais C\u00edveis e Criminais de Set\u00fabal, o Ju\u00edzo de...\" \/>\n<meta property=\"og:url\" content=\"https:\/\/comarcas.csm.org.pt\/setubal\/acomarca\/mensagemdopresidente\/\" \/>\n<meta property=\"og:site_name\" content=\"Tribunal Judicial da Comarca de Set\u00fabal\" \/>\n<meta property=\"article:modified_time\" content=\"2025-07-14T11:33:29+00:00\" \/>\n<meta property=\"og:image\" content=\"https:\/\/comarcas.csm.org.pt\/setubal\/wp-content\/uploads\/sites\/7\/2025\/07\/Foto-JP-683x1024.jpg\" \/>\n\t<meta property=\"og:image:width\" content=\"683\" \/>\n\t<meta property=\"og:image:height\" content=\"1024\" \/>\n\t<meta property=\"og:image:type\" content=\"image\/jpeg\" \/>\n<meta name=\"twitter:card\" content=\"summary_large_image\" \/>\n<meta name=\"twitter:label1\" content=\"Tempo estimado de leitura\" \/>\n\t<meta name=\"twitter:data1\" content=\"3 minutos\" \/>\n<script type=\"application\/ld+json\" class=\"yoast-schema-graph\">{\"@context\":\"https:\/\/schema.org\",\"@graph\":[{\"@type\":\"WebPage\",\"@id\":\"https:\/\/comarcas.csm.org.pt\/setubal\/acomarca\/mensagemdopresidente\/\",\"url\":\"https:\/\/comarcas.csm.org.pt\/setubal\/acomarca\/mensagemdopresidente\/\",\"name\":\"Mensagem do Presidente - Tribunal Judicial da Comarca de Set\u00fabal\",\"isPartOf\":{\"@id\":\"https:\/\/comarcas.csm.org.pt\/setubal\/#website\"},\"primaryImageOfPage\":{\"@id\":\"https:\/\/comarcas.csm.org.pt\/setubal\/acomarca\/mensagemdopresidente\/#primaryimage\"},\"image\":{\"@id\":\"https:\/\/comarcas.csm.org.pt\/setubal\/acomarca\/mensagemdopresidente\/#primaryimage\"},\"thumbnailUrl\":\"https:\/\/comarcas.csm.org.pt\/setubal\/wp-content\/uploads\/sites\/7\/2025\/07\/Foto-JP-683x1024.jpg\",\"datePublished\":\"2024-06-30T21:19:48+00:00\",\"dateModified\":\"2025-07-14T11:33:29+00:00\",\"breadcrumb\":{\"@id\":\"https:\/\/comarcas.csm.org.pt\/setubal\/acomarca\/mensagemdopresidente\/#breadcrumb\"},\"inLanguage\":\"pt-PT\",\"potentialAction\":[{\"@type\":\"ReadAction\",\"target\":[\"https:\/\/comarcas.csm.org.pt\/setubal\/acomarca\/mensagemdopresidente\/\"]}]},{\"@type\":\"ImageObject\",\"inLanguage\":\"pt-PT\",\"@id\":\"https:\/\/comarcas.csm.org.pt\/setubal\/acomarca\/mensagemdopresidente\/#primaryimage\",\"url\":\"https:\/\/comarcas.csm.org.pt\/setubal\/wp-content\/uploads\/sites\/7\/2025\/07\/Foto-JP.jpg\",\"contentUrl\":\"https:\/\/comarcas.csm.org.pt\/setubal\/wp-content\/uploads\/sites\/7\/2025\/07\/Foto-JP.jpg\",\"width\":5235,\"height\":7852},{\"@type\":\"BreadcrumbList\",\"@id\":\"https:\/\/comarcas.csm.org.pt\/setubal\/acomarca\/mensagemdopresidente\/#breadcrumb\",\"itemListElement\":[{\"@type\":\"ListItem\",\"position\":1,\"name\":\"In\u00edcio\",\"item\":\"https:\/\/comarcas.csm.org.pt\/setubal\/\"},{\"@type\":\"ListItem\",\"position\":2,\"name\":\"A Comarca\",\"item\":\"https:\/\/comarcas.csm.org.pt\/setubal\/acomarca\/\"},{\"@type\":\"ListItem\",\"position\":3,\"name\":\"Mensagem do Presidente\"}]},{\"@type\":\"WebSite\",\"@id\":\"https:\/\/comarcas.csm.org.pt\/setubal\/#website\",\"url\":\"https:\/\/comarcas.csm.org.pt\/setubal\/\",\"name\":\"Tribunal Judicial da Comarca de Set\u00fabal\",\"description\":\"Tribunal Judicial da Comarca de Set\u00fabal\",\"publisher\":{\"@id\":\"https:\/\/comarcas.csm.org.pt\/setubal\/#organization\"},\"potentialAction\":[{\"@type\":\"SearchAction\",\"target\":{\"@type\":\"EntryPoint\",\"urlTemplate\":\"https:\/\/comarcas.csm.org.pt\/setubal\/?s={search_term_string}\"},\"query-input\":{\"@type\":\"PropertyValueSpecification\",\"valueRequired\":true,\"valueName\":\"search_term_string\"}}],\"inLanguage\":\"pt-PT\"},{\"@type\":\"Organization\",\"@id\":\"https:\/\/comarcas.csm.org.pt\/setubal\/#organization\",\"name\":\"Tribunal Judicial da Comarca de Set\u00fabal\",\"url\":\"https:\/\/comarcas.csm.org.pt\/setubal\/\",\"logo\":{\"@type\":\"ImageObject\",\"inLanguage\":\"pt-PT\",\"@id\":\"https:\/\/comarcas.csm.org.pt\/setubal\/#\/schema\/logo\/image\/\",\"url\":\"https:\/\/comarcas.csm.org.pt\/setubal\/wp-content\/uploads\/sites\/7\/2024\/09\/cropped-Logotipo-Comarca-Setubal-Horizontal.png\",\"contentUrl\":\"https:\/\/comarcas.csm.org.pt\/setubal\/wp-content\/uploads\/sites\/7\/2024\/09\/cropped-Logotipo-Comarca-Setubal-Horizontal.png\",\"width\":4434,\"height\":1102,\"caption\":\"Tribunal Judicial da Comarca de Set\u00fabal\"},\"image\":{\"@id\":\"https:\/\/comarcas.csm.org.pt\/setubal\/#\/schema\/logo\/image\/\"}}]}<\/script>\n<!-- \/ Yoast SEO plugin. -->","yoast_head_json":{"title":"Mensagem do Presidente - Tribunal Judicial da Comarca de Set\u00fabal","robots":{"index":"index","follow":"follow","max-snippet":"max-snippet:-1","max-image-preview":"max-image-preview:large","max-video-preview":"max-video-preview:-1"},"canonical":"https:\/\/comarcas.csm.org.pt\/setubal\/acomarca\/mensagemdopresidente\/","og_locale":"pt_PT","og_type":"article","og_title":"Mensagem do Presidente - Tribunal Judicial da Comarca de Set\u00fabal","og_description":"Mensagem do Presidente A Comarca de Set\u00fabal congrega os tribunais cuja \u00e1rea geogr\u00e1fica de compet\u00eancia abrange os munic\u00edpios de Set\u00fabal, Palmela, Sesimbra, Alc\u00e1cer do Sal, Gr\u00e2ndola, Santiago do Cac\u00e9m e Sines. As diversas \u00e1reas de compet\u00eancia material abrangidas pelos ju\u00edzos instalados nestes munic\u00edpios incluem os Ju\u00edzos Centrais C\u00edveis e Criminais de Set\u00fabal, o Ju\u00edzo de...","og_url":"https:\/\/comarcas.csm.org.pt\/setubal\/acomarca\/mensagemdopresidente\/","og_site_name":"Tribunal Judicial da Comarca de Set\u00fabal","article_modified_time":"2025-07-14T11:33:29+00:00","og_image":[{"width":683,"height":1024,"url":"https:\/\/comarcas.csm.org.pt\/setubal\/wp-content\/uploads\/sites\/7\/2025\/07\/Foto-JP-683x1024.jpg","type":"image\/jpeg"}],"twitter_card":"summary_large_image","twitter_misc":{"Tempo estimado de leitura":"3 minutos"},"schema":{"@context":"https:\/\/schema.org","@graph":[{"@type":"WebPage","@id":"https:\/\/comarcas.csm.org.pt\/setubal\/acomarca\/mensagemdopresidente\/","url":"https:\/\/comarcas.csm.org.pt\/setubal\/acomarca\/mensagemdopresidente\/","name":"Mensagem do Presidente - Tribunal Judicial da Comarca de Set\u00fabal","isPartOf":{"@id":"https:\/\/comarcas.csm.org.pt\/setubal\/#website"},"primaryImageOfPage":{"@id":"https:\/\/comarcas.csm.org.pt\/setubal\/acomarca\/mensagemdopresidente\/#primaryimage"},"image":{"@id":"https:\/\/comarcas.csm.org.pt\/setubal\/acomarca\/mensagemdopresidente\/#primaryimage"},"thumbnailUrl":"https:\/\/comarcas.csm.org.pt\/setubal\/wp-content\/uploads\/sites\/7\/2025\/07\/Foto-JP-683x1024.jpg","datePublished":"2024-06-30T21:19:48+00:00","dateModified":"2025-07-14T11:33:29+00:00","breadcrumb":{"@id":"https:\/\/comarcas.csm.org.pt\/setubal\/acomarca\/mensagemdopresidente\/#breadcrumb"},"inLanguage":"pt-PT","potentialAction":[{"@type":"ReadAction","target":["https:\/\/comarcas.csm.org.pt\/setubal\/acomarca\/mensagemdopresidente\/"]}]},{"@type":"ImageObject","inLanguage":"pt-PT","@id":"https:\/\/comarcas.csm.org.pt\/setubal\/acomarca\/mensagemdopresidente\/#primaryimage","url":"https:\/\/comarcas.csm.org.pt\/setubal\/wp-content\/uploads\/sites\/7\/2025\/07\/Foto-JP.jpg","contentUrl":"https:\/\/comarcas.csm.org.pt\/setubal\/wp-content\/uploads\/sites\/7\/2025\/07\/Foto-JP.jpg","width":5235,"height":7852},{"@type":"BreadcrumbList","@id":"https:\/\/comarcas.csm.org.pt\/setubal\/acomarca\/mensagemdopresidente\/#breadcrumb","itemListElement":[{"@type":"ListItem","position":1,"name":"In\u00edcio","item":"https:\/\/comarcas.csm.org.pt\/setubal\/"},{"@type":"ListItem","position":2,"name":"A Comarca","item":"https:\/\/comarcas.csm.org.pt\/setubal\/acomarca\/"},{"@type":"ListItem","position":3,"name":"Mensagem do Presidente"}]},{"@type":"WebSite","@id":"https:\/\/comarcas.csm.org.pt\/setubal\/#website","url":"https:\/\/comarcas.csm.org.pt\/setubal\/","name":"Tribunal Judicial da Comarca de Set\u00fabal","description":"Tribunal Judicial da Comarca de Set\u00fabal","publisher":{"@id":"https:\/\/comarcas.csm.org.pt\/setubal\/#organization"},"potentialAction":[{"@type":"SearchAction","target":{"@type":"EntryPoint","urlTemplate":"https:\/\/comarcas.csm.org.pt\/setubal\/?s={search_term_string}"},"query-input":{"@type":"PropertyValueSpecification","valueRequired":true,"valueName":"search_term_string"}}],"inLanguage":"pt-PT"},{"@type":"Organization","@id":"https:\/\/comarcas.csm.org.pt\/setubal\/#organization","name":"Tribunal Judicial da Comarca de Set\u00fabal","url":"https:\/\/comarcas.csm.org.pt\/setubal\/","logo":{"@type":"ImageObject","inLanguage":"pt-PT","@id":"https:\/\/comarcas.csm.org.pt\/setubal\/#\/schema\/logo\/image\/","url":"https:\/\/comarcas.csm.org.pt\/setubal\/wp-content\/uploads\/sites\/7\/2024\/09\/cropped-Logotipo-Comarca-Setubal-Horizontal.png","contentUrl":"https:\/\/comarcas.csm.org.pt\/setubal\/wp-content\/uploads\/sites\/7\/2024\/09\/cropped-Logotipo-Comarca-Setubal-Horizontal.png","width":4434,"height":1102,"caption":"Tribunal Judicial da Comarca de Set\u00fabal"},"image":{"@id":"https:\/\/comarcas.csm.org.pt\/setubal\/#\/schema\/logo\/image\/"}}]}},"_links":{"self":[{"href":"https:\/\/comarcas.csm.org.pt\/setubal\/wp-json\/wp\/v2\/pages\/11467","targetHints":{"allow":["GET"]}}],"collection":[{"href":"https:\/\/comarcas.csm.org.pt\/setubal\/wp-json\/wp\/v2\/pages"}],"about":[{"href":"https:\/\/comarcas.csm.org.pt\/setubal\/wp-json\/wp\/v2\/types\/page"}],"author":[{"embeddable":true,"href":"https:\/\/comarcas.csm.org.pt\/setubal\/wp-json\/wp\/v2\/users\/1"}],"replies":[{"embeddable":true,"href":"https:\/\/comarcas.csm.org.pt\/setubal\/wp-json\/wp\/v2\/comments?post=11467"}],"version-history":[{"count":3,"href":"https:\/\/comarcas.csm.org.pt\/setubal\/wp-json\/wp\/v2\/pages\/11467\/revisions"}],"predecessor-version":[{"id":12655,"href":"https:\/\/comarcas.csm.org.pt\/setubal\/wp-json\/wp\/v2\/pages\/11467\/revisions\/12655"}],"up":[{"embeddable":true,"href":"https:\/\/comarcas.csm.org.pt\/setubal\/wp-json\/wp\/v2\/pages\/2242"}],"wp:attachment":[{"href":"https:\/\/comarcas.csm.org.pt\/setubal\/wp-json\/wp\/v2\/media?parent=11467"}],"curies":[{"name":"wp","href":"https:\/\/api.w.org\/{rel}","templated":true}]}}