{"id":11904,"date":"2024-09-25T14:32:45","date_gmt":"2024-09-25T14:32:45","guid":{"rendered":"https:\/\/setubal.vvr.pt\/?page_id=11904"},"modified":"2025-06-17T14:50:02","modified_gmt":"2025-06-17T14:50:02","slug":"sesimbra","status":"publish","type":"page","link":"https:\/\/comarcas.csm.org.pt\/setubal\/acomarca\/juizos\/sesimbra\/","title":{"rendered":"Sesimbra"},"content":{"rendered":"\t\t<div data-elementor-type=\"wp-page\" data-elementor-id=\"11904\" class=\"elementor elementor-11904\" data-elementor-post-type=\"page\">\n\t\t\t\t<div class=\"elementor-element elementor-element-5bee162 e-flex e-con-boxed e-con e-parent\" data-id=\"5bee162\" data-element_type=\"container\">\n\t\t\t\t\t<div class=\"e-con-inner\">\n\t\t\t\t<div class=\"elementor-element elementor-element-6b4ca81 elementor-widget elementor-widget-spacer\" data-id=\"6b4ca81\" data-element_type=\"widget\" data-widget_type=\"spacer.default\">\n\t\t\t\t<div class=\"elementor-widget-container\">\n\t\t\t\t\t\t\t<div class=\"elementor-spacer\">\n\t\t\t<div class=\"elementor-spacer-inner\"><\/div>\n\t\t<\/div>\n\t\t\t\t\t\t<\/div>\n\t\t\t\t<\/div>\n\t\t\t\t\t<\/div>\n\t\t\t\t<\/div>\n\t\t<div class=\"elementor-element elementor-element-dff8898 e-flex e-con-boxed e-con e-parent\" data-id=\"dff8898\" data-element_type=\"container\">\n\t\t\t\t\t<div class=\"e-con-inner\">\n\t\t<div class=\"elementor-element elementor-element-7f32bb4 e-con-full e-flex e-con e-child\" data-id=\"7f32bb4\" data-element_type=\"container\">\n\t\t\t\t<div class=\"elementor-element elementor-element-44c1e5c elementor-widget elementor-widget-n-accordion\" data-id=\"44c1e5c\" data-element_type=\"widget\" data-settings=\"{&quot;default_state&quot;:&quot;expanded&quot;,&quot;max_items_expended&quot;:&quot;one&quot;,&quot;n_accordion_animation_duration&quot;:{&quot;unit&quot;:&quot;ms&quot;,&quot;size&quot;:400,&quot;sizes&quot;:[]}}\" data-widget_type=\"nested-accordion.default\">\n\t\t\t\t<div class=\"elementor-widget-container\">\n\t\t\t\t\t\t\t<div class=\"e-n-accordion\" aria-label=\"Accordion. Open links with Enter or Space, close with Escape, and navigate with Arrow Keys\">\n\t\t\t\t\t\t<details id=\"e-n-accordion-item-7200\" class=\"e-n-accordion-item\" open>\n\t\t\t\t<summary class=\"e-n-accordion-item-title\" data-accordion-index=\"1\" tabindex=\"0\" aria-expanded=\"true\" aria-controls=\"e-n-accordion-item-7200\" >\n\t\t\t\t\t<span class='e-n-accordion-item-title-header'><div class=\"e-n-accordion-item-title-text\"> Ju\u00edzo de Compet\u00eancia Gen\u00e9rica de Sesimbra <\/div><\/span>\n\t\t\t\t\t\t\t<span class='e-n-accordion-item-title-icon'>\n\t\t\t<span class='e-opened' ><svg aria-hidden=\"true\" class=\"e-font-icon-svg e-fas-minus\" viewBox=\"0 0 448 512\" xmlns=\"http:\/\/www.w3.org\/2000\/svg\"><path d=\"M416 208H32c-17.67 0-32 14.33-32 32v32c0 17.67 14.33 32 32 32h384c17.67 0 32-14.33 32-32v-32c0-17.67-14.33-32-32-32z\"><\/path><\/svg><\/span>\n\t\t\t<span class='e-closed'><svg aria-hidden=\"true\" class=\"e-font-icon-svg e-fas-plus\" viewBox=\"0 0 448 512\" xmlns=\"http:\/\/www.w3.org\/2000\/svg\"><path d=\"M416 208H272V64c0-17.67-14.33-32-32-32h-32c-17.67 0-32 14.33-32 32v144H32c-17.67 0-32 14.33-32 32v32c0 17.67 14.33 32 32 32h144v144c0 17.67 14.33 32 32 32h32c17.67 0 32-14.33 32-32V304h144c17.67 0 32-14.33 32-32v-32c0-17.67-14.33-32-32-32z\"><\/path><\/svg><\/span>\n\t\t<\/span>\n\n\t\t\t\t\t\t<\/summary>\n\t\t\t\t<div role=\"region\" aria-labelledby=\"e-n-accordion-item-7200\" class=\"elementor-element elementor-element-456c8ef e-con-full e-flex e-con e-child\" data-id=\"456c8ef\" data-element_type=\"container\">\n\t\t<div role=\"region\" aria-labelledby=\"e-n-accordion-item-7200\" class=\"elementor-element elementor-element-07581e9 e-con-full e-flex e-con e-child\" data-id=\"07581e9\" data-element_type=\"container\">\n\t\t<div role=\"region\" aria-labelledby=\"e-n-accordion-item-7200\" class=\"elementor-element elementor-element-628e6b3 e-con-full e-flex e-con e-child\" data-id=\"628e6b3\" data-element_type=\"container\">\n\t\t\t\t<div class=\"elementor-element elementor-element-06d1e1c elementor-widget elementor-widget-icon-box\" data-id=\"06d1e1c\" data-element_type=\"widget\" data-widget_type=\"icon-box.default\">\n\t\t\t\t<div class=\"elementor-widget-container\">\n\t\t\t\t\t\t\t<div class=\"elementor-icon-box-wrapper\">\n\n\t\t\t\n\t\t\t\t\t\t<div class=\"elementor-icon-box-content\">\n\n\t\t\t\t\t\t\t\t\t<h6 class=\"elementor-icon-box-title\">\n\t\t\t\t\t\t<span  >\n\t\t\t\t\t\t\tCompet\u00eancia Territorial:\t\t\t\t\t\t<\/span>\n\t\t\t\t\t<\/h6>\n\t\t\t\t\n\t\t\t\t\t\t\t\t\t<p class=\"elementor-icon-box-description\">\n\t\t\t\t\t\tMunic\u00edpio de Sesimbra\t\t\t\t\t<\/p>\n\t\t\t\t\n\t\t\t<\/div>\n\t\t\t\n\t\t<\/div>\n\t\t\t\t\t\t<\/div>\n\t\t\t\t<\/div>\n\t\t\t\t<div class=\"elementor-element elementor-element-013922c elementor-widget elementor-widget-icon-box\" data-id=\"013922c\" data-element_type=\"widget\" data-widget_type=\"icon-box.default\">\n\t\t\t\t<div class=\"elementor-widget-container\">\n\t\t\t\t\t\t\t<div class=\"elementor-icon-box-wrapper\">\n\n\t\t\t\n\t\t\t\t\t\t<div class=\"elementor-icon-box-content\">\n\n\t\t\t\t\t\t\t\t\t<h6 class=\"elementor-icon-box-title\">\n\t\t\t\t\t\t<span  >\n\t\t\t\t\t\t\tContactos:\t\t\t\t\t\t<\/span>\n\t\t\t\t\t<\/h6>\n\t\t\t\t\n\t\t\t\t\t\t\t\t\t<p class=\"elementor-icon-box-description\">\n\t\t\t\t\t\t<b>Telefone:<\/b> 212288150\n<br>\n<b>Fax:<\/b> 212288169\n<br>\n<b>Email:<\/b> sesimbra.judicial@tribunais.org.pt\t\t\t\t\t<\/p>\n\t\t\t\t\n\t\t\t<\/div>\n\t\t\t\n\t\t<\/div>\n\t\t\t\t\t\t<\/div>\n\t\t\t\t<\/div>\n\t\t\t\t<div class=\"elementor-element elementor-element-ba244d7 elementor-widget elementor-widget-icon-box\" data-id=\"ba244d7\" data-element_type=\"widget\" data-widget_type=\"icon-box.default\">\n\t\t\t\t<div class=\"elementor-widget-container\">\n\t\t\t\t\t\t\t<div class=\"elementor-icon-box-wrapper\">\n\n\t\t\t\n\t\t\t\t\t\t<div class=\"elementor-icon-box-content\">\n\n\t\t\t\t\t\t\t\t\t<h6 class=\"elementor-icon-box-title\">\n\t\t\t\t\t\t<span  >\n\t\t\t\t\t\t\tMorada:\t\t\t\t\t\t<\/span>\n\t\t\t\t\t<\/h6>\n\t\t\t\t\n\t\t\t\t\t\t\t\t\t<p class=\"elementor-icon-box-description\">\n\t\t\t\t\t\tPal\u00e1cio da Justi\u00e7a <br>\nR. Navegador Rodrigues Soromenho <br>\nEd. Falesia Bl K <br>\n2970-773 Sesimbra\t\t\t\t\t<\/p>\n\t\t\t\t\n\t\t\t<\/div>\n\t\t\t\n\t\t<\/div>\n\t\t\t\t\t\t<\/div>\n\t\t\t\t<\/div>\n\t\t\t\t<\/div>\n\t\t\t\t<\/div>\n\t\t<div role=\"region\" aria-labelledby=\"e-n-accordion-item-7200\" class=\"elementor-element elementor-element-7b0dfe6 e-con-full e-flex e-con e-child\" data-id=\"7b0dfe6\" data-element_type=\"container\">\n\t\t<div role=\"region\" aria-labelledby=\"e-n-accordion-item-7200\" class=\"elementor-element elementor-element-4a95c8e e-con-full e-flex e-con e-child\" data-id=\"4a95c8e\" data-element_type=\"container\">\n\t\t\t\t<div class=\"elementor-element elementor-element-d82e082 elementor-widget elementor-widget-google_maps\" data-id=\"d82e082\" data-element_type=\"widget\" data-widget_type=\"google_maps.default\">\n\t\t\t\t<div class=\"elementor-widget-container\">\n\t\t\t\t\t\t\t<div class=\"elementor-custom-embed\">\n\t\t\t<iframe loading=\"lazy\"\n\t\t\t\t\tsrc=\"https:\/\/www.google.com\/maps\/embed\/v1\/place?key=AIzaSyDhSoLeftGxfg7Tvco7SEUCY-Cc_XLDY3c&#038;q=Pal%C3%A1cio%20da%20Justi%C3%A7a%20-%20R.%20Navegador%20Rodrigues%20Soromenho%20%2C%202970-773%20Sesimbra&#038;zoom=15\"\n\t\t\t\t\ttitle=\"Pal\u00e1cio da Justi\u00e7a - R. Navegador Rodrigues Soromenho , 2970-773 Sesimbra\"\n\t\t\t\t\taria-label=\"Pal\u00e1cio da Justi\u00e7a - R. Navegador Rodrigues Soromenho , 2970-773 Sesimbra\"\n\t\t\t><\/iframe>\n\t\t<\/div>\n\t\t\t\t\t\t<\/div>\n\t\t\t\t<\/div>\n\t\t\t\t<\/div>\n\t\t\t\t<\/div>\n\t\t\t\t<\/div>\n\t\t\t\t\t<\/details>\n\t\t\t\t\t\t<details id=\"e-n-accordion-item-7201\" class=\"e-n-accordion-item\" >\n\t\t\t\t<summary class=\"e-n-accordion-item-title\" data-accordion-index=\"2\" tabindex=\"-1\" aria-expanded=\"false\" aria-controls=\"e-n-accordion-item-7201\" >\n\t\t\t\t\t<span class='e-n-accordion-item-title-header'><div class=\"e-n-accordion-item-title-text\"> Unidade Central de Sesimbra <\/div><\/span>\n\t\t\t\t\t\t\t<span class='e-n-accordion-item-title-icon'>\n\t\t\t<span class='e-opened' ><svg aria-hidden=\"true\" class=\"e-font-icon-svg e-fas-minus\" viewBox=\"0 0 448 512\" xmlns=\"http:\/\/www.w3.org\/2000\/svg\"><path d=\"M416 208H32c-17.67 0-32 14.33-32 32v32c0 17.67 14.33 32 32 32h384c17.67 0 32-14.33 32-32v-32c0-17.67-14.33-32-32-32z\"><\/path><\/svg><\/span>\n\t\t\t<span class='e-closed'><svg aria-hidden=\"true\" class=\"e-font-icon-svg e-fas-plus\" viewBox=\"0 0 448 512\" xmlns=\"http:\/\/www.w3.org\/2000\/svg\"><path d=\"M416 208H272V64c0-17.67-14.33-32-32-32h-32c-17.67 0-32 14.33-32 32v144H32c-17.67 0-32 14.33-32 32v32c0 17.67 14.33 32 32 32h144v144c0 17.67 14.33 32 32 32h32c17.67 0 32-14.33 32-32V304h144c17.67 0 32-14.33 32-32v-32c0-17.67-14.33-32-32-32z\"><\/path><\/svg><\/span>\n\t\t<\/span>\n\n\t\t\t\t\t\t<\/summary>\n\t\t\t\t<div role=\"region\" aria-labelledby=\"e-n-accordion-item-7201\" class=\"elementor-element elementor-element-a203948 e-con-full e-flex e-con e-child\" data-id=\"a203948\" data-element_type=\"container\">\n\t\t<div role=\"region\" aria-labelledby=\"e-n-accordion-item-7201\" class=\"elementor-element elementor-element-5de656a e-con-full e-flex e-con e-child\" data-id=\"5de656a\" data-element_type=\"container\">\n\t\t<div role=\"region\" aria-labelledby=\"e-n-accordion-item-7201\" class=\"elementor-element elementor-element-9707e3f e-con-full e-flex e-con e-child\" data-id=\"9707e3f\" data-element_type=\"container\">\n\t\t\t\t<div class=\"elementor-element elementor-element-fecb9d7 elementor-widget elementor-widget-icon-box\" data-id=\"fecb9d7\" data-element_type=\"widget\" data-widget_type=\"icon-box.default\">\n\t\t\t\t<div class=\"elementor-widget-container\">\n\t\t\t\t\t\t\t<div class=\"elementor-icon-box-wrapper\">\n\n\t\t\t\n\t\t\t\t\t\t<div class=\"elementor-icon-box-content\">\n\n\t\t\t\t\t\t\t\t\t<h6 class=\"elementor-icon-box-title\">\n\t\t\t\t\t\t<span  >\n\t\t\t\t\t\t\tMorada:\t\t\t\t\t\t<\/span>\n\t\t\t\t\t<\/h6>\n\t\t\t\t\n\t\t\t\t\t\t\t\t\t<p class=\"elementor-icon-box-description\">\n\t\t\t\t\t\tPal\u00e1cio da Justi\u00e7a <br>\nR. Navegador Rodrigues Soromenho <br>\nEd. Falesia Bl K <br>\n2970-773 Sesimbra\t\t\t\t\t<\/p>\n\t\t\t\t\n\t\t\t<\/div>\n\t\t\t\n\t\t<\/div>\n\t\t\t\t\t\t<\/div>\n\t\t\t\t<\/div>\n\t\t\t\t<div class=\"elementor-element elementor-element-2293089 elementor-widget elementor-widget-icon-box\" data-id=\"2293089\" data-element_type=\"widget\" data-widget_type=\"icon-box.default\">\n\t\t\t\t<div class=\"elementor-widget-container\">\n\t\t\t\t\t\t\t<div class=\"elementor-icon-box-wrapper\">\n\n\t\t\t\n\t\t\t\t\t\t<div class=\"elementor-icon-box-content\">\n\n\t\t\t\t\t\t\t\t\t<h6 class=\"elementor-icon-box-title\">\n\t\t\t\t\t\t<span  >\n\t\t\t\t\t\t\tContactos:\t\t\t\t\t\t<\/span>\n\t\t\t\t\t<\/h6>\n\t\t\t\t\n\t\t\t\t\t\t\t\t\t<p class=\"elementor-icon-box-description\">\n\t\t\t\t\t\t<b>Telefone:<\/b> 212288150\n<br>\n<b>Fax:<\/b> 212288169\n<br>\n<b>Email:<\/b> sesimbra.judicial@tribunais.org.pt\t\t\t\t\t<\/p>\n\t\t\t\t\n\t\t\t<\/div>\n\t\t\t\n\t\t<\/div>\n\t\t\t\t\t\t<\/div>\n\t\t\t\t<\/div>\n\t\t\t\t<\/div>\n\t\t\t\t<\/div>\n\t\t<div role=\"region\" aria-labelledby=\"e-n-accordion-item-7201\" class=\"elementor-element elementor-element-e822ec7 e-con-full e-flex e-con e-child\" data-id=\"e822ec7\" data-element_type=\"container\">\n\t\t<div role=\"region\" aria-labelledby=\"e-n-accordion-item-7201\" class=\"elementor-element elementor-element-18b88eb e-con-full e-flex e-con e-child\" data-id=\"18b88eb\" data-element_type=\"container\">\n\t\t\t\t<div class=\"elementor-element elementor-element-e027562 elementor-widget elementor-widget-google_maps\" data-id=\"e027562\" data-element_type=\"widget\" data-widget_type=\"google_maps.default\">\n\t\t\t\t<div class=\"elementor-widget-container\">\n\t\t\t\t\t\t\t<div class=\"elementor-custom-embed\">\n\t\t\t<iframe loading=\"lazy\"\n\t\t\t\t\tsrc=\"https:\/\/www.google.com\/maps\/embed\/v1\/place?key=AIzaSyDhSoLeftGxfg7Tvco7SEUCY-Cc_XLDY3c&#038;q=Pal%C3%A1cio%20da%20Justi%C3%A7a%20-%20R.%20Navegador%20Rodrigues%20Soromenho%20%2C%202970-773%20Sesimbra&#038;zoom=15\"\n\t\t\t\t\ttitle=\"Pal\u00e1cio da Justi\u00e7a - R. Navegador Rodrigues Soromenho , 2970-773 Sesimbra\"\n\t\t\t\t\taria-label=\"Pal\u00e1cio da Justi\u00e7a - R. Navegador Rodrigues Soromenho , 2970-773 Sesimbra\"\n\t\t\t><\/iframe>\n\t\t<\/div>\n\t\t\t\t\t\t<\/div>\n\t\t\t\t<\/div>\n\t\t\t\t<\/div>\n\t\t\t\t<\/div>\n\t\t\t\t<\/div>\n\t\t\t\t\t<\/details>\n\t\t\t\t\t<\/div>\n\t\t\t\t\t\t<\/div>\n\t\t\t\t<\/div>\n\t\t\t\t<\/div>\n\t\t\t\t\t<\/div>\n\t\t\t\t<\/div>\n\t\t\t\t<\/div>\n\t\t","protected":false},"excerpt":{"rendered":"<p>Ju\u00edzo de Compet\u00eancia Gen\u00e9rica de Sesimbra Compet\u00eancia Territorial: Munic\u00edpio de Sesimbra Contactos: Telefone: 212288150 Fax: 212288169 Email: sesimbra.judicial@tribunais.org.pt Morada: Pal\u00e1cio da Justi\u00e7a R. Navegador Rodrigues Soromenho Ed. Falesia Bl K 2970-773 Sesimbra Unidade Central de Sesimbra Morada: Pal\u00e1cio da Justi\u00e7a R. Navegador Rodrigues Soromenho Ed. Falesia Bl K 2970-773 Sesimbra Contactos: Telefone: 212288150 Fax: 212288169&#8230;<\/p>\n","protected":false},"author":1,"featured_media":0,"parent":11069,"menu_order":0,"comment_status":"closed","ping_status":"closed","template":"","meta":{"_tbt_post_transparent":"","_tbt_post_title":"","_tbt_post_layout":"default","_tbt_post_sidebar_id":"","_tbt_post_content_style":"","_tbt_post_vertical_padding":"","_tbt_post_feature":"","_tbt_post_feature_position":"","_tbt_post_header":false,"_tbt_post_footer":false},"class_list":["post-11904","page","type-page","status-publish","hentry"],"yoast_head":"<!-- This site is optimized with the Yoast SEO plugin v25.6 - https:\/\/yoast.com\/wordpress\/plugins\/seo\/ -->\n<title>Sesimbra - Tribunal Judicial da Comarca de Set\u00fabal<\/title>\n<meta name=\"robots\" content=\"index, follow, max-snippet:-1, max-image-preview:large, max-video-preview:-1\" \/>\n<link rel=\"canonical\" href=\"https:\/\/comarcas.csm.org.pt\/setubal\/acomarca\/juizos\/sesimbra\/\" \/>\n<meta property=\"og:locale\" content=\"pt_PT\" \/>\n<meta property=\"og:type\" content=\"article\" \/>\n<meta property=\"og:title\" content=\"Sesimbra - Tribunal Judicial da Comarca de Set\u00fabal\" \/>\n<meta property=\"og:description\" content=\"Ju\u00edzo de Compet\u00eancia Gen\u00e9rica de Sesimbra Compet\u00eancia Territorial: Munic\u00edpio de Sesimbra Contactos: Telefone: 212288150 Fax: 212288169 Email: sesimbra.judicial@tribunais.org.pt Morada: Pal\u00e1cio da Justi\u00e7a R. Navegador Rodrigues Soromenho Ed. Falesia Bl K 2970-773 Sesimbra Unidade Central de Sesimbra Morada: Pal\u00e1cio da Justi\u00e7a R. Navegador Rodrigues Soromenho Ed. Falesia Bl K 2970-773 Sesimbra Contactos: Telefone: 212288150 Fax: 212288169...\" \/>\n<meta property=\"og:url\" content=\"https:\/\/comarcas.csm.org.pt\/setubal\/acomarca\/juizos\/sesimbra\/\" \/>\n<meta property=\"og:site_name\" content=\"Tribunal Judicial da Comarca de Set\u00fabal\" \/>\n<meta property=\"article:modified_time\" content=\"2025-06-17T14:50:02+00:00\" \/>\n<meta name=\"twitter:card\" content=\"summary_large_image\" \/>\n<meta name=\"twitter:label1\" content=\"Tempo estimado de leitura\" \/>\n\t<meta name=\"twitter:data1\" content=\"1 minuto\" \/>\n<script type=\"application\/ld+json\" class=\"yoast-schema-graph\">{\"@context\":\"https:\/\/schema.org\",\"@graph\":[{\"@type\":\"WebPage\",\"@id\":\"https:\/\/comarcas.csm.org.pt\/setubal\/acomarca\/juizos\/sesimbra\/\",\"url\":\"https:\/\/comarcas.csm.org.pt\/setubal\/acomarca\/juizos\/sesimbra\/\",\"name\":\"Sesimbra - Tribunal Judicial da Comarca de Set\u00fabal\",\"isPartOf\":{\"@id\":\"https:\/\/comarcas.csm.org.pt\/setubal\/#website\"},\"datePublished\":\"2024-09-25T14:32:45+00:00\",\"dateModified\":\"2025-06-17T14:50:02+00:00\",\"breadcrumb\":{\"@id\":\"https:\/\/comarcas.csm.org.pt\/setubal\/acomarca\/juizos\/sesimbra\/#breadcrumb\"},\"inLanguage\":\"pt-PT\",\"potentialAction\":[{\"@type\":\"ReadAction\",\"target\":[\"https:\/\/comarcas.csm.org.pt\/setubal\/acomarca\/juizos\/sesimbra\/\"]}]},{\"@type\":\"BreadcrumbList\",\"@id\":\"https:\/\/comarcas.csm.org.pt\/setubal\/acomarca\/juizos\/sesimbra\/#breadcrumb\",\"itemListElement\":[{\"@type\":\"ListItem\",\"position\":1,\"name\":\"In\u00edcio\",\"item\":\"https:\/\/comarcas.csm.org.pt\/setubal\/\"},{\"@type\":\"ListItem\",\"position\":2,\"name\":\"A Comarca\",\"item\":\"https:\/\/comarcas.csm.org.pt\/setubal\/acomarca\/\"},{\"@type\":\"ListItem\",\"position\":3,\"name\":\"N\u00facleos\/Ju\u00edzos\",\"item\":\"https:\/\/comarcas.csm.org.pt\/setubal\/acomarca\/juizos\/\"},{\"@type\":\"ListItem\",\"position\":4,\"name\":\"Sesimbra\"}]},{\"@type\":\"WebSite\",\"@id\":\"https:\/\/comarcas.csm.org.pt\/setubal\/#website\",\"url\":\"https:\/\/comarcas.csm.org.pt\/setubal\/\",\"name\":\"Tribunal Judicial da Comarca de Set\u00fabal\",\"description\":\"Tribunal Judicial da Comarca de Set\u00fabal\",\"publisher\":{\"@id\":\"https:\/\/comarcas.csm.org.pt\/setubal\/#organization\"},\"potentialAction\":[{\"@type\":\"SearchAction\",\"target\":{\"@type\":\"EntryPoint\",\"urlTemplate\":\"https:\/\/comarcas.csm.org.pt\/setubal\/?s={search_term_string}\"},\"query-input\":{\"@type\":\"PropertyValueSpecification\",\"valueRequired\":true,\"valueName\":\"search_term_string\"}}],\"inLanguage\":\"pt-PT\"},{\"@type\":\"Organization\",\"@id\":\"https:\/\/comarcas.csm.org.pt\/setubal\/#organization\",\"name\":\"Tribunal Judicial da Comarca de Set\u00fabal\",\"url\":\"https:\/\/comarcas.csm.org.pt\/setubal\/\",\"logo\":{\"@type\":\"ImageObject\",\"inLanguage\":\"pt-PT\",\"@id\":\"https:\/\/comarcas.csm.org.pt\/setubal\/#\/schema\/logo\/image\/\",\"url\":\"https:\/\/comarcas.csm.org.pt\/setubal\/wp-content\/uploads\/sites\/7\/2024\/09\/cropped-Logotipo-Comarca-Setubal-Horizontal.png\",\"contentUrl\":\"https:\/\/comarcas.csm.org.pt\/setubal\/wp-content\/uploads\/sites\/7\/2024\/09\/cropped-Logotipo-Comarca-Setubal-Horizontal.png\",\"width\":4434,\"height\":1102,\"caption\":\"Tribunal Judicial da Comarca de Set\u00fabal\"},\"image\":{\"@id\":\"https:\/\/comarcas.csm.org.pt\/setubal\/#\/schema\/logo\/image\/\"}}]}<\/script>\n<!-- \/ Yoast SEO plugin. -->","yoast_head_json":{"title":"Sesimbra - Tribunal Judicial da Comarca de Set\u00fabal","robots":{"index":"index","follow":"follow","max-snippet":"max-snippet:-1","max-image-preview":"max-image-preview:large","max-video-preview":"max-video-preview:-1"},"canonical":"https:\/\/comarcas.csm.org.pt\/setubal\/acomarca\/juizos\/sesimbra\/","og_locale":"pt_PT","og_type":"article","og_title":"Sesimbra - Tribunal Judicial da Comarca de Set\u00fabal","og_description":"Ju\u00edzo de Compet\u00eancia Gen\u00e9rica de Sesimbra Compet\u00eancia Territorial: Munic\u00edpio de Sesimbra Contactos: Telefone: 212288150 Fax: 212288169 Email: sesimbra.judicial@tribunais.org.pt Morada: Pal\u00e1cio da Justi\u00e7a R. Navegador Rodrigues Soromenho Ed. Falesia Bl K 2970-773 Sesimbra Unidade Central de Sesimbra Morada: Pal\u00e1cio da Justi\u00e7a R. Navegador Rodrigues Soromenho Ed. Falesia Bl K 2970-773 Sesimbra Contactos: Telefone: 212288150 Fax: 212288169...","og_url":"https:\/\/comarcas.csm.org.pt\/setubal\/acomarca\/juizos\/sesimbra\/","og_site_name":"Tribunal Judicial da Comarca de Set\u00fabal","article_modified_time":"2025-06-17T14:50:02+00:00","twitter_card":"summary_large_image","twitter_misc":{"Tempo estimado de leitura":"1 minuto"},"schema":{"@context":"https:\/\/schema.org","@graph":[{"@type":"WebPage","@id":"https:\/\/comarcas.csm.org.pt\/setubal\/acomarca\/juizos\/sesimbra\/","url":"https:\/\/comarcas.csm.org.pt\/setubal\/acomarca\/juizos\/sesimbra\/","name":"Sesimbra - Tribunal Judicial da Comarca de Set\u00fabal","isPartOf":{"@id":"https:\/\/comarcas.csm.org.pt\/setubal\/#website"},"datePublished":"2024-09-25T14:32:45+00:00","dateModified":"2025-06-17T14:50:02+00:00","breadcrumb":{"@id":"https:\/\/comarcas.csm.org.pt\/setubal\/acomarca\/juizos\/sesimbra\/#breadcrumb"},"inLanguage":"pt-PT","potentialAction":[{"@type":"ReadAction","target":["https:\/\/comarcas.csm.org.pt\/setubal\/acomarca\/juizos\/sesimbra\/"]}]},{"@type":"BreadcrumbList","@id":"https:\/\/comarcas.csm.org.pt\/setubal\/acomarca\/juizos\/sesimbra\/#breadcrumb","itemListElement":[{"@type":"ListItem","position":1,"name":"In\u00edcio","item":"https:\/\/comarcas.csm.org.pt\/setubal\/"},{"@type":"ListItem","position":2,"name":"A Comarca","item":"https:\/\/comarcas.csm.org.pt\/setubal\/acomarca\/"},{"@type":"ListItem","position":3,"name":"N\u00facleos\/Ju\u00edzos","item":"https:\/\/comarcas.csm.org.pt\/setubal\/acomarca\/juizos\/"},{"@type":"ListItem","position":4,"name":"Sesimbra"}]},{"@type":"WebSite","@id":"https:\/\/comarcas.csm.org.pt\/setubal\/#website","url":"https:\/\/comarcas.csm.org.pt\/setubal\/","name":"Tribunal Judicial da Comarca de Set\u00fabal","description":"Tribunal Judicial da Comarca de Set\u00fabal","publisher":{"@id":"https:\/\/comarcas.csm.org.pt\/setubal\/#organization"},"potentialAction":[{"@type":"SearchAction","target":{"@type":"EntryPoint","urlTemplate":"https:\/\/comarcas.csm.org.pt\/setubal\/?s={search_term_string}"},"query-input":{"@type":"PropertyValueSpecification","valueRequired":true,"valueName":"search_term_string"}}],"inLanguage":"pt-PT"},{"@type":"Organization","@id":"https:\/\/comarcas.csm.org.pt\/setubal\/#organization","name":"Tribunal Judicial da Comarca de Set\u00fabal","url":"https:\/\/comarcas.csm.org.pt\/setubal\/","logo":{"@type":"ImageObject","inLanguage":"pt-PT","@id":"https:\/\/comarcas.csm.org.pt\/setubal\/#\/schema\/logo\/image\/","url":"https:\/\/comarcas.csm.org.pt\/setubal\/wp-content\/uploads\/sites\/7\/2024\/09\/cropped-Logotipo-Comarca-Setubal-Horizontal.png","contentUrl":"https:\/\/comarcas.csm.org.pt\/setubal\/wp-content\/uploads\/sites\/7\/2024\/09\/cropped-Logotipo-Comarca-Setubal-Horizontal.png","width":4434,"height":1102,"caption":"Tribunal Judicial da Comarca de Set\u00fabal"},"image":{"@id":"https:\/\/comarcas.csm.org.pt\/setubal\/#\/schema\/logo\/image\/"}}]}},"_links":{"self":[{"href":"https:\/\/comarcas.csm.org.pt\/setubal\/wp-json\/wp\/v2\/pages\/11904","targetHints":{"allow":["GET"]}}],"collection":[{"href":"https:\/\/comarcas.csm.org.pt\/setubal\/wp-json\/wp\/v2\/pages"}],"about":[{"href":"https:\/\/comarcas.csm.org.pt\/setubal\/wp-json\/wp\/v2\/types\/page"}],"author":[{"embeddable":true,"href":"https:\/\/comarcas.csm.org.pt\/setubal\/wp-json\/wp\/v2\/users\/1"}],"replies":[{"embeddable":true,"href":"https:\/\/comarcas.csm.org.pt\/setubal\/wp-json\/wp\/v2\/comments?post=11904"}],"version-history":[{"count":6,"href":"https:\/\/comarcas.csm.org.pt\/setubal\/wp-json\/wp\/v2\/pages\/11904\/revisions"}],"predecessor-version":[{"id":12591,"href":"https:\/\/comarcas.csm.org.pt\/setubal\/wp-json\/wp\/v2\/pages\/11904\/revisions\/12591"}],"up":[{"embeddable":true,"href":"https:\/\/comarcas.csm.org.pt\/setubal\/wp-json\/wp\/v2\/pages\/11069"}],"wp:attachment":[{"href":"https:\/\/comarcas.csm.org.pt\/setubal\/wp-json\/wp\/v2\/media?parent=11904"}],"curies":[{"name":"wp","href":"https:\/\/api.w.org\/{rel}","templated":true}]}}