{"id":2242,"date":"2021-10-25T11:40:43","date_gmt":"2021-10-25T11:40:43","guid":{"rendered":"https:\/\/wp.themedemo.org\/WCM07\/WCM070151\/?page_id=2242"},"modified":"2025-06-18T09:13:41","modified_gmt":"2025-06-18T09:13:41","slug":"acomarca","status":"publish","type":"page","link":"https:\/\/comarcas.csm.org.pt\/setubal\/acomarca\/","title":{"rendered":"A Comarca"},"content":{"rendered":"\t\t<div data-elementor-type=\"wp-page\" data-elementor-id=\"2242\" class=\"elementor elementor-2242\" data-elementor-post-type=\"page\">\n\t\t\t\t\t\t<section class=\"elementor-section elementor-top-section elementor-element elementor-element-5a39fd59 elementor-section-full_width elementor-section-height-default elementor-section-height-default\" data-id=\"5a39fd59\" data-element_type=\"section\">\n\t\t\t\t\t\t<div class=\"elementor-container elementor-column-gap-default\">\n\t\t\t\t\t<div class=\"elementor-column elementor-col-50 elementor-top-column elementor-element elementor-element-2f8f81a0\" data-id=\"2f8f81a0\" data-element_type=\"column\">\n\t\t\t<div class=\"elementor-widget-wrap elementor-element-populated\">\n\t\t\t\t\t\t<div class=\"elementor-element elementor-element-b5907ba elementor-widget elementor-widget-heading\" data-id=\"b5907ba\" data-element_type=\"widget\" data-widget_type=\"heading.default\">\n\t\t\t\t<div class=\"elementor-widget-container\">\n\t\t\t\t\t<span class=\"elementor-heading-title elementor-size-default\">Tribunal Judicial da<\/span>\t\t\t\t<\/div>\n\t\t\t\t<\/div>\n\t\t\t\t<div class=\"elementor-element elementor-element-7bc9440f elementor-widget elementor-widget-heading\" data-id=\"7bc9440f\" data-element_type=\"widget\" data-widget_type=\"heading.default\">\n\t\t\t\t<div class=\"elementor-widget-container\">\n\t\t\t\t\t<h4 class=\"elementor-heading-title elementor-size-default\">Comarca de Set\u00fabal<\/h4>\t\t\t\t<\/div>\n\t\t\t\t<\/div>\n\t\t\t\t<div class=\"elementor-element elementor-element-0990e6b elementor-widget elementor-widget-text-editor\" data-id=\"0990e6b\" data-element_type=\"widget\" data-widget_type=\"text-editor.default\">\n\t\t\t\t<div class=\"elementor-widget-container\">\n\t\t\t\t\t\t\t\t\t<p>O <strong>Tribunal Judicial da Comarca de Set\u00fabal<\/strong> est\u00e1 integrada na divis\u00e3o Judici\u00e1ria de Portugal. Tem a sua sede em Set\u00fabal.<\/p><p>Integram o Tribunal Judicial da Comarca de Set\u00fabal os seguintes Munic\u00edpios:<sup id=\"cite_ref-4\" class=\"reference\"><\/sup><\/p><ul><li>Alc\u00e1cer do Sal<\/li><li>Gr\u00e2ndola<\/li><li>Palmela<\/li><li>Santiago do Cac\u00e9m<\/li><li>Sesimbra<\/li><li>Set\u00fabal<\/li><li>Sines<\/li><\/ul><p>A Comarca de Set\u00fabal est\u00e1 integrada na \u00e1rea de jurisdi\u00e7\u00e3o do Tribunal da Rela\u00e7\u00e3o de \u00c9vora.<\/p><p>Quadro de Ju\u00edzes: de 35 a 39.<\/p><p>Quadro de Magistrados do Minist\u00e9rio P\u00fablico: de 35 a 38.<\/p><p>Quadro de Funcion\u00e1rios Judiciais: de 213 a 213.<\/p>\t\t\t\t\t\t\t\t<\/div>\n\t\t\t\t<\/div>\n\t\t\t\t<div class=\"elementor-element elementor-element-14131d48 elementor-widget elementor-widget-button\" data-id=\"14131d48\" data-element_type=\"widget\" data-widget_type=\"button.default\">\n\t\t\t\t<div class=\"elementor-widget-container\">\n\t\t\t\t\t\t\t\t\t<div class=\"elementor-button-wrapper\">\n\t\t\t\t\t<a class=\"elementor-button elementor-button-link elementor-size-sm\" href=\"https:\/\/comarcas.csm.org.pt\/setubal\/cidadao\/contactos\/\">\n\t\t\t\t\t\t<span class=\"elementor-button-content-wrapper\">\n\t\t\t\t\t\t\t\t\t<span class=\"elementor-button-text\">Contactos<\/span>\n\t\t\t\t\t<\/span>\n\t\t\t\t\t<\/a>\n\t\t\t\t<\/div>\n\t\t\t\t\t\t\t\t<\/div>\n\t\t\t\t<\/div>\n\t\t\t\t\t<\/div>\n\t\t<\/div>\n\t\t\t\t<div class=\"elementor-column elementor-col-50 elementor-top-column elementor-element elementor-element-46317706 cms-banner\" data-id=\"46317706\" data-element_type=\"column\" data-settings=\"{&quot;background_background&quot;:&quot;classic&quot;}\">\n\t\t\t<div class=\"elementor-widget-wrap elementor-element-populated\">\n\t\t\t\t\t\t<div class=\"elementor-element elementor-element-3e7f9791 elementor-widget elementor-widget-image\" data-id=\"3e7f9791\" data-element_type=\"widget\" data-widget_type=\"image.default\">\n\t\t\t\t<div class=\"elementor-widget-container\">\n\t\t\t\t\t\t\t\t\t\t\t\t\t\t\t\t<a href=\"#\">\n\t\t\t\t\t\t\t<img decoding=\"async\" src=\"https:\/\/comarcas.csm.org.pt\/setubal\/wp-content\/uploads\/2024\/09\/setubal_juizos.jpg\" title=\"\" alt=\"\" loading=\"lazy\" \/>\t\t\t\t\t\t\t\t<\/a>\n\t\t\t\t\t\t\t\t\t\t\t\t\t\t\t<\/div>\n\t\t\t\t<\/div>\n\t\t\t\t\t<\/div>\n\t\t<\/div>\n\t\t\t\t\t<\/div>\n\t\t<\/section>\n\t\t\t\t<\/div>\n\t\t","protected":false},"excerpt":{"rendered":"<p>Tribunal Judicial da Comarca de Set\u00fabal O Tribunal Judicial da Comarca de Set\u00fabal est\u00e1 integrada na divis\u00e3o Judici\u00e1ria de Portugal. Tem a sua sede em Set\u00fabal. Integram o Tribunal Judicial da Comarca de Set\u00fabal os seguintes Munic\u00edpios: Alc\u00e1cer do Sal Gr\u00e2ndola Palmela Santiago do Cac\u00e9m Sesimbra Set\u00fabal Sines A Comarca de Set\u00fabal est\u00e1 integrada na&#8230;<\/p>\n","protected":false},"author":1,"featured_media":0,"parent":0,"menu_order":0,"comment_status":"closed","ping_status":"closed","template":"","meta":{"_tbt_post_transparent":"","_tbt_post_title":"","_tbt_post_layout":"","_tbt_post_sidebar_id":"","_tbt_post_content_style":"","_tbt_post_vertical_padding":"","_tbt_post_feature":"","_tbt_post_feature_position":"","_tbt_post_header":false,"_tbt_post_footer":false},"class_list":["post-2242","page","type-page","status-publish","hentry"],"yoast_head":"<!-- This site is optimized with the Yoast SEO plugin v25.6 - https:\/\/yoast.com\/wordpress\/plugins\/seo\/ -->\n<title>A Comarca - Tribunal Judicial da Comarca de Set\u00fabal<\/title>\n<meta name=\"robots\" content=\"index, follow, max-snippet:-1, max-image-preview:large, max-video-preview:-1\" \/>\n<link rel=\"canonical\" href=\"https:\/\/comarcas.csm.org.pt\/setubal\/acomarca\/\" \/>\n<meta property=\"og:locale\" content=\"pt_PT\" \/>\n<meta property=\"og:type\" content=\"article\" \/>\n<meta property=\"og:title\" content=\"A Comarca - Tribunal Judicial da Comarca de Set\u00fabal\" \/>\n<meta property=\"og:description\" content=\"Tribunal Judicial da Comarca de Set\u00fabal O Tribunal Judicial da Comarca de Set\u00fabal est\u00e1 integrada na divis\u00e3o Judici\u00e1ria de Portugal. Tem a sua sede em Set\u00fabal. Integram o Tribunal Judicial da Comarca de Set\u00fabal os seguintes Munic\u00edpios: Alc\u00e1cer do Sal Gr\u00e2ndola Palmela Santiago do Cac\u00e9m Sesimbra Set\u00fabal Sines A Comarca de Set\u00fabal est\u00e1 integrada na...\" \/>\n<meta property=\"og:url\" content=\"https:\/\/comarcas.csm.org.pt\/setubal\/acomarca\/\" \/>\n<meta property=\"og:site_name\" content=\"Tribunal Judicial da Comarca de Set\u00fabal\" \/>\n<meta property=\"article:modified_time\" content=\"2025-06-18T09:13:41+00:00\" \/>\n<meta property=\"og:image\" content=\"https:\/\/comarcas.csm.org.pt\/setubal\/wp-content\/uploads\/2024\/09\/setubal_juizos.jpg\" \/>\n<meta name=\"twitter:card\" content=\"summary_large_image\" \/>\n<meta name=\"twitter:label1\" content=\"Tempo estimado de leitura\" \/>\n\t<meta name=\"twitter:data1\" content=\"1 minuto\" \/>\n<script type=\"application\/ld+json\" class=\"yoast-schema-graph\">{\"@context\":\"https:\/\/schema.org\",\"@graph\":[{\"@type\":\"WebPage\",\"@id\":\"https:\/\/comarcas.csm.org.pt\/setubal\/acomarca\/\",\"url\":\"https:\/\/comarcas.csm.org.pt\/setubal\/acomarca\/\",\"name\":\"A Comarca - Tribunal Judicial da Comarca de Set\u00fabal\",\"isPartOf\":{\"@id\":\"https:\/\/comarcas.csm.org.pt\/setubal\/#website\"},\"primaryImageOfPage\":{\"@id\":\"https:\/\/comarcas.csm.org.pt\/setubal\/acomarca\/#primaryimage\"},\"image\":{\"@id\":\"https:\/\/comarcas.csm.org.pt\/setubal\/acomarca\/#primaryimage\"},\"thumbnailUrl\":\"https:\/\/comarcas.csm.org.pt\/setubal\/wp-content\/uploads\/2024\/09\/setubal_juizos.jpg\",\"datePublished\":\"2021-10-25T11:40:43+00:00\",\"dateModified\":\"2025-06-18T09:13:41+00:00\",\"breadcrumb\":{\"@id\":\"https:\/\/comarcas.csm.org.pt\/setubal\/acomarca\/#breadcrumb\"},\"inLanguage\":\"pt-PT\",\"potentialAction\":[{\"@type\":\"ReadAction\",\"target\":[\"https:\/\/comarcas.csm.org.pt\/setubal\/acomarca\/\"]}]},{\"@type\":\"ImageObject\",\"inLanguage\":\"pt-PT\",\"@id\":\"https:\/\/comarcas.csm.org.pt\/setubal\/acomarca\/#primaryimage\",\"url\":\"https:\/\/comarcas.csm.org.pt\/setubal\/wp-content\/uploads\/2024\/09\/setubal_juizos.jpg\",\"contentUrl\":\"https:\/\/comarcas.csm.org.pt\/setubal\/wp-content\/uploads\/2024\/09\/setubal_juizos.jpg\"},{\"@type\":\"BreadcrumbList\",\"@id\":\"https:\/\/comarcas.csm.org.pt\/setubal\/acomarca\/#breadcrumb\",\"itemListElement\":[{\"@type\":\"ListItem\",\"position\":1,\"name\":\"In\u00edcio\",\"item\":\"https:\/\/comarcas.csm.org.pt\/setubal\/\"},{\"@type\":\"ListItem\",\"position\":2,\"name\":\"A Comarca\"}]},{\"@type\":\"WebSite\",\"@id\":\"https:\/\/comarcas.csm.org.pt\/setubal\/#website\",\"url\":\"https:\/\/comarcas.csm.org.pt\/setubal\/\",\"name\":\"Tribunal Judicial da Comarca de Set\u00fabal\",\"description\":\"Tribunal Judicial da Comarca de Set\u00fabal\",\"publisher\":{\"@id\":\"https:\/\/comarcas.csm.org.pt\/setubal\/#organization\"},\"potentialAction\":[{\"@type\":\"SearchAction\",\"target\":{\"@type\":\"EntryPoint\",\"urlTemplate\":\"https:\/\/comarcas.csm.org.pt\/setubal\/?s={search_term_string}\"},\"query-input\":{\"@type\":\"PropertyValueSpecification\",\"valueRequired\":true,\"valueName\":\"search_term_string\"}}],\"inLanguage\":\"pt-PT\"},{\"@type\":\"Organization\",\"@id\":\"https:\/\/comarcas.csm.org.pt\/setubal\/#organization\",\"name\":\"Tribunal Judicial da Comarca de Set\u00fabal\",\"url\":\"https:\/\/comarcas.csm.org.pt\/setubal\/\",\"logo\":{\"@type\":\"ImageObject\",\"inLanguage\":\"pt-PT\",\"@id\":\"https:\/\/comarcas.csm.org.pt\/setubal\/#\/schema\/logo\/image\/\",\"url\":\"https:\/\/comarcas.csm.org.pt\/setubal\/wp-content\/uploads\/sites\/7\/2024\/09\/cropped-Logotipo-Comarca-Setubal-Horizontal.png\",\"contentUrl\":\"https:\/\/comarcas.csm.org.pt\/setubal\/wp-content\/uploads\/sites\/7\/2024\/09\/cropped-Logotipo-Comarca-Setubal-Horizontal.png\",\"width\":4434,\"height\":1102,\"caption\":\"Tribunal Judicial da Comarca de Set\u00fabal\"},\"image\":{\"@id\":\"https:\/\/comarcas.csm.org.pt\/setubal\/#\/schema\/logo\/image\/\"}}]}<\/script>\n<!-- \/ Yoast SEO plugin. -->","yoast_head_json":{"title":"A Comarca - Tribunal Judicial da Comarca de Set\u00fabal","robots":{"index":"index","follow":"follow","max-snippet":"max-snippet:-1","max-image-preview":"max-image-preview:large","max-video-preview":"max-video-preview:-1"},"canonical":"https:\/\/comarcas.csm.org.pt\/setubal\/acomarca\/","og_locale":"pt_PT","og_type":"article","og_title":"A Comarca - Tribunal Judicial da Comarca de Set\u00fabal","og_description":"Tribunal Judicial da Comarca de Set\u00fabal O Tribunal Judicial da Comarca de Set\u00fabal est\u00e1 integrada na divis\u00e3o Judici\u00e1ria de Portugal. Tem a sua sede em Set\u00fabal. Integram o Tribunal Judicial da Comarca de Set\u00fabal os seguintes Munic\u00edpios: Alc\u00e1cer do Sal Gr\u00e2ndola Palmela Santiago do Cac\u00e9m Sesimbra Set\u00fabal Sines A Comarca de Set\u00fabal est\u00e1 integrada na...","og_url":"https:\/\/comarcas.csm.org.pt\/setubal\/acomarca\/","og_site_name":"Tribunal Judicial da Comarca de Set\u00fabal","article_modified_time":"2025-06-18T09:13:41+00:00","og_image":[{"url":"https:\/\/comarcas.csm.org.pt\/setubal\/wp-content\/uploads\/2024\/09\/setubal_juizos.jpg","type":"","width":"","height":""}],"twitter_card":"summary_large_image","twitter_misc":{"Tempo estimado de leitura":"1 minuto"},"schema":{"@context":"https:\/\/schema.org","@graph":[{"@type":"WebPage","@id":"https:\/\/comarcas.csm.org.pt\/setubal\/acomarca\/","url":"https:\/\/comarcas.csm.org.pt\/setubal\/acomarca\/","name":"A Comarca - Tribunal Judicial da Comarca de Set\u00fabal","isPartOf":{"@id":"https:\/\/comarcas.csm.org.pt\/setubal\/#website"},"primaryImageOfPage":{"@id":"https:\/\/comarcas.csm.org.pt\/setubal\/acomarca\/#primaryimage"},"image":{"@id":"https:\/\/comarcas.csm.org.pt\/setubal\/acomarca\/#primaryimage"},"thumbnailUrl":"https:\/\/comarcas.csm.org.pt\/setubal\/wp-content\/uploads\/2024\/09\/setubal_juizos.jpg","datePublished":"2021-10-25T11:40:43+00:00","dateModified":"2025-06-18T09:13:41+00:00","breadcrumb":{"@id":"https:\/\/comarcas.csm.org.pt\/setubal\/acomarca\/#breadcrumb"},"inLanguage":"pt-PT","potentialAction":[{"@type":"ReadAction","target":["https:\/\/comarcas.csm.org.pt\/setubal\/acomarca\/"]}]},{"@type":"ImageObject","inLanguage":"pt-PT","@id":"https:\/\/comarcas.csm.org.pt\/setubal\/acomarca\/#primaryimage","url":"https:\/\/comarcas.csm.org.pt\/setubal\/wp-content\/uploads\/2024\/09\/setubal_juizos.jpg","contentUrl":"https:\/\/comarcas.csm.org.pt\/setubal\/wp-content\/uploads\/2024\/09\/setubal_juizos.jpg"},{"@type":"BreadcrumbList","@id":"https:\/\/comarcas.csm.org.pt\/setubal\/acomarca\/#breadcrumb","itemListElement":[{"@type":"ListItem","position":1,"name":"In\u00edcio","item":"https:\/\/comarcas.csm.org.pt\/setubal\/"},{"@type":"ListItem","position":2,"name":"A Comarca"}]},{"@type":"WebSite","@id":"https:\/\/comarcas.csm.org.pt\/setubal\/#website","url":"https:\/\/comarcas.csm.org.pt\/setubal\/","name":"Tribunal Judicial da Comarca de Set\u00fabal","description":"Tribunal Judicial da Comarca de Set\u00fabal","publisher":{"@id":"https:\/\/comarcas.csm.org.pt\/setubal\/#organization"},"potentialAction":[{"@type":"SearchAction","target":{"@type":"EntryPoint","urlTemplate":"https:\/\/comarcas.csm.org.pt\/setubal\/?s={search_term_string}"},"query-input":{"@type":"PropertyValueSpecification","valueRequired":true,"valueName":"search_term_string"}}],"inLanguage":"pt-PT"},{"@type":"Organization","@id":"https:\/\/comarcas.csm.org.pt\/setubal\/#organization","name":"Tribunal Judicial da Comarca de Set\u00fabal","url":"https:\/\/comarcas.csm.org.pt\/setubal\/","logo":{"@type":"ImageObject","inLanguage":"pt-PT","@id":"https:\/\/comarcas.csm.org.pt\/setubal\/#\/schema\/logo\/image\/","url":"https:\/\/comarcas.csm.org.pt\/setubal\/wp-content\/uploads\/sites\/7\/2024\/09\/cropped-Logotipo-Comarca-Setubal-Horizontal.png","contentUrl":"https:\/\/comarcas.csm.org.pt\/setubal\/wp-content\/uploads\/sites\/7\/2024\/09\/cropped-Logotipo-Comarca-Setubal-Horizontal.png","width":4434,"height":1102,"caption":"Tribunal Judicial da Comarca de Set\u00fabal"},"image":{"@id":"https:\/\/comarcas.csm.org.pt\/setubal\/#\/schema\/logo\/image\/"}}]}},"_links":{"self":[{"href":"https:\/\/comarcas.csm.org.pt\/setubal\/wp-json\/wp\/v2\/pages\/2242","targetHints":{"allow":["GET"]}}],"collection":[{"href":"https:\/\/comarcas.csm.org.pt\/setubal\/wp-json\/wp\/v2\/pages"}],"about":[{"href":"https:\/\/comarcas.csm.org.pt\/setubal\/wp-json\/wp\/v2\/types\/page"}],"author":[{"embeddable":true,"href":"https:\/\/comarcas.csm.org.pt\/setubal\/wp-json\/wp\/v2\/users\/1"}],"replies":[{"embeddable":true,"href":"https:\/\/comarcas.csm.org.pt\/setubal\/wp-json\/wp\/v2\/comments?post=2242"}],"version-history":[{"count":4,"href":"https:\/\/comarcas.csm.org.pt\/setubal\/wp-json\/wp\/v2\/pages\/2242\/revisions"}],"predecessor-version":[{"id":12940,"href":"https:\/\/comarcas.csm.org.pt\/setubal\/wp-json\/wp\/v2\/pages\/2242\/revisions\/12940"}],"wp:attachment":[{"href":"https:\/\/comarcas.csm.org.pt\/setubal\/wp-json\/wp\/v2\/media?parent=2242"}],"curies":[{"name":"wp","href":"https:\/\/api.w.org\/{rel}","templated":true}]}}