{"id":12338,"date":"2025-07-09T10:43:36","date_gmt":"2025-07-09T10:43:36","guid":{"rendered":"https:\/\/comarcas.csm.org.pt\/vila-real\/?page_id=12338"},"modified":"2025-12-19T14:26:58","modified_gmt":"2025-12-19T14:26:58","slug":"boticas","status":"publish","type":"page","link":"https:\/\/comarcas.csm.org.pt\/vila-real\/acomarca\/juizos\/boticas\/","title":{"rendered":"Boticas"},"content":{"rendered":"\t\t<div data-elementor-type=\"wp-page\" data-elementor-id=\"12338\" class=\"elementor elementor-12338\" data-elementor-post-type=\"page\">\n\t\t\t\t<div class=\"elementor-element elementor-element-8e7b53d e-flex e-con-boxed e-con e-parent\" data-id=\"8e7b53d\" data-element_type=\"container\">\n\t\t\t\t\t<div class=\"e-con-inner\">\n\t\t\t\t<div class=\"elementor-element elementor-element-a498782 elementor-widget elementor-widget-spacer\" data-id=\"a498782\" data-element_type=\"widget\" data-widget_type=\"spacer.default\">\n\t\t\t\t<div class=\"elementor-widget-container\">\n\t\t\t\t\t\t\t<div class=\"elementor-spacer\">\n\t\t\t<div class=\"elementor-spacer-inner\"><\/div>\n\t\t<\/div>\n\t\t\t\t\t\t<\/div>\n\t\t\t\t<\/div>\n\t\t\t\t\t<\/div>\n\t\t\t\t<\/div>\n\t\t<div class=\"elementor-element elementor-element-68bd15a e-flex e-con-boxed e-con e-parent\" data-id=\"68bd15a\" data-element_type=\"container\">\n\t\t\t\t\t<div class=\"e-con-inner\">\n\t\t<div class=\"elementor-element elementor-element-3a185af e-con-full e-flex e-con e-child\" data-id=\"3a185af\" data-element_type=\"container\">\n\t\t\t\t<div class=\"elementor-element elementor-element-6d09287 elementor-widget elementor-widget-heading\" data-id=\"6d09287\" data-element_type=\"widget\" data-widget_type=\"heading.default\">\n\t\t\t\t<div class=\"elementor-widget-container\">\n\t\t\t\t\t<h4 class=\"elementor-heading-title elementor-size-default\">Ju\u00edzo de Proximidade de Boticas<\/h4>\t\t\t\t<\/div>\n\t\t\t\t<\/div>\n\t\t\t\t<\/div>\n\t\t<div class=\"elementor-element elementor-element-a1fda1e e-con-full e-flex e-con e-child\" data-id=\"a1fda1e\" data-element_type=\"container\">\n\t\t\t\t<div class=\"elementor-element elementor-element-65ce1d5 elementor-widget elementor-widget-icon-box\" data-id=\"65ce1d5\" data-element_type=\"widget\" data-widget_type=\"icon-box.default\">\n\t\t\t\t<div class=\"elementor-widget-container\">\n\t\t\t\t\t\t\t<div class=\"elementor-icon-box-wrapper\">\n\n\t\t\t\n\t\t\t\t\t\t<div class=\"elementor-icon-box-content\">\n\n\t\t\t\t\t\t\t\t\t<h6 class=\"elementor-icon-box-title\">\n\t\t\t\t\t\t<span  >\n\t\t\t\t\t\t\tCompet\u00eancia Territorial:\t\t\t\t\t\t<\/span>\n\t\t\t\t\t<\/h6>\n\t\t\t\t\n\t\t\t\t\t\t\t\t\t<p class=\"elementor-icon-box-description\">\n\t\t\t\t\t\tMunic\u00edpio de Boticas\n<br>(para os efeitos do n.\u00ba 3 do artigo 82.\u00ba da Lei n.\u00ba 62\/2013) \t\t\t\t\t<\/p>\n\t\t\t\t\n\t\t\t<\/div>\n\t\t\t\n\t\t<\/div>\n\t\t\t\t\t\t<\/div>\n\t\t\t\t<\/div>\n\t\t\t\t<div class=\"elementor-element elementor-element-9b9e38b elementor-widget elementor-widget-icon-box\" data-id=\"9b9e38b\" data-element_type=\"widget\" data-widget_type=\"icon-box.default\">\n\t\t\t\t<div class=\"elementor-widget-container\">\n\t\t\t\t\t\t\t<div class=\"elementor-icon-box-wrapper\">\n\n\t\t\t\n\t\t\t\t\t\t<div class=\"elementor-icon-box-content\">\n\n\t\t\t\t\t\t\t\t\t<h6 class=\"elementor-icon-box-title\">\n\t\t\t\t\t\t<span  >\n\t\t\t\t\t\t\tMorada:\t\t\t\t\t\t<\/span>\n\t\t\t\t\t<\/h6>\n\t\t\t\t\n\t\t\t\t\t\t\t\t\t<p class=\"elementor-icon-box-description\">\n\t\t\t\t\t\tRua 5 de Outubro\n  <br>5460-304 Boticas\t\t\t\t\t<\/p>\n\t\t\t\t\n\t\t\t<\/div>\n\t\t\t\n\t\t<\/div>\n\t\t\t\t\t\t<\/div>\n\t\t\t\t<\/div>\n\t\t\t\t<div class=\"elementor-element elementor-element-3186f19 elementor-widget elementor-widget-icon-box\" data-id=\"3186f19\" data-element_type=\"widget\" data-widget_type=\"icon-box.default\">\n\t\t\t\t<div class=\"elementor-widget-container\">\n\t\t\t\t\t\t\t<div class=\"elementor-icon-box-wrapper\">\n\n\t\t\t\n\t\t\t\t\t\t<div class=\"elementor-icon-box-content\">\n\n\t\t\t\t\t\t\t\t\t<h6 class=\"elementor-icon-box-title\">\n\t\t\t\t\t\t<span  >\n\t\t\t\t\t\t\tContactos:\t\t\t\t\t\t<\/span>\n\t\t\t\t\t<\/h6>\n\t\t\t\t\n\t\t\t\t\t\t\t\t\t<p class=\"elementor-icon-box-description\">\n\t\t\t\t\t\t<b>Telefone:<\/b> 276095600\n<br>\n<b>Fax:<\/b>276095604\n<br>\n<b>Email:<\/b> boticas@tribunais.org.pt\t\t\t\t\t<\/p>\n\t\t\t\t\n\t\t\t<\/div>\n\t\t\t\n\t\t<\/div>\n\t\t\t\t\t\t<\/div>\n\t\t\t\t<\/div>\n\t\t\t\t<\/div>\n\t\t<div class=\"elementor-element elementor-element-06b9475 e-con-full e-flex e-con e-child\" data-id=\"06b9475\" data-element_type=\"container\">\n\t\t\t\t<div class=\"elementor-element elementor-element-fecaa39 elementor-widget elementor-widget-google_maps\" data-id=\"fecaa39\" data-element_type=\"widget\" data-widget_type=\"google_maps.default\">\n\t\t\t\t<div class=\"elementor-widget-container\">\n\t\t\t\t\t\t\t<div class=\"elementor-custom-embed\">\n\t\t\t<iframe loading=\"lazy\"\n\t\t\t\t\tsrc=\"https:\/\/www.google.com\/maps\/embed\/v1\/place?key=AIzaSyDhSoLeftGxfg7Tvco7SEUCY-Cc_XLDY3c&#038;q=tribunal%20de%20boticas&#038;zoom=15\"\n\t\t\t\t\ttitle=\"tribunal de boticas\"\n\t\t\t\t\taria-label=\"tribunal de boticas\"\n\t\t\t><\/iframe>\n\t\t<\/div>\n\t\t\t\t\t\t<\/div>\n\t\t\t\t<\/div>\n\t\t\t\t<\/div>\n\t\t\t\t\t<\/div>\n\t\t\t\t<\/div>\n\t\t<div class=\"elementor-element elementor-element-84c2d58 e-flex e-con-boxed e-con e-parent\" data-id=\"84c2d58\" data-element_type=\"container\">\n\t\t\t\t\t<div class=\"e-con-inner\">\n\t\t\t\t<div class=\"elementor-element elementor-element-32f36c2 elementor-widget elementor-widget-spacer\" data-id=\"32f36c2\" data-element_type=\"widget\" data-widget_type=\"spacer.default\">\n\t\t\t\t<div class=\"elementor-widget-container\">\n\t\t\t\t\t\t\t<div class=\"elementor-spacer\">\n\t\t\t<div class=\"elementor-spacer-inner\"><\/div>\n\t\t<\/div>\n\t\t\t\t\t\t<\/div>\n\t\t\t\t<\/div>\n\t\t\t\t\t<\/div>\n\t\t\t\t<\/div>\n\t\t\t\t<\/div>\n\t\t","protected":false},"excerpt":{"rendered":"<p>Ju\u00edzo de Proximidade de Boticas Compet\u00eancia Territorial: Munic\u00edpio de Boticas (para os efeitos do n.\u00ba 3 do artigo 82.\u00ba da Lei n.\u00ba 62\/2013) Morada: Rua 5 de Outubro 5460-304 Boticas Contactos: Telefone: 276095600 Fax:276095604 Email: boticas@tribunais.org.pt<\/p>\n","protected":false},"author":2,"featured_media":0,"parent":11069,"menu_order":0,"comment_status":"closed","ping_status":"closed","template":"","meta":{"_tbt_post_transparent":"","_tbt_post_title":"","_tbt_post_layout":"default","_tbt_post_sidebar_id":"","_tbt_post_content_style":"","_tbt_post_vertical_padding":"","_tbt_post_feature":"","_tbt_post_feature_position":"","_tbt_post_header":false,"_tbt_post_footer":false},"class_list":["post-12338","page","type-page","status-publish","hentry"],"yoast_head":"<!-- This site is optimized with the Yoast SEO plugin v25.6 - https:\/\/yoast.com\/wordpress\/plugins\/seo\/ -->\n<title>Boticas - Tribunal Judicial da Comarca de Vila Real<\/title>\n<meta name=\"robots\" content=\"index, follow, max-snippet:-1, max-image-preview:large, max-video-preview:-1\" \/>\n<link rel=\"canonical\" href=\"https:\/\/comarcas.csm.org.pt\/vila-real\/acomarca\/juizos\/boticas\/\" \/>\n<meta property=\"og:locale\" content=\"pt_PT\" \/>\n<meta property=\"og:type\" content=\"article\" \/>\n<meta property=\"og:title\" content=\"Boticas - Tribunal Judicial da Comarca de Vila Real\" \/>\n<meta property=\"og:description\" content=\"Ju\u00edzo de Proximidade de Boticas Compet\u00eancia Territorial: Munic\u00edpio de Boticas (para os efeitos do n.\u00ba 3 do artigo 82.\u00ba da Lei n.\u00ba 62\/2013) Morada: Rua 5 de Outubro 5460-304 Boticas Contactos: Telefone: 276095600 Fax:276095604 Email: boticas@tribunais.org.pt\" \/>\n<meta property=\"og:url\" content=\"https:\/\/comarcas.csm.org.pt\/vila-real\/acomarca\/juizos\/boticas\/\" \/>\n<meta property=\"og:site_name\" content=\"Tribunal Judicial da Comarca de Vila Real\" \/>\n<meta property=\"article:modified_time\" content=\"2025-12-19T14:26:58+00:00\" \/>\n<meta name=\"twitter:card\" content=\"summary_large_image\" \/>\n<meta name=\"twitter:label1\" content=\"Tempo estimado de leitura\" \/>\n\t<meta name=\"twitter:data1\" content=\"1 minuto\" \/>\n<script type=\"application\/ld+json\" class=\"yoast-schema-graph\">{\"@context\":\"https:\/\/schema.org\",\"@graph\":[{\"@type\":\"WebPage\",\"@id\":\"https:\/\/comarcas.csm.org.pt\/vila-real\/acomarca\/juizos\/boticas\/\",\"url\":\"https:\/\/comarcas.csm.org.pt\/vila-real\/acomarca\/juizos\/boticas\/\",\"name\":\"Boticas - Tribunal Judicial da Comarca de Vila Real\",\"isPartOf\":{\"@id\":\"https:\/\/comarcas.csm.org.pt\/vila-real\/#website\"},\"datePublished\":\"2025-07-09T10:43:36+00:00\",\"dateModified\":\"2025-12-19T14:26:58+00:00\",\"breadcrumb\":{\"@id\":\"https:\/\/comarcas.csm.org.pt\/vila-real\/acomarca\/juizos\/boticas\/#breadcrumb\"},\"inLanguage\":\"pt-PT\",\"potentialAction\":[{\"@type\":\"ReadAction\",\"target\":[\"https:\/\/comarcas.csm.org.pt\/vila-real\/acomarca\/juizos\/boticas\/\"]}]},{\"@type\":\"BreadcrumbList\",\"@id\":\"https:\/\/comarcas.csm.org.pt\/vila-real\/acomarca\/juizos\/boticas\/#breadcrumb\",\"itemListElement\":[{\"@type\":\"ListItem\",\"position\":1,\"name\":\"In\u00edcio\",\"item\":\"https:\/\/comarcas.csm.org.pt\/vila-real\/\"},{\"@type\":\"ListItem\",\"position\":2,\"name\":\"A Comarca\",\"item\":\"https:\/\/comarcas.csm.org.pt\/vila-real\/acomarca\/\"},{\"@type\":\"ListItem\",\"position\":3,\"name\":\"Ju\u00edzos\",\"item\":\"https:\/\/comarcas.csm.org.pt\/vila-real\/acomarca\/juizos\/\"},{\"@type\":\"ListItem\",\"position\":4,\"name\":\"Boticas\"}]},{\"@type\":\"WebSite\",\"@id\":\"https:\/\/comarcas.csm.org.pt\/vila-real\/#website\",\"url\":\"https:\/\/comarcas.csm.org.pt\/vila-real\/\",\"name\":\"Tribunal Judicial da Comarca de Vila Real\",\"description\":\"Tribunal Judicial da Comarca de Vila Real\",\"publisher\":{\"@id\":\"https:\/\/comarcas.csm.org.pt\/vila-real\/#organization\"},\"potentialAction\":[{\"@type\":\"SearchAction\",\"target\":{\"@type\":\"EntryPoint\",\"urlTemplate\":\"https:\/\/comarcas.csm.org.pt\/vila-real\/?s={search_term_string}\"},\"query-input\":{\"@type\":\"PropertyValueSpecification\",\"valueRequired\":true,\"valueName\":\"search_term_string\"}}],\"inLanguage\":\"pt-PT\"},{\"@type\":\"Organization\",\"@id\":\"https:\/\/comarcas.csm.org.pt\/vila-real\/#organization\",\"name\":\"Tribunal Judicial da Comarca de Vila Real\",\"url\":\"https:\/\/comarcas.csm.org.pt\/vila-real\/\",\"logo\":{\"@type\":\"ImageObject\",\"inLanguage\":\"pt-PT\",\"@id\":\"https:\/\/comarcas.csm.org.pt\/vila-real\/#\/schema\/logo\/image\/\",\"url\":\"https:\/\/comarcas.csm.org.pt\/vila-real\/wp-content\/uploads\/sites\/26\/2024\/11\/cropped-V.-Real_positivo-horizontal-scaled.png\",\"contentUrl\":\"https:\/\/comarcas.csm.org.pt\/vila-real\/wp-content\/uploads\/sites\/26\/2024\/11\/cropped-V.-Real_positivo-horizontal-scaled.png\",\"width\":2560,\"height\":583,\"caption\":\"Tribunal Judicial da Comarca de Vila Real\"},\"image\":{\"@id\":\"https:\/\/comarcas.csm.org.pt\/vila-real\/#\/schema\/logo\/image\/\"}}]}<\/script>\n<!-- \/ Yoast SEO plugin. -->","yoast_head_json":{"title":"Boticas - Tribunal Judicial da Comarca de Vila Real","robots":{"index":"index","follow":"follow","max-snippet":"max-snippet:-1","max-image-preview":"max-image-preview:large","max-video-preview":"max-video-preview:-1"},"canonical":"https:\/\/comarcas.csm.org.pt\/vila-real\/acomarca\/juizos\/boticas\/","og_locale":"pt_PT","og_type":"article","og_title":"Boticas - Tribunal Judicial da Comarca de Vila Real","og_description":"Ju\u00edzo de Proximidade de Boticas Compet\u00eancia Territorial: Munic\u00edpio de Boticas (para os efeitos do n.\u00ba 3 do artigo 82.\u00ba da Lei n.\u00ba 62\/2013) Morada: Rua 5 de Outubro 5460-304 Boticas Contactos: Telefone: 276095600 Fax:276095604 Email: boticas@tribunais.org.pt","og_url":"https:\/\/comarcas.csm.org.pt\/vila-real\/acomarca\/juizos\/boticas\/","og_site_name":"Tribunal Judicial da Comarca de Vila Real","article_modified_time":"2025-12-19T14:26:58+00:00","twitter_card":"summary_large_image","twitter_misc":{"Tempo estimado de leitura":"1 minuto"},"schema":{"@context":"https:\/\/schema.org","@graph":[{"@type":"WebPage","@id":"https:\/\/comarcas.csm.org.pt\/vila-real\/acomarca\/juizos\/boticas\/","url":"https:\/\/comarcas.csm.org.pt\/vila-real\/acomarca\/juizos\/boticas\/","name":"Boticas - Tribunal Judicial da Comarca de Vila Real","isPartOf":{"@id":"https:\/\/comarcas.csm.org.pt\/vila-real\/#website"},"datePublished":"2025-07-09T10:43:36+00:00","dateModified":"2025-12-19T14:26:58+00:00","breadcrumb":{"@id":"https:\/\/comarcas.csm.org.pt\/vila-real\/acomarca\/juizos\/boticas\/#breadcrumb"},"inLanguage":"pt-PT","potentialAction":[{"@type":"ReadAction","target":["https:\/\/comarcas.csm.org.pt\/vila-real\/acomarca\/juizos\/boticas\/"]}]},{"@type":"BreadcrumbList","@id":"https:\/\/comarcas.csm.org.pt\/vila-real\/acomarca\/juizos\/boticas\/#breadcrumb","itemListElement":[{"@type":"ListItem","position":1,"name":"In\u00edcio","item":"https:\/\/comarcas.csm.org.pt\/vila-real\/"},{"@type":"ListItem","position":2,"name":"A Comarca","item":"https:\/\/comarcas.csm.org.pt\/vila-real\/acomarca\/"},{"@type":"ListItem","position":3,"name":"Ju\u00edzos","item":"https:\/\/comarcas.csm.org.pt\/vila-real\/acomarca\/juizos\/"},{"@type":"ListItem","position":4,"name":"Boticas"}]},{"@type":"WebSite","@id":"https:\/\/comarcas.csm.org.pt\/vila-real\/#website","url":"https:\/\/comarcas.csm.org.pt\/vila-real\/","name":"Tribunal Judicial da Comarca de Vila Real","description":"Tribunal Judicial da Comarca de Vila Real","publisher":{"@id":"https:\/\/comarcas.csm.org.pt\/vila-real\/#organization"},"potentialAction":[{"@type":"SearchAction","target":{"@type":"EntryPoint","urlTemplate":"https:\/\/comarcas.csm.org.pt\/vila-real\/?s={search_term_string}"},"query-input":{"@type":"PropertyValueSpecification","valueRequired":true,"valueName":"search_term_string"}}],"inLanguage":"pt-PT"},{"@type":"Organization","@id":"https:\/\/comarcas.csm.org.pt\/vila-real\/#organization","name":"Tribunal Judicial da Comarca de Vila Real","url":"https:\/\/comarcas.csm.org.pt\/vila-real\/","logo":{"@type":"ImageObject","inLanguage":"pt-PT","@id":"https:\/\/comarcas.csm.org.pt\/vila-real\/#\/schema\/logo\/image\/","url":"https:\/\/comarcas.csm.org.pt\/vila-real\/wp-content\/uploads\/sites\/26\/2024\/11\/cropped-V.-Real_positivo-horizontal-scaled.png","contentUrl":"https:\/\/comarcas.csm.org.pt\/vila-real\/wp-content\/uploads\/sites\/26\/2024\/11\/cropped-V.-Real_positivo-horizontal-scaled.png","width":2560,"height":583,"caption":"Tribunal Judicial da Comarca de Vila Real"},"image":{"@id":"https:\/\/comarcas.csm.org.pt\/vila-real\/#\/schema\/logo\/image\/"}}]}},"_links":{"self":[{"href":"https:\/\/comarcas.csm.org.pt\/vila-real\/wp-json\/wp\/v2\/pages\/12338","targetHints":{"allow":["GET"]}}],"collection":[{"href":"https:\/\/comarcas.csm.org.pt\/vila-real\/wp-json\/wp\/v2\/pages"}],"about":[{"href":"https:\/\/comarcas.csm.org.pt\/vila-real\/wp-json\/wp\/v2\/types\/page"}],"author":[{"embeddable":true,"href":"https:\/\/comarcas.csm.org.pt\/vila-real\/wp-json\/wp\/v2\/users\/2"}],"replies":[{"embeddable":true,"href":"https:\/\/comarcas.csm.org.pt\/vila-real\/wp-json\/wp\/v2\/comments?post=12338"}],"version-history":[{"count":13,"href":"https:\/\/comarcas.csm.org.pt\/vila-real\/wp-json\/wp\/v2\/pages\/12338\/revisions"}],"predecessor-version":[{"id":12584,"href":"https:\/\/comarcas.csm.org.pt\/vila-real\/wp-json\/wp\/v2\/pages\/12338\/revisions\/12584"}],"up":[{"embeddable":true,"href":"https:\/\/comarcas.csm.org.pt\/vila-real\/wp-json\/wp\/v2\/pages\/11069"}],"wp:attachment":[{"href":"https:\/\/comarcas.csm.org.pt\/vila-real\/wp-json\/wp\/v2\/media?parent=12338"}],"curies":[{"name":"wp","href":"https:\/\/api.w.org\/{rel}","templated":true}]}}